{"id":7128,"date":"2022-06-07T07:32:01","date_gmt":"2022-07-28T03:44:01","guid":{"rendered":"https:\/\/btektech.com\/product\/sec13-25-dinamik-karistirma-tupu\/"},"modified":"2022-09-27T08:13:48","modified_gmt":"2022-09-27T08:13:48","slug":"sec-13-25-dinamik-karistirma-nozullari","status":"publish","type":"product","link":"https:\/\/btektech.com\/tr\/product\/sec-13-25-dinamik-karistirma-nozullari\/","title":{"rendered":"SEC 13-25 Dinamik Kar\u0131\u015ft\u0131rma Nozullar\u0131"},"content":{"rendered":"<p>SEC13-25 dinamik kar\u0131\u015ft\u0131rma t\u00fcp\u00fc, g\u00fcne\u015f panellerini birbirine ba\u011flayan s\u0131zd\u0131rmazl\u0131k maddelerinin da\u011f\u0131t\u0131m\u0131 i\u00e7in sistem tasar\u0131m\u0131 i\u00e7in bir kar\u0131\u015ft\u0131rma nozulu olarak erken kullan\u0131lm\u0131\u015ft\u0131r. Ayr\u0131ca gaz ve elektronik end\u00fcstrilerinde yayg\u0131n olarak kullan\u0131lmaktad\u0131r.<\/p>\n<p>Btektech taraf\u0131ndan \u00fcretilen SEC13-25 dinamik kar\u0131\u015ft\u0131rma borusu, korozyon direnci, dayan\u0131kl\u0131l\u0131k ve homojen kar\u0131\u015ft\u0131rma \u00f6zelliklerine sahiptir. Statik kar\u0131\u015ft\u0131rma nozulu ile kar\u015f\u0131la\u015ft\u0131r\u0131ld\u0131\u011f\u0131nda, dinamik kar\u0131\u015ft\u0131rma borusu, borudaki elemanlar\u0131n h\u0131zl\u0131 bir \u015fekilde d\u00f6nebilmesi i\u00e7in tasarlanm\u0131\u015ft\u0131r. Eleman\u0131n d\u00f6n\u00fc\u015f\u00fc, e\u015fle\u015fen bir motor ve tutkal valfi ile g\u00fc\u00e7lendirilmi\u015ftir. Dinamik kar\u0131\u015ft\u0131rma borusu, \u00e7ok \u00e7e\u015fitli e\u015fitsizliklere sahip iki bile\u015fenli s\u0131v\u0131lar veya k\u00f6p\u00fck s\u0131v\u0131lar i\u00e7in uygundur. \u0130ki bile\u015fenden olu\u015fan geni\u015f bir orana ve b\u00fcy\u00fck bir viskozite fark\u0131na sahip s\u0131v\u0131lar\u0131n kar\u0131\u015ft\u0131rma etkisi i\u00e7in \u00e7ok uygundur.<\/p>\n<p>SEC13-25 kar\u0131\u015ft\u0131rma t\u00fcp\u00fc, s\u0131v\u0131 kar\u0131\u015ft\u0131rmay\u0131 daha d\u00fczg\u00fcn hale getirmek i\u00e7in eleman\u0131n ortas\u0131nda i\u00e7i bo\u015f bir d\u00fc\u011f\u00fcm ile tasarlanm\u0131\u015ft\u0131r. T\u00fcm i\u00e7 \u00e7ekirde\u011fi toplam 24 elemente sahiptir.<br \/>\nSEC13-25 kar\u0131\u015ft\u0131rma borusunun \u00e7\u0131k\u0131\u015f\u0131 bir di\u015f tasar\u0131m\u0131na sahiptir, b\u00f6ylece adapt\u00f6r\u00fc yerle\u015ftirdikten sonra, kar\u0131\u015ft\u0131rma nozulu \u00e7e\u015fitli da\u011f\u0131t\u0131m u\u00e7lar\u0131yla ba\u011flanabilir. Sa\u011flam ba\u011flant\u0131, d\u00fc\u015fmesi kolay olmayan ve damlamadan p\u00fcr\u00fczs\u00fcz tutkal da\u011f\u0131t\u0131m\u0131 \u00f6zelliklerine sahiptir.<br \/>\nSEC13-25 dinamik kar\u0131\u015ft\u0131rma borusu veri sayfas\u0131 a\u015fa\u011f\u0131daki gibidir. Bu \u00fcr\u00fcn ayn\u0131 zamanda Shengpu tutkal da\u011f\u0131t\u0131c\u0131 makine par\u00e7alar\u0131nda yayg\u0131n olarak kullan\u0131lmaktad\u0131r.<\/p>\n<p>Profesyonel bir kar\u0131\u015ft\u0131rma nozulu \u00fcreticisi olarak Btektech, terminal fabrikalar\u0131 ve toptanc\u0131lar i\u00e7in y\u00fcksek kaliteli ve rekabet\u00e7i \u00fcr\u00fcnler sunmaktad\u0131r. SEC13-25 kar\u0131\u015ft\u0131rma t\u00fcplerinin standart paketi 1000 adet \/ kartondur. Kutunun boyutu 58.5 \u00d7 38.5 \u00d7 35&#8217;tir. T\u00fcm kasan\u0131n a\u011f\u0131rl\u0131\u011f\u0131 16KG&#8217;dir. M\u00fc\u015fterilerimize \u00f6zel paketleme hizmetleri sunuyoruz.<\/p>\n","protected":false},"excerpt":{"rendered":"<p>Da\u011f\u0131t\u0131m aksesuarlar\u0131m\u0131z\u0131 test etmeniz i\u00e7in size \u00fccretsiz bir numune paketi g\u00f6ndermekten mutluluk duyar\u0131z.<br \/>\n\u00d6rnek paketlerimiz her ay de\u011fi\u015fir, nakliye i\u00e7in sadece biraz \u00f6deme yapman\u0131z gerekir.<br \/>\nBireysel numune paketleriyle ilgileniyorsan\u0131z (\u00f6zel uygulaman\u0131z i\u00e7in \u00f6rneklerle), l\u00fctfen bunlar\u0131 talep etmekten \u00e7ekinmeyin! Size hizmet vermekten mutluluk duyar\u0131z!<audio style=\"display: none;\" controls=\"controls\"><\/audio><\/p>\n<p><audio style=\"display: none;\" controls=\"controls\"><\/audio><\/p>\n<div id=\"gtx-trans\" style=\"position: absolute; left: 269px; top: 30.5486px;\">\n<div class=\"gtx-trans-icon\"><\/div>\n<\/div>\n<p><audio style=\"display: none;\" controls=\"controls\"><\/audio><\/p>\n<p><audio style=\"display: none;\" controls=\"controls\"><\/audio><\/p>\n<p><audio style=\"display: none;\" controls=\"controls\"><\/audio><\/p>\n","protected":false},"featured_media":21469,"comment_status":"open","ping_status":"closed","template":"","meta":{"_acf_changed":false},"product_brand":[],"product_cat":[163],"product_tag":[],"class_list":{"0":"post-7128","1":"product","2":"type-product","3":"status-publish","4":"has-post-thumbnail","6":"product_cat-dinamik-karistirma-nozullari","8":"first","9":"instock","10":"sold-individually","11":"shipping-taxable","12":"product-type-simple"},"acf":[],"yoast_head":"<!-- This site is optimized with the Yoast SEO plugin v27.5 - https:\/\/yoast.com\/product\/yoast-seo-wordpress\/ -->\n<title>SEC 13-25 Dinamik Kar\u0131\u015ft\u0131rma Nozullar\u0131 - Btektech<\/title>\n<meta name=\"description\" content=\"SEC13-25 dinamik kar\u0131\u015ft\u0131rma t\u00fcp\u00fc, g\u00fcne\u015f panellerini birbirine ba\u011flayan s\u0131zd\u0131rmazl\u0131k maddelerinin da\u011f\u0131t\u0131m\u0131 i\u00e7in sistem tasar\u0131m\u0131 i\u00e7in bir kar\u0131\u015ft\u0131rma nozulu olarak erken kullan\u0131lm\u0131\u015ft\u0131r.\" \/>\n<meta name=\"robots\" content=\"index, follow, max-snippet:-1, max-image-preview:large, max-video-preview:-1\" \/>\n<link rel=\"canonical\" href=\"https:\/\/btektech.com\/tr\/product\/sec-13-25-dinamik-karistirma-nozullari\/\" \/>\n<meta property=\"og:locale\" content=\"tr_TR\" \/>\n<meta property=\"og:type\" content=\"article\" \/>\n<meta property=\"og:title\" content=\"SEC 13-25 Dinamik Kar\u0131\u015ft\u0131rma Nozullar\u0131 - Btektech\" \/>\n<meta property=\"og:description\" content=\"SEC13-25 dinamik kar\u0131\u015ft\u0131rma t\u00fcp\u00fc, g\u00fcne\u015f panellerini birbirine ba\u011flayan s\u0131zd\u0131rmazl\u0131k maddelerinin da\u011f\u0131t\u0131m\u0131 i\u00e7in sistem tasar\u0131m\u0131 i\u00e7in bir kar\u0131\u015ft\u0131rma nozulu olarak erken kullan\u0131lm\u0131\u015ft\u0131r.\" \/>\n<meta property=\"og:url\" content=\"https:\/\/btektech.com\/tr\/product\/sec-13-25-dinamik-karistirma-nozullari\/\" \/>\n<meta property=\"og:site_name\" content=\"Btektech\" \/>\n<meta property=\"article:modified_time\" content=\"2022-09-27T08:13:48+00:00\" \/>\n<meta property=\"og:image\" content=\"https:\/\/btektech.com\/wp-content\/uploads\/2022\/11\/SEC13-25-Dynamic-Epoxy-Mixing-Nozzle-detail.jpg\" \/>\n\t<meta property=\"og:image:width\" content=\"800\" \/>\n\t<meta property=\"og:image:height\" content=\"800\" \/>\n\t<meta property=\"og:image:type\" content=\"image\/jpeg\" \/>\n<meta name=\"twitter:card\" content=\"summary_large_image\" \/>\n<meta name=\"twitter:site\" content=\"@Btektech1\" \/>\n<meta name=\"twitter:label1\" content=\"Tahmini okuma s\u00fcresi\" \/>\n\t<meta name=\"twitter:data1\" content=\"1 dakika\" \/>\n<script type=\"application\/ld+json\" class=\"yoast-schema-graph\">{\"@context\":\"https:\\\/\\\/schema.org\",\"@graph\":[{\"@type\":[\"WebPage\",\"ItemPage\"],\"@id\":\"https:\\\/\\\/btektech.com\\\/tr\\\/product\\\/sec-13-25-dinamik-karistirma-nozullari\\\/\",\"url\":\"https:\\\/\\\/btektech.com\\\/tr\\\/product\\\/sec-13-25-dinamik-karistirma-nozullari\\\/\",\"name\":\"SEC 13-25 Dinamik Kar\u0131\u015ft\u0131rma Nozullar\u0131 - Btektech\",\"isPartOf\":{\"@id\":\"https:\\\/\\\/btektech.com\\\/#website\"},\"primaryImageOfPage\":{\"@id\":\"https:\\\/\\\/btektech.com\\\/tr\\\/product\\\/sec-13-25-dinamik-karistirma-nozullari\\\/#primaryimage\"},\"image\":{\"@id\":\"https:\\\/\\\/btektech.com\\\/tr\\\/product\\\/sec-13-25-dinamik-karistirma-nozullari\\\/#primaryimage\"},\"thumbnailUrl\":\"https:\\\/\\\/btektech.com\\\/wp-content\\\/uploads\\\/2025\\\/12\\\/SEC13-25-1.jpg\",\"datePublished\":\"2022-07-28T03:44:01+00:00\",\"dateModified\":\"2022-09-27T08:13:48+00:00\",\"description\":\"SEC13-25 dinamik kar\u0131\u015ft\u0131rma t\u00fcp\u00fc, g\u00fcne\u015f panellerini birbirine ba\u011flayan s\u0131zd\u0131rmazl\u0131k maddelerinin da\u011f\u0131t\u0131m\u0131 i\u00e7in sistem tasar\u0131m\u0131 i\u00e7in bir kar\u0131\u015ft\u0131rma nozulu olarak erken kullan\u0131lm\u0131\u015ft\u0131r.\",\"breadcrumb\":{\"@id\":\"https:\\\/\\\/btektech.com\\\/tr\\\/product\\\/sec-13-25-dinamik-karistirma-nozullari\\\/#breadcrumb\"},\"inLanguage\":\"tr\",\"potentialAction\":[{\"@type\":\"ReadAction\",\"target\":[\"https:\\\/\\\/btektech.com\\\/tr\\\/product\\\/sec-13-25-dinamik-karistirma-nozullari\\\/\"]}]},{\"@type\":\"ImageObject\",\"inLanguage\":\"tr\",\"@id\":\"https:\\\/\\\/btektech.com\\\/tr\\\/product\\\/sec-13-25-dinamik-karistirma-nozullari\\\/#primaryimage\",\"url\":\"https:\\\/\\\/btektech.com\\\/wp-content\\\/uploads\\\/2025\\\/12\\\/SEC13-25-1.jpg\",\"contentUrl\":\"https:\\\/\\\/btektech.com\\\/wp-content\\\/uploads\\\/2025\\\/12\\\/SEC13-25-1.jpg\",\"width\":800,\"height\":800,\"caption\":\"SEC13-25 Dynamic Mixing Nozzle banner\"},{\"@type\":\"BreadcrumbList\",\"@id\":\"https:\\\/\\\/btektech.com\\\/tr\\\/product\\\/sec-13-25-dinamik-karistirma-nozullari\\\/#breadcrumb\",\"itemListElement\":[{\"@type\":\"ListItem\",\"position\":1,\"name\":\"Home\",\"item\":\"https:\\\/\\\/btektech.com\\\/\"},{\"@type\":\"ListItem\",\"position\":2,\"name\":\"\u00dcr\u00fcnler\",\"item\":\"https:\\\/\\\/btektech.com\\\/tr\\\/shop\\\/\"},{\"@type\":\"ListItem\",\"position\":3,\"name\":\"SEC 13-25 Dinamik Kar\u0131\u015ft\u0131rma Nozullar\u0131\"}]},{\"@type\":\"WebSite\",\"@id\":\"https:\\\/\\\/btektech.com\\\/#website\",\"url\":\"https:\\\/\\\/btektech.com\\\/\",\"name\":\"Btektech\",\"description\":\"\",\"publisher\":{\"@id\":\"https:\\\/\\\/btektech.com\\\/#organization\"},\"potentialAction\":[{\"@type\":\"SearchAction\",\"target\":{\"@type\":\"EntryPoint\",\"urlTemplate\":\"https:\\\/\\\/btektech.com\\\/?s={search_term_string}\"},\"query-input\":{\"@type\":\"PropertyValueSpecification\",\"valueRequired\":true,\"valueName\":\"search_term_string\"}}],\"inLanguage\":\"tr\"},{\"@type\":\"Organization\",\"@id\":\"https:\\\/\\\/btektech.com\\\/#organization\",\"name\":\"Btektech\",\"url\":\"https:\\\/\\\/btektech.com\\\/\",\"logo\":{\"@type\":\"ImageObject\",\"inLanguage\":\"tr\",\"@id\":\"https:\\\/\\\/btektech.com\\\/#\\\/schema\\\/logo\\\/image\\\/\",\"url\":\"https:\\\/\\\/btektech.com\\\/wp-content\\\/uploads\\\/2021\\\/08\\\/btektech-logo.png\",\"contentUrl\":\"https:\\\/\\\/btektech.com\\\/wp-content\\\/uploads\\\/2021\\\/08\\\/btektech-logo.png\",\"width\":250,\"height\":114,\"caption\":\"Btektech\"},\"image\":{\"@id\":\"https:\\\/\\\/btektech.com\\\/#\\\/schema\\\/logo\\\/image\\\/\"},\"sameAs\":[\"https:\\\/\\\/x.com\\\/Btektech1\",\"https:\\\/\\\/www.instagram.com\\\/btektech\\\/\",\"https:\\\/\\\/www.linkedin.com\\\/company\\\/suzhou-baotailong-electronic-materials-co-ltd\\\/\",\"https:\\\/\\\/www.pinterest.com\\\/btektech\\\/_saved\\\/\",\"https:\\\/\\\/www.youtube.com\\\/channel\\\/UCBiw4Bc4CmQDrdo-QqyVTqQ\"]}]}<\/script>\n<!-- \/ Yoast SEO plugin. -->","yoast_head_json":{"title":"SEC 13-25 Dinamik Kar\u0131\u015ft\u0131rma Nozullar\u0131 - Btektech","description":"SEC13-25 dinamik kar\u0131\u015ft\u0131rma t\u00fcp\u00fc, g\u00fcne\u015f panellerini birbirine ba\u011flayan s\u0131zd\u0131rmazl\u0131k maddelerinin da\u011f\u0131t\u0131m\u0131 i\u00e7in sistem tasar\u0131m\u0131 i\u00e7in bir kar\u0131\u015ft\u0131rma nozulu olarak erken kullan\u0131lm\u0131\u015ft\u0131r.","robots":{"index":"index","follow":"follow","max-snippet":"max-snippet:-1","max-image-preview":"max-image-preview:large","max-video-preview":"max-video-preview:-1"},"canonical":"https:\/\/btektech.com\/tr\/product\/sec-13-25-dinamik-karistirma-nozullari\/","og_locale":"tr_TR","og_type":"article","og_title":"SEC 13-25 Dinamik Kar\u0131\u015ft\u0131rma Nozullar\u0131 - Btektech","og_description":"SEC13-25 dinamik kar\u0131\u015ft\u0131rma t\u00fcp\u00fc, g\u00fcne\u015f panellerini birbirine ba\u011flayan s\u0131zd\u0131rmazl\u0131k maddelerinin da\u011f\u0131t\u0131m\u0131 i\u00e7in sistem tasar\u0131m\u0131 i\u00e7in bir kar\u0131\u015ft\u0131rma nozulu olarak erken kullan\u0131lm\u0131\u015ft\u0131r.","og_url":"https:\/\/btektech.com\/tr\/product\/sec-13-25-dinamik-karistirma-nozullari\/","og_site_name":"Btektech","article_modified_time":"2022-09-27T08:13:48+00:00","og_image":[{"width":800,"height":800,"url":"https:\/\/btektech.com\/wp-content\/uploads\/2022\/11\/SEC13-25-Dynamic-Epoxy-Mixing-Nozzle-detail.jpg","type":"image\/jpeg"}],"twitter_card":"summary_large_image","twitter_site":"@Btektech1","twitter_misc":{"Tahmini okuma s\u00fcresi":"1 dakika"},"schema":{"@context":"https:\/\/schema.org","@graph":[{"@type":["WebPage","ItemPage"],"@id":"https:\/\/btektech.com\/tr\/product\/sec-13-25-dinamik-karistirma-nozullari\/","url":"https:\/\/btektech.com\/tr\/product\/sec-13-25-dinamik-karistirma-nozullari\/","name":"SEC 13-25 Dinamik Kar\u0131\u015ft\u0131rma Nozullar\u0131 - Btektech","isPartOf":{"@id":"https:\/\/btektech.com\/#website"},"primaryImageOfPage":{"@id":"https:\/\/btektech.com\/tr\/product\/sec-13-25-dinamik-karistirma-nozullari\/#primaryimage"},"image":{"@id":"https:\/\/btektech.com\/tr\/product\/sec-13-25-dinamik-karistirma-nozullari\/#primaryimage"},"thumbnailUrl":"https:\/\/btektech.com\/wp-content\/uploads\/2025\/12\/SEC13-25-1.jpg","datePublished":"2022-07-28T03:44:01+00:00","dateModified":"2022-09-27T08:13:48+00:00","description":"SEC13-25 dinamik kar\u0131\u015ft\u0131rma t\u00fcp\u00fc, g\u00fcne\u015f panellerini birbirine ba\u011flayan s\u0131zd\u0131rmazl\u0131k maddelerinin da\u011f\u0131t\u0131m\u0131 i\u00e7in sistem tasar\u0131m\u0131 i\u00e7in bir kar\u0131\u015ft\u0131rma nozulu olarak erken kullan\u0131lm\u0131\u015ft\u0131r.","breadcrumb":{"@id":"https:\/\/btektech.com\/tr\/product\/sec-13-25-dinamik-karistirma-nozullari\/#breadcrumb"},"inLanguage":"tr","potentialAction":[{"@type":"ReadAction","target":["https:\/\/btektech.com\/tr\/product\/sec-13-25-dinamik-karistirma-nozullari\/"]}]},{"@type":"ImageObject","inLanguage":"tr","@id":"https:\/\/btektech.com\/tr\/product\/sec-13-25-dinamik-karistirma-nozullari\/#primaryimage","url":"https:\/\/btektech.com\/wp-content\/uploads\/2025\/12\/SEC13-25-1.jpg","contentUrl":"https:\/\/btektech.com\/wp-content\/uploads\/2025\/12\/SEC13-25-1.jpg","width":800,"height":800,"caption":"SEC13-25 Dynamic Mixing Nozzle banner"},{"@type":"BreadcrumbList","@id":"https:\/\/btektech.com\/tr\/product\/sec-13-25-dinamik-karistirma-nozullari\/#breadcrumb","itemListElement":[{"@type":"ListItem","position":1,"name":"Home","item":"https:\/\/btektech.com\/"},{"@type":"ListItem","position":2,"name":"\u00dcr\u00fcnler","item":"https:\/\/btektech.com\/tr\/shop\/"},{"@type":"ListItem","position":3,"name":"SEC 13-25 Dinamik Kar\u0131\u015ft\u0131rma Nozullar\u0131"}]},{"@type":"WebSite","@id":"https:\/\/btektech.com\/#website","url":"https:\/\/btektech.com\/","name":"Btektech","description":"","publisher":{"@id":"https:\/\/btektech.com\/#organization"},"potentialAction":[{"@type":"SearchAction","target":{"@type":"EntryPoint","urlTemplate":"https:\/\/btektech.com\/?s={search_term_string}"},"query-input":{"@type":"PropertyValueSpecification","valueRequired":true,"valueName":"search_term_string"}}],"inLanguage":"tr"},{"@type":"Organization","@id":"https:\/\/btektech.com\/#organization","name":"Btektech","url":"https:\/\/btektech.com\/","logo":{"@type":"ImageObject","inLanguage":"tr","@id":"https:\/\/btektech.com\/#\/schema\/logo\/image\/","url":"https:\/\/btektech.com\/wp-content\/uploads\/2021\/08\/btektech-logo.png","contentUrl":"https:\/\/btektech.com\/wp-content\/uploads\/2021\/08\/btektech-logo.png","width":250,"height":114,"caption":"Btektech"},"image":{"@id":"https:\/\/btektech.com\/#\/schema\/logo\/image\/"},"sameAs":["https:\/\/x.com\/Btektech1","https:\/\/www.instagram.com\/btektech\/","https:\/\/www.linkedin.com\/company\/suzhou-baotailong-electronic-materials-co-ltd\/","https:\/\/www.pinterest.com\/btektech\/_saved\/","https:\/\/www.youtube.com\/channel\/UCBiw4Bc4CmQDrdo-QqyVTqQ"]}]}},"_links":{"self":[{"href":"https:\/\/btektech.com\/tr\/wp-json\/wp\/v2\/product\/7128","targetHints":{"allow":["GET"]}}],"collection":[{"href":"https:\/\/btektech.com\/tr\/wp-json\/wp\/v2\/product"}],"about":[{"href":"https:\/\/btektech.com\/tr\/wp-json\/wp\/v2\/types\/product"}],"replies":[{"embeddable":true,"href":"https:\/\/btektech.com\/tr\/wp-json\/wp\/v2\/comments?post=7128"}],"version-history":[{"count":0,"href":"https:\/\/btektech.com\/tr\/wp-json\/wp\/v2\/product\/7128\/revisions"}],"wp:featuredmedia":[{"embeddable":true,"href":"https:\/\/btektech.com\/tr\/wp-json\/wp\/v2\/media\/21469"}],"wp:attachment":[{"href":"https:\/\/btektech.com\/tr\/wp-json\/wp\/v2\/media?parent=7128"}],"wp:term":[{"taxonomy":"product_brand","embeddable":true,"href":"https:\/\/btektech.com\/tr\/wp-json\/wp\/v2\/product_brand?post=7128"},{"taxonomy":"product_cat","embeddable":true,"href":"https:\/\/btektech.com\/tr\/wp-json\/wp\/v2\/product_cat?post=7128"},{"taxonomy":"product_tag","embeddable":true,"href":"https:\/\/btektech.com\/tr\/wp-json\/wp\/v2\/product_tag?post=7128"}],"curies":[{"name":"wp","href":"https:\/\/api.w.org\/{rel}","templated":true}]}}