{"id":6184,"date":"2022-06-20T03:52:19","date_gmt":"2022-06-20T03:52:19","guid":{"rendered":"https:\/\/btektech.com\/product\/rm13-12sdynamic-mixing-tube\/"},"modified":"2022-09-27T08:10:42","modified_gmt":"2022-09-27T08:10:42","slug":"rm-13-12-dinamik-karistirma-nozullari","status":"publish","type":"product","link":"https:\/\/btektech.com\/tr\/product\/rm-13-12-dinamik-karistirma-nozullari\/","title":{"rendered":"RM 13-12 Dinamik Kar\u0131\u015ft\u0131rma Nozullar\u0131"},"content":{"rendered":"<p><strong>RM 13-12 Dinamik Kar\u0131\u015ft\u0131rma Nozulu:<\/strong><br \/>\nRM 13-12 dinamik kar\u0131\u015ft\u0131rma borusu, 2 bile\u015fenli d\u00fc\u015f\u00fck viskoziteli s\u0131zd\u0131rmazl\u0131k maddelerini ve yap\u0131\u015ft\u0131r\u0131c\u0131lar\u0131 kar\u0131\u015ft\u0131rmak i\u00e7in uygundur. Bu dinamik kar\u0131\u015ft\u0131rma nozulu dahili beyaz bir elemana sahiptir. Polipropilenden \u00fcretilen her ikisi de end\u00fcstriyel s\u0131n\u0131fta, g\u00fcvenli ve silikon i\u00e7ermez. RM 13-12 dinamik kar\u0131\u015ft\u0131rma t\u00fcp\u00fc, t\u00fcm iki bile\u015fenli malzemeler i\u00e7in uygundur. T\u00fcm kar\u0131\u015ft\u0131r\u0131c\u0131lar i\u00e7in metal koruyucu t\u00fcpler \u00f6nerilir. Herhangi bir Luer adapt\u00f6r\u00fc ve herhangi bir Luer kilit ucu ile kullan\u0131labilirler. \u00c7in&#8217;den geliyorlar ve hava ge\u00e7irmez ambalajlar sunuyorlar.<\/p>\n<p style=\"text-align:center;\">\n<img decoding=\"async\" src=\"https:\/\/btektech.com\/wp-content\/uploads\/2021\/08\/%E9%9D%99%E6%80%81-300x70.jpg\">\n<\/p>\n<div style=\"overflow:auto;\">\n<table style=\"text-align: center;\" width=\"100%\">\n<tbody>\n<tr>\n<th>No.<\/th>\n<th>Par\u00e7a No.<\/th>\n<th>\u00d6\u011fe<\/th>\n<th>I.D(mm)<\/th>\n<th>L(mm)<\/th>\n<th>O.D(mm)<\/th>\n<th>A(mm)<\/th>\n<th>\u0130\u00e7 renk<\/th>\n<\/tr>\n<tr>\n<td>1<\/td>\n<td>RM12-13<\/td>\n<td>12<\/td>\n<td>13<\/td>\n<td>197<\/td>\n<td>17<\/td>\n<td>4<\/td>\n<td>Ye\u015fil<\/td>\n<\/tr>\n<\/tbody>\n<\/table>\n<\/div>\n<p>*(Bilgisayar monit\u00f6rlerinin farkl\u0131 \u00e7\u00f6z\u00fcn\u00fcrl\u00fckleri nedeniyle, renk sapmalar\u0131 olu\u015fabilir. Gerekirse, numuneler i\u00e7in l\u00fctfen m\u00fc\u015fteri hizmetlerimizle ileti\u015fime ge\u00e7in. )<\/p>\n","protected":false},"excerpt":{"rendered":"<p>RM serisi dinamik kar\u0131\u015ft\u0131rma nozulu, bilimsel tasar\u0131ma ve dayan\u0131kl\u0131 malzemeye sahip bir kar\u0131\u015ft\u0131rma t\u00fcp\u00fcd\u00fcr. Uygun bir dinamik kar\u0131\u015ft\u0131rma vanas\u0131 ile donat\u0131lm\u0131\u015f RM 13-12 Dinamik Kar\u0131\u015ft\u0131rma Nozullar\u0131, tutkallar\u0131 ve damlamalar\u0131 kar\u0131\u015ft\u0131rmak i\u00e7in size uygun, d\u00fc\u015f\u00fck maliyetli \u00e7\u00f6z\u00fcmlerden olu\u015fan eksiksiz bir set sunar.<\/p>\n","protected":false},"featured_media":6147,"comment_status":"open","ping_status":"closed","template":"","meta":{"_acf_changed":false},"product_brand":[],"product_cat":[269],"product_tag":[],"class_list":{"0":"post-6184","1":"product","2":"type-product","3":"status-publish","4":"has-post-thumbnail","6":"product_cat-uncategorized-tr","8":"first","9":"instock","10":"shipping-taxable","11":"product-type-simple"},"acf":[],"yoast_head":"<!-- This site is optimized with the Yoast SEO plugin v26.0 - https:\/\/yoast.com\/wordpress\/plugins\/seo\/ -->\n<title>RM 13-12 Dinamik Kar\u0131\u015ft\u0131rma Nozullar\u0131 - Btektech<\/title>\n<meta name=\"description\" content=\"RM 13-12 Dinamik Kar\u0131\u015ft\u0131rma Nozullar\u0131, bilimsel tasar\u0131ma ve dayan\u0131kl\u0131 malzemeye sahip bir kar\u0131\u015ft\u0131rma t\u00fcp\u00fcd\u00fcr. Uygun bir dinamik kar\u0131\u015ft\u0131rma vanas\u0131 ile donat\u0131lm\u0131\u015ft\u0131r\u3002\" \/>\n<meta name=\"robots\" content=\"index, follow, max-snippet:-1, max-image-preview:large, max-video-preview:-1\" \/>\n<link rel=\"canonical\" href=\"https:\/\/btektech.com\/tr\/product\/rm-13-12-dinamik-karistirma-nozullari\/\" \/>\n<meta property=\"og:locale\" content=\"tr_TR\" \/>\n<meta property=\"og:type\" content=\"article\" \/>\n<meta property=\"og:title\" content=\"RM 13-12 Dinamik Kar\u0131\u015ft\u0131rma Nozullar\u0131 - Btektech\" \/>\n<meta property=\"og:description\" content=\"RM 13-12 Dinamik Kar\u0131\u015ft\u0131rma Nozullar\u0131, bilimsel tasar\u0131ma ve dayan\u0131kl\u0131 malzemeye sahip bir kar\u0131\u015ft\u0131rma t\u00fcp\u00fcd\u00fcr. Uygun bir dinamik kar\u0131\u015ft\u0131rma vanas\u0131 ile donat\u0131lm\u0131\u015ft\u0131r\u3002\" \/>\n<meta property=\"og:url\" content=\"https:\/\/btektech.com\/tr\/product\/rm-13-12-dinamik-karistirma-nozullari\/\" \/>\n<meta property=\"og:site_name\" content=\"Btektech\" \/>\n<meta property=\"article:modified_time\" content=\"2022-09-27T08:10:42+00:00\" \/>\n<meta property=\"og:image\" content=\"https:\/\/btektech.com\/wp-content\/uploads\/2022\/06\/401655717384_.pic_hd.jpg\" \/>\n\t<meta property=\"og:image:width\" content=\"1000\" \/>\n\t<meta property=\"og:image:height\" content=\"1000\" \/>\n\t<meta property=\"og:image:type\" content=\"image\/jpeg\" \/>\n<meta name=\"twitter:card\" content=\"summary_large_image\" \/>\n<meta name=\"twitter:site\" content=\"@Btektech1\" \/>\n<meta name=\"twitter:label1\" content=\"Tahmini okuma s\u00fcresi\" \/>\n\t<meta name=\"twitter:data1\" content=\"1 dakika\" \/>\n<script type=\"application\/ld+json\" class=\"yoast-schema-graph\">{\"@context\":\"https:\/\/schema.org\",\"@graph\":[{\"@type\":[\"WebPage\",\"ItemPage\"],\"@id\":\"https:\/\/btektech.com\/tr\/product\/rm-13-12-dinamik-karistirma-nozullari\/\",\"url\":\"https:\/\/btektech.com\/tr\/product\/rm-13-12-dinamik-karistirma-nozullari\/\",\"name\":\"RM 13-12 Dinamik Kar\u0131\u015ft\u0131rma Nozullar\u0131 - Btektech\",\"isPartOf\":{\"@id\":\"https:\/\/btektech.com\/#website\"},\"primaryImageOfPage\":{\"@id\":\"https:\/\/btektech.com\/tr\/product\/rm-13-12-dinamik-karistirma-nozullari\/#primaryimage\"},\"image\":{\"@id\":\"https:\/\/btektech.com\/tr\/product\/rm-13-12-dinamik-karistirma-nozullari\/#primaryimage\"},\"thumbnailUrl\":\"https:\/\/btektech.com\/wp-content\/uploads\/2022\/06\/401655717384_.pic_hd.jpg\",\"datePublished\":\"2022-06-20T03:52:19+00:00\",\"dateModified\":\"2022-09-27T08:10:42+00:00\",\"description\":\"RM 13-12 Dinamik Kar\u0131\u015ft\u0131rma Nozullar\u0131, bilimsel tasar\u0131ma ve dayan\u0131kl\u0131 malzemeye sahip bir kar\u0131\u015ft\u0131rma t\u00fcp\u00fcd\u00fcr. Uygun bir dinamik kar\u0131\u015ft\u0131rma vanas\u0131 ile donat\u0131lm\u0131\u015ft\u0131r\u3002\",\"breadcrumb\":{\"@id\":\"https:\/\/btektech.com\/tr\/product\/rm-13-12-dinamik-karistirma-nozullari\/#breadcrumb\"},\"inLanguage\":\"tr\",\"potentialAction\":[{\"@type\":\"ReadAction\",\"target\":[\"https:\/\/btektech.com\/tr\/product\/rm-13-12-dinamik-karistirma-nozullari\/\"]}]},{\"@type\":\"ImageObject\",\"inLanguage\":\"tr\",\"@id\":\"https:\/\/btektech.com\/tr\/product\/rm-13-12-dinamik-karistirma-nozullari\/#primaryimage\",\"url\":\"https:\/\/btektech.com\/wp-content\/uploads\/2022\/06\/401655717384_.pic_hd.jpg\",\"contentUrl\":\"https:\/\/btektech.com\/wp-content\/uploads\/2022\/06\/401655717384_.pic_hd.jpg\",\"width\":1000,\"height\":1000,\"caption\":\"RM 13-12 Dinamik Kar\u0131\u015ft\u0131rma Nozullar\u0131\"},{\"@type\":\"BreadcrumbList\",\"@id\":\"https:\/\/btektech.com\/tr\/product\/rm-13-12-dinamik-karistirma-nozullari\/#breadcrumb\",\"itemListElement\":[{\"@type\":\"ListItem\",\"position\":1,\"name\":\"Home\",\"item\":\"https:\/\/btektech.com\/tr\/\"},{\"@type\":\"ListItem\",\"position\":2,\"name\":\"\u00dcr\u00fcnler\",\"item\":\"https:\/\/btektech.com\/tr\/shop\/\"},{\"@type\":\"ListItem\",\"position\":3,\"name\":\"Epoxy Mixing Nozzles\",\"item\":\"https:\/\/btektech.com\/product-category\/epoxy-mixing-nozzles\/\"},{\"@type\":\"ListItem\",\"position\":4,\"name\":\"Dynamic Mixing Nozzles\",\"item\":\"https:\/\/btektech.com\/product-category\/epoxy-mixing-nozzles\/dynamic-mixing-nozzles\/\"},{\"@type\":\"ListItem\",\"position\":5,\"name\":\"RM 13-12 Dinamik Kar\u0131\u015ft\u0131rma Nozullar\u0131\"}]},{\"@type\":\"WebSite\",\"@id\":\"https:\/\/btektech.com\/#website\",\"url\":\"https:\/\/btektech.com\/\",\"name\":\"Btektech\",\"description\":\"\",\"publisher\":{\"@id\":\"https:\/\/btektech.com\/#organization\"},\"potentialAction\":[{\"@type\":\"SearchAction\",\"target\":{\"@type\":\"EntryPoint\",\"urlTemplate\":\"https:\/\/btektech.com\/?s={search_term_string}\"},\"query-input\":{\"@type\":\"PropertyValueSpecification\",\"valueRequired\":true,\"valueName\":\"search_term_string\"}}],\"inLanguage\":\"tr\"},{\"@type\":\"Organization\",\"@id\":\"https:\/\/btektech.com\/#organization\",\"name\":\"Btektech\",\"url\":\"https:\/\/btektech.com\/\",\"logo\":{\"@type\":\"ImageObject\",\"inLanguage\":\"tr\",\"@id\":\"https:\/\/btektech.com\/#\/schema\/logo\/image\/\",\"url\":\"https:\/\/btektech.com\/wp-content\/uploads\/2021\/08\/btektech-logo.png\",\"contentUrl\":\"https:\/\/btektech.com\/wp-content\/uploads\/2021\/08\/btektech-logo.png\",\"width\":250,\"height\":114,\"caption\":\"Btektech\"},\"image\":{\"@id\":\"https:\/\/btektech.com\/#\/schema\/logo\/image\/\"},\"sameAs\":[\"https:\/\/x.com\/Btektech1\",\"https:\/\/www.instagram.com\/btektech\/\",\"https:\/\/www.linkedin.com\/company\/suzhou-baotailong-electronic-materials-co-ltd\/\",\"https:\/\/www.pinterest.com\/btektech\/_saved\/\",\"https:\/\/www.youtube.com\/channel\/UCBiw4Bc4CmQDrdo-QqyVTqQ\"]}]}<\/script>\n<!-- \/ Yoast SEO plugin. -->","yoast_head_json":{"title":"RM 13-12 Dinamik Kar\u0131\u015ft\u0131rma Nozullar\u0131 - Btektech","description":"RM 13-12 Dinamik Kar\u0131\u015ft\u0131rma Nozullar\u0131, bilimsel tasar\u0131ma ve dayan\u0131kl\u0131 malzemeye sahip bir kar\u0131\u015ft\u0131rma t\u00fcp\u00fcd\u00fcr. Uygun bir dinamik kar\u0131\u015ft\u0131rma vanas\u0131 ile donat\u0131lm\u0131\u015ft\u0131r\u3002","robots":{"index":"index","follow":"follow","max-snippet":"max-snippet:-1","max-image-preview":"max-image-preview:large","max-video-preview":"max-video-preview:-1"},"canonical":"https:\/\/btektech.com\/tr\/product\/rm-13-12-dinamik-karistirma-nozullari\/","og_locale":"tr_TR","og_type":"article","og_title":"RM 13-12 Dinamik Kar\u0131\u015ft\u0131rma Nozullar\u0131 - Btektech","og_description":"RM 13-12 Dinamik Kar\u0131\u015ft\u0131rma Nozullar\u0131, bilimsel tasar\u0131ma ve dayan\u0131kl\u0131 malzemeye sahip bir kar\u0131\u015ft\u0131rma t\u00fcp\u00fcd\u00fcr. Uygun bir dinamik kar\u0131\u015ft\u0131rma vanas\u0131 ile donat\u0131lm\u0131\u015ft\u0131r\u3002","og_url":"https:\/\/btektech.com\/tr\/product\/rm-13-12-dinamik-karistirma-nozullari\/","og_site_name":"Btektech","article_modified_time":"2022-09-27T08:10:42+00:00","og_image":[{"width":1000,"height":1000,"url":"https:\/\/btektech.com\/wp-content\/uploads\/2022\/06\/401655717384_.pic_hd.jpg","type":"image\/jpeg"}],"twitter_card":"summary_large_image","twitter_site":"@Btektech1","twitter_misc":{"Tahmini okuma s\u00fcresi":"1 dakika"},"schema":{"@context":"https:\/\/schema.org","@graph":[{"@type":["WebPage","ItemPage"],"@id":"https:\/\/btektech.com\/tr\/product\/rm-13-12-dinamik-karistirma-nozullari\/","url":"https:\/\/btektech.com\/tr\/product\/rm-13-12-dinamik-karistirma-nozullari\/","name":"RM 13-12 Dinamik Kar\u0131\u015ft\u0131rma Nozullar\u0131 - Btektech","isPartOf":{"@id":"https:\/\/btektech.com\/#website"},"primaryImageOfPage":{"@id":"https:\/\/btektech.com\/tr\/product\/rm-13-12-dinamik-karistirma-nozullari\/#primaryimage"},"image":{"@id":"https:\/\/btektech.com\/tr\/product\/rm-13-12-dinamik-karistirma-nozullari\/#primaryimage"},"thumbnailUrl":"https:\/\/btektech.com\/wp-content\/uploads\/2022\/06\/401655717384_.pic_hd.jpg","datePublished":"2022-06-20T03:52:19+00:00","dateModified":"2022-09-27T08:10:42+00:00","description":"RM 13-12 Dinamik Kar\u0131\u015ft\u0131rma Nozullar\u0131, bilimsel tasar\u0131ma ve dayan\u0131kl\u0131 malzemeye sahip bir kar\u0131\u015ft\u0131rma t\u00fcp\u00fcd\u00fcr. Uygun bir dinamik kar\u0131\u015ft\u0131rma vanas\u0131 ile donat\u0131lm\u0131\u015ft\u0131r\u3002","breadcrumb":{"@id":"https:\/\/btektech.com\/tr\/product\/rm-13-12-dinamik-karistirma-nozullari\/#breadcrumb"},"inLanguage":"tr","potentialAction":[{"@type":"ReadAction","target":["https:\/\/btektech.com\/tr\/product\/rm-13-12-dinamik-karistirma-nozullari\/"]}]},{"@type":"ImageObject","inLanguage":"tr","@id":"https:\/\/btektech.com\/tr\/product\/rm-13-12-dinamik-karistirma-nozullari\/#primaryimage","url":"https:\/\/btektech.com\/wp-content\/uploads\/2022\/06\/401655717384_.pic_hd.jpg","contentUrl":"https:\/\/btektech.com\/wp-content\/uploads\/2022\/06\/401655717384_.pic_hd.jpg","width":1000,"height":1000,"caption":"RM 13-12 Dinamik Kar\u0131\u015ft\u0131rma Nozullar\u0131"},{"@type":"BreadcrumbList","@id":"https:\/\/btektech.com\/tr\/product\/rm-13-12-dinamik-karistirma-nozullari\/#breadcrumb","itemListElement":[{"@type":"ListItem","position":1,"name":"Home","item":"https:\/\/btektech.com\/tr\/"},{"@type":"ListItem","position":2,"name":"\u00dcr\u00fcnler","item":"https:\/\/btektech.com\/tr\/shop\/"},{"@type":"ListItem","position":3,"name":"Epoxy Mixing Nozzles","item":"https:\/\/btektech.com\/product-category\/epoxy-mixing-nozzles\/"},{"@type":"ListItem","position":4,"name":"Dynamic Mixing Nozzles","item":"https:\/\/btektech.com\/product-category\/epoxy-mixing-nozzles\/dynamic-mixing-nozzles\/"},{"@type":"ListItem","position":5,"name":"RM 13-12 Dinamik Kar\u0131\u015ft\u0131rma Nozullar\u0131"}]},{"@type":"WebSite","@id":"https:\/\/btektech.com\/#website","url":"https:\/\/btektech.com\/","name":"Btektech","description":"","publisher":{"@id":"https:\/\/btektech.com\/#organization"},"potentialAction":[{"@type":"SearchAction","target":{"@type":"EntryPoint","urlTemplate":"https:\/\/btektech.com\/?s={search_term_string}"},"query-input":{"@type":"PropertyValueSpecification","valueRequired":true,"valueName":"search_term_string"}}],"inLanguage":"tr"},{"@type":"Organization","@id":"https:\/\/btektech.com\/#organization","name":"Btektech","url":"https:\/\/btektech.com\/","logo":{"@type":"ImageObject","inLanguage":"tr","@id":"https:\/\/btektech.com\/#\/schema\/logo\/image\/","url":"https:\/\/btektech.com\/wp-content\/uploads\/2021\/08\/btektech-logo.png","contentUrl":"https:\/\/btektech.com\/wp-content\/uploads\/2021\/08\/btektech-logo.png","width":250,"height":114,"caption":"Btektech"},"image":{"@id":"https:\/\/btektech.com\/#\/schema\/logo\/image\/"},"sameAs":["https:\/\/x.com\/Btektech1","https:\/\/www.instagram.com\/btektech\/","https:\/\/www.linkedin.com\/company\/suzhou-baotailong-electronic-materials-co-ltd\/","https:\/\/www.pinterest.com\/btektech\/_saved\/","https:\/\/www.youtube.com\/channel\/UCBiw4Bc4CmQDrdo-QqyVTqQ"]}]}},"_links":{"self":[{"href":"https:\/\/btektech.com\/tr\/wp-json\/wp\/v2\/product\/6184","targetHints":{"allow":["GET"]}}],"collection":[{"href":"https:\/\/btektech.com\/tr\/wp-json\/wp\/v2\/product"}],"about":[{"href":"https:\/\/btektech.com\/tr\/wp-json\/wp\/v2\/types\/product"}],"replies":[{"embeddable":true,"href":"https:\/\/btektech.com\/tr\/wp-json\/wp\/v2\/comments?post=6184"}],"version-history":[{"count":0,"href":"https:\/\/btektech.com\/tr\/wp-json\/wp\/v2\/product\/6184\/revisions"}],"wp:featuredmedia":[{"embeddable":true,"href":"https:\/\/btektech.com\/tr\/wp-json\/wp\/v2\/media\/6147"}],"wp:attachment":[{"href":"https:\/\/btektech.com\/tr\/wp-json\/wp\/v2\/media?parent=6184"}],"wp:term":[{"taxonomy":"product_brand","embeddable":true,"href":"https:\/\/btektech.com\/tr\/wp-json\/wp\/v2\/product_brand?post=6184"},{"taxonomy":"product_cat","embeddable":true,"href":"https:\/\/btektech.com\/tr\/wp-json\/wp\/v2\/product_cat?post=6184"},{"taxonomy":"product_tag","embeddable":true,"href":"https:\/\/btektech.com\/tr\/wp-json\/wp\/v2\/product_tag?post=6184"}],"curies":[{"name":"wp","href":"https:\/\/api.w.org\/{rel}","templated":true}]}}