{"id":6131,"date":"2022-06-20T03:33:17","date_gmt":"2022-06-20T03:33:17","guid":{"rendered":"https:\/\/btektech.com\/product\/304-american-handle-throat-hoop-hose-clamps\/"},"modified":"2022-11-21T02:30:58","modified_gmt":"2022-11-21T02:30:58","slug":"sonsuz-disli-hortum-kelepcesi","status":"publish","type":"product","link":"https:\/\/btektech.com\/tr\/product\/sonsuz-disli-hortum-kelepcesi\/","title":{"rendered":"Sonsuz Di\u015fli Hortum Kelep\u00e7esi"},"content":{"rendered":"<p>Sonsuz di\u015fli hortum kelep\u00e7eleri su borular\u0131, araba y\u0131kama borular\u0131, gaz da\u011f\u0131t\u0131m borular\u0131, sabitleme hortumlar\u0131, borular, kablolar, yak\u0131t borular\u0131 vb. \u0130\u00e7in kullan\u0131l\u0131r. \u0130\u00e7 veya d\u0131\u015f mekan otomotiv, end\u00fcstriyel, denizcilik \/ denizcilik, kalkan, ev vb. \u0130\u00e7in m\u00fckemmeldir. Kolay kurulum i\u00e7in sapl\u0131 hortum kelep\u00e7elerinin y\u00fcksek mukavemetli yap\u0131s\u0131. Ve \u00fcr\u00fcn, maksimum hortum korumas\u0131 i\u00e7in haddelenmi\u015f kat\u0131 bir bant ile birlikte gelir. S\u0131zd\u0131rmazl\u0131k verimlili\u011fini b\u00fcy\u00fck \u00f6l\u00e7\u00fcde art\u0131r\u0131n.<br \/>\nSonsuz di\u015fli hortum kelep\u00e7eleri benzersiz ve yenilik\u00e7i bir tasar\u0131ma sahiptir ve basit bir el b\u00fck\u00fcm\u00fc ile monte edilebilir. Bu benzersiz kelep\u00e7eleri takmak i\u00e7in herhangi bir alet gerekmez. Kurcalamaya kar\u015f\u0131 korumal\u0131 bir ba\u011flant\u0131 i\u00e7in yeniden kullan\u0131labilir plastik vidal\u0131 kapa\u011f\u0131 \u00e7\u0131karman\u0131z yeterlidir. Bu kelep\u00e7eler paslanmaz \u00e7elik 1\/2&#8243; bant ile \u00fcretilmektedir. Anahtar teslimi kelep\u00e7eler, kurutucu havaland\u0131rma hortumlar\u0131, filtre torbalar\u0131, RV kanalizasyon hortumlar\u0131 ve kablo ve tel demetleri i\u00e7in idealdir.<\/p>\n<div style=\"overflow: auto;\">\n<table width=\"100%\" style=\"text-align: center;\">\n<tbody>\n<tr>\n<th style=\"font-weight: 400;vertical-align: middle;\" rowspan=\"4\">Her t\u00fcrl\u00fc<\/th>\n<td style=\"font-weight: 400;\">Alman sap\u0131<\/td>\n<\/tr>\n<tr>\n<td style=\"font-weight: 400;\">Amerikan sap\u0131<\/td>\n<\/tr>\n<tr>\n<td style=\"font-weight: 400;\">K\u00fc\u00e7\u00fck g\u00fczellik kolu<\/td>\n<\/tr>\n<tr>\n<td style=\"font-weight: 400;\">\u00c7ift tel sapl\u0131<\/td>\n<\/tr>\n<tr>\n<th style=\"font-weight: 400;\">Malzeme<\/th>\n<td>Karbon \u00e7elik yar\u0131 \u00e7elik t\u00fcm \u00e7elik<\/td>\n<\/tr>\n<tr>\n<th style=\"font-weight: 400;\">Y\u00fczey i\u015fleme<\/th>\n<td>Platina. Parlatma<\/td>\n<\/tr>\n<tr>\n<th style=\"font-weight: 400;\">W1<\/th>\n<td>T\u00fcm bant, g\u00f6vde ve vida galvanizli \u00e7eliktir;<\/td>\n<\/tr>\n<tr>\n<th style=\"font-weight: 400;\">W2<\/th>\n<td>Bant ve g\u00f6vde 200ss veya 300ss paslanmaz \u00e7elik, vidal\u0131 galvanizli \u00e7elik<\/td>\n<\/tr>\n<tr>\n<th style=\"font-weight: 400;\">W3<\/th>\n<td>T\u00fcm bant, g\u00f6vde ve vida 200ss veya 300ss paslanmaz \u00e7eliktir<\/td>\n<\/tr>\n<tr>\n<th style=\"font-weight: 400;\">W4<\/th>\n<td>T\u00fcm bant, g\u00f6vde ve vida 316ss paslanmaz \u00e7eliktir<\/td>\n<\/tr>\n<\/tbody>\n<\/table>\n<\/div>\n","protected":false},"excerpt":{"rendered":"<p>Sonsuz di\u015fli hortum kelep\u00e7esi (kay\u0131\u015f, g\u00f6vde ve vidalar dahil) y\u00fcksek kaliteli paslanmaz \u00e7elik malzemeden yap\u0131lm\u0131\u015ft\u0131r. Tuza dayan\u0131kl\u0131, pas ge\u00e7irmez, korozyon \u00f6nleyici, su ge\u00e7irmez, ya\u011f ge\u00e7irmez. Kelep\u00e7eler g\u00fc\u00e7l\u00fc, sa\u011flam ve g\u00fcvenilirdir. Sapl\u0131 hortum kelep\u00e7eleri \u00e7ok \u00e7e\u015fitli ayarlanabilir boyutlarda mevcuttur, hortum kelep\u00e7eleri d\u00f6v\u00fclebilir ve \u00e7ok \u00e7e\u015fitli boyutlarda ayarlanabilir.<\/p>\n","protected":false},"featured_media":6207,"comment_status":"open","ping_status":"closed","template":"","meta":{"_acf_changed":false},"product_brand":[],"product_cat":[138],"product_tag":[],"class_list":{"0":"post-6131","1":"product","2":"type-product","3":"status-publish","4":"has-post-thumbnail","6":"product_cat-hortum-kelepceleri","8":"first","9":"instock","10":"shipping-taxable","11":"product-type-simple"},"acf":[],"yoast_head":"<!-- This site is optimized with the Yoast SEO plugin v26.0 - https:\/\/yoast.com\/wordpress\/plugins\/seo\/ -->\n<title>Sonsuz Di\u015fli Hortum Kelep\u00e7esi<\/title>\n<meta name=\"description\" content=\"Sonsuz Di\u015fli Hortum \u0130stiridye g\u00fc\u00e7l\u00fc, sa\u011flam ve g\u00fcvenilirdir. Ve \u00fcr\u00fcn, maksimum hortum korumas\u0131 i\u00e7in haddelenmi\u015f kat\u0131 bir bant ile birlikte gelir. S\u0131zd\u0131rmazl\u0131k verimlili\u011fini b\u00fcy\u00fck \u00f6l\u00e7\u00fcde art\u0131r\u0131n.\" \/>\n<meta name=\"robots\" content=\"index, follow, max-snippet:-1, max-image-preview:large, max-video-preview:-1\" \/>\n<link rel=\"canonical\" href=\"https:\/\/btektech.com\/tr\/product\/sonsuz-disli-hortum-kelepcesi\/\" \/>\n<meta property=\"og:locale\" content=\"tr_TR\" \/>\n<meta property=\"og:type\" content=\"article\" \/>\n<meta property=\"og:title\" content=\"Sonsuz Di\u015fli Hortum Kelep\u00e7esi\" \/>\n<meta property=\"og:description\" content=\"Sonsuz Di\u015fli Hortum \u0130stiridye g\u00fc\u00e7l\u00fc, sa\u011flam ve g\u00fcvenilirdir. Ve \u00fcr\u00fcn, maksimum hortum korumas\u0131 i\u00e7in haddelenmi\u015f kat\u0131 bir bant ile birlikte gelir. S\u0131zd\u0131rmazl\u0131k verimlili\u011fini b\u00fcy\u00fck \u00f6l\u00e7\u00fcde art\u0131r\u0131n.\" \/>\n<meta property=\"og:url\" content=\"https:\/\/btektech.com\/tr\/product\/sonsuz-disli-hortum-kelepcesi\/\" \/>\n<meta property=\"og:site_name\" content=\"Btektech\" \/>\n<meta property=\"article:modified_time\" content=\"2022-11-21T02:30:58+00:00\" \/>\n<meta property=\"og:image\" content=\"https:\/\/btektech.com\/wp-content\/uploads\/2022\/06\/Worm-Gear-Hose-Clamp-6.jpg\" \/>\n\t<meta property=\"og:image:width\" content=\"550\" \/>\n\t<meta property=\"og:image:height\" content=\"550\" \/>\n\t<meta property=\"og:image:type\" content=\"image\/jpeg\" \/>\n<meta name=\"twitter:card\" content=\"summary_large_image\" \/>\n<meta name=\"twitter:site\" content=\"@Btektech1\" \/>\n<meta name=\"twitter:label1\" content=\"Tahmini okuma s\u00fcresi\" \/>\n\t<meta name=\"twitter:data1\" content=\"1 dakika\" \/>\n<script type=\"application\/ld+json\" class=\"yoast-schema-graph\">{\"@context\":\"https:\/\/schema.org\",\"@graph\":[{\"@type\":[\"WebPage\",\"ItemPage\"],\"@id\":\"https:\/\/btektech.com\/tr\/product\/sonsuz-disli-hortum-kelepcesi\/\",\"url\":\"https:\/\/btektech.com\/tr\/product\/sonsuz-disli-hortum-kelepcesi\/\",\"name\":\"Sonsuz Di\u015fli Hortum Kelep\u00e7esi\",\"isPartOf\":{\"@id\":\"https:\/\/btektech.com\/#website\"},\"primaryImageOfPage\":{\"@id\":\"https:\/\/btektech.com\/tr\/product\/sonsuz-disli-hortum-kelepcesi\/#primaryimage\"},\"image\":{\"@id\":\"https:\/\/btektech.com\/tr\/product\/sonsuz-disli-hortum-kelepcesi\/#primaryimage\"},\"thumbnailUrl\":\"https:\/\/btektech.com\/wp-content\/uploads\/2022\/06\/Worm-Gear-Hose-Clamp-6.jpg\",\"datePublished\":\"2022-06-20T03:33:17+00:00\",\"dateModified\":\"2022-11-21T02:30:58+00:00\",\"description\":\"Sonsuz Di\u015fli Hortum \u0130stiridye g\u00fc\u00e7l\u00fc, sa\u011flam ve g\u00fcvenilirdir. Ve \u00fcr\u00fcn, maksimum hortum korumas\u0131 i\u00e7in haddelenmi\u015f kat\u0131 bir bant ile birlikte gelir. S\u0131zd\u0131rmazl\u0131k verimlili\u011fini b\u00fcy\u00fck \u00f6l\u00e7\u00fcde art\u0131r\u0131n.\",\"breadcrumb\":{\"@id\":\"https:\/\/btektech.com\/tr\/product\/sonsuz-disli-hortum-kelepcesi\/#breadcrumb\"},\"inLanguage\":\"tr\",\"potentialAction\":[{\"@type\":\"ReadAction\",\"target\":[\"https:\/\/btektech.com\/tr\/product\/sonsuz-disli-hortum-kelepcesi\/\"]}]},{\"@type\":\"ImageObject\",\"inLanguage\":\"tr\",\"@id\":\"https:\/\/btektech.com\/tr\/product\/sonsuz-disli-hortum-kelepcesi\/#primaryimage\",\"url\":\"https:\/\/btektech.com\/wp-content\/uploads\/2022\/06\/Worm-Gear-Hose-Clamp-6.jpg\",\"contentUrl\":\"https:\/\/btektech.com\/wp-content\/uploads\/2022\/06\/Worm-Gear-Hose-Clamp-6.jpg\",\"width\":550,\"height\":550,\"caption\":\"Sonsuz Di\u015fli Hortum Kelep\u00e7esi\"},{\"@type\":\"BreadcrumbList\",\"@id\":\"https:\/\/btektech.com\/tr\/product\/sonsuz-disli-hortum-kelepcesi\/#breadcrumb\",\"itemListElement\":[{\"@type\":\"ListItem\",\"position\":1,\"name\":\"Home\",\"item\":\"https:\/\/btektech.com\/tr\/home-2\/\"},{\"@type\":\"ListItem\",\"position\":2,\"name\":\"\u00dcr\u00fcnler\",\"item\":\"https:\/\/btektech.com\/tr\/shop\/\"},{\"@type\":\"ListItem\",\"position\":3,\"name\":\"Heavy-Duty &amp; Industrial Hose Clamps\",\"item\":\"https:\/\/btektech.com\/product-category\/heavy-duty-and-industrial-hose-clamps\/\"},{\"@type\":\"ListItem\",\"position\":4,\"name\":\"Sonsuz Di\u015fli Hortum Kelep\u00e7esi\"}]},{\"@type\":\"WebSite\",\"@id\":\"https:\/\/btektech.com\/#website\",\"url\":\"https:\/\/btektech.com\/\",\"name\":\"Btektech\",\"description\":\"\",\"publisher\":{\"@id\":\"https:\/\/btektech.com\/#organization\"},\"potentialAction\":[{\"@type\":\"SearchAction\",\"target\":{\"@type\":\"EntryPoint\",\"urlTemplate\":\"https:\/\/btektech.com\/?s={search_term_string}\"},\"query-input\":{\"@type\":\"PropertyValueSpecification\",\"valueRequired\":true,\"valueName\":\"search_term_string\"}}],\"inLanguage\":\"tr\"},{\"@type\":\"Organization\",\"@id\":\"https:\/\/btektech.com\/#organization\",\"name\":\"Btektech\",\"url\":\"https:\/\/btektech.com\/\",\"logo\":{\"@type\":\"ImageObject\",\"inLanguage\":\"tr\",\"@id\":\"https:\/\/btektech.com\/#\/schema\/logo\/image\/\",\"url\":\"https:\/\/btektech.com\/wp-content\/uploads\/2021\/08\/btektech-logo.png\",\"contentUrl\":\"https:\/\/btektech.com\/wp-content\/uploads\/2021\/08\/btektech-logo.png\",\"width\":250,\"height\":114,\"caption\":\"Btektech\"},\"image\":{\"@id\":\"https:\/\/btektech.com\/#\/schema\/logo\/image\/\"},\"sameAs\":[\"https:\/\/x.com\/Btektech1\",\"https:\/\/www.instagram.com\/btektech\/\",\"https:\/\/www.linkedin.com\/company\/suzhou-baotailong-electronic-materials-co-ltd\/\",\"https:\/\/www.pinterest.com\/btektech\/_saved\/\",\"https:\/\/www.youtube.com\/channel\/UCBiw4Bc4CmQDrdo-QqyVTqQ\"]}]}<\/script>\n<!-- \/ Yoast SEO plugin. -->","yoast_head_json":{"title":"Sonsuz Di\u015fli Hortum Kelep\u00e7esi","description":"Sonsuz Di\u015fli Hortum \u0130stiridye g\u00fc\u00e7l\u00fc, sa\u011flam ve g\u00fcvenilirdir. Ve \u00fcr\u00fcn, maksimum hortum korumas\u0131 i\u00e7in haddelenmi\u015f kat\u0131 bir bant ile birlikte gelir. S\u0131zd\u0131rmazl\u0131k verimlili\u011fini b\u00fcy\u00fck \u00f6l\u00e7\u00fcde art\u0131r\u0131n.","robots":{"index":"index","follow":"follow","max-snippet":"max-snippet:-1","max-image-preview":"max-image-preview:large","max-video-preview":"max-video-preview:-1"},"canonical":"https:\/\/btektech.com\/tr\/product\/sonsuz-disli-hortum-kelepcesi\/","og_locale":"tr_TR","og_type":"article","og_title":"Sonsuz Di\u015fli Hortum Kelep\u00e7esi","og_description":"Sonsuz Di\u015fli Hortum \u0130stiridye g\u00fc\u00e7l\u00fc, sa\u011flam ve g\u00fcvenilirdir. Ve \u00fcr\u00fcn, maksimum hortum korumas\u0131 i\u00e7in haddelenmi\u015f kat\u0131 bir bant ile birlikte gelir. S\u0131zd\u0131rmazl\u0131k verimlili\u011fini b\u00fcy\u00fck \u00f6l\u00e7\u00fcde art\u0131r\u0131n.","og_url":"https:\/\/btektech.com\/tr\/product\/sonsuz-disli-hortum-kelepcesi\/","og_site_name":"Btektech","article_modified_time":"2022-11-21T02:30:58+00:00","og_image":[{"width":550,"height":550,"url":"https:\/\/btektech.com\/wp-content\/uploads\/2022\/06\/Worm-Gear-Hose-Clamp-6.jpg","type":"image\/jpeg"}],"twitter_card":"summary_large_image","twitter_site":"@Btektech1","twitter_misc":{"Tahmini okuma s\u00fcresi":"1 dakika"},"schema":{"@context":"https:\/\/schema.org","@graph":[{"@type":["WebPage","ItemPage"],"@id":"https:\/\/btektech.com\/tr\/product\/sonsuz-disli-hortum-kelepcesi\/","url":"https:\/\/btektech.com\/tr\/product\/sonsuz-disli-hortum-kelepcesi\/","name":"Sonsuz Di\u015fli Hortum Kelep\u00e7esi","isPartOf":{"@id":"https:\/\/btektech.com\/#website"},"primaryImageOfPage":{"@id":"https:\/\/btektech.com\/tr\/product\/sonsuz-disli-hortum-kelepcesi\/#primaryimage"},"image":{"@id":"https:\/\/btektech.com\/tr\/product\/sonsuz-disli-hortum-kelepcesi\/#primaryimage"},"thumbnailUrl":"https:\/\/btektech.com\/wp-content\/uploads\/2022\/06\/Worm-Gear-Hose-Clamp-6.jpg","datePublished":"2022-06-20T03:33:17+00:00","dateModified":"2022-11-21T02:30:58+00:00","description":"Sonsuz Di\u015fli Hortum \u0130stiridye g\u00fc\u00e7l\u00fc, sa\u011flam ve g\u00fcvenilirdir. Ve \u00fcr\u00fcn, maksimum hortum korumas\u0131 i\u00e7in haddelenmi\u015f kat\u0131 bir bant ile birlikte gelir. S\u0131zd\u0131rmazl\u0131k verimlili\u011fini b\u00fcy\u00fck \u00f6l\u00e7\u00fcde art\u0131r\u0131n.","breadcrumb":{"@id":"https:\/\/btektech.com\/tr\/product\/sonsuz-disli-hortum-kelepcesi\/#breadcrumb"},"inLanguage":"tr","potentialAction":[{"@type":"ReadAction","target":["https:\/\/btektech.com\/tr\/product\/sonsuz-disli-hortum-kelepcesi\/"]}]},{"@type":"ImageObject","inLanguage":"tr","@id":"https:\/\/btektech.com\/tr\/product\/sonsuz-disli-hortum-kelepcesi\/#primaryimage","url":"https:\/\/btektech.com\/wp-content\/uploads\/2022\/06\/Worm-Gear-Hose-Clamp-6.jpg","contentUrl":"https:\/\/btektech.com\/wp-content\/uploads\/2022\/06\/Worm-Gear-Hose-Clamp-6.jpg","width":550,"height":550,"caption":"Sonsuz Di\u015fli Hortum Kelep\u00e7esi"},{"@type":"BreadcrumbList","@id":"https:\/\/btektech.com\/tr\/product\/sonsuz-disli-hortum-kelepcesi\/#breadcrumb","itemListElement":[{"@type":"ListItem","position":1,"name":"Home","item":"https:\/\/btektech.com\/tr\/home-2\/"},{"@type":"ListItem","position":2,"name":"\u00dcr\u00fcnler","item":"https:\/\/btektech.com\/tr\/shop\/"},{"@type":"ListItem","position":3,"name":"Heavy-Duty &amp; Industrial Hose Clamps","item":"https:\/\/btektech.com\/product-category\/heavy-duty-and-industrial-hose-clamps\/"},{"@type":"ListItem","position":4,"name":"Sonsuz Di\u015fli Hortum Kelep\u00e7esi"}]},{"@type":"WebSite","@id":"https:\/\/btektech.com\/#website","url":"https:\/\/btektech.com\/","name":"Btektech","description":"","publisher":{"@id":"https:\/\/btektech.com\/#organization"},"potentialAction":[{"@type":"SearchAction","target":{"@type":"EntryPoint","urlTemplate":"https:\/\/btektech.com\/?s={search_term_string}"},"query-input":{"@type":"PropertyValueSpecification","valueRequired":true,"valueName":"search_term_string"}}],"inLanguage":"tr"},{"@type":"Organization","@id":"https:\/\/btektech.com\/#organization","name":"Btektech","url":"https:\/\/btektech.com\/","logo":{"@type":"ImageObject","inLanguage":"tr","@id":"https:\/\/btektech.com\/#\/schema\/logo\/image\/","url":"https:\/\/btektech.com\/wp-content\/uploads\/2021\/08\/btektech-logo.png","contentUrl":"https:\/\/btektech.com\/wp-content\/uploads\/2021\/08\/btektech-logo.png","width":250,"height":114,"caption":"Btektech"},"image":{"@id":"https:\/\/btektech.com\/#\/schema\/logo\/image\/"},"sameAs":["https:\/\/x.com\/Btektech1","https:\/\/www.instagram.com\/btektech\/","https:\/\/www.linkedin.com\/company\/suzhou-baotailong-electronic-materials-co-ltd\/","https:\/\/www.pinterest.com\/btektech\/_saved\/","https:\/\/www.youtube.com\/channel\/UCBiw4Bc4CmQDrdo-QqyVTqQ"]}]}},"_links":{"self":[{"href":"https:\/\/btektech.com\/tr\/wp-json\/wp\/v2\/product\/6131","targetHints":{"allow":["GET"]}}],"collection":[{"href":"https:\/\/btektech.com\/tr\/wp-json\/wp\/v2\/product"}],"about":[{"href":"https:\/\/btektech.com\/tr\/wp-json\/wp\/v2\/types\/product"}],"replies":[{"embeddable":true,"href":"https:\/\/btektech.com\/tr\/wp-json\/wp\/v2\/comments?post=6131"}],"version-history":[{"count":0,"href":"https:\/\/btektech.com\/tr\/wp-json\/wp\/v2\/product\/6131\/revisions"}],"wp:featuredmedia":[{"embeddable":true,"href":"https:\/\/btektech.com\/tr\/wp-json\/wp\/v2\/media\/6207"}],"wp:attachment":[{"href":"https:\/\/btektech.com\/tr\/wp-json\/wp\/v2\/media?parent=6131"}],"wp:term":[{"taxonomy":"product_brand","embeddable":true,"href":"https:\/\/btektech.com\/tr\/wp-json\/wp\/v2\/product_brand?post=6131"},{"taxonomy":"product_cat","embeddable":true,"href":"https:\/\/btektech.com\/tr\/wp-json\/wp\/v2\/product_cat?post=6131"},{"taxonomy":"product_tag","embeddable":true,"href":"https:\/\/btektech.com\/tr\/wp-json\/wp\/v2\/product_tag?post=6131"}],"curies":[{"name":"wp","href":"https:\/\/api.w.org\/{rel}","templated":true}]}}