{"id":6021,"date":"2022-06-08T06:50:52","date_gmt":"2022-06-08T06:50:52","guid":{"rendered":"https:\/\/btektech.com\/product\/dental-impression-mixing-tips\/"},"modified":"2022-07-26T07:29:59","modified_gmt":"2022-07-26T07:29:59","slug":"dental-izlenim-karistirma-ipuclari","status":"publish","type":"product","link":"https:\/\/btektech.com\/tr\/product\/dental-izlenim-karistirma-ipuclari\/","title":{"rendered":"Dental \u0130zlenim Kar\u0131\u015ft\u0131rma \u0130pu\u00e7lar\u0131"},"content":{"rendered":"<p><strong>Dental \u0130zlenim Kar\u0131\u015ft\u0131rma \u0130pu\u00e7lar\u0131 :<\/strong><\/p>\n<p style=\"text-align: left;\">Dental izlenim kar\u0131\u015ft\u0131rma u\u00e7lar\u0131n\u0131 kullanmak, insan g\u00fcc\u00fcnden tasarruf sa\u011flayabilir, at\u0131klar\u0131 azaltabilir, \u00fcretkenli\u011fi art\u0131rabilir ve \u00fcretim maliyetini \u00f6nemli \u00f6l\u00e7\u00fcde azaltabilir, elektronik \u00fcretim, elektrik \u00fcretimi, sivil bina, otomobil \u00fcretimi, hediye dekorasyonu vb. Her t\u00fcrl\u00fc iki bile\u015fenli yap\u0131\u015ft\u0131r\u0131c\u0131da, dolgu maddesinde (epoksi re\u00e7ine, silikon, PU, UV dahil) yayg\u0131n olarak kullan\u0131lan \u00fcr\u00fcn uygulamas\u0131.<br \/>\n Y\u00fcksek performansl\u0131 kar\u0131\u015ft\u0131rma u\u00e7lar\u0131 ve farkl\u0131 kar\u0131\u015ft\u0131rma ihtiya\u00e7lar\u0131 i\u00e7in \u00e7e\u015fitli mevcut boyutlar\/renkler. Yenilik\u00e7i mikser tasar\u0131m\u0131, malzeme at\u0131k hacmini azaltarak daha kompakt bir \u015fekle izin verir. \u0130leri teknoloji, daha homojen kar\u0131\u015ft\u0131rma sonu\u00e7lar\u0131 elde ederek daha verimli malzeme i\u015flemeye yol a\u00e7ar. Azalt\u0131lm\u0131\u015f malzeme at\u0131k hacmi Daha homojen kar\u0131\u015ft\u0131rma sonu\u00e7lar\u0131 uygulama g\u00fcvenli\u011fini art\u0131r\u0131r\u00c7al\u0131\u015fma ortam\u0131nda de\u011fi\u015fiklik olmaz. Tabii ki, \u00e7ift kartu\u015flu bir aplikat\u00f6r tabancas\u0131na da <a href=\"https:\/\/btektech.com\/product\/dual-epoxy-gun\/\">ihtiyac\u0131n\u0131z varsa<\/a>, bizimle de ileti\u015fime ge\u00e7ebilirsiniz. <\/p>\n<div style=\"overflow: auto;\">\n<table style=\"text-align: center;\">\n<tbody>\n<caption style=\"font-weight:600;font-size:30px;\">Dental \u0130zlenim Kar\u0131\u015ft\u0131rma \u0130pucu Parametreleri<\/caption>\n<tr>\n<th>par\u00e7a numaras\u0131<\/th>\n<th>\u0130\u00e7 \u00e7ap (mm)<\/th>\n<th>Uzunluk (mm)<\/th>\n<th>i\u00e7 \u00e7ekirdek rengi<\/th>\n<\/tr>\n<tr>\n<td>7015(1:1)<\/td>\n<td>1<\/td>\n<td>37<\/td>\n<td>Kahverengi\/Beyaz<\/td>\n<\/tr>\n<tr>\n<td>7016(1:1)<\/td>\n<td>1<\/td>\n<td>37<\/td>\n<td>Kahverengi\/Beyaz+u\u00e7<\/td>\n<\/tr>\n<tr>\n<td>7018(1:1)<\/td>\n<td>0.5<\/td>\n<td>37<\/td>\n<td>Kahverengi\/Beyaz+u\u00e7<\/td>\n<\/tr>\n<tr>\n<td>7005(1:1)<\/td>\n<td>8.5<\/td>\n<td>89<\/td>\n<td>Mor<\/td>\n<\/tr>\n<tr>\n<td>7002(1:1)<\/td>\n<td>5<\/td>\n<td>83<\/td>\n<td>Ye\u015fil<\/td>\n<\/tr>\n<tr>\n<td>7003(1:1)<\/td>\n<td>5<\/td>\n<td>83<\/td>\n<td>Pembe<\/td>\n<\/tr>\n<tr>\n<td>7001(1:1)<\/td>\n<td>3.5<\/td>\n<td>70<\/td>\n<td>Sar\u0131<\/td>\n<\/tr>\n<tr>\n<td>7010(1:1)<\/td>\n<td>1<\/td>\n<td>78<\/td>\n<td>Mavi\/turuncu<\/td>\n<\/tr>\n<tr>\n<td>7011(1: 1)<\/td>\n<td>1<\/td>\n<td>78<\/td>\n<td>Mavi \/ beyaz<\/td>\n<\/tr>\n<\/tbody>\n<\/table><\/div>\n<p>(Bilgisayar monit\u00f6rlerinin farkl\u0131 \u00e7\u00f6z\u00fcn\u00fcrl\u00fckleri nedeniyle, renk sapmalar\u0131 olu\u015fabilir. Gerekirse, numuneler i\u00e7in l\u00fctfen m\u00fc\u015fteri hizmetlerimizle ileti\u015fime ge\u00e7in. )<\/p>\n","protected":false},"excerpt":{"rendered":"<p>Her klini\u011fin ihtiya\u00e7 duydu\u011fu di\u015f izlenimi kar\u0131\u015ft\u0131rma ipu\u00e7lar\u0131 sunuyoruz, bu y\u00fcksek performansl\u0131 di\u015f kar\u0131\u015ft\u0131rma ucu, farkl\u0131 kar\u0131\u015ft\u0131rma ihtiya\u00e7lar\u0131n\u0131 kar\u015f\u0131lamak i\u00e7in \u00e7e\u015fitli boyutlarda ve renklerde mevcuttur. Sar\u0131 kar\u0131\u015ft\u0131rma u\u00e7lar\u0131 ve kahverengi kar\u0131\u015ft\u0131rma u\u00e7lar\u0131 kullan\u0131lacak en iyi t\u00fcrlerdir. \u00dcr\u00fcnlerimiz y\u00fcksek kaliteli ve son derece dayan\u0131kl\u0131 malzemelerden yap\u0131lm\u0131\u015ft\u0131r, \u00e7ok dayan\u0131kl\u0131d\u0131r ve \u00e7o\u011fu makine ile uyumludur.<\/p>\n<p><audio style=\"display: none;\" controls=\"controls\"><\/audio><\/p>\n<p><audio style=\"display: none;\" controls=\"controls\"><\/audio><\/p>\n<p><audio style=\"display: none;\" controls=\"controls\"><\/audio><\/p>\n<p><audio style=\"display: none;\" controls=\"controls\"><\/audio><\/p>\n<p><audio style=\"display: none;\" controls=\"controls\"><\/audio><\/p>\n<p><audio style=\"display: none;\" controls=\"controls\"><\/audio><\/p>\n<p><audio style=\"display: none;\" controls=\"controls\"><\/audio><\/p>\n<p><audio style=\"display: none;\" controls=\"controls\"><\/audio><\/p>\n<p><audio style=\"display: none;\" controls=\"controls\"><\/audio><\/p>\n<p><audio style=\"display: none;\" controls=\"controls\"><\/audio><\/p>\n<p><audio style=\"display: none;\" controls=\"controls\"><\/audio><\/p>\n<p><audio style=\"display: none;\" controls=\"controls\"><\/audio><\/p>\n<p><audio style=\"display: none;\" controls=\"controls\"><\/audio><\/p>\n<p><audio style=\"display: none;\" controls=\"controls\"><\/audio><\/p>\n<p><audio style=\"display: none;\" controls=\"controls\"><\/audio><\/p>\n<p><audio style=\"display: none;\" controls=\"controls\"><\/audio><\/p>\n<p><audio style=\"display: none;\" controls=\"controls\"><\/audio><\/p>\n<p><audio style=\"display: none;\" controls=\"controls\"><\/audio><\/p>\n<p><audio style=\"display: none;\" controls=\"controls\"><\/audio><\/p>\n","protected":false},"featured_media":5983,"comment_status":"open","ping_status":"closed","template":"","meta":{"_acf_changed":false},"product_brand":[],"product_cat":[861],"product_tag":[],"class_list":{"0":"post-6021","1":"product","2":"type-product","3":"status-publish","4":"has-post-thumbnail","6":"product_cat-dental-karistirma-ipuclari","8":"first","9":"instock","10":"shipping-taxable","11":"product-type-simple"},"acf":[],"yoast_head":"<!-- This site is optimized with the Yoast SEO plugin v26.0 - https:\/\/yoast.com\/wordpress\/plugins\/seo\/ -->\n<title>Dental \u0130zlenim Kar\u0131\u015ft\u0131rma \u0130pu\u00e7lar\u0131 dental izlenim kar\u0131\u015ft\u0131rma ipu\u00e7lar\u0131<\/title>\n<meta name=\"description\" content=\"Her klini\u011fin ihtiya\u00e7 duydu\u011fu di\u015f izlenimi kar\u0131\u015ft\u0131rma ipu\u00e7lar\u0131 sunuyoruz, bu y\u00fcksek performansl\u0131 di\u015f kar\u0131\u015ft\u0131rma ucu \u00e7e\u015fitli boyutlarda mevcuttur.\" \/>\n<meta name=\"robots\" content=\"index, follow, max-snippet:-1, max-image-preview:large, max-video-preview:-1\" \/>\n<link rel=\"canonical\" href=\"https:\/\/btektech.com\/tr\/product\/dental-izlenim-karistirma-ipuclari\/\" \/>\n<meta property=\"og:locale\" content=\"tr_TR\" \/>\n<meta property=\"og:type\" content=\"article\" \/>\n<meta property=\"og:title\" content=\"Dental \u0130zlenim Kar\u0131\u015ft\u0131rma \u0130pu\u00e7lar\u0131 dental izlenim kar\u0131\u015ft\u0131rma ipu\u00e7lar\u0131\" \/>\n<meta property=\"og:description\" content=\"Her klini\u011fin ihtiya\u00e7 duydu\u011fu di\u015f izlenimi kar\u0131\u015ft\u0131rma ipu\u00e7lar\u0131 sunuyoruz, bu y\u00fcksek performansl\u0131 di\u015f kar\u0131\u015ft\u0131rma ucu \u00e7e\u015fitli boyutlarda mevcuttur.\" \/>\n<meta property=\"og:url\" content=\"https:\/\/btektech.com\/tr\/product\/dental-izlenim-karistirma-ipuclari\/\" \/>\n<meta property=\"og:site_name\" content=\"Btektech\" \/>\n<meta property=\"article:modified_time\" content=\"2022-07-26T07:29:59+00:00\" \/>\n<meta property=\"og:image\" content=\"https:\/\/btektech.com\/wp-content\/uploads\/2022\/06\/411654657669_.pic_.jpg\" \/>\n\t<meta property=\"og:image:width\" content=\"750\" \/>\n\t<meta property=\"og:image:height\" content=\"750\" \/>\n\t<meta property=\"og:image:type\" content=\"image\/jpeg\" \/>\n<meta name=\"twitter:card\" content=\"summary_large_image\" \/>\n<meta name=\"twitter:site\" content=\"@Btektech1\" \/>\n<meta name=\"twitter:label1\" content=\"Tahmini okuma s\u00fcresi\" \/>\n\t<meta name=\"twitter:data1\" content=\"1 dakika\" \/>\n<script type=\"application\/ld+json\" class=\"yoast-schema-graph\">{\"@context\":\"https:\/\/schema.org\",\"@graph\":[{\"@type\":[\"WebPage\",\"ItemPage\"],\"@id\":\"https:\/\/btektech.com\/tr\/product\/dental-izlenim-karistirma-ipuclari\/\",\"url\":\"https:\/\/btektech.com\/tr\/product\/dental-izlenim-karistirma-ipuclari\/\",\"name\":\"Dental \u0130zlenim Kar\u0131\u015ft\u0131rma \u0130pu\u00e7lar\u0131 dental izlenim kar\u0131\u015ft\u0131rma ipu\u00e7lar\u0131\",\"isPartOf\":{\"@id\":\"https:\/\/btektech.com\/#website\"},\"primaryImageOfPage\":{\"@id\":\"https:\/\/btektech.com\/tr\/product\/dental-izlenim-karistirma-ipuclari\/#primaryimage\"},\"image\":{\"@id\":\"https:\/\/btektech.com\/tr\/product\/dental-izlenim-karistirma-ipuclari\/#primaryimage\"},\"thumbnailUrl\":\"https:\/\/btektech.com\/wp-content\/uploads\/2022\/06\/411654657669_.pic_.jpg\",\"datePublished\":\"2022-06-08T06:50:52+00:00\",\"dateModified\":\"2022-07-26T07:29:59+00:00\",\"description\":\"Her klini\u011fin ihtiya\u00e7 duydu\u011fu di\u015f izlenimi kar\u0131\u015ft\u0131rma ipu\u00e7lar\u0131 sunuyoruz, bu y\u00fcksek performansl\u0131 di\u015f kar\u0131\u015ft\u0131rma ucu \u00e7e\u015fitli boyutlarda mevcuttur.\",\"breadcrumb\":{\"@id\":\"https:\/\/btektech.com\/tr\/product\/dental-izlenim-karistirma-ipuclari\/#breadcrumb\"},\"inLanguage\":\"tr\",\"potentialAction\":[{\"@type\":\"ReadAction\",\"target\":[\"https:\/\/btektech.com\/tr\/product\/dental-izlenim-karistirma-ipuclari\/\"]}]},{\"@type\":\"ImageObject\",\"inLanguage\":\"tr\",\"@id\":\"https:\/\/btektech.com\/tr\/product\/dental-izlenim-karistirma-ipuclari\/#primaryimage\",\"url\":\"https:\/\/btektech.com\/wp-content\/uploads\/2022\/06\/411654657669_.pic_.jpg\",\"contentUrl\":\"https:\/\/btektech.com\/wp-content\/uploads\/2022\/06\/411654657669_.pic_.jpg\",\"width\":750,\"height\":750,\"caption\":\"dental izlenim kar\u0131\u015ft\u0131rma ipu\u00e7lar\u0131\"},{\"@type\":\"BreadcrumbList\",\"@id\":\"https:\/\/btektech.com\/tr\/product\/dental-izlenim-karistirma-ipuclari\/#breadcrumb\",\"itemListElement\":[{\"@type\":\"ListItem\",\"position\":1,\"name\":\"Home\",\"item\":\"https:\/\/btektech.com\/tr\/home-2\/\"},{\"@type\":\"ListItem\",\"position\":2,\"name\":\"\u00dcr\u00fcnler\",\"item\":\"https:\/\/btektech.com\/tr\/shop\/\"},{\"@type\":\"ListItem\",\"position\":3,\"name\":\"Dental \u0130zlenim Kar\u0131\u015ft\u0131rma \u0130pu\u00e7lar\u0131\"}]},{\"@type\":\"WebSite\",\"@id\":\"https:\/\/btektech.com\/#website\",\"url\":\"https:\/\/btektech.com\/\",\"name\":\"Btektech\",\"description\":\"\",\"publisher\":{\"@id\":\"https:\/\/btektech.com\/#organization\"},\"potentialAction\":[{\"@type\":\"SearchAction\",\"target\":{\"@type\":\"EntryPoint\",\"urlTemplate\":\"https:\/\/btektech.com\/?s={search_term_string}\"},\"query-input\":{\"@type\":\"PropertyValueSpecification\",\"valueRequired\":true,\"valueName\":\"search_term_string\"}}],\"inLanguage\":\"tr\"},{\"@type\":\"Organization\",\"@id\":\"https:\/\/btektech.com\/#organization\",\"name\":\"Btektech\",\"url\":\"https:\/\/btektech.com\/\",\"logo\":{\"@type\":\"ImageObject\",\"inLanguage\":\"tr\",\"@id\":\"https:\/\/btektech.com\/#\/schema\/logo\/image\/\",\"url\":\"https:\/\/btektech.com\/wp-content\/uploads\/2021\/08\/btektech-logo.png\",\"contentUrl\":\"https:\/\/btektech.com\/wp-content\/uploads\/2021\/08\/btektech-logo.png\",\"width\":250,\"height\":114,\"caption\":\"Btektech\"},\"image\":{\"@id\":\"https:\/\/btektech.com\/#\/schema\/logo\/image\/\"},\"sameAs\":[\"https:\/\/x.com\/Btektech1\",\"https:\/\/www.instagram.com\/btektech\/\",\"https:\/\/www.linkedin.com\/company\/suzhou-baotailong-electronic-materials-co-ltd\/\",\"https:\/\/www.pinterest.com\/btektech\/_saved\/\",\"https:\/\/www.youtube.com\/channel\/UCBiw4Bc4CmQDrdo-QqyVTqQ\"]}]}<\/script>\n<!-- \/ Yoast SEO plugin. -->","yoast_head_json":{"title":"Dental \u0130zlenim Kar\u0131\u015ft\u0131rma \u0130pu\u00e7lar\u0131 dental izlenim kar\u0131\u015ft\u0131rma ipu\u00e7lar\u0131","description":"Her klini\u011fin ihtiya\u00e7 duydu\u011fu di\u015f izlenimi kar\u0131\u015ft\u0131rma ipu\u00e7lar\u0131 sunuyoruz, bu y\u00fcksek performansl\u0131 di\u015f kar\u0131\u015ft\u0131rma ucu \u00e7e\u015fitli boyutlarda mevcuttur.","robots":{"index":"index","follow":"follow","max-snippet":"max-snippet:-1","max-image-preview":"max-image-preview:large","max-video-preview":"max-video-preview:-1"},"canonical":"https:\/\/btektech.com\/tr\/product\/dental-izlenim-karistirma-ipuclari\/","og_locale":"tr_TR","og_type":"article","og_title":"Dental \u0130zlenim Kar\u0131\u015ft\u0131rma \u0130pu\u00e7lar\u0131 dental izlenim kar\u0131\u015ft\u0131rma ipu\u00e7lar\u0131","og_description":"Her klini\u011fin ihtiya\u00e7 duydu\u011fu di\u015f izlenimi kar\u0131\u015ft\u0131rma ipu\u00e7lar\u0131 sunuyoruz, bu y\u00fcksek performansl\u0131 di\u015f kar\u0131\u015ft\u0131rma ucu \u00e7e\u015fitli boyutlarda mevcuttur.","og_url":"https:\/\/btektech.com\/tr\/product\/dental-izlenim-karistirma-ipuclari\/","og_site_name":"Btektech","article_modified_time":"2022-07-26T07:29:59+00:00","og_image":[{"width":750,"height":750,"url":"https:\/\/btektech.com\/wp-content\/uploads\/2022\/06\/411654657669_.pic_.jpg","type":"image\/jpeg"}],"twitter_card":"summary_large_image","twitter_site":"@Btektech1","twitter_misc":{"Tahmini okuma s\u00fcresi":"1 dakika"},"schema":{"@context":"https:\/\/schema.org","@graph":[{"@type":["WebPage","ItemPage"],"@id":"https:\/\/btektech.com\/tr\/product\/dental-izlenim-karistirma-ipuclari\/","url":"https:\/\/btektech.com\/tr\/product\/dental-izlenim-karistirma-ipuclari\/","name":"Dental \u0130zlenim Kar\u0131\u015ft\u0131rma \u0130pu\u00e7lar\u0131 dental izlenim kar\u0131\u015ft\u0131rma ipu\u00e7lar\u0131","isPartOf":{"@id":"https:\/\/btektech.com\/#website"},"primaryImageOfPage":{"@id":"https:\/\/btektech.com\/tr\/product\/dental-izlenim-karistirma-ipuclari\/#primaryimage"},"image":{"@id":"https:\/\/btektech.com\/tr\/product\/dental-izlenim-karistirma-ipuclari\/#primaryimage"},"thumbnailUrl":"https:\/\/btektech.com\/wp-content\/uploads\/2022\/06\/411654657669_.pic_.jpg","datePublished":"2022-06-08T06:50:52+00:00","dateModified":"2022-07-26T07:29:59+00:00","description":"Her klini\u011fin ihtiya\u00e7 duydu\u011fu di\u015f izlenimi kar\u0131\u015ft\u0131rma ipu\u00e7lar\u0131 sunuyoruz, bu y\u00fcksek performansl\u0131 di\u015f kar\u0131\u015ft\u0131rma ucu \u00e7e\u015fitli boyutlarda mevcuttur.","breadcrumb":{"@id":"https:\/\/btektech.com\/tr\/product\/dental-izlenim-karistirma-ipuclari\/#breadcrumb"},"inLanguage":"tr","potentialAction":[{"@type":"ReadAction","target":["https:\/\/btektech.com\/tr\/product\/dental-izlenim-karistirma-ipuclari\/"]}]},{"@type":"ImageObject","inLanguage":"tr","@id":"https:\/\/btektech.com\/tr\/product\/dental-izlenim-karistirma-ipuclari\/#primaryimage","url":"https:\/\/btektech.com\/wp-content\/uploads\/2022\/06\/411654657669_.pic_.jpg","contentUrl":"https:\/\/btektech.com\/wp-content\/uploads\/2022\/06\/411654657669_.pic_.jpg","width":750,"height":750,"caption":"dental izlenim kar\u0131\u015ft\u0131rma ipu\u00e7lar\u0131"},{"@type":"BreadcrumbList","@id":"https:\/\/btektech.com\/tr\/product\/dental-izlenim-karistirma-ipuclari\/#breadcrumb","itemListElement":[{"@type":"ListItem","position":1,"name":"Home","item":"https:\/\/btektech.com\/tr\/home-2\/"},{"@type":"ListItem","position":2,"name":"\u00dcr\u00fcnler","item":"https:\/\/btektech.com\/tr\/shop\/"},{"@type":"ListItem","position":3,"name":"Dental \u0130zlenim Kar\u0131\u015ft\u0131rma \u0130pu\u00e7lar\u0131"}]},{"@type":"WebSite","@id":"https:\/\/btektech.com\/#website","url":"https:\/\/btektech.com\/","name":"Btektech","description":"","publisher":{"@id":"https:\/\/btektech.com\/#organization"},"potentialAction":[{"@type":"SearchAction","target":{"@type":"EntryPoint","urlTemplate":"https:\/\/btektech.com\/?s={search_term_string}"},"query-input":{"@type":"PropertyValueSpecification","valueRequired":true,"valueName":"search_term_string"}}],"inLanguage":"tr"},{"@type":"Organization","@id":"https:\/\/btektech.com\/#organization","name":"Btektech","url":"https:\/\/btektech.com\/","logo":{"@type":"ImageObject","inLanguage":"tr","@id":"https:\/\/btektech.com\/#\/schema\/logo\/image\/","url":"https:\/\/btektech.com\/wp-content\/uploads\/2021\/08\/btektech-logo.png","contentUrl":"https:\/\/btektech.com\/wp-content\/uploads\/2021\/08\/btektech-logo.png","width":250,"height":114,"caption":"Btektech"},"image":{"@id":"https:\/\/btektech.com\/#\/schema\/logo\/image\/"},"sameAs":["https:\/\/x.com\/Btektech1","https:\/\/www.instagram.com\/btektech\/","https:\/\/www.linkedin.com\/company\/suzhou-baotailong-electronic-materials-co-ltd\/","https:\/\/www.pinterest.com\/btektech\/_saved\/","https:\/\/www.youtube.com\/channel\/UCBiw4Bc4CmQDrdo-QqyVTqQ"]}]}},"_links":{"self":[{"href":"https:\/\/btektech.com\/tr\/wp-json\/wp\/v2\/product\/6021","targetHints":{"allow":["GET"]}}],"collection":[{"href":"https:\/\/btektech.com\/tr\/wp-json\/wp\/v2\/product"}],"about":[{"href":"https:\/\/btektech.com\/tr\/wp-json\/wp\/v2\/types\/product"}],"replies":[{"embeddable":true,"href":"https:\/\/btektech.com\/tr\/wp-json\/wp\/v2\/comments?post=6021"}],"version-history":[{"count":0,"href":"https:\/\/btektech.com\/tr\/wp-json\/wp\/v2\/product\/6021\/revisions"}],"wp:featuredmedia":[{"embeddable":true,"href":"https:\/\/btektech.com\/tr\/wp-json\/wp\/v2\/media\/5983"}],"wp:attachment":[{"href":"https:\/\/btektech.com\/tr\/wp-json\/wp\/v2\/media?parent=6021"}],"wp:term":[{"taxonomy":"product_brand","embeddable":true,"href":"https:\/\/btektech.com\/tr\/wp-json\/wp\/v2\/product_brand?post=6021"},{"taxonomy":"product_cat","embeddable":true,"href":"https:\/\/btektech.com\/tr\/wp-json\/wp\/v2\/product_cat?post=6021"},{"taxonomy":"product_tag","embeddable":true,"href":"https:\/\/btektech.com\/tr\/wp-json\/wp\/v2\/product_tag?post=6021"}],"curies":[{"name":"wp","href":"https:\/\/api.w.org\/{rel}","templated":true}]}}