{"id":5761,"date":"2022-05-19T02:09:36","date_gmt":"2022-05-19T02:09:36","guid":{"rendered":"https:\/\/btektech.com\/product\/brush-dispensing-tips\/"},"modified":"2022-07-29T08:44:38","modified_gmt":"2022-07-29T08:44:38","slug":"brush-dispensing-tips","status":"publish","type":"product","link":"https:\/\/btektech.com\/tr\/product\/brush-dispensing-tips\/","title":{"rendered":"F\u0131r\u00e7a Da\u011f\u0131t\u0131m \u0130pu\u00e7lar\u0131"},"content":{"rendered":"<p>T\u00fcm da\u011f\u0131t\u0131m u\u00e7lar\u0131m\u0131z evrensel iplik Luer kilitleri kullan\u0131r, bu nedenle \u00e7o\u011fu da\u011f\u0131t\u0131c\u0131 ve da\u011f\u0131t\u0131c\u0131ya uyarlar. Da\u011f\u0131t\u0131c\u0131 f\u0131r\u00e7a u\u00e7lar\u0131 yumu\u015fak naylondan yap\u0131lm\u0131\u015ft\u0131r. \u00c7e\u015fitli boyutlarda ve renklerde mevcuttur.<br \/>\nF\u0131r\u00e7a ucu da\u011f\u0131t\u0131c\u0131lar\u0131, ya\u011flay\u0131c\u0131lar, aktivat\u00f6rler, yap\u0131\u015ft\u0131r\u0131c\u0131lar, ya\u011flar, \u00e7\u00f6z\u00fcc\u00fcler ve daha fazlas\u0131 gibi d\u00fc\u015f\u00fck viskoziteli malzemeler i\u00e7in uygundur. Y\u00fcksek viskoziteli yap\u0131\u015ft\u0131r\u0131c\u0131lar i\u00e7in uygun de\u011fildir. Esnek, dayan\u0131kl\u0131, y\u00fcksek s\u0131cakl\u0131klara dayan\u0131kl\u0131 ve \u00e7o\u011fu \u00e7\u00f6z\u00fcc\u00fc, alkali, asit ve k\u00fcf taraf\u0131ndan korozyona kar\u015f\u0131 dayan\u0131kl\u0131d\u0131rlar &#8211; m\u00fckemmel ve istikrarl\u0131 performans.<br \/>\nF\u0131r\u00e7a ucu da\u011f\u0131t\u0131c\u0131s\u0131 silikon i\u00e7ermez ve 100 psi&#8217;ye kadar kullan\u0131m\u0131 g\u00fcvenlidir. Sert ve yumu\u015fak k\u0131llarda mevcuttur, \u00e7o\u011fu senaryo i\u00e7in uygundur. BSE\/TSE standartlar\u0131yla uyumlu &#8211; \u00c7e\u015fitli kullan\u0131m senaryolar\u0131n\u0131n kullan\u0131m ve ihtiya\u00e7lar\u0131n\u0131 kar\u015f\u0131lay\u0131n. Herhangi bir sorunuz varsa, l\u00fctfen zaman\u0131nda bizimle ileti\u015fime ge\u00e7in: <a href=\"https:\/\/btektech.com\/tr\/iletisim\/\">\u00a0Bize Ula\u015f\u0131n .<\/a><\/p>\n<table  style=\"border-collapse: collapse; text-align: center;\" border=\"0\"  cellspacing=\"0\" cellpadding=\"0\">\n<tbody>\n<tr>\n<th>\u00d6l\u00e7er<\/th>\n<th>Renk<\/th>\n<th colspan=\"5\">Yuvarlak (mm)<\/th>\n<th colspan=\"4\">D\u00fcz (mm)<\/th>\n<\/tr>\n<tr>\n<td>14<\/td>\n<td>Zeytin<\/td>\n<td>NA<\/td>\n<td>NA<\/td>\n<td>4<\/td>\n<td>5<\/td>\n<td>6<\/td>\n<td>NA<\/td>\n<td>4<\/td>\n<td>5<\/td>\n<td>6<\/td>\n<\/tr>\n<tr>\n<td>15<\/td>\n<td>Kehribar<\/td>\n<td>NA<\/td>\n<td>NA<\/td>\n<td>4<\/td>\n<td>5<\/td>\n<td>6<\/td>\n<td>NA<\/td>\n<td>4<\/td>\n<td>5<\/td>\n<td>6<\/td>\n<\/tr>\n<tr>\n<td>16<\/td>\n<td>Gri<\/td>\n<td>NA<\/td>\n<td>NA<\/td>\n<td>4<\/td>\n<td>5<\/td>\n<td>6<\/td>\n<td>NA<\/td>\n<td>4<\/td>\n<td>5<\/td>\n<td>6<\/td>\n<\/tr>\n<tr>\n<td>18<\/td>\n<td>Ye\u015fil<\/td>\n<td>NA<\/td>\n<td>NA<\/td>\n<td>4<\/td>\n<td>5<\/td>\n<td>6<\/td>\n<td>3<\/td>\n<td>4<\/td>\n<td>5<\/td>\n<td>6<\/td>\n<\/tr>\n<tr>\n<td>20<\/td>\n<td>Pembe<\/td>\n<td>2<\/td>\n<td>3<\/td>\n<td>4<\/td>\n<td>5<\/td>\n<td>6<\/td>\n<td>3<\/td>\n<td>4<\/td>\n<td>5<\/td>\n<td>6<\/td>\n<\/tr>\n<tr>\n<td>21<\/td>\n<td>Mor<\/td>\n<td>2<\/td>\n<td>3<\/td>\n<td>4<\/td>\n<td>5<\/td>\n<td>6<\/td>\n<td>3<\/td>\n<td>4<\/td>\n<td>5<\/td>\n<td>6<\/td>\n<\/tr>\n<tr>\n<td>22<\/td>\n<td>Mavi<\/td>\n<td>2<\/td>\n<td>3<\/td>\n<td>4<\/td>\n<td>5<\/td>\n<td>6<\/td>\n<td>3<\/td>\n<td>4<\/td>\n<td>5<\/td>\n<td>6<\/td>\n<\/tr>\n<tr>\n<td>23<\/td>\n<td>Portakal<\/td>\n<td>2<\/td>\n<td>3<\/td>\n<td>4<\/td>\n<td>5<\/td>\n<td>6<\/td>\n<td>3<\/td>\n<td>4<\/td>\n<td>5<\/td>\n<td>6<\/td>\n<\/tr>\n<tr>\n<td>25<\/td>\n<td>K\u0131rm\u0131z\u0131<\/td>\n<td>2<\/td>\n<td>3<\/td>\n<td>4<\/td>\n<td>5<\/td>\n<td>6<\/td>\n<td>3<\/td>\n<td>4<\/td>\n<td>5<\/td>\n<td>6<\/td>\n<\/tr>\n<tr>\n<td>27<\/td>\n<td>Berrak<\/td>\n<td>2<\/td>\n<td>3<\/td>\n<td>4<\/td>\n<td>5<\/td>\n<td>6<\/td>\n<td>3<\/td>\n<td>4<\/td>\n<td>5<\/td>\n<td>6<\/td>\n<\/tr>\n<tr>\n<td>30<\/td>\n<td>Lavanta<\/td>\n<td>2<\/td>\n<td>3<\/td>\n<td>4<\/td>\n<td>5<\/td>\n<td>6<\/td>\n<td>3<\/td>\n<td>4<\/td>\n<td>5<\/td>\n<td>6<\/td>\n<\/tr>\n<tr>\n<td>32<\/td>\n<td>Sar\u0131<\/td>\n<td>2<\/td>\n<td>3<\/td>\n<td>4<\/td>\n<td>5<\/td>\n<td>6<\/td>\n<td>3<\/td>\n<td>4<\/td>\n<td>5<\/td>\n<td>6<\/td>\n<\/tr>\n<\/tbody>\n<\/table>\n","protected":false},"excerpt":{"rendered":"<p>f\u0131r\u00e7a da\u011f\u0131t\u0131m u\u00e7lar\u0131, sa\u011flam ve g\u00fcvenilir bir tabana sahip, pn\u00f6matik da\u011f\u0131t\u0131c\u0131lar vb. \u0130\u00e7in uygun, basit ve bilimsel olacak \u015fekilde tasarlanm\u0131\u015ft\u0131r. Al\u0131nt\u0131<\/p>\n<p><audio style=\"display: none;\" controls=\"controls\"><\/audio><\/p>\n<p><audio style=\"display: none;\" controls=\"controls\"><\/audio><\/p>\n<p><audio style=\"display: none;\" controls=\"controls\"><\/audio><\/p>\n<p><audio style=\"display: none;\" controls=\"controls\"><\/audio><\/p>\n<p><audio style=\"display: none;\" controls=\"controls\"><\/audio><\/p>\n<p><audio style=\"display: none;\" controls=\"controls\"><\/audio><\/p>\n<p><audio style=\"display: none;\" controls=\"controls\"><\/audio><\/p>\n<p><audio style=\"display: none;\" controls=\"controls\"><\/audio><\/p>\n<p><audio style=\"display: none;\" controls=\"controls\"><\/audio><\/p>\n<p><audio style=\"display: none;\" controls=\"controls\"><\/audio><\/p>\n<p><audio style=\"display: none;\" controls=\"controls\"><\/audio><\/p>\n<p><audio style=\"display: none;\" controls=\"controls\"><\/audio><\/p>\n<p><audio style=\"display: none;\" controls=\"controls\"><\/audio><\/p>\n<p><audio style=\"display: none;\" controls=\"controls\"><\/audio><\/p>\n<p><audio style=\"display: none;\" controls=\"controls\"><\/audio><\/p>\n<p><audio style=\"display: none;\" controls=\"controls\"><\/audio><\/p>\n<p><audio style=\"display: none;\" controls=\"controls\"><\/audio><\/p>\n<p><audio style=\"display: none;\" controls=\"controls\"><\/audio><\/p>\n<p><audio style=\"display: none;\" controls=\"controls\"><\/audio><\/p>\n<p><audio style=\"display: none;\" controls=\"controls\"><\/audio><\/p>\n<p><audio style=\"display: none;\" controls=\"controls\"><\/audio><\/p>\n<p><audio style=\"display: none;\" controls=\"controls\"><\/audio><\/p>\n<p><audio style=\"display: none;\" controls=\"controls\"><\/audio><\/p>\n<p><audio style=\"display: none;\" controls=\"controls\"><\/audio><\/p>\n<p><audio style=\"display: none;\" controls=\"controls\"><\/audio><\/p>\n<p><audio style=\"display: none;\" controls=\"controls\"><\/audio><\/p>\n<p><audio style=\"display: none;\" controls=\"controls\"><\/audio><\/p>\n<p><audio style=\"display: none;\" controls=\"controls\"><\/audio><\/p>\n<p><audio style=\"display: none;\" controls=\"controls\"><\/audio><\/p>\n<p><audio style=\"display: none;\" controls=\"controls\"><\/audio><\/p>\n<p><audio style=\"display: none;\" controls=\"controls\"><\/audio><\/p>\n<p><audio style=\"display: none;\" controls=\"controls\"><\/audio><\/p>\n<p><audio style=\"display: none;\" controls=\"controls\"><\/audio><\/p>\n<p><audio style=\"display: none;\" controls=\"controls\"><\/audio><\/p>\n<p><audio style=\"display: none;\" controls=\"controls\"><\/audio><\/p>\n<p><audio style=\"display: none;\" controls=\"controls\"><\/audio><\/p>\n<p><audio style=\"display: none;\" controls=\"controls\"><\/audio><\/p>\n<p><audio style=\"display: none;\" controls=\"controls\"><\/audio><\/p>\n<p><audio style=\"display: none;\" controls=\"controls\"><\/audio><\/p>\n","protected":false},"featured_media":21496,"comment_status":"open","ping_status":"closed","template":"","meta":{"_acf_changed":false},"product_brand":[],"product_cat":[152],"product_tag":[],"class_list":{"0":"post-5761","1":"product","2":"type-product","3":"status-publish","4":"has-post-thumbnail","6":"product_cat-dagitim-enjektor-igne-ucu","8":"first","9":"instock","10":"shipping-taxable","11":"product-type-simple"},"acf":[],"yoast_head":"<!-- This site is optimized with the Yoast SEO plugin v27.5 - https:\/\/yoast.com\/product\/yoast-seo-wordpress\/ -->\n<title>F\u0131r\u00e7a Da\u011f\u0131t\u0131m \u0130pu\u00e7lar\u0131 - Btektech<\/title>\n<meta name=\"description\" content=\"f\u0131r\u00e7a da\u011f\u0131t\u0131m u\u00e7lar\u0131, sa\u011flam ve g\u00fcvenilir bir tabana sahip, pn\u00f6matik da\u011f\u0131t\u0131c\u0131lar vb. \u0130\u00e7in uygun, basit ve bilimsel olacak \u015fekilde tasarlanm\u0131\u015ft\u0131r.\" \/>\n<meta name=\"robots\" content=\"index, follow, max-snippet:-1, max-image-preview:large, max-video-preview:-1\" \/>\n<link rel=\"canonical\" href=\"https:\/\/btektech.com\/tr\/product\/brush-dispensing-tips\/\" \/>\n<meta property=\"og:locale\" content=\"tr_TR\" \/>\n<meta property=\"og:type\" content=\"article\" \/>\n<meta property=\"og:title\" content=\"F\u0131r\u00e7a Da\u011f\u0131t\u0131m \u0130pu\u00e7lar\u0131 - Btektech\" \/>\n<meta property=\"og:description\" content=\"f\u0131r\u00e7a da\u011f\u0131t\u0131m u\u00e7lar\u0131, sa\u011flam ve g\u00fcvenilir bir tabana sahip, pn\u00f6matik da\u011f\u0131t\u0131c\u0131lar vb. \u0130\u00e7in uygun, basit ve bilimsel olacak \u015fekilde tasarlanm\u0131\u015ft\u0131r.\" \/>\n<meta property=\"og:url\" content=\"https:\/\/btektech.com\/tr\/product\/brush-dispensing-tips\/\" \/>\n<meta property=\"og:site_name\" content=\"Btektech\" \/>\n<meta property=\"article:modified_time\" content=\"2022-07-29T08:44:38+00:00\" \/>\n<meta property=\"og:image\" content=\"https:\/\/btektech.com\/wp-content\/uploads\/2022\/05\/Brush-dispensing-tips-1.jpg\" \/>\n\t<meta property=\"og:image:width\" content=\"800\" \/>\n\t<meta property=\"og:image:height\" content=\"800\" \/>\n\t<meta property=\"og:image:type\" content=\"image\/jpeg\" \/>\n<meta name=\"twitter:card\" content=\"summary_large_image\" \/>\n<meta name=\"twitter:site\" content=\"@Btektech1\" \/>\n<script type=\"application\/ld+json\" class=\"yoast-schema-graph\">{\"@context\":\"https:\\\/\\\/schema.org\",\"@graph\":[{\"@type\":[\"WebPage\",\"ItemPage\"],\"@id\":\"https:\\\/\\\/btektech.com\\\/tr\\\/product\\\/brush-dispensing-tips\\\/\",\"url\":\"https:\\\/\\\/btektech.com\\\/tr\\\/product\\\/brush-dispensing-tips\\\/\",\"name\":\"F\u0131r\u00e7a Da\u011f\u0131t\u0131m \u0130pu\u00e7lar\u0131 - Btektech\",\"isPartOf\":{\"@id\":\"https:\\\/\\\/btektech.com\\\/#website\"},\"primaryImageOfPage\":{\"@id\":\"https:\\\/\\\/btektech.com\\\/tr\\\/product\\\/brush-dispensing-tips\\\/#primaryimage\"},\"image\":{\"@id\":\"https:\\\/\\\/btektech.com\\\/tr\\\/product\\\/brush-dispensing-tips\\\/#primaryimage\"},\"thumbnailUrl\":\"https:\\\/\\\/btektech.com\\\/wp-content\\\/uploads\\\/2025\\\/12\\\/3.jpg\",\"datePublished\":\"2022-05-19T02:09:36+00:00\",\"dateModified\":\"2022-07-29T08:44:38+00:00\",\"description\":\"f\u0131r\u00e7a da\u011f\u0131t\u0131m u\u00e7lar\u0131, sa\u011flam ve g\u00fcvenilir bir tabana sahip, pn\u00f6matik da\u011f\u0131t\u0131c\u0131lar vb. \u0130\u00e7in uygun, basit ve bilimsel olacak \u015fekilde tasarlanm\u0131\u015ft\u0131r.\",\"breadcrumb\":{\"@id\":\"https:\\\/\\\/btektech.com\\\/tr\\\/product\\\/brush-dispensing-tips\\\/#breadcrumb\"},\"inLanguage\":\"tr\",\"potentialAction\":[{\"@type\":\"ReadAction\",\"target\":[\"https:\\\/\\\/btektech.com\\\/tr\\\/product\\\/brush-dispensing-tips\\\/\"]}]},{\"@type\":\"ImageObject\",\"inLanguage\":\"tr\",\"@id\":\"https:\\\/\\\/btektech.com\\\/tr\\\/product\\\/brush-dispensing-tips\\\/#primaryimage\",\"url\":\"https:\\\/\\\/btektech.com\\\/wp-content\\\/uploads\\\/2025\\\/12\\\/3.jpg\",\"contentUrl\":\"https:\\\/\\\/btektech.com\\\/wp-content\\\/uploads\\\/2025\\\/12\\\/3.jpg\",\"width\":800,\"height\":800,\"caption\":\"brush dispensing tips\"},{\"@type\":\"BreadcrumbList\",\"@id\":\"https:\\\/\\\/btektech.com\\\/tr\\\/product\\\/brush-dispensing-tips\\\/#breadcrumb\",\"itemListElement\":[{\"@type\":\"ListItem\",\"position\":1,\"name\":\"Home\",\"item\":\"https:\\\/\\\/btektech.com\\\/\"},{\"@type\":\"ListItem\",\"position\":2,\"name\":\"\u00dcr\u00fcnler\",\"item\":\"https:\\\/\\\/btektech.com\\\/tr\\\/shop\\\/\"},{\"@type\":\"ListItem\",\"position\":3,\"name\":\"Dispensing Tips\",\"item\":\"https:\\\/\\\/btektech.com\\\/product-category\\\/dispensing-tips\\\/\"},{\"@type\":\"ListItem\",\"position\":4,\"name\":\"F\u0131r\u00e7a Da\u011f\u0131t\u0131m \u0130pu\u00e7lar\u0131\"}]},{\"@type\":\"WebSite\",\"@id\":\"https:\\\/\\\/btektech.com\\\/#website\",\"url\":\"https:\\\/\\\/btektech.com\\\/\",\"name\":\"Btektech\",\"description\":\"\",\"publisher\":{\"@id\":\"https:\\\/\\\/btektech.com\\\/#organization\"},\"potentialAction\":[{\"@type\":\"SearchAction\",\"target\":{\"@type\":\"EntryPoint\",\"urlTemplate\":\"https:\\\/\\\/btektech.com\\\/?s={search_term_string}\"},\"query-input\":{\"@type\":\"PropertyValueSpecification\",\"valueRequired\":true,\"valueName\":\"search_term_string\"}}],\"inLanguage\":\"tr\"},{\"@type\":\"Organization\",\"@id\":\"https:\\\/\\\/btektech.com\\\/#organization\",\"name\":\"Btektech\",\"url\":\"https:\\\/\\\/btektech.com\\\/\",\"logo\":{\"@type\":\"ImageObject\",\"inLanguage\":\"tr\",\"@id\":\"https:\\\/\\\/btektech.com\\\/#\\\/schema\\\/logo\\\/image\\\/\",\"url\":\"https:\\\/\\\/btektech.com\\\/wp-content\\\/uploads\\\/2021\\\/08\\\/btektech-logo.png\",\"contentUrl\":\"https:\\\/\\\/btektech.com\\\/wp-content\\\/uploads\\\/2021\\\/08\\\/btektech-logo.png\",\"width\":250,\"height\":114,\"caption\":\"Btektech\"},\"image\":{\"@id\":\"https:\\\/\\\/btektech.com\\\/#\\\/schema\\\/logo\\\/image\\\/\"},\"sameAs\":[\"https:\\\/\\\/x.com\\\/Btektech1\",\"https:\\\/\\\/www.instagram.com\\\/btektech\\\/\",\"https:\\\/\\\/www.linkedin.com\\\/company\\\/suzhou-baotailong-electronic-materials-co-ltd\\\/\",\"https:\\\/\\\/www.pinterest.com\\\/btektech\\\/_saved\\\/\",\"https:\\\/\\\/www.youtube.com\\\/channel\\\/UCBiw4Bc4CmQDrdo-QqyVTqQ\"]}]}<\/script>\n<!-- \/ Yoast SEO plugin. -->","yoast_head_json":{"title":"F\u0131r\u00e7a Da\u011f\u0131t\u0131m \u0130pu\u00e7lar\u0131 - Btektech","description":"f\u0131r\u00e7a da\u011f\u0131t\u0131m u\u00e7lar\u0131, sa\u011flam ve g\u00fcvenilir bir tabana sahip, pn\u00f6matik da\u011f\u0131t\u0131c\u0131lar vb. \u0130\u00e7in uygun, basit ve bilimsel olacak \u015fekilde tasarlanm\u0131\u015ft\u0131r.","robots":{"index":"index","follow":"follow","max-snippet":"max-snippet:-1","max-image-preview":"max-image-preview:large","max-video-preview":"max-video-preview:-1"},"canonical":"https:\/\/btektech.com\/tr\/product\/brush-dispensing-tips\/","og_locale":"tr_TR","og_type":"article","og_title":"F\u0131r\u00e7a Da\u011f\u0131t\u0131m \u0130pu\u00e7lar\u0131 - Btektech","og_description":"f\u0131r\u00e7a da\u011f\u0131t\u0131m u\u00e7lar\u0131, sa\u011flam ve g\u00fcvenilir bir tabana sahip, pn\u00f6matik da\u011f\u0131t\u0131c\u0131lar vb. \u0130\u00e7in uygun, basit ve bilimsel olacak \u015fekilde tasarlanm\u0131\u015ft\u0131r.","og_url":"https:\/\/btektech.com\/tr\/product\/brush-dispensing-tips\/","og_site_name":"Btektech","article_modified_time":"2022-07-29T08:44:38+00:00","og_image":[{"width":800,"height":800,"url":"https:\/\/btektech.com\/wp-content\/uploads\/2022\/05\/Brush-dispensing-tips-1.jpg","type":"image\/jpeg"}],"twitter_card":"summary_large_image","twitter_site":"@Btektech1","schema":{"@context":"https:\/\/schema.org","@graph":[{"@type":["WebPage","ItemPage"],"@id":"https:\/\/btektech.com\/tr\/product\/brush-dispensing-tips\/","url":"https:\/\/btektech.com\/tr\/product\/brush-dispensing-tips\/","name":"F\u0131r\u00e7a Da\u011f\u0131t\u0131m \u0130pu\u00e7lar\u0131 - Btektech","isPartOf":{"@id":"https:\/\/btektech.com\/#website"},"primaryImageOfPage":{"@id":"https:\/\/btektech.com\/tr\/product\/brush-dispensing-tips\/#primaryimage"},"image":{"@id":"https:\/\/btektech.com\/tr\/product\/brush-dispensing-tips\/#primaryimage"},"thumbnailUrl":"https:\/\/btektech.com\/wp-content\/uploads\/2025\/12\/3.jpg","datePublished":"2022-05-19T02:09:36+00:00","dateModified":"2022-07-29T08:44:38+00:00","description":"f\u0131r\u00e7a da\u011f\u0131t\u0131m u\u00e7lar\u0131, sa\u011flam ve g\u00fcvenilir bir tabana sahip, pn\u00f6matik da\u011f\u0131t\u0131c\u0131lar vb. \u0130\u00e7in uygun, basit ve bilimsel olacak \u015fekilde tasarlanm\u0131\u015ft\u0131r.","breadcrumb":{"@id":"https:\/\/btektech.com\/tr\/product\/brush-dispensing-tips\/#breadcrumb"},"inLanguage":"tr","potentialAction":[{"@type":"ReadAction","target":["https:\/\/btektech.com\/tr\/product\/brush-dispensing-tips\/"]}]},{"@type":"ImageObject","inLanguage":"tr","@id":"https:\/\/btektech.com\/tr\/product\/brush-dispensing-tips\/#primaryimage","url":"https:\/\/btektech.com\/wp-content\/uploads\/2025\/12\/3.jpg","contentUrl":"https:\/\/btektech.com\/wp-content\/uploads\/2025\/12\/3.jpg","width":800,"height":800,"caption":"brush dispensing tips"},{"@type":"BreadcrumbList","@id":"https:\/\/btektech.com\/tr\/product\/brush-dispensing-tips\/#breadcrumb","itemListElement":[{"@type":"ListItem","position":1,"name":"Home","item":"https:\/\/btektech.com\/"},{"@type":"ListItem","position":2,"name":"\u00dcr\u00fcnler","item":"https:\/\/btektech.com\/tr\/shop\/"},{"@type":"ListItem","position":3,"name":"Dispensing Tips","item":"https:\/\/btektech.com\/product-category\/dispensing-tips\/"},{"@type":"ListItem","position":4,"name":"F\u0131r\u00e7a Da\u011f\u0131t\u0131m \u0130pu\u00e7lar\u0131"}]},{"@type":"WebSite","@id":"https:\/\/btektech.com\/#website","url":"https:\/\/btektech.com\/","name":"Btektech","description":"","publisher":{"@id":"https:\/\/btektech.com\/#organization"},"potentialAction":[{"@type":"SearchAction","target":{"@type":"EntryPoint","urlTemplate":"https:\/\/btektech.com\/?s={search_term_string}"},"query-input":{"@type":"PropertyValueSpecification","valueRequired":true,"valueName":"search_term_string"}}],"inLanguage":"tr"},{"@type":"Organization","@id":"https:\/\/btektech.com\/#organization","name":"Btektech","url":"https:\/\/btektech.com\/","logo":{"@type":"ImageObject","inLanguage":"tr","@id":"https:\/\/btektech.com\/#\/schema\/logo\/image\/","url":"https:\/\/btektech.com\/wp-content\/uploads\/2021\/08\/btektech-logo.png","contentUrl":"https:\/\/btektech.com\/wp-content\/uploads\/2021\/08\/btektech-logo.png","width":250,"height":114,"caption":"Btektech"},"image":{"@id":"https:\/\/btektech.com\/#\/schema\/logo\/image\/"},"sameAs":["https:\/\/x.com\/Btektech1","https:\/\/www.instagram.com\/btektech\/","https:\/\/www.linkedin.com\/company\/suzhou-baotailong-electronic-materials-co-ltd\/","https:\/\/www.pinterest.com\/btektech\/_saved\/","https:\/\/www.youtube.com\/channel\/UCBiw4Bc4CmQDrdo-QqyVTqQ"]}]}},"_links":{"self":[{"href":"https:\/\/btektech.com\/tr\/wp-json\/wp\/v2\/product\/5761","targetHints":{"allow":["GET"]}}],"collection":[{"href":"https:\/\/btektech.com\/tr\/wp-json\/wp\/v2\/product"}],"about":[{"href":"https:\/\/btektech.com\/tr\/wp-json\/wp\/v2\/types\/product"}],"replies":[{"embeddable":true,"href":"https:\/\/btektech.com\/tr\/wp-json\/wp\/v2\/comments?post=5761"}],"version-history":[{"count":0,"href":"https:\/\/btektech.com\/tr\/wp-json\/wp\/v2\/product\/5761\/revisions"}],"wp:featuredmedia":[{"embeddable":true,"href":"https:\/\/btektech.com\/tr\/wp-json\/wp\/v2\/media\/21496"}],"wp:attachment":[{"href":"https:\/\/btektech.com\/tr\/wp-json\/wp\/v2\/media?parent=5761"}],"wp:term":[{"taxonomy":"product_brand","embeddable":true,"href":"https:\/\/btektech.com\/tr\/wp-json\/wp\/v2\/product_brand?post=5761"},{"taxonomy":"product_cat","embeddable":true,"href":"https:\/\/btektech.com\/tr\/wp-json\/wp\/v2\/product_cat?post=5761"},{"taxonomy":"product_tag","embeddable":true,"href":"https:\/\/btektech.com\/tr\/wp-json\/wp\/v2\/product_tag?post=5761"}],"curies":[{"name":"wp","href":"https:\/\/api.w.org\/{rel}","templated":true}]}}