{"id":5362,"date":"2021-09-07T05:54:18","date_gmt":"2022-04-25T09:05:12","guid":{"rendered":"https:\/\/btektech.com\/product\/esnek-dagitim-ipuclari\/"},"modified":"2022-08-02T06:17:48","modified_gmt":"2022-08-02T06:17:48","slug":"esnek-dagitim-ipuclari","status":"publish","type":"product","link":"https:\/\/btektech.com\/tr\/product\/esnek-dagitim-ipuclari\/","title":{"rendered":"Esnek Da\u011f\u0131t\u0131m \u0130pu\u00e7lar\u0131"},"content":{"rendered":"<p>Esnek i\u011fneler paslanmaya kar\u015f\u0131 dayan\u0131kl\u0131d\u0131r ve i\u011fnenin par\u00e7as\u0131 dokundu\u011fu yeri kolayca \u00e7izmez. Ayr\u0131ca gerekti\u011fi gibi kesebilirsiniz.<\/p>\n<div style=\"overflow: auto;\">\n<table style=\"text-align: center;\">\n<tbody>\n<tr>\n<th>\u00f6l\u00e7er<\/th>\n<th>Renk<\/th>\n<th>kimlik(mm)<\/th>\n<th>OD(mm)<\/th>\n<th>6.35mm (1\/4&#8243;)<\/th>\n<th>12,7 mm (1\/2&#8243;)<\/th>\n<th>25,4 mm (1&#8243;)<\/th>\n<th>38,1 mm (3\/2&#8243;)<\/th>\n<\/tr>\n<tr>\n<td>14<\/td>\n<td>zeytin<\/td>\n<td>1.3<\/td>\n<td>1.78<\/td>\n<td>FT 14025<\/td>\n<td>FT 14050<\/td>\n<td>FT14100<\/td>\n<td>FT14150<\/td>\n<\/tr>\n<tr>\n<td>15<\/td>\n<td>kehribar<\/td>\n<td>1.1<\/td>\n<td>1.78<\/td>\n<td>FT 15025<\/td>\n<td>FT 15050<\/td>\n<td>FT 15100<\/td>\n<td>FT 15150<\/td>\n<\/tr>\n<tr>\n<td>16<\/td>\n<td>Gri<\/td>\n<td>1<\/td>\n<td>1.65<\/td>\n<td>FT 15025<\/td>\n<td>FT 15050<\/td>\n<td>FT 15100<\/td>\n<td>FT 15150<\/td>\n<\/tr>\n<tr>\n<td>18<\/td>\n<td>Ye\u015fil<\/td>\n<td>0.84<\/td>\n<td>1.26<\/td>\n<td>FT 18025<\/td>\n<td>FT 18050<\/td>\n<td>FT 18100<\/td>\n<td>FT 18150<\/td>\n<\/tr>\n<tr>\n<td>20<\/td>\n<td>Pembe<\/td>\n<td>0.6<\/td>\n<td>0.9<\/td>\n<td>FT 20025<\/td>\n<td>FT 200550<\/td>\n<td>FT 201000<\/td>\n<td>FT 20150<\/td>\n<\/tr>\n<tr>\n<td>22<\/td>\n<td>Mavi<\/td>\n<td>0.41<\/td>\n<td>0.7<\/td>\n<td>FT 22025<\/td>\n<td>FT 22050<\/td>\n<td>FT 22100<\/td>\n<td>FT 22150<\/td>\n<\/tr>\n<tr>\n<td>25<\/td>\n<td>K\u0131rm\u0131z\u0131<\/td>\n<td>0.3<\/td>\n<td>0.78<\/td>\n<td>FT 25025<\/td>\n<td>FT 25050<\/td>\n<td>FT25100<\/td>\n<td>FT25150<\/td>\n<\/tr>\n<\/tbody>\n<\/table>\n<\/div>\n","protected":false},"excerpt":{"rendered":"<p>Esnek i\u011fne, karma\u015f\u0131k \u00e7al\u0131\u015fma y\u00fczeylerinde da\u011f\u0131t\u0131m i\u00e7in ideal olan bir PP i\u011fne borusu ve bir polietilen tabandan olu\u015fur.<\/p>\n","protected":false},"featured_media":21502,"comment_status":"open","ping_status":"closed","template":"","meta":{"_acf_changed":false},"product_brand":[],"product_cat":[152],"product_tag":[],"class_list":{"0":"post-5362","1":"product","2":"type-product","3":"status-publish","4":"has-post-thumbnail","6":"product_cat-dagitim-enjektor-igne-ucu","8":"first","9":"instock","10":"shipping-taxable","11":"product-type-simple"},"acf":[],"yoast_head":"<!-- This site is optimized with the Yoast SEO plugin v26.0 - https:\/\/yoast.com\/wordpress\/plugins\/seo\/ -->\n<title>Esnek Da\u011f\u0131t\u0131m \u0130pu\u00e7lar\u0131 - Btektech<\/title>\n<meta name=\"description\" content=\"Esnek i\u011fne, karma\u015f\u0131k \u00e7al\u0131\u015fma y\u00fczeylerinde da\u011f\u0131t\u0131m i\u00e7in ideal olan bir PP i\u011fne borusu ve bir polietilen tabandan olu\u015fur.\" \/>\n<meta name=\"robots\" content=\"index, follow, max-snippet:-1, max-image-preview:large, max-video-preview:-1\" \/>\n<link rel=\"canonical\" href=\"https:\/\/btektech.com\/tr\/product\/esnek-dagitim-ipuclari\/\" \/>\n<meta property=\"og:locale\" content=\"tr_TR\" \/>\n<meta property=\"og:type\" content=\"article\" \/>\n<meta property=\"og:title\" content=\"Esnek Da\u011f\u0131t\u0131m \u0130pu\u00e7lar\u0131 - Btektech\" \/>\n<meta property=\"og:description\" content=\"Esnek i\u011fne, karma\u015f\u0131k \u00e7al\u0131\u015fma y\u00fczeylerinde da\u011f\u0131t\u0131m i\u00e7in ideal olan bir PP i\u011fne borusu ve bir polietilen tabandan olu\u015fur.\" \/>\n<meta property=\"og:url\" content=\"https:\/\/btektech.com\/tr\/product\/esnek-dagitim-ipuclari\/\" \/>\n<meta property=\"og:site_name\" content=\"Btektech\" \/>\n<meta property=\"article:modified_time\" content=\"2022-08-02T06:17:48+00:00\" \/>\n<meta property=\"og:image\" content=\"https:\/\/btektech.com\/wp-content\/uploads\/2021\/09\/pp-15G-1.jpg\" \/>\n\t<meta property=\"og:image:width\" content=\"1000\" \/>\n\t<meta property=\"og:image:height\" content=\"1000\" \/>\n\t<meta property=\"og:image:type\" content=\"image\/jpeg\" \/>\n<meta name=\"twitter:card\" content=\"summary_large_image\" \/>\n<meta name=\"twitter:site\" content=\"@Btektech1\" \/>\n<script type=\"application\/ld+json\" class=\"yoast-schema-graph\">{\"@context\":\"https:\/\/schema.org\",\"@graph\":[{\"@type\":[\"WebPage\",\"ItemPage\"],\"@id\":\"https:\/\/btektech.com\/tr\/product\/esnek-dagitim-ipuclari\/\",\"url\":\"https:\/\/btektech.com\/tr\/product\/esnek-dagitim-ipuclari\/\",\"name\":\"Esnek Da\u011f\u0131t\u0131m \u0130pu\u00e7lar\u0131 - Btektech\",\"isPartOf\":{\"@id\":\"https:\/\/btektech.com\/#website\"},\"primaryImageOfPage\":{\"@id\":\"https:\/\/btektech.com\/tr\/product\/esnek-dagitim-ipuclari\/#primaryimage\"},\"image\":{\"@id\":\"https:\/\/btektech.com\/tr\/product\/esnek-dagitim-ipuclari\/#primaryimage\"},\"thumbnailUrl\":\"https:\/\/btektech.com\/wp-content\/uploads\/2025\/12\/4.jpg\",\"datePublished\":\"2022-04-25T09:05:12+00:00\",\"dateModified\":\"2022-08-02T06:17:48+00:00\",\"description\":\"Esnek i\u011fne, karma\u015f\u0131k \u00e7al\u0131\u015fma y\u00fczeylerinde da\u011f\u0131t\u0131m i\u00e7in ideal olan bir PP i\u011fne borusu ve bir polietilen tabandan olu\u015fur.\",\"breadcrumb\":{\"@id\":\"https:\/\/btektech.com\/tr\/product\/esnek-dagitim-ipuclari\/#breadcrumb\"},\"inLanguage\":\"tr\",\"potentialAction\":[{\"@type\":\"ReadAction\",\"target\":[\"https:\/\/btektech.com\/tr\/product\/esnek-dagitim-ipuclari\/\"]}]},{\"@type\":\"ImageObject\",\"inLanguage\":\"tr\",\"@id\":\"https:\/\/btektech.com\/tr\/product\/esnek-dagitim-ipuclari\/#primaryimage\",\"url\":\"https:\/\/btektech.com\/wp-content\/uploads\/2025\/12\/4.jpg\",\"contentUrl\":\"https:\/\/btektech.com\/wp-content\/uploads\/2025\/12\/4.jpg\",\"width\":800,\"height\":800,\"caption\":\"Flexible Dispensing Tips\"},{\"@type\":\"BreadcrumbList\",\"@id\":\"https:\/\/btektech.com\/tr\/product\/esnek-dagitim-ipuclari\/#breadcrumb\",\"itemListElement\":[{\"@type\":\"ListItem\",\"position\":1,\"name\":\"Home\",\"item\":\"https:\/\/btektech.com\/tr\/home-2\/\"},{\"@type\":\"ListItem\",\"position\":2,\"name\":\"\u00dcr\u00fcnler\",\"item\":\"https:\/\/btektech.com\/tr\/shop\/\"},{\"@type\":\"ListItem\",\"position\":3,\"name\":\"Dispensing Tips\",\"item\":\"https:\/\/btektech.com\/product-category\/dispensing-tips\/\"},{\"@type\":\"ListItem\",\"position\":4,\"name\":\"Esnek Da\u011f\u0131t\u0131m \u0130pu\u00e7lar\u0131\"}]},{\"@type\":\"WebSite\",\"@id\":\"https:\/\/btektech.com\/#website\",\"url\":\"https:\/\/btektech.com\/\",\"name\":\"Btektech\",\"description\":\"\",\"publisher\":{\"@id\":\"https:\/\/btektech.com\/#organization\"},\"potentialAction\":[{\"@type\":\"SearchAction\",\"target\":{\"@type\":\"EntryPoint\",\"urlTemplate\":\"https:\/\/btektech.com\/?s={search_term_string}\"},\"query-input\":{\"@type\":\"PropertyValueSpecification\",\"valueRequired\":true,\"valueName\":\"search_term_string\"}}],\"inLanguage\":\"tr\"},{\"@type\":\"Organization\",\"@id\":\"https:\/\/btektech.com\/#organization\",\"name\":\"Btektech\",\"url\":\"https:\/\/btektech.com\/\",\"logo\":{\"@type\":\"ImageObject\",\"inLanguage\":\"tr\",\"@id\":\"https:\/\/btektech.com\/#\/schema\/logo\/image\/\",\"url\":\"https:\/\/btektech.com\/wp-content\/uploads\/2021\/08\/btektech-logo.png\",\"contentUrl\":\"https:\/\/btektech.com\/wp-content\/uploads\/2021\/08\/btektech-logo.png\",\"width\":250,\"height\":114,\"caption\":\"Btektech\"},\"image\":{\"@id\":\"https:\/\/btektech.com\/#\/schema\/logo\/image\/\"},\"sameAs\":[\"https:\/\/x.com\/Btektech1\",\"https:\/\/www.instagram.com\/btektech\/\",\"https:\/\/www.linkedin.com\/company\/suzhou-baotailong-electronic-materials-co-ltd\/\",\"https:\/\/www.pinterest.com\/btektech\/_saved\/\",\"https:\/\/www.youtube.com\/channel\/UCBiw4Bc4CmQDrdo-QqyVTqQ\"]}]}<\/script>\n<!-- \/ Yoast SEO plugin. -->","yoast_head_json":{"title":"Esnek Da\u011f\u0131t\u0131m \u0130pu\u00e7lar\u0131 - Btektech","description":"Esnek i\u011fne, karma\u015f\u0131k \u00e7al\u0131\u015fma y\u00fczeylerinde da\u011f\u0131t\u0131m i\u00e7in ideal olan bir PP i\u011fne borusu ve bir polietilen tabandan olu\u015fur.","robots":{"index":"index","follow":"follow","max-snippet":"max-snippet:-1","max-image-preview":"max-image-preview:large","max-video-preview":"max-video-preview:-1"},"canonical":"https:\/\/btektech.com\/tr\/product\/esnek-dagitim-ipuclari\/","og_locale":"tr_TR","og_type":"article","og_title":"Esnek Da\u011f\u0131t\u0131m \u0130pu\u00e7lar\u0131 - Btektech","og_description":"Esnek i\u011fne, karma\u015f\u0131k \u00e7al\u0131\u015fma y\u00fczeylerinde da\u011f\u0131t\u0131m i\u00e7in ideal olan bir PP i\u011fne borusu ve bir polietilen tabandan olu\u015fur.","og_url":"https:\/\/btektech.com\/tr\/product\/esnek-dagitim-ipuclari\/","og_site_name":"Btektech","article_modified_time":"2022-08-02T06:17:48+00:00","og_image":[{"width":1000,"height":1000,"url":"https:\/\/btektech.com\/wp-content\/uploads\/2021\/09\/pp-15G-1.jpg","type":"image\/jpeg"}],"twitter_card":"summary_large_image","twitter_site":"@Btektech1","schema":{"@context":"https:\/\/schema.org","@graph":[{"@type":["WebPage","ItemPage"],"@id":"https:\/\/btektech.com\/tr\/product\/esnek-dagitim-ipuclari\/","url":"https:\/\/btektech.com\/tr\/product\/esnek-dagitim-ipuclari\/","name":"Esnek Da\u011f\u0131t\u0131m \u0130pu\u00e7lar\u0131 - Btektech","isPartOf":{"@id":"https:\/\/btektech.com\/#website"},"primaryImageOfPage":{"@id":"https:\/\/btektech.com\/tr\/product\/esnek-dagitim-ipuclari\/#primaryimage"},"image":{"@id":"https:\/\/btektech.com\/tr\/product\/esnek-dagitim-ipuclari\/#primaryimage"},"thumbnailUrl":"https:\/\/btektech.com\/wp-content\/uploads\/2025\/12\/4.jpg","datePublished":"2022-04-25T09:05:12+00:00","dateModified":"2022-08-02T06:17:48+00:00","description":"Esnek i\u011fne, karma\u015f\u0131k \u00e7al\u0131\u015fma y\u00fczeylerinde da\u011f\u0131t\u0131m i\u00e7in ideal olan bir PP i\u011fne borusu ve bir polietilen tabandan olu\u015fur.","breadcrumb":{"@id":"https:\/\/btektech.com\/tr\/product\/esnek-dagitim-ipuclari\/#breadcrumb"},"inLanguage":"tr","potentialAction":[{"@type":"ReadAction","target":["https:\/\/btektech.com\/tr\/product\/esnek-dagitim-ipuclari\/"]}]},{"@type":"ImageObject","inLanguage":"tr","@id":"https:\/\/btektech.com\/tr\/product\/esnek-dagitim-ipuclari\/#primaryimage","url":"https:\/\/btektech.com\/wp-content\/uploads\/2025\/12\/4.jpg","contentUrl":"https:\/\/btektech.com\/wp-content\/uploads\/2025\/12\/4.jpg","width":800,"height":800,"caption":"Flexible Dispensing Tips"},{"@type":"BreadcrumbList","@id":"https:\/\/btektech.com\/tr\/product\/esnek-dagitim-ipuclari\/#breadcrumb","itemListElement":[{"@type":"ListItem","position":1,"name":"Home","item":"https:\/\/btektech.com\/tr\/home-2\/"},{"@type":"ListItem","position":2,"name":"\u00dcr\u00fcnler","item":"https:\/\/btektech.com\/tr\/shop\/"},{"@type":"ListItem","position":3,"name":"Dispensing Tips","item":"https:\/\/btektech.com\/product-category\/dispensing-tips\/"},{"@type":"ListItem","position":4,"name":"Esnek Da\u011f\u0131t\u0131m \u0130pu\u00e7lar\u0131"}]},{"@type":"WebSite","@id":"https:\/\/btektech.com\/#website","url":"https:\/\/btektech.com\/","name":"Btektech","description":"","publisher":{"@id":"https:\/\/btektech.com\/#organization"},"potentialAction":[{"@type":"SearchAction","target":{"@type":"EntryPoint","urlTemplate":"https:\/\/btektech.com\/?s={search_term_string}"},"query-input":{"@type":"PropertyValueSpecification","valueRequired":true,"valueName":"search_term_string"}}],"inLanguage":"tr"},{"@type":"Organization","@id":"https:\/\/btektech.com\/#organization","name":"Btektech","url":"https:\/\/btektech.com\/","logo":{"@type":"ImageObject","inLanguage":"tr","@id":"https:\/\/btektech.com\/#\/schema\/logo\/image\/","url":"https:\/\/btektech.com\/wp-content\/uploads\/2021\/08\/btektech-logo.png","contentUrl":"https:\/\/btektech.com\/wp-content\/uploads\/2021\/08\/btektech-logo.png","width":250,"height":114,"caption":"Btektech"},"image":{"@id":"https:\/\/btektech.com\/#\/schema\/logo\/image\/"},"sameAs":["https:\/\/x.com\/Btektech1","https:\/\/www.instagram.com\/btektech\/","https:\/\/www.linkedin.com\/company\/suzhou-baotailong-electronic-materials-co-ltd\/","https:\/\/www.pinterest.com\/btektech\/_saved\/","https:\/\/www.youtube.com\/channel\/UCBiw4Bc4CmQDrdo-QqyVTqQ"]}]}},"_links":{"self":[{"href":"https:\/\/btektech.com\/tr\/wp-json\/wp\/v2\/product\/5362","targetHints":{"allow":["GET"]}}],"collection":[{"href":"https:\/\/btektech.com\/tr\/wp-json\/wp\/v2\/product"}],"about":[{"href":"https:\/\/btektech.com\/tr\/wp-json\/wp\/v2\/types\/product"}],"replies":[{"embeddable":true,"href":"https:\/\/btektech.com\/tr\/wp-json\/wp\/v2\/comments?post=5362"}],"version-history":[{"count":0,"href":"https:\/\/btektech.com\/tr\/wp-json\/wp\/v2\/product\/5362\/revisions"}],"wp:featuredmedia":[{"embeddable":true,"href":"https:\/\/btektech.com\/tr\/wp-json\/wp\/v2\/media\/21502"}],"wp:attachment":[{"href":"https:\/\/btektech.com\/tr\/wp-json\/wp\/v2\/media?parent=5362"}],"wp:term":[{"taxonomy":"product_brand","embeddable":true,"href":"https:\/\/btektech.com\/tr\/wp-json\/wp\/v2\/product_brand?post=5362"},{"taxonomy":"product_cat","embeddable":true,"href":"https:\/\/btektech.com\/tr\/wp-json\/wp\/v2\/product_cat?post=5362"},{"taxonomy":"product_tag","embeddable":true,"href":"https:\/\/btektech.com\/tr\/wp-json\/wp\/v2\/product_tag?post=5362"}],"curies":[{"name":"wp","href":"https:\/\/api.w.org\/{rel}","templated":true}]}}