{"id":5361,"date":"2021-09-07T07:39:58","date_gmt":"2022-04-25T09:05:10","guid":{"rendered":"https:\/\/btektech.com\/product\/konik-igne-dagitim-ipuclari\/"},"modified":"2022-09-27T06:08:34","modified_gmt":"2022-09-27T06:08:34","slug":"konik-dagitim-enjektor-igne-ucu","status":"publish","type":"product","link":"https:\/\/btektech.com\/tr\/product\/konik-dagitim-enjektor-igne-ucu\/","title":{"rendered":"Konik Da\u011f\u0131t\u0131m Enjekt\u00f6r \u0130\u011fne Ucu"},"content":{"rendered":"<p>Konik Da\u011f\u0131t\u0131m Enjekt\u00f6r \u0130\u011fne Ucu tasar\u0131m\u0131 benzersizdir ve jeller, epoksi yap\u0131\u015ft\u0131r\u0131c\u0131lar, re\u00e7ineler. Konik \u0130\u011fne Da\u011f\u0131t\u0131m \u0130pu\u00e7lar\u0131 dolgu macunlar\u0131 vb. dahil \u00e7o\u011fu s\u0131v\u0131 i\u00e7in uygundur. Ve yap\u0131\u015ft\u0131r\u0131c\u0131n\u0131n do\u011fru ve tutarl\u0131 olmas\u0131n\u0131 sa\u011flamak i\u00e7in \u00e7\u0131k\u0131\u015f hassasiyeti \u00e7apaks\u0131z \u015fekillendirilir.<\/p>\n<div style=\"overflow: auto;\">\n<table style=\"border-collapse: collapse; text-align: center;\" border=\"0\" cellspacing=\"0\" cellpadding=\"0\">\n<tbody>\n<tr>\n<th>\u00f6l\u00e7er<\/th>\n<th>Renk<\/th>\n<th>uzunluk (mm)<\/th>\n<th>kimlik(mm)<\/th>\n<\/tr>\n<tr>\n<td>14<\/td>\n<td>zeytin<\/td>\n<td>31.6<\/td>\n<td>1.55<\/td>\n<\/tr>\n<tr>\n<td>16<\/td>\n<td>Gri<\/td>\n<td>31.6<\/td>\n<td>1.35<\/td>\n<\/tr>\n<tr>\n<td>18<\/td>\n<td>Ye\u015fil<\/td>\n<td>31.6<\/td>\n<td>0.84<\/td>\n<\/tr>\n<tr>\n<td>20<\/td>\n<td>Pembe<\/td>\n<td>31.6<\/td>\n<td>0.6<\/td>\n<\/tr>\n<tr>\n<td>22<\/td>\n<td>Mavi<\/td>\n<td>31.6<\/td>\n<td>0.41<\/td>\n<\/tr>\n<tr>\n<td>25<\/td>\n<td>K\u0131rm\u0131z\u0131<\/td>\n<td>31.6<\/td>\n<td>0.3<\/td>\n<\/tr>\n<tr>\n<td>27<\/td>\n<td>Temizlemek<\/td>\n<td>31.6<\/td>\n<td>0.2<\/td>\n<\/tr>\n<tr>\n<td>30<\/td>\n<td>Lavanta<\/td>\n<td>31.6<\/td>\n<td>0.16<\/td>\n<\/tr>\n<\/tbody>\n<\/table>\n<\/div>\n","protected":false},"excerpt":{"rendered":"<p>Konik i\u011fne hunisi tasar\u0131m\u0131, s\u0131v\u0131n\u0131n sorunsuz bir \u015fekilde akmas\u0131n\u0131 sa\u011flar.<\/p>\n","protected":false},"featured_media":21532,"comment_status":"open","ping_status":"closed","template":"","meta":{"_acf_changed":false},"product_brand":[],"product_cat":[152],"product_tag":[],"class_list":{"0":"post-5361","1":"product","2":"type-product","3":"status-publish","4":"has-post-thumbnail","6":"product_cat-dagitim-enjektor-igne-ucu","8":"first","9":"instock","10":"shipping-taxable","11":"product-type-simple"},"acf":[],"yoast_head":"<!-- This site is optimized with the Yoast SEO plugin v26.0 - https:\/\/yoast.com\/wordpress\/plugins\/seo\/ -->\n<title>Konik Da\u011f\u0131t\u0131m Enjekt\u00f6r \u0130\u011fne Ucu - Btektech<\/title>\n<meta name=\"description\" content=\"Konik Da\u011f\u0131t\u0131m Enjekt\u00f6r \u0130\u011fne Ucu ve yap\u0131\u015ft\u0131r\u0131c\u0131n\u0131n do\u011fru ve tutarl\u0131 olmas\u0131n\u0131 sa\u011flamak i\u00e7in \u00e7\u0131k\u0131\u015f hassasiyeti \u00e7apaks\u0131z \u015fekillendirilir.\" \/>\n<meta name=\"robots\" content=\"index, follow, max-snippet:-1, max-image-preview:large, max-video-preview:-1\" \/>\n<link rel=\"canonical\" href=\"https:\/\/btektech.com\/tr\/product\/konik-dagitim-enjektor-igne-ucu\/\" \/>\n<meta property=\"og:locale\" content=\"tr_TR\" \/>\n<meta property=\"og:type\" content=\"article\" \/>\n<meta property=\"og:title\" content=\"Konik Da\u011f\u0131t\u0131m Enjekt\u00f6r \u0130\u011fne Ucu - Btektech\" \/>\n<meta property=\"og:description\" content=\"Konik Da\u011f\u0131t\u0131m Enjekt\u00f6r \u0130\u011fne Ucu ve yap\u0131\u015ft\u0131r\u0131c\u0131n\u0131n do\u011fru ve tutarl\u0131 olmas\u0131n\u0131 sa\u011flamak i\u00e7in \u00e7\u0131k\u0131\u015f hassasiyeti \u00e7apaks\u0131z \u015fekillendirilir.\" \/>\n<meta property=\"og:url\" content=\"https:\/\/btektech.com\/tr\/product\/konik-dagitim-enjektor-igne-ucu\/\" \/>\n<meta property=\"og:site_name\" content=\"Btektech\" \/>\n<meta property=\"article:modified_time\" content=\"2022-09-27T06:08:34+00:00\" \/>\n<meta property=\"og:image\" content=\"https:\/\/btektech.com\/wp-content\/uploads\/2021\/09\/Screenshot-2021-09-07-162928.jpg\" \/>\n\t<meta property=\"og:image:width\" content=\"548\" \/>\n\t<meta property=\"og:image:height\" content=\"548\" \/>\n\t<meta property=\"og:image:type\" content=\"image\/jpeg\" \/>\n<meta name=\"twitter:card\" content=\"summary_large_image\" \/>\n<meta name=\"twitter:site\" content=\"@Btektech1\" \/>\n<meta name=\"twitter:label1\" content=\"Tahmini okuma s\u00fcresi\" \/>\n\t<meta name=\"twitter:data1\" content=\"1 dakika\" \/>\n<script type=\"application\/ld+json\" class=\"yoast-schema-graph\">{\"@context\":\"https:\/\/schema.org\",\"@graph\":[{\"@type\":[\"WebPage\",\"ItemPage\"],\"@id\":\"https:\/\/btektech.com\/tr\/product\/konik-dagitim-enjektor-igne-ucu\/\",\"url\":\"https:\/\/btektech.com\/tr\/product\/konik-dagitim-enjektor-igne-ucu\/\",\"name\":\"Konik Da\u011f\u0131t\u0131m Enjekt\u00f6r \u0130\u011fne Ucu - Btektech\",\"isPartOf\":{\"@id\":\"https:\/\/btektech.com\/#website\"},\"primaryImageOfPage\":{\"@id\":\"https:\/\/btektech.com\/tr\/product\/konik-dagitim-enjektor-igne-ucu\/#primaryimage\"},\"image\":{\"@id\":\"https:\/\/btektech.com\/tr\/product\/konik-dagitim-enjektor-igne-ucu\/#primaryimage\"},\"thumbnailUrl\":\"https:\/\/btektech.com\/wp-content\/uploads\/2025\/12\/9.jpg\",\"datePublished\":\"2022-04-25T09:05:10+00:00\",\"dateModified\":\"2022-09-27T06:08:34+00:00\",\"description\":\"Konik Da\u011f\u0131t\u0131m Enjekt\u00f6r \u0130\u011fne Ucu ve yap\u0131\u015ft\u0131r\u0131c\u0131n\u0131n do\u011fru ve tutarl\u0131 olmas\u0131n\u0131 sa\u011flamak i\u00e7in \u00e7\u0131k\u0131\u015f hassasiyeti \u00e7apaks\u0131z \u015fekillendirilir.\",\"breadcrumb\":{\"@id\":\"https:\/\/btektech.com\/tr\/product\/konik-dagitim-enjektor-igne-ucu\/#breadcrumb\"},\"inLanguage\":\"tr\",\"potentialAction\":[{\"@type\":\"ReadAction\",\"target\":[\"https:\/\/btektech.com\/tr\/product\/konik-dagitim-enjektor-igne-ucu\/\"]}]},{\"@type\":\"ImageObject\",\"inLanguage\":\"tr\",\"@id\":\"https:\/\/btektech.com\/tr\/product\/konik-dagitim-enjektor-igne-ucu\/#primaryimage\",\"url\":\"https:\/\/btektech.com\/wp-content\/uploads\/2025\/12\/9.jpg\",\"contentUrl\":\"https:\/\/btektech.com\/wp-content\/uploads\/2025\/12\/9.jpg\",\"width\":800,\"height\":800,\"caption\":\"Tapered Tips\"},{\"@type\":\"BreadcrumbList\",\"@id\":\"https:\/\/btektech.com\/tr\/product\/konik-dagitim-enjektor-igne-ucu\/#breadcrumb\",\"itemListElement\":[{\"@type\":\"ListItem\",\"position\":1,\"name\":\"Home\",\"item\":\"https:\/\/btektech.com\/tr\/home-2\/\"},{\"@type\":\"ListItem\",\"position\":2,\"name\":\"\u00dcr\u00fcnler\",\"item\":\"https:\/\/btektech.com\/tr\/shop\/\"},{\"@type\":\"ListItem\",\"position\":3,\"name\":\"Dispensing Tips\",\"item\":\"https:\/\/btektech.com\/product-category\/dispensing-tips\/\"},{\"@type\":\"ListItem\",\"position\":4,\"name\":\"Konik Da\u011f\u0131t\u0131m Enjekt\u00f6r \u0130\u011fne Ucu\"}]},{\"@type\":\"WebSite\",\"@id\":\"https:\/\/btektech.com\/#website\",\"url\":\"https:\/\/btektech.com\/\",\"name\":\"Btektech\",\"description\":\"\",\"publisher\":{\"@id\":\"https:\/\/btektech.com\/#organization\"},\"potentialAction\":[{\"@type\":\"SearchAction\",\"target\":{\"@type\":\"EntryPoint\",\"urlTemplate\":\"https:\/\/btektech.com\/?s={search_term_string}\"},\"query-input\":{\"@type\":\"PropertyValueSpecification\",\"valueRequired\":true,\"valueName\":\"search_term_string\"}}],\"inLanguage\":\"tr\"},{\"@type\":\"Organization\",\"@id\":\"https:\/\/btektech.com\/#organization\",\"name\":\"Btektech\",\"url\":\"https:\/\/btektech.com\/\",\"logo\":{\"@type\":\"ImageObject\",\"inLanguage\":\"tr\",\"@id\":\"https:\/\/btektech.com\/#\/schema\/logo\/image\/\",\"url\":\"https:\/\/btektech.com\/wp-content\/uploads\/2021\/08\/btektech-logo.png\",\"contentUrl\":\"https:\/\/btektech.com\/wp-content\/uploads\/2021\/08\/btektech-logo.png\",\"width\":250,\"height\":114,\"caption\":\"Btektech\"},\"image\":{\"@id\":\"https:\/\/btektech.com\/#\/schema\/logo\/image\/\"},\"sameAs\":[\"https:\/\/x.com\/Btektech1\",\"https:\/\/www.instagram.com\/btektech\/\",\"https:\/\/www.linkedin.com\/company\/suzhou-baotailong-electronic-materials-co-ltd\/\",\"https:\/\/www.pinterest.com\/btektech\/_saved\/\",\"https:\/\/www.youtube.com\/channel\/UCBiw4Bc4CmQDrdo-QqyVTqQ\"]}]}<\/script>\n<!-- \/ Yoast SEO plugin. -->","yoast_head_json":{"title":"Konik Da\u011f\u0131t\u0131m Enjekt\u00f6r \u0130\u011fne Ucu - Btektech","description":"Konik Da\u011f\u0131t\u0131m Enjekt\u00f6r \u0130\u011fne Ucu ve yap\u0131\u015ft\u0131r\u0131c\u0131n\u0131n do\u011fru ve tutarl\u0131 olmas\u0131n\u0131 sa\u011flamak i\u00e7in \u00e7\u0131k\u0131\u015f hassasiyeti \u00e7apaks\u0131z \u015fekillendirilir.","robots":{"index":"index","follow":"follow","max-snippet":"max-snippet:-1","max-image-preview":"max-image-preview:large","max-video-preview":"max-video-preview:-1"},"canonical":"https:\/\/btektech.com\/tr\/product\/konik-dagitim-enjektor-igne-ucu\/","og_locale":"tr_TR","og_type":"article","og_title":"Konik Da\u011f\u0131t\u0131m Enjekt\u00f6r \u0130\u011fne Ucu - Btektech","og_description":"Konik Da\u011f\u0131t\u0131m Enjekt\u00f6r \u0130\u011fne Ucu ve yap\u0131\u015ft\u0131r\u0131c\u0131n\u0131n do\u011fru ve tutarl\u0131 olmas\u0131n\u0131 sa\u011flamak i\u00e7in \u00e7\u0131k\u0131\u015f hassasiyeti \u00e7apaks\u0131z \u015fekillendirilir.","og_url":"https:\/\/btektech.com\/tr\/product\/konik-dagitim-enjektor-igne-ucu\/","og_site_name":"Btektech","article_modified_time":"2022-09-27T06:08:34+00:00","og_image":[{"width":548,"height":548,"url":"https:\/\/btektech.com\/wp-content\/uploads\/2021\/09\/Screenshot-2021-09-07-162928.jpg","type":"image\/jpeg"}],"twitter_card":"summary_large_image","twitter_site":"@Btektech1","twitter_misc":{"Tahmini okuma s\u00fcresi":"1 dakika"},"schema":{"@context":"https:\/\/schema.org","@graph":[{"@type":["WebPage","ItemPage"],"@id":"https:\/\/btektech.com\/tr\/product\/konik-dagitim-enjektor-igne-ucu\/","url":"https:\/\/btektech.com\/tr\/product\/konik-dagitim-enjektor-igne-ucu\/","name":"Konik Da\u011f\u0131t\u0131m Enjekt\u00f6r \u0130\u011fne Ucu - Btektech","isPartOf":{"@id":"https:\/\/btektech.com\/#website"},"primaryImageOfPage":{"@id":"https:\/\/btektech.com\/tr\/product\/konik-dagitim-enjektor-igne-ucu\/#primaryimage"},"image":{"@id":"https:\/\/btektech.com\/tr\/product\/konik-dagitim-enjektor-igne-ucu\/#primaryimage"},"thumbnailUrl":"https:\/\/btektech.com\/wp-content\/uploads\/2025\/12\/9.jpg","datePublished":"2022-04-25T09:05:10+00:00","dateModified":"2022-09-27T06:08:34+00:00","description":"Konik Da\u011f\u0131t\u0131m Enjekt\u00f6r \u0130\u011fne Ucu ve yap\u0131\u015ft\u0131r\u0131c\u0131n\u0131n do\u011fru ve tutarl\u0131 olmas\u0131n\u0131 sa\u011flamak i\u00e7in \u00e7\u0131k\u0131\u015f hassasiyeti \u00e7apaks\u0131z \u015fekillendirilir.","breadcrumb":{"@id":"https:\/\/btektech.com\/tr\/product\/konik-dagitim-enjektor-igne-ucu\/#breadcrumb"},"inLanguage":"tr","potentialAction":[{"@type":"ReadAction","target":["https:\/\/btektech.com\/tr\/product\/konik-dagitim-enjektor-igne-ucu\/"]}]},{"@type":"ImageObject","inLanguage":"tr","@id":"https:\/\/btektech.com\/tr\/product\/konik-dagitim-enjektor-igne-ucu\/#primaryimage","url":"https:\/\/btektech.com\/wp-content\/uploads\/2025\/12\/9.jpg","contentUrl":"https:\/\/btektech.com\/wp-content\/uploads\/2025\/12\/9.jpg","width":800,"height":800,"caption":"Tapered Tips"},{"@type":"BreadcrumbList","@id":"https:\/\/btektech.com\/tr\/product\/konik-dagitim-enjektor-igne-ucu\/#breadcrumb","itemListElement":[{"@type":"ListItem","position":1,"name":"Home","item":"https:\/\/btektech.com\/tr\/home-2\/"},{"@type":"ListItem","position":2,"name":"\u00dcr\u00fcnler","item":"https:\/\/btektech.com\/tr\/shop\/"},{"@type":"ListItem","position":3,"name":"Dispensing Tips","item":"https:\/\/btektech.com\/product-category\/dispensing-tips\/"},{"@type":"ListItem","position":4,"name":"Konik Da\u011f\u0131t\u0131m Enjekt\u00f6r \u0130\u011fne Ucu"}]},{"@type":"WebSite","@id":"https:\/\/btektech.com\/#website","url":"https:\/\/btektech.com\/","name":"Btektech","description":"","publisher":{"@id":"https:\/\/btektech.com\/#organization"},"potentialAction":[{"@type":"SearchAction","target":{"@type":"EntryPoint","urlTemplate":"https:\/\/btektech.com\/?s={search_term_string}"},"query-input":{"@type":"PropertyValueSpecification","valueRequired":true,"valueName":"search_term_string"}}],"inLanguage":"tr"},{"@type":"Organization","@id":"https:\/\/btektech.com\/#organization","name":"Btektech","url":"https:\/\/btektech.com\/","logo":{"@type":"ImageObject","inLanguage":"tr","@id":"https:\/\/btektech.com\/#\/schema\/logo\/image\/","url":"https:\/\/btektech.com\/wp-content\/uploads\/2021\/08\/btektech-logo.png","contentUrl":"https:\/\/btektech.com\/wp-content\/uploads\/2021\/08\/btektech-logo.png","width":250,"height":114,"caption":"Btektech"},"image":{"@id":"https:\/\/btektech.com\/#\/schema\/logo\/image\/"},"sameAs":["https:\/\/x.com\/Btektech1","https:\/\/www.instagram.com\/btektech\/","https:\/\/www.linkedin.com\/company\/suzhou-baotailong-electronic-materials-co-ltd\/","https:\/\/www.pinterest.com\/btektech\/_saved\/","https:\/\/www.youtube.com\/channel\/UCBiw4Bc4CmQDrdo-QqyVTqQ"]}]}},"_links":{"self":[{"href":"https:\/\/btektech.com\/tr\/wp-json\/wp\/v2\/product\/5361","targetHints":{"allow":["GET"]}}],"collection":[{"href":"https:\/\/btektech.com\/tr\/wp-json\/wp\/v2\/product"}],"about":[{"href":"https:\/\/btektech.com\/tr\/wp-json\/wp\/v2\/types\/product"}],"replies":[{"embeddable":true,"href":"https:\/\/btektech.com\/tr\/wp-json\/wp\/v2\/comments?post=5361"}],"version-history":[{"count":0,"href":"https:\/\/btektech.com\/tr\/wp-json\/wp\/v2\/product\/5361\/revisions"}],"wp:featuredmedia":[{"embeddable":true,"href":"https:\/\/btektech.com\/tr\/wp-json\/wp\/v2\/media\/21532"}],"wp:attachment":[{"href":"https:\/\/btektech.com\/tr\/wp-json\/wp\/v2\/media?parent=5361"}],"wp:term":[{"taxonomy":"product_brand","embeddable":true,"href":"https:\/\/btektech.com\/tr\/wp-json\/wp\/v2\/product_brand?post=5361"},{"taxonomy":"product_cat","embeddable":true,"href":"https:\/\/btektech.com\/tr\/wp-json\/wp\/v2\/product_cat?post=5361"},{"taxonomy":"product_tag","embeddable":true,"href":"https:\/\/btektech.com\/tr\/wp-json\/wp\/v2\/product_tag?post=5361"}],"curies":[{"name":"wp","href":"https:\/\/api.w.org\/{rel}","templated":true}]}}