{"id":5360,"date":"2021-09-07T10:14:24","date_gmt":"2022-04-25T09:05:09","guid":{"rendered":"https:\/\/btektech.com\/product\/aluminyum-hub-dagitim-ucu\/"},"modified":"2022-08-04T06:43:50","modified_gmt":"2022-08-04T06:43:50","slug":"aluminyum-hub-dagitim-ucu","status":"publish","type":"product","link":"https:\/\/btektech.com\/tr\/product\/aluminyum-hub-dagitim-ucu\/","title":{"rendered":"Al\u00fcminyum Hub Da\u011f\u0131t\u0131m Ucu"},"content":{"rendered":"<p>Al\u00fcminyum kakma per\u00e7inleme ile i\u011fne tutucuyu \u00e7elik bir boruya ba\u011flay\u0131n. Nokta tutkal i\u011fnesinin hizmet \u00f6mr\u00fcn\u00fc uzatmak i\u00e7in, hasar g\u00f6rmesi kolay olan geleneksel da\u011f\u0131t\u0131m i\u011fnesi yap\u0131\u015fkan tutkal\u0131ndan veya bir miktar s\u0131v\u0131 korozyon tehlikesinden ka\u00e7\u0131n\u0131n.<\/p>\n<div style=\"overflow: auto;\">\n<table style=\"text-align: center;\">\n<tbody>\n<tr>\n<th>\u00f6l\u00e7er<\/th>\n<th>Renk<\/th>\n<th>kimlik(mm)<\/th>\n<th>OD(mm)<\/th>\n<th>12,7 mm(1\/2&#8243;)<\/th>\n<\/tr>\n<tr>\n<td>14<\/td>\n<td>zeytin<\/td>\n<td>1.65<\/td>\n<td>1.81<\/td>\n<td>14050&#8217;de<\/td>\n<\/tr>\n<tr>\n<td>15<\/td>\n<td>kehribar<\/td>\n<td>1.4<\/td>\n<td>1.81<\/td>\n<td>15050&#8217;de<\/td>\n<\/tr>\n<tr>\n<td>16<\/td>\n<td>Gri<\/td>\n<td>1.19<\/td>\n<td>1.62<\/td>\n<td>16050&#8217;DE<\/td>\n<\/tr>\n<tr>\n<td>18<\/td>\n<td>Ye\u015fil<\/td>\n<td>0.84<\/td>\n<td>1.28<\/td>\n<td>18050&#8217;de<\/td>\n<\/tr>\n<tr>\n<td>20<\/td>\n<td>Pembe<\/td>\n<td>0.6<\/td>\n<td>0.91<\/td>\n<td>200550&#8217;DE<\/td>\n<\/tr>\n<tr>\n<td>21<\/td>\n<td>Mor<\/td>\n<td>0.51<\/td>\n<td>0.81<\/td>\n<td>AT 21050<\/td>\n<\/tr>\n<tr>\n<td>22<\/td>\n<td>Mavi<\/td>\n<td>0.41<\/td>\n<td>0.71<\/td>\n<td>22050&#8217;de<\/td>\n<\/tr>\n<tr>\n<td>23<\/td>\n<td>Turuncu<\/td>\n<td>0.33<\/td>\n<td>0.63<\/td>\n<td>23050&#8217;de<\/td>\n<\/tr>\n<tr>\n<td>25<\/td>\n<td>K\u0131rm\u0131z\u0131<\/td>\n<td>0.26<\/td>\n<td>0.51<\/td>\n<td>25050&#8217;de<\/td>\n<\/tr>\n<\/tbody>\n<\/table>\n<\/div>\n","protected":false},"excerpt":{"rendered":"<p><span class=\"src\" data-group=\"0-0\">Paslanmaz \u00e7elik borular tam boyda kesilir ve \u00e7apaks\u0131z ta\u015flan\u0131r. <\/span><span class=\"src\" data-group=\"0-1\"> Al\u00fcminyum per\u00e7inleme ile sabitlenmi\u015f, i\u011fne taban\u0131na yerle\u015ftirilmi\u015f paslanmaz \u00e7elik boru.<\/span><\/p>\n","protected":false},"featured_media":2009,"comment_status":"open","ping_status":"closed","template":"","meta":{"_acf_changed":false},"product_brand":[],"product_cat":[269],"product_tag":[],"class_list":{"0":"post-5360","1":"product","2":"type-product","3":"status-publish","4":"has-post-thumbnail","6":"product_cat-uncategorized-tr","8":"first","9":"instock","10":"shipping-taxable","11":"purchasable","12":"product-type-simple"},"acf":[],"yoast_head":"<!-- This site is optimized with the Yoast SEO plugin v27.5 - https:\/\/yoast.com\/product\/yoast-seo-wordpress\/ -->\n<title>Al\u00fcminyum Hub Da\u011f\u0131t\u0131m Ucu - Btektech<\/title>\n<meta name=\"description\" content=\"Al\u00fcminyum Hub Da\u011f\u0131t\u0131m Ucu: al\u00fcminyum kakma per\u00e7inleme ile i\u011fne tutucuyu \u00e7elik bir boruya ba\u011flay\u0131n.\" \/>\n<meta name=\"robots\" content=\"index, follow, max-snippet:-1, max-image-preview:large, max-video-preview:-1\" \/>\n<link rel=\"canonical\" href=\"https:\/\/btektech.com\/tr\/product\/aluminyum-hub-dagitim-ucu\/\" \/>\n<meta property=\"og:locale\" content=\"tr_TR\" \/>\n<meta property=\"og:type\" content=\"article\" \/>\n<meta property=\"og:title\" content=\"Al\u00fcminyum Hub Da\u011f\u0131t\u0131m Ucu - Btektech\" \/>\n<meta property=\"og:description\" content=\"Al\u00fcminyum Hub Da\u011f\u0131t\u0131m Ucu: al\u00fcminyum kakma per\u00e7inleme ile i\u011fne tutucuyu \u00e7elik bir boruya ba\u011flay\u0131n.\" \/>\n<meta property=\"og:url\" content=\"https:\/\/btektech.com\/tr\/product\/aluminyum-hub-dagitim-ucu\/\" \/>\n<meta property=\"og:site_name\" content=\"Btektech\" \/>\n<meta property=\"article:modified_time\" content=\"2022-08-04T06:43:50+00:00\" \/>\n<meta property=\"og:image\" content=\"https:\/\/btektech.com\/wp-content\/uploads\/2021\/09\/\u94dd\u9576\u5d4c.jpg\" \/>\n\t<meta property=\"og:image:width\" content=\"386\" \/>\n\t<meta property=\"og:image:height\" content=\"383\" \/>\n\t<meta property=\"og:image:type\" content=\"image\/jpeg\" \/>\n<meta name=\"twitter:card\" content=\"summary_large_image\" \/>\n<meta name=\"twitter:site\" content=\"@Btektech1\" \/>\n<script type=\"application\/ld+json\" class=\"yoast-schema-graph\">{\"@context\":\"https:\\\/\\\/schema.org\",\"@graph\":[{\"@type\":[\"WebPage\",\"ItemPage\"],\"@id\":\"https:\\\/\\\/btektech.com\\\/tr\\\/product\\\/aluminyum-hub-dagitim-ucu\\\/\",\"url\":\"https:\\\/\\\/btektech.com\\\/tr\\\/product\\\/aluminyum-hub-dagitim-ucu\\\/\",\"name\":\"Al\u00fcminyum Hub Da\u011f\u0131t\u0131m Ucu - Btektech\",\"isPartOf\":{\"@id\":\"https:\\\/\\\/btektech.com\\\/#website\"},\"primaryImageOfPage\":{\"@id\":\"https:\\\/\\\/btektech.com\\\/tr\\\/product\\\/aluminyum-hub-dagitim-ucu\\\/#primaryimage\"},\"image\":{\"@id\":\"https:\\\/\\\/btektech.com\\\/tr\\\/product\\\/aluminyum-hub-dagitim-ucu\\\/#primaryimage\"},\"thumbnailUrl\":\"https:\\\/\\\/btektech.com\\\/wp-content\\\/uploads\\\/2021\\\/09\\\/\u94dd\u9576\u5d4c.jpg\",\"datePublished\":\"2022-04-25T09:05:09+00:00\",\"dateModified\":\"2022-08-04T06:43:50+00:00\",\"description\":\"Al\u00fcminyum Hub Da\u011f\u0131t\u0131m Ucu: al\u00fcminyum kakma per\u00e7inleme ile i\u011fne tutucuyu \u00e7elik bir boruya ba\u011flay\u0131n.\",\"breadcrumb\":{\"@id\":\"https:\\\/\\\/btektech.com\\\/tr\\\/product\\\/aluminyum-hub-dagitim-ucu\\\/#breadcrumb\"},\"inLanguage\":\"tr\",\"potentialAction\":[{\"@type\":\"ReadAction\",\"target\":[\"https:\\\/\\\/btektech.com\\\/tr\\\/product\\\/aluminyum-hub-dagitim-ucu\\\/\"]}]},{\"@type\":\"ImageObject\",\"inLanguage\":\"tr\",\"@id\":\"https:\\\/\\\/btektech.com\\\/tr\\\/product\\\/aluminyum-hub-dagitim-ucu\\\/#primaryimage\",\"url\":\"https:\\\/\\\/btektech.com\\\/wp-content\\\/uploads\\\/2021\\\/09\\\/\u94dd\u9576\u5d4c.jpg\",\"contentUrl\":\"https:\\\/\\\/btektech.com\\\/wp-content\\\/uploads\\\/2021\\\/09\\\/\u94dd\u9576\u5d4c.jpg\",\"width\":386,\"height\":383,\"caption\":\"Al\u00fcminyum Hub Da\u011f\u0131t\u0131m Ucu\"},{\"@type\":\"BreadcrumbList\",\"@id\":\"https:\\\/\\\/btektech.com\\\/tr\\\/product\\\/aluminyum-hub-dagitim-ucu\\\/#breadcrumb\",\"itemListElement\":[{\"@type\":\"ListItem\",\"position\":1,\"name\":\"Home\",\"item\":\"https:\\\/\\\/btektech.com\\\/\"},{\"@type\":\"ListItem\",\"position\":2,\"name\":\"\u00dcr\u00fcnler\",\"item\":\"https:\\\/\\\/btektech.com\\\/tr\\\/shop\\\/\"},{\"@type\":\"ListItem\",\"position\":3,\"name\":\"Dispensing Tips\",\"item\":\"https:\\\/\\\/btektech.com\\\/product-category\\\/dispensing-tips\\\/\"},{\"@type\":\"ListItem\",\"position\":4,\"name\":\"Al\u00fcminyum Hub Da\u011f\u0131t\u0131m Ucu\"}]},{\"@type\":\"WebSite\",\"@id\":\"https:\\\/\\\/btektech.com\\\/#website\",\"url\":\"https:\\\/\\\/btektech.com\\\/\",\"name\":\"Btektech\",\"description\":\"\",\"publisher\":{\"@id\":\"https:\\\/\\\/btektech.com\\\/#organization\"},\"potentialAction\":[{\"@type\":\"SearchAction\",\"target\":{\"@type\":\"EntryPoint\",\"urlTemplate\":\"https:\\\/\\\/btektech.com\\\/?s={search_term_string}\"},\"query-input\":{\"@type\":\"PropertyValueSpecification\",\"valueRequired\":true,\"valueName\":\"search_term_string\"}}],\"inLanguage\":\"tr\"},{\"@type\":\"Organization\",\"@id\":\"https:\\\/\\\/btektech.com\\\/#organization\",\"name\":\"Btektech\",\"url\":\"https:\\\/\\\/btektech.com\\\/\",\"logo\":{\"@type\":\"ImageObject\",\"inLanguage\":\"tr\",\"@id\":\"https:\\\/\\\/btektech.com\\\/#\\\/schema\\\/logo\\\/image\\\/\",\"url\":\"https:\\\/\\\/btektech.com\\\/wp-content\\\/uploads\\\/2021\\\/08\\\/btektech-logo.png\",\"contentUrl\":\"https:\\\/\\\/btektech.com\\\/wp-content\\\/uploads\\\/2021\\\/08\\\/btektech-logo.png\",\"width\":250,\"height\":114,\"caption\":\"Btektech\"},\"image\":{\"@id\":\"https:\\\/\\\/btektech.com\\\/#\\\/schema\\\/logo\\\/image\\\/\"},\"sameAs\":[\"https:\\\/\\\/x.com\\\/Btektech1\",\"https:\\\/\\\/www.instagram.com\\\/btektech\\\/\",\"https:\\\/\\\/www.linkedin.com\\\/company\\\/suzhou-baotailong-electronic-materials-co-ltd\\\/\",\"https:\\\/\\\/www.pinterest.com\\\/btektech\\\/_saved\\\/\",\"https:\\\/\\\/www.youtube.com\\\/channel\\\/UCBiw4Bc4CmQDrdo-QqyVTqQ\"]}]}<\/script>\n<!-- \/ Yoast SEO plugin. -->","yoast_head_json":{"title":"Al\u00fcminyum Hub Da\u011f\u0131t\u0131m Ucu - Btektech","description":"Al\u00fcminyum Hub Da\u011f\u0131t\u0131m Ucu: al\u00fcminyum kakma per\u00e7inleme ile i\u011fne tutucuyu \u00e7elik bir boruya ba\u011flay\u0131n.","robots":{"index":"index","follow":"follow","max-snippet":"max-snippet:-1","max-image-preview":"max-image-preview:large","max-video-preview":"max-video-preview:-1"},"canonical":"https:\/\/btektech.com\/tr\/product\/aluminyum-hub-dagitim-ucu\/","og_locale":"tr_TR","og_type":"article","og_title":"Al\u00fcminyum Hub Da\u011f\u0131t\u0131m Ucu - Btektech","og_description":"Al\u00fcminyum Hub Da\u011f\u0131t\u0131m Ucu: al\u00fcminyum kakma per\u00e7inleme ile i\u011fne tutucuyu \u00e7elik bir boruya ba\u011flay\u0131n.","og_url":"https:\/\/btektech.com\/tr\/product\/aluminyum-hub-dagitim-ucu\/","og_site_name":"Btektech","article_modified_time":"2022-08-04T06:43:50+00:00","og_image":[{"width":386,"height":383,"url":"https:\/\/btektech.com\/wp-content\/uploads\/2021\/09\/\u94dd\u9576\u5d4c.jpg","type":"image\/jpeg"}],"twitter_card":"summary_large_image","twitter_site":"@Btektech1","schema":{"@context":"https:\/\/schema.org","@graph":[{"@type":["WebPage","ItemPage"],"@id":"https:\/\/btektech.com\/tr\/product\/aluminyum-hub-dagitim-ucu\/","url":"https:\/\/btektech.com\/tr\/product\/aluminyum-hub-dagitim-ucu\/","name":"Al\u00fcminyum Hub Da\u011f\u0131t\u0131m Ucu - Btektech","isPartOf":{"@id":"https:\/\/btektech.com\/#website"},"primaryImageOfPage":{"@id":"https:\/\/btektech.com\/tr\/product\/aluminyum-hub-dagitim-ucu\/#primaryimage"},"image":{"@id":"https:\/\/btektech.com\/tr\/product\/aluminyum-hub-dagitim-ucu\/#primaryimage"},"thumbnailUrl":"https:\/\/btektech.com\/wp-content\/uploads\/2021\/09\/\u94dd\u9576\u5d4c.jpg","datePublished":"2022-04-25T09:05:09+00:00","dateModified":"2022-08-04T06:43:50+00:00","description":"Al\u00fcminyum Hub Da\u011f\u0131t\u0131m Ucu: al\u00fcminyum kakma per\u00e7inleme ile i\u011fne tutucuyu \u00e7elik bir boruya ba\u011flay\u0131n.","breadcrumb":{"@id":"https:\/\/btektech.com\/tr\/product\/aluminyum-hub-dagitim-ucu\/#breadcrumb"},"inLanguage":"tr","potentialAction":[{"@type":"ReadAction","target":["https:\/\/btektech.com\/tr\/product\/aluminyum-hub-dagitim-ucu\/"]}]},{"@type":"ImageObject","inLanguage":"tr","@id":"https:\/\/btektech.com\/tr\/product\/aluminyum-hub-dagitim-ucu\/#primaryimage","url":"https:\/\/btektech.com\/wp-content\/uploads\/2021\/09\/\u94dd\u9576\u5d4c.jpg","contentUrl":"https:\/\/btektech.com\/wp-content\/uploads\/2021\/09\/\u94dd\u9576\u5d4c.jpg","width":386,"height":383,"caption":"Al\u00fcminyum Hub Da\u011f\u0131t\u0131m Ucu"},{"@type":"BreadcrumbList","@id":"https:\/\/btektech.com\/tr\/product\/aluminyum-hub-dagitim-ucu\/#breadcrumb","itemListElement":[{"@type":"ListItem","position":1,"name":"Home","item":"https:\/\/btektech.com\/"},{"@type":"ListItem","position":2,"name":"\u00dcr\u00fcnler","item":"https:\/\/btektech.com\/tr\/shop\/"},{"@type":"ListItem","position":3,"name":"Dispensing Tips","item":"https:\/\/btektech.com\/product-category\/dispensing-tips\/"},{"@type":"ListItem","position":4,"name":"Al\u00fcminyum Hub Da\u011f\u0131t\u0131m Ucu"}]},{"@type":"WebSite","@id":"https:\/\/btektech.com\/#website","url":"https:\/\/btektech.com\/","name":"Btektech","description":"","publisher":{"@id":"https:\/\/btektech.com\/#organization"},"potentialAction":[{"@type":"SearchAction","target":{"@type":"EntryPoint","urlTemplate":"https:\/\/btektech.com\/?s={search_term_string}"},"query-input":{"@type":"PropertyValueSpecification","valueRequired":true,"valueName":"search_term_string"}}],"inLanguage":"tr"},{"@type":"Organization","@id":"https:\/\/btektech.com\/#organization","name":"Btektech","url":"https:\/\/btektech.com\/","logo":{"@type":"ImageObject","inLanguage":"tr","@id":"https:\/\/btektech.com\/#\/schema\/logo\/image\/","url":"https:\/\/btektech.com\/wp-content\/uploads\/2021\/08\/btektech-logo.png","contentUrl":"https:\/\/btektech.com\/wp-content\/uploads\/2021\/08\/btektech-logo.png","width":250,"height":114,"caption":"Btektech"},"image":{"@id":"https:\/\/btektech.com\/#\/schema\/logo\/image\/"},"sameAs":["https:\/\/x.com\/Btektech1","https:\/\/www.instagram.com\/btektech\/","https:\/\/www.linkedin.com\/company\/suzhou-baotailong-electronic-materials-co-ltd\/","https:\/\/www.pinterest.com\/btektech\/_saved\/","https:\/\/www.youtube.com\/channel\/UCBiw4Bc4CmQDrdo-QqyVTqQ"]}]}},"_links":{"self":[{"href":"https:\/\/btektech.com\/tr\/wp-json\/wp\/v2\/product\/5360","targetHints":{"allow":["GET"]}}],"collection":[{"href":"https:\/\/btektech.com\/tr\/wp-json\/wp\/v2\/product"}],"about":[{"href":"https:\/\/btektech.com\/tr\/wp-json\/wp\/v2\/types\/product"}],"replies":[{"embeddable":true,"href":"https:\/\/btektech.com\/tr\/wp-json\/wp\/v2\/comments?post=5360"}],"version-history":[{"count":0,"href":"https:\/\/btektech.com\/tr\/wp-json\/wp\/v2\/product\/5360\/revisions"}],"wp:featuredmedia":[{"embeddable":true,"href":"https:\/\/btektech.com\/tr\/wp-json\/wp\/v2\/media\/2009"}],"wp:attachment":[{"href":"https:\/\/btektech.com\/tr\/wp-json\/wp\/v2\/media?parent=5360"}],"wp:term":[{"taxonomy":"product_brand","embeddable":true,"href":"https:\/\/btektech.com\/tr\/wp-json\/wp\/v2\/product_brand?post=5360"},{"taxonomy":"product_cat","embeddable":true,"href":"https:\/\/btektech.com\/tr\/wp-json\/wp\/v2\/product_cat?post=5360"},{"taxonomy":"product_tag","embeddable":true,"href":"https:\/\/btektech.com\/tr\/wp-json\/wp\/v2\/product_tag?post=5360"}],"curies":[{"name":"wp","href":"https:\/\/api.w.org\/{rel}","templated":true}]}}