{"id":5359,"date":"2021-09-07T10:36:08","date_gmt":"2022-04-25T09:05:07","guid":{"rendered":"https:\/\/btektech.com\/product\/firca-igne-dagitim-ipuclari\/"},"modified":"2022-08-04T07:06:58","modified_gmt":"2022-08-04T07:06:58","slug":"firca-igne-dagitim-ipuclari","status":"publish","type":"product","link":"https:\/\/btektech.com\/tr\/product\/firca-igne-dagitim-ipuclari\/","title":{"rendered":"F\u0131r\u00e7a \u0130\u011fne Da\u011f\u0131t\u0131m \u0130pu\u00e7lar\u0131"},"content":{"rendered":"<p>Benzersiz tasar\u0131m, t\u00fcm tutkal tabancalar\u0131, da\u011f\u0131t\u0131m makineleri i\u00e7in kullan\u0131lan tutkal\u0131n do\u011fru ve tutarl\u0131 olmas\u0131n\u0131 sa\u011flamak i\u00e7in basit ve kullan\u0131\u015fl\u0131d\u0131r.<br \/>\nAstar, kataliz\u00f6r, kaplama malzemesi, ya\u011flama ya\u011f\u0131, solvent, flux, yay\u0131lan krem, silika jel, m\u00fcrekkep ve boya i\u00e7in uygundur. \u00c7abuk kuruyan yap\u0131\u015ft\u0131r\u0131c\u0131 ve y\u00fcksek viskoziteli kolloid i\u00e7in uygun de\u011fildir.<\/p>\n<div style=\"overflow: auto;\">\n<table style=\"border-collapse: collapse; text-align: center;\" border=\"0\" cellspacing=\"0\" cellpadding=\"0\">\n<tbody>\n<tr>\n<th>\u00f6l\u00e7er<\/th>\n<th>Renk<\/th>\n<th colspan=\"5\" >yuvarlak (mm)<\/th>\n<th colspan=\"4\" >D\u00fcz (mm)<\/th>\n<\/tr>\n<tr>\n<td>14<\/td>\n<td>zeytin<\/td>\n<td>NA<\/td>\n<td>NA<\/td>\n<td>4<\/td>\n<td>5<\/td>\n<td>6<\/td>\n<td>NA<\/td>\n<td>4<\/td>\n<td>5<\/td>\n<td>6<\/td>\n<\/tr>\n<tr>\n<td>15<\/td>\n<td>kehribar<\/td>\n<td>NA<\/td>\n<td>NA<\/td>\n<td>4<\/td>\n<td>5<\/td>\n<td>6<\/td>\n<td>NA<\/td>\n<td>4<\/td>\n<td>5<\/td>\n<td>6<\/td>\n<\/tr>\n<tr>\n<td>16<\/td>\n<td>Gri<\/td>\n<td>NA<\/td>\n<td>NA<\/td>\n<td>4<\/td>\n<td>5<\/td>\n<td>6<\/td>\n<td>NA<\/td>\n<td>4<\/td>\n<td>5<\/td>\n<td>6<\/td>\n<\/tr>\n<tr>\n<td>18<\/td>\n<td>Ye\u015fil<\/td>\n<td>NA<\/td>\n<td>NA<\/td>\n<td>4<\/td>\n<td>5<\/td>\n<td>6<\/td>\n<td>3<\/td>\n<td>4<\/td>\n<td>5<\/td>\n<td>6<\/td>\n<\/tr>\n<tr>\n<td>20<\/td>\n<td>Pembe<\/td>\n<td>2<\/td>\n<td>3<\/td>\n<td>4<\/td>\n<td>5<\/td>\n<td>6<\/td>\n<td>3<\/td>\n<td>4<\/td>\n<td>5<\/td>\n<td>6<\/td>\n<\/tr>\n<tr>\n<td>21<\/td>\n<td>Mor<\/td>\n<td>2<\/td>\n<td>3<\/td>\n<td>4<\/td>\n<td>5<\/td>\n<td>6<\/td>\n<td>3<\/td>\n<td>4<\/td>\n<td>5<\/td>\n<td>6<\/td>\n<\/tr>\n<tr>\n<td>22<\/td>\n<td>Mavi<\/td>\n<td>2<\/td>\n<td>3<\/td>\n<td>4<\/td>\n<td>5<\/td>\n<td>6<\/td>\n<td>3<\/td>\n<td>4<\/td>\n<td>5<\/td>\n<td>6<\/td>\n<\/tr>\n<tr>\n<td>23<\/td>\n<td>Turuncu<\/td>\n<td>2<\/td>\n<td>3<\/td>\n<td>4<\/td>\n<td>5<\/td>\n<td>6<\/td>\n<td>3<\/td>\n<td>4<\/td>\n<td>5<\/td>\n<td>6<\/td>\n<\/tr>\n<tr>\n<td>25<\/td>\n<td>K\u0131rm\u0131z\u0131<\/td>\n<td>2<\/td>\n<td>3<\/td>\n<td>4<\/td>\n<td>5<\/td>\n<td>6<\/td>\n<td>3<\/td>\n<td>4<\/td>\n<td>5<\/td>\n<td>6<\/td>\n<\/tr>\n<tr>\n<td>27<\/td>\n<td>Temizlemek<\/td>\n<td>2<\/td>\n<td>3<\/td>\n<td>4<\/td>\n<td>5<\/td>\n<td>6<\/td>\n<td>3<\/td>\n<td>4<\/td>\n<td>5<\/td>\n<td>6<\/td>\n<\/tr>\n<tr>\n<td>30<\/td>\n<td>Lavanta<\/td>\n<td>2<\/td>\n<td>3<\/td>\n<td>4<\/td>\n<td>5<\/td>\n<td>6<\/td>\n<td>3<\/td>\n<td>4<\/td>\n<td>5<\/td>\n<td>6<\/td>\n<\/tr>\n<tr>\n<td>32<\/td>\n<td>Sar\u0131<\/td>\n<td>2<\/td>\n<td>3<\/td>\n<td>4<\/td>\n<td>5<\/td>\n<td>6<\/td>\n<td>3<\/td>\n<td>4<\/td>\n<td>5<\/td>\n<td>6<\/td>\n<\/tr>\n<\/tbody>\n<\/table>\n<\/div>\n","protected":false},"excerpt":{"rendered":"<p>F\u0131r\u00e7a u\u00e7lar\u0131, t\u00fcy d\u00f6kmeyen, antistatik, beyaz yumu\u015fak k\u0131llar ve sar\u0131 sert k\u0131llar olmak \u00fczere iki \u00e7e\u015fidi vard\u0131r.<\/p>\n","protected":false},"featured_media":2021,"comment_status":"open","ping_status":"closed","template":"","meta":{"_acf_changed":false},"product_brand":[],"product_cat":[152],"product_tag":[],"class_list":{"0":"post-5359","1":"product","2":"type-product","3":"status-publish","4":"has-post-thumbnail","6":"product_cat-dagitim-enjektor-igne-ucu","8":"first","9":"instock","10":"shipping-taxable","11":"purchasable","12":"product-type-simple"},"acf":[],"yoast_head":"<!-- This site is optimized with the Yoast SEO plugin v26.0 - https:\/\/yoast.com\/wordpress\/plugins\/seo\/ -->\n<title>F\u0131r\u00e7a \u0130\u011fne Da\u011f\u0131t\u0131m \u0130pu\u00e7lar\u0131 - Btektech<\/title>\n<meta name=\"description\" content=\"F\u0131r\u00e7a \u0130\u011fne Da\u011f\u0131t\u0131m \u0130pu\u00e7lar\u0131, t\u00fcy d\u00f6kmeyen, antistatik, beyaz yumu\u015fak k\u0131llar ve sar\u0131 sert k\u0131llar olmak \u00fczere iki \u00e7e\u015fidi vard\u0131r.\" \/>\n<meta name=\"robots\" content=\"index, follow, max-snippet:-1, max-image-preview:large, max-video-preview:-1\" \/>\n<link rel=\"canonical\" href=\"https:\/\/btektech.com\/tr\/product\/firca-igne-dagitim-ipuclari\/\" \/>\n<meta property=\"og:locale\" content=\"tr_TR\" \/>\n<meta property=\"og:type\" content=\"article\" \/>\n<meta property=\"og:title\" content=\"F\u0131r\u00e7a \u0130\u011fne Da\u011f\u0131t\u0131m \u0130pu\u00e7lar\u0131 - Btektech\" \/>\n<meta property=\"og:description\" content=\"F\u0131r\u00e7a \u0130\u011fne Da\u011f\u0131t\u0131m \u0130pu\u00e7lar\u0131, t\u00fcy d\u00f6kmeyen, antistatik, beyaz yumu\u015fak k\u0131llar ve sar\u0131 sert k\u0131llar olmak \u00fczere iki \u00e7e\u015fidi vard\u0131r.\" \/>\n<meta property=\"og:url\" content=\"https:\/\/btektech.com\/tr\/product\/firca-igne-dagitim-ipuclari\/\" \/>\n<meta property=\"og:site_name\" content=\"Btektech\" \/>\n<meta property=\"article:modified_time\" content=\"2022-08-04T07:06:58+00:00\" \/>\n<meta property=\"og:image\" content=\"https:\/\/btektech.com\/wp-content\/uploads\/2021\/09\/Brush-1-scaled.jpg\" \/>\n\t<meta property=\"og:image:width\" content=\"2560\" \/>\n\t<meta property=\"og:image:height\" content=\"2560\" \/>\n\t<meta property=\"og:image:type\" content=\"image\/jpeg\" \/>\n<meta name=\"twitter:card\" content=\"summary_large_image\" \/>\n<meta name=\"twitter:site\" content=\"@Btektech1\" \/>\n<meta name=\"twitter:label1\" content=\"Tahmini okuma s\u00fcresi\" \/>\n\t<meta name=\"twitter:data1\" content=\"1 dakika\" \/>\n<script type=\"application\/ld+json\" class=\"yoast-schema-graph\">{\"@context\":\"https:\/\/schema.org\",\"@graph\":[{\"@type\":[\"WebPage\",\"ItemPage\"],\"@id\":\"https:\/\/btektech.com\/tr\/product\/firca-igne-dagitim-ipuclari\/\",\"url\":\"https:\/\/btektech.com\/tr\/product\/firca-igne-dagitim-ipuclari\/\",\"name\":\"F\u0131r\u00e7a \u0130\u011fne Da\u011f\u0131t\u0131m \u0130pu\u00e7lar\u0131 - Btektech\",\"isPartOf\":{\"@id\":\"https:\/\/btektech.com\/#website\"},\"primaryImageOfPage\":{\"@id\":\"https:\/\/btektech.com\/tr\/product\/firca-igne-dagitim-ipuclari\/#primaryimage\"},\"image\":{\"@id\":\"https:\/\/btektech.com\/tr\/product\/firca-igne-dagitim-ipuclari\/#primaryimage\"},\"thumbnailUrl\":\"https:\/\/btektech.com\/wp-content\/uploads\/2021\/09\/Brush-1-scaled-scaled-scaled.jpg\",\"datePublished\":\"2022-04-25T09:05:07+00:00\",\"dateModified\":\"2022-08-04T07:06:58+00:00\",\"description\":\"F\u0131r\u00e7a \u0130\u011fne Da\u011f\u0131t\u0131m \u0130pu\u00e7lar\u0131, t\u00fcy d\u00f6kmeyen, antistatik, beyaz yumu\u015fak k\u0131llar ve sar\u0131 sert k\u0131llar olmak \u00fczere iki \u00e7e\u015fidi vard\u0131r.\",\"breadcrumb\":{\"@id\":\"https:\/\/btektech.com\/tr\/product\/firca-igne-dagitim-ipuclari\/#breadcrumb\"},\"inLanguage\":\"tr\",\"potentialAction\":[{\"@type\":\"ReadAction\",\"target\":[\"https:\/\/btektech.com\/tr\/product\/firca-igne-dagitim-ipuclari\/\"]}]},{\"@type\":\"ImageObject\",\"inLanguage\":\"tr\",\"@id\":\"https:\/\/btektech.com\/tr\/product\/firca-igne-dagitim-ipuclari\/#primaryimage\",\"url\":\"https:\/\/btektech.com\/wp-content\/uploads\/2021\/09\/Brush-1-scaled-scaled-scaled.jpg\",\"contentUrl\":\"https:\/\/btektech.com\/wp-content\/uploads\/2021\/09\/Brush-1-scaled-scaled-scaled.jpg\",\"width\":2560,\"height\":2560,\"caption\":\"F\u0131r\u00e7a \u0130\u011fne Da\u011f\u0131t\u0131m \u0130pu\u00e7lar\u0131\"},{\"@type\":\"BreadcrumbList\",\"@id\":\"https:\/\/btektech.com\/tr\/product\/firca-igne-dagitim-ipuclari\/#breadcrumb\",\"itemListElement\":[{\"@type\":\"ListItem\",\"position\":1,\"name\":\"Home\",\"item\":\"https:\/\/btektech.com\/tr\/home-2\/\"},{\"@type\":\"ListItem\",\"position\":2,\"name\":\"\u00dcr\u00fcnler\",\"item\":\"https:\/\/btektech.com\/tr\/shop\/\"},{\"@type\":\"ListItem\",\"position\":3,\"name\":\"Dispensing Tips\",\"item\":\"https:\/\/btektech.com\/product-category\/dispensing-tips\/\"},{\"@type\":\"ListItem\",\"position\":4,\"name\":\"F\u0131r\u00e7a \u0130\u011fne Da\u011f\u0131t\u0131m \u0130pu\u00e7lar\u0131\"}]},{\"@type\":\"WebSite\",\"@id\":\"https:\/\/btektech.com\/#website\",\"url\":\"https:\/\/btektech.com\/\",\"name\":\"Btektech\",\"description\":\"\",\"publisher\":{\"@id\":\"https:\/\/btektech.com\/#organization\"},\"potentialAction\":[{\"@type\":\"SearchAction\",\"target\":{\"@type\":\"EntryPoint\",\"urlTemplate\":\"https:\/\/btektech.com\/?s={search_term_string}\"},\"query-input\":{\"@type\":\"PropertyValueSpecification\",\"valueRequired\":true,\"valueName\":\"search_term_string\"}}],\"inLanguage\":\"tr\"},{\"@type\":\"Organization\",\"@id\":\"https:\/\/btektech.com\/#organization\",\"name\":\"Btektech\",\"url\":\"https:\/\/btektech.com\/\",\"logo\":{\"@type\":\"ImageObject\",\"inLanguage\":\"tr\",\"@id\":\"https:\/\/btektech.com\/#\/schema\/logo\/image\/\",\"url\":\"https:\/\/btektech.com\/wp-content\/uploads\/2021\/08\/btektech-logo.png\",\"contentUrl\":\"https:\/\/btektech.com\/wp-content\/uploads\/2021\/08\/btektech-logo.png\",\"width\":250,\"height\":114,\"caption\":\"Btektech\"},\"image\":{\"@id\":\"https:\/\/btektech.com\/#\/schema\/logo\/image\/\"},\"sameAs\":[\"https:\/\/x.com\/Btektech1\",\"https:\/\/www.instagram.com\/btektech\/\",\"https:\/\/www.linkedin.com\/company\/suzhou-baotailong-electronic-materials-co-ltd\/\",\"https:\/\/www.pinterest.com\/btektech\/_saved\/\",\"https:\/\/www.youtube.com\/channel\/UCBiw4Bc4CmQDrdo-QqyVTqQ\"]}]}<\/script>\n<!-- \/ Yoast SEO plugin. -->","yoast_head_json":{"title":"F\u0131r\u00e7a \u0130\u011fne Da\u011f\u0131t\u0131m \u0130pu\u00e7lar\u0131 - Btektech","description":"F\u0131r\u00e7a \u0130\u011fne Da\u011f\u0131t\u0131m \u0130pu\u00e7lar\u0131, t\u00fcy d\u00f6kmeyen, antistatik, beyaz yumu\u015fak k\u0131llar ve sar\u0131 sert k\u0131llar olmak \u00fczere iki \u00e7e\u015fidi vard\u0131r.","robots":{"index":"index","follow":"follow","max-snippet":"max-snippet:-1","max-image-preview":"max-image-preview:large","max-video-preview":"max-video-preview:-1"},"canonical":"https:\/\/btektech.com\/tr\/product\/firca-igne-dagitim-ipuclari\/","og_locale":"tr_TR","og_type":"article","og_title":"F\u0131r\u00e7a \u0130\u011fne Da\u011f\u0131t\u0131m \u0130pu\u00e7lar\u0131 - Btektech","og_description":"F\u0131r\u00e7a \u0130\u011fne Da\u011f\u0131t\u0131m \u0130pu\u00e7lar\u0131, t\u00fcy d\u00f6kmeyen, antistatik, beyaz yumu\u015fak k\u0131llar ve sar\u0131 sert k\u0131llar olmak \u00fczere iki \u00e7e\u015fidi vard\u0131r.","og_url":"https:\/\/btektech.com\/tr\/product\/firca-igne-dagitim-ipuclari\/","og_site_name":"Btektech","article_modified_time":"2022-08-04T07:06:58+00:00","og_image":[{"width":2560,"height":2560,"url":"https:\/\/btektech.com\/wp-content\/uploads\/2021\/09\/Brush-1-scaled.jpg","type":"image\/jpeg"}],"twitter_card":"summary_large_image","twitter_site":"@Btektech1","twitter_misc":{"Tahmini okuma s\u00fcresi":"1 dakika"},"schema":{"@context":"https:\/\/schema.org","@graph":[{"@type":["WebPage","ItemPage"],"@id":"https:\/\/btektech.com\/tr\/product\/firca-igne-dagitim-ipuclari\/","url":"https:\/\/btektech.com\/tr\/product\/firca-igne-dagitim-ipuclari\/","name":"F\u0131r\u00e7a \u0130\u011fne Da\u011f\u0131t\u0131m \u0130pu\u00e7lar\u0131 - Btektech","isPartOf":{"@id":"https:\/\/btektech.com\/#website"},"primaryImageOfPage":{"@id":"https:\/\/btektech.com\/tr\/product\/firca-igne-dagitim-ipuclari\/#primaryimage"},"image":{"@id":"https:\/\/btektech.com\/tr\/product\/firca-igne-dagitim-ipuclari\/#primaryimage"},"thumbnailUrl":"https:\/\/btektech.com\/wp-content\/uploads\/2021\/09\/Brush-1-scaled-scaled-scaled.jpg","datePublished":"2022-04-25T09:05:07+00:00","dateModified":"2022-08-04T07:06:58+00:00","description":"F\u0131r\u00e7a \u0130\u011fne Da\u011f\u0131t\u0131m \u0130pu\u00e7lar\u0131, t\u00fcy d\u00f6kmeyen, antistatik, beyaz yumu\u015fak k\u0131llar ve sar\u0131 sert k\u0131llar olmak \u00fczere iki \u00e7e\u015fidi vard\u0131r.","breadcrumb":{"@id":"https:\/\/btektech.com\/tr\/product\/firca-igne-dagitim-ipuclari\/#breadcrumb"},"inLanguage":"tr","potentialAction":[{"@type":"ReadAction","target":["https:\/\/btektech.com\/tr\/product\/firca-igne-dagitim-ipuclari\/"]}]},{"@type":"ImageObject","inLanguage":"tr","@id":"https:\/\/btektech.com\/tr\/product\/firca-igne-dagitim-ipuclari\/#primaryimage","url":"https:\/\/btektech.com\/wp-content\/uploads\/2021\/09\/Brush-1-scaled-scaled-scaled.jpg","contentUrl":"https:\/\/btektech.com\/wp-content\/uploads\/2021\/09\/Brush-1-scaled-scaled-scaled.jpg","width":2560,"height":2560,"caption":"F\u0131r\u00e7a \u0130\u011fne Da\u011f\u0131t\u0131m \u0130pu\u00e7lar\u0131"},{"@type":"BreadcrumbList","@id":"https:\/\/btektech.com\/tr\/product\/firca-igne-dagitim-ipuclari\/#breadcrumb","itemListElement":[{"@type":"ListItem","position":1,"name":"Home","item":"https:\/\/btektech.com\/tr\/home-2\/"},{"@type":"ListItem","position":2,"name":"\u00dcr\u00fcnler","item":"https:\/\/btektech.com\/tr\/shop\/"},{"@type":"ListItem","position":3,"name":"Dispensing Tips","item":"https:\/\/btektech.com\/product-category\/dispensing-tips\/"},{"@type":"ListItem","position":4,"name":"F\u0131r\u00e7a \u0130\u011fne Da\u011f\u0131t\u0131m \u0130pu\u00e7lar\u0131"}]},{"@type":"WebSite","@id":"https:\/\/btektech.com\/#website","url":"https:\/\/btektech.com\/","name":"Btektech","description":"","publisher":{"@id":"https:\/\/btektech.com\/#organization"},"potentialAction":[{"@type":"SearchAction","target":{"@type":"EntryPoint","urlTemplate":"https:\/\/btektech.com\/?s={search_term_string}"},"query-input":{"@type":"PropertyValueSpecification","valueRequired":true,"valueName":"search_term_string"}}],"inLanguage":"tr"},{"@type":"Organization","@id":"https:\/\/btektech.com\/#organization","name":"Btektech","url":"https:\/\/btektech.com\/","logo":{"@type":"ImageObject","inLanguage":"tr","@id":"https:\/\/btektech.com\/#\/schema\/logo\/image\/","url":"https:\/\/btektech.com\/wp-content\/uploads\/2021\/08\/btektech-logo.png","contentUrl":"https:\/\/btektech.com\/wp-content\/uploads\/2021\/08\/btektech-logo.png","width":250,"height":114,"caption":"Btektech"},"image":{"@id":"https:\/\/btektech.com\/#\/schema\/logo\/image\/"},"sameAs":["https:\/\/x.com\/Btektech1","https:\/\/www.instagram.com\/btektech\/","https:\/\/www.linkedin.com\/company\/suzhou-baotailong-electronic-materials-co-ltd\/","https:\/\/www.pinterest.com\/btektech\/_saved\/","https:\/\/www.youtube.com\/channel\/UCBiw4Bc4CmQDrdo-QqyVTqQ"]}]}},"_links":{"self":[{"href":"https:\/\/btektech.com\/tr\/wp-json\/wp\/v2\/product\/5359","targetHints":{"allow":["GET"]}}],"collection":[{"href":"https:\/\/btektech.com\/tr\/wp-json\/wp\/v2\/product"}],"about":[{"href":"https:\/\/btektech.com\/tr\/wp-json\/wp\/v2\/types\/product"}],"replies":[{"embeddable":true,"href":"https:\/\/btektech.com\/tr\/wp-json\/wp\/v2\/comments?post=5359"}],"version-history":[{"count":0,"href":"https:\/\/btektech.com\/tr\/wp-json\/wp\/v2\/product\/5359\/revisions"}],"wp:featuredmedia":[{"embeddable":true,"href":"https:\/\/btektech.com\/tr\/wp-json\/wp\/v2\/media\/2021"}],"wp:attachment":[{"href":"https:\/\/btektech.com\/tr\/wp-json\/wp\/v2\/media?parent=5359"}],"wp:term":[{"taxonomy":"product_brand","embeddable":true,"href":"https:\/\/btektech.com\/tr\/wp-json\/wp\/v2\/product_brand?post=5359"},{"taxonomy":"product_cat","embeddable":true,"href":"https:\/\/btektech.com\/tr\/wp-json\/wp\/v2\/product_cat?post=5359"},{"taxonomy":"product_tag","embeddable":true,"href":"https:\/\/btektech.com\/tr\/wp-json\/wp\/v2\/product_tag?post=5359"}],"curies":[{"name":"wp","href":"https:\/\/api.w.org\/{rel}","templated":true}]}}