{"id":5358,"date":"2021-09-07T03:58:18","date_gmt":"2022-04-25T09:05:06","guid":{"rendered":"https:\/\/btektech.com\/product\/dagitim-ipuclari-ptef-astarli-igne\/"},"modified":"2022-08-12T06:03:08","modified_gmt":"2022-08-12T06:03:08","slug":"ptfe-ipuclari","status":"publish","type":"product","link":"https:\/\/btektech.com\/tr\/product\/ptfe-ipuclari\/","title":{"rendered":"PTFE \u0130pu\u00e7lar\u0131"},"content":{"rendered":"<p><span class=\"transSent\" data-group=\"0-0\">PTFE i\u011fnesi, \u00e7ift di\u015fli bir polipropilen i\u011fne tutucusuna ve paslanmaz \u00e7elik i\u011fnenin i\u00e7inden yakla\u015f\u0131k 3 mm a\u00e7\u0131kta kalan PTFE astar\u0131 ile tam olarak preslenmi\u015f bir d\u0131\u015f boruya sahiptir. <\/span><span class=\"transSent\" data-group=\"0-1\"> PTFE astarl\u0131 u\u00e7lar kullan\u0131ld\u0131\u011f\u0131nda, Cyanopropionate&#8217;in taban\u0131 bloke etmesini ve zarar vermesini \u00f6nler. <\/span><\/p>\n<div style=\"overflow: auto;\">\n<table style=\"text-align: center;\">\n<tbody>\n<tr>\n<th>\u00f6l\u00e7er<\/th>\n<th>Renk<\/th>\n<th>kimlik(mm)<\/th>\n<th>OD(mm)<\/th>\n<th>12,7 mm(1\/2&#8243;)<\/th>\n<th>25,4 mm(1&#8243;)<\/th>\n<\/tr>\n<tr>\n<td>20<\/td>\n<td>Gri<\/td>\n<td>0.6<\/td>\n<td>1.1<\/td>\n<td>PT 200550<\/td>\n<td>PT 201000<\/td>\n<\/tr>\n<tr>\n<td>25<\/td>\n<td>Pembe<\/td>\n<td>0.3<\/td>\n<td>0.78<\/td>\n<td>PT 25050<\/td>\n<td>PT25100<\/td>\n<\/tr>\n<tr>\n<td>27<\/td>\n<td>K\u0131rm\u0131z\u0131<\/td>\n<td>0.2<\/td>\n<td>0.55<\/td>\n<td>PT 27050<\/td>\n<td>27100<\/td>\n<\/tr>\n<\/tbody>\n<\/table>\n<\/div>\n","protected":false},"excerpt":{"rendered":"<p class=\"src grammarSection\" data-group=\"1-1\">PTFE u\u00e7 astar\u0131n\u0131n tasar\u0131m\u0131, yaln\u0131zca h\u0131zl\u0131 yap\u0131\u015ft\u0131r\u0131c\u0131n\u0131n h\u0131zl\u0131 yap\u0131\u015fmas\u0131n\u0131 etkili bir \u015fekilde engellemekle kalmaz, ayn\u0131 zamanda i\u011fnenin iyi y\u00f6nlendirilmesini de sa\u011flar.<\/p>\n","protected":false},"featured_media":1957,"comment_status":"open","ping_status":"closed","template":"","meta":{"_acf_changed":false},"product_brand":[],"product_cat":[152],"product_tag":[],"class_list":{"0":"post-5358","1":"product","2":"type-product","3":"status-publish","4":"has-post-thumbnail","6":"product_cat-dagitim-enjektor-igne-ucu","8":"first","9":"instock","10":"shipping-taxable","11":"product-type-simple"},"acf":[],"yoast_head":"<!-- This site is optimized with the Yoast SEO plugin v26.0 - https:\/\/yoast.com\/wordpress\/plugins\/seo\/ -->\n<title>PTFE \u0130pu\u00e7lar\u0131 - Btektech<\/title>\n<meta name=\"description\" content=\"PTFE \u0130pu\u00e7lar\u0131, \u00e7ift di\u015fli bir polipropilen i\u011fne tutucusuna ve paslanmaz \u00e7elik i\u011fnenin i\u00e7inden yakla\u015f\u0131k 3 mm.\" \/>\n<meta name=\"robots\" content=\"index, follow, max-snippet:-1, max-image-preview:large, max-video-preview:-1\" \/>\n<link rel=\"canonical\" href=\"https:\/\/btektech.com\/tr\/product\/ptfe-ipuclari\/\" \/>\n<meta property=\"og:locale\" content=\"tr_TR\" \/>\n<meta property=\"og:type\" content=\"article\" \/>\n<meta property=\"og:title\" content=\"PTFE \u0130pu\u00e7lar\u0131 - Btektech\" \/>\n<meta property=\"og:description\" content=\"PTFE \u0130pu\u00e7lar\u0131, \u00e7ift di\u015fli bir polipropilen i\u011fne tutucusuna ve paslanmaz \u00e7elik i\u011fnenin i\u00e7inden yakla\u015f\u0131k 3 mm.\" \/>\n<meta property=\"og:url\" content=\"https:\/\/btektech.com\/tr\/product\/ptfe-ipuclari\/\" \/>\n<meta property=\"og:site_name\" content=\"Btektech\" \/>\n<meta property=\"article:modified_time\" content=\"2022-08-12T06:03:08+00:00\" \/>\n<meta property=\"og:image\" content=\"https:\/\/btektech.com\/wp-content\/uploads\/2021\/09\/photobank-2-1.jpg\" \/>\n\t<meta property=\"og:image:width\" content=\"650\" \/>\n\t<meta property=\"og:image:height\" content=\"650\" \/>\n\t<meta property=\"og:image:type\" content=\"image\/jpeg\" \/>\n<meta name=\"twitter:card\" content=\"summary_large_image\" \/>\n<meta name=\"twitter:site\" content=\"@Btektech1\" \/>\n<script type=\"application\/ld+json\" class=\"yoast-schema-graph\">{\"@context\":\"https:\/\/schema.org\",\"@graph\":[{\"@type\":[\"WebPage\",\"ItemPage\"],\"@id\":\"https:\/\/btektech.com\/tr\/product\/ptfe-ipuclari\/\",\"url\":\"https:\/\/btektech.com\/tr\/product\/ptfe-ipuclari\/\",\"name\":\"PTFE \u0130pu\u00e7lar\u0131 - Btektech\",\"isPartOf\":{\"@id\":\"https:\/\/btektech.com\/#website\"},\"primaryImageOfPage\":{\"@id\":\"https:\/\/btektech.com\/tr\/product\/ptfe-ipuclari\/#primaryimage\"},\"image\":{\"@id\":\"https:\/\/btektech.com\/tr\/product\/ptfe-ipuclari\/#primaryimage\"},\"thumbnailUrl\":\"https:\/\/btektech.com\/wp-content\/uploads\/2021\/09\/photobank-2-1.jpg\",\"datePublished\":\"2022-04-25T09:05:06+00:00\",\"dateModified\":\"2022-08-12T06:03:08+00:00\",\"description\":\"PTFE \u0130pu\u00e7lar\u0131, \u00e7ift di\u015fli bir polipropilen i\u011fne tutucusuna ve paslanmaz \u00e7elik i\u011fnenin i\u00e7inden yakla\u015f\u0131k 3 mm.\",\"breadcrumb\":{\"@id\":\"https:\/\/btektech.com\/tr\/product\/ptfe-ipuclari\/#breadcrumb\"},\"inLanguage\":\"tr\",\"potentialAction\":[{\"@type\":\"ReadAction\",\"target\":[\"https:\/\/btektech.com\/tr\/product\/ptfe-ipuclari\/\"]}]},{\"@type\":\"ImageObject\",\"inLanguage\":\"tr\",\"@id\":\"https:\/\/btektech.com\/tr\/product\/ptfe-ipuclari\/#primaryimage\",\"url\":\"https:\/\/btektech.com\/wp-content\/uploads\/2021\/09\/photobank-2-1.jpg\",\"contentUrl\":\"https:\/\/btektech.com\/wp-content\/uploads\/2021\/09\/photobank-2-1.jpg\",\"width\":650,\"height\":650,\"caption\":\"PTFE \u0130PU\u00c7LARI\"},{\"@type\":\"BreadcrumbList\",\"@id\":\"https:\/\/btektech.com\/tr\/product\/ptfe-ipuclari\/#breadcrumb\",\"itemListElement\":[{\"@type\":\"ListItem\",\"position\":1,\"name\":\"Home\",\"item\":\"https:\/\/btektech.com\/tr\/home-2\/\"},{\"@type\":\"ListItem\",\"position\":2,\"name\":\"\u00dcr\u00fcnler\",\"item\":\"https:\/\/btektech.com\/tr\/shop\/\"},{\"@type\":\"ListItem\",\"position\":3,\"name\":\"Dispensing Tips\",\"item\":\"https:\/\/btektech.com\/product-category\/dispensing-tips\/\"},{\"@type\":\"ListItem\",\"position\":4,\"name\":\"PTFE \u0130pu\u00e7lar\u0131\"}]},{\"@type\":\"WebSite\",\"@id\":\"https:\/\/btektech.com\/#website\",\"url\":\"https:\/\/btektech.com\/\",\"name\":\"Btektech\",\"description\":\"\",\"publisher\":{\"@id\":\"https:\/\/btektech.com\/#organization\"},\"potentialAction\":[{\"@type\":\"SearchAction\",\"target\":{\"@type\":\"EntryPoint\",\"urlTemplate\":\"https:\/\/btektech.com\/?s={search_term_string}\"},\"query-input\":{\"@type\":\"PropertyValueSpecification\",\"valueRequired\":true,\"valueName\":\"search_term_string\"}}],\"inLanguage\":\"tr\"},{\"@type\":\"Organization\",\"@id\":\"https:\/\/btektech.com\/#organization\",\"name\":\"Btektech\",\"url\":\"https:\/\/btektech.com\/\",\"logo\":{\"@type\":\"ImageObject\",\"inLanguage\":\"tr\",\"@id\":\"https:\/\/btektech.com\/#\/schema\/logo\/image\/\",\"url\":\"https:\/\/btektech.com\/wp-content\/uploads\/2021\/08\/btektech-logo.png\",\"contentUrl\":\"https:\/\/btektech.com\/wp-content\/uploads\/2021\/08\/btektech-logo.png\",\"width\":250,\"height\":114,\"caption\":\"Btektech\"},\"image\":{\"@id\":\"https:\/\/btektech.com\/#\/schema\/logo\/image\/\"},\"sameAs\":[\"https:\/\/x.com\/Btektech1\",\"https:\/\/www.instagram.com\/btektech\/\",\"https:\/\/www.linkedin.com\/company\/suzhou-baotailong-electronic-materials-co-ltd\/\",\"https:\/\/www.pinterest.com\/btektech\/_saved\/\",\"https:\/\/www.youtube.com\/channel\/UCBiw4Bc4CmQDrdo-QqyVTqQ\"]}]}<\/script>\n<!-- \/ Yoast SEO plugin. -->","yoast_head_json":{"title":"PTFE \u0130pu\u00e7lar\u0131 - Btektech","description":"PTFE \u0130pu\u00e7lar\u0131, \u00e7ift di\u015fli bir polipropilen i\u011fne tutucusuna ve paslanmaz \u00e7elik i\u011fnenin i\u00e7inden yakla\u015f\u0131k 3 mm.","robots":{"index":"index","follow":"follow","max-snippet":"max-snippet:-1","max-image-preview":"max-image-preview:large","max-video-preview":"max-video-preview:-1"},"canonical":"https:\/\/btektech.com\/tr\/product\/ptfe-ipuclari\/","og_locale":"tr_TR","og_type":"article","og_title":"PTFE \u0130pu\u00e7lar\u0131 - Btektech","og_description":"PTFE \u0130pu\u00e7lar\u0131, \u00e7ift di\u015fli bir polipropilen i\u011fne tutucusuna ve paslanmaz \u00e7elik i\u011fnenin i\u00e7inden yakla\u015f\u0131k 3 mm.","og_url":"https:\/\/btektech.com\/tr\/product\/ptfe-ipuclari\/","og_site_name":"Btektech","article_modified_time":"2022-08-12T06:03:08+00:00","og_image":[{"width":650,"height":650,"url":"https:\/\/btektech.com\/wp-content\/uploads\/2021\/09\/photobank-2-1.jpg","type":"image\/jpeg"}],"twitter_card":"summary_large_image","twitter_site":"@Btektech1","schema":{"@context":"https:\/\/schema.org","@graph":[{"@type":["WebPage","ItemPage"],"@id":"https:\/\/btektech.com\/tr\/product\/ptfe-ipuclari\/","url":"https:\/\/btektech.com\/tr\/product\/ptfe-ipuclari\/","name":"PTFE \u0130pu\u00e7lar\u0131 - Btektech","isPartOf":{"@id":"https:\/\/btektech.com\/#website"},"primaryImageOfPage":{"@id":"https:\/\/btektech.com\/tr\/product\/ptfe-ipuclari\/#primaryimage"},"image":{"@id":"https:\/\/btektech.com\/tr\/product\/ptfe-ipuclari\/#primaryimage"},"thumbnailUrl":"https:\/\/btektech.com\/wp-content\/uploads\/2021\/09\/photobank-2-1.jpg","datePublished":"2022-04-25T09:05:06+00:00","dateModified":"2022-08-12T06:03:08+00:00","description":"PTFE \u0130pu\u00e7lar\u0131, \u00e7ift di\u015fli bir polipropilen i\u011fne tutucusuna ve paslanmaz \u00e7elik i\u011fnenin i\u00e7inden yakla\u015f\u0131k 3 mm.","breadcrumb":{"@id":"https:\/\/btektech.com\/tr\/product\/ptfe-ipuclari\/#breadcrumb"},"inLanguage":"tr","potentialAction":[{"@type":"ReadAction","target":["https:\/\/btektech.com\/tr\/product\/ptfe-ipuclari\/"]}]},{"@type":"ImageObject","inLanguage":"tr","@id":"https:\/\/btektech.com\/tr\/product\/ptfe-ipuclari\/#primaryimage","url":"https:\/\/btektech.com\/wp-content\/uploads\/2021\/09\/photobank-2-1.jpg","contentUrl":"https:\/\/btektech.com\/wp-content\/uploads\/2021\/09\/photobank-2-1.jpg","width":650,"height":650,"caption":"PTFE \u0130PU\u00c7LARI"},{"@type":"BreadcrumbList","@id":"https:\/\/btektech.com\/tr\/product\/ptfe-ipuclari\/#breadcrumb","itemListElement":[{"@type":"ListItem","position":1,"name":"Home","item":"https:\/\/btektech.com\/tr\/home-2\/"},{"@type":"ListItem","position":2,"name":"\u00dcr\u00fcnler","item":"https:\/\/btektech.com\/tr\/shop\/"},{"@type":"ListItem","position":3,"name":"Dispensing Tips","item":"https:\/\/btektech.com\/product-category\/dispensing-tips\/"},{"@type":"ListItem","position":4,"name":"PTFE \u0130pu\u00e7lar\u0131"}]},{"@type":"WebSite","@id":"https:\/\/btektech.com\/#website","url":"https:\/\/btektech.com\/","name":"Btektech","description":"","publisher":{"@id":"https:\/\/btektech.com\/#organization"},"potentialAction":[{"@type":"SearchAction","target":{"@type":"EntryPoint","urlTemplate":"https:\/\/btektech.com\/?s={search_term_string}"},"query-input":{"@type":"PropertyValueSpecification","valueRequired":true,"valueName":"search_term_string"}}],"inLanguage":"tr"},{"@type":"Organization","@id":"https:\/\/btektech.com\/#organization","name":"Btektech","url":"https:\/\/btektech.com\/","logo":{"@type":"ImageObject","inLanguage":"tr","@id":"https:\/\/btektech.com\/#\/schema\/logo\/image\/","url":"https:\/\/btektech.com\/wp-content\/uploads\/2021\/08\/btektech-logo.png","contentUrl":"https:\/\/btektech.com\/wp-content\/uploads\/2021\/08\/btektech-logo.png","width":250,"height":114,"caption":"Btektech"},"image":{"@id":"https:\/\/btektech.com\/#\/schema\/logo\/image\/"},"sameAs":["https:\/\/x.com\/Btektech1","https:\/\/www.instagram.com\/btektech\/","https:\/\/www.linkedin.com\/company\/suzhou-baotailong-electronic-materials-co-ltd\/","https:\/\/www.pinterest.com\/btektech\/_saved\/","https:\/\/www.youtube.com\/channel\/UCBiw4Bc4CmQDrdo-QqyVTqQ"]}]}},"_links":{"self":[{"href":"https:\/\/btektech.com\/tr\/wp-json\/wp\/v2\/product\/5358","targetHints":{"allow":["GET"]}}],"collection":[{"href":"https:\/\/btektech.com\/tr\/wp-json\/wp\/v2\/product"}],"about":[{"href":"https:\/\/btektech.com\/tr\/wp-json\/wp\/v2\/types\/product"}],"replies":[{"embeddable":true,"href":"https:\/\/btektech.com\/tr\/wp-json\/wp\/v2\/comments?post=5358"}],"version-history":[{"count":0,"href":"https:\/\/btektech.com\/tr\/wp-json\/wp\/v2\/product\/5358\/revisions"}],"wp:featuredmedia":[{"embeddable":true,"href":"https:\/\/btektech.com\/tr\/wp-json\/wp\/v2\/media\/1957"}],"wp:attachment":[{"href":"https:\/\/btektech.com\/tr\/wp-json\/wp\/v2\/media?parent=5358"}],"wp:term":[{"taxonomy":"product_brand","embeddable":true,"href":"https:\/\/btektech.com\/tr\/wp-json\/wp\/v2\/product_brand?post=5358"},{"taxonomy":"product_cat","embeddable":true,"href":"https:\/\/btektech.com\/tr\/wp-json\/wp\/v2\/product_cat?post=5358"},{"taxonomy":"product_tag","embeddable":true,"href":"https:\/\/btektech.com\/tr\/wp-json\/wp\/v2\/product_tag?post=5358"}],"curies":[{"name":"wp","href":"https:\/\/api.w.org\/{rel}","templated":true}]}}