{"id":5357,"date":"2021-09-08T06:01:59","date_gmt":"2022-04-25T09:05:06","guid":{"rendered":"https:\/\/btektech.com\/product\/oval-dagitim-ipuclari\/"},"modified":"2022-09-27T06:13:58","modified_gmt":"2022-09-27T06:13:58","slug":"oval-dagitim-igne-ucu","status":"publish","type":"product","link":"https:\/\/btektech.com\/tr\/product\/oval-dagitim-igne-ucu\/","title":{"rendered":"Oval Da\u011f\u0131t\u0131m \u0130\u011fne Ucu"},"content":{"rendered":"<p>Genel ama\u00e7l\u0131 i\u011fneler ve paslanmaz \u00e7elik i\u011fneler, oval a\u011f\u0131zl\u0131 i\u011fneler yapmak i\u00e7in daha fazla i\u015flenebilir.<\/p>\n<div style=\"overflow: auto;\">\n<table style=\"text-align: center;\">\n<tbody>\n<tr>\n<th>\u00f6l\u00e7er<\/th>\n<th>Renk<\/th>\n<th>kimlik(mm)<\/th>\n<th>OD(mm)<\/th>\n<th>12,7 mm(1\/2&#8243;)<\/th>\n<th>25,4 mm(1&#8243;)<\/th>\n<th>38,1 mm(3\/2&#8243;)<\/th>\n<\/tr>\n<tr>\n<td>14G<\/td>\n<td>zeytin<\/td>\n<td>1.55<\/td>\n<td>2.1<\/td>\n<td>OT 14050<\/td>\n<td>OT 14100<\/td>\n<td>OT 14150<\/td>\n<\/tr>\n<tr>\n<td>15G<\/td>\n<td>kehribar<\/td>\n<td>1.35<\/td>\n<td>1.8<\/td>\n<td>OT 15050<\/td>\n<td>OT 15100<\/td>\n<td>OT 15150<\/td>\n<\/tr>\n<tr>\n<td>10<\/td>\n<td>Metal<\/td>\n<td>2,8 mm<\/td>\n<td>3.5mm<\/td>\n<td>i\u015fletim sistemi 10050<\/td>\n<td>OS 10100<\/td>\n<td>OS 10150<\/td>\n<\/tr>\n<tr>\n<td>11<\/td>\n<td>Metal<\/td>\n<td>2,5 mm<\/td>\n<td>3mm<\/td>\n<td>i\u015fletim sistemi 11050<\/td>\n<td>i\u015fletim sistemi 11100<\/td>\n<td>i\u015fletim sistemi 11150<\/td>\n<\/tr>\n<tr>\n<td>12<\/td>\n<td>Metal<\/td>\n<td>2.27 mm<\/td>\n<td>2,77 mm<\/td>\n<td>i\u015fletim sistemi 12050<\/td>\n<td>i\u015fletim sistemi 12100<\/td>\n<td>i\u015fletim sistemi 12150<\/td>\n<\/tr>\n<tr>\n<td>13<\/td>\n<td>Metal<\/td>\n<td>1,94 mm<\/td>\n<td>2.4mm<\/td>\n<td>i\u015fletim sistemi 13050<\/td>\n<td>i\u015fletim sistemi 13100<\/td>\n<td>i\u015fletim sistemi 13150<\/td>\n<\/tr>\n<tr>\n<td>14<\/td>\n<td>Metal<\/td>\n<td>1.65 mm<\/td>\n<td>1.81 mm<\/td>\n<td>i\u015fletim sistemi 14050<\/td>\n<td>OS 14100<\/td>\n<td>OS 14150<\/td>\n<\/tr>\n<tr>\n<td>15<\/td>\n<td>Metal<\/td>\n<td>1,43 mm<\/td>\n<td>1.81 mm<\/td>\n<td>i\u015fletim sistemi 15050<\/td>\n<td>OS 15100<\/td>\n<td>i\u015fletim sistemi 15150<\/td>\n<\/tr>\n<\/tbody>\n<\/table>\n<\/div>\n","protected":false},"excerpt":{"rendered":"<p>Oval u\u00e7lar, macun, dolgu macunlar\u0131 ve d\u00fcz epoksi re\u00e7ine bantlar\u0131 gibi kal\u0131n s\u0131v\u0131lardan olu\u015fan d\u00fcz \u015feritler uygular.<\/p>\n","protected":false},"featured_media":21508,"comment_status":"open","ping_status":"closed","template":"","meta":{"_acf_changed":false},"product_brand":[],"product_cat":[152],"product_tag":[],"class_list":{"0":"post-5357","1":"product","2":"type-product","3":"status-publish","4":"has-post-thumbnail","6":"product_cat-dagitim-enjektor-igne-ucu","8":"first","9":"instock","10":"shipping-taxable","11":"product-type-simple"},"acf":[],"yoast_head":"<!-- This site is optimized with the Yoast SEO plugin v26.0 - https:\/\/yoast.com\/wordpress\/plugins\/seo\/ -->\n<title>Oval Da\u011f\u0131t\u0131m \u0130\u011fne Ucu - Btektech<\/title>\n<meta name=\"description\" content=\"Oval Da\u011f\u0131t\u0131m \u0130\u011fne Ucu, macun, dolgu macunlar\u0131 ve d\u00fcz epoksi re\u00e7ine bantlar\u0131 gibi kal\u0131n s\u0131v\u0131lardan olu\u015fan d\u00fcz \u015feritler uygular.\" \/>\n<meta name=\"robots\" content=\"index, follow, max-snippet:-1, max-image-preview:large, max-video-preview:-1\" \/>\n<link rel=\"canonical\" href=\"https:\/\/btektech.com\/tr\/product\/oval-dagitim-igne-ucu\/\" \/>\n<meta property=\"og:locale\" content=\"tr_TR\" \/>\n<meta property=\"og:type\" content=\"article\" \/>\n<meta property=\"og:title\" content=\"Oval Da\u011f\u0131t\u0131m \u0130\u011fne Ucu - Btektech\" \/>\n<meta property=\"og:description\" content=\"Oval Da\u011f\u0131t\u0131m \u0130\u011fne Ucu, macun, dolgu macunlar\u0131 ve d\u00fcz epoksi re\u00e7ine bantlar\u0131 gibi kal\u0131n s\u0131v\u0131lardan olu\u015fan d\u00fcz \u015feritler uygular.\" \/>\n<meta property=\"og:url\" content=\"https:\/\/btektech.com\/tr\/product\/oval-dagitim-igne-ucu\/\" \/>\n<meta property=\"og:site_name\" content=\"Btektech\" \/>\n<meta property=\"article:modified_time\" content=\"2022-09-27T06:13:58+00:00\" \/>\n<meta property=\"og:image\" content=\"https:\/\/btektech.com\/wp-content\/uploads\/2021\/09\/15-Oval-1.jpg\" \/>\n\t<meta property=\"og:image:width\" content=\"1417\" \/>\n\t<meta property=\"og:image:height\" content=\"1417\" \/>\n\t<meta property=\"og:image:type\" content=\"image\/jpeg\" \/>\n<meta name=\"twitter:card\" content=\"summary_large_image\" \/>\n<meta name=\"twitter:site\" content=\"@Btektech1\" \/>\n<meta name=\"twitter:label1\" content=\"Tahmini okuma s\u00fcresi\" \/>\n\t<meta name=\"twitter:data1\" content=\"1 dakika\" \/>\n<script type=\"application\/ld+json\" class=\"yoast-schema-graph\">{\"@context\":\"https:\/\/schema.org\",\"@graph\":[{\"@type\":[\"WebPage\",\"ItemPage\"],\"@id\":\"https:\/\/btektech.com\/tr\/product\/oval-dagitim-igne-ucu\/\",\"url\":\"https:\/\/btektech.com\/tr\/product\/oval-dagitim-igne-ucu\/\",\"name\":\"Oval Da\u011f\u0131t\u0131m \u0130\u011fne Ucu - Btektech\",\"isPartOf\":{\"@id\":\"https:\/\/btektech.com\/#website\"},\"primaryImageOfPage\":{\"@id\":\"https:\/\/btektech.com\/tr\/product\/oval-dagitim-igne-ucu\/#primaryimage\"},\"image\":{\"@id\":\"https:\/\/btektech.com\/tr\/product\/oval-dagitim-igne-ucu\/#primaryimage\"},\"thumbnailUrl\":\"https:\/\/btektech.com\/wp-content\/uploads\/2025\/12\/5.jpg\",\"datePublished\":\"2022-04-25T09:05:06+00:00\",\"dateModified\":\"2022-09-27T06:13:58+00:00\",\"description\":\"Oval Da\u011f\u0131t\u0131m \u0130\u011fne Ucu, macun, dolgu macunlar\u0131 ve d\u00fcz epoksi re\u00e7ine bantlar\u0131 gibi kal\u0131n s\u0131v\u0131lardan olu\u015fan d\u00fcz \u015feritler uygular.\",\"breadcrumb\":{\"@id\":\"https:\/\/btektech.com\/tr\/product\/oval-dagitim-igne-ucu\/#breadcrumb\"},\"inLanguage\":\"tr\",\"potentialAction\":[{\"@type\":\"ReadAction\",\"target\":[\"https:\/\/btektech.com\/tr\/product\/oval-dagitim-igne-ucu\/\"]}]},{\"@type\":\"ImageObject\",\"inLanguage\":\"tr\",\"@id\":\"https:\/\/btektech.com\/tr\/product\/oval-dagitim-igne-ucu\/#primaryimage\",\"url\":\"https:\/\/btektech.com\/wp-content\/uploads\/2025\/12\/5.jpg\",\"contentUrl\":\"https:\/\/btektech.com\/wp-content\/uploads\/2025\/12\/5.jpg\",\"width\":800,\"height\":800,\"caption\":\"Oval Dispensing Tips\"},{\"@type\":\"BreadcrumbList\",\"@id\":\"https:\/\/btektech.com\/tr\/product\/oval-dagitim-igne-ucu\/#breadcrumb\",\"itemListElement\":[{\"@type\":\"ListItem\",\"position\":1,\"name\":\"Home\",\"item\":\"https:\/\/btektech.com\/tr\/home-2\/\"},{\"@type\":\"ListItem\",\"position\":2,\"name\":\"\u00dcr\u00fcnler\",\"item\":\"https:\/\/btektech.com\/tr\/shop\/\"},{\"@type\":\"ListItem\",\"position\":3,\"name\":\"Dispensing Tips\",\"item\":\"https:\/\/btektech.com\/product-category\/dispensing-tips\/\"},{\"@type\":\"ListItem\",\"position\":4,\"name\":\"Oval Da\u011f\u0131t\u0131m \u0130\u011fne Ucu\"}]},{\"@type\":\"WebSite\",\"@id\":\"https:\/\/btektech.com\/#website\",\"url\":\"https:\/\/btektech.com\/\",\"name\":\"Btektech\",\"description\":\"\",\"publisher\":{\"@id\":\"https:\/\/btektech.com\/#organization\"},\"potentialAction\":[{\"@type\":\"SearchAction\",\"target\":{\"@type\":\"EntryPoint\",\"urlTemplate\":\"https:\/\/btektech.com\/?s={search_term_string}\"},\"query-input\":{\"@type\":\"PropertyValueSpecification\",\"valueRequired\":true,\"valueName\":\"search_term_string\"}}],\"inLanguage\":\"tr\"},{\"@type\":\"Organization\",\"@id\":\"https:\/\/btektech.com\/#organization\",\"name\":\"Btektech\",\"url\":\"https:\/\/btektech.com\/\",\"logo\":{\"@type\":\"ImageObject\",\"inLanguage\":\"tr\",\"@id\":\"https:\/\/btektech.com\/#\/schema\/logo\/image\/\",\"url\":\"https:\/\/btektech.com\/wp-content\/uploads\/2021\/08\/btektech-logo.png\",\"contentUrl\":\"https:\/\/btektech.com\/wp-content\/uploads\/2021\/08\/btektech-logo.png\",\"width\":250,\"height\":114,\"caption\":\"Btektech\"},\"image\":{\"@id\":\"https:\/\/btektech.com\/#\/schema\/logo\/image\/\"},\"sameAs\":[\"https:\/\/x.com\/Btektech1\",\"https:\/\/www.instagram.com\/btektech\/\",\"https:\/\/www.linkedin.com\/company\/suzhou-baotailong-electronic-materials-co-ltd\/\",\"https:\/\/www.pinterest.com\/btektech\/_saved\/\",\"https:\/\/www.youtube.com\/channel\/UCBiw4Bc4CmQDrdo-QqyVTqQ\"]}]}<\/script>\n<!-- \/ Yoast SEO plugin. -->","yoast_head_json":{"title":"Oval Da\u011f\u0131t\u0131m \u0130\u011fne Ucu - Btektech","description":"Oval Da\u011f\u0131t\u0131m \u0130\u011fne Ucu, macun, dolgu macunlar\u0131 ve d\u00fcz epoksi re\u00e7ine bantlar\u0131 gibi kal\u0131n s\u0131v\u0131lardan olu\u015fan d\u00fcz \u015feritler uygular.","robots":{"index":"index","follow":"follow","max-snippet":"max-snippet:-1","max-image-preview":"max-image-preview:large","max-video-preview":"max-video-preview:-1"},"canonical":"https:\/\/btektech.com\/tr\/product\/oval-dagitim-igne-ucu\/","og_locale":"tr_TR","og_type":"article","og_title":"Oval Da\u011f\u0131t\u0131m \u0130\u011fne Ucu - Btektech","og_description":"Oval Da\u011f\u0131t\u0131m \u0130\u011fne Ucu, macun, dolgu macunlar\u0131 ve d\u00fcz epoksi re\u00e7ine bantlar\u0131 gibi kal\u0131n s\u0131v\u0131lardan olu\u015fan d\u00fcz \u015feritler uygular.","og_url":"https:\/\/btektech.com\/tr\/product\/oval-dagitim-igne-ucu\/","og_site_name":"Btektech","article_modified_time":"2022-09-27T06:13:58+00:00","og_image":[{"width":1417,"height":1417,"url":"https:\/\/btektech.com\/wp-content\/uploads\/2021\/09\/15-Oval-1.jpg","type":"image\/jpeg"}],"twitter_card":"summary_large_image","twitter_site":"@Btektech1","twitter_misc":{"Tahmini okuma s\u00fcresi":"1 dakika"},"schema":{"@context":"https:\/\/schema.org","@graph":[{"@type":["WebPage","ItemPage"],"@id":"https:\/\/btektech.com\/tr\/product\/oval-dagitim-igne-ucu\/","url":"https:\/\/btektech.com\/tr\/product\/oval-dagitim-igne-ucu\/","name":"Oval Da\u011f\u0131t\u0131m \u0130\u011fne Ucu - Btektech","isPartOf":{"@id":"https:\/\/btektech.com\/#website"},"primaryImageOfPage":{"@id":"https:\/\/btektech.com\/tr\/product\/oval-dagitim-igne-ucu\/#primaryimage"},"image":{"@id":"https:\/\/btektech.com\/tr\/product\/oval-dagitim-igne-ucu\/#primaryimage"},"thumbnailUrl":"https:\/\/btektech.com\/wp-content\/uploads\/2025\/12\/5.jpg","datePublished":"2022-04-25T09:05:06+00:00","dateModified":"2022-09-27T06:13:58+00:00","description":"Oval Da\u011f\u0131t\u0131m \u0130\u011fne Ucu, macun, dolgu macunlar\u0131 ve d\u00fcz epoksi re\u00e7ine bantlar\u0131 gibi kal\u0131n s\u0131v\u0131lardan olu\u015fan d\u00fcz \u015feritler uygular.","breadcrumb":{"@id":"https:\/\/btektech.com\/tr\/product\/oval-dagitim-igne-ucu\/#breadcrumb"},"inLanguage":"tr","potentialAction":[{"@type":"ReadAction","target":["https:\/\/btektech.com\/tr\/product\/oval-dagitim-igne-ucu\/"]}]},{"@type":"ImageObject","inLanguage":"tr","@id":"https:\/\/btektech.com\/tr\/product\/oval-dagitim-igne-ucu\/#primaryimage","url":"https:\/\/btektech.com\/wp-content\/uploads\/2025\/12\/5.jpg","contentUrl":"https:\/\/btektech.com\/wp-content\/uploads\/2025\/12\/5.jpg","width":800,"height":800,"caption":"Oval Dispensing Tips"},{"@type":"BreadcrumbList","@id":"https:\/\/btektech.com\/tr\/product\/oval-dagitim-igne-ucu\/#breadcrumb","itemListElement":[{"@type":"ListItem","position":1,"name":"Home","item":"https:\/\/btektech.com\/tr\/home-2\/"},{"@type":"ListItem","position":2,"name":"\u00dcr\u00fcnler","item":"https:\/\/btektech.com\/tr\/shop\/"},{"@type":"ListItem","position":3,"name":"Dispensing Tips","item":"https:\/\/btektech.com\/product-category\/dispensing-tips\/"},{"@type":"ListItem","position":4,"name":"Oval Da\u011f\u0131t\u0131m \u0130\u011fne Ucu"}]},{"@type":"WebSite","@id":"https:\/\/btektech.com\/#website","url":"https:\/\/btektech.com\/","name":"Btektech","description":"","publisher":{"@id":"https:\/\/btektech.com\/#organization"},"potentialAction":[{"@type":"SearchAction","target":{"@type":"EntryPoint","urlTemplate":"https:\/\/btektech.com\/?s={search_term_string}"},"query-input":{"@type":"PropertyValueSpecification","valueRequired":true,"valueName":"search_term_string"}}],"inLanguage":"tr"},{"@type":"Organization","@id":"https:\/\/btektech.com\/#organization","name":"Btektech","url":"https:\/\/btektech.com\/","logo":{"@type":"ImageObject","inLanguage":"tr","@id":"https:\/\/btektech.com\/#\/schema\/logo\/image\/","url":"https:\/\/btektech.com\/wp-content\/uploads\/2021\/08\/btektech-logo.png","contentUrl":"https:\/\/btektech.com\/wp-content\/uploads\/2021\/08\/btektech-logo.png","width":250,"height":114,"caption":"Btektech"},"image":{"@id":"https:\/\/btektech.com\/#\/schema\/logo\/image\/"},"sameAs":["https:\/\/x.com\/Btektech1","https:\/\/www.instagram.com\/btektech\/","https:\/\/www.linkedin.com\/company\/suzhou-baotailong-electronic-materials-co-ltd\/","https:\/\/www.pinterest.com\/btektech\/_saved\/","https:\/\/www.youtube.com\/channel\/UCBiw4Bc4CmQDrdo-QqyVTqQ"]}]}},"_links":{"self":[{"href":"https:\/\/btektech.com\/tr\/wp-json\/wp\/v2\/product\/5357","targetHints":{"allow":["GET"]}}],"collection":[{"href":"https:\/\/btektech.com\/tr\/wp-json\/wp\/v2\/product"}],"about":[{"href":"https:\/\/btektech.com\/tr\/wp-json\/wp\/v2\/types\/product"}],"replies":[{"embeddable":true,"href":"https:\/\/btektech.com\/tr\/wp-json\/wp\/v2\/comments?post=5357"}],"version-history":[{"count":0,"href":"https:\/\/btektech.com\/tr\/wp-json\/wp\/v2\/product\/5357\/revisions"}],"wp:featuredmedia":[{"embeddable":true,"href":"https:\/\/btektech.com\/tr\/wp-json\/wp\/v2\/media\/21508"}],"wp:attachment":[{"href":"https:\/\/btektech.com\/tr\/wp-json\/wp\/v2\/media?parent=5357"}],"wp:term":[{"taxonomy":"product_brand","embeddable":true,"href":"https:\/\/btektech.com\/tr\/wp-json\/wp\/v2\/product_brand?post=5357"},{"taxonomy":"product_cat","embeddable":true,"href":"https:\/\/btektech.com\/tr\/wp-json\/wp\/v2\/product_cat?post=5357"},{"taxonomy":"product_tag","embeddable":true,"href":"https:\/\/btektech.com\/tr\/wp-json\/wp\/v2\/product_tag?post=5357"}],"curies":[{"name":"wp","href":"https:\/\/api.w.org\/{rel}","templated":true}]}}