{"id":5356,"date":"2021-08-27T15:26:34","date_gmt":"2022-04-25T09:04:50","guid":{"rendered":"https:\/\/btektech.com\/product\/tek-kullanimlik-plastik-karistirma-nozulu-bayonet-statik-karistirici-tupu\/"},"modified":"2022-08-02T07:13:58","modified_gmt":"2022-08-02T07:13:58","slug":"tek-kullanimlik-plastik-karistirma-nozulu-bayonet-statik-karistirici-tup","status":"publish","type":"product","link":"https:\/\/btektech.com\/tr\/product\/tek-kullanimlik-plastik-karistirma-nozulu-bayonet-statik-karistirici-tup\/","title":{"rendered":"Tek Kullan\u0131ml\u0131k Plastik Kar\u0131\u015ft\u0131rma Nozulu Bayonet Statik Kar\u0131\u015ft\u0131r\u0131c\u0131 T\u00fcp\u00fc"},"content":{"rendered":"<p><strong>PMA statik kar\u0131\u015ft\u0131rma<\/strong> <strong>nozulu<\/strong><strong> 1:1 ve 2:1 tutkal kar\u0131\u015ft\u0131rma i\u00e7in uygundur. Bu seri <\/strong><strong>\u00e7\u0131k\u0131\u015f boyutunu art\u0131rmak veya i\u011fneyi \u00e7\u0131k\u0131\u015f\u0131 azaltmak i\u00e7in uyarlamak i\u00e7in kar\u0131\u015ft\u0131rma t\u00fcpleri statik kar\u0131\u015ft\u0131rma t\u00fcp\u00fcn\u00fcn kademeli kafas\u0131ndan kesilebilir.<\/strong><\/p>\n<div style=\"text-align:center;\">\n<img decoding=\"async\" class=\"alignnone size-medium wp-image-4269\" src=\"https:\/\/btektech.com\/wp-content\/uploads\/2021\/08\/structure-1-300x73.png\" alt=\"\" width=\"300\" height=\"73\" srcset=\"https:\/\/btektech.com\/wp-content\/uploads\/2021\/08\/structure-1-300x73.png 300w, https:\/\/btektech.com\/wp-content\/uploads\/2021\/08\/structure-1-400x97.png 400w, https:\/\/btektech.com\/wp-content\/uploads\/2021\/08\/structure-1-1024x248.png 1024w, https:\/\/btektech.com\/wp-content\/uploads\/2021\/08\/structure-1-768x186.png 768w, https:\/\/btektech.com\/wp-content\/uploads\/2021\/08\/structure-1.png 1104w\" sizes=\"(max-width: 300px) 100vw, 300px\" \/>\n<\/div>\n<div style=\"overflow-x: auto;\">\n<table style=\"text-align:center;\">\n<tbody>\n<tr>\n<th>Numara.<\/th>\n<th>Par\u00e7a No.<\/th>\n<th>Elementler<\/th>\n<th>kimlik(mm)<\/th>\n<th>L(mm)<\/th>\n<th>OD(mm)<\/th>\n<th>bir(mm)<\/th>\n<th>\u0130\u00e7 \u00e7ekirdek rengi<\/th>\n<\/tr>\n<tr>\n<td>A1<\/td>\n<td>PMC3.0-08S<\/td>\n<td>8<\/td>\n<td>3<\/td>\n<td>38<\/td>\n<td>4.6<\/td>\n<td>1<\/td>\n<td>Beyaz<\/td>\n<\/tr>\n<tr>\n<td>A2<\/td>\n<td>PMA3.0-07S<\/td>\n<td>7<\/td>\n<td>3<\/td>\n<td>33.2<\/td>\n<td>4.6<\/td>\n<td>1<\/td>\n<td>Beyaz<\/td>\n<\/tr>\n<tr>\n<td>A3<\/td>\n<td>PMA3.0-17S<\/td>\n<td>17<\/td>\n<td>3<\/td>\n<td>63<\/td>\n<td>4.6<\/td>\n<td>1<\/td>\n<td>Beyaz<\/td>\n<\/tr>\n<tr>\n<td>A5<\/td>\n<td>PMA5.4-17S<\/td>\n<td>17<\/td>\n<td>5.4<\/td>\n<td>103<\/td>\n<td>7.6<\/td>\n<td>1.5<\/td>\n<td>Beyaz<\/td>\n<\/tr>\n<tr>\n<td>A7<\/td>\n<td>PMA6.3-21S<\/td>\n<td>21<\/td>\n<td>6.3<\/td>\n<td>153<\/td>\n<td>8.7<\/td>\n<td>1.5<\/td>\n<td>Beyaz<\/td>\n<\/tr>\n<tr>\n<td>A8<\/td>\n<td>PMA6.3-21L<\/td>\n<td>21<\/td>\n<td>6.3<\/td>\n<td>151.5<\/td>\n<td>8.7<\/td>\n<td>1.5<\/td>\n<td>Beyaz<\/td>\n<\/tr>\n<tr>\n<td>A9<\/td>\n<td>PMA6.3-12S<\/td>\n<td>12<\/td>\n<td>6.3<\/td>\n<td>97<\/td>\n<td>8.7<\/td>\n<td>1.5<\/td>\n<td>Beyaz<\/td>\n<\/tr>\n<tr>\n<td>A10<\/td>\n<td>PMA3.0-13S<\/td>\n<td>13<\/td>\n<td>3<\/td>\n<td>50.6<\/td>\n<td>4.6<\/td>\n<td>1<\/td>\n<td>Beyaz<\/td>\n<\/tr>\n<tr>\n<td>A11<\/td>\n<td>PMA4.0-13S<\/td>\n<td>13<\/td>\n<td>4<\/td>\n<td>66<\/td>\n<td>2.5<\/td>\n<td>2<\/td>\n<td>Beyaz<\/td>\n<\/tr>\n<tr>\n<td>A12<\/td>\n<td>PMA4.0-17S<\/td>\n<td>17<\/td>\n<td>4<\/td>\n<td>81.6<\/td>\n<td>5.8<\/td>\n<td>2<\/td>\n<td>Beyaz<\/td>\n<\/tr>\n<tr>\n<td>A13<\/td>\n<td>PMA5.4-07S<\/td>\n<td>7<\/td>\n<td>5.4<\/td>\n<td>55.7<\/td>\n<td>7<\/td>\n<td>1.5<\/td>\n<td>Beyaz<\/td>\n<\/tr>\n<tr>\n<td>A14<\/td>\n<td>PMA5.4-13S<\/td>\n<td>13<\/td>\n<td>5.4<\/td>\n<td>84.6<\/td>\n<td>7<\/td>\n<td>1.5<\/td>\n<td>Beyaz<\/td>\n<\/tr>\n<tr>\n<td>A15<\/td>\n<td>PMA5.4-21S<\/td>\n<td>21<\/td>\n<td>5.4<\/td>\n<td>124<\/td>\n<td>7.6<\/td>\n<td>1.5<\/td>\n<td>Beyaz<\/td>\n<\/tr>\n<tr>\n<td>A16<\/td>\n<td>PMA6.3-17S<\/td>\n<td>17<\/td>\n<td>6.3<\/td>\n<td>128<\/td>\n<td>8.7<\/td>\n<td>1.5<\/td>\n<td>Beyaz<\/td>\n<\/tr>\n<tr>\n<td>A17<\/td>\n<td>PMA6.8-12L<\/td>\n<td>12<\/td>\n<td>6.8<\/td>\n<td>149<\/td>\n<td>8.6<\/td>\n<td>4.9<\/td>\n<td>Beyaz<\/td>\n<\/tr>\n<tr>\n<td>A18<\/td>\n<td>PMA0517-0413<\/td>\n<td>17+13<\/td>\n<td>5.4-4.0<\/td>\n<td>149<\/td>\n<td>7.6-5.7<\/td>\n<td>1.5<\/td>\n<td>Beyaz<\/td>\n<\/tr>\n<tr>\n<td>A19<\/td>\n<td>PMX3.0-17S<\/td>\n<td>17<\/td>\n<td>3<\/td>\n<td>62.3<\/td>\n<td>4.6<\/td>\n<td>1<\/td>\n<td>K\u0131rm\u0131z\u0131<\/td>\n<\/tr>\n<tr>\n<td>A20<\/td>\n<td>PMX4.0-17S<\/td>\n<td>17<\/td>\n<td>4<\/td>\n<td>81.6<\/td>\n<td>5.8<\/td>\n<td>2<\/td>\n<td>K\u0131rm\u0131z\u0131<\/td>\n<\/tr>\n<tr>\n<td>A21<\/td>\n<td>PMX5.4-17S<\/td>\n<td>17<\/td>\n<td>5.4<\/td>\n<td>103.7<\/td>\n<td>7.6<\/td>\n<td>1.5<\/td>\n<td>K\u0131rm\u0131z\u0131<\/td>\n<\/tr>\n<tr>\n<td>A22<\/td>\n<td>PMX0517-0413<\/td>\n<td>17+13<\/td>\n<td>5.4-4.0<\/td>\n<td>149<\/td>\n<td>7.6-5.7<\/td>\n<td>1.5<\/td>\n<td>K\u0131rm\u0131z\u0131<\/td>\n<\/tr>\n<tr>\n<td>A23<\/td>\n<td>PMA6.3-12S<\/td>\n<td>12<\/td>\n<td>6.3<\/td>\n<td>8.7<\/td>\n<td>97<\/td>\n<td>1.5<\/td>\n<td>Beyaz<\/td>\n<\/tr>\n<\/tbody>\n<\/table>\n<\/div>\n","protected":false},"excerpt":{"rendered":"<p>Bayonet kar\u0131\u015ft\u0131rma nozulu, hafif kare bayonet tarz\u0131 \u00e7evirmeli kilit, 50 ml AB tutkal kartu\u015funa s\u0131k\u0131ca ba\u011flanabilir. s\u0131v\u0131 AB tutkal kartu\u015fundan t\u00fcpe ayr\u0131 olabilir, T\u00fcpte akarken kesin ve yeniden birle\u015ftirin, b\u00f6ylece bir kar\u0131\u015ft\u0131rma rol\u00fc oynar.<\/p>\n","protected":false},"featured_media":21434,"comment_status":"open","ping_status":"closed","template":"","meta":{"_acf_changed":false},"product_brand":[],"product_cat":[269],"product_tag":[],"class_list":{"0":"post-5356","1":"product","2":"type-product","3":"status-publish","4":"has-post-thumbnail","6":"product_cat-uncategorized-tr","8":"first","9":"instock","10":"shipping-taxable","11":"product-type-simple"},"acf":[],"yoast_head":"<!-- This site is optimized with the Yoast SEO plugin v27.5 - https:\/\/yoast.com\/product\/yoast-seo-wordpress\/ -->\n<title>Tek Kullan\u0131ml\u0131k Plastik Kar\u0131\u015ft\u0131rma Nozulu Bayonet Statik Kar\u0131\u015ft\u0131r\u0131c\u0131 T\u00fcp\u00fc - Btektech<\/title>\n<meta name=\"description\" content=\"Bayonet kar\u0131\u015ft\u0131rma nozulu, hafif kare bayonet tarz\u0131 \u00e7evirmeli kilit, 50 ml AB tutkal kartu\u015funa s\u0131k\u0131ca ba\u011flanabilir. s\u0131v\u0131 AB tutkal kartu\u015fundan t\u00fcpe ayr\u0131 olabilir, T\u00fcpte akarken kesin ve yeniden birle\u015ftirin, b\u00f6ylece bir kar\u0131\u015ft\u0131rma rol\u00fc oynar.\" \/>\n<meta name=\"robots\" content=\"index, follow, max-snippet:-1, max-image-preview:large, max-video-preview:-1\" \/>\n<link rel=\"canonical\" href=\"https:\/\/btektech.com\/tr\/product\/tek-kullanimlik-plastik-karistirma-nozulu-bayonet-statik-karistirici-tup\/\" \/>\n<meta property=\"og:locale\" content=\"tr_TR\" \/>\n<meta property=\"og:type\" content=\"article\" \/>\n<meta property=\"og:title\" content=\"Tek Kullan\u0131ml\u0131k Plastik Kar\u0131\u015ft\u0131rma Nozulu Bayonet Statik Kar\u0131\u015ft\u0131r\u0131c\u0131 T\u00fcp\u00fc - Btektech\" \/>\n<meta property=\"og:description\" content=\"Bayonet kar\u0131\u015ft\u0131rma nozulu, hafif kare bayonet tarz\u0131 \u00e7evirmeli kilit, 50 ml AB tutkal kartu\u015funa s\u0131k\u0131ca ba\u011flanabilir. s\u0131v\u0131 AB tutkal kartu\u015fundan t\u00fcpe ayr\u0131 olabilir, T\u00fcpte akarken kesin ve yeniden birle\u015ftirin, b\u00f6ylece bir kar\u0131\u015ft\u0131rma rol\u00fc oynar.\" \/>\n<meta property=\"og:url\" content=\"https:\/\/btektech.com\/tr\/product\/tek-kullanimlik-plastik-karistirma-nozulu-bayonet-statik-karistirici-tup\/\" \/>\n<meta property=\"og:site_name\" content=\"Btektech\" \/>\n<meta property=\"article:modified_time\" content=\"2022-08-02T07:13:58+00:00\" \/>\n<meta property=\"og:image\" content=\"https:\/\/btektech.com\/wp-content\/uploads\/2021\/08\/AA-b.jpg\" \/>\n\t<meta property=\"og:image:width\" content=\"800\" \/>\n\t<meta property=\"og:image:height\" content=\"800\" \/>\n\t<meta property=\"og:image:type\" content=\"image\/jpeg\" \/>\n<meta name=\"twitter:card\" content=\"summary_large_image\" \/>\n<meta name=\"twitter:site\" content=\"@Btektech1\" \/>\n<meta name=\"twitter:label1\" content=\"Tahmini okuma s\u00fcresi\" \/>\n\t<meta name=\"twitter:data1\" content=\"1 dakika\" \/>\n<script type=\"application\/ld+json\" class=\"yoast-schema-graph\">{\"@context\":\"https:\\\/\\\/schema.org\",\"@graph\":[{\"@type\":[\"WebPage\",\"ItemPage\"],\"@id\":\"https:\\\/\\\/btektech.com\\\/tr\\\/product\\\/tek-kullanimlik-plastik-karistirma-nozulu-bayonet-statik-karistirici-tup\\\/\",\"url\":\"https:\\\/\\\/btektech.com\\\/tr\\\/product\\\/tek-kullanimlik-plastik-karistirma-nozulu-bayonet-statik-karistirici-tup\\\/\",\"name\":\"Tek Kullan\u0131ml\u0131k Plastik Kar\u0131\u015ft\u0131rma Nozulu Bayonet Statik Kar\u0131\u015ft\u0131r\u0131c\u0131 T\u00fcp\u00fc - Btektech\",\"isPartOf\":{\"@id\":\"https:\\\/\\\/btektech.com\\\/#website\"},\"primaryImageOfPage\":{\"@id\":\"https:\\\/\\\/btektech.com\\\/tr\\\/product\\\/tek-kullanimlik-plastik-karistirma-nozulu-bayonet-statik-karistirici-tup\\\/#primaryimage\"},\"image\":{\"@id\":\"https:\\\/\\\/btektech.com\\\/tr\\\/product\\\/tek-kullanimlik-plastik-karistirma-nozulu-bayonet-statik-karistirici-tup\\\/#primaryimage\"},\"thumbnailUrl\":\"https:\\\/\\\/btektech.com\\\/wp-content\\\/uploads\\\/2025\\\/12\\\/1-Bayonet-1.jpg\",\"datePublished\":\"2022-04-25T09:04:50+00:00\",\"dateModified\":\"2022-08-02T07:13:58+00:00\",\"description\":\"Bayonet kar\u0131\u015ft\u0131rma nozulu, hafif kare bayonet tarz\u0131 \u00e7evirmeli kilit, 50 ml AB tutkal kartu\u015funa s\u0131k\u0131ca ba\u011flanabilir. s\u0131v\u0131 AB tutkal kartu\u015fundan t\u00fcpe ayr\u0131 olabilir, T\u00fcpte akarken kesin ve yeniden birle\u015ftirin, b\u00f6ylece bir kar\u0131\u015ft\u0131rma rol\u00fc oynar.\",\"breadcrumb\":{\"@id\":\"https:\\\/\\\/btektech.com\\\/tr\\\/product\\\/tek-kullanimlik-plastik-karistirma-nozulu-bayonet-statik-karistirici-tup\\\/#breadcrumb\"},\"inLanguage\":\"tr\",\"potentialAction\":[{\"@type\":\"ReadAction\",\"target\":[\"https:\\\/\\\/btektech.com\\\/tr\\\/product\\\/tek-kullanimlik-plastik-karistirma-nozulu-bayonet-statik-karistirici-tup\\\/\"]}]},{\"@type\":\"ImageObject\",\"inLanguage\":\"tr\",\"@id\":\"https:\\\/\\\/btektech.com\\\/tr\\\/product\\\/tek-kullanimlik-plastik-karistirma-nozulu-bayonet-statik-karistirici-tup\\\/#primaryimage\",\"url\":\"https:\\\/\\\/btektech.com\\\/wp-content\\\/uploads\\\/2025\\\/12\\\/1-Bayonet-1.jpg\",\"contentUrl\":\"https:\\\/\\\/btektech.com\\\/wp-content\\\/uploads\\\/2025\\\/12\\\/1-Bayonet-1.jpg\",\"width\":800,\"height\":800,\"caption\":\"Bayonet Kar\u0131\u015ft\u0131r\u0131c\u0131 Nozul\"},{\"@type\":\"BreadcrumbList\",\"@id\":\"https:\\\/\\\/btektech.com\\\/tr\\\/product\\\/tek-kullanimlik-plastik-karistirma-nozulu-bayonet-statik-karistirici-tup\\\/#breadcrumb\",\"itemListElement\":[{\"@type\":\"ListItem\",\"position\":1,\"name\":\"Home\",\"item\":\"https:\\\/\\\/btektech.com\\\/\"},{\"@type\":\"ListItem\",\"position\":2,\"name\":\"\u00dcr\u00fcnler\",\"item\":\"https:\\\/\\\/btektech.com\\\/tr\\\/shop\\\/\"},{\"@type\":\"ListItem\",\"position\":3,\"name\":\"Tek Kullan\u0131ml\u0131k Plastik Kar\u0131\u015ft\u0131rma Nozulu Bayonet Statik Kar\u0131\u015ft\u0131r\u0131c\u0131 T\u00fcp\u00fc\"}]},{\"@type\":\"WebSite\",\"@id\":\"https:\\\/\\\/btektech.com\\\/#website\",\"url\":\"https:\\\/\\\/btektech.com\\\/\",\"name\":\"Btektech\",\"description\":\"\",\"publisher\":{\"@id\":\"https:\\\/\\\/btektech.com\\\/#organization\"},\"potentialAction\":[{\"@type\":\"SearchAction\",\"target\":{\"@type\":\"EntryPoint\",\"urlTemplate\":\"https:\\\/\\\/btektech.com\\\/?s={search_term_string}\"},\"query-input\":{\"@type\":\"PropertyValueSpecification\",\"valueRequired\":true,\"valueName\":\"search_term_string\"}}],\"inLanguage\":\"tr\"},{\"@type\":\"Organization\",\"@id\":\"https:\\\/\\\/btektech.com\\\/#organization\",\"name\":\"Btektech\",\"url\":\"https:\\\/\\\/btektech.com\\\/\",\"logo\":{\"@type\":\"ImageObject\",\"inLanguage\":\"tr\",\"@id\":\"https:\\\/\\\/btektech.com\\\/#\\\/schema\\\/logo\\\/image\\\/\",\"url\":\"https:\\\/\\\/btektech.com\\\/wp-content\\\/uploads\\\/2021\\\/08\\\/btektech-logo.png\",\"contentUrl\":\"https:\\\/\\\/btektech.com\\\/wp-content\\\/uploads\\\/2021\\\/08\\\/btektech-logo.png\",\"width\":250,\"height\":114,\"caption\":\"Btektech\"},\"image\":{\"@id\":\"https:\\\/\\\/btektech.com\\\/#\\\/schema\\\/logo\\\/image\\\/\"},\"sameAs\":[\"https:\\\/\\\/x.com\\\/Btektech1\",\"https:\\\/\\\/www.instagram.com\\\/btektech\\\/\",\"https:\\\/\\\/www.linkedin.com\\\/company\\\/suzhou-baotailong-electronic-materials-co-ltd\\\/\",\"https:\\\/\\\/www.pinterest.com\\\/btektech\\\/_saved\\\/\",\"https:\\\/\\\/www.youtube.com\\\/channel\\\/UCBiw4Bc4CmQDrdo-QqyVTqQ\"]}]}<\/script>\n<!-- \/ Yoast SEO plugin. -->","yoast_head_json":{"title":"Tek Kullan\u0131ml\u0131k Plastik Kar\u0131\u015ft\u0131rma Nozulu Bayonet Statik Kar\u0131\u015ft\u0131r\u0131c\u0131 T\u00fcp\u00fc - Btektech","description":"Bayonet kar\u0131\u015ft\u0131rma nozulu, hafif kare bayonet tarz\u0131 \u00e7evirmeli kilit, 50 ml AB tutkal kartu\u015funa s\u0131k\u0131ca ba\u011flanabilir. s\u0131v\u0131 AB tutkal kartu\u015fundan t\u00fcpe ayr\u0131 olabilir, T\u00fcpte akarken kesin ve yeniden birle\u015ftirin, b\u00f6ylece bir kar\u0131\u015ft\u0131rma rol\u00fc oynar.","robots":{"index":"index","follow":"follow","max-snippet":"max-snippet:-1","max-image-preview":"max-image-preview:large","max-video-preview":"max-video-preview:-1"},"canonical":"https:\/\/btektech.com\/tr\/product\/tek-kullanimlik-plastik-karistirma-nozulu-bayonet-statik-karistirici-tup\/","og_locale":"tr_TR","og_type":"article","og_title":"Tek Kullan\u0131ml\u0131k Plastik Kar\u0131\u015ft\u0131rma Nozulu Bayonet Statik Kar\u0131\u015ft\u0131r\u0131c\u0131 T\u00fcp\u00fc - Btektech","og_description":"Bayonet kar\u0131\u015ft\u0131rma nozulu, hafif kare bayonet tarz\u0131 \u00e7evirmeli kilit, 50 ml AB tutkal kartu\u015funa s\u0131k\u0131ca ba\u011flanabilir. s\u0131v\u0131 AB tutkal kartu\u015fundan t\u00fcpe ayr\u0131 olabilir, T\u00fcpte akarken kesin ve yeniden birle\u015ftirin, b\u00f6ylece bir kar\u0131\u015ft\u0131rma rol\u00fc oynar.","og_url":"https:\/\/btektech.com\/tr\/product\/tek-kullanimlik-plastik-karistirma-nozulu-bayonet-statik-karistirici-tup\/","og_site_name":"Btektech","article_modified_time":"2022-08-02T07:13:58+00:00","og_image":[{"width":800,"height":800,"url":"https:\/\/btektech.com\/wp-content\/uploads\/2021\/08\/AA-b.jpg","type":"image\/jpeg"}],"twitter_card":"summary_large_image","twitter_site":"@Btektech1","twitter_misc":{"Tahmini okuma s\u00fcresi":"1 dakika"},"schema":{"@context":"https:\/\/schema.org","@graph":[{"@type":["WebPage","ItemPage"],"@id":"https:\/\/btektech.com\/tr\/product\/tek-kullanimlik-plastik-karistirma-nozulu-bayonet-statik-karistirici-tup\/","url":"https:\/\/btektech.com\/tr\/product\/tek-kullanimlik-plastik-karistirma-nozulu-bayonet-statik-karistirici-tup\/","name":"Tek Kullan\u0131ml\u0131k Plastik Kar\u0131\u015ft\u0131rma Nozulu Bayonet Statik Kar\u0131\u015ft\u0131r\u0131c\u0131 T\u00fcp\u00fc - Btektech","isPartOf":{"@id":"https:\/\/btektech.com\/#website"},"primaryImageOfPage":{"@id":"https:\/\/btektech.com\/tr\/product\/tek-kullanimlik-plastik-karistirma-nozulu-bayonet-statik-karistirici-tup\/#primaryimage"},"image":{"@id":"https:\/\/btektech.com\/tr\/product\/tek-kullanimlik-plastik-karistirma-nozulu-bayonet-statik-karistirici-tup\/#primaryimage"},"thumbnailUrl":"https:\/\/btektech.com\/wp-content\/uploads\/2025\/12\/1-Bayonet-1.jpg","datePublished":"2022-04-25T09:04:50+00:00","dateModified":"2022-08-02T07:13:58+00:00","description":"Bayonet kar\u0131\u015ft\u0131rma nozulu, hafif kare bayonet tarz\u0131 \u00e7evirmeli kilit, 50 ml AB tutkal kartu\u015funa s\u0131k\u0131ca ba\u011flanabilir. s\u0131v\u0131 AB tutkal kartu\u015fundan t\u00fcpe ayr\u0131 olabilir, T\u00fcpte akarken kesin ve yeniden birle\u015ftirin, b\u00f6ylece bir kar\u0131\u015ft\u0131rma rol\u00fc oynar.","breadcrumb":{"@id":"https:\/\/btektech.com\/tr\/product\/tek-kullanimlik-plastik-karistirma-nozulu-bayonet-statik-karistirici-tup\/#breadcrumb"},"inLanguage":"tr","potentialAction":[{"@type":"ReadAction","target":["https:\/\/btektech.com\/tr\/product\/tek-kullanimlik-plastik-karistirma-nozulu-bayonet-statik-karistirici-tup\/"]}]},{"@type":"ImageObject","inLanguage":"tr","@id":"https:\/\/btektech.com\/tr\/product\/tek-kullanimlik-plastik-karistirma-nozulu-bayonet-statik-karistirici-tup\/#primaryimage","url":"https:\/\/btektech.com\/wp-content\/uploads\/2025\/12\/1-Bayonet-1.jpg","contentUrl":"https:\/\/btektech.com\/wp-content\/uploads\/2025\/12\/1-Bayonet-1.jpg","width":800,"height":800,"caption":"Bayonet Kar\u0131\u015ft\u0131r\u0131c\u0131 Nozul"},{"@type":"BreadcrumbList","@id":"https:\/\/btektech.com\/tr\/product\/tek-kullanimlik-plastik-karistirma-nozulu-bayonet-statik-karistirici-tup\/#breadcrumb","itemListElement":[{"@type":"ListItem","position":1,"name":"Home","item":"https:\/\/btektech.com\/"},{"@type":"ListItem","position":2,"name":"\u00dcr\u00fcnler","item":"https:\/\/btektech.com\/tr\/shop\/"},{"@type":"ListItem","position":3,"name":"Tek Kullan\u0131ml\u0131k Plastik Kar\u0131\u015ft\u0131rma Nozulu Bayonet Statik Kar\u0131\u015ft\u0131r\u0131c\u0131 T\u00fcp\u00fc"}]},{"@type":"WebSite","@id":"https:\/\/btektech.com\/#website","url":"https:\/\/btektech.com\/","name":"Btektech","description":"","publisher":{"@id":"https:\/\/btektech.com\/#organization"},"potentialAction":[{"@type":"SearchAction","target":{"@type":"EntryPoint","urlTemplate":"https:\/\/btektech.com\/?s={search_term_string}"},"query-input":{"@type":"PropertyValueSpecification","valueRequired":true,"valueName":"search_term_string"}}],"inLanguage":"tr"},{"@type":"Organization","@id":"https:\/\/btektech.com\/#organization","name":"Btektech","url":"https:\/\/btektech.com\/","logo":{"@type":"ImageObject","inLanguage":"tr","@id":"https:\/\/btektech.com\/#\/schema\/logo\/image\/","url":"https:\/\/btektech.com\/wp-content\/uploads\/2021\/08\/btektech-logo.png","contentUrl":"https:\/\/btektech.com\/wp-content\/uploads\/2021\/08\/btektech-logo.png","width":250,"height":114,"caption":"Btektech"},"image":{"@id":"https:\/\/btektech.com\/#\/schema\/logo\/image\/"},"sameAs":["https:\/\/x.com\/Btektech1","https:\/\/www.instagram.com\/btektech\/","https:\/\/www.linkedin.com\/company\/suzhou-baotailong-electronic-materials-co-ltd\/","https:\/\/www.pinterest.com\/btektech\/_saved\/","https:\/\/www.youtube.com\/channel\/UCBiw4Bc4CmQDrdo-QqyVTqQ"]}]}},"_links":{"self":[{"href":"https:\/\/btektech.com\/tr\/wp-json\/wp\/v2\/product\/5356","targetHints":{"allow":["GET"]}}],"collection":[{"href":"https:\/\/btektech.com\/tr\/wp-json\/wp\/v2\/product"}],"about":[{"href":"https:\/\/btektech.com\/tr\/wp-json\/wp\/v2\/types\/product"}],"replies":[{"embeddable":true,"href":"https:\/\/btektech.com\/tr\/wp-json\/wp\/v2\/comments?post=5356"}],"version-history":[{"count":0,"href":"https:\/\/btektech.com\/tr\/wp-json\/wp\/v2\/product\/5356\/revisions"}],"wp:featuredmedia":[{"embeddable":true,"href":"https:\/\/btektech.com\/tr\/wp-json\/wp\/v2\/media\/21434"}],"wp:attachment":[{"href":"https:\/\/btektech.com\/tr\/wp-json\/wp\/v2\/media?parent=5356"}],"wp:term":[{"taxonomy":"product_brand","embeddable":true,"href":"https:\/\/btektech.com\/tr\/wp-json\/wp\/v2\/product_brand?post=5356"},{"taxonomy":"product_cat","embeddable":true,"href":"https:\/\/btektech.com\/tr\/wp-json\/wp\/v2\/product_cat?post=5356"},{"taxonomy":"product_tag","embeddable":true,"href":"https:\/\/btektech.com\/tr\/wp-json\/wp\/v2\/product_tag?post=5356"}],"curies":[{"name":"wp","href":"https:\/\/api.w.org\/{rel}","templated":true}]}}