{"id":5355,"date":"2021-09-06T09:41:44","date_gmt":"2022-04-25T09:04:49","guid":{"rendered":"https:\/\/btektech.com\/product\/acili-siringa-uclari\/"},"modified":"2022-09-27T05:42:45","modified_gmt":"2022-09-27T05:42:45","slug":"acili-dagitim-igne-ucu","status":"publish","type":"product","link":"https:\/\/btektech.com\/tr\/product\/acili-dagitim-igne-ucu\/","title":{"rendered":"A\u00e7\u0131l\u0131 Da\u011f\u0131t\u0131m \u0130\u011fne Ucu"},"content":{"rendered":"<p>B\u00fck\u00fclm\u00fc\u015f i\u011fne, genel i\u011fne temelindedir, b\u00fckme i\u015flemini artt\u0131r\u0131r. Baz\u0131 \u00f6zel da\u011f\u0131t\u0131m durumlar\u0131nda, d\u00fcz i\u011fneler da\u011f\u0131t\u0131m i\u015fini m\u00fckemmelle\u015ftiremez, bunun yerine b\u00fck\u00fclm\u00fc\u015f i\u011fnenin uygun A\u00e7\u0131s\u0131n\u0131 kullanabilirsiniz.<\/p>\n<div style=\"overflow: auto;\">\n<table style=\"border-collapse: collapse; text-align: center;\" border=\"0\"  cellspacing=\"0\" cellpadding=\"0\">\n<tbody>\n<tr>\n<th>\u00f6l\u00e7er<\/th>\n<th>Renk<\/th>\n<th>kimlik(mm)<\/th>\n<th>OD(mm)<\/th>\n<th>12,7 mm(45\u00b0)<\/th>\n<th>12,7 mm(90\u00b0)<\/th>\n<\/tr>\n<tr>\n<td>14<\/td>\n<td>zeytin<\/td>\n<td>1.54(0.06&#8243;)<\/td>\n<td>1.83(0.072&#8243;)<\/td>\n<td>9018044<\/td>\n<td>9018045<\/td>\n<\/tr>\n<tr>\n<td>15<\/td>\n<td>kehribar<\/td>\n<td>1,36(0,053&#8243;)<\/td>\n<td>1.65(0.065&#8243;)<\/td>\n<td>9018069<\/td>\n<td>9018070<\/td>\n<\/tr>\n<tr>\n<td>16<\/td>\n<td>Gri<\/td>\n<td>1.19(0.047&#8243;)<\/td>\n<td>1.64\uff080.06\uff09<\/td>\n<td>9018076<\/td>\n<td>9018077<\/td>\n<\/tr>\n<tr>\n<td>18<\/td>\n<td>Ye\u015fil<\/td>\n<td>0.84(0.033&#8243;)<\/td>\n<td>1.27(0.05&#8243;)<\/td>\n<td>9018123<\/td>\n<td>9018124<\/td>\n<\/tr>\n<tr>\n<td>20<\/td>\n<td>Pembe<\/td>\n<td>0.61(0.024&#8243;)<\/td>\n<td>0,91(0,036&#8243;)<\/td>\n<td>9018179<\/td>\n<td>9018180<\/td>\n<\/tr>\n<tr>\n<td>21<\/td>\n<td>Mor<\/td>\n<td>0,51 (0,02&#8243;)<\/td>\n<td>0,82(0,032&#8243;)<\/td>\n<td>9018234<\/td>\n<td>9018235<\/td>\n<\/tr>\n<tr>\n<td>22<\/td>\n<td>Mavi<\/td>\n<td>0,41(0,016&#8243;)<\/td>\n<td>0,72(0,028&#8243;)<\/td>\n<td>9018273<\/td>\n<td>9018274<\/td>\n<\/tr>\n<tr>\n<td>23<\/td>\n<td>Turuncu<\/td>\n<td>0,33(0,013&#8243;)<\/td>\n<td>0.65(0.025&#8243;)<\/td>\n<td>9018315<\/td>\n<td>9018316<\/td>\n<\/tr>\n<tr>\n<td>25<\/td>\n<td>K\u0131rm\u0131z\u0131<\/td>\n<td>0.25(0.01&#8243;)<\/td>\n<td>0,52 (0,02&#8243;)<\/td>\n<td>9018346<\/td>\n<td>9018347<\/td>\n<\/tr>\n<tr>\n<td>27<\/td>\n<td>Temizlemek<\/td>\n<td>0,2(0,008&#8243;)<\/td>\n<td>0,42(0,016&#8243;)<\/td>\n<td>9018404<\/td>\n<td>9018405<\/td>\n<\/tr>\n<tr>\n<td>30<\/td>\n<td>Lavanta<\/td>\n<td>0.15(0.006&#8243;)<\/td>\n<td>0,31(0,012&#8243;)<\/td>\n<td>9018434<\/td>\n<td>9018435<\/td>\n<\/tr>\n<\/tbody>\n<\/table>\n<\/div>\n","protected":false},"excerpt":{"rendered":"<p class=\"src grammarSection\" data-group=\"1-1\">S\u0131v\u0131 ak\u0131\u015f\u0131n\u0131 etkilemeden 45 derece veya 90 derece b\u00fck\u00fclebilir.<\/p>\n","protected":false},"featured_media":21484,"comment_status":"open","ping_status":"closed","template":"","meta":{"_acf_changed":false},"product_brand":[],"product_cat":[],"product_tag":[],"class_list":{"0":"post-5355","1":"product","2":"type-product","3":"status-publish","4":"has-post-thumbnail","7":"first","8":"instock","9":"shipping-taxable","10":"product-type-simple"},"acf":[],"yoast_head":"<!-- This site is optimized with the Yoast SEO plugin v26.0 - https:\/\/yoast.com\/wordpress\/plugins\/seo\/ -->\n<title>A\u00e7\u0131l\u0131 Da\u011f\u0131t\u0131m \u0130\u011fne Ucu - Btektech<\/title>\n<meta name=\"description\" content=\"A\u00e7\u0131l\u0131 Da\u011f\u0131t\u0131m \u0130\u011fne Ucu ak\u0131\u015f\u0131n\u0131 etkilemeden 45 derece veya 90 derece b\u00fck\u00fclebilir.Baz\u0131 \u00f6zel da\u011f\u0131t\u0131m durumlar\u0131nda, d\u00fcz i\u011fneler da\u011f\u0131t\u0131m i\u015fini m\u00fckemmelle\u015ftiremez, bunun yerine b\u00fck\u00fclm\u00fc\u015f i\u011fnenin uygun A\u00e7\u0131s\u0131n\u0131 kullanabilirsiniz.\" \/>\n<meta name=\"robots\" content=\"index, follow, max-snippet:-1, max-image-preview:large, max-video-preview:-1\" \/>\n<link rel=\"canonical\" href=\"https:\/\/btektech.com\/tr\/product\/acili-dagitim-igne-ucu\/\" \/>\n<meta property=\"og:locale\" content=\"tr_TR\" \/>\n<meta property=\"og:type\" content=\"article\" \/>\n<meta property=\"og:title\" content=\"A\u00e7\u0131l\u0131 Da\u011f\u0131t\u0131m \u0130\u011fne Ucu - Btektech\" \/>\n<meta property=\"og:description\" content=\"A\u00e7\u0131l\u0131 Da\u011f\u0131t\u0131m \u0130\u011fne Ucu ak\u0131\u015f\u0131n\u0131 etkilemeden 45 derece veya 90 derece b\u00fck\u00fclebilir.Baz\u0131 \u00f6zel da\u011f\u0131t\u0131m durumlar\u0131nda, d\u00fcz i\u011fneler da\u011f\u0131t\u0131m i\u015fini m\u00fckemmelle\u015ftiremez, bunun yerine b\u00fck\u00fclm\u00fc\u015f i\u011fnenin uygun A\u00e7\u0131s\u0131n\u0131 kullanabilirsiniz.\" \/>\n<meta property=\"og:url\" content=\"https:\/\/btektech.com\/tr\/product\/acili-dagitim-igne-ucu\/\" \/>\n<meta property=\"og:site_name\" content=\"Btektech\" \/>\n<meta property=\"article:modified_time\" content=\"2022-09-27T05:42:45+00:00\" \/>\n<meta property=\"og:image\" content=\"https:\/\/btektech.com\/wp-content\/uploads\/2021\/09\/Screenshot-2021-09-06-180927.jpg\" \/>\n\t<meta property=\"og:image:width\" content=\"379\" \/>\n\t<meta property=\"og:image:height\" content=\"379\" \/>\n\t<meta property=\"og:image:type\" content=\"image\/jpeg\" \/>\n<meta name=\"twitter:card\" content=\"summary_large_image\" \/>\n<meta name=\"twitter:site\" content=\"@Btektech1\" \/>\n<meta name=\"twitter:label1\" content=\"Tahmini okuma s\u00fcresi\" \/>\n\t<meta name=\"twitter:data1\" content=\"1 dakika\" \/>\n<script type=\"application\/ld+json\" class=\"yoast-schema-graph\">{\"@context\":\"https:\/\/schema.org\",\"@graph\":[{\"@type\":[\"WebPage\",\"ItemPage\"],\"@id\":\"https:\/\/btektech.com\/tr\/product\/acili-dagitim-igne-ucu\/\",\"url\":\"https:\/\/btektech.com\/tr\/product\/acili-dagitim-igne-ucu\/\",\"name\":\"A\u00e7\u0131l\u0131 Da\u011f\u0131t\u0131m \u0130\u011fne Ucu - Btektech\",\"isPartOf\":{\"@id\":\"https:\/\/btektech.com\/#website\"},\"primaryImageOfPage\":{\"@id\":\"https:\/\/btektech.com\/tr\/product\/acili-dagitim-igne-ucu\/#primaryimage\"},\"image\":{\"@id\":\"https:\/\/btektech.com\/tr\/product\/acili-dagitim-igne-ucu\/#primaryimage\"},\"thumbnailUrl\":\"https:\/\/btektech.com\/wp-content\/uploads\/2025\/12\/1.jpg\",\"datePublished\":\"2022-04-25T09:04:49+00:00\",\"dateModified\":\"2022-09-27T05:42:45+00:00\",\"description\":\"A\u00e7\u0131l\u0131 Da\u011f\u0131t\u0131m \u0130\u011fne Ucu ak\u0131\u015f\u0131n\u0131 etkilemeden 45 derece veya 90 derece b\u00fck\u00fclebilir.Baz\u0131 \u00f6zel da\u011f\u0131t\u0131m durumlar\u0131nda, d\u00fcz i\u011fneler da\u011f\u0131t\u0131m i\u015fini m\u00fckemmelle\u015ftiremez, bunun yerine b\u00fck\u00fclm\u00fc\u015f i\u011fnenin uygun A\u00e7\u0131s\u0131n\u0131 kullanabilirsiniz.\",\"breadcrumb\":{\"@id\":\"https:\/\/btektech.com\/tr\/product\/acili-dagitim-igne-ucu\/#breadcrumb\"},\"inLanguage\":\"tr\",\"potentialAction\":[{\"@type\":\"ReadAction\",\"target\":[\"https:\/\/btektech.com\/tr\/product\/acili-dagitim-igne-ucu\/\"]}]},{\"@type\":\"ImageObject\",\"inLanguage\":\"tr\",\"@id\":\"https:\/\/btektech.com\/tr\/product\/acili-dagitim-igne-ucu\/#primaryimage\",\"url\":\"https:\/\/btektech.com\/wp-content\/uploads\/2025\/12\/1.jpg\",\"contentUrl\":\"https:\/\/btektech.com\/wp-content\/uploads\/2025\/12\/1.jpg\",\"width\":800,\"height\":800,\"caption\":\"Angled Dispensing Tips\"},{\"@type\":\"BreadcrumbList\",\"@id\":\"https:\/\/btektech.com\/tr\/product\/acili-dagitim-igne-ucu\/#breadcrumb\",\"itemListElement\":[{\"@type\":\"ListItem\",\"position\":1,\"name\":\"Home\",\"item\":\"https:\/\/btektech.com\/tr\/home-2\/\"},{\"@type\":\"ListItem\",\"position\":2,\"name\":\"\u00dcr\u00fcnler\",\"item\":\"https:\/\/btektech.com\/tr\/shop\/\"},{\"@type\":\"ListItem\",\"position\":3,\"name\":\"A\u00e7\u0131l\u0131 Da\u011f\u0131t\u0131m \u0130\u011fne Ucu\"}]},{\"@type\":\"WebSite\",\"@id\":\"https:\/\/btektech.com\/#website\",\"url\":\"https:\/\/btektech.com\/\",\"name\":\"Btektech\",\"description\":\"\",\"publisher\":{\"@id\":\"https:\/\/btektech.com\/#organization\"},\"potentialAction\":[{\"@type\":\"SearchAction\",\"target\":{\"@type\":\"EntryPoint\",\"urlTemplate\":\"https:\/\/btektech.com\/?s={search_term_string}\"},\"query-input\":{\"@type\":\"PropertyValueSpecification\",\"valueRequired\":true,\"valueName\":\"search_term_string\"}}],\"inLanguage\":\"tr\"},{\"@type\":\"Organization\",\"@id\":\"https:\/\/btektech.com\/#organization\",\"name\":\"Btektech\",\"url\":\"https:\/\/btektech.com\/\",\"logo\":{\"@type\":\"ImageObject\",\"inLanguage\":\"tr\",\"@id\":\"https:\/\/btektech.com\/#\/schema\/logo\/image\/\",\"url\":\"https:\/\/btektech.com\/wp-content\/uploads\/2021\/08\/btektech-logo.png\",\"contentUrl\":\"https:\/\/btektech.com\/wp-content\/uploads\/2021\/08\/btektech-logo.png\",\"width\":250,\"height\":114,\"caption\":\"Btektech\"},\"image\":{\"@id\":\"https:\/\/btektech.com\/#\/schema\/logo\/image\/\"},\"sameAs\":[\"https:\/\/x.com\/Btektech1\",\"https:\/\/www.instagram.com\/btektech\/\",\"https:\/\/www.linkedin.com\/company\/suzhou-baotailong-electronic-materials-co-ltd\/\",\"https:\/\/www.pinterest.com\/btektech\/_saved\/\",\"https:\/\/www.youtube.com\/channel\/UCBiw4Bc4CmQDrdo-QqyVTqQ\"]}]}<\/script>\n<!-- \/ Yoast SEO plugin. -->","yoast_head_json":{"title":"A\u00e7\u0131l\u0131 Da\u011f\u0131t\u0131m \u0130\u011fne Ucu - Btektech","description":"A\u00e7\u0131l\u0131 Da\u011f\u0131t\u0131m \u0130\u011fne Ucu ak\u0131\u015f\u0131n\u0131 etkilemeden 45 derece veya 90 derece b\u00fck\u00fclebilir.Baz\u0131 \u00f6zel da\u011f\u0131t\u0131m durumlar\u0131nda, d\u00fcz i\u011fneler da\u011f\u0131t\u0131m i\u015fini m\u00fckemmelle\u015ftiremez, bunun yerine b\u00fck\u00fclm\u00fc\u015f i\u011fnenin uygun A\u00e7\u0131s\u0131n\u0131 kullanabilirsiniz.","robots":{"index":"index","follow":"follow","max-snippet":"max-snippet:-1","max-image-preview":"max-image-preview:large","max-video-preview":"max-video-preview:-1"},"canonical":"https:\/\/btektech.com\/tr\/product\/acili-dagitim-igne-ucu\/","og_locale":"tr_TR","og_type":"article","og_title":"A\u00e7\u0131l\u0131 Da\u011f\u0131t\u0131m \u0130\u011fne Ucu - Btektech","og_description":"A\u00e7\u0131l\u0131 Da\u011f\u0131t\u0131m \u0130\u011fne Ucu ak\u0131\u015f\u0131n\u0131 etkilemeden 45 derece veya 90 derece b\u00fck\u00fclebilir.Baz\u0131 \u00f6zel da\u011f\u0131t\u0131m durumlar\u0131nda, d\u00fcz i\u011fneler da\u011f\u0131t\u0131m i\u015fini m\u00fckemmelle\u015ftiremez, bunun yerine b\u00fck\u00fclm\u00fc\u015f i\u011fnenin uygun A\u00e7\u0131s\u0131n\u0131 kullanabilirsiniz.","og_url":"https:\/\/btektech.com\/tr\/product\/acili-dagitim-igne-ucu\/","og_site_name":"Btektech","article_modified_time":"2022-09-27T05:42:45+00:00","og_image":[{"width":379,"height":379,"url":"https:\/\/btektech.com\/wp-content\/uploads\/2021\/09\/Screenshot-2021-09-06-180927.jpg","type":"image\/jpeg"}],"twitter_card":"summary_large_image","twitter_site":"@Btektech1","twitter_misc":{"Tahmini okuma s\u00fcresi":"1 dakika"},"schema":{"@context":"https:\/\/schema.org","@graph":[{"@type":["WebPage","ItemPage"],"@id":"https:\/\/btektech.com\/tr\/product\/acili-dagitim-igne-ucu\/","url":"https:\/\/btektech.com\/tr\/product\/acili-dagitim-igne-ucu\/","name":"A\u00e7\u0131l\u0131 Da\u011f\u0131t\u0131m \u0130\u011fne Ucu - Btektech","isPartOf":{"@id":"https:\/\/btektech.com\/#website"},"primaryImageOfPage":{"@id":"https:\/\/btektech.com\/tr\/product\/acili-dagitim-igne-ucu\/#primaryimage"},"image":{"@id":"https:\/\/btektech.com\/tr\/product\/acili-dagitim-igne-ucu\/#primaryimage"},"thumbnailUrl":"https:\/\/btektech.com\/wp-content\/uploads\/2025\/12\/1.jpg","datePublished":"2022-04-25T09:04:49+00:00","dateModified":"2022-09-27T05:42:45+00:00","description":"A\u00e7\u0131l\u0131 Da\u011f\u0131t\u0131m \u0130\u011fne Ucu ak\u0131\u015f\u0131n\u0131 etkilemeden 45 derece veya 90 derece b\u00fck\u00fclebilir.Baz\u0131 \u00f6zel da\u011f\u0131t\u0131m durumlar\u0131nda, d\u00fcz i\u011fneler da\u011f\u0131t\u0131m i\u015fini m\u00fckemmelle\u015ftiremez, bunun yerine b\u00fck\u00fclm\u00fc\u015f i\u011fnenin uygun A\u00e7\u0131s\u0131n\u0131 kullanabilirsiniz.","breadcrumb":{"@id":"https:\/\/btektech.com\/tr\/product\/acili-dagitim-igne-ucu\/#breadcrumb"},"inLanguage":"tr","potentialAction":[{"@type":"ReadAction","target":["https:\/\/btektech.com\/tr\/product\/acili-dagitim-igne-ucu\/"]}]},{"@type":"ImageObject","inLanguage":"tr","@id":"https:\/\/btektech.com\/tr\/product\/acili-dagitim-igne-ucu\/#primaryimage","url":"https:\/\/btektech.com\/wp-content\/uploads\/2025\/12\/1.jpg","contentUrl":"https:\/\/btektech.com\/wp-content\/uploads\/2025\/12\/1.jpg","width":800,"height":800,"caption":"Angled Dispensing Tips"},{"@type":"BreadcrumbList","@id":"https:\/\/btektech.com\/tr\/product\/acili-dagitim-igne-ucu\/#breadcrumb","itemListElement":[{"@type":"ListItem","position":1,"name":"Home","item":"https:\/\/btektech.com\/tr\/home-2\/"},{"@type":"ListItem","position":2,"name":"\u00dcr\u00fcnler","item":"https:\/\/btektech.com\/tr\/shop\/"},{"@type":"ListItem","position":3,"name":"A\u00e7\u0131l\u0131 Da\u011f\u0131t\u0131m \u0130\u011fne Ucu"}]},{"@type":"WebSite","@id":"https:\/\/btektech.com\/#website","url":"https:\/\/btektech.com\/","name":"Btektech","description":"","publisher":{"@id":"https:\/\/btektech.com\/#organization"},"potentialAction":[{"@type":"SearchAction","target":{"@type":"EntryPoint","urlTemplate":"https:\/\/btektech.com\/?s={search_term_string}"},"query-input":{"@type":"PropertyValueSpecification","valueRequired":true,"valueName":"search_term_string"}}],"inLanguage":"tr"},{"@type":"Organization","@id":"https:\/\/btektech.com\/#organization","name":"Btektech","url":"https:\/\/btektech.com\/","logo":{"@type":"ImageObject","inLanguage":"tr","@id":"https:\/\/btektech.com\/#\/schema\/logo\/image\/","url":"https:\/\/btektech.com\/wp-content\/uploads\/2021\/08\/btektech-logo.png","contentUrl":"https:\/\/btektech.com\/wp-content\/uploads\/2021\/08\/btektech-logo.png","width":250,"height":114,"caption":"Btektech"},"image":{"@id":"https:\/\/btektech.com\/#\/schema\/logo\/image\/"},"sameAs":["https:\/\/x.com\/Btektech1","https:\/\/www.instagram.com\/btektech\/","https:\/\/www.linkedin.com\/company\/suzhou-baotailong-electronic-materials-co-ltd\/","https:\/\/www.pinterest.com\/btektech\/_saved\/","https:\/\/www.youtube.com\/channel\/UCBiw4Bc4CmQDrdo-QqyVTqQ"]}]}},"_links":{"self":[{"href":"https:\/\/btektech.com\/tr\/wp-json\/wp\/v2\/product\/5355","targetHints":{"allow":["GET"]}}],"collection":[{"href":"https:\/\/btektech.com\/tr\/wp-json\/wp\/v2\/product"}],"about":[{"href":"https:\/\/btektech.com\/tr\/wp-json\/wp\/v2\/types\/product"}],"replies":[{"embeddable":true,"href":"https:\/\/btektech.com\/tr\/wp-json\/wp\/v2\/comments?post=5355"}],"version-history":[{"count":0,"href":"https:\/\/btektech.com\/tr\/wp-json\/wp\/v2\/product\/5355\/revisions"}],"wp:featuredmedia":[{"embeddable":true,"href":"https:\/\/btektech.com\/tr\/wp-json\/wp\/v2\/media\/21484"}],"wp:attachment":[{"href":"https:\/\/btektech.com\/tr\/wp-json\/wp\/v2\/media?parent=5355"}],"wp:term":[{"taxonomy":"product_brand","embeddable":true,"href":"https:\/\/btektech.com\/tr\/wp-json\/wp\/v2\/product_brand?post=5355"},{"taxonomy":"product_cat","embeddable":true,"href":"https:\/\/btektech.com\/tr\/wp-json\/wp\/v2\/product_cat?post=5355"},{"taxonomy":"product_tag","embeddable":true,"href":"https:\/\/btektech.com\/tr\/wp-json\/wp\/v2\/product_tag?post=5355"}],"curies":[{"name":"wp","href":"https:\/\/api.w.org\/{rel}","templated":true}]}}