{"id":5354,"date":"2021-08-25T09:35:17","date_gmt":"2022-04-25T09:04:48","guid":{"rendered":"https:\/\/btektech.com\/product\/plastik-statik-mikser-nozulu-kare-karistirma-tupu\/"},"modified":"2026-02-03T16:38:11","modified_gmt":"2026-02-03T08:38:11","slug":"plastik-statik-mikser-nozulu-kare-karistirma-tupu","status":"publish","type":"product","link":"https:\/\/btektech.com\/tr\/product\/plastik-statik-mikser-nozulu-kare-karistirma-tupu\/","title":{"rendered":"Kare Mikser Nozulu"},"content":{"rendered":"<div style=\"overflow: auto;\">\n<table style=\"text-align: center;\">\n<tbody>\n<tr>\n<th>No.<\/th>\n<th>Par\u00e7a No.<\/th>\n<th>\u00d6\u011fe<\/th>\n<th>\u0130.D.(mm)<\/th>\n<th>L(mm)<\/th>\n<th>O.D. (mm)<\/th>\n<th>A(mm)<\/th>\n<th>\u0130\u00e7 \u00c7ekirdek Rengi<\/th>\n<\/tr>\n<tr style=\"cursor: pointer;\">\n<td>A4<\/td>\n<td>PMF6.0-16<\/td>\n<td>16<\/td>\n<td>5.3<\/td>\n<td>83<\/td>\n<td>7.5<\/td>\n<td>1.8<\/td>\n<td>Ye\u015fil\/ Alt\u0131n\/pembe\/beyaz<\/td>\n<\/tr>\n<tr style=\"cursor: pointer;\">\n<td>A6<\/td>\n<td>PMF6.0-24<\/td>\n<td>24<\/td>\n<td>5.3<\/td>\n<td>115<\/td>\n<td>7.5<\/td>\n<td>1.8<\/td>\n<td>Ye\u015fil<\/td>\n<\/tr>\n<tr style=\"cursor: pointer;\">\n<td>B1<\/td>\n<td>PMF06-24<\/td>\n<td>24<\/td>\n<td>5.3<\/td>\n<td>127<\/td>\n<td>7.5<\/td>\n<td>1.8<\/td>\n<td>Ye\u015fil<\/td>\n<\/tr>\n<tr style=\"cursor: pointer;\">\n<td>B2<\/td>\n<td>PMF08-24<\/td>\n<td>24<\/td>\n<td>8.7<\/td>\n<td>150<\/td>\n<td>12<\/td>\n<td>3.5<\/td>\n<td>Ye\u015fil<\/td>\n<\/tr>\n<tr style=\"cursor: pointer;\">\n<td>B3<\/td>\n<td>PMF08-24T<\/td>\n<td>24<\/td>\n<td>8.7<\/td>\n<td>165<\/td>\n<td>12<\/td>\n<td>3.5<\/td>\n<td>Ye\u015fil<\/td>\n<\/tr>\n<tr style=\"cursor: pointer;\">\n<td>B4<\/td>\n<td>PMF08-32<\/td>\n<td>32<\/td>\n<td>8.7<\/td>\n<td>188<\/td>\n<td>12<\/td>\n<td>3.5<\/td>\n<td>Ye\u015fil<\/td>\n<\/tr>\n<tr style=\"cursor: pointer;\">\n<td>B65<\/td>\n<td>MBQ08-18<\/td>\n<td>18<\/td>\n<td>8.7<\/td>\n<td>143<\/td>\n<td>12<\/td>\n<td>3.5<\/td>\n<td>Mavi<\/td>\n<\/tr>\n<\/tbody>\n<\/table>\n<\/div>\n","protected":false},"excerpt":{"rendered":"<p>Kare Statik Epoksi Kar\u0131\u015ft\u0131rma Nozullar\u0131, y\u00fcksek verimlilik, ekonomi, dayan\u0131kl\u0131 \u00fcst d\u00fczey \u00fcr\u00fcnler ile dairesel statik kar\u0131\u015ft\u0131rma t\u00fcp\u00fc yenili\u011fine dayanmaktad\u0131r. S\u0131rayla d\u00fczenlenmi\u015f \u00fcst ve alt sol ve sa\u011f b\u0131\u00e7aklardan olu\u015fur, her b\u0131\u00e7aktan iki veya daha fazla \u00e7e\u015fit s\u0131v\u0131 ge\u00e7ti\u011finde d\u00f6rt par\u00e7aya b\u00f6l\u00fcn\u00fcr. Bu, s\u0131v\u0131 kar\u0131\u015f\u0131m\u0131n\u0131 daha homojen hale getirir.  <\/p>\n","protected":false},"featured_media":21446,"comment_status":"open","ping_status":"closed","template":"","meta":{"_acf_changed":false},"product_brand":[],"product_cat":[159,160],"product_tag":[],"class_list":{"0":"post-5354","1":"product","2":"type-product","3":"status-publish","4":"has-post-thumbnail","6":"product_cat-karistirma-nozullari","7":"product_cat-statik-karistirma-nozullari","9":"first","10":"instock","11":"shipping-taxable","12":"product-type-simple"},"acf":[],"yoast_head":"<!-- This site is optimized with the Yoast SEO plugin v26.0 - https:\/\/yoast.com\/wordpress\/plugins\/seo\/ -->\n<title>50-1500 mL \u0130kili Kartu\u015flar i\u00e7in Kare Kar\u0131\u015ft\u0131r\u0131c\u0131 Nozul<\/title>\n<meta name=\"description\" content=\"Minimum yap\u0131\u015ft\u0131r\u0131c\u0131 at\u0131\u011f\u0131 ile \u00fcst\u00fcn homojenlik sa\u011flayan \u00e7ift kartu\u015f i\u00e7in kare kar\u0131\u015ft\u0131r\u0131c\u0131 nozul. Kompakt tasar\u0131m birden fazla u\u00e7 stilini ve ba\u011flant\u0131y\u0131 destekler.\" \/>\n<meta name=\"robots\" content=\"index, follow, max-snippet:-1, max-image-preview:large, max-video-preview:-1\" \/>\n<link rel=\"canonical\" href=\"https:\/\/btektech.com\/tr\/product\/plastik-statik-mikser-nozulu-kare-karistirma-tupu\/\" \/>\n<meta property=\"og:locale\" content=\"tr_TR\" \/>\n<meta property=\"og:type\" content=\"article\" \/>\n<meta property=\"og:title\" content=\"50-1500 mL \u0130kili Kartu\u015flar i\u00e7in Kare Kar\u0131\u015ft\u0131r\u0131c\u0131 Nozul\" \/>\n<meta property=\"og:description\" content=\"Minimum yap\u0131\u015ft\u0131r\u0131c\u0131 at\u0131\u011f\u0131 ile \u00fcst\u00fcn homojenlik sa\u011flayan \u00e7ift kartu\u015f i\u00e7in kare kar\u0131\u015ft\u0131r\u0131c\u0131 nozul. Kompakt tasar\u0131m birden fazla u\u00e7 stilini ve ba\u011flant\u0131y\u0131 destekler.\" \/>\n<meta property=\"og:url\" content=\"https:\/\/btektech.com\/tr\/product\/plastik-statik-mikser-nozulu-kare-karistirma-tupu\/\" \/>\n<meta property=\"og:site_name\" content=\"Btektech\" \/>\n<meta property=\"article:modified_time\" content=\"2026-02-03T08:38:11+00:00\" \/>\n<meta property=\"og:image\" content=\"https:\/\/btektech.com\/wp-content\/uploads\/2025\/12\/3-Square-2.jpg\" \/>\n\t<meta property=\"og:image:width\" content=\"800\" \/>\n\t<meta property=\"og:image:height\" content=\"800\" \/>\n\t<meta property=\"og:image:type\" content=\"image\/jpeg\" \/>\n<meta name=\"twitter:card\" content=\"summary_large_image\" \/>\n<meta name=\"twitter:site\" content=\"@Btektech1\" \/>\n<script type=\"application\/ld+json\" class=\"yoast-schema-graph\">{\"@context\":\"https:\/\/schema.org\",\"@graph\":[{\"@type\":[\"WebPage\",\"ItemPage\"],\"@id\":\"https:\/\/btektech.com\/tr\/product\/plastik-statik-mikser-nozulu-kare-karistirma-tupu\/\",\"url\":\"https:\/\/btektech.com\/tr\/product\/plastik-statik-mikser-nozulu-kare-karistirma-tupu\/\",\"name\":\"50-1500 mL \u0130kili Kartu\u015flar i\u00e7in Kare Kar\u0131\u015ft\u0131r\u0131c\u0131 Nozul\",\"isPartOf\":{\"@id\":\"https:\/\/btektech.com\/#website\"},\"primaryImageOfPage\":{\"@id\":\"https:\/\/btektech.com\/tr\/product\/plastik-statik-mikser-nozulu-kare-karistirma-tupu\/#primaryimage\"},\"image\":{\"@id\":\"https:\/\/btektech.com\/tr\/product\/plastik-statik-mikser-nozulu-kare-karistirma-tupu\/#primaryimage\"},\"thumbnailUrl\":\"https:\/\/btektech.com\/wp-content\/uploads\/2025\/12\/3-Square-2.jpg\",\"datePublished\":\"2022-04-25T09:04:48+00:00\",\"dateModified\":\"2026-02-03T08:38:11+00:00\",\"description\":\"Minimum yap\u0131\u015ft\u0131r\u0131c\u0131 at\u0131\u011f\u0131 ile \u00fcst\u00fcn homojenlik sa\u011flayan \u00e7ift kartu\u015f i\u00e7in kare kar\u0131\u015ft\u0131r\u0131c\u0131 nozul. Kompakt tasar\u0131m birden fazla u\u00e7 stilini ve ba\u011flant\u0131y\u0131 destekler.\",\"breadcrumb\":{\"@id\":\"https:\/\/btektech.com\/tr\/product\/plastik-statik-mikser-nozulu-kare-karistirma-tupu\/#breadcrumb\"},\"inLanguage\":\"tr\",\"potentialAction\":[{\"@type\":\"ReadAction\",\"target\":[\"https:\/\/btektech.com\/tr\/product\/plastik-statik-mikser-nozulu-kare-karistirma-tupu\/\"]}]},{\"@type\":\"ImageObject\",\"inLanguage\":\"tr\",\"@id\":\"https:\/\/btektech.com\/tr\/product\/plastik-statik-mikser-nozulu-kare-karistirma-tupu\/#primaryimage\",\"url\":\"https:\/\/btektech.com\/wp-content\/uploads\/2025\/12\/3-Square-2.jpg\",\"contentUrl\":\"https:\/\/btektech.com\/wp-content\/uploads\/2025\/12\/3-Square-2.jpg\",\"width\":800,\"height\":800,\"caption\":\"Square Mixer Nozzle\"},{\"@type\":\"BreadcrumbList\",\"@id\":\"https:\/\/btektech.com\/tr\/product\/plastik-statik-mikser-nozulu-kare-karistirma-tupu\/#breadcrumb\",\"itemListElement\":[{\"@type\":\"ListItem\",\"position\":1,\"name\":\"Home\",\"item\":\"https:\/\/btektech.com\/tr\/\"},{\"@type\":\"ListItem\",\"position\":2,\"name\":\"\u00dcr\u00fcnler\",\"item\":\"https:\/\/btektech.com\/tr\/shop\/\"},{\"@type\":\"ListItem\",\"position\":3,\"name\":\"Kare Mikser Nozulu\"}]},{\"@type\":\"WebSite\",\"@id\":\"https:\/\/btektech.com\/#website\",\"url\":\"https:\/\/btektech.com\/\",\"name\":\"Btektech\",\"description\":\"\",\"publisher\":{\"@id\":\"https:\/\/btektech.com\/#organization\"},\"potentialAction\":[{\"@type\":\"SearchAction\",\"target\":{\"@type\":\"EntryPoint\",\"urlTemplate\":\"https:\/\/btektech.com\/?s={search_term_string}\"},\"query-input\":{\"@type\":\"PropertyValueSpecification\",\"valueRequired\":true,\"valueName\":\"search_term_string\"}}],\"inLanguage\":\"tr\"},{\"@type\":\"Organization\",\"@id\":\"https:\/\/btektech.com\/#organization\",\"name\":\"Btektech\",\"url\":\"https:\/\/btektech.com\/\",\"logo\":{\"@type\":\"ImageObject\",\"inLanguage\":\"tr\",\"@id\":\"https:\/\/btektech.com\/#\/schema\/logo\/image\/\",\"url\":\"https:\/\/btektech.com\/wp-content\/uploads\/2021\/08\/btektech-logo.png\",\"contentUrl\":\"https:\/\/btektech.com\/wp-content\/uploads\/2021\/08\/btektech-logo.png\",\"width\":250,\"height\":114,\"caption\":\"Btektech\"},\"image\":{\"@id\":\"https:\/\/btektech.com\/#\/schema\/logo\/image\/\"},\"sameAs\":[\"https:\/\/x.com\/Btektech1\",\"https:\/\/www.instagram.com\/btektech\/\",\"https:\/\/www.linkedin.com\/company\/suzhou-baotailong-electronic-materials-co-ltd\/\",\"https:\/\/www.pinterest.com\/btektech\/_saved\/\",\"https:\/\/www.youtube.com\/channel\/UCBiw4Bc4CmQDrdo-QqyVTqQ\"]}]}<\/script>\n<!-- \/ Yoast SEO plugin. -->","yoast_head_json":{"title":"50-1500 mL \u0130kili Kartu\u015flar i\u00e7in Kare Kar\u0131\u015ft\u0131r\u0131c\u0131 Nozul","description":"Minimum yap\u0131\u015ft\u0131r\u0131c\u0131 at\u0131\u011f\u0131 ile \u00fcst\u00fcn homojenlik sa\u011flayan \u00e7ift kartu\u015f i\u00e7in kare kar\u0131\u015ft\u0131r\u0131c\u0131 nozul. Kompakt tasar\u0131m birden fazla u\u00e7 stilini ve ba\u011flant\u0131y\u0131 destekler.","robots":{"index":"index","follow":"follow","max-snippet":"max-snippet:-1","max-image-preview":"max-image-preview:large","max-video-preview":"max-video-preview:-1"},"canonical":"https:\/\/btektech.com\/tr\/product\/plastik-statik-mikser-nozulu-kare-karistirma-tupu\/","og_locale":"tr_TR","og_type":"article","og_title":"50-1500 mL \u0130kili Kartu\u015flar i\u00e7in Kare Kar\u0131\u015ft\u0131r\u0131c\u0131 Nozul","og_description":"Minimum yap\u0131\u015ft\u0131r\u0131c\u0131 at\u0131\u011f\u0131 ile \u00fcst\u00fcn homojenlik sa\u011flayan \u00e7ift kartu\u015f i\u00e7in kare kar\u0131\u015ft\u0131r\u0131c\u0131 nozul. Kompakt tasar\u0131m birden fazla u\u00e7 stilini ve ba\u011flant\u0131y\u0131 destekler.","og_url":"https:\/\/btektech.com\/tr\/product\/plastik-statik-mikser-nozulu-kare-karistirma-tupu\/","og_site_name":"Btektech","article_modified_time":"2026-02-03T08:38:11+00:00","og_image":[{"width":800,"height":800,"url":"https:\/\/btektech.com\/wp-content\/uploads\/2025\/12\/3-Square-2.jpg","type":"image\/jpeg"}],"twitter_card":"summary_large_image","twitter_site":"@Btektech1","schema":{"@context":"https:\/\/schema.org","@graph":[{"@type":["WebPage","ItemPage"],"@id":"https:\/\/btektech.com\/tr\/product\/plastik-statik-mikser-nozulu-kare-karistirma-tupu\/","url":"https:\/\/btektech.com\/tr\/product\/plastik-statik-mikser-nozulu-kare-karistirma-tupu\/","name":"50-1500 mL \u0130kili Kartu\u015flar i\u00e7in Kare Kar\u0131\u015ft\u0131r\u0131c\u0131 Nozul","isPartOf":{"@id":"https:\/\/btektech.com\/#website"},"primaryImageOfPage":{"@id":"https:\/\/btektech.com\/tr\/product\/plastik-statik-mikser-nozulu-kare-karistirma-tupu\/#primaryimage"},"image":{"@id":"https:\/\/btektech.com\/tr\/product\/plastik-statik-mikser-nozulu-kare-karistirma-tupu\/#primaryimage"},"thumbnailUrl":"https:\/\/btektech.com\/wp-content\/uploads\/2025\/12\/3-Square-2.jpg","datePublished":"2022-04-25T09:04:48+00:00","dateModified":"2026-02-03T08:38:11+00:00","description":"Minimum yap\u0131\u015ft\u0131r\u0131c\u0131 at\u0131\u011f\u0131 ile \u00fcst\u00fcn homojenlik sa\u011flayan \u00e7ift kartu\u015f i\u00e7in kare kar\u0131\u015ft\u0131r\u0131c\u0131 nozul. Kompakt tasar\u0131m birden fazla u\u00e7 stilini ve ba\u011flant\u0131y\u0131 destekler.","breadcrumb":{"@id":"https:\/\/btektech.com\/tr\/product\/plastik-statik-mikser-nozulu-kare-karistirma-tupu\/#breadcrumb"},"inLanguage":"tr","potentialAction":[{"@type":"ReadAction","target":["https:\/\/btektech.com\/tr\/product\/plastik-statik-mikser-nozulu-kare-karistirma-tupu\/"]}]},{"@type":"ImageObject","inLanguage":"tr","@id":"https:\/\/btektech.com\/tr\/product\/plastik-statik-mikser-nozulu-kare-karistirma-tupu\/#primaryimage","url":"https:\/\/btektech.com\/wp-content\/uploads\/2025\/12\/3-Square-2.jpg","contentUrl":"https:\/\/btektech.com\/wp-content\/uploads\/2025\/12\/3-Square-2.jpg","width":800,"height":800,"caption":"Square Mixer Nozzle"},{"@type":"BreadcrumbList","@id":"https:\/\/btektech.com\/tr\/product\/plastik-statik-mikser-nozulu-kare-karistirma-tupu\/#breadcrumb","itemListElement":[{"@type":"ListItem","position":1,"name":"Home","item":"https:\/\/btektech.com\/tr\/"},{"@type":"ListItem","position":2,"name":"\u00dcr\u00fcnler","item":"https:\/\/btektech.com\/tr\/shop\/"},{"@type":"ListItem","position":3,"name":"Kare Mikser Nozulu"}]},{"@type":"WebSite","@id":"https:\/\/btektech.com\/#website","url":"https:\/\/btektech.com\/","name":"Btektech","description":"","publisher":{"@id":"https:\/\/btektech.com\/#organization"},"potentialAction":[{"@type":"SearchAction","target":{"@type":"EntryPoint","urlTemplate":"https:\/\/btektech.com\/?s={search_term_string}"},"query-input":{"@type":"PropertyValueSpecification","valueRequired":true,"valueName":"search_term_string"}}],"inLanguage":"tr"},{"@type":"Organization","@id":"https:\/\/btektech.com\/#organization","name":"Btektech","url":"https:\/\/btektech.com\/","logo":{"@type":"ImageObject","inLanguage":"tr","@id":"https:\/\/btektech.com\/#\/schema\/logo\/image\/","url":"https:\/\/btektech.com\/wp-content\/uploads\/2021\/08\/btektech-logo.png","contentUrl":"https:\/\/btektech.com\/wp-content\/uploads\/2021\/08\/btektech-logo.png","width":250,"height":114,"caption":"Btektech"},"image":{"@id":"https:\/\/btektech.com\/#\/schema\/logo\/image\/"},"sameAs":["https:\/\/x.com\/Btektech1","https:\/\/www.instagram.com\/btektech\/","https:\/\/www.linkedin.com\/company\/suzhou-baotailong-electronic-materials-co-ltd\/","https:\/\/www.pinterest.com\/btektech\/_saved\/","https:\/\/www.youtube.com\/channel\/UCBiw4Bc4CmQDrdo-QqyVTqQ"]}]}},"_links":{"self":[{"href":"https:\/\/btektech.com\/tr\/wp-json\/wp\/v2\/product\/5354","targetHints":{"allow":["GET"]}}],"collection":[{"href":"https:\/\/btektech.com\/tr\/wp-json\/wp\/v2\/product"}],"about":[{"href":"https:\/\/btektech.com\/tr\/wp-json\/wp\/v2\/types\/product"}],"replies":[{"embeddable":true,"href":"https:\/\/btektech.com\/tr\/wp-json\/wp\/v2\/comments?post=5354"}],"version-history":[{"count":1,"href":"https:\/\/btektech.com\/tr\/wp-json\/wp\/v2\/product\/5354\/revisions"}],"predecessor-version":[{"id":22391,"href":"https:\/\/btektech.com\/tr\/wp-json\/wp\/v2\/product\/5354\/revisions\/22391"}],"wp:featuredmedia":[{"embeddable":true,"href":"https:\/\/btektech.com\/tr\/wp-json\/wp\/v2\/media\/21446"}],"wp:attachment":[{"href":"https:\/\/btektech.com\/tr\/wp-json\/wp\/v2\/media?parent=5354"}],"wp:term":[{"taxonomy":"product_brand","embeddable":true,"href":"https:\/\/btektech.com\/tr\/wp-json\/wp\/v2\/product_brand?post=5354"},{"taxonomy":"product_cat","embeddable":true,"href":"https:\/\/btektech.com\/tr\/wp-json\/wp\/v2\/product_cat?post=5354"},{"taxonomy":"product_tag","embeddable":true,"href":"https:\/\/btektech.com\/tr\/wp-json\/wp\/v2\/product_tag?post=5354"}],"curies":[{"name":"wp","href":"https:\/\/api.w.org\/{rel}","templated":true}]}}