{"id":5352,"date":"2021-08-25T09:04:32","date_gmt":"2022-04-25T09:04:47","guid":{"rendered":"https:\/\/btektech.com\/product\/plastik-karistirma-nozulu-dinamik-karistirici-tupu\/"},"modified":"2022-08-02T07:29:28","modified_gmt":"2022-08-02T07:29:28","slug":"plastik-karistirma-nozulu-dinamik-karistirici-tup","status":"publish","type":"product","link":"https:\/\/btektech.com\/tr\/product\/plastik-karistirma-nozulu-dinamik-karistirici-tup\/","title":{"rendered":"Plastik Kar\u0131\u015ft\u0131rma Nozulu Dinamik Kar\u0131\u015ft\u0131r\u0131c\u0131 T\u00fcp\u00fc"},"content":{"rendered":"<p>Dinamik kar\u0131\u015ft\u0131rma nozulu ve statik kar\u0131\u015ft\u0131rma t\u00fcp\u00fc aras\u0131ndaki fark, boru spiral yapra\u011f\u0131 h\u0131zl\u0131 d\u00f6nebilir, tabii ki d\u00f6nme kuvveti makine kombinasyonundan gelir, bu benzersiz oranl\u0131 kar\u0131\u015ft\u0131rma t\u00fcp\u00fcn\u00fcn bo\u015flu\u011fu s\u0131v\u0131 i\u00e7in uygundur ve k\u00f6p\u00fck s\u0131v\u0131, b\u00f6yle Kau\u00e7uk gibi etan oldu\u011fundan, dinamik kar\u0131\u015ft\u0131rma t\u00fcp\u00fcn\u00fcn temizlenmesi \u00e7ok kolayd\u0131r, iki bile\u015fenli bir s\u0131v\u0131 kar\u0131\u015f\u0131md\u0131r, d\u00fc\u015f\u00fck maliyetli bir \u00e7\u00f6z\u00fcm sa\u011flar, Kar\u0131\u015f\u0131k t\u00fcp kullanmak insan g\u00fcc\u00fcnden tasarruf edebilir, at\u0131klar\u0131 azaltabilir, \u00fcretkenli\u011fi art\u0131rabilir ve \u00fcretim maliyetini \u00f6nemli \u00f6l\u00e7\u00fcde azaltabilir, elektronik imalat, elektrik imalat\u0131, sivil in\u015faat, otomobil imalat\u0131, hediyelik dekorasyon vb. alanlarda \u00fcr\u00fcn uygulamas\u0131, her t\u00fcrl\u00fc iki bile\u015fenli yap\u0131\u015ft\u0131r\u0131c\u0131, dolgu kar\u0131\u015f\u0131m\u0131 (epoksi re\u00e7ine, silikon, PU, UV dahil) yayg\u0131n olarak kullan\u0131l\u0131r.<\/p>\n<div style=\"text-align: center;\">\n<img decoding=\"async\" class=\"alignnone size-medium wp-image-1172\" src=\"https:\/\/btektech.com\/wp-content\/uploads\/2021\/08\/%E9%9D%99%E6%80%81-300x70.jpg\" alt=\"\" width=\"300\" height=\"70\">\n<\/div>\n<div style=\"overflow: auto;\">\n<table style=\"text-align: center;\">\n<tbody>\n<tr>\n<th>Numara.<\/th>\n<th>Par\u00e7a No.<\/th>\n<th>Elementler<\/th>\n<th>kimlik(mm)<\/th>\n<th>L(mm)<\/th>\n<th>OD(mm)<\/th>\n<th>bir(mm)<\/th>\n<th>i\u00e7 renk<\/th>\n<\/tr>\n<tr>\n<td>D1<\/td>\n<td>12-16 TL<\/td>\n<td>16<\/td>\n<td>12<\/td>\n<td>128<\/td>\n<td>16<\/td>\n<td>2.8<\/td>\n<td>K\u0131rm\u0131z\u0131<\/td>\n<\/tr>\n<tr>\n<td>D2<\/td>\n<td>12-16 TL<\/td>\n<td>16<\/td>\n<td>12<\/td>\n<td>128<\/td>\n<td>16<\/td>\n<td>2.8<\/td>\n<td>Ye\u015fil<\/td>\n<\/tr>\n<tr>\n<td>D3<\/td>\n<td>TL12-26<\/td>\n<td>26<\/td>\n<td>12<\/td>\n<td>182<\/td>\n<td>16<\/td>\n<td>4.5<\/td>\n<td>K\u0131rm\u0131z\u0131<\/td>\n<\/tr>\n<tr>\n<td>D4<\/td>\n<td>TL12-26<\/td>\n<td>26<\/td>\n<td>12<\/td>\n<td>182<\/td>\n<td>16<\/td>\n<td>4.5<\/td>\n<td>Ye\u015fil<\/td>\n<\/tr>\n<tr>\n<td>D5<\/td>\n<td>17-26 TL<\/td>\n<td>26<\/td>\n<td>17<\/td>\n<td>216<\/td>\n<td>21<\/td>\n<td>4.5<\/td>\n<td>K\u0131rm\u0131z\u0131<\/td>\n<\/tr>\n<tr>\n<td>D6<\/td>\n<td>17-26 TL<\/td>\n<td>26<\/td>\n<td>17<\/td>\n<td>216<\/td>\n<td>21<\/td>\n<td>4.5<\/td>\n<td>Ye\u015fil<\/td>\n<\/tr>\n<tr>\n<td>D7<\/td>\n<td>RS12-16<\/td>\n<td>16<\/td>\n<td>12<\/td>\n<td>128<\/td>\n<td>16<\/td>\n<td>2.8<\/td>\n<td>K\u0131rm\u0131z\u0131<\/td>\n<\/tr>\n<tr>\n<td>D8<\/td>\n<td>RS12-16<\/td>\n<td>16<\/td>\n<td>12<\/td>\n<td>128<\/td>\n<td>16<\/td>\n<td>2.8<\/td>\n<td>Ye\u015fil<\/td>\n<\/tr>\n<tr>\n<td>D9<\/td>\n<td>RS12-26<\/td>\n<td>26<\/td>\n<td>12<\/td>\n<td>182<\/td>\n<td>16<\/td>\n<td>4.5<\/td>\n<td>K\u0131rm\u0131z\u0131<\/td>\n<\/tr>\n<tr>\n<td>D10<\/td>\n<td>RS12-26<\/td>\n<td>26<\/td>\n<td>12<\/td>\n<td>182<\/td>\n<td>16<\/td>\n<td>4.5<\/td>\n<td>Ye\u015fil<\/td>\n<\/tr>\n<tr>\n<td>D11<\/td>\n<td>R10-12S<\/td>\n<td>12<\/td>\n<td>10<\/td>\n<td>155<\/td>\n<td>14<\/td>\n<td>3<\/td>\n<td>Ye\u015fil<\/td>\n<\/tr>\n<tr>\n<td>D12<\/td>\n<td>R13-12S<\/td>\n<td>12<\/td>\n<td>13<\/td>\n<td>197<\/td>\n<td>17<\/td>\n<td>4<\/td>\n<td>Ye\u015fil<\/td>\n<\/tr>\n<tr>\n<td>D13<\/td>\n<td>SEC13-25<\/td>\n<td>23<\/td>\n<td>13<\/td>\n<td>178<\/td>\n<td>18<\/td>\n<td>4.5<\/td>\n<td>K\u0131rm\u0131z\u0131<\/td>\n<\/tr>\n<\/tbody>\n<\/table>\n<\/div>\n","protected":false},"excerpt":{"rendered":"<p>RM\/RS serisi dinamik kar\u0131\u015ft\u0131rma nozulu, m\u00fc\u015fterilere uygun, d\u00fc\u015f\u00fck maliyetli bir kar\u0131\u015ft\u0131rma tutkal\u0131 ve damla perf\u00fczyon \u015femas\u0131 sa\u011flamak i\u00e7in uygun dinamik kar\u0131\u015ft\u0131rma valfiyle e\u015fle\u015fen, yerli bir kar\u0131\u015ft\u0131rma t\u00fcp\u00fc, bilimsel tasar\u0131m, dayan\u0131kl\u0131 malzemedir.<\/p>\n","protected":false},"featured_media":4318,"comment_status":"open","ping_status":"closed","template":"","meta":{"_acf_changed":false},"product_brand":[],"product_cat":[269],"product_tag":[],"class_list":{"0":"post-5352","1":"product","2":"type-product","3":"status-publish","4":"has-post-thumbnail","6":"product_cat-uncategorized-tr","8":"first","9":"instock","10":"shipping-taxable","11":"product-type-simple"},"acf":[],"yoast_head":"<!-- This site is optimized with the Yoast SEO plugin v26.0 - https:\/\/yoast.com\/wordpress\/plugins\/seo\/ -->\n<title>Plastik Kar\u0131\u015ft\u0131rma Nozulu Dinamik Kar\u0131\u015ft\u0131r\u0131c\u0131 T\u00fcp\u00fc - Btektech<\/title>\n<meta name=\"description\" content=\"RM\/RS serisi dinamik kar\u0131\u015ft\u0131rma nozulu, m\u00fc\u015fterilere uygun, d\u00fc\u015f\u00fck maliyetli bir kar\u0131\u015ft\u0131rma tutkal\u0131 ve damla perf\u00fczyon \u015femas\u0131 sa\u011flamak i\u00e7in uygun dinamik kar\u0131\u015ft\u0131rma valfiyle e\u015fle\u015fen, yerli bir kar\u0131\u015ft\u0131rma t\u00fcp\u00fc, bilimsel tasar\u0131m, dayan\u0131kl\u0131 malzemedir.\" \/>\n<meta name=\"robots\" content=\"index, follow, max-snippet:-1, max-image-preview:large, max-video-preview:-1\" \/>\n<link rel=\"canonical\" href=\"https:\/\/btektech.com\/tr\/product\/plastik-karistirma-nozulu-dinamik-karistirici-tup\/\" \/>\n<meta property=\"og:locale\" content=\"tr_TR\" \/>\n<meta property=\"og:type\" content=\"article\" \/>\n<meta property=\"og:title\" content=\"Plastik Kar\u0131\u015ft\u0131rma Nozulu Dinamik Kar\u0131\u015ft\u0131r\u0131c\u0131 T\u00fcp\u00fc - Btektech\" \/>\n<meta property=\"og:description\" content=\"RM\/RS serisi dinamik kar\u0131\u015ft\u0131rma nozulu, m\u00fc\u015fterilere uygun, d\u00fc\u015f\u00fck maliyetli bir kar\u0131\u015ft\u0131rma tutkal\u0131 ve damla perf\u00fczyon \u015femas\u0131 sa\u011flamak i\u00e7in uygun dinamik kar\u0131\u015ft\u0131rma valfiyle e\u015fle\u015fen, yerli bir kar\u0131\u015ft\u0131rma t\u00fcp\u00fc, bilimsel tasar\u0131m, dayan\u0131kl\u0131 malzemedir.\" \/>\n<meta property=\"og:url\" content=\"https:\/\/btektech.com\/tr\/product\/plastik-karistirma-nozulu-dinamik-karistirici-tup\/\" \/>\n<meta property=\"og:site_name\" content=\"Btektech\" \/>\n<meta property=\"article:modified_time\" content=\"2022-08-02T07:29:28+00:00\" \/>\n<meta property=\"og:image\" content=\"https:\/\/btektech.com\/wp-content\/uploads\/2021\/08\/20211130.jpg\" \/>\n\t<meta property=\"og:image:width\" content=\"1400\" \/>\n\t<meta property=\"og:image:height\" content=\"1400\" \/>\n\t<meta property=\"og:image:type\" content=\"image\/jpeg\" \/>\n<meta name=\"twitter:card\" content=\"summary_large_image\" \/>\n<meta name=\"twitter:site\" content=\"@Btektech1\" \/>\n<meta name=\"twitter:label1\" content=\"Tahmini okuma s\u00fcresi\" \/>\n\t<meta name=\"twitter:data1\" content=\"1 dakika\" \/>\n<script type=\"application\/ld+json\" class=\"yoast-schema-graph\">{\"@context\":\"https:\/\/schema.org\",\"@graph\":[{\"@type\":[\"WebPage\",\"ItemPage\"],\"@id\":\"https:\/\/btektech.com\/tr\/product\/plastik-karistirma-nozulu-dinamik-karistirici-tup\/\",\"url\":\"https:\/\/btektech.com\/tr\/product\/plastik-karistirma-nozulu-dinamik-karistirici-tup\/\",\"name\":\"Plastik Kar\u0131\u015ft\u0131rma Nozulu Dinamik Kar\u0131\u015ft\u0131r\u0131c\u0131 T\u00fcp\u00fc - Btektech\",\"isPartOf\":{\"@id\":\"https:\/\/btektech.com\/#website\"},\"primaryImageOfPage\":{\"@id\":\"https:\/\/btektech.com\/tr\/product\/plastik-karistirma-nozulu-dinamik-karistirici-tup\/#primaryimage\"},\"image\":{\"@id\":\"https:\/\/btektech.com\/tr\/product\/plastik-karistirma-nozulu-dinamik-karistirici-tup\/#primaryimage\"},\"thumbnailUrl\":\"https:\/\/btektech.com\/wp-content\/uploads\/2021\/08\/20211130.jpg\",\"datePublished\":\"2022-04-25T09:04:47+00:00\",\"dateModified\":\"2022-08-02T07:29:28+00:00\",\"description\":\"RM\/RS serisi dinamik kar\u0131\u015ft\u0131rma nozulu, m\u00fc\u015fterilere uygun, d\u00fc\u015f\u00fck maliyetli bir kar\u0131\u015ft\u0131rma tutkal\u0131 ve damla perf\u00fczyon \u015femas\u0131 sa\u011flamak i\u00e7in uygun dinamik kar\u0131\u015ft\u0131rma valfiyle e\u015fle\u015fen, yerli bir kar\u0131\u015ft\u0131rma t\u00fcp\u00fc, bilimsel tasar\u0131m, dayan\u0131kl\u0131 malzemedir.\",\"breadcrumb\":{\"@id\":\"https:\/\/btektech.com\/tr\/product\/plastik-karistirma-nozulu-dinamik-karistirici-tup\/#breadcrumb\"},\"inLanguage\":\"tr\",\"potentialAction\":[{\"@type\":\"ReadAction\",\"target\":[\"https:\/\/btektech.com\/tr\/product\/plastik-karistirma-nozulu-dinamik-karistirici-tup\/\"]}]},{\"@type\":\"ImageObject\",\"inLanguage\":\"tr\",\"@id\":\"https:\/\/btektech.com\/tr\/product\/plastik-karistirma-nozulu-dinamik-karistirici-tup\/#primaryimage\",\"url\":\"https:\/\/btektech.com\/wp-content\/uploads\/2021\/08\/20211130.jpg\",\"contentUrl\":\"https:\/\/btektech.com\/wp-content\/uploads\/2021\/08\/20211130.jpg\",\"width\":1400,\"height\":1400,\"caption\":\"Plastik Kar\u0131\u015ft\u0131rma Nozulu Dinamik Kar\u0131\u015ft\u0131r\u0131c\u0131 T\u00fcp\u00fc\"},{\"@type\":\"BreadcrumbList\",\"@id\":\"https:\/\/btektech.com\/tr\/product\/plastik-karistirma-nozulu-dinamik-karistirici-tup\/#breadcrumb\",\"itemListElement\":[{\"@type\":\"ListItem\",\"position\":1,\"name\":\"Home\",\"item\":\"https:\/\/btektech.com\/tr\/home-2\/\"},{\"@type\":\"ListItem\",\"position\":2,\"name\":\"\u00dcr\u00fcnler\",\"item\":\"https:\/\/btektech.com\/tr\/shop\/\"},{\"@type\":\"ListItem\",\"position\":3,\"name\":\"Plastik Kar\u0131\u015ft\u0131rma Nozulu Dinamik Kar\u0131\u015ft\u0131r\u0131c\u0131 T\u00fcp\u00fc\"}]},{\"@type\":\"WebSite\",\"@id\":\"https:\/\/btektech.com\/#website\",\"url\":\"https:\/\/btektech.com\/\",\"name\":\"Btektech\",\"description\":\"\",\"publisher\":{\"@id\":\"https:\/\/btektech.com\/#organization\"},\"potentialAction\":[{\"@type\":\"SearchAction\",\"target\":{\"@type\":\"EntryPoint\",\"urlTemplate\":\"https:\/\/btektech.com\/?s={search_term_string}\"},\"query-input\":{\"@type\":\"PropertyValueSpecification\",\"valueRequired\":true,\"valueName\":\"search_term_string\"}}],\"inLanguage\":\"tr\"},{\"@type\":\"Organization\",\"@id\":\"https:\/\/btektech.com\/#organization\",\"name\":\"Btektech\",\"url\":\"https:\/\/btektech.com\/\",\"logo\":{\"@type\":\"ImageObject\",\"inLanguage\":\"tr\",\"@id\":\"https:\/\/btektech.com\/#\/schema\/logo\/image\/\",\"url\":\"https:\/\/btektech.com\/wp-content\/uploads\/2021\/08\/btektech-logo.png\",\"contentUrl\":\"https:\/\/btektech.com\/wp-content\/uploads\/2021\/08\/btektech-logo.png\",\"width\":250,\"height\":114,\"caption\":\"Btektech\"},\"image\":{\"@id\":\"https:\/\/btektech.com\/#\/schema\/logo\/image\/\"},\"sameAs\":[\"https:\/\/x.com\/Btektech1\",\"https:\/\/www.instagram.com\/btektech\/\",\"https:\/\/www.linkedin.com\/company\/suzhou-baotailong-electronic-materials-co-ltd\/\",\"https:\/\/www.pinterest.com\/btektech\/_saved\/\",\"https:\/\/www.youtube.com\/channel\/UCBiw4Bc4CmQDrdo-QqyVTqQ\"]}]}<\/script>\n<!-- \/ Yoast SEO plugin. -->","yoast_head_json":{"title":"Plastik Kar\u0131\u015ft\u0131rma Nozulu Dinamik Kar\u0131\u015ft\u0131r\u0131c\u0131 T\u00fcp\u00fc - Btektech","description":"RM\/RS serisi dinamik kar\u0131\u015ft\u0131rma nozulu, m\u00fc\u015fterilere uygun, d\u00fc\u015f\u00fck maliyetli bir kar\u0131\u015ft\u0131rma tutkal\u0131 ve damla perf\u00fczyon \u015femas\u0131 sa\u011flamak i\u00e7in uygun dinamik kar\u0131\u015ft\u0131rma valfiyle e\u015fle\u015fen, yerli bir kar\u0131\u015ft\u0131rma t\u00fcp\u00fc, bilimsel tasar\u0131m, dayan\u0131kl\u0131 malzemedir.","robots":{"index":"index","follow":"follow","max-snippet":"max-snippet:-1","max-image-preview":"max-image-preview:large","max-video-preview":"max-video-preview:-1"},"canonical":"https:\/\/btektech.com\/tr\/product\/plastik-karistirma-nozulu-dinamik-karistirici-tup\/","og_locale":"tr_TR","og_type":"article","og_title":"Plastik Kar\u0131\u015ft\u0131rma Nozulu Dinamik Kar\u0131\u015ft\u0131r\u0131c\u0131 T\u00fcp\u00fc - Btektech","og_description":"RM\/RS serisi dinamik kar\u0131\u015ft\u0131rma nozulu, m\u00fc\u015fterilere uygun, d\u00fc\u015f\u00fck maliyetli bir kar\u0131\u015ft\u0131rma tutkal\u0131 ve damla perf\u00fczyon \u015femas\u0131 sa\u011flamak i\u00e7in uygun dinamik kar\u0131\u015ft\u0131rma valfiyle e\u015fle\u015fen, yerli bir kar\u0131\u015ft\u0131rma t\u00fcp\u00fc, bilimsel tasar\u0131m, dayan\u0131kl\u0131 malzemedir.","og_url":"https:\/\/btektech.com\/tr\/product\/plastik-karistirma-nozulu-dinamik-karistirici-tup\/","og_site_name":"Btektech","article_modified_time":"2022-08-02T07:29:28+00:00","og_image":[{"width":1400,"height":1400,"url":"https:\/\/btektech.com\/wp-content\/uploads\/2021\/08\/20211130.jpg","type":"image\/jpeg"}],"twitter_card":"summary_large_image","twitter_site":"@Btektech1","twitter_misc":{"Tahmini okuma s\u00fcresi":"1 dakika"},"schema":{"@context":"https:\/\/schema.org","@graph":[{"@type":["WebPage","ItemPage"],"@id":"https:\/\/btektech.com\/tr\/product\/plastik-karistirma-nozulu-dinamik-karistirici-tup\/","url":"https:\/\/btektech.com\/tr\/product\/plastik-karistirma-nozulu-dinamik-karistirici-tup\/","name":"Plastik Kar\u0131\u015ft\u0131rma Nozulu Dinamik Kar\u0131\u015ft\u0131r\u0131c\u0131 T\u00fcp\u00fc - Btektech","isPartOf":{"@id":"https:\/\/btektech.com\/#website"},"primaryImageOfPage":{"@id":"https:\/\/btektech.com\/tr\/product\/plastik-karistirma-nozulu-dinamik-karistirici-tup\/#primaryimage"},"image":{"@id":"https:\/\/btektech.com\/tr\/product\/plastik-karistirma-nozulu-dinamik-karistirici-tup\/#primaryimage"},"thumbnailUrl":"https:\/\/btektech.com\/wp-content\/uploads\/2021\/08\/20211130.jpg","datePublished":"2022-04-25T09:04:47+00:00","dateModified":"2022-08-02T07:29:28+00:00","description":"RM\/RS serisi dinamik kar\u0131\u015ft\u0131rma nozulu, m\u00fc\u015fterilere uygun, d\u00fc\u015f\u00fck maliyetli bir kar\u0131\u015ft\u0131rma tutkal\u0131 ve damla perf\u00fczyon \u015femas\u0131 sa\u011flamak i\u00e7in uygun dinamik kar\u0131\u015ft\u0131rma valfiyle e\u015fle\u015fen, yerli bir kar\u0131\u015ft\u0131rma t\u00fcp\u00fc, bilimsel tasar\u0131m, dayan\u0131kl\u0131 malzemedir.","breadcrumb":{"@id":"https:\/\/btektech.com\/tr\/product\/plastik-karistirma-nozulu-dinamik-karistirici-tup\/#breadcrumb"},"inLanguage":"tr","potentialAction":[{"@type":"ReadAction","target":["https:\/\/btektech.com\/tr\/product\/plastik-karistirma-nozulu-dinamik-karistirici-tup\/"]}]},{"@type":"ImageObject","inLanguage":"tr","@id":"https:\/\/btektech.com\/tr\/product\/plastik-karistirma-nozulu-dinamik-karistirici-tup\/#primaryimage","url":"https:\/\/btektech.com\/wp-content\/uploads\/2021\/08\/20211130.jpg","contentUrl":"https:\/\/btektech.com\/wp-content\/uploads\/2021\/08\/20211130.jpg","width":1400,"height":1400,"caption":"Plastik Kar\u0131\u015ft\u0131rma Nozulu Dinamik Kar\u0131\u015ft\u0131r\u0131c\u0131 T\u00fcp\u00fc"},{"@type":"BreadcrumbList","@id":"https:\/\/btektech.com\/tr\/product\/plastik-karistirma-nozulu-dinamik-karistirici-tup\/#breadcrumb","itemListElement":[{"@type":"ListItem","position":1,"name":"Home","item":"https:\/\/btektech.com\/tr\/home-2\/"},{"@type":"ListItem","position":2,"name":"\u00dcr\u00fcnler","item":"https:\/\/btektech.com\/tr\/shop\/"},{"@type":"ListItem","position":3,"name":"Plastik Kar\u0131\u015ft\u0131rma Nozulu Dinamik Kar\u0131\u015ft\u0131r\u0131c\u0131 T\u00fcp\u00fc"}]},{"@type":"WebSite","@id":"https:\/\/btektech.com\/#website","url":"https:\/\/btektech.com\/","name":"Btektech","description":"","publisher":{"@id":"https:\/\/btektech.com\/#organization"},"potentialAction":[{"@type":"SearchAction","target":{"@type":"EntryPoint","urlTemplate":"https:\/\/btektech.com\/?s={search_term_string}"},"query-input":{"@type":"PropertyValueSpecification","valueRequired":true,"valueName":"search_term_string"}}],"inLanguage":"tr"},{"@type":"Organization","@id":"https:\/\/btektech.com\/#organization","name":"Btektech","url":"https:\/\/btektech.com\/","logo":{"@type":"ImageObject","inLanguage":"tr","@id":"https:\/\/btektech.com\/#\/schema\/logo\/image\/","url":"https:\/\/btektech.com\/wp-content\/uploads\/2021\/08\/btektech-logo.png","contentUrl":"https:\/\/btektech.com\/wp-content\/uploads\/2021\/08\/btektech-logo.png","width":250,"height":114,"caption":"Btektech"},"image":{"@id":"https:\/\/btektech.com\/#\/schema\/logo\/image\/"},"sameAs":["https:\/\/x.com\/Btektech1","https:\/\/www.instagram.com\/btektech\/","https:\/\/www.linkedin.com\/company\/suzhou-baotailong-electronic-materials-co-ltd\/","https:\/\/www.pinterest.com\/btektech\/_saved\/","https:\/\/www.youtube.com\/channel\/UCBiw4Bc4CmQDrdo-QqyVTqQ"]}]}},"_links":{"self":[{"href":"https:\/\/btektech.com\/tr\/wp-json\/wp\/v2\/product\/5352","targetHints":{"allow":["GET"]}}],"collection":[{"href":"https:\/\/btektech.com\/tr\/wp-json\/wp\/v2\/product"}],"about":[{"href":"https:\/\/btektech.com\/tr\/wp-json\/wp\/v2\/types\/product"}],"replies":[{"embeddable":true,"href":"https:\/\/btektech.com\/tr\/wp-json\/wp\/v2\/comments?post=5352"}],"version-history":[{"count":0,"href":"https:\/\/btektech.com\/tr\/wp-json\/wp\/v2\/product\/5352\/revisions"}],"wp:featuredmedia":[{"embeddable":true,"href":"https:\/\/btektech.com\/tr\/wp-json\/wp\/v2\/media\/4318"}],"wp:attachment":[{"href":"https:\/\/btektech.com\/tr\/wp-json\/wp\/v2\/media?parent=5352"}],"wp:term":[{"taxonomy":"product_brand","embeddable":true,"href":"https:\/\/btektech.com\/tr\/wp-json\/wp\/v2\/product_brand?post=5352"},{"taxonomy":"product_cat","embeddable":true,"href":"https:\/\/btektech.com\/tr\/wp-json\/wp\/v2\/product_cat?post=5352"},{"taxonomy":"product_tag","embeddable":true,"href":"https:\/\/btektech.com\/tr\/wp-json\/wp\/v2\/product_tag?post=5352"}],"curies":[{"name":"wp","href":"https:\/\/api.w.org\/{rel}","templated":true}]}}