{"id":5351,"date":"2021-09-06T07:34:00","date_gmt":"2022-04-25T09:04:47","guid":{"rendered":"https:\/\/btektech.com\/product\/bell-mouth-tek-kullanimlik-plastik-karistirma-nozulu\/"},"modified":"2022-08-02T07:06:00","modified_gmt":"2022-08-02T07:06:00","slug":"bell-mouth-tek-kullanimlik-plastik-karistirma-nozulu","status":"publish","type":"product","link":"https:\/\/btektech.com\/tr\/product\/bell-mouth-tek-kullanimlik-plastik-karistirma-nozulu\/","title":{"rendered":"Bell Mouth Tek Kullan\u0131ml\u0131k Plastik Kar\u0131\u015ft\u0131rma Nozulu"},"content":{"rendered":"<p>\u00c7an a\u011f\u0131zl\u0131 kar\u0131\u015ft\u0131rma noz\u00fcl\u00fcn\u00fcn aray\u00fcz \u00e7ap\u0131, end\u00fcstrinin birle\u015fik standard\u0131 olan 16.7 mm&#8217;dir. Genellikle tutkal dolum makinelerinin y\u00fcksek bas\u0131n\u00e7l\u0131 \u00e7al\u0131\u015fmas\u0131 i\u00e7in kullan\u0131l\u0131r. Y\u00fcksek viskoziteli tutkal kar\u0131\u015ft\u0131rma i\u00e7in kullan\u0131l\u0131yorsa, g\u00fcvenli \u00e7al\u0131\u015fma ve kar\u0131\u015ft\u0131rma kalitesi sa\u011flamak i\u00e7in l\u00fctfen bir metal kaplama ekleyin.<\/p>\n<p>M\u00fc\u015fteriler, iki bile\u015fenli s\u0131v\u0131 malzemelerin kar\u0131\u015ft\u0131rma etkisini daha iyi iyile\u015ftirmek i\u00e7in iki bile\u015fenli yap\u0131\u015ft\u0131r\u0131c\u0131n\u0131n kar\u0131\u015ft\u0131rma \u00f6zelliklerine g\u00f6re farkl\u0131 i\u00e7 \u00e7ap ve uzunluk \u00f6zelliklerine sahip \u00fcr\u00fcnler se\u00e7ebilirler.<\/p>\n<div style=\"overflow: auto;\">\n<table style=\"text-align: center;\">\n<tbody>\n<tr>\n<th>Numara. <\/th>\n<th>Par\u00e7a No. <\/th>\n<th>Elementler <\/th>\n<th>kimlik(mm) <\/th>\n<th>L (mm) <\/th>\n<th>OD(mm) <\/th>\n<th>bir (mm) <\/th>\n<th>\u0130\u00e7 \u00e7ekirdek rengi <\/th>\n<\/tr>\n<tr>\n<td>B5<\/td>\n<td>PMC05-18<\/td>\n<td>18<\/td>\n<td>5<\/td>\n<td>120<\/td>\n<td>8<\/td>\n<td>1.5<\/td>\n<td>Beyaz\/Sar\u0131\/Mavi<\/td>\n<\/tr>\n<tr>\n<td>B6<\/td>\n<td>PMC05-24<\/td>\n<td>24<\/td>\n<td>5<\/td>\n<td>149<\/td>\n<td>8<\/td>\n<td>1.5<\/td>\n<td>Beyaz\/Sar\u0131\/Mavi<\/td>\n<\/tr>\n<tr>\n<td>B7<\/td>\n<td>PMS05-32<\/td>\n<td>32<\/td>\n<td>5<\/td>\n<td>188<\/td>\n<td>8<\/td>\n<td>1.5<\/td>\n<td>Beyaz\/Sar\u0131\/Mavi<\/td>\n<\/tr>\n<tr>\n<td>B8<\/td>\n<td>PMC06-18<\/td>\n<td>18<\/td>\n<td>6.3<\/td>\n<td>148<\/td>\n<td>10<\/td>\n<td>1.9<\/td>\n<td>Beyaz<\/td>\n<\/tr>\n<tr>\n<td>B9<\/td>\n<td>PMC06-24L<\/td>\n<td>24<\/td>\n<td>6.3<\/td>\n<td>185<\/td>\n<td>10<\/td>\n<td>2<\/td>\n<td>Beyaz<\/td>\n<\/tr>\n<tr>\n<td>B10<\/td>\n<td>PMS06-32<\/td>\n<td>32<\/td>\n<td>6.3<\/td>\n<td>234<\/td>\n<td>10<\/td>\n<td>1.9<\/td>\n<td>Beyaz sar\u0131<\/td>\n<\/tr>\n<tr>\n<td>B11<\/td>\n<td>PMC08-18<\/td>\n<td>18<\/td>\n<td>8<\/td>\n<td>175<\/td>\n<td>12<\/td>\n<td>2.4<\/td>\n<td>Beyaz<\/td>\n<\/tr>\n<tr>\n<td>B12<\/td>\n<td>PMC08-24<\/td>\n<td>24<\/td>\n<td>8<\/td>\n<td>223<\/td>\n<td>12<\/td>\n<td>2.4<\/td>\n<td>Beyaz\/Sar\u0131\/Mavi<\/td>\n<\/tr>\n<tr>\n<td>B13<\/td>\n<td>PMC08-32<\/td>\n<td>32<\/td>\n<td>8<\/td>\n<td>287<\/td>\n<td>12<\/td>\n<td>2.4<\/td>\n<td>Beyaz\/Sar\u0131\/Mavi<\/td>\n<\/tr>\n<tr>\n<td>B14<\/td>\n<td>PMC10-12<\/td>\n<td>12<\/td>\n<td>10<\/td>\n<td>156<\/td>\n<td>14<\/td>\n<td>3<\/td>\n<td>Beyaz<\/td>\n<\/tr>\n<tr>\n<td>B15<\/td>\n<td>PMC10-18<\/td>\n<td>18<\/td>\n<td>10<\/td>\n<td>215<\/td>\n<td>14<\/td>\n<td>3<\/td>\n<td>Beyaz<\/td>\n<\/tr>\n<tr>\n<td>B16<\/td>\n<td>PMC10-24<\/td>\n<td>24<\/td>\n<td>10<\/td>\n<td>276<\/td>\n<td>14<\/td>\n<td>3<\/td>\n<td>Beyaz sar\u0131<\/td>\n<\/tr>\n<tr>\n<td>B17<\/td>\n<td>PMS10-32<\/td>\n<td>32<\/td>\n<td>10<\/td>\n<td>352<\/td>\n<td>14<\/td>\n<td>3<\/td>\n<td>Beyaz\/Sar\u0131\/Mavi<\/td>\n<\/tr>\n<tr>\n<td>B18<\/td>\n<td>PMS13-18<\/td>\n<td>18<\/td>\n<td>13<\/td>\n<td>223<\/td>\n<td>17<\/td>\n<td>4<\/td>\n<td>Beyaz<\/td>\n<\/tr>\n<tr>\n<td>B19<\/td>\n<td>PMS13-24<\/td>\n<td>24<\/td>\n<td>13<\/td>\n<td>293<\/td>\n<td>17<\/td>\n<td>4<\/td>\n<td>Beyaz sar\u0131<\/td>\n<\/tr>\n<tr>\n<td>B20<\/td>\n<td>PMS13-32<\/td>\n<td>32<\/td>\n<td>13<\/td>\n<td>379<\/td>\n<td>17<\/td>\n<td>4<\/td>\n<td>Beyaz sar\u0131<\/td>\n<\/tr>\n<tr>\n<td>B21<\/td>\n<td>PMS13-36<\/td>\n<td>36<\/td>\n<td>13<\/td>\n<td>423<\/td>\n<td>17<\/td>\n<td>4<\/td>\n<td>Beyaz sar\u0131<\/td>\n<\/tr>\n<tr>\n<td>B22<\/td>\n<td>PMC09-24<\/td>\n<td>24<\/td>\n<td>9<\/td>\n<td>231<\/td>\n<td>12.7<\/td>\n<td>3<\/td>\n<td>Beyaz<\/td>\n<\/tr>\n<\/tbody>\n<\/table>\n<\/div>\n","protected":false},"excerpt":{"rendered":"<p>200ml ve 400mlAB tutkal tabancalar\u0131 i\u00e7in \u00f6zel olarak tasarlanm\u0131\u015f \u00e7an a\u011f\u0131zl\u0131 kar\u0131\u015ft\u0131rma nozulu. Aray\u00fcz uygunsa, \u00fcr\u00fcn herhangi bir iki bile\u015fenli s\u0131v\u0131 kar\u0131\u015ft\u0131rma makinesinde de kullan\u0131labilir.<\/p>\n","protected":false},"featured_media":1849,"comment_status":"open","ping_status":"closed","template":"","meta":{"_acf_changed":false},"product_brand":[],"product_cat":[159,160],"product_tag":[],"class_list":{"0":"post-5351","1":"product","2":"type-product","3":"status-publish","4":"has-post-thumbnail","6":"product_cat-karistirma-nozullari","7":"product_cat-statik-karistirma-nozullari","9":"first","10":"instock","11":"shipping-taxable","12":"product-type-simple"},"acf":[],"yoast_head":"<!-- This site is optimized with the Yoast SEO plugin v26.0 - https:\/\/yoast.com\/wordpress\/plugins\/seo\/ -->\n<title>Bell Mouth Tek Kullan\u0131ml\u0131k Plastik Kar\u0131\u015ft\u0131rma Nozulu<\/title>\n<meta name=\"description\" content=\"200ml ve 400mlAB tutkal tabancalar\u0131 i\u00e7in \u00f6zel olarak tasarlanm\u0131\u015f \u00e7an a\u011f\u0131zl\u0131 kar\u0131\u015ft\u0131rma nozulu. Aray\u00fcz uygunsa, \u00fcr\u00fcn herhangi bir iki bile\u015fenli s\u0131v\u0131 kar\u0131\u015ft\u0131rma makinesinde de kullan\u0131labilir.\" \/>\n<meta name=\"robots\" content=\"index, follow, max-snippet:-1, max-image-preview:large, max-video-preview:-1\" \/>\n<link rel=\"canonical\" href=\"https:\/\/btektech.com\/tr\/product\/bell-mouth-tek-kullanimlik-plastik-karistirma-nozulu\/\" \/>\n<meta property=\"og:locale\" content=\"tr_TR\" \/>\n<meta property=\"og:type\" content=\"article\" \/>\n<meta property=\"og:title\" content=\"Bell Mouth Tek Kullan\u0131ml\u0131k Plastik Kar\u0131\u015ft\u0131rma Nozulu\" \/>\n<meta property=\"og:description\" content=\"200ml ve 400mlAB tutkal tabancalar\u0131 i\u00e7in \u00f6zel olarak tasarlanm\u0131\u015f \u00e7an a\u011f\u0131zl\u0131 kar\u0131\u015ft\u0131rma nozulu. Aray\u00fcz uygunsa, \u00fcr\u00fcn herhangi bir iki bile\u015fenli s\u0131v\u0131 kar\u0131\u015ft\u0131rma makinesinde de kullan\u0131labilir.\" \/>\n<meta property=\"og:url\" content=\"https:\/\/btektech.com\/tr\/product\/bell-mouth-tek-kullanimlik-plastik-karistirma-nozulu\/\" \/>\n<meta property=\"og:site_name\" content=\"Btektech\" \/>\n<meta property=\"article:modified_time\" content=\"2022-08-02T07:06:00+00:00\" \/>\n<meta property=\"og:image\" content=\"https:\/\/btektech.com\/wp-content\/uploads\/2021\/09\/10-40b.jpg\" \/>\n\t<meta property=\"og:image:width\" content=\"1000\" \/>\n\t<meta property=\"og:image:height\" content=\"1000\" \/>\n\t<meta property=\"og:image:type\" content=\"image\/jpeg\" \/>\n<meta name=\"twitter:card\" content=\"summary_large_image\" \/>\n<meta name=\"twitter:site\" content=\"@Btektech1\" \/>\n<meta name=\"twitter:label1\" content=\"Tahmini okuma s\u00fcresi\" \/>\n\t<meta name=\"twitter:data1\" content=\"1 dakika\" \/>\n<script type=\"application\/ld+json\" class=\"yoast-schema-graph\">{\"@context\":\"https:\/\/schema.org\",\"@graph\":[{\"@type\":[\"WebPage\",\"ItemPage\"],\"@id\":\"https:\/\/btektech.com\/tr\/product\/bell-mouth-tek-kullanimlik-plastik-karistirma-nozulu\/\",\"url\":\"https:\/\/btektech.com\/tr\/product\/bell-mouth-tek-kullanimlik-plastik-karistirma-nozulu\/\",\"name\":\"Bell Mouth Tek Kullan\u0131ml\u0131k Plastik Kar\u0131\u015ft\u0131rma Nozulu\",\"isPartOf\":{\"@id\":\"https:\/\/btektech.com\/#website\"},\"primaryImageOfPage\":{\"@id\":\"https:\/\/btektech.com\/tr\/product\/bell-mouth-tek-kullanimlik-plastik-karistirma-nozulu\/#primaryimage\"},\"image\":{\"@id\":\"https:\/\/btektech.com\/tr\/product\/bell-mouth-tek-kullanimlik-plastik-karistirma-nozulu\/#primaryimage\"},\"thumbnailUrl\":\"https:\/\/btektech.com\/wp-content\/uploads\/2021\/09\/10-40b.jpg\",\"datePublished\":\"2022-04-25T09:04:47+00:00\",\"dateModified\":\"2022-08-02T07:06:00+00:00\",\"description\":\"200ml ve 400mlAB tutkal tabancalar\u0131 i\u00e7in \u00f6zel olarak tasarlanm\u0131\u015f \u00e7an a\u011f\u0131zl\u0131 kar\u0131\u015ft\u0131rma nozulu. Aray\u00fcz uygunsa, \u00fcr\u00fcn herhangi bir iki bile\u015fenli s\u0131v\u0131 kar\u0131\u015ft\u0131rma makinesinde de kullan\u0131labilir.\",\"breadcrumb\":{\"@id\":\"https:\/\/btektech.com\/tr\/product\/bell-mouth-tek-kullanimlik-plastik-karistirma-nozulu\/#breadcrumb\"},\"inLanguage\":\"tr\",\"potentialAction\":[{\"@type\":\"ReadAction\",\"target\":[\"https:\/\/btektech.com\/tr\/product\/bell-mouth-tek-kullanimlik-plastik-karistirma-nozulu\/\"]}]},{\"@type\":\"ImageObject\",\"inLanguage\":\"tr\",\"@id\":\"https:\/\/btektech.com\/tr\/product\/bell-mouth-tek-kullanimlik-plastik-karistirma-nozulu\/#primaryimage\",\"url\":\"https:\/\/btektech.com\/wp-content\/uploads\/2021\/09\/10-40b.jpg\",\"contentUrl\":\"https:\/\/btektech.com\/wp-content\/uploads\/2021\/09\/10-40b.jpg\",\"width\":1000,\"height\":1000,\"caption\":\"Glockenmundst\u00fcck Einweg-Mischd\u00fcse aus Kunststoff\"},{\"@type\":\"BreadcrumbList\",\"@id\":\"https:\/\/btektech.com\/tr\/product\/bell-mouth-tek-kullanimlik-plastik-karistirma-nozulu\/#breadcrumb\",\"itemListElement\":[{\"@type\":\"ListItem\",\"position\":1,\"name\":\"Home\",\"item\":\"https:\/\/btektech.com\/tr\/\"},{\"@type\":\"ListItem\",\"position\":2,\"name\":\"\u00dcr\u00fcnler\",\"item\":\"https:\/\/btektech.com\/tr\/shop\/\"},{\"@type\":\"ListItem\",\"position\":3,\"name\":\"Epoxy Mixing Nozzles\",\"item\":\"https:\/\/btektech.com\/product-category\/epoxy-mixing-nozzles\/\"},{\"@type\":\"ListItem\",\"position\":4,\"name\":\"Bell Mouth Tek Kullan\u0131ml\u0131k Plastik Kar\u0131\u015ft\u0131rma Nozulu\"}]},{\"@type\":\"WebSite\",\"@id\":\"https:\/\/btektech.com\/#website\",\"url\":\"https:\/\/btektech.com\/\",\"name\":\"Btektech\",\"description\":\"\",\"publisher\":{\"@id\":\"https:\/\/btektech.com\/#organization\"},\"potentialAction\":[{\"@type\":\"SearchAction\",\"target\":{\"@type\":\"EntryPoint\",\"urlTemplate\":\"https:\/\/btektech.com\/?s={search_term_string}\"},\"query-input\":{\"@type\":\"PropertyValueSpecification\",\"valueRequired\":true,\"valueName\":\"search_term_string\"}}],\"inLanguage\":\"tr\"},{\"@type\":\"Organization\",\"@id\":\"https:\/\/btektech.com\/#organization\",\"name\":\"Btektech\",\"url\":\"https:\/\/btektech.com\/\",\"logo\":{\"@type\":\"ImageObject\",\"inLanguage\":\"tr\",\"@id\":\"https:\/\/btektech.com\/#\/schema\/logo\/image\/\",\"url\":\"https:\/\/btektech.com\/wp-content\/uploads\/2021\/08\/btektech-logo.png\",\"contentUrl\":\"https:\/\/btektech.com\/wp-content\/uploads\/2021\/08\/btektech-logo.png\",\"width\":250,\"height\":114,\"caption\":\"Btektech\"},\"image\":{\"@id\":\"https:\/\/btektech.com\/#\/schema\/logo\/image\/\"},\"sameAs\":[\"https:\/\/x.com\/Btektech1\",\"https:\/\/www.instagram.com\/btektech\/\",\"https:\/\/www.linkedin.com\/company\/suzhou-baotailong-electronic-materials-co-ltd\/\",\"https:\/\/www.pinterest.com\/btektech\/_saved\/\",\"https:\/\/www.youtube.com\/channel\/UCBiw4Bc4CmQDrdo-QqyVTqQ\"]}]}<\/script>\n<!-- \/ Yoast SEO plugin. -->","yoast_head_json":{"title":"Bell Mouth Tek Kullan\u0131ml\u0131k Plastik Kar\u0131\u015ft\u0131rma Nozulu","description":"200ml ve 400mlAB tutkal tabancalar\u0131 i\u00e7in \u00f6zel olarak tasarlanm\u0131\u015f \u00e7an a\u011f\u0131zl\u0131 kar\u0131\u015ft\u0131rma nozulu. Aray\u00fcz uygunsa, \u00fcr\u00fcn herhangi bir iki bile\u015fenli s\u0131v\u0131 kar\u0131\u015ft\u0131rma makinesinde de kullan\u0131labilir.","robots":{"index":"index","follow":"follow","max-snippet":"max-snippet:-1","max-image-preview":"max-image-preview:large","max-video-preview":"max-video-preview:-1"},"canonical":"https:\/\/btektech.com\/tr\/product\/bell-mouth-tek-kullanimlik-plastik-karistirma-nozulu\/","og_locale":"tr_TR","og_type":"article","og_title":"Bell Mouth Tek Kullan\u0131ml\u0131k Plastik Kar\u0131\u015ft\u0131rma Nozulu","og_description":"200ml ve 400mlAB tutkal tabancalar\u0131 i\u00e7in \u00f6zel olarak tasarlanm\u0131\u015f \u00e7an a\u011f\u0131zl\u0131 kar\u0131\u015ft\u0131rma nozulu. Aray\u00fcz uygunsa, \u00fcr\u00fcn herhangi bir iki bile\u015fenli s\u0131v\u0131 kar\u0131\u015ft\u0131rma makinesinde de kullan\u0131labilir.","og_url":"https:\/\/btektech.com\/tr\/product\/bell-mouth-tek-kullanimlik-plastik-karistirma-nozulu\/","og_site_name":"Btektech","article_modified_time":"2022-08-02T07:06:00+00:00","og_image":[{"width":1000,"height":1000,"url":"https:\/\/btektech.com\/wp-content\/uploads\/2021\/09\/10-40b.jpg","type":"image\/jpeg"}],"twitter_card":"summary_large_image","twitter_site":"@Btektech1","twitter_misc":{"Tahmini okuma s\u00fcresi":"1 dakika"},"schema":{"@context":"https:\/\/schema.org","@graph":[{"@type":["WebPage","ItemPage"],"@id":"https:\/\/btektech.com\/tr\/product\/bell-mouth-tek-kullanimlik-plastik-karistirma-nozulu\/","url":"https:\/\/btektech.com\/tr\/product\/bell-mouth-tek-kullanimlik-plastik-karistirma-nozulu\/","name":"Bell Mouth Tek Kullan\u0131ml\u0131k Plastik Kar\u0131\u015ft\u0131rma Nozulu","isPartOf":{"@id":"https:\/\/btektech.com\/#website"},"primaryImageOfPage":{"@id":"https:\/\/btektech.com\/tr\/product\/bell-mouth-tek-kullanimlik-plastik-karistirma-nozulu\/#primaryimage"},"image":{"@id":"https:\/\/btektech.com\/tr\/product\/bell-mouth-tek-kullanimlik-plastik-karistirma-nozulu\/#primaryimage"},"thumbnailUrl":"https:\/\/btektech.com\/wp-content\/uploads\/2021\/09\/10-40b.jpg","datePublished":"2022-04-25T09:04:47+00:00","dateModified":"2022-08-02T07:06:00+00:00","description":"200ml ve 400mlAB tutkal tabancalar\u0131 i\u00e7in \u00f6zel olarak tasarlanm\u0131\u015f \u00e7an a\u011f\u0131zl\u0131 kar\u0131\u015ft\u0131rma nozulu. Aray\u00fcz uygunsa, \u00fcr\u00fcn herhangi bir iki bile\u015fenli s\u0131v\u0131 kar\u0131\u015ft\u0131rma makinesinde de kullan\u0131labilir.","breadcrumb":{"@id":"https:\/\/btektech.com\/tr\/product\/bell-mouth-tek-kullanimlik-plastik-karistirma-nozulu\/#breadcrumb"},"inLanguage":"tr","potentialAction":[{"@type":"ReadAction","target":["https:\/\/btektech.com\/tr\/product\/bell-mouth-tek-kullanimlik-plastik-karistirma-nozulu\/"]}]},{"@type":"ImageObject","inLanguage":"tr","@id":"https:\/\/btektech.com\/tr\/product\/bell-mouth-tek-kullanimlik-plastik-karistirma-nozulu\/#primaryimage","url":"https:\/\/btektech.com\/wp-content\/uploads\/2021\/09\/10-40b.jpg","contentUrl":"https:\/\/btektech.com\/wp-content\/uploads\/2021\/09\/10-40b.jpg","width":1000,"height":1000,"caption":"Glockenmundst\u00fcck Einweg-Mischd\u00fcse aus Kunststoff"},{"@type":"BreadcrumbList","@id":"https:\/\/btektech.com\/tr\/product\/bell-mouth-tek-kullanimlik-plastik-karistirma-nozulu\/#breadcrumb","itemListElement":[{"@type":"ListItem","position":1,"name":"Home","item":"https:\/\/btektech.com\/tr\/"},{"@type":"ListItem","position":2,"name":"\u00dcr\u00fcnler","item":"https:\/\/btektech.com\/tr\/shop\/"},{"@type":"ListItem","position":3,"name":"Epoxy Mixing Nozzles","item":"https:\/\/btektech.com\/product-category\/epoxy-mixing-nozzles\/"},{"@type":"ListItem","position":4,"name":"Bell Mouth Tek Kullan\u0131ml\u0131k Plastik Kar\u0131\u015ft\u0131rma Nozulu"}]},{"@type":"WebSite","@id":"https:\/\/btektech.com\/#website","url":"https:\/\/btektech.com\/","name":"Btektech","description":"","publisher":{"@id":"https:\/\/btektech.com\/#organization"},"potentialAction":[{"@type":"SearchAction","target":{"@type":"EntryPoint","urlTemplate":"https:\/\/btektech.com\/?s={search_term_string}"},"query-input":{"@type":"PropertyValueSpecification","valueRequired":true,"valueName":"search_term_string"}}],"inLanguage":"tr"},{"@type":"Organization","@id":"https:\/\/btektech.com\/#organization","name":"Btektech","url":"https:\/\/btektech.com\/","logo":{"@type":"ImageObject","inLanguage":"tr","@id":"https:\/\/btektech.com\/#\/schema\/logo\/image\/","url":"https:\/\/btektech.com\/wp-content\/uploads\/2021\/08\/btektech-logo.png","contentUrl":"https:\/\/btektech.com\/wp-content\/uploads\/2021\/08\/btektech-logo.png","width":250,"height":114,"caption":"Btektech"},"image":{"@id":"https:\/\/btektech.com\/#\/schema\/logo\/image\/"},"sameAs":["https:\/\/x.com\/Btektech1","https:\/\/www.instagram.com\/btektech\/","https:\/\/www.linkedin.com\/company\/suzhou-baotailong-electronic-materials-co-ltd\/","https:\/\/www.pinterest.com\/btektech\/_saved\/","https:\/\/www.youtube.com\/channel\/UCBiw4Bc4CmQDrdo-QqyVTqQ"]}]}},"_links":{"self":[{"href":"https:\/\/btektech.com\/tr\/wp-json\/wp\/v2\/product\/5351","targetHints":{"allow":["GET"]}}],"collection":[{"href":"https:\/\/btektech.com\/tr\/wp-json\/wp\/v2\/product"}],"about":[{"href":"https:\/\/btektech.com\/tr\/wp-json\/wp\/v2\/types\/product"}],"replies":[{"embeddable":true,"href":"https:\/\/btektech.com\/tr\/wp-json\/wp\/v2\/comments?post=5351"}],"version-history":[{"count":0,"href":"https:\/\/btektech.com\/tr\/wp-json\/wp\/v2\/product\/5351\/revisions"}],"wp:featuredmedia":[{"embeddable":true,"href":"https:\/\/btektech.com\/tr\/wp-json\/wp\/v2\/media\/1849"}],"wp:attachment":[{"href":"https:\/\/btektech.com\/tr\/wp-json\/wp\/v2\/media?parent=5351"}],"wp:term":[{"taxonomy":"product_brand","embeddable":true,"href":"https:\/\/btektech.com\/tr\/wp-json\/wp\/v2\/product_brand?post=5351"},{"taxonomy":"product_cat","embeddable":true,"href":"https:\/\/btektech.com\/tr\/wp-json\/wp\/v2\/product_cat?post=5351"},{"taxonomy":"product_tag","embeddable":true,"href":"https:\/\/btektech.com\/tr\/wp-json\/wp\/v2\/product_tag?post=5351"}],"curies":[{"name":"wp","href":"https:\/\/api.w.org\/{rel}","templated":true}]}}