{"id":5350,"date":"2021-09-07T10:52:02","date_gmt":"2022-04-25T09:04:46","guid":{"rendered":"https:\/\/btektech.com\/product\/korozyona-direncli-uclar-dagitim-ignesi\/"},"modified":"2022-08-02T06:12:44","modified_gmt":"2022-08-02T06:12:44","slug":"korozyona-direncli-uclar-dagitim-ignesi","status":"publish","type":"product","link":"https:\/\/btektech.com\/tr\/product\/korozyona-direncli-uclar-dagitim-ignesi\/","title":{"rendered":"Korozyona Diren\u00e7li U\u00e7lar Da\u011f\u0131t\u0131m \u0130\u011fnesi"},"content":{"rendered":"<p>\u0130\u011fne taban\u0131n\u0131n ve i\u011fne t\u00fcp\u00fcn\u00fcn d\u00fc\u015fmemesini sa\u011flamak i\u00e7in bir g\u00f6vde \u015fekillendirme \u00fcretim modunu benimseyen P serisi da\u011f\u0131t\u0131m i\u011fnesi olarak da bilinen kare koltuk entegre PP esnek i\u011fne, korozyon direnci \u00f6zelliklerine sahiptir.<\/p>\n<div style=\"overflow: auto;\">\n<table style=\"text-align: center;\">\n<tbody>\n<tr>\n<th>\u00f6l\u00e7er<\/th>\n<th>Renk<\/th>\n<th>kimlik(mm)<\/th>\n<th>OD(mm)<\/th>\n<th>12,7 mm(1\/2&#8243;)<\/th>\n<th>25,4 mm(1&#8243;)<\/th>\n<\/tr>\n<tr>\n<td>14<\/td>\n<td>Temizlemek<\/td>\n<td>1.55<\/td>\n<td>1.84<\/td>\n<td>CRT 14050<\/td>\n<td>CRT 14100<\/td>\n<\/tr>\n<tr>\n<td>15<\/td>\n<td>Temizlemek<\/td>\n<td>1.2<\/td>\n<td>1.64<\/td>\n<td>CRT 15050<\/td>\n<td>CRT 15100<\/td>\n<\/tr>\n<tr>\n<td>18<\/td>\n<td>K\u0131rm\u0131z\u0131<\/td>\n<td>0.84<\/td>\n<td>1.28<\/td>\n<td>CRT 18050<\/td>\n<td>CRT 18100<\/td>\n<\/tr>\n<tr>\n<td>20<\/td>\n<td>Sar\u0131<\/td>\n<td>0.6<\/td>\n<td>1.05<\/td>\n<td>CRT 200550<\/td>\n<td>CRT 201000<\/td>\n<\/tr>\n<tr>\n<td>22<\/td>\n<td>Temizlemek<\/td>\n<td>0.4<\/td>\n<td>0.9<\/td>\n<td>CRT 22050<\/td>\n<td>CRT 22100<\/td>\n<\/tr>\n<tr>\n<td>25<\/td>\n<td>Temizlemek<\/td>\n<td>0.3<\/td>\n<td>0.8<\/td>\n<td>CRT 25050<\/td>\n<td>CRT 25100<\/td>\n<\/tr>\n<\/tbody>\n<\/table>\n<\/div>\n","protected":false},"excerpt":{"rendered":"<p>Entegre korozyona dayan\u0131kl\u0131 i\u011fne, iyi bir esnekli\u011fe sahiptir ve \u00f6zellikle \u00fcr\u00fcn y\u00fczeyindeki \u00e7izikleri \u00f6nlemek i\u00e7in karma\u015f\u0131k \u00e7al\u0131\u015fma y\u00fczeylerine geni\u015fletilmesi kolayd\u0131r.<\/p>\n","protected":false},"featured_media":2061,"comment_status":"open","ping_status":"closed","template":"","meta":{"_acf_changed":false},"product_brand":[],"product_cat":[269],"product_tag":[],"class_list":{"0":"post-5350","1":"product","2":"type-product","3":"status-publish","4":"has-post-thumbnail","6":"product_cat-uncategorized-tr","8":"first","9":"instock","10":"shipping-taxable","11":"purchasable","12":"product-type-simple"},"acf":[],"yoast_head":"<!-- This site is optimized with the Yoast SEO plugin v26.0 - https:\/\/yoast.com\/wordpress\/plugins\/seo\/ -->\n<title>Korozyona Diren\u00e7li U\u00e7lar Da\u011f\u0131t\u0131m \u0130\u011fnesi - Btektech<\/title>\n<meta name=\"description\" content=\"Korozyona Diren\u00e7li U\u00e7lar Da\u011f\u0131t\u0131m \u0130\u011fnesi bilinen kare koltuk entegre PP esnek i\u011fne, korozyon direnci \u00f6zelliklerine sahiptir.\" \/>\n<meta name=\"robots\" content=\"index, follow, max-snippet:-1, max-image-preview:large, max-video-preview:-1\" \/>\n<link rel=\"canonical\" href=\"https:\/\/btektech.com\/tr\/product\/korozyona-direncli-uclar-dagitim-ignesi\/\" \/>\n<meta property=\"og:locale\" content=\"tr_TR\" \/>\n<meta property=\"og:type\" content=\"article\" \/>\n<meta property=\"og:title\" content=\"Korozyona Diren\u00e7li U\u00e7lar Da\u011f\u0131t\u0131m \u0130\u011fnesi - Btektech\" \/>\n<meta property=\"og:description\" content=\"Korozyona Diren\u00e7li U\u00e7lar Da\u011f\u0131t\u0131m \u0130\u011fnesi bilinen kare koltuk entegre PP esnek i\u011fne, korozyon direnci \u00f6zelliklerine sahiptir.\" \/>\n<meta property=\"og:url\" content=\"https:\/\/btektech.com\/tr\/product\/korozyona-direncli-uclar-dagitim-ignesi\/\" \/>\n<meta property=\"og:site_name\" content=\"Btektech\" \/>\n<meta property=\"article:modified_time\" content=\"2022-08-02T06:12:44+00:00\" \/>\n<meta property=\"og:image\" content=\"https:\/\/btektech.com\/wp-content\/uploads\/2021\/09\/\u4e00\u4f53\u94882a.jpg\" \/>\n\t<meta property=\"og:image:width\" content=\"1000\" \/>\n\t<meta property=\"og:image:height\" content=\"1000\" \/>\n\t<meta property=\"og:image:type\" content=\"image\/jpeg\" \/>\n<meta name=\"twitter:card\" content=\"summary_large_image\" \/>\n<meta name=\"twitter:site\" content=\"@Btektech1\" \/>\n<script type=\"application\/ld+json\" class=\"yoast-schema-graph\">{\"@context\":\"https:\/\/schema.org\",\"@graph\":[{\"@type\":[\"WebPage\",\"ItemPage\"],\"@id\":\"https:\/\/btektech.com\/tr\/product\/korozyona-direncli-uclar-dagitim-ignesi\/\",\"url\":\"https:\/\/btektech.com\/tr\/product\/korozyona-direncli-uclar-dagitim-ignesi\/\",\"name\":\"Korozyona Diren\u00e7li U\u00e7lar Da\u011f\u0131t\u0131m \u0130\u011fnesi - Btektech\",\"isPartOf\":{\"@id\":\"https:\/\/btektech.com\/#website\"},\"primaryImageOfPage\":{\"@id\":\"https:\/\/btektech.com\/tr\/product\/korozyona-direncli-uclar-dagitim-ignesi\/#primaryimage\"},\"image\":{\"@id\":\"https:\/\/btektech.com\/tr\/product\/korozyona-direncli-uclar-dagitim-ignesi\/#primaryimage\"},\"thumbnailUrl\":\"https:\/\/btektech.com\/wp-content\/uploads\/2021\/09\/\u4e00\u4f53\u94882a.jpg\",\"datePublished\":\"2022-04-25T09:04:46+00:00\",\"dateModified\":\"2022-08-02T06:12:44+00:00\",\"description\":\"Korozyona Diren\u00e7li U\u00e7lar Da\u011f\u0131t\u0131m \u0130\u011fnesi bilinen kare koltuk entegre PP esnek i\u011fne, korozyon direnci \u00f6zelliklerine sahiptir.\",\"breadcrumb\":{\"@id\":\"https:\/\/btektech.com\/tr\/product\/korozyona-direncli-uclar-dagitim-ignesi\/#breadcrumb\"},\"inLanguage\":\"tr\",\"potentialAction\":[{\"@type\":\"ReadAction\",\"target\":[\"https:\/\/btektech.com\/tr\/product\/korozyona-direncli-uclar-dagitim-ignesi\/\"]}]},{\"@type\":\"ImageObject\",\"inLanguage\":\"tr\",\"@id\":\"https:\/\/btektech.com\/tr\/product\/korozyona-direncli-uclar-dagitim-ignesi\/#primaryimage\",\"url\":\"https:\/\/btektech.com\/wp-content\/uploads\/2021\/09\/\u4e00\u4f53\u94882a.jpg\",\"contentUrl\":\"https:\/\/btektech.com\/wp-content\/uploads\/2021\/09\/\u4e00\u4f53\u94882a.jpg\",\"width\":1000,\"height\":1000,\"caption\":\"Korozyona Diren\u00e7li U\u00e7lar Da\u011f\u0131t\u0131m \u0130\u011fnesi\"},{\"@type\":\"BreadcrumbList\",\"@id\":\"https:\/\/btektech.com\/tr\/product\/korozyona-direncli-uclar-dagitim-ignesi\/#breadcrumb\",\"itemListElement\":[{\"@type\":\"ListItem\",\"position\":1,\"name\":\"Home\",\"item\":\"https:\/\/btektech.com\/tr\/home-2\/\"},{\"@type\":\"ListItem\",\"position\":2,\"name\":\"\u00dcr\u00fcnler\",\"item\":\"https:\/\/btektech.com\/tr\/shop\/\"},{\"@type\":\"ListItem\",\"position\":3,\"name\":\"Dispensing Tips\",\"item\":\"https:\/\/btektech.com\/product-category\/dispensing-tips\/\"},{\"@type\":\"ListItem\",\"position\":4,\"name\":\"Korozyona Diren\u00e7li U\u00e7lar Da\u011f\u0131t\u0131m \u0130\u011fnesi\"}]},{\"@type\":\"WebSite\",\"@id\":\"https:\/\/btektech.com\/#website\",\"url\":\"https:\/\/btektech.com\/\",\"name\":\"Btektech\",\"description\":\"\",\"publisher\":{\"@id\":\"https:\/\/btektech.com\/#organization\"},\"potentialAction\":[{\"@type\":\"SearchAction\",\"target\":{\"@type\":\"EntryPoint\",\"urlTemplate\":\"https:\/\/btektech.com\/?s={search_term_string}\"},\"query-input\":{\"@type\":\"PropertyValueSpecification\",\"valueRequired\":true,\"valueName\":\"search_term_string\"}}],\"inLanguage\":\"tr\"},{\"@type\":\"Organization\",\"@id\":\"https:\/\/btektech.com\/#organization\",\"name\":\"Btektech\",\"url\":\"https:\/\/btektech.com\/\",\"logo\":{\"@type\":\"ImageObject\",\"inLanguage\":\"tr\",\"@id\":\"https:\/\/btektech.com\/#\/schema\/logo\/image\/\",\"url\":\"https:\/\/btektech.com\/wp-content\/uploads\/2021\/08\/btektech-logo.png\",\"contentUrl\":\"https:\/\/btektech.com\/wp-content\/uploads\/2021\/08\/btektech-logo.png\",\"width\":250,\"height\":114,\"caption\":\"Btektech\"},\"image\":{\"@id\":\"https:\/\/btektech.com\/#\/schema\/logo\/image\/\"},\"sameAs\":[\"https:\/\/x.com\/Btektech1\",\"https:\/\/www.instagram.com\/btektech\/\",\"https:\/\/www.linkedin.com\/company\/suzhou-baotailong-electronic-materials-co-ltd\/\",\"https:\/\/www.pinterest.com\/btektech\/_saved\/\",\"https:\/\/www.youtube.com\/channel\/UCBiw4Bc4CmQDrdo-QqyVTqQ\"]}]}<\/script>\n<!-- \/ Yoast SEO plugin. -->","yoast_head_json":{"title":"Korozyona Diren\u00e7li U\u00e7lar Da\u011f\u0131t\u0131m \u0130\u011fnesi - Btektech","description":"Korozyona Diren\u00e7li U\u00e7lar Da\u011f\u0131t\u0131m \u0130\u011fnesi bilinen kare koltuk entegre PP esnek i\u011fne, korozyon direnci \u00f6zelliklerine sahiptir.","robots":{"index":"index","follow":"follow","max-snippet":"max-snippet:-1","max-image-preview":"max-image-preview:large","max-video-preview":"max-video-preview:-1"},"canonical":"https:\/\/btektech.com\/tr\/product\/korozyona-direncli-uclar-dagitim-ignesi\/","og_locale":"tr_TR","og_type":"article","og_title":"Korozyona Diren\u00e7li U\u00e7lar Da\u011f\u0131t\u0131m \u0130\u011fnesi - Btektech","og_description":"Korozyona Diren\u00e7li U\u00e7lar Da\u011f\u0131t\u0131m \u0130\u011fnesi bilinen kare koltuk entegre PP esnek i\u011fne, korozyon direnci \u00f6zelliklerine sahiptir.","og_url":"https:\/\/btektech.com\/tr\/product\/korozyona-direncli-uclar-dagitim-ignesi\/","og_site_name":"Btektech","article_modified_time":"2022-08-02T06:12:44+00:00","og_image":[{"width":1000,"height":1000,"url":"https:\/\/btektech.com\/wp-content\/uploads\/2021\/09\/\u4e00\u4f53\u94882a.jpg","type":"image\/jpeg"}],"twitter_card":"summary_large_image","twitter_site":"@Btektech1","schema":{"@context":"https:\/\/schema.org","@graph":[{"@type":["WebPage","ItemPage"],"@id":"https:\/\/btektech.com\/tr\/product\/korozyona-direncli-uclar-dagitim-ignesi\/","url":"https:\/\/btektech.com\/tr\/product\/korozyona-direncli-uclar-dagitim-ignesi\/","name":"Korozyona Diren\u00e7li U\u00e7lar Da\u011f\u0131t\u0131m \u0130\u011fnesi - Btektech","isPartOf":{"@id":"https:\/\/btektech.com\/#website"},"primaryImageOfPage":{"@id":"https:\/\/btektech.com\/tr\/product\/korozyona-direncli-uclar-dagitim-ignesi\/#primaryimage"},"image":{"@id":"https:\/\/btektech.com\/tr\/product\/korozyona-direncli-uclar-dagitim-ignesi\/#primaryimage"},"thumbnailUrl":"https:\/\/btektech.com\/wp-content\/uploads\/2021\/09\/\u4e00\u4f53\u94882a.jpg","datePublished":"2022-04-25T09:04:46+00:00","dateModified":"2022-08-02T06:12:44+00:00","description":"Korozyona Diren\u00e7li U\u00e7lar Da\u011f\u0131t\u0131m \u0130\u011fnesi bilinen kare koltuk entegre PP esnek i\u011fne, korozyon direnci \u00f6zelliklerine sahiptir.","breadcrumb":{"@id":"https:\/\/btektech.com\/tr\/product\/korozyona-direncli-uclar-dagitim-ignesi\/#breadcrumb"},"inLanguage":"tr","potentialAction":[{"@type":"ReadAction","target":["https:\/\/btektech.com\/tr\/product\/korozyona-direncli-uclar-dagitim-ignesi\/"]}]},{"@type":"ImageObject","inLanguage":"tr","@id":"https:\/\/btektech.com\/tr\/product\/korozyona-direncli-uclar-dagitim-ignesi\/#primaryimage","url":"https:\/\/btektech.com\/wp-content\/uploads\/2021\/09\/\u4e00\u4f53\u94882a.jpg","contentUrl":"https:\/\/btektech.com\/wp-content\/uploads\/2021\/09\/\u4e00\u4f53\u94882a.jpg","width":1000,"height":1000,"caption":"Korozyona Diren\u00e7li U\u00e7lar Da\u011f\u0131t\u0131m \u0130\u011fnesi"},{"@type":"BreadcrumbList","@id":"https:\/\/btektech.com\/tr\/product\/korozyona-direncli-uclar-dagitim-ignesi\/#breadcrumb","itemListElement":[{"@type":"ListItem","position":1,"name":"Home","item":"https:\/\/btektech.com\/tr\/home-2\/"},{"@type":"ListItem","position":2,"name":"\u00dcr\u00fcnler","item":"https:\/\/btektech.com\/tr\/shop\/"},{"@type":"ListItem","position":3,"name":"Dispensing Tips","item":"https:\/\/btektech.com\/product-category\/dispensing-tips\/"},{"@type":"ListItem","position":4,"name":"Korozyona Diren\u00e7li U\u00e7lar Da\u011f\u0131t\u0131m \u0130\u011fnesi"}]},{"@type":"WebSite","@id":"https:\/\/btektech.com\/#website","url":"https:\/\/btektech.com\/","name":"Btektech","description":"","publisher":{"@id":"https:\/\/btektech.com\/#organization"},"potentialAction":[{"@type":"SearchAction","target":{"@type":"EntryPoint","urlTemplate":"https:\/\/btektech.com\/?s={search_term_string}"},"query-input":{"@type":"PropertyValueSpecification","valueRequired":true,"valueName":"search_term_string"}}],"inLanguage":"tr"},{"@type":"Organization","@id":"https:\/\/btektech.com\/#organization","name":"Btektech","url":"https:\/\/btektech.com\/","logo":{"@type":"ImageObject","inLanguage":"tr","@id":"https:\/\/btektech.com\/#\/schema\/logo\/image\/","url":"https:\/\/btektech.com\/wp-content\/uploads\/2021\/08\/btektech-logo.png","contentUrl":"https:\/\/btektech.com\/wp-content\/uploads\/2021\/08\/btektech-logo.png","width":250,"height":114,"caption":"Btektech"},"image":{"@id":"https:\/\/btektech.com\/#\/schema\/logo\/image\/"},"sameAs":["https:\/\/x.com\/Btektech1","https:\/\/www.instagram.com\/btektech\/","https:\/\/www.linkedin.com\/company\/suzhou-baotailong-electronic-materials-co-ltd\/","https:\/\/www.pinterest.com\/btektech\/_saved\/","https:\/\/www.youtube.com\/channel\/UCBiw4Bc4CmQDrdo-QqyVTqQ"]}]}},"_links":{"self":[{"href":"https:\/\/btektech.com\/tr\/wp-json\/wp\/v2\/product\/5350","targetHints":{"allow":["GET"]}}],"collection":[{"href":"https:\/\/btektech.com\/tr\/wp-json\/wp\/v2\/product"}],"about":[{"href":"https:\/\/btektech.com\/tr\/wp-json\/wp\/v2\/types\/product"}],"replies":[{"embeddable":true,"href":"https:\/\/btektech.com\/tr\/wp-json\/wp\/v2\/comments?post=5350"}],"version-history":[{"count":0,"href":"https:\/\/btektech.com\/tr\/wp-json\/wp\/v2\/product\/5350\/revisions"}],"wp:featuredmedia":[{"embeddable":true,"href":"https:\/\/btektech.com\/tr\/wp-json\/wp\/v2\/media\/2061"}],"wp:attachment":[{"href":"https:\/\/btektech.com\/tr\/wp-json\/wp\/v2\/media?parent=5350"}],"wp:term":[{"taxonomy":"product_brand","embeddable":true,"href":"https:\/\/btektech.com\/tr\/wp-json\/wp\/v2\/product_brand?post=5350"},{"taxonomy":"product_cat","embeddable":true,"href":"https:\/\/btektech.com\/tr\/wp-json\/wp\/v2\/product_cat?post=5350"},{"taxonomy":"product_tag","embeddable":true,"href":"https:\/\/btektech.com\/tr\/wp-json\/wp\/v2\/product_tag?post=5350"}],"curies":[{"name":"wp","href":"https:\/\/api.w.org\/{rel}","templated":true}]}}