{"id":5349,"date":"2021-08-25T09:11:12","date_gmt":"2022-04-25T09:04:46","guid":{"rendered":"https:\/\/btektech.com\/product\/amerikan-tarzi-siringa-kartusu\/"},"modified":"2022-08-16T08:38:37","modified_gmt":"2022-08-16T08:38:37","slug":"dagitim-siringa-varilleri","status":"publish","type":"product","link":"https:\/\/btektech.com\/tr\/product\/dagitim-siringa-varilleri\/","title":{"rendered":"Da\u011f\u0131t\u0131m \u015e\u0131r\u0131nga Varilleri"},"content":{"rendered":"<p>\u00d6zel olarak tasarlanm\u0131\u015f e\u011fimli olmayan dikey duvar vidas\u0131 di\u015fleri net ve d\u00fczg\u00fcnd\u00fcr, i\u011fnenin \u00f6zel bir pistonla da\u011f\u0131t\u0131lmas\u0131nda s\u0131k\u0131lmas\u0131 kolayd\u0131r, d\u00fc\u015fmesi kolay de\u011fildir, b\u00f6ylece \u015f\u0131r\u0131ngadaki s\u0131v\u0131 art\u0131k yap\u0131\u015ft\u0131r\u0131c\u0131 olmadan temizlenir.<br \/>\n\u00dc\u00e7 renkte mevcuttur: genel s\u0131v\u0131lar i\u00e7in \u015feffaf: UV yap\u0131\u015ft\u0131r\u0131c\u0131s\u0131 i\u00e7in ten rengi (280 ila 390nm dalga boyunu kapsar) ve UV korumal\u0131 \u0131\u015f\u0131kla sertle\u015febilen yap\u0131\u015ft\u0131r\u0131c\u0131 i\u00e7in siyah.<\/p>\n<div style=\"overflow: auto;\">\n<table style=\"text-align: center;\">\n<tbody>\n<tr>\n<th>Renk<\/th>\n<th>Kapasite (CC)<\/th>\n<th>\u0130D(mm)<\/th>\n<th>OD(mm)<\/th>\n<th>Uzunluk (mm)<\/th>\n<\/tr>\n<tr>\n<td>A\u00e7\u0131k\/Amber<\/td>\n<td>3<\/td>\n<td>9.5<\/td>\n<td>11.5<\/td>\n<td>74.4<\/td>\n<\/tr>\n<tr>\n<td>A\u00e7\u0131k\/Amber<\/td>\n<td>5<\/td>\n<td>12.6<\/td>\n<td>14.4<\/td>\n<td>70<\/td>\n<\/tr>\n<tr>\n<td>A\u00e7\u0131k\/Amber<\/td>\n<td>10<\/td>\n<td>15.6<\/td>\n<td>18.5<\/td>\n<td>91<\/td>\n<\/tr>\n<tr>\n<td>A\u00e7\u0131k\/Amber<\/td>\n<td>30<\/td>\n<td>22.5<\/td>\n<td>25.5<\/td>\n<td>118.5<\/td>\n<\/tr>\n<tr>\n<td>A\u00e7\u0131k\/Amber<\/td>\n<td>55<\/td>\n<td>22.5<\/td>\n<td>25.5<\/td>\n<td>174.5<\/td>\n<\/tr>\n<tr>\n<td>A\u00e7\u0131k\/Amber<\/td>\n<td>100<\/td>\n<td>31<\/td>\n<td>37<\/td>\n<td>191.5<\/td>\n<\/tr>\n<tr>\n<td>A\u00e7\u0131k\/Amber<\/td>\n<td>200<\/td>\n<td>40<\/td>\n<td>45.4<\/td>\n<td>230<\/td>\n<\/tr>\n<tr>\n<td>A\u00e7\u0131k\/Amber<\/td>\n<td>300<\/td>\n<td>50<\/td>\n<td>55<\/td>\n<td>200<\/td>\n<\/tr>\n<\/tbody>\n<\/table>\n<\/div>\n","protected":false},"excerpt":{"rendered":"<p>Namlu g\u00f6vdesi, patlamas\u0131 kolay olmayan ithal kal\u0131nla\u015ft\u0131r\u0131c\u0131 malzemeyi benimser. \u0130plik a\u011fz\u0131n\u0131n tasar\u0131m\u0131, i\u011fnenin gev\u015fememesini sa\u011flayabilir. 3CC&#8217;den 300CC&#8217;ye kadar tedarik \u00f6zellikleri.<\/p>\n","protected":false},"featured_media":1813,"comment_status":"open","ping_status":"closed","template":"","meta":{"_acf_changed":false},"product_brand":[],"product_cat":[15],"product_tag":[],"class_list":{"0":"post-5349","1":"product","2":"type-product","3":"status-publish","4":"has-post-thumbnail","6":"product_cat-uncategorized","8":"first","9":"instock","10":"shipping-taxable","11":"product-type-simple"},"acf":[],"yoast_head":"<!-- This site is optimized with the Yoast SEO plugin v27.5 - https:\/\/yoast.com\/product\/yoast-seo-wordpress\/ -->\n<title>Da\u011f\u0131t\u0131m \u015e\u0131r\u0131nga Varilleri - Btektech<\/title>\n<meta name=\"description\" content=\"Namlu g\u00f6vdesi, patlamas\u0131 kolay olmayan ithal kal\u0131nla\u015ft\u0131r\u0131c\u0131 malzemeyi benimser. \u0130plik a\u011fz\u0131n\u0131n tasar\u0131m\u0131, i\u011fnenin gev\u015fememesini sa\u011flayabilir. 3CC\u2019den 300CC\u2019ye kadar tedarik \u00f6zellikleri.\" \/>\n<meta name=\"robots\" content=\"index, follow, max-snippet:-1, max-image-preview:large, max-video-preview:-1\" \/>\n<link rel=\"canonical\" href=\"https:\/\/btektech.com\/tr\/product\/dagitim-siringa-varilleri\/\" \/>\n<meta property=\"og:locale\" content=\"tr_TR\" \/>\n<meta property=\"og:type\" content=\"article\" \/>\n<meta property=\"og:title\" content=\"Da\u011f\u0131t\u0131m \u015e\u0131r\u0131nga Varilleri - Btektech\" \/>\n<meta property=\"og:description\" content=\"Namlu g\u00f6vdesi, patlamas\u0131 kolay olmayan ithal kal\u0131nla\u015ft\u0131r\u0131c\u0131 malzemeyi benimser. \u0130plik a\u011fz\u0131n\u0131n tasar\u0131m\u0131, i\u011fnenin gev\u015fememesini sa\u011flayabilir. 3CC\u2019den 300CC\u2019ye kadar tedarik \u00f6zellikleri.\" \/>\n<meta property=\"og:url\" content=\"https:\/\/btektech.com\/tr\/product\/dagitim-siringa-varilleri\/\" \/>\n<meta property=\"og:site_name\" content=\"Btektech\" \/>\n<meta property=\"article:modified_time\" content=\"2022-08-16T08:38:37+00:00\" \/>\n<meta property=\"og:image\" content=\"https:\/\/btektech.com\/wp-content\/uploads\/2021\/08\/IMG_4814-b.jpg\" \/>\n\t<meta property=\"og:image:width\" content=\"800\" \/>\n\t<meta property=\"og:image:height\" content=\"800\" \/>\n\t<meta property=\"og:image:type\" content=\"image\/jpeg\" \/>\n<meta name=\"twitter:card\" content=\"summary_large_image\" \/>\n<meta name=\"twitter:site\" content=\"@Btektech1\" \/>\n<meta name=\"twitter:label1\" content=\"Tahmini okuma s\u00fcresi\" \/>\n\t<meta name=\"twitter:data1\" content=\"1 dakika\" \/>\n<script type=\"application\/ld+json\" class=\"yoast-schema-graph\">{\"@context\":\"https:\\\/\\\/schema.org\",\"@graph\":[{\"@type\":[\"WebPage\",\"ItemPage\"],\"@id\":\"https:\\\/\\\/btektech.com\\\/tr\\\/product\\\/dagitim-siringa-varilleri\\\/\",\"url\":\"https:\\\/\\\/btektech.com\\\/tr\\\/product\\\/dagitim-siringa-varilleri\\\/\",\"name\":\"Da\u011f\u0131t\u0131m \u015e\u0131r\u0131nga Varilleri - Btektech\",\"isPartOf\":{\"@id\":\"https:\\\/\\\/btektech.com\\\/#website\"},\"primaryImageOfPage\":{\"@id\":\"https:\\\/\\\/btektech.com\\\/tr\\\/product\\\/dagitim-siringa-varilleri\\\/#primaryimage\"},\"image\":{\"@id\":\"https:\\\/\\\/btektech.com\\\/tr\\\/product\\\/dagitim-siringa-varilleri\\\/#primaryimage\"},\"thumbnailUrl\":\"https:\\\/\\\/btektech.com\\\/wp-content\\\/uploads\\\/2021\\\/08\\\/IMG_4814-b.jpg\",\"datePublished\":\"2022-04-25T09:04:46+00:00\",\"dateModified\":\"2022-08-16T08:38:37+00:00\",\"description\":\"Namlu g\u00f6vdesi, patlamas\u0131 kolay olmayan ithal kal\u0131nla\u015ft\u0131r\u0131c\u0131 malzemeyi benimser. \u0130plik a\u011fz\u0131n\u0131n tasar\u0131m\u0131, i\u011fnenin gev\u015fememesini sa\u011flayabilir. 3CC\u2019den 300CC\u2019ye kadar tedarik \u00f6zellikleri.\",\"breadcrumb\":{\"@id\":\"https:\\\/\\\/btektech.com\\\/tr\\\/product\\\/dagitim-siringa-varilleri\\\/#breadcrumb\"},\"inLanguage\":\"tr\",\"potentialAction\":[{\"@type\":\"ReadAction\",\"target\":[\"https:\\\/\\\/btektech.com\\\/tr\\\/product\\\/dagitim-siringa-varilleri\\\/\"]}]},{\"@type\":\"ImageObject\",\"inLanguage\":\"tr\",\"@id\":\"https:\\\/\\\/btektech.com\\\/tr\\\/product\\\/dagitim-siringa-varilleri\\\/#primaryimage\",\"url\":\"https:\\\/\\\/btektech.com\\\/wp-content\\\/uploads\\\/2021\\\/08\\\/IMG_4814-b.jpg\",\"contentUrl\":\"https:\\\/\\\/btektech.com\\\/wp-content\\\/uploads\\\/2021\\\/08\\\/IMG_4814-b.jpg\",\"width\":800,\"height\":800,\"caption\":\"Da\u011f\u0131t\u0131m \u015e\u0131r\u0131nga Varilleri\"},{\"@type\":\"BreadcrumbList\",\"@id\":\"https:\\\/\\\/btektech.com\\\/tr\\\/product\\\/dagitim-siringa-varilleri\\\/#breadcrumb\",\"itemListElement\":[{\"@type\":\"ListItem\",\"position\":1,\"name\":\"Home\",\"item\":\"https:\\\/\\\/btektech.com\\\/\"},{\"@type\":\"ListItem\",\"position\":2,\"name\":\"\u00dcr\u00fcnler\",\"item\":\"https:\\\/\\\/btektech.com\\\/tr\\\/shop\\\/\"},{\"@type\":\"ListItem\",\"position\":3,\"name\":\"Da\u011f\u0131t\u0131m \u015e\u0131r\u0131nga Varilleri\"}]},{\"@type\":\"WebSite\",\"@id\":\"https:\\\/\\\/btektech.com\\\/#website\",\"url\":\"https:\\\/\\\/btektech.com\\\/\",\"name\":\"Btektech\",\"description\":\"\",\"publisher\":{\"@id\":\"https:\\\/\\\/btektech.com\\\/#organization\"},\"potentialAction\":[{\"@type\":\"SearchAction\",\"target\":{\"@type\":\"EntryPoint\",\"urlTemplate\":\"https:\\\/\\\/btektech.com\\\/?s={search_term_string}\"},\"query-input\":{\"@type\":\"PropertyValueSpecification\",\"valueRequired\":true,\"valueName\":\"search_term_string\"}}],\"inLanguage\":\"tr\"},{\"@type\":\"Organization\",\"@id\":\"https:\\\/\\\/btektech.com\\\/#organization\",\"name\":\"Btektech\",\"url\":\"https:\\\/\\\/btektech.com\\\/\",\"logo\":{\"@type\":\"ImageObject\",\"inLanguage\":\"tr\",\"@id\":\"https:\\\/\\\/btektech.com\\\/#\\\/schema\\\/logo\\\/image\\\/\",\"url\":\"https:\\\/\\\/btektech.com\\\/wp-content\\\/uploads\\\/2021\\\/08\\\/btektech-logo.png\",\"contentUrl\":\"https:\\\/\\\/btektech.com\\\/wp-content\\\/uploads\\\/2021\\\/08\\\/btektech-logo.png\",\"width\":250,\"height\":114,\"caption\":\"Btektech\"},\"image\":{\"@id\":\"https:\\\/\\\/btektech.com\\\/#\\\/schema\\\/logo\\\/image\\\/\"},\"sameAs\":[\"https:\\\/\\\/x.com\\\/Btektech1\",\"https:\\\/\\\/www.instagram.com\\\/btektech\\\/\",\"https:\\\/\\\/www.linkedin.com\\\/company\\\/suzhou-baotailong-electronic-materials-co-ltd\\\/\",\"https:\\\/\\\/www.pinterest.com\\\/btektech\\\/_saved\\\/\",\"https:\\\/\\\/www.youtube.com\\\/channel\\\/UCBiw4Bc4CmQDrdo-QqyVTqQ\"]}]}<\/script>\n<!-- \/ Yoast SEO plugin. -->","yoast_head_json":{"title":"Da\u011f\u0131t\u0131m \u015e\u0131r\u0131nga Varilleri - Btektech","description":"Namlu g\u00f6vdesi, patlamas\u0131 kolay olmayan ithal kal\u0131nla\u015ft\u0131r\u0131c\u0131 malzemeyi benimser. \u0130plik a\u011fz\u0131n\u0131n tasar\u0131m\u0131, i\u011fnenin gev\u015fememesini sa\u011flayabilir. 3CC\u2019den 300CC\u2019ye kadar tedarik \u00f6zellikleri.","robots":{"index":"index","follow":"follow","max-snippet":"max-snippet:-1","max-image-preview":"max-image-preview:large","max-video-preview":"max-video-preview:-1"},"canonical":"https:\/\/btektech.com\/tr\/product\/dagitim-siringa-varilleri\/","og_locale":"tr_TR","og_type":"article","og_title":"Da\u011f\u0131t\u0131m \u015e\u0131r\u0131nga Varilleri - Btektech","og_description":"Namlu g\u00f6vdesi, patlamas\u0131 kolay olmayan ithal kal\u0131nla\u015ft\u0131r\u0131c\u0131 malzemeyi benimser. \u0130plik a\u011fz\u0131n\u0131n tasar\u0131m\u0131, i\u011fnenin gev\u015fememesini sa\u011flayabilir. 3CC\u2019den 300CC\u2019ye kadar tedarik \u00f6zellikleri.","og_url":"https:\/\/btektech.com\/tr\/product\/dagitim-siringa-varilleri\/","og_site_name":"Btektech","article_modified_time":"2022-08-16T08:38:37+00:00","og_image":[{"width":800,"height":800,"url":"https:\/\/btektech.com\/wp-content\/uploads\/2021\/08\/IMG_4814-b.jpg","type":"image\/jpeg"}],"twitter_card":"summary_large_image","twitter_site":"@Btektech1","twitter_misc":{"Tahmini okuma s\u00fcresi":"1 dakika"},"schema":{"@context":"https:\/\/schema.org","@graph":[{"@type":["WebPage","ItemPage"],"@id":"https:\/\/btektech.com\/tr\/product\/dagitim-siringa-varilleri\/","url":"https:\/\/btektech.com\/tr\/product\/dagitim-siringa-varilleri\/","name":"Da\u011f\u0131t\u0131m \u015e\u0131r\u0131nga Varilleri - Btektech","isPartOf":{"@id":"https:\/\/btektech.com\/#website"},"primaryImageOfPage":{"@id":"https:\/\/btektech.com\/tr\/product\/dagitim-siringa-varilleri\/#primaryimage"},"image":{"@id":"https:\/\/btektech.com\/tr\/product\/dagitim-siringa-varilleri\/#primaryimage"},"thumbnailUrl":"https:\/\/btektech.com\/wp-content\/uploads\/2021\/08\/IMG_4814-b.jpg","datePublished":"2022-04-25T09:04:46+00:00","dateModified":"2022-08-16T08:38:37+00:00","description":"Namlu g\u00f6vdesi, patlamas\u0131 kolay olmayan ithal kal\u0131nla\u015ft\u0131r\u0131c\u0131 malzemeyi benimser. \u0130plik a\u011fz\u0131n\u0131n tasar\u0131m\u0131, i\u011fnenin gev\u015fememesini sa\u011flayabilir. 3CC\u2019den 300CC\u2019ye kadar tedarik \u00f6zellikleri.","breadcrumb":{"@id":"https:\/\/btektech.com\/tr\/product\/dagitim-siringa-varilleri\/#breadcrumb"},"inLanguage":"tr","potentialAction":[{"@type":"ReadAction","target":["https:\/\/btektech.com\/tr\/product\/dagitim-siringa-varilleri\/"]}]},{"@type":"ImageObject","inLanguage":"tr","@id":"https:\/\/btektech.com\/tr\/product\/dagitim-siringa-varilleri\/#primaryimage","url":"https:\/\/btektech.com\/wp-content\/uploads\/2021\/08\/IMG_4814-b.jpg","contentUrl":"https:\/\/btektech.com\/wp-content\/uploads\/2021\/08\/IMG_4814-b.jpg","width":800,"height":800,"caption":"Da\u011f\u0131t\u0131m \u015e\u0131r\u0131nga Varilleri"},{"@type":"BreadcrumbList","@id":"https:\/\/btektech.com\/tr\/product\/dagitim-siringa-varilleri\/#breadcrumb","itemListElement":[{"@type":"ListItem","position":1,"name":"Home","item":"https:\/\/btektech.com\/"},{"@type":"ListItem","position":2,"name":"\u00dcr\u00fcnler","item":"https:\/\/btektech.com\/tr\/shop\/"},{"@type":"ListItem","position":3,"name":"Da\u011f\u0131t\u0131m \u015e\u0131r\u0131nga Varilleri"}]},{"@type":"WebSite","@id":"https:\/\/btektech.com\/#website","url":"https:\/\/btektech.com\/","name":"Btektech","description":"","publisher":{"@id":"https:\/\/btektech.com\/#organization"},"potentialAction":[{"@type":"SearchAction","target":{"@type":"EntryPoint","urlTemplate":"https:\/\/btektech.com\/?s={search_term_string}"},"query-input":{"@type":"PropertyValueSpecification","valueRequired":true,"valueName":"search_term_string"}}],"inLanguage":"tr"},{"@type":"Organization","@id":"https:\/\/btektech.com\/#organization","name":"Btektech","url":"https:\/\/btektech.com\/","logo":{"@type":"ImageObject","inLanguage":"tr","@id":"https:\/\/btektech.com\/#\/schema\/logo\/image\/","url":"https:\/\/btektech.com\/wp-content\/uploads\/2021\/08\/btektech-logo.png","contentUrl":"https:\/\/btektech.com\/wp-content\/uploads\/2021\/08\/btektech-logo.png","width":250,"height":114,"caption":"Btektech"},"image":{"@id":"https:\/\/btektech.com\/#\/schema\/logo\/image\/"},"sameAs":["https:\/\/x.com\/Btektech1","https:\/\/www.instagram.com\/btektech\/","https:\/\/www.linkedin.com\/company\/suzhou-baotailong-electronic-materials-co-ltd\/","https:\/\/www.pinterest.com\/btektech\/_saved\/","https:\/\/www.youtube.com\/channel\/UCBiw4Bc4CmQDrdo-QqyVTqQ"]}]}},"_links":{"self":[{"href":"https:\/\/btektech.com\/tr\/wp-json\/wp\/v2\/product\/5349","targetHints":{"allow":["GET"]}}],"collection":[{"href":"https:\/\/btektech.com\/tr\/wp-json\/wp\/v2\/product"}],"about":[{"href":"https:\/\/btektech.com\/tr\/wp-json\/wp\/v2\/types\/product"}],"replies":[{"embeddable":true,"href":"https:\/\/btektech.com\/tr\/wp-json\/wp\/v2\/comments?post=5349"}],"version-history":[{"count":0,"href":"https:\/\/btektech.com\/tr\/wp-json\/wp\/v2\/product\/5349\/revisions"}],"wp:featuredmedia":[{"embeddable":true,"href":"https:\/\/btektech.com\/tr\/wp-json\/wp\/v2\/media\/1813"}],"wp:attachment":[{"href":"https:\/\/btektech.com\/tr\/wp-json\/wp\/v2\/media?parent=5349"}],"wp:term":[{"taxonomy":"product_brand","embeddable":true,"href":"https:\/\/btektech.com\/tr\/wp-json\/wp\/v2\/product_brand?post=5349"},{"taxonomy":"product_cat","embeddable":true,"href":"https:\/\/btektech.com\/tr\/wp-json\/wp\/v2\/product_cat?post=5349"},{"taxonomy":"product_tag","embeddable":true,"href":"https:\/\/btektech.com\/tr\/wp-json\/wp\/v2\/product_tag?post=5349"}],"curies":[{"name":"wp","href":"https:\/\/api.w.org\/{rel}","templated":true}]}}