{"id":5348,"date":"2021-09-06T09:28:51","date_gmt":"2022-04-25T09:04:45","guid":{"rendered":"https:\/\/btektech.com\/product\/tek-kullanimlik-plastik-karistirma-nozulu-statik-karistirici-tupu\/"},"modified":"2022-08-02T06:50:43","modified_gmt":"2022-08-02T06:50:43","slug":"tek-kullanimlik-plastik-karistirma-nozulu-statik-karistirici-tupu","status":"publish","type":"product","link":"https:\/\/btektech.com\/tr\/product\/tek-kullanimlik-plastik-karistirma-nozulu-statik-karistirici-tupu\/","title":{"rendered":"Tek Kullan\u0131ml\u0131k Plastik Kar\u0131\u015ft\u0131rma Nozulu Statik Kar\u0131\u015ft\u0131r\u0131c\u0131 T\u00fcp\u00fc"},"content":{"rendered":"<p>GSM statik kar\u0131\u015ft\u0131rma t\u00fcp\u00fc X tipi \u00f6zel yap\u0131<\/p>\n<p>Eleman\u0131 PP veya naylon malzemeden olu\u015fur. Her eleman 90 derecede kesi\u015fir. Bu nedenle, X-Grid tek kullan\u0131ml\u0131k statik kar\u0131\u015ft\u0131r\u0131c\u0131n\u0131n verimlili\u011fi, spiral ve kare statik kar\u0131\u015ft\u0131rma t\u00fcplerinin 3-10 kat\u0131d\u0131r ve s\u0131radan statik kar\u0131\u015ft\u0131rma t\u00fcplerinin d\u00fc\u015f\u00fck verimlili\u011fi sorununu \u00e7\u00f6zebilir. Bu nedenle X-tipi kar\u0131\u015ft\u0131rma t\u00fcp\u00fc a\u015fa\u011f\u0131daki durumlar i\u00e7in uygundur: A ve B yap\u0131\u015fkan k\u0131vam aral\u0131\u011f\u0131 b\u00fcy\u00fckt\u00fcr; A ve B tutkal\u0131n\u0131n kar\u0131\u015f\u0131m oran\u0131 geni\u015ftir; A ve B yap\u0131\u015ft\u0131r\u0131c\u0131s\u0131n\u0131n ak\u0131\u015f\u0131 \u00e7ok h\u0131zl\u0131.<\/p>\n<div style=\"overflow: auto;\">\n<table style=\"text-align: center;\">\n<tbody>\n<tr>\n<th>Numara. <\/th>\n<th>Par\u00e7a No. <\/th>\n<th>Elementler <\/th>\n<th>kimlik(mm) <\/th>\n<th>L(mm) <\/th>\n<th>OD(mm) <\/th>\n<th>bir(mm) <\/th>\n<th>\u0130\u00e7 \u00e7ekirdek rengi <\/th>\n<\/tr>\n<tr>\n<td>G1<\/td>\n<td> GSM9-12<\/td>\n<td>12<\/td>\n<td>9.3<\/td>\n<td>146<\/td>\n<td>12.5<\/td>\n<td>3<\/td>\n<td>Beyaz sar\u0131<\/td>\n<\/tr>\n<tr>\n<td>G2<\/td>\n<td> GSM9-14<\/td>\n<td>14<\/td>\n<td>9.3<\/td>\n<td>164<\/td>\n<td>12.5<\/td>\n<td>3<\/td>\n<td>Mavi sar\u0131<\/td>\n<\/tr>\n<tr>\n<td>G3<\/td>\n<td> GSM9-16<\/td>\n<td>16<\/td>\n<td>9.3<\/td>\n<td>183<\/td>\n<td>12.5<\/td>\n<td>3<\/td>\n<td>Beyaz mavi<\/td>\n<\/tr>\n<tr>\n<td>G4<\/td>\n<td> GSM9-20<\/td>\n<td>20<\/td>\n<td>9.3<\/td>\n<td>220<\/td>\n<td>12.5<\/td>\n<td>3<\/td>\n<td>Mavi k\u0131rm\u0131z\u0131<\/td>\n<\/tr>\n<\/tbody>\n<\/table>\n<\/div>\n","protected":false},"excerpt":{"rendered":"<p>X-Grid tek kullan\u0131ml\u0131k statik kar\u0131\u015ft\u0131r\u0131c\u0131<\/p>\n<p>Bu \u00fcr\u00fcn\u00fcn \u00f6zelli\u011fi, h\u0131zl\u0131 kar\u0131\u015ft\u0131rma, h\u0131zl\u0131 ekstr\u00fczyon, tutkal tasarrufu yapabilmesi ve bloke edilmesinin kolay olmamas\u0131d\u0131r.<\/p>\n","protected":false},"featured_media":1893,"comment_status":"open","ping_status":"closed","template":"","meta":{"_acf_changed":false},"product_brand":[],"product_cat":[269],"product_tag":[],"class_list":{"0":"post-5348","1":"product","2":"type-product","3":"status-publish","4":"has-post-thumbnail","6":"product_cat-uncategorized-tr","8":"first","9":"instock","10":"shipping-taxable","11":"product-type-simple"},"acf":[],"yoast_head":"<!-- This site is optimized with the Yoast SEO plugin v26.0 - https:\/\/yoast.com\/wordpress\/plugins\/seo\/ -->\n<title>Tek Kullan\u0131ml\u0131k Plastik Kar\u0131\u015ft\u0131rma Nozulu Statik Kar\u0131\u015ft\u0131r\u0131c\u0131 T\u00fcp\u00fc - Btektech<\/title>\n<meta name=\"description\" content=\"Bu \u00fcr\u00fcn\u00fcn \u00f6zelli\u011fi, h\u0131zl\u0131 kar\u0131\u015ft\u0131rma, h\u0131zl\u0131 ekstr\u00fczyon, tutkal tasarrufu yapabilmesi ve bloke edilmesinin kolay olmamas\u0131d\u0131r.\" \/>\n<meta name=\"robots\" content=\"index, follow, max-snippet:-1, max-image-preview:large, max-video-preview:-1\" \/>\n<link rel=\"canonical\" href=\"https:\/\/btektech.com\/tr\/product\/tek-kullanimlik-plastik-karistirma-nozulu-statik-karistirici-tupu\/\" \/>\n<meta property=\"og:locale\" content=\"tr_TR\" \/>\n<meta property=\"og:type\" content=\"article\" \/>\n<meta property=\"og:title\" content=\"Tek Kullan\u0131ml\u0131k Plastik Kar\u0131\u015ft\u0131rma Nozulu Statik Kar\u0131\u015ft\u0131r\u0131c\u0131 T\u00fcp\u00fc - Btektech\" \/>\n<meta property=\"og:description\" content=\"Bu \u00fcr\u00fcn\u00fcn \u00f6zelli\u011fi, h\u0131zl\u0131 kar\u0131\u015ft\u0131rma, h\u0131zl\u0131 ekstr\u00fczyon, tutkal tasarrufu yapabilmesi ve bloke edilmesinin kolay olmamas\u0131d\u0131r.\" \/>\n<meta property=\"og:url\" content=\"https:\/\/btektech.com\/tr\/product\/tek-kullanimlik-plastik-karistirma-nozulu-statik-karistirici-tupu\/\" \/>\n<meta property=\"og:site_name\" content=\"Btektech\" \/>\n<meta property=\"article:modified_time\" content=\"2022-08-02T06:50:43+00:00\" \/>\n<meta property=\"og:image\" content=\"https:\/\/btektech.com\/wp-content\/uploads\/2021\/09\/G.jpg\" \/>\n\t<meta property=\"og:image:width\" content=\"800\" \/>\n\t<meta property=\"og:image:height\" content=\"800\" \/>\n\t<meta property=\"og:image:type\" content=\"image\/jpeg\" \/>\n<meta name=\"twitter:card\" content=\"summary_large_image\" \/>\n<meta name=\"twitter:site\" content=\"@Btektech1\" \/>\n<meta name=\"twitter:label1\" content=\"Tahmini okuma s\u00fcresi\" \/>\n\t<meta name=\"twitter:data1\" content=\"1 dakika\" \/>\n<script type=\"application\/ld+json\" class=\"yoast-schema-graph\">{\"@context\":\"https:\/\/schema.org\",\"@graph\":[{\"@type\":[\"WebPage\",\"ItemPage\"],\"@id\":\"https:\/\/btektech.com\/tr\/product\/tek-kullanimlik-plastik-karistirma-nozulu-statik-karistirici-tupu\/\",\"url\":\"https:\/\/btektech.com\/tr\/product\/tek-kullanimlik-plastik-karistirma-nozulu-statik-karistirici-tupu\/\",\"name\":\"Tek Kullan\u0131ml\u0131k Plastik Kar\u0131\u015ft\u0131rma Nozulu Statik Kar\u0131\u015ft\u0131r\u0131c\u0131 T\u00fcp\u00fc - Btektech\",\"isPartOf\":{\"@id\":\"https:\/\/btektech.com\/#website\"},\"primaryImageOfPage\":{\"@id\":\"https:\/\/btektech.com\/tr\/product\/tek-kullanimlik-plastik-karistirma-nozulu-statik-karistirici-tupu\/#primaryimage\"},\"image\":{\"@id\":\"https:\/\/btektech.com\/tr\/product\/tek-kullanimlik-plastik-karistirma-nozulu-statik-karistirici-tupu\/#primaryimage\"},\"thumbnailUrl\":\"https:\/\/btektech.com\/wp-content\/uploads\/2021\/09\/G.jpg\",\"datePublished\":\"2022-04-25T09:04:45+00:00\",\"dateModified\":\"2022-08-02T06:50:43+00:00\",\"description\":\"Bu \u00fcr\u00fcn\u00fcn \u00f6zelli\u011fi, h\u0131zl\u0131 kar\u0131\u015ft\u0131rma, h\u0131zl\u0131 ekstr\u00fczyon, tutkal tasarrufu yapabilmesi ve bloke edilmesinin kolay olmamas\u0131d\u0131r.\",\"breadcrumb\":{\"@id\":\"https:\/\/btektech.com\/tr\/product\/tek-kullanimlik-plastik-karistirma-nozulu-statik-karistirici-tupu\/#breadcrumb\"},\"inLanguage\":\"tr\",\"potentialAction\":[{\"@type\":\"ReadAction\",\"target\":[\"https:\/\/btektech.com\/tr\/product\/tek-kullanimlik-plastik-karistirma-nozulu-statik-karistirici-tupu\/\"]}]},{\"@type\":\"ImageObject\",\"inLanguage\":\"tr\",\"@id\":\"https:\/\/btektech.com\/tr\/product\/tek-kullanimlik-plastik-karistirma-nozulu-statik-karistirici-tupu\/#primaryimage\",\"url\":\"https:\/\/btektech.com\/wp-content\/uploads\/2021\/09\/G.jpg\",\"contentUrl\":\"https:\/\/btektech.com\/wp-content\/uploads\/2021\/09\/G.jpg\",\"width\":800,\"height\":800,\"caption\":\"Tek Kullan\u0131ml\u0131k Plastik Kar\u0131\u015ft\u0131rma Nozulu Statik Kar\u0131\u015ft\u0131r\u0131c\u0131 T\u00fcp\u00fc\"},{\"@type\":\"BreadcrumbList\",\"@id\":\"https:\/\/btektech.com\/tr\/product\/tek-kullanimlik-plastik-karistirma-nozulu-statik-karistirici-tupu\/#breadcrumb\",\"itemListElement\":[{\"@type\":\"ListItem\",\"position\":1,\"name\":\"Home\",\"item\":\"https:\/\/btektech.com\/tr\/home-2\/\"},{\"@type\":\"ListItem\",\"position\":2,\"name\":\"\u00dcr\u00fcnler\",\"item\":\"https:\/\/btektech.com\/tr\/shop\/\"},{\"@type\":\"ListItem\",\"position\":3,\"name\":\"Tek Kullan\u0131ml\u0131k Plastik Kar\u0131\u015ft\u0131rma Nozulu Statik Kar\u0131\u015ft\u0131r\u0131c\u0131 T\u00fcp\u00fc\"}]},{\"@type\":\"WebSite\",\"@id\":\"https:\/\/btektech.com\/#website\",\"url\":\"https:\/\/btektech.com\/\",\"name\":\"Btektech\",\"description\":\"\",\"publisher\":{\"@id\":\"https:\/\/btektech.com\/#organization\"},\"potentialAction\":[{\"@type\":\"SearchAction\",\"target\":{\"@type\":\"EntryPoint\",\"urlTemplate\":\"https:\/\/btektech.com\/?s={search_term_string}\"},\"query-input\":{\"@type\":\"PropertyValueSpecification\",\"valueRequired\":true,\"valueName\":\"search_term_string\"}}],\"inLanguage\":\"tr\"},{\"@type\":\"Organization\",\"@id\":\"https:\/\/btektech.com\/#organization\",\"name\":\"Btektech\",\"url\":\"https:\/\/btektech.com\/\",\"logo\":{\"@type\":\"ImageObject\",\"inLanguage\":\"tr\",\"@id\":\"https:\/\/btektech.com\/#\/schema\/logo\/image\/\",\"url\":\"https:\/\/btektech.com\/wp-content\/uploads\/2021\/08\/btektech-logo.png\",\"contentUrl\":\"https:\/\/btektech.com\/wp-content\/uploads\/2021\/08\/btektech-logo.png\",\"width\":250,\"height\":114,\"caption\":\"Btektech\"},\"image\":{\"@id\":\"https:\/\/btektech.com\/#\/schema\/logo\/image\/\"},\"sameAs\":[\"https:\/\/x.com\/Btektech1\",\"https:\/\/www.instagram.com\/btektech\/\",\"https:\/\/www.linkedin.com\/company\/suzhou-baotailong-electronic-materials-co-ltd\/\",\"https:\/\/www.pinterest.com\/btektech\/_saved\/\",\"https:\/\/www.youtube.com\/channel\/UCBiw4Bc4CmQDrdo-QqyVTqQ\"]}]}<\/script>\n<!-- \/ Yoast SEO plugin. -->","yoast_head_json":{"title":"Tek Kullan\u0131ml\u0131k Plastik Kar\u0131\u015ft\u0131rma Nozulu Statik Kar\u0131\u015ft\u0131r\u0131c\u0131 T\u00fcp\u00fc - Btektech","description":"Bu \u00fcr\u00fcn\u00fcn \u00f6zelli\u011fi, h\u0131zl\u0131 kar\u0131\u015ft\u0131rma, h\u0131zl\u0131 ekstr\u00fczyon, tutkal tasarrufu yapabilmesi ve bloke edilmesinin kolay olmamas\u0131d\u0131r.","robots":{"index":"index","follow":"follow","max-snippet":"max-snippet:-1","max-image-preview":"max-image-preview:large","max-video-preview":"max-video-preview:-1"},"canonical":"https:\/\/btektech.com\/tr\/product\/tek-kullanimlik-plastik-karistirma-nozulu-statik-karistirici-tupu\/","og_locale":"tr_TR","og_type":"article","og_title":"Tek Kullan\u0131ml\u0131k Plastik Kar\u0131\u015ft\u0131rma Nozulu Statik Kar\u0131\u015ft\u0131r\u0131c\u0131 T\u00fcp\u00fc - Btektech","og_description":"Bu \u00fcr\u00fcn\u00fcn \u00f6zelli\u011fi, h\u0131zl\u0131 kar\u0131\u015ft\u0131rma, h\u0131zl\u0131 ekstr\u00fczyon, tutkal tasarrufu yapabilmesi ve bloke edilmesinin kolay olmamas\u0131d\u0131r.","og_url":"https:\/\/btektech.com\/tr\/product\/tek-kullanimlik-plastik-karistirma-nozulu-statik-karistirici-tupu\/","og_site_name":"Btektech","article_modified_time":"2022-08-02T06:50:43+00:00","og_image":[{"width":800,"height":800,"url":"https:\/\/btektech.com\/wp-content\/uploads\/2021\/09\/G.jpg","type":"image\/jpeg"}],"twitter_card":"summary_large_image","twitter_site":"@Btektech1","twitter_misc":{"Tahmini okuma s\u00fcresi":"1 dakika"},"schema":{"@context":"https:\/\/schema.org","@graph":[{"@type":["WebPage","ItemPage"],"@id":"https:\/\/btektech.com\/tr\/product\/tek-kullanimlik-plastik-karistirma-nozulu-statik-karistirici-tupu\/","url":"https:\/\/btektech.com\/tr\/product\/tek-kullanimlik-plastik-karistirma-nozulu-statik-karistirici-tupu\/","name":"Tek Kullan\u0131ml\u0131k Plastik Kar\u0131\u015ft\u0131rma Nozulu Statik Kar\u0131\u015ft\u0131r\u0131c\u0131 T\u00fcp\u00fc - Btektech","isPartOf":{"@id":"https:\/\/btektech.com\/#website"},"primaryImageOfPage":{"@id":"https:\/\/btektech.com\/tr\/product\/tek-kullanimlik-plastik-karistirma-nozulu-statik-karistirici-tupu\/#primaryimage"},"image":{"@id":"https:\/\/btektech.com\/tr\/product\/tek-kullanimlik-plastik-karistirma-nozulu-statik-karistirici-tupu\/#primaryimage"},"thumbnailUrl":"https:\/\/btektech.com\/wp-content\/uploads\/2021\/09\/G.jpg","datePublished":"2022-04-25T09:04:45+00:00","dateModified":"2022-08-02T06:50:43+00:00","description":"Bu \u00fcr\u00fcn\u00fcn \u00f6zelli\u011fi, h\u0131zl\u0131 kar\u0131\u015ft\u0131rma, h\u0131zl\u0131 ekstr\u00fczyon, tutkal tasarrufu yapabilmesi ve bloke edilmesinin kolay olmamas\u0131d\u0131r.","breadcrumb":{"@id":"https:\/\/btektech.com\/tr\/product\/tek-kullanimlik-plastik-karistirma-nozulu-statik-karistirici-tupu\/#breadcrumb"},"inLanguage":"tr","potentialAction":[{"@type":"ReadAction","target":["https:\/\/btektech.com\/tr\/product\/tek-kullanimlik-plastik-karistirma-nozulu-statik-karistirici-tupu\/"]}]},{"@type":"ImageObject","inLanguage":"tr","@id":"https:\/\/btektech.com\/tr\/product\/tek-kullanimlik-plastik-karistirma-nozulu-statik-karistirici-tupu\/#primaryimage","url":"https:\/\/btektech.com\/wp-content\/uploads\/2021\/09\/G.jpg","contentUrl":"https:\/\/btektech.com\/wp-content\/uploads\/2021\/09\/G.jpg","width":800,"height":800,"caption":"Tek Kullan\u0131ml\u0131k Plastik Kar\u0131\u015ft\u0131rma Nozulu Statik Kar\u0131\u015ft\u0131r\u0131c\u0131 T\u00fcp\u00fc"},{"@type":"BreadcrumbList","@id":"https:\/\/btektech.com\/tr\/product\/tek-kullanimlik-plastik-karistirma-nozulu-statik-karistirici-tupu\/#breadcrumb","itemListElement":[{"@type":"ListItem","position":1,"name":"Home","item":"https:\/\/btektech.com\/tr\/home-2\/"},{"@type":"ListItem","position":2,"name":"\u00dcr\u00fcnler","item":"https:\/\/btektech.com\/tr\/shop\/"},{"@type":"ListItem","position":3,"name":"Tek Kullan\u0131ml\u0131k Plastik Kar\u0131\u015ft\u0131rma Nozulu Statik Kar\u0131\u015ft\u0131r\u0131c\u0131 T\u00fcp\u00fc"}]},{"@type":"WebSite","@id":"https:\/\/btektech.com\/#website","url":"https:\/\/btektech.com\/","name":"Btektech","description":"","publisher":{"@id":"https:\/\/btektech.com\/#organization"},"potentialAction":[{"@type":"SearchAction","target":{"@type":"EntryPoint","urlTemplate":"https:\/\/btektech.com\/?s={search_term_string}"},"query-input":{"@type":"PropertyValueSpecification","valueRequired":true,"valueName":"search_term_string"}}],"inLanguage":"tr"},{"@type":"Organization","@id":"https:\/\/btektech.com\/#organization","name":"Btektech","url":"https:\/\/btektech.com\/","logo":{"@type":"ImageObject","inLanguage":"tr","@id":"https:\/\/btektech.com\/#\/schema\/logo\/image\/","url":"https:\/\/btektech.com\/wp-content\/uploads\/2021\/08\/btektech-logo.png","contentUrl":"https:\/\/btektech.com\/wp-content\/uploads\/2021\/08\/btektech-logo.png","width":250,"height":114,"caption":"Btektech"},"image":{"@id":"https:\/\/btektech.com\/#\/schema\/logo\/image\/"},"sameAs":["https:\/\/x.com\/Btektech1","https:\/\/www.instagram.com\/btektech\/","https:\/\/www.linkedin.com\/company\/suzhou-baotailong-electronic-materials-co-ltd\/","https:\/\/www.pinterest.com\/btektech\/_saved\/","https:\/\/www.youtube.com\/channel\/UCBiw4Bc4CmQDrdo-QqyVTqQ"]}]}},"_links":{"self":[{"href":"https:\/\/btektech.com\/tr\/wp-json\/wp\/v2\/product\/5348","targetHints":{"allow":["GET"]}}],"collection":[{"href":"https:\/\/btektech.com\/tr\/wp-json\/wp\/v2\/product"}],"about":[{"href":"https:\/\/btektech.com\/tr\/wp-json\/wp\/v2\/types\/product"}],"replies":[{"embeddable":true,"href":"https:\/\/btektech.com\/tr\/wp-json\/wp\/v2\/comments?post=5348"}],"version-history":[{"count":0,"href":"https:\/\/btektech.com\/tr\/wp-json\/wp\/v2\/product\/5348\/revisions"}],"wp:featuredmedia":[{"embeddable":true,"href":"https:\/\/btektech.com\/tr\/wp-json\/wp\/v2\/media\/1893"}],"wp:attachment":[{"href":"https:\/\/btektech.com\/tr\/wp-json\/wp\/v2\/media?parent=5348"}],"wp:term":[{"taxonomy":"product_brand","embeddable":true,"href":"https:\/\/btektech.com\/tr\/wp-json\/wp\/v2\/product_brand?post=5348"},{"taxonomy":"product_cat","embeddable":true,"href":"https:\/\/btektech.com\/tr\/wp-json\/wp\/v2\/product_cat?post=5348"},{"taxonomy":"product_tag","embeddable":true,"href":"https:\/\/btektech.com\/tr\/wp-json\/wp\/v2\/product_tag?post=5348"}],"curies":[{"name":"wp","href":"https:\/\/api.w.org\/{rel}","templated":true}]}}