{"id":5346,"date":"2021-08-25T09:15:48","date_gmt":"2022-04-25T09:04:44","guid":{"rendered":"https:\/\/btektech.com\/product\/genel-amacli-duz-agiz-dagitim-ipuclari\/"},"modified":"2022-08-02T07:22:46","modified_gmt":"2022-08-02T07:22:46","slug":"genel-amacli-duz-agiz-dagitim-ipuclari","status":"publish","type":"product","link":"https:\/\/btektech.com\/tr\/product\/genel-amacli-duz-agiz-dagitim-ipuclari\/","title":{"rendered":"Genel Ama\u00e7l\u0131 D\u00fcz A\u011f\u0131z Da\u011f\u0131t\u0131m \u0130pu\u00e7lar\u0131"},"content":{"rendered":"<p>Yayg\u0131n olarak kullan\u0131lan genel ama\u00e7l\u0131 plastik da\u011f\u0131t\u0131m u\u00e7lar\u0131. \u015e\u0131r\u0131nga kartu\u015fu, da\u011f\u0131t\u0131m valfi ve kar\u0131\u015ft\u0131rma t\u00fcp\u00fc ile kullan\u0131labilir. Genel \u00f6zelliklerin normal uzunlu\u011fu h\u0131zl\u0131 bir \u015fekilde teslim edilebilir, \u00f6zel \u00f6zelliklere veya standart olmayan uzunlu\u011fa ihtiyac\u0131n\u0131z varsa, Btektech sipari\u015fi sizin i\u00e7in en k\u0131sa s\u00fcrede tamamlayacakt\u0131r.<\/p>\n<div style=\"text-align: center;\">\n<img fetchpriority=\"high\" decoding=\"async\" class=\"alignnone wp-image-1793 size-full\" src=\"https:\/\/btektech.com\/wp-content\/uploads\/2021\/08\/Screenshot-2021-09-03-155525.jpg\" alt=\"\" width=\"693\" height=\"295\" srcset=\"https:\/\/btektech.com\/wp-content\/uploads\/2021\/08\/Screenshot-2021-09-03-155525.jpg 693w, https:\/\/btektech.com\/wp-content\/uploads\/2021\/08\/Screenshot-2021-09-03-155525-400x170.jpg 400w, https:\/\/btektech.com\/wp-content\/uploads\/2021\/08\/Screenshot-2021-09-03-155525-300x128.jpg 300w\" sizes=\"(max-width: 693px) 100vw, 693px\" \/>\n<\/div>\n<div style=\"overflow: auto;\">\n<table style=\"text-align: center;\">\n<tbody>\n<tr>\n<td>\u00f6l\u00e7er<\/td>\n<td>Renk<\/td>\n<td>kimlik(mm)<\/td>\n<td>OD(mm)<\/td>\n<td>6.35mm (1\/4&#8243;)<\/td>\n<td>12,7 mm (1\/2&#8243;)<\/td>\n<td>25,4 mm (1&#8243;)<\/td>\n<td>38,1 mm (3\/2&#8243;)<\/td>\n<\/tr>\n<tr>\n<td>14<\/td>\n<td>zeytin<\/td>\n<td>1.54(0.06&#8243;)<\/td>\n<td>1.83(0.072&#8243;)<\/td>\n<td>9018029<\/td>\n<td>9018043<\/td>\n<td>9018032<\/td>\n<td>9018035<\/td>\n<\/tr>\n<tr>\n<td>15<\/td>\n<td>kehribar<\/td>\n<td>1.36(0.053&#8243;)<\/td>\n<td>1,65 (0,065&#8243;)<\/td>\n<td>9018056<\/td>\n<td>9018068<\/td>\n<td>9018059<\/td>\n<td>9018062<\/td>\n<\/tr>\n<tr>\n<td>16<\/td>\n<td>Gri<\/td>\n<td>1.19(0.047&#8243;)<\/td>\n<td>1,64 (0,06\u201d)<\/td>\n<td>9018072<\/td>\n<td>9018073<\/td>\n<td>9018074<\/td>\n<td>9018075<\/td>\n<\/tr>\n<tr>\n<td>18<\/td>\n<td>Ye\u015fil<\/td>\n<td>0.84(0.033&#8243;)<\/td>\n<td>1.27(0.05&#8243;)<\/td>\n<td>9018107<\/td>\n<td>9018122<\/td>\n<td>9018110<\/td>\n<td>9018113<\/td>\n<\/tr>\n<tr>\n<td>20<\/td>\n<td>Pembe<\/td>\n<td>0.61(0.024&#8243;)<\/td>\n<td>0.91(0.036&#8243;)<\/td>\n<td>9018163<\/td>\n<td>9018716<\/td>\n<td>9018166<\/td>\n<td>9018169<\/td>\n<\/tr>\n<tr>\n<td>21<\/td>\n<td>Mor<\/td>\n<td>0.51(0.02&#8243;)<\/td>\n<td>0.82(0.032&#8243;)<\/td>\n<td>9005005<\/td>\n<td>9018233<\/td>\n<td>9018222<\/td>\n<td>9018225<\/td>\n<\/tr>\n<tr>\n<td>22<\/td>\n<td>Mavi<\/td>\n<td>0.41(0.016&#8243;)<\/td>\n<td>0.72(0.028&#8243;)<\/td>\n<td>9018260<\/td>\n<td>9018272<\/td>\n<td>9018263<\/td>\n<td>9018266<\/td>\n<\/tr>\n<tr>\n<td>23<\/td>\n<td>Turuncu<\/td>\n<td>0.33(0.013&#8243;)<\/td>\n<td>0.65(0.025&#8243;)<\/td>\n<td>9018302<\/td>\n<td>9018314<\/td>\n<td>9018305<\/td>\n<td>9018308<\/td>\n<\/tr>\n<tr>\n<td>25<\/td>\n<td>K\u0131rm\u0131z\u0131<\/td>\n<td>0.25(0.01&#8243;)<\/td>\n<td>0.52(0.02&#8243;)<\/td>\n<td>9018333<\/td>\n<td>9018345<\/td>\n<td>9018336<\/td>\n<td>9018339<\/td>\n<\/tr>\n<tr>\n<td>27<\/td>\n<td>Temizlemek<\/td>\n<td>0.2(0,008&#8243;)<\/td>\n<td>0.42(0.016&#8243;)<\/td>\n<td>9018395<\/td>\n<td>9005008<\/td>\n<td>Yok<\/td>\n<td>Yok<\/td>\n<\/tr>\n<tr>\n<td>30<\/td>\n<td>Lavanta<\/td>\n<td>0.15(0,006&#8243;)<\/td>\n<td>0.31(0.012&#8243;)<\/td>\n<td>9018424<\/td>\n<td>9018433<\/td>\n<td>Yok<\/td>\n<td>Yok<\/td>\n<\/tr>\n<tr>\n<td>32<\/td>\n<td>Sar\u0131<\/td>\n<td>0.1(0,004&#8243;)<\/td>\n<td>0.24(0,009&#8243;)<\/td>\n<td>9018452<\/td>\n<td>Yok<\/td>\n<td>Yok<\/td>\n<td>Yok<\/td>\n<\/tr>\n<\/tbody>\n<\/table>\n<\/div>\n","protected":false},"excerpt":{"rendered":"<p>\u00c7ift di\u015fli tasar\u0131m taban\u0131, lastik silindire sabitlenmi\u015f vida, gev\u015femeyin.<\/p>\n","protected":false},"featured_media":21490,"comment_status":"open","ping_status":"closed","template":"","meta":{"_acf_changed":false},"product_brand":[],"product_cat":[152],"product_tag":[],"class_list":{"0":"post-5346","1":"product","2":"type-product","3":"status-publish","4":"has-post-thumbnail","6":"product_cat-dagitim-enjektor-igne-ucu","8":"first","9":"instock","10":"shipping-taxable","11":"product-type-simple"},"acf":[],"yoast_head":"<!-- This site is optimized with the Yoast SEO plugin v26.0 - https:\/\/yoast.com\/wordpress\/plugins\/seo\/ -->\n<title>Genel Ama\u00e7l\u0131 D\u00fcz A\u011f\u0131z Da\u011f\u0131t\u0131m \u0130pu\u00e7lar\u0131 - Btektech<\/title>\n<meta name=\"description\" content=\"Ayg\u0131n olarak kullan\u0131lan genel ama\u00e7l\u0131 plastik da\u011f\u0131t\u0131m u\u00e7lar\u0131. \u015e\u0131r\u0131nga kartu\u015fu, da\u011f\u0131t\u0131m valfi ve kar\u0131\u015ft\u0131rma t\u00fcp\u00fc ile kullan\u0131labilir.\" \/>\n<meta name=\"robots\" content=\"index, follow, max-snippet:-1, max-image-preview:large, max-video-preview:-1\" \/>\n<link rel=\"canonical\" href=\"https:\/\/btektech.com\/tr\/product\/genel-amacli-duz-agiz-dagitim-ipuclari\/\" \/>\n<meta property=\"og:locale\" content=\"tr_TR\" \/>\n<meta property=\"og:type\" content=\"article\" \/>\n<meta property=\"og:title\" content=\"Genel Ama\u00e7l\u0131 D\u00fcz A\u011f\u0131z Da\u011f\u0131t\u0131m \u0130pu\u00e7lar\u0131 - Btektech\" \/>\n<meta property=\"og:description\" content=\"Ayg\u0131n olarak kullan\u0131lan genel ama\u00e7l\u0131 plastik da\u011f\u0131t\u0131m u\u00e7lar\u0131. \u015e\u0131r\u0131nga kartu\u015fu, da\u011f\u0131t\u0131m valfi ve kar\u0131\u015ft\u0131rma t\u00fcp\u00fc ile kullan\u0131labilir.\" \/>\n<meta property=\"og:url\" content=\"https:\/\/btektech.com\/tr\/product\/genel-amacli-duz-agiz-dagitim-ipuclari\/\" \/>\n<meta property=\"og:site_name\" content=\"Btektech\" \/>\n<meta property=\"article:modified_time\" content=\"2022-08-02T07:22:46+00:00\" \/>\n<meta property=\"og:image\" content=\"https:\/\/btektech.com\/wp-content\/uploads\/2021\/08\/1.jpg\" \/>\n\t<meta property=\"og:image:width\" content=\"800\" \/>\n\t<meta property=\"og:image:height\" content=\"800\" \/>\n\t<meta property=\"og:image:type\" content=\"image\/jpeg\" \/>\n<meta name=\"twitter:card\" content=\"summary_large_image\" \/>\n<meta name=\"twitter:site\" content=\"@Btektech1\" \/>\n<script type=\"application\/ld+json\" class=\"yoast-schema-graph\">{\"@context\":\"https:\/\/schema.org\",\"@graph\":[{\"@type\":[\"WebPage\",\"ItemPage\"],\"@id\":\"https:\/\/btektech.com\/tr\/product\/genel-amacli-duz-agiz-dagitim-ipuclari\/\",\"url\":\"https:\/\/btektech.com\/tr\/product\/genel-amacli-duz-agiz-dagitim-ipuclari\/\",\"name\":\"Genel Ama\u00e7l\u0131 D\u00fcz A\u011f\u0131z Da\u011f\u0131t\u0131m \u0130pu\u00e7lar\u0131 - Btektech\",\"isPartOf\":{\"@id\":\"https:\/\/btektech.com\/#website\"},\"primaryImageOfPage\":{\"@id\":\"https:\/\/btektech.com\/tr\/product\/genel-amacli-duz-agiz-dagitim-ipuclari\/#primaryimage\"},\"image\":{\"@id\":\"https:\/\/btektech.com\/tr\/product\/genel-amacli-duz-agiz-dagitim-ipuclari\/#primaryimage\"},\"thumbnailUrl\":\"https:\/\/btektech.com\/wp-content\/uploads\/2025\/12\/2.jpg\",\"datePublished\":\"2022-04-25T09:04:44+00:00\",\"dateModified\":\"2022-08-02T07:22:46+00:00\",\"description\":\"Ayg\u0131n olarak kullan\u0131lan genel ama\u00e7l\u0131 plastik da\u011f\u0131t\u0131m u\u00e7lar\u0131. \u015e\u0131r\u0131nga kartu\u015fu, da\u011f\u0131t\u0131m valfi ve kar\u0131\u015ft\u0131rma t\u00fcp\u00fc ile kullan\u0131labilir.\",\"breadcrumb\":{\"@id\":\"https:\/\/btektech.com\/tr\/product\/genel-amacli-duz-agiz-dagitim-ipuclari\/#breadcrumb\"},\"inLanguage\":\"tr\",\"potentialAction\":[{\"@type\":\"ReadAction\",\"target\":[\"https:\/\/btektech.com\/tr\/product\/genel-amacli-duz-agiz-dagitim-ipuclari\/\"]}]},{\"@type\":\"ImageObject\",\"inLanguage\":\"tr\",\"@id\":\"https:\/\/btektech.com\/tr\/product\/genel-amacli-duz-agiz-dagitim-ipuclari\/#primaryimage\",\"url\":\"https:\/\/btektech.com\/wp-content\/uploads\/2025\/12\/2.jpg\",\"contentUrl\":\"https:\/\/btektech.com\/wp-content\/uploads\/2025\/12\/2.jpg\",\"width\":800,\"height\":800,\"caption\":\"blunt tip needle\"},{\"@type\":\"BreadcrumbList\",\"@id\":\"https:\/\/btektech.com\/tr\/product\/genel-amacli-duz-agiz-dagitim-ipuclari\/#breadcrumb\",\"itemListElement\":[{\"@type\":\"ListItem\",\"position\":1,\"name\":\"Home\",\"item\":\"https:\/\/btektech.com\/tr\/home-2\/\"},{\"@type\":\"ListItem\",\"position\":2,\"name\":\"\u00dcr\u00fcnler\",\"item\":\"https:\/\/btektech.com\/tr\/shop\/\"},{\"@type\":\"ListItem\",\"position\":3,\"name\":\"Dispensing Tips\",\"item\":\"https:\/\/btektech.com\/product-category\/dispensing-tips\/\"},{\"@type\":\"ListItem\",\"position\":4,\"name\":\"Genel Ama\u00e7l\u0131 D\u00fcz A\u011f\u0131z Da\u011f\u0131t\u0131m \u0130pu\u00e7lar\u0131\"}]},{\"@type\":\"WebSite\",\"@id\":\"https:\/\/btektech.com\/#website\",\"url\":\"https:\/\/btektech.com\/\",\"name\":\"Btektech\",\"description\":\"\",\"publisher\":{\"@id\":\"https:\/\/btektech.com\/#organization\"},\"potentialAction\":[{\"@type\":\"SearchAction\",\"target\":{\"@type\":\"EntryPoint\",\"urlTemplate\":\"https:\/\/btektech.com\/?s={search_term_string}\"},\"query-input\":{\"@type\":\"PropertyValueSpecification\",\"valueRequired\":true,\"valueName\":\"search_term_string\"}}],\"inLanguage\":\"tr\"},{\"@type\":\"Organization\",\"@id\":\"https:\/\/btektech.com\/#organization\",\"name\":\"Btektech\",\"url\":\"https:\/\/btektech.com\/\",\"logo\":{\"@type\":\"ImageObject\",\"inLanguage\":\"tr\",\"@id\":\"https:\/\/btektech.com\/#\/schema\/logo\/image\/\",\"url\":\"https:\/\/btektech.com\/wp-content\/uploads\/2021\/08\/btektech-logo.png\",\"contentUrl\":\"https:\/\/btektech.com\/wp-content\/uploads\/2021\/08\/btektech-logo.png\",\"width\":250,\"height\":114,\"caption\":\"Btektech\"},\"image\":{\"@id\":\"https:\/\/btektech.com\/#\/schema\/logo\/image\/\"},\"sameAs\":[\"https:\/\/x.com\/Btektech1\",\"https:\/\/www.instagram.com\/btektech\/\",\"https:\/\/www.linkedin.com\/company\/suzhou-baotailong-electronic-materials-co-ltd\/\",\"https:\/\/www.pinterest.com\/btektech\/_saved\/\",\"https:\/\/www.youtube.com\/channel\/UCBiw4Bc4CmQDrdo-QqyVTqQ\"]}]}<\/script>\n<!-- \/ Yoast SEO plugin. -->","yoast_head_json":{"title":"Genel Ama\u00e7l\u0131 D\u00fcz A\u011f\u0131z Da\u011f\u0131t\u0131m \u0130pu\u00e7lar\u0131 - Btektech","description":"Ayg\u0131n olarak kullan\u0131lan genel ama\u00e7l\u0131 plastik da\u011f\u0131t\u0131m u\u00e7lar\u0131. \u015e\u0131r\u0131nga kartu\u015fu, da\u011f\u0131t\u0131m valfi ve kar\u0131\u015ft\u0131rma t\u00fcp\u00fc ile kullan\u0131labilir.","robots":{"index":"index","follow":"follow","max-snippet":"max-snippet:-1","max-image-preview":"max-image-preview:large","max-video-preview":"max-video-preview:-1"},"canonical":"https:\/\/btektech.com\/tr\/product\/genel-amacli-duz-agiz-dagitim-ipuclari\/","og_locale":"tr_TR","og_type":"article","og_title":"Genel Ama\u00e7l\u0131 D\u00fcz A\u011f\u0131z Da\u011f\u0131t\u0131m \u0130pu\u00e7lar\u0131 - Btektech","og_description":"Ayg\u0131n olarak kullan\u0131lan genel ama\u00e7l\u0131 plastik da\u011f\u0131t\u0131m u\u00e7lar\u0131. \u015e\u0131r\u0131nga kartu\u015fu, da\u011f\u0131t\u0131m valfi ve kar\u0131\u015ft\u0131rma t\u00fcp\u00fc ile kullan\u0131labilir.","og_url":"https:\/\/btektech.com\/tr\/product\/genel-amacli-duz-agiz-dagitim-ipuclari\/","og_site_name":"Btektech","article_modified_time":"2022-08-02T07:22:46+00:00","og_image":[{"width":800,"height":800,"url":"https:\/\/btektech.com\/wp-content\/uploads\/2021\/08\/1.jpg","type":"image\/jpeg"}],"twitter_card":"summary_large_image","twitter_site":"@Btektech1","schema":{"@context":"https:\/\/schema.org","@graph":[{"@type":["WebPage","ItemPage"],"@id":"https:\/\/btektech.com\/tr\/product\/genel-amacli-duz-agiz-dagitim-ipuclari\/","url":"https:\/\/btektech.com\/tr\/product\/genel-amacli-duz-agiz-dagitim-ipuclari\/","name":"Genel Ama\u00e7l\u0131 D\u00fcz A\u011f\u0131z Da\u011f\u0131t\u0131m \u0130pu\u00e7lar\u0131 - Btektech","isPartOf":{"@id":"https:\/\/btektech.com\/#website"},"primaryImageOfPage":{"@id":"https:\/\/btektech.com\/tr\/product\/genel-amacli-duz-agiz-dagitim-ipuclari\/#primaryimage"},"image":{"@id":"https:\/\/btektech.com\/tr\/product\/genel-amacli-duz-agiz-dagitim-ipuclari\/#primaryimage"},"thumbnailUrl":"https:\/\/btektech.com\/wp-content\/uploads\/2025\/12\/2.jpg","datePublished":"2022-04-25T09:04:44+00:00","dateModified":"2022-08-02T07:22:46+00:00","description":"Ayg\u0131n olarak kullan\u0131lan genel ama\u00e7l\u0131 plastik da\u011f\u0131t\u0131m u\u00e7lar\u0131. \u015e\u0131r\u0131nga kartu\u015fu, da\u011f\u0131t\u0131m valfi ve kar\u0131\u015ft\u0131rma t\u00fcp\u00fc ile kullan\u0131labilir.","breadcrumb":{"@id":"https:\/\/btektech.com\/tr\/product\/genel-amacli-duz-agiz-dagitim-ipuclari\/#breadcrumb"},"inLanguage":"tr","potentialAction":[{"@type":"ReadAction","target":["https:\/\/btektech.com\/tr\/product\/genel-amacli-duz-agiz-dagitim-ipuclari\/"]}]},{"@type":"ImageObject","inLanguage":"tr","@id":"https:\/\/btektech.com\/tr\/product\/genel-amacli-duz-agiz-dagitim-ipuclari\/#primaryimage","url":"https:\/\/btektech.com\/wp-content\/uploads\/2025\/12\/2.jpg","contentUrl":"https:\/\/btektech.com\/wp-content\/uploads\/2025\/12\/2.jpg","width":800,"height":800,"caption":"blunt tip needle"},{"@type":"BreadcrumbList","@id":"https:\/\/btektech.com\/tr\/product\/genel-amacli-duz-agiz-dagitim-ipuclari\/#breadcrumb","itemListElement":[{"@type":"ListItem","position":1,"name":"Home","item":"https:\/\/btektech.com\/tr\/home-2\/"},{"@type":"ListItem","position":2,"name":"\u00dcr\u00fcnler","item":"https:\/\/btektech.com\/tr\/shop\/"},{"@type":"ListItem","position":3,"name":"Dispensing Tips","item":"https:\/\/btektech.com\/product-category\/dispensing-tips\/"},{"@type":"ListItem","position":4,"name":"Genel Ama\u00e7l\u0131 D\u00fcz A\u011f\u0131z Da\u011f\u0131t\u0131m \u0130pu\u00e7lar\u0131"}]},{"@type":"WebSite","@id":"https:\/\/btektech.com\/#website","url":"https:\/\/btektech.com\/","name":"Btektech","description":"","publisher":{"@id":"https:\/\/btektech.com\/#organization"},"potentialAction":[{"@type":"SearchAction","target":{"@type":"EntryPoint","urlTemplate":"https:\/\/btektech.com\/?s={search_term_string}"},"query-input":{"@type":"PropertyValueSpecification","valueRequired":true,"valueName":"search_term_string"}}],"inLanguage":"tr"},{"@type":"Organization","@id":"https:\/\/btektech.com\/#organization","name":"Btektech","url":"https:\/\/btektech.com\/","logo":{"@type":"ImageObject","inLanguage":"tr","@id":"https:\/\/btektech.com\/#\/schema\/logo\/image\/","url":"https:\/\/btektech.com\/wp-content\/uploads\/2021\/08\/btektech-logo.png","contentUrl":"https:\/\/btektech.com\/wp-content\/uploads\/2021\/08\/btektech-logo.png","width":250,"height":114,"caption":"Btektech"},"image":{"@id":"https:\/\/btektech.com\/#\/schema\/logo\/image\/"},"sameAs":["https:\/\/x.com\/Btektech1","https:\/\/www.instagram.com\/btektech\/","https:\/\/www.linkedin.com\/company\/suzhou-baotailong-electronic-materials-co-ltd\/","https:\/\/www.pinterest.com\/btektech\/_saved\/","https:\/\/www.youtube.com\/channel\/UCBiw4Bc4CmQDrdo-QqyVTqQ"]}]}},"_links":{"self":[{"href":"https:\/\/btektech.com\/tr\/wp-json\/wp\/v2\/product\/5346","targetHints":{"allow":["GET"]}}],"collection":[{"href":"https:\/\/btektech.com\/tr\/wp-json\/wp\/v2\/product"}],"about":[{"href":"https:\/\/btektech.com\/tr\/wp-json\/wp\/v2\/types\/product"}],"replies":[{"embeddable":true,"href":"https:\/\/btektech.com\/tr\/wp-json\/wp\/v2\/comments?post=5346"}],"version-history":[{"count":0,"href":"https:\/\/btektech.com\/tr\/wp-json\/wp\/v2\/product\/5346\/revisions"}],"wp:featuredmedia":[{"embeddable":true,"href":"https:\/\/btektech.com\/tr\/wp-json\/wp\/v2\/media\/21490"}],"wp:attachment":[{"href":"https:\/\/btektech.com\/tr\/wp-json\/wp\/v2\/media?parent=5346"}],"wp:term":[{"taxonomy":"product_brand","embeddable":true,"href":"https:\/\/btektech.com\/tr\/wp-json\/wp\/v2\/product_brand?post=5346"},{"taxonomy":"product_cat","embeddable":true,"href":"https:\/\/btektech.com\/tr\/wp-json\/wp\/v2\/product_cat?post=5346"},{"taxonomy":"product_tag","embeddable":true,"href":"https:\/\/btektech.com\/tr\/wp-json\/wp\/v2\/product_tag?post=5346"}],"curies":[{"name":"wp","href":"https:\/\/api.w.org\/{rel}","templated":true}]}}