{"id":5344,"date":"2021-09-09T03:10:00","date_gmt":"2022-04-25T09:04:43","guid":{"rendered":"https:\/\/btektech.com\/product\/amerikan-hortum-kelepcesi\/"},"modified":"2022-11-21T02:21:47","modified_gmt":"2022-11-21T02:21:47","slug":"amerikan-hortum-kelepcesi","status":"publish","type":"product","link":"https:\/\/btektech.com\/tr\/product\/amerikan-hortum-kelepcesi\/","title":{"rendered":"Amerikan Hortum Kelep\u00e7esi"},"content":{"rendered":"<p>Amerikan bo\u011faz kasna\u011f\u0131 yayg\u0131n olarak kullan\u0131lmaktad\u0131r. Ayr\u0131ca, Amerikan hortum kelep\u00e7esi \u00e7elik kay\u0131\u015f\u0131n\u0131n g\u00fc\u00e7l\u00fc esnekli\u011fi nedeniyle, di\u011fer hortum kelep\u00e7eleri ile e\u015fsiz olan duman egzoz borusu ve d\u0131\u015f mekan \u00e7elik yap\u0131lar\u0131 gibi dairesel olmayan nesneler ve kare silindirik nesneler \u00fczerinde etkili bir \u015fekilde kullan\u0131labilir.<\/p>\n<div style=\"overflow: auto;\">\n<table style=\"text-align: center;\">\n<tbody>\n<tr>\n<th>Bant geni\u015fli\u011fi(mm)<\/th>\n<th>Menzil(mm)<\/th>\n<th>Menzil(in\u00e7)<\/th>\n<th>Kal\u0131nl\u0131k(mm)<\/th>\n<th>Mola torku(Nm)<\/th>\n<\/tr>\n<tr>\n<td>8<\/td>\n<td>8-12<\/td>\n<td>3\/8-1\/2&#8243;<\/td>\n<td>0.6<\/td>\n<td>5Nm<\/td>\n<\/tr>\n<tr>\n<td>8<\/td>\n<td>10-16<\/td>\n<td>3\/8-0.629&#8243;<\/td>\n<td>0.6<\/td>\n<td>5Nm<\/td>\n<\/tr>\n<tr>\n<td>8<\/td>\n<td>13-19<\/td>\n<td>1\/2-3\/4&#8243;<\/td>\n<td>0.6<\/td>\n<td>5Nm<\/td>\n<\/tr>\n<tr>\n<td>8<\/td>\n<td>11-20<\/td>\n<td>0.44-0.78&#8243;<\/td>\n<td>0.6<\/td>\n<td>5Nm<\/td>\n<\/tr>\n<tr>\n<td>8<\/td>\n<td>14-27<\/td>\n<td>0.56-1.06&#8243;<\/td>\n<td>0.6<\/td>\n<td>5Nm<\/td>\n<\/tr>\n<tr>\n<td>12.7<\/td>\n<td>18-32<\/td>\n<td>0.69-1.25&#8243;<\/td>\n<td>0.6<\/td>\n<td>8Nm<\/td>\n<\/tr>\n<tr>\n<td>12.7<\/td>\n<td>21-38<\/td>\n<td>0.81-1.5&#8243;<\/td>\n<td>0.6<\/td>\n<td>8Nm<\/td>\n<\/tr>\n<tr>\n<td>12.7<\/td>\n<td>21-44<\/td>\n<td>0.81-1.75&#8243;<\/td>\n<td>0.6<\/td>\n<td>8Nm<\/td>\n<\/tr>\n<tr>\n<td>12.7<\/td>\n<td>27-51<\/td>\n<td>1.06-2.0&#8243;<\/td>\n<td>0.6<\/td>\n<td>8Nm<\/td>\n<\/tr>\n<tr>\n<td>12.7<\/td>\n<td>33-57<\/td>\n<td>1.31-2.25&#8243;<\/td>\n<td>0.6<\/td>\n<td>8Nm<\/td>\n<\/tr>\n<tr>\n<td>12.7<\/td>\n<td>40-64<\/td>\n<td>1.56-2.5&#8243;<\/td>\n<td>0.6<\/td>\n<td>8Nm<\/td>\n<\/tr>\n<tr>\n<td>12.7<\/td>\n<td>52-76<\/td>\n<td>2.06-3&#8243;<\/td>\n<td>0.6<\/td>\n<td>8Nm<\/td>\n<\/tr>\n<tr>\n<td>12.7<\/td>\n<td>59-83<\/td>\n<td>2.31-3.25&#8243;<\/td>\n<td>0.6<\/td>\n<td>8Nm<\/td>\n<\/tr>\n<tr>\n<td>12.7<\/td>\n<td>65-89<\/td>\n<td>2.56-3.5&#8243;<\/td>\n<td>0.6<\/td>\n<td>8Nm<\/td>\n<\/tr>\n<tr>\n<td>12.7<\/td>\n<td>70-95<\/td>\n<td>2.81-3.75&#8243;<\/td>\n<td>0.6<\/td>\n<td>8Nm<\/td>\n<\/tr>\n<tr>\n<td>12.7<\/td>\n<td>78-101<\/td>\n<td>3.06-4&#8243;<\/td>\n<td>0.6<\/td>\n<td>8Nm<\/td>\n<\/tr>\n<tr>\n<td>12.7<\/td>\n<td>90-114<\/td>\n<td>3.56-4.5&#8243;<\/td>\n<td>0.6<\/td>\n<td>8Nm<\/td>\n<\/tr>\n<tr>\n<td>12.7<\/td>\n<td>105-127<\/td>\n<td>4.06-5.5&#8243;<\/td>\n<td>0.6<\/td>\n<td>8Nm<\/td>\n<\/tr>\n<tr>\n<td>12.7<\/td>\n<td>117-140<\/td>\n<td>4.62-5.5&#8243;<\/td>\n<td>0.6<\/td>\n<td>8Nm<\/td>\n<\/tr>\n<tr>\n<td>12.7<\/td>\n<td>130-152<\/td>\n<td>5.12-6&#8243;<\/td>\n<td>0.6<\/td>\n<td>8Nm<\/td>\n<\/tr>\n<tr>\n<td>12.7<\/td>\n<td>141-165<\/td>\n<td>5.56-6.5&#8243;<\/td>\n<td>0.6<\/td>\n<td>8Nm<\/td>\n<\/tr>\n<tr>\n<td>12.7<\/td>\n<td>153-178<\/td>\n<td>6.18-7&#8243;<\/td>\n<td>0.6<\/td>\n<td>8Nm<\/td>\n<\/tr>\n<\/tbody>\n<\/table>\n<\/div>\n","protected":false},"excerpt":{"rendered":"<p>D\u00fc\u015f\u00fck montaj torku ve y\u00fcksek k\u0131r\u0131lma torku ile delikli bant.<\/p>\n","protected":false},"featured_media":2153,"comment_status":"open","ping_status":"closed","template":"","meta":{"_acf_changed":false},"product_brand":[],"product_cat":[138],"product_tag":[],"class_list":{"0":"post-5344","1":"product","2":"type-product","3":"status-publish","4":"has-post-thumbnail","6":"product_cat-hortum-kelepceleri","8":"first","9":"instock","10":"shipping-taxable","11":"product-type-simple"},"acf":[],"yoast_head":"<!-- This site is optimized with the Yoast SEO plugin v26.0 - https:\/\/yoast.com\/wordpress\/plugins\/seo\/ -->\n<title>Amerikan Hortum Kelep\u00e7esi - Btektech<\/title>\n<meta name=\"description\" content=\"Amerikan Hortum Kelep\u00e7esi d\u00fc\u015f\u00fck montaj torku ve y\u00fcksek k\u0131r\u0131lma torku ile delikli bant.\" \/>\n<meta name=\"robots\" content=\"index, follow, max-snippet:-1, max-image-preview:large, max-video-preview:-1\" \/>\n<link rel=\"canonical\" href=\"https:\/\/btektech.com\/tr\/product\/amerikan-hortum-kelepcesi\/\" \/>\n<meta property=\"og:locale\" content=\"tr_TR\" \/>\n<meta property=\"og:type\" content=\"article\" \/>\n<meta property=\"og:title\" content=\"Amerikan Hortum Kelep\u00e7esi - Btektech\" \/>\n<meta property=\"og:description\" content=\"Amerikan Hortum Kelep\u00e7esi d\u00fc\u015f\u00fck montaj torku ve y\u00fcksek k\u0131r\u0131lma torku ile delikli bant.\" \/>\n<meta property=\"og:url\" content=\"https:\/\/btektech.com\/tr\/product\/amerikan-hortum-kelepcesi\/\" \/>\n<meta property=\"og:site_name\" content=\"Btektech\" \/>\n<meta property=\"article:modified_time\" content=\"2022-11-21T02:21:47+00:00\" \/>\n<meta property=\"og:image\" content=\"https:\/\/btektech.com\/wp-content\/uploads\/2021\/09\/US.jpg\" \/>\n\t<meta property=\"og:image:width\" content=\"788\" \/>\n\t<meta property=\"og:image:height\" content=\"788\" \/>\n\t<meta property=\"og:image:type\" content=\"image\/jpeg\" \/>\n<meta name=\"twitter:card\" content=\"summary_large_image\" \/>\n<meta name=\"twitter:site\" content=\"@Btektech1\" \/>\n<meta name=\"twitter:label1\" content=\"Tahmini okuma s\u00fcresi\" \/>\n\t<meta name=\"twitter:data1\" content=\"1 dakika\" \/>\n<script type=\"application\/ld+json\" class=\"yoast-schema-graph\">{\"@context\":\"https:\/\/schema.org\",\"@graph\":[{\"@type\":[\"WebPage\",\"ItemPage\"],\"@id\":\"https:\/\/btektech.com\/tr\/product\/amerikan-hortum-kelepcesi\/\",\"url\":\"https:\/\/btektech.com\/tr\/product\/amerikan-hortum-kelepcesi\/\",\"name\":\"Amerikan Hortum Kelep\u00e7esi - Btektech\",\"isPartOf\":{\"@id\":\"https:\/\/btektech.com\/#website\"},\"primaryImageOfPage\":{\"@id\":\"https:\/\/btektech.com\/tr\/product\/amerikan-hortum-kelepcesi\/#primaryimage\"},\"image\":{\"@id\":\"https:\/\/btektech.com\/tr\/product\/amerikan-hortum-kelepcesi\/#primaryimage\"},\"thumbnailUrl\":\"https:\/\/btektech.com\/wp-content\/uploads\/2021\/09\/US.jpg\",\"datePublished\":\"2022-04-25T09:04:43+00:00\",\"dateModified\":\"2022-11-21T02:21:47+00:00\",\"description\":\"Amerikan Hortum Kelep\u00e7esi d\u00fc\u015f\u00fck montaj torku ve y\u00fcksek k\u0131r\u0131lma torku ile delikli bant.\",\"breadcrumb\":{\"@id\":\"https:\/\/btektech.com\/tr\/product\/amerikan-hortum-kelepcesi\/#breadcrumb\"},\"inLanguage\":\"tr\",\"potentialAction\":[{\"@type\":\"ReadAction\",\"target\":[\"https:\/\/btektech.com\/tr\/product\/amerikan-hortum-kelepcesi\/\"]}]},{\"@type\":\"ImageObject\",\"inLanguage\":\"tr\",\"@id\":\"https:\/\/btektech.com\/tr\/product\/amerikan-hortum-kelepcesi\/#primaryimage\",\"url\":\"https:\/\/btektech.com\/wp-content\/uploads\/2021\/09\/US.jpg\",\"contentUrl\":\"https:\/\/btektech.com\/wp-content\/uploads\/2021\/09\/US.jpg\",\"width\":788,\"height\":788,\"caption\":\"Amerikan Hortum Kelep\u00e7esi\"},{\"@type\":\"BreadcrumbList\",\"@id\":\"https:\/\/btektech.com\/tr\/product\/amerikan-hortum-kelepcesi\/#breadcrumb\",\"itemListElement\":[{\"@type\":\"ListItem\",\"position\":1,\"name\":\"Home\",\"item\":\"https:\/\/btektech.com\/tr\/home-2\/\"},{\"@type\":\"ListItem\",\"position\":2,\"name\":\"\u00dcr\u00fcnler\",\"item\":\"https:\/\/btektech.com\/tr\/shop\/\"},{\"@type\":\"ListItem\",\"position\":3,\"name\":\"Heavy-Duty &amp; Industrial Hose Clamps\",\"item\":\"https:\/\/btektech.com\/product-category\/heavy-duty-and-industrial-hose-clamps\/\"},{\"@type\":\"ListItem\",\"position\":4,\"name\":\"Amerikan Hortum Kelep\u00e7esi\"}]},{\"@type\":\"WebSite\",\"@id\":\"https:\/\/btektech.com\/#website\",\"url\":\"https:\/\/btektech.com\/\",\"name\":\"Btektech\",\"description\":\"\",\"publisher\":{\"@id\":\"https:\/\/btektech.com\/#organization\"},\"potentialAction\":[{\"@type\":\"SearchAction\",\"target\":{\"@type\":\"EntryPoint\",\"urlTemplate\":\"https:\/\/btektech.com\/?s={search_term_string}\"},\"query-input\":{\"@type\":\"PropertyValueSpecification\",\"valueRequired\":true,\"valueName\":\"search_term_string\"}}],\"inLanguage\":\"tr\"},{\"@type\":\"Organization\",\"@id\":\"https:\/\/btektech.com\/#organization\",\"name\":\"Btektech\",\"url\":\"https:\/\/btektech.com\/\",\"logo\":{\"@type\":\"ImageObject\",\"inLanguage\":\"tr\",\"@id\":\"https:\/\/btektech.com\/#\/schema\/logo\/image\/\",\"url\":\"https:\/\/btektech.com\/wp-content\/uploads\/2021\/08\/btektech-logo.png\",\"contentUrl\":\"https:\/\/btektech.com\/wp-content\/uploads\/2021\/08\/btektech-logo.png\",\"width\":250,\"height\":114,\"caption\":\"Btektech\"},\"image\":{\"@id\":\"https:\/\/btektech.com\/#\/schema\/logo\/image\/\"},\"sameAs\":[\"https:\/\/x.com\/Btektech1\",\"https:\/\/www.instagram.com\/btektech\/\",\"https:\/\/www.linkedin.com\/company\/suzhou-baotailong-electronic-materials-co-ltd\/\",\"https:\/\/www.pinterest.com\/btektech\/_saved\/\",\"https:\/\/www.youtube.com\/channel\/UCBiw4Bc4CmQDrdo-QqyVTqQ\"]}]}<\/script>\n<!-- \/ Yoast SEO plugin. -->","yoast_head_json":{"title":"Amerikan Hortum Kelep\u00e7esi - Btektech","description":"Amerikan Hortum Kelep\u00e7esi d\u00fc\u015f\u00fck montaj torku ve y\u00fcksek k\u0131r\u0131lma torku ile delikli bant.","robots":{"index":"index","follow":"follow","max-snippet":"max-snippet:-1","max-image-preview":"max-image-preview:large","max-video-preview":"max-video-preview:-1"},"canonical":"https:\/\/btektech.com\/tr\/product\/amerikan-hortum-kelepcesi\/","og_locale":"tr_TR","og_type":"article","og_title":"Amerikan Hortum Kelep\u00e7esi - Btektech","og_description":"Amerikan Hortum Kelep\u00e7esi d\u00fc\u015f\u00fck montaj torku ve y\u00fcksek k\u0131r\u0131lma torku ile delikli bant.","og_url":"https:\/\/btektech.com\/tr\/product\/amerikan-hortum-kelepcesi\/","og_site_name":"Btektech","article_modified_time":"2022-11-21T02:21:47+00:00","og_image":[{"width":788,"height":788,"url":"https:\/\/btektech.com\/wp-content\/uploads\/2021\/09\/US.jpg","type":"image\/jpeg"}],"twitter_card":"summary_large_image","twitter_site":"@Btektech1","twitter_misc":{"Tahmini okuma s\u00fcresi":"1 dakika"},"schema":{"@context":"https:\/\/schema.org","@graph":[{"@type":["WebPage","ItemPage"],"@id":"https:\/\/btektech.com\/tr\/product\/amerikan-hortum-kelepcesi\/","url":"https:\/\/btektech.com\/tr\/product\/amerikan-hortum-kelepcesi\/","name":"Amerikan Hortum Kelep\u00e7esi - Btektech","isPartOf":{"@id":"https:\/\/btektech.com\/#website"},"primaryImageOfPage":{"@id":"https:\/\/btektech.com\/tr\/product\/amerikan-hortum-kelepcesi\/#primaryimage"},"image":{"@id":"https:\/\/btektech.com\/tr\/product\/amerikan-hortum-kelepcesi\/#primaryimage"},"thumbnailUrl":"https:\/\/btektech.com\/wp-content\/uploads\/2021\/09\/US.jpg","datePublished":"2022-04-25T09:04:43+00:00","dateModified":"2022-11-21T02:21:47+00:00","description":"Amerikan Hortum Kelep\u00e7esi d\u00fc\u015f\u00fck montaj torku ve y\u00fcksek k\u0131r\u0131lma torku ile delikli bant.","breadcrumb":{"@id":"https:\/\/btektech.com\/tr\/product\/amerikan-hortum-kelepcesi\/#breadcrumb"},"inLanguage":"tr","potentialAction":[{"@type":"ReadAction","target":["https:\/\/btektech.com\/tr\/product\/amerikan-hortum-kelepcesi\/"]}]},{"@type":"ImageObject","inLanguage":"tr","@id":"https:\/\/btektech.com\/tr\/product\/amerikan-hortum-kelepcesi\/#primaryimage","url":"https:\/\/btektech.com\/wp-content\/uploads\/2021\/09\/US.jpg","contentUrl":"https:\/\/btektech.com\/wp-content\/uploads\/2021\/09\/US.jpg","width":788,"height":788,"caption":"Amerikan Hortum Kelep\u00e7esi"},{"@type":"BreadcrumbList","@id":"https:\/\/btektech.com\/tr\/product\/amerikan-hortum-kelepcesi\/#breadcrumb","itemListElement":[{"@type":"ListItem","position":1,"name":"Home","item":"https:\/\/btektech.com\/tr\/home-2\/"},{"@type":"ListItem","position":2,"name":"\u00dcr\u00fcnler","item":"https:\/\/btektech.com\/tr\/shop\/"},{"@type":"ListItem","position":3,"name":"Heavy-Duty &amp; Industrial Hose Clamps","item":"https:\/\/btektech.com\/product-category\/heavy-duty-and-industrial-hose-clamps\/"},{"@type":"ListItem","position":4,"name":"Amerikan Hortum Kelep\u00e7esi"}]},{"@type":"WebSite","@id":"https:\/\/btektech.com\/#website","url":"https:\/\/btektech.com\/","name":"Btektech","description":"","publisher":{"@id":"https:\/\/btektech.com\/#organization"},"potentialAction":[{"@type":"SearchAction","target":{"@type":"EntryPoint","urlTemplate":"https:\/\/btektech.com\/?s={search_term_string}"},"query-input":{"@type":"PropertyValueSpecification","valueRequired":true,"valueName":"search_term_string"}}],"inLanguage":"tr"},{"@type":"Organization","@id":"https:\/\/btektech.com\/#organization","name":"Btektech","url":"https:\/\/btektech.com\/","logo":{"@type":"ImageObject","inLanguage":"tr","@id":"https:\/\/btektech.com\/#\/schema\/logo\/image\/","url":"https:\/\/btektech.com\/wp-content\/uploads\/2021\/08\/btektech-logo.png","contentUrl":"https:\/\/btektech.com\/wp-content\/uploads\/2021\/08\/btektech-logo.png","width":250,"height":114,"caption":"Btektech"},"image":{"@id":"https:\/\/btektech.com\/#\/schema\/logo\/image\/"},"sameAs":["https:\/\/x.com\/Btektech1","https:\/\/www.instagram.com\/btektech\/","https:\/\/www.linkedin.com\/company\/suzhou-baotailong-electronic-materials-co-ltd\/","https:\/\/www.pinterest.com\/btektech\/_saved\/","https:\/\/www.youtube.com\/channel\/UCBiw4Bc4CmQDrdo-QqyVTqQ"]}]}},"_links":{"self":[{"href":"https:\/\/btektech.com\/tr\/wp-json\/wp\/v2\/product\/5344","targetHints":{"allow":["GET"]}}],"collection":[{"href":"https:\/\/btektech.com\/tr\/wp-json\/wp\/v2\/product"}],"about":[{"href":"https:\/\/btektech.com\/tr\/wp-json\/wp\/v2\/types\/product"}],"replies":[{"embeddable":true,"href":"https:\/\/btektech.com\/tr\/wp-json\/wp\/v2\/comments?post=5344"}],"version-history":[{"count":0,"href":"https:\/\/btektech.com\/tr\/wp-json\/wp\/v2\/product\/5344\/revisions"}],"wp:featuredmedia":[{"embeddable":true,"href":"https:\/\/btektech.com\/tr\/wp-json\/wp\/v2\/media\/2153"}],"wp:attachment":[{"href":"https:\/\/btektech.com\/tr\/wp-json\/wp\/v2\/media?parent=5344"}],"wp:term":[{"taxonomy":"product_brand","embeddable":true,"href":"https:\/\/btektech.com\/tr\/wp-json\/wp\/v2\/product_brand?post=5344"},{"taxonomy":"product_cat","embeddable":true,"href":"https:\/\/btektech.com\/tr\/wp-json\/wp\/v2\/product_cat?post=5344"},{"taxonomy":"product_tag","embeddable":true,"href":"https:\/\/btektech.com\/tr\/wp-json\/wp\/v2\/product_tag?post=5344"}],"curies":[{"name":"wp","href":"https:\/\/api.w.org\/{rel}","templated":true}]}}