{"id":5343,"date":"2021-09-10T09:05:34","date_gmt":"2022-04-25T09:04:03","guid":{"rendered":"https:\/\/btektech.com\/product\/siringa-adaptoru\/"},"modified":"2022-08-02T05:38:16","modified_gmt":"2022-08-02T05:38:16","slug":"siringa-adaptoru","status":"publish","type":"product","link":"https:\/\/btektech.com\/tr\/product\/siringa-adaptoru\/","title":{"rendered":"\u015e\u0131r\u0131nga Adapt\u00f6r\u00fc"},"content":{"rendered":"<p>Kartu\u015fun ba\u011flay\u0131c\u0131s\u0131, end\u00fcstriyel kaliteyi sa\u011flamak i\u00e7in aside ve alkaliye dayan\u0131kl\u0131 ve korozyona dayan\u0131kl\u0131 malzemelerden yap\u0131lm\u0131\u015ft\u0131r. Hepsi, organik silikon conta halkal\u0131 veya kau\u00e7uk conta halkal\u0131 g\u00f6m\u00fcl\u00fc kenarlar kullan\u0131r. Hava t\u00fcp\u00fcn\u00fcn standart uzunlu\u011fu 1 metredir ve 1.5mpa y\u00fcksek bas\u0131nca dayanabilir. Amerikan ve Japon hava t\u00fcp\u00fc ba\u011flant\u0131lar\u0131 birbirinin yerine kullan\u0131labilir.<\/p>\n<div style=\"overflow: auto;\">\n<table style=\"text-align: center;\" border=\"0\"  cellspacing=\"0\" cellpadding=\"0\">\n<tbody>\n<tr>\n<th>E\u015fya yok.<\/th>\n<th>Kapasite<\/th>\n<\/tr>\n<tr>\n<td>SA03<\/td>\n<td>3CC<\/td>\n<\/tr>\n<tr>\n<td>SA05<\/td>\n<td>5CC<\/td>\n<\/tr>\n<tr>\n<td>SA10<\/td>\n<td>10CC<\/td>\n<\/tr>\n<tr>\n<td>SA30<\/td>\n<td>30CC<\/td>\n<\/tr>\n<tr>\n<td>SA55<\/td>\n<td>55CC<\/td>\n<\/tr>\n<\/tbody>\n<\/table>\n<\/div>\n","protected":false},"excerpt":{"rendered":"<p><span class=\"src\" data-group=\"0-0\">Adapt\u00f6r konekt\u00f6rleri, korozyona dayan\u0131kl\u0131, y\u00fcksek mukavemetli malzemelerden yap\u0131lm\u0131\u015ft\u0131r. <\/span><span class=\"src\" data-group=\"0-1\">Y\u00fcksek bas\u0131n\u00e7l\u0131 ortamda k\u0131r\u0131lmadan uzun s\u00fcre dayanabilir. <\/span><\/p>\n","protected":false},"featured_media":2218,"comment_status":"open","ping_status":"closed","template":"","meta":{"_acf_changed":false},"product_brand":[],"product_cat":[145],"product_tag":[],"class_list":{"0":"post-5343","1":"product","2":"type-product","3":"status-publish","4":"has-post-thumbnail","6":"product_cat-diger-dagitim-malzemeleri","8":"first","9":"instock","10":"shipping-taxable","11":"product-type-simple"},"acf":[],"yoast_head":"<!-- This site is optimized with the Yoast SEO plugin v26.0 - https:\/\/yoast.com\/wordpress\/plugins\/seo\/ -->\n<title>\u015e\u0131r\u0131nga Adapt\u00f6r\u00fc - Btektech<\/title>\n<meta name=\"description\" content=\"\u015e\u0131r\u0131nga Adapt\u00f6r\u00fc end\u00fcstriyel kaliteyi sa\u011flamak i\u00e7in aside ve alkaliye dayan\u0131kl\u0131 ve korozyona dayan\u0131kl\u0131 malzemelerden yap\u0131lm\u0131\u015ft\u0131r.\" \/>\n<meta name=\"robots\" content=\"index, follow, max-snippet:-1, max-image-preview:large, max-video-preview:-1\" \/>\n<link rel=\"canonical\" href=\"https:\/\/btektech.com\/tr\/product\/siringa-adaptoru\/\" \/>\n<meta property=\"og:locale\" content=\"tr_TR\" \/>\n<meta property=\"og:type\" content=\"article\" \/>\n<meta property=\"og:title\" content=\"\u015e\u0131r\u0131nga Adapt\u00f6r\u00fc - Btektech\" \/>\n<meta property=\"og:description\" content=\"\u015e\u0131r\u0131nga Adapt\u00f6r\u00fc end\u00fcstriyel kaliteyi sa\u011flamak i\u00e7in aside ve alkaliye dayan\u0131kl\u0131 ve korozyona dayan\u0131kl\u0131 malzemelerden yap\u0131lm\u0131\u015ft\u0131r.\" \/>\n<meta property=\"og:url\" content=\"https:\/\/btektech.com\/tr\/product\/siringa-adaptoru\/\" \/>\n<meta property=\"og:site_name\" content=\"Btektech\" \/>\n<meta property=\"article:modified_time\" content=\"2022-08-02T05:38:16+00:00\" \/>\n<meta property=\"og:image\" content=\"https:\/\/btektech.com\/wp-content\/uploads\/2021\/09\/52541a.jpg\" \/>\n\t<meta property=\"og:image:width\" content=\"1000\" \/>\n\t<meta property=\"og:image:height\" content=\"1000\" \/>\n\t<meta property=\"og:image:type\" content=\"image\/jpeg\" \/>\n<meta name=\"twitter:card\" content=\"summary_large_image\" \/>\n<meta name=\"twitter:site\" content=\"@Btektech1\" \/>\n<script type=\"application\/ld+json\" class=\"yoast-schema-graph\">{\"@context\":\"https:\/\/schema.org\",\"@graph\":[{\"@type\":[\"WebPage\",\"ItemPage\"],\"@id\":\"https:\/\/btektech.com\/tr\/product\/siringa-adaptoru\/\",\"url\":\"https:\/\/btektech.com\/tr\/product\/siringa-adaptoru\/\",\"name\":\"\u015e\u0131r\u0131nga Adapt\u00f6r\u00fc - Btektech\",\"isPartOf\":{\"@id\":\"https:\/\/btektech.com\/#website\"},\"primaryImageOfPage\":{\"@id\":\"https:\/\/btektech.com\/tr\/product\/siringa-adaptoru\/#primaryimage\"},\"image\":{\"@id\":\"https:\/\/btektech.com\/tr\/product\/siringa-adaptoru\/#primaryimage\"},\"thumbnailUrl\":\"https:\/\/btektech.com\/wp-content\/uploads\/2021\/09\/52541a.jpg\",\"datePublished\":\"2022-04-25T09:04:03+00:00\",\"dateModified\":\"2022-08-02T05:38:16+00:00\",\"description\":\"\u015e\u0131r\u0131nga Adapt\u00f6r\u00fc end\u00fcstriyel kaliteyi sa\u011flamak i\u00e7in aside ve alkaliye dayan\u0131kl\u0131 ve korozyona dayan\u0131kl\u0131 malzemelerden yap\u0131lm\u0131\u015ft\u0131r.\",\"breadcrumb\":{\"@id\":\"https:\/\/btektech.com\/tr\/product\/siringa-adaptoru\/#breadcrumb\"},\"inLanguage\":\"tr\",\"potentialAction\":[{\"@type\":\"ReadAction\",\"target\":[\"https:\/\/btektech.com\/tr\/product\/siringa-adaptoru\/\"]}]},{\"@type\":\"ImageObject\",\"inLanguage\":\"tr\",\"@id\":\"https:\/\/btektech.com\/tr\/product\/siringa-adaptoru\/#primaryimage\",\"url\":\"https:\/\/btektech.com\/wp-content\/uploads\/2021\/09\/52541a.jpg\",\"contentUrl\":\"https:\/\/btektech.com\/wp-content\/uploads\/2021\/09\/52541a.jpg\",\"width\":1000,\"height\":1000,\"caption\":\"\u015e\u0131r\u0131nga Adapt\u00f6r\u00fc\"},{\"@type\":\"BreadcrumbList\",\"@id\":\"https:\/\/btektech.com\/tr\/product\/siringa-adaptoru\/#breadcrumb\",\"itemListElement\":[{\"@type\":\"ListItem\",\"position\":1,\"name\":\"Home\",\"item\":\"https:\/\/btektech.com\/tr\/home-2\/\"},{\"@type\":\"ListItem\",\"position\":2,\"name\":\"\u00dcr\u00fcnler\",\"item\":\"https:\/\/btektech.com\/tr\/shop\/\"},{\"@type\":\"ListItem\",\"position\":3,\"name\":\"Uncategorized\",\"item\":\"https:\/\/btektech.com\/pt-pt\/Categoria-de-Produto\/uncategorized-pt-pt\/\"},{\"@type\":\"ListItem\",\"position\":4,\"name\":\"\u015e\u0131r\u0131nga Adapt\u00f6r\u00fc\"}]},{\"@type\":\"WebSite\",\"@id\":\"https:\/\/btektech.com\/#website\",\"url\":\"https:\/\/btektech.com\/\",\"name\":\"Btektech\",\"description\":\"\",\"publisher\":{\"@id\":\"https:\/\/btektech.com\/#organization\"},\"potentialAction\":[{\"@type\":\"SearchAction\",\"target\":{\"@type\":\"EntryPoint\",\"urlTemplate\":\"https:\/\/btektech.com\/?s={search_term_string}\"},\"query-input\":{\"@type\":\"PropertyValueSpecification\",\"valueRequired\":true,\"valueName\":\"search_term_string\"}}],\"inLanguage\":\"tr\"},{\"@type\":\"Organization\",\"@id\":\"https:\/\/btektech.com\/#organization\",\"name\":\"Btektech\",\"url\":\"https:\/\/btektech.com\/\",\"logo\":{\"@type\":\"ImageObject\",\"inLanguage\":\"tr\",\"@id\":\"https:\/\/btektech.com\/#\/schema\/logo\/image\/\",\"url\":\"https:\/\/btektech.com\/wp-content\/uploads\/2021\/08\/btektech-logo.png\",\"contentUrl\":\"https:\/\/btektech.com\/wp-content\/uploads\/2021\/08\/btektech-logo.png\",\"width\":250,\"height\":114,\"caption\":\"Btektech\"},\"image\":{\"@id\":\"https:\/\/btektech.com\/#\/schema\/logo\/image\/\"},\"sameAs\":[\"https:\/\/x.com\/Btektech1\",\"https:\/\/www.instagram.com\/btektech\/\",\"https:\/\/www.linkedin.com\/company\/suzhou-baotailong-electronic-materials-co-ltd\/\",\"https:\/\/www.pinterest.com\/btektech\/_saved\/\",\"https:\/\/www.youtube.com\/channel\/UCBiw4Bc4CmQDrdo-QqyVTqQ\"]}]}<\/script>\n<!-- \/ Yoast SEO plugin. -->","yoast_head_json":{"title":"\u015e\u0131r\u0131nga Adapt\u00f6r\u00fc - Btektech","description":"\u015e\u0131r\u0131nga Adapt\u00f6r\u00fc end\u00fcstriyel kaliteyi sa\u011flamak i\u00e7in aside ve alkaliye dayan\u0131kl\u0131 ve korozyona dayan\u0131kl\u0131 malzemelerden yap\u0131lm\u0131\u015ft\u0131r.","robots":{"index":"index","follow":"follow","max-snippet":"max-snippet:-1","max-image-preview":"max-image-preview:large","max-video-preview":"max-video-preview:-1"},"canonical":"https:\/\/btektech.com\/tr\/product\/siringa-adaptoru\/","og_locale":"tr_TR","og_type":"article","og_title":"\u015e\u0131r\u0131nga Adapt\u00f6r\u00fc - Btektech","og_description":"\u015e\u0131r\u0131nga Adapt\u00f6r\u00fc end\u00fcstriyel kaliteyi sa\u011flamak i\u00e7in aside ve alkaliye dayan\u0131kl\u0131 ve korozyona dayan\u0131kl\u0131 malzemelerden yap\u0131lm\u0131\u015ft\u0131r.","og_url":"https:\/\/btektech.com\/tr\/product\/siringa-adaptoru\/","og_site_name":"Btektech","article_modified_time":"2022-08-02T05:38:16+00:00","og_image":[{"width":1000,"height":1000,"url":"https:\/\/btektech.com\/wp-content\/uploads\/2021\/09\/52541a.jpg","type":"image\/jpeg"}],"twitter_card":"summary_large_image","twitter_site":"@Btektech1","schema":{"@context":"https:\/\/schema.org","@graph":[{"@type":["WebPage","ItemPage"],"@id":"https:\/\/btektech.com\/tr\/product\/siringa-adaptoru\/","url":"https:\/\/btektech.com\/tr\/product\/siringa-adaptoru\/","name":"\u015e\u0131r\u0131nga Adapt\u00f6r\u00fc - Btektech","isPartOf":{"@id":"https:\/\/btektech.com\/#website"},"primaryImageOfPage":{"@id":"https:\/\/btektech.com\/tr\/product\/siringa-adaptoru\/#primaryimage"},"image":{"@id":"https:\/\/btektech.com\/tr\/product\/siringa-adaptoru\/#primaryimage"},"thumbnailUrl":"https:\/\/btektech.com\/wp-content\/uploads\/2021\/09\/52541a.jpg","datePublished":"2022-04-25T09:04:03+00:00","dateModified":"2022-08-02T05:38:16+00:00","description":"\u015e\u0131r\u0131nga Adapt\u00f6r\u00fc end\u00fcstriyel kaliteyi sa\u011flamak i\u00e7in aside ve alkaliye dayan\u0131kl\u0131 ve korozyona dayan\u0131kl\u0131 malzemelerden yap\u0131lm\u0131\u015ft\u0131r.","breadcrumb":{"@id":"https:\/\/btektech.com\/tr\/product\/siringa-adaptoru\/#breadcrumb"},"inLanguage":"tr","potentialAction":[{"@type":"ReadAction","target":["https:\/\/btektech.com\/tr\/product\/siringa-adaptoru\/"]}]},{"@type":"ImageObject","inLanguage":"tr","@id":"https:\/\/btektech.com\/tr\/product\/siringa-adaptoru\/#primaryimage","url":"https:\/\/btektech.com\/wp-content\/uploads\/2021\/09\/52541a.jpg","contentUrl":"https:\/\/btektech.com\/wp-content\/uploads\/2021\/09\/52541a.jpg","width":1000,"height":1000,"caption":"\u015e\u0131r\u0131nga Adapt\u00f6r\u00fc"},{"@type":"BreadcrumbList","@id":"https:\/\/btektech.com\/tr\/product\/siringa-adaptoru\/#breadcrumb","itemListElement":[{"@type":"ListItem","position":1,"name":"Home","item":"https:\/\/btektech.com\/tr\/home-2\/"},{"@type":"ListItem","position":2,"name":"\u00dcr\u00fcnler","item":"https:\/\/btektech.com\/tr\/shop\/"},{"@type":"ListItem","position":3,"name":"Uncategorized","item":"https:\/\/btektech.com\/pt-pt\/Categoria-de-Produto\/uncategorized-pt-pt\/"},{"@type":"ListItem","position":4,"name":"\u015e\u0131r\u0131nga Adapt\u00f6r\u00fc"}]},{"@type":"WebSite","@id":"https:\/\/btektech.com\/#website","url":"https:\/\/btektech.com\/","name":"Btektech","description":"","publisher":{"@id":"https:\/\/btektech.com\/#organization"},"potentialAction":[{"@type":"SearchAction","target":{"@type":"EntryPoint","urlTemplate":"https:\/\/btektech.com\/?s={search_term_string}"},"query-input":{"@type":"PropertyValueSpecification","valueRequired":true,"valueName":"search_term_string"}}],"inLanguage":"tr"},{"@type":"Organization","@id":"https:\/\/btektech.com\/#organization","name":"Btektech","url":"https:\/\/btektech.com\/","logo":{"@type":"ImageObject","inLanguage":"tr","@id":"https:\/\/btektech.com\/#\/schema\/logo\/image\/","url":"https:\/\/btektech.com\/wp-content\/uploads\/2021\/08\/btektech-logo.png","contentUrl":"https:\/\/btektech.com\/wp-content\/uploads\/2021\/08\/btektech-logo.png","width":250,"height":114,"caption":"Btektech"},"image":{"@id":"https:\/\/btektech.com\/#\/schema\/logo\/image\/"},"sameAs":["https:\/\/x.com\/Btektech1","https:\/\/www.instagram.com\/btektech\/","https:\/\/www.linkedin.com\/company\/suzhou-baotailong-electronic-materials-co-ltd\/","https:\/\/www.pinterest.com\/btektech\/_saved\/","https:\/\/www.youtube.com\/channel\/UCBiw4Bc4CmQDrdo-QqyVTqQ"]}]}},"_links":{"self":[{"href":"https:\/\/btektech.com\/tr\/wp-json\/wp\/v2\/product\/5343","targetHints":{"allow":["GET"]}}],"collection":[{"href":"https:\/\/btektech.com\/tr\/wp-json\/wp\/v2\/product"}],"about":[{"href":"https:\/\/btektech.com\/tr\/wp-json\/wp\/v2\/types\/product"}],"replies":[{"embeddable":true,"href":"https:\/\/btektech.com\/tr\/wp-json\/wp\/v2\/comments?post=5343"}],"version-history":[{"count":0,"href":"https:\/\/btektech.com\/tr\/wp-json\/wp\/v2\/product\/5343\/revisions"}],"wp:featuredmedia":[{"embeddable":true,"href":"https:\/\/btektech.com\/tr\/wp-json\/wp\/v2\/media\/2218"}],"wp:attachment":[{"href":"https:\/\/btektech.com\/tr\/wp-json\/wp\/v2\/media?parent=5343"}],"wp:term":[{"taxonomy":"product_brand","embeddable":true,"href":"https:\/\/btektech.com\/tr\/wp-json\/wp\/v2\/product_brand?post=5343"},{"taxonomy":"product_cat","embeddable":true,"href":"https:\/\/btektech.com\/tr\/wp-json\/wp\/v2\/product_cat?post=5343"},{"taxonomy":"product_tag","embeddable":true,"href":"https:\/\/btektech.com\/tr\/wp-json\/wp\/v2\/product_tag?post=5343"}],"curies":[{"name":"wp","href":"https:\/\/api.w.org\/{rel}","templated":true}]}}