{"id":5342,"date":"2021-09-10T08:23:28","date_gmt":"2022-04-25T09:04:01","guid":{"rendered":"https:\/\/btektech.com\/product\/japon-tarzi-siringa-kartusu\/"},"modified":"2022-09-28T02:51:12","modified_gmt":"2022-09-28T02:51:12","slug":"japonya-siringa-namlu","status":"publish","type":"product","link":"https:\/\/btektech.com\/tr\/product\/japonya-siringa-namlu\/","title":{"rendered":"Japonya \u015e\u0131r\u0131nga Namlu"},"content":{"rendered":"<p>\u015eeffaf \u015f\u0131r\u0131nga her t\u00fcrl\u00fc elektronik ambalaj yap\u0131\u015ft\u0131r\u0131c\u0131s\u0131, iletken yap\u0131\u015ft\u0131r\u0131c\u0131, ak\u0131, lehim pastas\u0131, SM yama k\u0131rm\u0131z\u0131 yap\u0131\u015ft\u0131r\u0131c\u0131, ya\u011flama ya\u011f\u0131, boya vb. i\u00e7in uygundur. Siyah \u015f\u0131r\u0131nga, UV ile sertle\u015fen yap\u0131\u015ft\u0131r\u0131c\u0131 ve siyah g\u00f6lgeleme gerektiren di\u011fer durumlar i\u00e7in uygundur. Ye\u015fil \u015f\u0131r\u0131nga, ultraviyole \u0131\u015f\u0131\u011f\u0131, g\u00f6r\u00fcn\u00fcr \u0131\u015f\u0131\u011f\u0131 %3&#8217;e kadar engelleyebilir, \u00f6zellikle UV yap\u0131\u015ft\u0131r\u0131c\u0131n\u0131n uzun s\u00fcreli depolanmas\u0131 ve uzun mesafeli nakliye g\u00fcvenli\u011fi gereksinimleri i\u00e7in uygundur. Amber \u015f\u0131r\u0131ngalar yaln\u0131zca genel UV korumal\u0131 i\u015fyerleri i\u00e7in uygundur ve UV yap\u0131\u015ft\u0131r\u0131c\u0131n\u0131n uzun s\u00fcreli depolanmas\u0131 i\u00e7in \u00f6nerilmez.<\/p>\n<div style=\"overflow: auto;\">\n<table style=\"text-align: center;\">\n<tbody>\n<tr>\n<th>Renk<\/th>\n<th>Kapasite(CC)<\/th>\n<th>\u0130D(mm)<\/th>\n<th>OD(mm)<\/th>\n<th>Uzunluk(mm)<\/th>\n<th>paket<\/th>\n<\/tr>\n<tr>\n<td>A\u00e7\u0131k\/Ye\u015fil\/Siyah\/turuncu<\/td>\n<td>5<\/td>\n<td>13<\/td>\n<td>15.4<\/td>\n<td>77<\/td>\n<td>50 adet\/torba<\/td>\n<\/tr>\n<tr>\n<td>A\u00e7\u0131k\/Ye\u015fil\/Siyah\/turuncu<\/td>\n<td>10<\/td>\n<td>15.1<\/td>\n<td>17.5<\/td>\n<td>106<\/td>\n<td>50 adet\/torba<\/td>\n<\/tr>\n<tr>\n<td>A\u00e7\u0131k\/Ye\u015fil\/Siyah\/turuncu<\/td>\n<td>30<\/td>\n<td>22.8<\/td>\n<td>25.5<\/td>\n<td>130<\/td>\n<td>20 adet\/torba<\/td>\n<\/tr>\n<tr>\n<td>A\u00e7\u0131k\/Ye\u015fil\/Siyah\/turuncu<\/td>\n<td>55<\/td>\n<td>22.8<\/td>\n<td>25.5<\/td>\n<td>162<\/td>\n<td>20 adet\/torba<\/td>\n<\/tr>\n<tr>\n<td>A\u00e7\u0131k\/Ye\u015fil\/Siyah\/turuncu<\/td>\n<td>70<\/td>\n<td>22.80<\/td>\n<td>25.5<\/td>\n<td>223<\/td>\n<td>10 adet\/torba<\/td>\n<\/tr>\n<\/tbody>\n<\/table>\n<\/div>\n","protected":false},"excerpt":{"rendered":"<p>\u015e\u0131r\u0131nga namlusu benzersiz ultra d\u00fc\u015f\u00fck \u00e7ekim yap\u0131s\u0131, y\u00fcksek hassasiyetli i\u00e7 \u00e7ap, iyi stabilite. End\u00fcstriye uygun silikondan ve klorsuz, d\u00fc\u015f\u00fck s\u00fcrt\u00fcnmeli polipropilenden yap\u0131lm\u0131\u015ft\u0131r.<\/p>\n","protected":false},"featured_media":4762,"comment_status":"open","ping_status":"closed","template":"","meta":{"_acf_changed":false},"product_brand":[],"product_cat":[15],"product_tag":[],"class_list":{"0":"post-5342","1":"product","2":"type-product","3":"status-publish","4":"has-post-thumbnail","6":"product_cat-uncategorized","8":"first","9":"instock","10":"shipping-taxable","11":"product-type-simple"},"acf":[],"yoast_head":"<!-- This site is optimized with the Yoast SEO plugin v27.5 - https:\/\/yoast.com\/product\/yoast-seo-wordpress\/ -->\n<title>Japonya \u015e\u0131r\u0131nga Namlu - Btektech<\/title>\n<meta name=\"description\" content=\"Japonya \u015e\u0131r\u0131nga Namlu benzersiz ultra d\u00fc\u015f\u00fck \u00e7ekim yap\u0131s\u0131, y\u00fcksek hassasiyetli i\u00e7 \u00e7ap, iyi stabilite. End\u00fcstriye uygun silikondan ve klorsuz, d\u00fc\u015f\u00fck s\u00fcrt\u00fcnmeli polipropilenden yap\u0131lm\u0131\u015ft\u0131r.\" \/>\n<meta name=\"robots\" content=\"index, follow, max-snippet:-1, max-image-preview:large, max-video-preview:-1\" \/>\n<link rel=\"canonical\" href=\"https:\/\/btektech.com\/tr\/product\/japonya-siringa-namlu\/\" \/>\n<meta property=\"og:locale\" content=\"tr_TR\" \/>\n<meta property=\"og:type\" content=\"article\" \/>\n<meta property=\"og:title\" content=\"Japonya \u015e\u0131r\u0131nga Namlu - Btektech\" \/>\n<meta property=\"og:description\" content=\"Japonya \u015e\u0131r\u0131nga Namlu benzersiz ultra d\u00fc\u015f\u00fck \u00e7ekim yap\u0131s\u0131, y\u00fcksek hassasiyetli i\u00e7 \u00e7ap, iyi stabilite. End\u00fcstriye uygun silikondan ve klorsuz, d\u00fc\u015f\u00fck s\u00fcrt\u00fcnmeli polipropilenden yap\u0131lm\u0131\u015ft\u0131r.\" \/>\n<meta property=\"og:url\" content=\"https:\/\/btektech.com\/tr\/product\/japonya-siringa-namlu\/\" \/>\n<meta property=\"og:site_name\" content=\"Btektech\" \/>\n<meta property=\"article:modified_time\" content=\"2022-09-28T02:51:12+00:00\" \/>\n<meta property=\"og:image\" content=\"https:\/\/btektech.com\/wp-content\/uploads\/2021\/09\/5614b.jpg\" \/>\n\t<meta property=\"og:image:width\" content=\"800\" \/>\n\t<meta property=\"og:image:height\" content=\"800\" \/>\n\t<meta property=\"og:image:type\" content=\"image\/jpeg\" \/>\n<meta name=\"twitter:card\" content=\"summary_large_image\" \/>\n<meta name=\"twitter:site\" content=\"@Btektech1\" \/>\n<meta name=\"twitter:label1\" content=\"Tahmini okuma s\u00fcresi\" \/>\n\t<meta name=\"twitter:data1\" content=\"1 dakika\" \/>\n<script type=\"application\/ld+json\" class=\"yoast-schema-graph\">{\"@context\":\"https:\\\/\\\/schema.org\",\"@graph\":[{\"@type\":[\"WebPage\",\"ItemPage\"],\"@id\":\"https:\\\/\\\/btektech.com\\\/tr\\\/product\\\/japonya-siringa-namlu\\\/\",\"url\":\"https:\\\/\\\/btektech.com\\\/tr\\\/product\\\/japonya-siringa-namlu\\\/\",\"name\":\"Japonya \u015e\u0131r\u0131nga Namlu - Btektech\",\"isPartOf\":{\"@id\":\"https:\\\/\\\/btektech.com\\\/#website\"},\"primaryImageOfPage\":{\"@id\":\"https:\\\/\\\/btektech.com\\\/tr\\\/product\\\/japonya-siringa-namlu\\\/#primaryimage\"},\"image\":{\"@id\":\"https:\\\/\\\/btektech.com\\\/tr\\\/product\\\/japonya-siringa-namlu\\\/#primaryimage\"},\"thumbnailUrl\":\"https:\\\/\\\/btektech.com\\\/wp-content\\\/uploads\\\/2021\\\/09\\\/5614b.jpg\",\"datePublished\":\"2022-04-25T09:04:01+00:00\",\"dateModified\":\"2022-09-28T02:51:12+00:00\",\"description\":\"Japonya \u015e\u0131r\u0131nga Namlu benzersiz ultra d\u00fc\u015f\u00fck \u00e7ekim yap\u0131s\u0131, y\u00fcksek hassasiyetli i\u00e7 \u00e7ap, iyi stabilite. End\u00fcstriye uygun silikondan ve klorsuz, d\u00fc\u015f\u00fck s\u00fcrt\u00fcnmeli polipropilenden yap\u0131lm\u0131\u015ft\u0131r.\",\"breadcrumb\":{\"@id\":\"https:\\\/\\\/btektech.com\\\/tr\\\/product\\\/japonya-siringa-namlu\\\/#breadcrumb\"},\"inLanguage\":\"tr\",\"potentialAction\":[{\"@type\":\"ReadAction\",\"target\":[\"https:\\\/\\\/btektech.com\\\/tr\\\/product\\\/japonya-siringa-namlu\\\/\"]}]},{\"@type\":\"ImageObject\",\"inLanguage\":\"tr\",\"@id\":\"https:\\\/\\\/btektech.com\\\/tr\\\/product\\\/japonya-siringa-namlu\\\/#primaryimage\",\"url\":\"https:\\\/\\\/btektech.com\\\/wp-content\\\/uploads\\\/2021\\\/09\\\/5614b.jpg\",\"contentUrl\":\"https:\\\/\\\/btektech.com\\\/wp-content\\\/uploads\\\/2021\\\/09\\\/5614b.jpg\",\"width\":800,\"height\":800,\"caption\":\"Japonya \u015e\u0131r\u0131nga Namlu\"},{\"@type\":\"BreadcrumbList\",\"@id\":\"https:\\\/\\\/btektech.com\\\/tr\\\/product\\\/japonya-siringa-namlu\\\/#breadcrumb\",\"itemListElement\":[{\"@type\":\"ListItem\",\"position\":1,\"name\":\"Home\",\"item\":\"https:\\\/\\\/btektech.com\\\/\"},{\"@type\":\"ListItem\",\"position\":2,\"name\":\"\u00dcr\u00fcnler\",\"item\":\"https:\\\/\\\/btektech.com\\\/tr\\\/shop\\\/\"},{\"@type\":\"ListItem\",\"position\":3,\"name\":\"Japonya \u015e\u0131r\u0131nga Namlu\"}]},{\"@type\":\"WebSite\",\"@id\":\"https:\\\/\\\/btektech.com\\\/#website\",\"url\":\"https:\\\/\\\/btektech.com\\\/\",\"name\":\"Btektech\",\"description\":\"\",\"publisher\":{\"@id\":\"https:\\\/\\\/btektech.com\\\/#organization\"},\"potentialAction\":[{\"@type\":\"SearchAction\",\"target\":{\"@type\":\"EntryPoint\",\"urlTemplate\":\"https:\\\/\\\/btektech.com\\\/?s={search_term_string}\"},\"query-input\":{\"@type\":\"PropertyValueSpecification\",\"valueRequired\":true,\"valueName\":\"search_term_string\"}}],\"inLanguage\":\"tr\"},{\"@type\":\"Organization\",\"@id\":\"https:\\\/\\\/btektech.com\\\/#organization\",\"name\":\"Btektech\",\"url\":\"https:\\\/\\\/btektech.com\\\/\",\"logo\":{\"@type\":\"ImageObject\",\"inLanguage\":\"tr\",\"@id\":\"https:\\\/\\\/btektech.com\\\/#\\\/schema\\\/logo\\\/image\\\/\",\"url\":\"https:\\\/\\\/btektech.com\\\/wp-content\\\/uploads\\\/2021\\\/08\\\/btektech-logo.png\",\"contentUrl\":\"https:\\\/\\\/btektech.com\\\/wp-content\\\/uploads\\\/2021\\\/08\\\/btektech-logo.png\",\"width\":250,\"height\":114,\"caption\":\"Btektech\"},\"image\":{\"@id\":\"https:\\\/\\\/btektech.com\\\/#\\\/schema\\\/logo\\\/image\\\/\"},\"sameAs\":[\"https:\\\/\\\/x.com\\\/Btektech1\",\"https:\\\/\\\/www.instagram.com\\\/btektech\\\/\",\"https:\\\/\\\/www.linkedin.com\\\/company\\\/suzhou-baotailong-electronic-materials-co-ltd\\\/\",\"https:\\\/\\\/www.pinterest.com\\\/btektech\\\/_saved\\\/\",\"https:\\\/\\\/www.youtube.com\\\/channel\\\/UCBiw4Bc4CmQDrdo-QqyVTqQ\"]}]}<\/script>\n<!-- \/ Yoast SEO plugin. -->","yoast_head_json":{"title":"Japonya \u015e\u0131r\u0131nga Namlu - Btektech","description":"Japonya \u015e\u0131r\u0131nga Namlu benzersiz ultra d\u00fc\u015f\u00fck \u00e7ekim yap\u0131s\u0131, y\u00fcksek hassasiyetli i\u00e7 \u00e7ap, iyi stabilite. End\u00fcstriye uygun silikondan ve klorsuz, d\u00fc\u015f\u00fck s\u00fcrt\u00fcnmeli polipropilenden yap\u0131lm\u0131\u015ft\u0131r.","robots":{"index":"index","follow":"follow","max-snippet":"max-snippet:-1","max-image-preview":"max-image-preview:large","max-video-preview":"max-video-preview:-1"},"canonical":"https:\/\/btektech.com\/tr\/product\/japonya-siringa-namlu\/","og_locale":"tr_TR","og_type":"article","og_title":"Japonya \u015e\u0131r\u0131nga Namlu - Btektech","og_description":"Japonya \u015e\u0131r\u0131nga Namlu benzersiz ultra d\u00fc\u015f\u00fck \u00e7ekim yap\u0131s\u0131, y\u00fcksek hassasiyetli i\u00e7 \u00e7ap, iyi stabilite. End\u00fcstriye uygun silikondan ve klorsuz, d\u00fc\u015f\u00fck s\u00fcrt\u00fcnmeli polipropilenden yap\u0131lm\u0131\u015ft\u0131r.","og_url":"https:\/\/btektech.com\/tr\/product\/japonya-siringa-namlu\/","og_site_name":"Btektech","article_modified_time":"2022-09-28T02:51:12+00:00","og_image":[{"width":800,"height":800,"url":"https:\/\/btektech.com\/wp-content\/uploads\/2021\/09\/5614b.jpg","type":"image\/jpeg"}],"twitter_card":"summary_large_image","twitter_site":"@Btektech1","twitter_misc":{"Tahmini okuma s\u00fcresi":"1 dakika"},"schema":{"@context":"https:\/\/schema.org","@graph":[{"@type":["WebPage","ItemPage"],"@id":"https:\/\/btektech.com\/tr\/product\/japonya-siringa-namlu\/","url":"https:\/\/btektech.com\/tr\/product\/japonya-siringa-namlu\/","name":"Japonya \u015e\u0131r\u0131nga Namlu - Btektech","isPartOf":{"@id":"https:\/\/btektech.com\/#website"},"primaryImageOfPage":{"@id":"https:\/\/btektech.com\/tr\/product\/japonya-siringa-namlu\/#primaryimage"},"image":{"@id":"https:\/\/btektech.com\/tr\/product\/japonya-siringa-namlu\/#primaryimage"},"thumbnailUrl":"https:\/\/btektech.com\/wp-content\/uploads\/2021\/09\/5614b.jpg","datePublished":"2022-04-25T09:04:01+00:00","dateModified":"2022-09-28T02:51:12+00:00","description":"Japonya \u015e\u0131r\u0131nga Namlu benzersiz ultra d\u00fc\u015f\u00fck \u00e7ekim yap\u0131s\u0131, y\u00fcksek hassasiyetli i\u00e7 \u00e7ap, iyi stabilite. End\u00fcstriye uygun silikondan ve klorsuz, d\u00fc\u015f\u00fck s\u00fcrt\u00fcnmeli polipropilenden yap\u0131lm\u0131\u015ft\u0131r.","breadcrumb":{"@id":"https:\/\/btektech.com\/tr\/product\/japonya-siringa-namlu\/#breadcrumb"},"inLanguage":"tr","potentialAction":[{"@type":"ReadAction","target":["https:\/\/btektech.com\/tr\/product\/japonya-siringa-namlu\/"]}]},{"@type":"ImageObject","inLanguage":"tr","@id":"https:\/\/btektech.com\/tr\/product\/japonya-siringa-namlu\/#primaryimage","url":"https:\/\/btektech.com\/wp-content\/uploads\/2021\/09\/5614b.jpg","contentUrl":"https:\/\/btektech.com\/wp-content\/uploads\/2021\/09\/5614b.jpg","width":800,"height":800,"caption":"Japonya \u015e\u0131r\u0131nga Namlu"},{"@type":"BreadcrumbList","@id":"https:\/\/btektech.com\/tr\/product\/japonya-siringa-namlu\/#breadcrumb","itemListElement":[{"@type":"ListItem","position":1,"name":"Home","item":"https:\/\/btektech.com\/"},{"@type":"ListItem","position":2,"name":"\u00dcr\u00fcnler","item":"https:\/\/btektech.com\/tr\/shop\/"},{"@type":"ListItem","position":3,"name":"Japonya \u015e\u0131r\u0131nga Namlu"}]},{"@type":"WebSite","@id":"https:\/\/btektech.com\/#website","url":"https:\/\/btektech.com\/","name":"Btektech","description":"","publisher":{"@id":"https:\/\/btektech.com\/#organization"},"potentialAction":[{"@type":"SearchAction","target":{"@type":"EntryPoint","urlTemplate":"https:\/\/btektech.com\/?s={search_term_string}"},"query-input":{"@type":"PropertyValueSpecification","valueRequired":true,"valueName":"search_term_string"}}],"inLanguage":"tr"},{"@type":"Organization","@id":"https:\/\/btektech.com\/#organization","name":"Btektech","url":"https:\/\/btektech.com\/","logo":{"@type":"ImageObject","inLanguage":"tr","@id":"https:\/\/btektech.com\/#\/schema\/logo\/image\/","url":"https:\/\/btektech.com\/wp-content\/uploads\/2021\/08\/btektech-logo.png","contentUrl":"https:\/\/btektech.com\/wp-content\/uploads\/2021\/08\/btektech-logo.png","width":250,"height":114,"caption":"Btektech"},"image":{"@id":"https:\/\/btektech.com\/#\/schema\/logo\/image\/"},"sameAs":["https:\/\/x.com\/Btektech1","https:\/\/www.instagram.com\/btektech\/","https:\/\/www.linkedin.com\/company\/suzhou-baotailong-electronic-materials-co-ltd\/","https:\/\/www.pinterest.com\/btektech\/_saved\/","https:\/\/www.youtube.com\/channel\/UCBiw4Bc4CmQDrdo-QqyVTqQ"]}]}},"_links":{"self":[{"href":"https:\/\/btektech.com\/tr\/wp-json\/wp\/v2\/product\/5342","targetHints":{"allow":["GET"]}}],"collection":[{"href":"https:\/\/btektech.com\/tr\/wp-json\/wp\/v2\/product"}],"about":[{"href":"https:\/\/btektech.com\/tr\/wp-json\/wp\/v2\/types\/product"}],"replies":[{"embeddable":true,"href":"https:\/\/btektech.com\/tr\/wp-json\/wp\/v2\/comments?post=5342"}],"version-history":[{"count":0,"href":"https:\/\/btektech.com\/tr\/wp-json\/wp\/v2\/product\/5342\/revisions"}],"wp:featuredmedia":[{"embeddable":true,"href":"https:\/\/btektech.com\/tr\/wp-json\/wp\/v2\/media\/4762"}],"wp:attachment":[{"href":"https:\/\/btektech.com\/tr\/wp-json\/wp\/v2\/media?parent=5342"}],"wp:term":[{"taxonomy":"product_brand","embeddable":true,"href":"https:\/\/btektech.com\/tr\/wp-json\/wp\/v2\/product_brand?post=5342"},{"taxonomy":"product_cat","embeddable":true,"href":"https:\/\/btektech.com\/tr\/wp-json\/wp\/v2\/product_cat?post=5342"},{"taxonomy":"product_tag","embeddable":true,"href":"https:\/\/btektech.com\/tr\/wp-json\/wp\/v2\/product_tag?post=5342"}],"curies":[{"name":"wp","href":"https:\/\/api.w.org\/{rel}","templated":true}]}}