{"id":5341,"date":"2021-09-24T07:50:06","date_gmt":"2022-04-25T09:03:57","guid":{"rendered":"https:\/\/btektech.com\/product\/igne-kapali-dagitim-valfi\/"},"modified":"2022-07-29T09:42:42","modified_gmt":"2022-07-29T09:42:42","slug":"igne-kapali-dagitim-valfi","status":"publish","type":"product","link":"https:\/\/btektech.com\/tr\/product\/igne-kapali-dagitim-valfi\/","title":{"rendered":"\u0130\u011fne Kapal\u0131 Da\u011f\u0131t\u0131m Valfi"},"content":{"rendered":"<p>Ana malzeme olarak eloksall\u0131 al\u00fcminyum ala\u015f\u0131m\u0131, g\u00fc\u00e7l\u00fc korozyon direnci. Her t\u00fcrl\u00fc i\u011fneyi ba\u011flayabilir.<\/p>\n<div style=\"overflow-x: auto;\">\n<table style=\"text-align: center;\">\n<tbody>\n<tr>\n<th>Par\u00e7a No<\/th>\n<th>YK-11<\/th>\n<th>MY-S10<\/th>\n<th>JF004<\/th>\n<th>HMJQ-19<\/th>\n<th>YK-58<\/th>\n<\/tr>\n<tr>\n<th>Yap\u0131<\/th>\n<td>i\u011fne kapal\u0131<\/td>\n<td>i\u011fne kapal\u0131<\/td>\n<td>\u00c7oklu hareketli y\u00fcks\u00fck tipi \/ 1000 dakikal\u0131k ince ayar<\/td>\n<td>\u00c7oklu hareketli y\u00fcks\u00fck tipi<\/td>\n<td>\u00c7oklu hareketli y\u00fcks\u00fck tipi<\/td>\n<\/tr>\n<tr>\n<th>Bask\u0131 yapmak<\/th>\n<td>4-7KGF\/cm<\/td>\n<td>0.1-7KGF\/cm<\/td>\n<td>4-7KGF\/CM<\/td>\n<td>4-7KGF\/CM<\/td>\n<td>4-7KGF\/CM<\/td>\n<\/tr>\n<tr>\n<th>Asgari Miktar<\/th>\n<td>0.1 ml<\/td>\n<td>0.05ml<\/td>\n<td>0.001 ml<\/td>\n<td>0.001 ml<\/td>\n<td>0.001 ml<\/td>\n<\/tr>\n<tr>\n<th>viskozite<\/th>\n<td>1-1000000 CPS<\/td>\n<td>1-1000000 CPS<\/td>\n<td>1-1000000 CPS<\/td>\n<td>1-1000000 CPS<\/td>\n<td>1-1000000 CPS<\/td>\n<\/tr>\n<tr>\n<th>Giri\u015f \u00c7\u0131k\u0131\u015f Boyutu<\/th>\n<td>8*6mm<\/td>\n<td>8*6mm<\/td>\n<td>1\/8&#8243; NPT(F)<\/td>\n<td>1\/8&#8243; NPT(F)<\/td>\n<td>1\/8&#8243; NPT(F)<\/td>\n<\/tr>\n<tr>\n<th>Kontrol metodu<\/th>\n<td><\/td>\n<td>Manuel kontrol<\/td>\n<td>&lt;600\/DK<\/td>\n<td>&lt;600\/DK<\/td>\n<td>&lt;600\/DK<\/td>\n<\/tr>\n<tr>\n<th>A\u011f\u0131rl\u0131k<\/th>\n<td>150g<\/td>\n<td>130g<\/td>\n<td>190g<\/td>\n<td>158g<\/td>\n<td><\/td>\n<\/tr>\n<tr>\n<th>D\u0131\u015f \u00e7ap<\/th>\n<td>\u00a220mm<\/td>\n<td>\u00a219mm<\/td>\n<td>(D)21*(H)130(MM) KARE<\/td>\n<td>Par\u00e7a \u00a219* silindir par\u00e7as\u0131 \u00a224 *(Y)165mm yuvarlak<\/td>\n<td>Par\u00e7a\u00a219* silindir par\u00e7as\u0131 \u00a224 *(Y)165mm yuvarlak<\/td>\n<\/tr>\n<tr>\n<th>Boyutlar<\/th>\n<td>180mm<\/td>\n<td>150 mm<\/td>\n<td>\/<\/td>\n<td>\/<\/td>\n<td>\/<\/td>\n<\/tr>\n<tr>\n<th>\u0130\u00e7 \u00e7ap<\/th>\n<td>3mm<\/td>\n<td>1.5mm<\/td>\n<td>\/<\/td>\n<td>\/<\/td>\n<td>\/<\/td>\n<\/tr>\n<tr>\n<th>Ana Malzeme<\/th>\n<td>Al\u00fcminyum ala\u015f\u0131m\u0131 (anotlanm\u0131\u015f), POM ve paslanmaz \u00e7elik.<\/td>\n<td>Al\u00fcminyum anot ve paslanmaz \u00e7elik<\/td>\n<td>SUS304 paslanmaz \u00e7elik<\/td>\n<td>Al\u00fcminyum ala\u015f\u0131m\u0131 (anotlanm\u0131\u015f)<\/td>\n<td>Al\u00fcminyum ala\u015f\u0131m\u0131 (anotlanm\u0131\u015f)<\/td>\n<\/tr>\n<\/tbody>\n<\/table>\n<\/div>\n","protected":false},"excerpt":{"rendered":"<p>Durdurma modu, yap\u0131\u015ft\u0131r\u0131c\u0131n\u0131n an\u0131nda p\u00fcsk\u00fcrmesini durdurabilen y\u00fcks\u00fck t\u0131kanmas\u0131d\u0131r.<\/p>\n","protected":false},"featured_media":2538,"comment_status":"open","ping_status":"closed","template":"","meta":{"_acf_changed":false},"product_brand":[],"product_cat":[135,269],"product_tag":[],"class_list":{"0":"post-5341","1":"product","2":"type-product","3":"status-publish","4":"has-post-thumbnail","6":"product_cat-tutkal-dagitim-vana","7":"product_cat-uncategorized-tr","9":"first","10":"instock","11":"shipping-taxable","12":"product-type-simple"},"acf":[],"yoast_head":"<!-- This site is optimized with the Yoast SEO plugin v26.0 - https:\/\/yoast.com\/wordpress\/plugins\/seo\/ -->\n<title>\u0130\u011fne Kapal\u0131 Da\u011f\u0131t\u0131m Valfi - Btektech<\/title>\n<meta name=\"description\" content=\"\u0130\u011fne kapal\u0131 da\u011f\u0131t\u0131m valfi Durdurma modu, yap\u0131\u015ft\u0131r\u0131c\u0131n\u0131n an\u0131nda p\u00fcsk\u00fcrmesini durdurabilen y\u00fcks\u00fck t\u0131kanmas\u0131d\u0131r.\" \/>\n<meta name=\"robots\" content=\"index, follow, max-snippet:-1, max-image-preview:large, max-video-preview:-1\" \/>\n<link rel=\"canonical\" href=\"https:\/\/btektech.com\/tr\/product\/igne-kapali-dagitim-valfi\/\" \/>\n<meta property=\"og:locale\" content=\"tr_TR\" \/>\n<meta property=\"og:type\" content=\"article\" \/>\n<meta property=\"og:title\" content=\"\u0130\u011fne Kapal\u0131 Da\u011f\u0131t\u0131m Valfi - Btektech\" \/>\n<meta property=\"og:description\" content=\"\u0130\u011fne kapal\u0131 da\u011f\u0131t\u0131m valfi Durdurma modu, yap\u0131\u015ft\u0131r\u0131c\u0131n\u0131n an\u0131nda p\u00fcsk\u00fcrmesini durdurabilen y\u00fcks\u00fck t\u0131kanmas\u0131d\u0131r.\" \/>\n<meta property=\"og:url\" content=\"https:\/\/btektech.com\/tr\/product\/igne-kapali-dagitim-valfi\/\" \/>\n<meta property=\"og:site_name\" content=\"Btektech\" \/>\n<meta property=\"article:modified_time\" content=\"2022-07-29T09:42:42+00:00\" \/>\n<meta property=\"og:image\" content=\"https:\/\/btektech.com\/wp-content\/uploads\/2021\/09\/7-1.jpg\" \/>\n\t<meta property=\"og:image:width\" content=\"800\" \/>\n\t<meta property=\"og:image:height\" content=\"800\" \/>\n\t<meta property=\"og:image:type\" content=\"image\/jpeg\" \/>\n<meta name=\"twitter:card\" content=\"summary_large_image\" \/>\n<meta name=\"twitter:site\" content=\"@Btektech1\" \/>\n<meta name=\"twitter:label1\" content=\"Tahmini okuma s\u00fcresi\" \/>\n\t<meta name=\"twitter:data1\" content=\"1 dakika\" \/>\n<script type=\"application\/ld+json\" class=\"yoast-schema-graph\">{\"@context\":\"https:\/\/schema.org\",\"@graph\":[{\"@type\":[\"WebPage\",\"ItemPage\"],\"@id\":\"https:\/\/btektech.com\/tr\/product\/igne-kapali-dagitim-valfi\/\",\"url\":\"https:\/\/btektech.com\/tr\/product\/igne-kapali-dagitim-valfi\/\",\"name\":\"\u0130\u011fne Kapal\u0131 Da\u011f\u0131t\u0131m Valfi - Btektech\",\"isPartOf\":{\"@id\":\"https:\/\/btektech.com\/#website\"},\"primaryImageOfPage\":{\"@id\":\"https:\/\/btektech.com\/tr\/product\/igne-kapali-dagitim-valfi\/#primaryimage\"},\"image\":{\"@id\":\"https:\/\/btektech.com\/tr\/product\/igne-kapali-dagitim-valfi\/#primaryimage\"},\"thumbnailUrl\":\"https:\/\/btektech.com\/wp-content\/uploads\/2021\/09\/7-1.jpg\",\"datePublished\":\"2022-04-25T09:03:57+00:00\",\"dateModified\":\"2022-07-29T09:42:42+00:00\",\"description\":\"\u0130\u011fne kapal\u0131 da\u011f\u0131t\u0131m valfi Durdurma modu, yap\u0131\u015ft\u0131r\u0131c\u0131n\u0131n an\u0131nda p\u00fcsk\u00fcrmesini durdurabilen y\u00fcks\u00fck t\u0131kanmas\u0131d\u0131r.\",\"breadcrumb\":{\"@id\":\"https:\/\/btektech.com\/tr\/product\/igne-kapali-dagitim-valfi\/#breadcrumb\"},\"inLanguage\":\"tr\",\"potentialAction\":[{\"@type\":\"ReadAction\",\"target\":[\"https:\/\/btektech.com\/tr\/product\/igne-kapali-dagitim-valfi\/\"]}]},{\"@type\":\"ImageObject\",\"inLanguage\":\"tr\",\"@id\":\"https:\/\/btektech.com\/tr\/product\/igne-kapali-dagitim-valfi\/#primaryimage\",\"url\":\"https:\/\/btektech.com\/wp-content\/uploads\/2021\/09\/7-1.jpg\",\"contentUrl\":\"https:\/\/btektech.com\/wp-content\/uploads\/2021\/09\/7-1.jpg\",\"width\":800,\"height\":800,\"caption\":\"\u0130\u011fne Kapal\u0131 Da\u011f\u0131t\u0131m Valfi\"},{\"@type\":\"BreadcrumbList\",\"@id\":\"https:\/\/btektech.com\/tr\/product\/igne-kapali-dagitim-valfi\/#breadcrumb\",\"itemListElement\":[{\"@type\":\"ListItem\",\"position\":1,\"name\":\"Home\",\"item\":\"https:\/\/btektech.com\/tr\/home-2\/\"},{\"@type\":\"ListItem\",\"position\":2,\"name\":\"\u00dcr\u00fcnler\",\"item\":\"https:\/\/btektech.com\/tr\/shop\/\"},{\"@type\":\"ListItem\",\"position\":3,\"name\":\"Dispensing Valves\",\"item\":\"https:\/\/btektech.com\/product-category\/dispensing-valves\/\"},{\"@type\":\"ListItem\",\"position\":4,\"name\":\"\u0130\u011fne Kapal\u0131 Da\u011f\u0131t\u0131m Valfi\"}]},{\"@type\":\"WebSite\",\"@id\":\"https:\/\/btektech.com\/#website\",\"url\":\"https:\/\/btektech.com\/\",\"name\":\"Btektech\",\"description\":\"\",\"publisher\":{\"@id\":\"https:\/\/btektech.com\/#organization\"},\"potentialAction\":[{\"@type\":\"SearchAction\",\"target\":{\"@type\":\"EntryPoint\",\"urlTemplate\":\"https:\/\/btektech.com\/?s={search_term_string}\"},\"query-input\":{\"@type\":\"PropertyValueSpecification\",\"valueRequired\":true,\"valueName\":\"search_term_string\"}}],\"inLanguage\":\"tr\"},{\"@type\":\"Organization\",\"@id\":\"https:\/\/btektech.com\/#organization\",\"name\":\"Btektech\",\"url\":\"https:\/\/btektech.com\/\",\"logo\":{\"@type\":\"ImageObject\",\"inLanguage\":\"tr\",\"@id\":\"https:\/\/btektech.com\/#\/schema\/logo\/image\/\",\"url\":\"https:\/\/btektech.com\/wp-content\/uploads\/2021\/08\/btektech-logo.png\",\"contentUrl\":\"https:\/\/btektech.com\/wp-content\/uploads\/2021\/08\/btektech-logo.png\",\"width\":250,\"height\":114,\"caption\":\"Btektech\"},\"image\":{\"@id\":\"https:\/\/btektech.com\/#\/schema\/logo\/image\/\"},\"sameAs\":[\"https:\/\/x.com\/Btektech1\",\"https:\/\/www.instagram.com\/btektech\/\",\"https:\/\/www.linkedin.com\/company\/suzhou-baotailong-electronic-materials-co-ltd\/\",\"https:\/\/www.pinterest.com\/btektech\/_saved\/\",\"https:\/\/www.youtube.com\/channel\/UCBiw4Bc4CmQDrdo-QqyVTqQ\"]}]}<\/script>\n<!-- \/ Yoast SEO plugin. -->","yoast_head_json":{"title":"\u0130\u011fne Kapal\u0131 Da\u011f\u0131t\u0131m Valfi - Btektech","description":"\u0130\u011fne kapal\u0131 da\u011f\u0131t\u0131m valfi Durdurma modu, yap\u0131\u015ft\u0131r\u0131c\u0131n\u0131n an\u0131nda p\u00fcsk\u00fcrmesini durdurabilen y\u00fcks\u00fck t\u0131kanmas\u0131d\u0131r.","robots":{"index":"index","follow":"follow","max-snippet":"max-snippet:-1","max-image-preview":"max-image-preview:large","max-video-preview":"max-video-preview:-1"},"canonical":"https:\/\/btektech.com\/tr\/product\/igne-kapali-dagitim-valfi\/","og_locale":"tr_TR","og_type":"article","og_title":"\u0130\u011fne Kapal\u0131 Da\u011f\u0131t\u0131m Valfi - Btektech","og_description":"\u0130\u011fne kapal\u0131 da\u011f\u0131t\u0131m valfi Durdurma modu, yap\u0131\u015ft\u0131r\u0131c\u0131n\u0131n an\u0131nda p\u00fcsk\u00fcrmesini durdurabilen y\u00fcks\u00fck t\u0131kanmas\u0131d\u0131r.","og_url":"https:\/\/btektech.com\/tr\/product\/igne-kapali-dagitim-valfi\/","og_site_name":"Btektech","article_modified_time":"2022-07-29T09:42:42+00:00","og_image":[{"width":800,"height":800,"url":"https:\/\/btektech.com\/wp-content\/uploads\/2021\/09\/7-1.jpg","type":"image\/jpeg"}],"twitter_card":"summary_large_image","twitter_site":"@Btektech1","twitter_misc":{"Tahmini okuma s\u00fcresi":"1 dakika"},"schema":{"@context":"https:\/\/schema.org","@graph":[{"@type":["WebPage","ItemPage"],"@id":"https:\/\/btektech.com\/tr\/product\/igne-kapali-dagitim-valfi\/","url":"https:\/\/btektech.com\/tr\/product\/igne-kapali-dagitim-valfi\/","name":"\u0130\u011fne Kapal\u0131 Da\u011f\u0131t\u0131m Valfi - Btektech","isPartOf":{"@id":"https:\/\/btektech.com\/#website"},"primaryImageOfPage":{"@id":"https:\/\/btektech.com\/tr\/product\/igne-kapali-dagitim-valfi\/#primaryimage"},"image":{"@id":"https:\/\/btektech.com\/tr\/product\/igne-kapali-dagitim-valfi\/#primaryimage"},"thumbnailUrl":"https:\/\/btektech.com\/wp-content\/uploads\/2021\/09\/7-1.jpg","datePublished":"2022-04-25T09:03:57+00:00","dateModified":"2022-07-29T09:42:42+00:00","description":"\u0130\u011fne kapal\u0131 da\u011f\u0131t\u0131m valfi Durdurma modu, yap\u0131\u015ft\u0131r\u0131c\u0131n\u0131n an\u0131nda p\u00fcsk\u00fcrmesini durdurabilen y\u00fcks\u00fck t\u0131kanmas\u0131d\u0131r.","breadcrumb":{"@id":"https:\/\/btektech.com\/tr\/product\/igne-kapali-dagitim-valfi\/#breadcrumb"},"inLanguage":"tr","potentialAction":[{"@type":"ReadAction","target":["https:\/\/btektech.com\/tr\/product\/igne-kapali-dagitim-valfi\/"]}]},{"@type":"ImageObject","inLanguage":"tr","@id":"https:\/\/btektech.com\/tr\/product\/igne-kapali-dagitim-valfi\/#primaryimage","url":"https:\/\/btektech.com\/wp-content\/uploads\/2021\/09\/7-1.jpg","contentUrl":"https:\/\/btektech.com\/wp-content\/uploads\/2021\/09\/7-1.jpg","width":800,"height":800,"caption":"\u0130\u011fne Kapal\u0131 Da\u011f\u0131t\u0131m Valfi"},{"@type":"BreadcrumbList","@id":"https:\/\/btektech.com\/tr\/product\/igne-kapali-dagitim-valfi\/#breadcrumb","itemListElement":[{"@type":"ListItem","position":1,"name":"Home","item":"https:\/\/btektech.com\/tr\/home-2\/"},{"@type":"ListItem","position":2,"name":"\u00dcr\u00fcnler","item":"https:\/\/btektech.com\/tr\/shop\/"},{"@type":"ListItem","position":3,"name":"Dispensing Valves","item":"https:\/\/btektech.com\/product-category\/dispensing-valves\/"},{"@type":"ListItem","position":4,"name":"\u0130\u011fne Kapal\u0131 Da\u011f\u0131t\u0131m Valfi"}]},{"@type":"WebSite","@id":"https:\/\/btektech.com\/#website","url":"https:\/\/btektech.com\/","name":"Btektech","description":"","publisher":{"@id":"https:\/\/btektech.com\/#organization"},"potentialAction":[{"@type":"SearchAction","target":{"@type":"EntryPoint","urlTemplate":"https:\/\/btektech.com\/?s={search_term_string}"},"query-input":{"@type":"PropertyValueSpecification","valueRequired":true,"valueName":"search_term_string"}}],"inLanguage":"tr"},{"@type":"Organization","@id":"https:\/\/btektech.com\/#organization","name":"Btektech","url":"https:\/\/btektech.com\/","logo":{"@type":"ImageObject","inLanguage":"tr","@id":"https:\/\/btektech.com\/#\/schema\/logo\/image\/","url":"https:\/\/btektech.com\/wp-content\/uploads\/2021\/08\/btektech-logo.png","contentUrl":"https:\/\/btektech.com\/wp-content\/uploads\/2021\/08\/btektech-logo.png","width":250,"height":114,"caption":"Btektech"},"image":{"@id":"https:\/\/btektech.com\/#\/schema\/logo\/image\/"},"sameAs":["https:\/\/x.com\/Btektech1","https:\/\/www.instagram.com\/btektech\/","https:\/\/www.linkedin.com\/company\/suzhou-baotailong-electronic-materials-co-ltd\/","https:\/\/www.pinterest.com\/btektech\/_saved\/","https:\/\/www.youtube.com\/channel\/UCBiw4Bc4CmQDrdo-QqyVTqQ"]}]}},"_links":{"self":[{"href":"https:\/\/btektech.com\/tr\/wp-json\/wp\/v2\/product\/5341","targetHints":{"allow":["GET"]}}],"collection":[{"href":"https:\/\/btektech.com\/tr\/wp-json\/wp\/v2\/product"}],"about":[{"href":"https:\/\/btektech.com\/tr\/wp-json\/wp\/v2\/types\/product"}],"replies":[{"embeddable":true,"href":"https:\/\/btektech.com\/tr\/wp-json\/wp\/v2\/comments?post=5341"}],"version-history":[{"count":0,"href":"https:\/\/btektech.com\/tr\/wp-json\/wp\/v2\/product\/5341\/revisions"}],"wp:featuredmedia":[{"embeddable":true,"href":"https:\/\/btektech.com\/tr\/wp-json\/wp\/v2\/media\/2538"}],"wp:attachment":[{"href":"https:\/\/btektech.com\/tr\/wp-json\/wp\/v2\/media?parent=5341"}],"wp:term":[{"taxonomy":"product_brand","embeddable":true,"href":"https:\/\/btektech.com\/tr\/wp-json\/wp\/v2\/product_brand?post=5341"},{"taxonomy":"product_cat","embeddable":true,"href":"https:\/\/btektech.com\/tr\/wp-json\/wp\/v2\/product_cat?post=5341"},{"taxonomy":"product_tag","embeddable":true,"href":"https:\/\/btektech.com\/tr\/wp-json\/wp\/v2\/product_tag?post=5341"}],"curies":[{"name":"wp","href":"https:\/\/api.w.org\/{rel}","templated":true}]}}