{"id":5339,"date":"2021-09-15T03:02:12","date_gmt":"2022-04-25T09:03:54","guid":{"rendered":"https:\/\/btektech.com\/product\/iki-kulak-kelepcesi\/"},"modified":"2022-11-21T02:25:32","modified_gmt":"2022-11-21T02:25:32","slug":"iki-kulak-kelepcesi","status":"publish","type":"product","link":"https:\/\/btektech.com\/tr\/product\/iki-kulak-kelepcesi\/","title":{"rendered":"\u0130ki kulak kelep\u00e7esi"},"content":{"rendered":"<p>Daha b\u00fcy\u00fck s\u0131k\u0131\u015ft\u0131rma kuvvetine sahip daha kal\u0131n \u00e7elik kay\u0131\u015f malzemesi, ev aletlerinde, otomotiv boru hatlar\u0131nda ve mekanik hidrolik boru hatlar\u0131nda yayg\u0131n olarak kullan\u0131lan y\u00fcksek bas\u0131n\u00e7l\u0131 gaz, s\u0131v\u0131 gev\u015fek ak\u0131\u015f\u0131n\u0131 etkili bir \u015fekilde \u00f6nleyebilir.<\/p>\n<div style=\"text-align: center;\">\n<img fetchpriority=\"high\" decoding=\"async\" class=\"alignnone size-medium wp-image-2234\" src=\"https:\/\/btektech.com\/wp-content\/uploads\/2021\/09\/two-ear-300x209.jpg\" alt=\"\" width=\"300\" height=\"209\" srcset=\"https:\/\/btektech.com\/wp-content\/uploads\/2021\/09\/two-ear-300x209.jpg 300w, https:\/\/btektech.com\/wp-content\/uploads\/2021\/09\/two-ear.jpg 303w\" sizes=\"(max-width: 300px) 100vw, 300px\" \/><img decoding=\"async\" class=\"alignnone size-medium wp-image-2238\" src=\"https:\/\/btektech.com\/wp-content\/uploads\/2021\/09\/Screenshot-2021-09-15-105926-300x211.jpg\" alt=\"\" width=\"300\" height=\"211\" srcset=\"https:\/\/btektech.com\/wp-content\/uploads\/2021\/09\/Screenshot-2021-09-15-105926-300x211.jpg 300w, https:\/\/btektech.com\/wp-content\/uploads\/2021\/09\/Screenshot-2021-09-15-105926.jpg 375w\" sizes=\"(max-width: 300px) 100vw, 300px\" \/>\n<\/div>\n<div style=\"overflow:auto\">\n<table style=\"border-collapse: collapse; text-align: center;\" border=\"0\"  cellspacing=\"0\" cellpadding=\"0\">\n<tbody>\n<caption style=\"font-weight: 600;font-size:30px;\">Galvanize \u00e7elik<\/caption>\n<tr>\n<th>Tip\/D<\/th>\n<th>Geni\u015flik\/B<\/th>\n<th>Kal\u0131nl\u0131k\/T<\/th>\n<th>Kulak geni\u015fli\u011fi\/S<\/th>\n<th>Asgari<\/th>\n<th>maksimum<\/th>\n<\/tr>\n<tr>\n<td>5-7<\/td>\n<td rowspan=\"4\" style=\"vertical-align: middle;\">7<\/td>\n<td>0.7<\/td>\n<td>2.4<\/td>\n<td>5<\/td>\n<td>7<\/td>\n<\/tr>\n<tr>\n<td>7-9<\/td>\n<td><\/td>\n<td>3.2<\/td>\n<td>7<\/td>\n<td>9<\/td>\n<\/tr>\n<tr>\n<td>9-11<\/td>\n<td>0.9<\/td>\n<td>3.5<\/td>\n<td>9<\/td>\n<td>11<\/td>\n<\/tr>\n<tr>\n<td>11-13<\/td>\n<td rowspan=\"2\" style=\"vertical-align: middle;\">1<\/td>\n<td>4.3<\/td>\n<td>11<\/td>\n<td>13<\/td>\n<\/tr>\n<tr>\n<td>13-15<\/td>\n<td rowspan=\"3\" style=\"vertical-align: middle;\">7.5<\/td>\n<td>4.3<\/td>\n<td>13<\/td>\n<td>15<\/td>\n<\/tr>\n<tr>\n<td>15-18<\/td>\n<td rowspan=\"2\" style=\"vertical-align: middle;\">1.2<\/td>\n<td>4.3<\/td>\n<td>15<\/td>\n<td>18<\/td>\n<\/tr>\n<tr>\n<td>17-20<\/td>\n<td>5<\/td>\n<td>17<\/td>\n<td>20<\/td>\n<\/tr>\n<tr>\n<td>20-23<\/td>\n<td rowspan=\"4\" style=\"vertical-align: middle;\">9<\/td>\n<td>1.3<\/td>\n<td>5.8<\/td>\n<td>20<\/td>\n<td>23<\/td>\n<\/tr>\n<tr>\n<td>22-25<\/td>\n<td><\/td>\n<td>6.5<\/td>\n<td>22<\/td>\n<td>25<\/td>\n<\/tr>\n<tr>\n<td>23-27<\/td>\n<td rowspan=\"4\" style=\"vertical-align: middle;\">1.4<\/td>\n<td>6.5<\/td>\n<td>23<\/td>\n<td>27<\/td>\n<\/tr>\n<tr>\n<td>25-28<\/td>\n<td>6.5<\/td>\n<td>25<\/td>\n<td>28<\/td>\n<\/tr>\n<tr>\n<td>28-31<\/td>\n<td rowspan=\"2\" style=\"vertical-align: middle;\">9.5<\/td>\n<td>6.5<\/td>\n<td>28<\/td>\n<td>31<\/td>\n<\/tr>\n<tr>\n<td>31-34<\/td>\n<td>6.5<\/td>\n<td>31<\/td>\n<td>34<\/td>\n<\/tr>\n<tr>\n<td>34-37<\/td>\n<td>9.5<\/td>\n<td>1.5<\/td>\n<td>6.5<\/td>\n<td>34<\/td>\n<td>37<\/td>\n<\/tr>\n<tr>\n<td>37-40<\/td>\n<td>9.5<\/td>\n<td>1.5<\/td>\n<td>7<\/td>\n<td>37<\/td>\n<td>40<\/td>\n<\/tr>\n<tr>\n<td>40-43<\/td>\n<td>9.5<\/td>\n<td>1.5<\/td>\n<td>7.5<\/td>\n<td>40<\/td>\n<td>43<\/td>\n<\/tr>\n<tr>\n<td>43-47<\/td>\n<td>9.5<\/td>\n<td>1.5<\/td>\n<td>7.5<\/td>\n<td>43<\/td>\n<td>47<\/td>\n<\/tr>\n<\/tbody>\n<\/table>\n<\/div>\n<p>&nbsp;<\/p>\n<div style=\"overflow:auto\">\n<table style=\"border-collapse: collapse; text-align: center;\" border=\"0\"  cellspacing=\"0\" cellpadding=\"0\">\n<tbody>\n<caption style=\"font-weight: 600;font-size:30px;\">SUS304<\/caption>\n<tr>\n<th>\u015eartname<\/th>\n<th>Geni\u015flik<\/th>\n<th>kal\u0131nl\u0131k<\/th>\n<th>\u0130\u00e7 kulak geni\u015fli\u011fi<\/th>\n<th>s\u0131kma kuvveti<\/th>\n<th>kilo<\/th>\n<\/tr>\n<tr>\n<td>5-7<\/td>\n<td>7<\/td>\n<td>0.6<\/td>\n<td>3.3<\/td>\n<td>3600N<\/td>\n<td>0.8<\/td>\n<\/tr>\n<tr>\n<td>7-9<\/td>\n<td>7<\/td>\n<td>0.7<\/td>\n<td>3.3<\/td>\n<td>3600N<\/td>\n<td>1.3<\/td>\n<\/tr>\n<tr>\n<td>9-11<\/td>\n<td>7<\/td>\n<td>0.7<\/td>\n<td>4<\/td>\n<td>3600N<\/td>\n<td>1.8<\/td>\n<\/tr>\n<tr>\n<td>11-13<\/td>\n<td>7<\/td>\n<td>0.7<\/td>\n<td>4<\/td>\n<td>3600N<\/td>\n<td>2<\/td>\n<\/tr>\n<tr>\n<td>13-15<\/td>\n<td>7<\/td>\n<td>0.8<\/td>\n<td>4.5<\/td>\n<td>3600N<\/td>\n<td>2.6<\/td>\n<\/tr>\n<tr>\n<td>14-17<\/td>\n<td>7<\/td>\n<td>0.9<\/td>\n<td>4.5<\/td>\n<td>3600N<\/td>\n<td>3.5<\/td>\n<\/tr>\n<tr>\n<td>15-18<\/td>\n<td>7.5<\/td>\n<td>0.9<\/td>\n<td>5<\/td>\n<td>3600N<\/td>\n<td>3.9<\/td>\n<\/tr>\n<tr>\n<td>17-20<\/td>\n<td>7.5<\/td>\n<td>0.9<\/td>\n<td>5.5<\/td>\n<td>3600N<\/td>\n<td>4.8<\/td>\n<\/tr>\n<tr>\n<td>20-23<\/td>\n<td>8<\/td>\n<td>0.9<\/td>\n<td>6.5<\/td>\n<td>3600N<\/td>\n<td>5.3<\/td>\n<\/tr>\n<tr>\n<td>22-25<\/td>\n<td>8<\/td>\n<td>0.9<\/td>\n<td>7<\/td>\n<td>3600N<\/td>\n<td>6.3<\/td>\n<\/tr>\n<tr>\n<td>23-27<\/td>\n<td>8.5<\/td>\n<td>1<\/td>\n<td>8<\/td>\n<td>3600N<\/td>\n<td>7.5<\/td>\n<\/tr>\n<tr>\n<td>25-28<\/td>\n<td>9<\/td>\n<td>1.2<\/td>\n<td>10<\/td>\n<td>3600N<\/td>\n<td>8.6<\/td>\n<\/tr>\n<tr>\n<td>28-31<\/td>\n<td>10<\/td>\n<td>1.2<\/td>\n<td>10<\/td>\n<td>3600N<\/td>\n<td>10<\/td>\n<\/tr>\n<tr>\n<td>31-34<\/td>\n<td>10<\/td>\n<td>1.2<\/td>\n<td>10<\/td>\n<td>3600N<\/td>\n<td>11<\/td>\n<\/tr>\n<tr>\n<td>34-37<\/td>\n<td>10<\/td>\n<td>1.2<\/td>\n<td>10<\/td>\n<td>3600N<\/td>\n<td>12.3<\/td>\n<\/tr>\n<tr>\n<td>37-40<\/td>\n<td>10<\/td>\n<td>1.2<\/td>\n<td>10<\/td>\n<td>3600N<\/td>\n<td>14.5<\/td>\n<\/tr>\n<\/tbody>\n<\/table>\n<\/div>\n","protected":false},"excerpt":{"rendered":"<p>Kulak tipi kelep\u00e7e preslenmi\u015f y\u00fcksek kaliteli diki\u015fsiz \u00e7elik borudan yap\u0131lm\u0131\u015ft\u0131r ve y\u00fczey y\u00fcksek kaliteli elektro galvaniz ile i\u015flenmi\u015ftir. G\u00fc\u00e7l\u00fc s\u0131zd\u0131rmazl\u0131k, b\u00fcy\u00fck s\u0131k\u0131\u015ft\u0131rma kuvveti \u00f6zelliklerine sahiptir ve gev\u015fetilmesi kolay de\u011fildir. Oksijen iletiminde ve s\u0131v\u0131 boru ba\u011flant\u0131lar\u0131n\u0131n sabitlenmesinde yayg\u0131n olarak kullan\u0131l\u0131r.<\/p>\n","protected":false},"featured_media":2242,"comment_status":"open","ping_status":"closed","template":"","meta":{"_acf_changed":false},"product_brand":[],"product_cat":[138,269],"product_tag":[],"class_list":{"0":"post-5339","1":"product","2":"type-product","3":"status-publish","4":"has-post-thumbnail","6":"product_cat-hortum-kelepceleri","7":"product_cat-uncategorized-tr","9":"first","10":"instock","11":"shipping-taxable","12":"product-type-simple"},"acf":[],"yoast_head":"<!-- This site is optimized with the Yoast SEO plugin v26.0 - https:\/\/yoast.com\/wordpress\/plugins\/seo\/ -->\n<title>\u0130ki kulak kelep\u00e7esi - Btektech<\/title>\n<meta name=\"description\" content=\"Kulak tipi kelep\u00e7e preslenmi\u015f y\u00fcksek kaliteli diki\u015fsiz \u00e7elik borudan yap\u0131lm\u0131\u015ft\u0131r ve y\u00fczey y\u00fcksek kaliteli elektro galvaniz ile i\u015flenmi\u015ftir. G\u00fc\u00e7l\u00fc s\u0131zd\u0131rmazl\u0131k\" \/>\n<meta name=\"robots\" content=\"index, follow, max-snippet:-1, max-image-preview:large, max-video-preview:-1\" \/>\n<link rel=\"canonical\" href=\"https:\/\/btektech.com\/tr\/product\/iki-kulak-kelepcesi\/\" \/>\n<meta property=\"og:locale\" content=\"tr_TR\" \/>\n<meta property=\"og:type\" content=\"article\" \/>\n<meta property=\"og:title\" content=\"\u0130ki kulak kelep\u00e7esi - Btektech\" \/>\n<meta property=\"og:description\" content=\"Kulak tipi kelep\u00e7e preslenmi\u015f y\u00fcksek kaliteli diki\u015fsiz \u00e7elik borudan yap\u0131lm\u0131\u015ft\u0131r ve y\u00fczey y\u00fcksek kaliteli elektro galvaniz ile i\u015flenmi\u015ftir. G\u00fc\u00e7l\u00fc s\u0131zd\u0131rmazl\u0131k\" \/>\n<meta property=\"og:url\" content=\"https:\/\/btektech.com\/tr\/product\/iki-kulak-kelepcesi\/\" \/>\n<meta property=\"og:site_name\" content=\"Btektech\" \/>\n<meta property=\"article:modified_time\" content=\"2022-11-21T02:25:32+00:00\" \/>\n<meta property=\"og:image\" content=\"https:\/\/btektech.com\/wp-content\/uploads\/2021\/09\/two-ear-2021-09-15-101335.jpg\" \/>\n\t<meta property=\"og:image:width\" content=\"561\" \/>\n\t<meta property=\"og:image:height\" content=\"561\" \/>\n\t<meta property=\"og:image:type\" content=\"image\/jpeg\" \/>\n<meta name=\"twitter:card\" content=\"summary_large_image\" \/>\n<meta name=\"twitter:site\" content=\"@Btektech1\" \/>\n<meta name=\"twitter:label1\" content=\"Tahmini okuma s\u00fcresi\" \/>\n\t<meta name=\"twitter:data1\" content=\"2 dakika\" \/>\n<script type=\"application\/ld+json\" class=\"yoast-schema-graph\">{\"@context\":\"https:\/\/schema.org\",\"@graph\":[{\"@type\":[\"WebPage\",\"ItemPage\"],\"@id\":\"https:\/\/btektech.com\/tr\/product\/iki-kulak-kelepcesi\/\",\"url\":\"https:\/\/btektech.com\/tr\/product\/iki-kulak-kelepcesi\/\",\"name\":\"\u0130ki kulak kelep\u00e7esi - Btektech\",\"isPartOf\":{\"@id\":\"https:\/\/btektech.com\/#website\"},\"primaryImageOfPage\":{\"@id\":\"https:\/\/btektech.com\/tr\/product\/iki-kulak-kelepcesi\/#primaryimage\"},\"image\":{\"@id\":\"https:\/\/btektech.com\/tr\/product\/iki-kulak-kelepcesi\/#primaryimage\"},\"thumbnailUrl\":\"https:\/\/btektech.com\/wp-content\/uploads\/2021\/09\/two-ear-2021-09-15-101335.jpg\",\"datePublished\":\"2022-04-25T09:03:54+00:00\",\"dateModified\":\"2022-11-21T02:25:32+00:00\",\"description\":\"Kulak tipi kelep\u00e7e preslenmi\u015f y\u00fcksek kaliteli diki\u015fsiz \u00e7elik borudan yap\u0131lm\u0131\u015ft\u0131r ve y\u00fczey y\u00fcksek kaliteli elektro galvaniz ile i\u015flenmi\u015ftir. G\u00fc\u00e7l\u00fc s\u0131zd\u0131rmazl\u0131k\",\"breadcrumb\":{\"@id\":\"https:\/\/btektech.com\/tr\/product\/iki-kulak-kelepcesi\/#breadcrumb\"},\"inLanguage\":\"tr\",\"potentialAction\":[{\"@type\":\"ReadAction\",\"target\":[\"https:\/\/btektech.com\/tr\/product\/iki-kulak-kelepcesi\/\"]}]},{\"@type\":\"ImageObject\",\"inLanguage\":\"tr\",\"@id\":\"https:\/\/btektech.com\/tr\/product\/iki-kulak-kelepcesi\/#primaryimage\",\"url\":\"https:\/\/btektech.com\/wp-content\/uploads\/2021\/09\/two-ear-2021-09-15-101335.jpg\",\"contentUrl\":\"https:\/\/btektech.com\/wp-content\/uploads\/2021\/09\/two-ear-2021-09-15-101335.jpg\",\"width\":561,\"height\":561,\"caption\":\"\u0130ki kulak kelep\u00e7esi\"},{\"@type\":\"BreadcrumbList\",\"@id\":\"https:\/\/btektech.com\/tr\/product\/iki-kulak-kelepcesi\/#breadcrumb\",\"itemListElement\":[{\"@type\":\"ListItem\",\"position\":1,\"name\":\"Home\",\"item\":\"https:\/\/btektech.com\/tr\/\"},{\"@type\":\"ListItem\",\"position\":2,\"name\":\"\u00dcr\u00fcnler\",\"item\":\"https:\/\/btektech.com\/tr\/shop\/\"},{\"@type\":\"ListItem\",\"position\":3,\"name\":\"Heavy-Duty &amp; Industrial Hose Clamps\",\"item\":\"https:\/\/btektech.com\/product-category\/heavy-duty-and-industrial-hose-clamps\/\"},{\"@type\":\"ListItem\",\"position\":4,\"name\":\"\u0130ki kulak kelep\u00e7esi\"}]},{\"@type\":\"WebSite\",\"@id\":\"https:\/\/btektech.com\/#website\",\"url\":\"https:\/\/btektech.com\/\",\"name\":\"Btektech\",\"description\":\"\",\"publisher\":{\"@id\":\"https:\/\/btektech.com\/#organization\"},\"potentialAction\":[{\"@type\":\"SearchAction\",\"target\":{\"@type\":\"EntryPoint\",\"urlTemplate\":\"https:\/\/btektech.com\/?s={search_term_string}\"},\"query-input\":{\"@type\":\"PropertyValueSpecification\",\"valueRequired\":true,\"valueName\":\"search_term_string\"}}],\"inLanguage\":\"tr\"},{\"@type\":\"Organization\",\"@id\":\"https:\/\/btektech.com\/#organization\",\"name\":\"Btektech\",\"url\":\"https:\/\/btektech.com\/\",\"logo\":{\"@type\":\"ImageObject\",\"inLanguage\":\"tr\",\"@id\":\"https:\/\/btektech.com\/#\/schema\/logo\/image\/\",\"url\":\"https:\/\/btektech.com\/wp-content\/uploads\/2021\/08\/btektech-logo.png\",\"contentUrl\":\"https:\/\/btektech.com\/wp-content\/uploads\/2021\/08\/btektech-logo.png\",\"width\":250,\"height\":114,\"caption\":\"Btektech\"},\"image\":{\"@id\":\"https:\/\/btektech.com\/#\/schema\/logo\/image\/\"},\"sameAs\":[\"https:\/\/x.com\/Btektech1\",\"https:\/\/www.instagram.com\/btektech\/\",\"https:\/\/www.linkedin.com\/company\/suzhou-baotailong-electronic-materials-co-ltd\/\",\"https:\/\/www.pinterest.com\/btektech\/_saved\/\",\"https:\/\/www.youtube.com\/channel\/UCBiw4Bc4CmQDrdo-QqyVTqQ\"]}]}<\/script>\n<!-- \/ Yoast SEO plugin. -->","yoast_head_json":{"title":"\u0130ki kulak kelep\u00e7esi - Btektech","description":"Kulak tipi kelep\u00e7e preslenmi\u015f y\u00fcksek kaliteli diki\u015fsiz \u00e7elik borudan yap\u0131lm\u0131\u015ft\u0131r ve y\u00fczey y\u00fcksek kaliteli elektro galvaniz ile i\u015flenmi\u015ftir. G\u00fc\u00e7l\u00fc s\u0131zd\u0131rmazl\u0131k","robots":{"index":"index","follow":"follow","max-snippet":"max-snippet:-1","max-image-preview":"max-image-preview:large","max-video-preview":"max-video-preview:-1"},"canonical":"https:\/\/btektech.com\/tr\/product\/iki-kulak-kelepcesi\/","og_locale":"tr_TR","og_type":"article","og_title":"\u0130ki kulak kelep\u00e7esi - Btektech","og_description":"Kulak tipi kelep\u00e7e preslenmi\u015f y\u00fcksek kaliteli diki\u015fsiz \u00e7elik borudan yap\u0131lm\u0131\u015ft\u0131r ve y\u00fczey y\u00fcksek kaliteli elektro galvaniz ile i\u015flenmi\u015ftir. G\u00fc\u00e7l\u00fc s\u0131zd\u0131rmazl\u0131k","og_url":"https:\/\/btektech.com\/tr\/product\/iki-kulak-kelepcesi\/","og_site_name":"Btektech","article_modified_time":"2022-11-21T02:25:32+00:00","og_image":[{"width":561,"height":561,"url":"https:\/\/btektech.com\/wp-content\/uploads\/2021\/09\/two-ear-2021-09-15-101335.jpg","type":"image\/jpeg"}],"twitter_card":"summary_large_image","twitter_site":"@Btektech1","twitter_misc":{"Tahmini okuma s\u00fcresi":"2 dakika"},"schema":{"@context":"https:\/\/schema.org","@graph":[{"@type":["WebPage","ItemPage"],"@id":"https:\/\/btektech.com\/tr\/product\/iki-kulak-kelepcesi\/","url":"https:\/\/btektech.com\/tr\/product\/iki-kulak-kelepcesi\/","name":"\u0130ki kulak kelep\u00e7esi - Btektech","isPartOf":{"@id":"https:\/\/btektech.com\/#website"},"primaryImageOfPage":{"@id":"https:\/\/btektech.com\/tr\/product\/iki-kulak-kelepcesi\/#primaryimage"},"image":{"@id":"https:\/\/btektech.com\/tr\/product\/iki-kulak-kelepcesi\/#primaryimage"},"thumbnailUrl":"https:\/\/btektech.com\/wp-content\/uploads\/2021\/09\/two-ear-2021-09-15-101335.jpg","datePublished":"2022-04-25T09:03:54+00:00","dateModified":"2022-11-21T02:25:32+00:00","description":"Kulak tipi kelep\u00e7e preslenmi\u015f y\u00fcksek kaliteli diki\u015fsiz \u00e7elik borudan yap\u0131lm\u0131\u015ft\u0131r ve y\u00fczey y\u00fcksek kaliteli elektro galvaniz ile i\u015flenmi\u015ftir. G\u00fc\u00e7l\u00fc s\u0131zd\u0131rmazl\u0131k","breadcrumb":{"@id":"https:\/\/btektech.com\/tr\/product\/iki-kulak-kelepcesi\/#breadcrumb"},"inLanguage":"tr","potentialAction":[{"@type":"ReadAction","target":["https:\/\/btektech.com\/tr\/product\/iki-kulak-kelepcesi\/"]}]},{"@type":"ImageObject","inLanguage":"tr","@id":"https:\/\/btektech.com\/tr\/product\/iki-kulak-kelepcesi\/#primaryimage","url":"https:\/\/btektech.com\/wp-content\/uploads\/2021\/09\/two-ear-2021-09-15-101335.jpg","contentUrl":"https:\/\/btektech.com\/wp-content\/uploads\/2021\/09\/two-ear-2021-09-15-101335.jpg","width":561,"height":561,"caption":"\u0130ki kulak kelep\u00e7esi"},{"@type":"BreadcrumbList","@id":"https:\/\/btektech.com\/tr\/product\/iki-kulak-kelepcesi\/#breadcrumb","itemListElement":[{"@type":"ListItem","position":1,"name":"Home","item":"https:\/\/btektech.com\/tr\/"},{"@type":"ListItem","position":2,"name":"\u00dcr\u00fcnler","item":"https:\/\/btektech.com\/tr\/shop\/"},{"@type":"ListItem","position":3,"name":"Heavy-Duty &amp; Industrial Hose Clamps","item":"https:\/\/btektech.com\/product-category\/heavy-duty-and-industrial-hose-clamps\/"},{"@type":"ListItem","position":4,"name":"\u0130ki kulak kelep\u00e7esi"}]},{"@type":"WebSite","@id":"https:\/\/btektech.com\/#website","url":"https:\/\/btektech.com\/","name":"Btektech","description":"","publisher":{"@id":"https:\/\/btektech.com\/#organization"},"potentialAction":[{"@type":"SearchAction","target":{"@type":"EntryPoint","urlTemplate":"https:\/\/btektech.com\/?s={search_term_string}"},"query-input":{"@type":"PropertyValueSpecification","valueRequired":true,"valueName":"search_term_string"}}],"inLanguage":"tr"},{"@type":"Organization","@id":"https:\/\/btektech.com\/#organization","name":"Btektech","url":"https:\/\/btektech.com\/","logo":{"@type":"ImageObject","inLanguage":"tr","@id":"https:\/\/btektech.com\/#\/schema\/logo\/image\/","url":"https:\/\/btektech.com\/wp-content\/uploads\/2021\/08\/btektech-logo.png","contentUrl":"https:\/\/btektech.com\/wp-content\/uploads\/2021\/08\/btektech-logo.png","width":250,"height":114,"caption":"Btektech"},"image":{"@id":"https:\/\/btektech.com\/#\/schema\/logo\/image\/"},"sameAs":["https:\/\/x.com\/Btektech1","https:\/\/www.instagram.com\/btektech\/","https:\/\/www.linkedin.com\/company\/suzhou-baotailong-electronic-materials-co-ltd\/","https:\/\/www.pinterest.com\/btektech\/_saved\/","https:\/\/www.youtube.com\/channel\/UCBiw4Bc4CmQDrdo-QqyVTqQ"]}]}},"_links":{"self":[{"href":"https:\/\/btektech.com\/tr\/wp-json\/wp\/v2\/product\/5339","targetHints":{"allow":["GET"]}}],"collection":[{"href":"https:\/\/btektech.com\/tr\/wp-json\/wp\/v2\/product"}],"about":[{"href":"https:\/\/btektech.com\/tr\/wp-json\/wp\/v2\/types\/product"}],"replies":[{"embeddable":true,"href":"https:\/\/btektech.com\/tr\/wp-json\/wp\/v2\/comments?post=5339"}],"version-history":[{"count":0,"href":"https:\/\/btektech.com\/tr\/wp-json\/wp\/v2\/product\/5339\/revisions"}],"wp:featuredmedia":[{"embeddable":true,"href":"https:\/\/btektech.com\/tr\/wp-json\/wp\/v2\/media\/2242"}],"wp:attachment":[{"href":"https:\/\/btektech.com\/tr\/wp-json\/wp\/v2\/media?parent=5339"}],"wp:term":[{"taxonomy":"product_brand","embeddable":true,"href":"https:\/\/btektech.com\/tr\/wp-json\/wp\/v2\/product_brand?post=5339"},{"taxonomy":"product_cat","embeddable":true,"href":"https:\/\/btektech.com\/tr\/wp-json\/wp\/v2\/product_cat?post=5339"},{"taxonomy":"product_tag","embeddable":true,"href":"https:\/\/btektech.com\/tr\/wp-json\/wp\/v2\/product_tag?post=5339"}],"curies":[{"name":"wp","href":"https:\/\/api.w.org\/{rel}","templated":true}]}}