{"id":5338,"date":"2021-09-09T09:20:44","date_gmt":"2022-04-25T09:03:53","guid":{"rendered":"https:\/\/btektech.com\/product\/iki-bilesenli-cift-kartus\/"},"modified":"2022-09-28T02:46:42","modified_gmt":"2022-09-28T02:46:42","slug":"cift-kartus-siringa-namlu","status":"publish","type":"product","link":"https:\/\/btektech.com\/tr\/product\/cift-kartus-siringa-namlu\/","title":{"rendered":"\u00c7ift Kartu\u015f \u015e\u0131r\u0131nga Namlu"},"content":{"rendered":"<p>Bir \u00e7\u0131k\u0131\u015f\u0131 payla\u015fan belirli kapasiteye sahip iki t\u00fcp, iki s\u0131v\u0131y\u0131 orant\u0131l\u0131 olarak paketlemek veya kar\u0131\u015ft\u0131rmak i\u00e7in kullan\u0131labilir. Kar\u015f\u0131l\u0131k gelen piston kenar\u0131, s\u0131v\u0131n\u0131n s\u0131z\u0131nt\u0131 olmadan sorunsuz bir \u015fekilde serbest b\u0131rak\u0131lmas\u0131n\u0131 sa\u011flamak i\u00e7in borunun duvar\u0131na yak\u0131nd\u0131r.<\/p>\n<div style=\"overflow: auto;\">\n<table style=\"text-align: center;\">\n<tbody>\n<tr>\n<th>E\u015fya yok.<\/th>\n<th>Oran<\/th>\n<th>Kapasite<\/th>\n<th>Yorucu<\/th>\n<th>Malzeme(kartu\u015f)<\/th>\n<th>Malzeme(pistonlar)<\/th>\n<\/tr>\n<tr>\n<td>E1<\/td>\n<td>1:1<\/td>\n<td>50ml<\/td>\n<td>Y<\/td>\n<td>PP<\/td>\n<td>PE<\/td>\n<\/tr>\n<tr>\n<td>E2<\/td>\n<td>1:1<\/td>\n<td>50ml<\/td>\n<td>N<\/td>\n<td>PP<\/td>\n<td>PE<\/td>\n<\/tr>\n<tr>\n<td>E3<\/td>\n<td>2:1<\/td>\n<td>50ml<\/td>\n<td>Y<\/td>\n<td>PP<\/td>\n<td>PE<\/td>\n<\/tr>\n<tr>\n<td>E 4<\/td>\n<td>2:1<\/td>\n<td>50ml<\/td>\n<td>N<\/td>\n<td>PP<\/td>\n<td>PE<\/td>\n<\/tr>\n<tr>\n<td>E5<\/td>\n<td>10:1<\/td>\n<td>50ml<\/td>\n<td>Y<\/td>\n<td>PBT<\/td>\n<td>PE<\/td>\n<\/tr>\n<tr>\n<td>E6<\/td>\n<td>10:1<\/td>\n<td>75ml<\/td>\n<td>Y<\/td>\n<td>PBT<\/td>\n<td>PE<\/td>\n<\/tr>\n<tr>\n<td>E7<\/td>\n<td>1:1<\/td>\n<td>400 ml<\/td>\n<td>Y<\/td>\n<td>PE<\/td>\n<td>PE<\/td>\n<\/tr>\n<tr>\n<td>E8<\/td>\n<td>4:1<\/td>\n<td>50ml<\/td>\n<td>Y<\/td>\n<td>PP<\/td>\n<td>PE<\/td>\n<\/tr>\n<tr>\n<td>ABNS1<\/td>\n<td>  1:1<\/td>\n<td>5ml<\/td>\n<td>N<\/td>\n<td>PP<\/td>\n<td>PE<\/td>\n<\/tr>\n<tr>\n<td>ABNS2<\/td>\n<td>  1:1<\/td>\n<td>24ml<\/td>\n<td>\/<\/td>\n<td>PP<\/td>\n<td>PE<\/td>\n<\/tr>\n<tr>\n<td>ABNS3<\/td>\n<td>  1:1<\/td>\n<td>590ml<\/td>\n<td>Y<\/td>\n<td>PP<\/td>\n<td>PE<\/td>\n<\/tr>\n<tr>\n<td>ABNS4<\/td>\n<td>  1:1<\/td>\n<td>600ml<\/td>\n<td>Y<\/td>\n<td>PP<\/td>\n<td>PE<\/td>\n<\/tr>\n<tr>\n<td>ABNS5<\/td>\n<td>  2:1<\/td>\n<td>450ml<\/td>\n<td>Y<\/td>\n<td>PE<\/td>\n<td>PE<\/td>\n<\/tr>\n<tr>\n<td>ABNS6<\/td>\n<td>  2:1<\/td>\n<td>900ml<\/td>\n<td>N<\/td>\n<td>PP<\/td>\n<td>PE<\/td>\n<\/tr>\n<tr>\n<td>ABNS7<\/td>\n<td>  3:1<\/td>\n<td>385ml<\/td>\n<td>Y<\/td>\n<td>PP<\/td>\n<td>PE<\/td>\n<\/tr>\n<tr>\n<td>ABNS8<\/td>\n<td>  3:1<\/td>\n<td>390ml<\/td>\n<td>N<\/td>\n<td>PP<\/td>\n<td>PE<\/td>\n<\/tr>\n<tr>\n<td>ABNS9<\/td>\n<td>  5:1<\/td>\n<td>360 ml<\/td>\n<td>Y<\/td>\n<td>PP<\/td>\n<td>PE<\/td>\n<\/tr>\n<tr>\n<td>ABNS10<\/td>\n<td>  10:1<\/td>\n<td>250 ml<\/td>\n<td>Y<\/td>\n<td>PBT<\/td>\n<td>PE<\/td>\n<\/tr>\n<tr>\n<td>ABNS11<\/td>\n<td>  10:1<\/td>\n<td>345ml<\/td>\n<td>Y<\/td>\n<td>PP<\/td>\n<td>PE<\/td>\n<\/tr>\n<tr>\n<td>ABNS12<\/td>\n<td>  10:1<\/td>\n<td>380 ml<\/td>\n<td>N<\/td>\n<td>PP<\/td>\n<td>PE<\/td>\n<\/tr>\n<tr>\n<td>ABNS13<\/td>\n<td>  10:1<\/td>\n<td>490ml<\/td>\n<td>Y<\/td>\n<td>PBT<\/td>\n<td>PE<\/td>\n<\/tr>\n<tr>\n<td>ABNS14<\/td>\n<td>  1:1<\/td>\n<td>1500ml<\/td>\n<td>E\/H<\/td>\n<td>PP<\/td>\n<td>PE<\/td>\n<\/tr>\n<\/tbody>\n<\/table>\n<\/div>\n","protected":false},"excerpt":{"rendered":"<p>Btektech taraf\u0131ndan sa\u011flanan iki bile\u015fenli \u00c7ift Kartu\u015f \u015e\u0131r\u0131nga Namlu, y\u00fcksek kaliteli iki bile\u015fenli s\u0131v\u0131lar\u0131n paketlenmesi i\u00e7in uygundur.<\/p>\n","protected":false},"featured_media":2162,"comment_status":"open","ping_status":"closed","template":"","meta":{"_acf_changed":false},"product_brand":[],"product_cat":[15],"product_tag":[],"class_list":{"0":"post-5338","1":"product","2":"type-product","3":"status-publish","4":"has-post-thumbnail","6":"product_cat-uncategorized","8":"first","9":"instock","10":"shipping-taxable","11":"product-type-simple"},"acf":[],"yoast_head":"<!-- This site is optimized with the Yoast SEO plugin v26.0 - https:\/\/yoast.com\/wordpress\/plugins\/seo\/ -->\n<title>\u00c7ift Kartu\u015f \u015e\u0131r\u0131nga Namlu - Btektech<\/title>\n<meta name=\"description\" content=\"Btektech taraf\u0131ndan sa\u011flanan iki bile\u015fenli \u00c7ift Kartu\u015f \u015e\u0131r\u0131nga Namlu , y\u00fcksek kaliteli iki bile\u015fenli s\u0131v\u0131lar\u0131n paketlenmesi i\u00e7in uygundur.\" \/>\n<meta name=\"robots\" content=\"index, follow, max-snippet:-1, max-image-preview:large, max-video-preview:-1\" \/>\n<link rel=\"canonical\" href=\"https:\/\/btektech.com\/tr\/product\/cift-kartus-siringa-namlu\/\" \/>\n<meta property=\"og:locale\" content=\"tr_TR\" \/>\n<meta property=\"og:type\" content=\"article\" \/>\n<meta property=\"og:title\" content=\"\u00c7ift Kartu\u015f \u015e\u0131r\u0131nga Namlu - Btektech\" \/>\n<meta property=\"og:description\" content=\"Btektech taraf\u0131ndan sa\u011flanan iki bile\u015fenli \u00c7ift Kartu\u015f \u015e\u0131r\u0131nga Namlu , y\u00fcksek kaliteli iki bile\u015fenli s\u0131v\u0131lar\u0131n paketlenmesi i\u00e7in uygundur.\" \/>\n<meta property=\"og:url\" content=\"https:\/\/btektech.com\/tr\/product\/cift-kartus-siringa-namlu\/\" \/>\n<meta property=\"og:site_name\" content=\"Btektech\" \/>\n<meta property=\"article:modified_time\" content=\"2022-09-28T02:46:42+00:00\" \/>\n<meta property=\"og:image\" content=\"https:\/\/btektech.com\/wp-content\/uploads\/2021\/09\/1-1a.jpg\" \/>\n\t<meta property=\"og:image:width\" content=\"1000\" \/>\n\t<meta property=\"og:image:height\" content=\"1000\" \/>\n\t<meta property=\"og:image:type\" content=\"image\/jpeg\" \/>\n<meta name=\"twitter:card\" content=\"summary_large_image\" \/>\n<meta name=\"twitter:site\" content=\"@Btektech1\" \/>\n<meta name=\"twitter:label1\" content=\"Tahmini okuma s\u00fcresi\" \/>\n\t<meta name=\"twitter:data1\" content=\"1 dakika\" \/>\n<script type=\"application\/ld+json\" class=\"yoast-schema-graph\">{\"@context\":\"https:\/\/schema.org\",\"@graph\":[{\"@type\":[\"WebPage\",\"ItemPage\"],\"@id\":\"https:\/\/btektech.com\/tr\/product\/cift-kartus-siringa-namlu\/\",\"url\":\"https:\/\/btektech.com\/tr\/product\/cift-kartus-siringa-namlu\/\",\"name\":\"\u00c7ift Kartu\u015f \u015e\u0131r\u0131nga Namlu - Btektech\",\"isPartOf\":{\"@id\":\"https:\/\/btektech.com\/#website\"},\"primaryImageOfPage\":{\"@id\":\"https:\/\/btektech.com\/tr\/product\/cift-kartus-siringa-namlu\/#primaryimage\"},\"image\":{\"@id\":\"https:\/\/btektech.com\/tr\/product\/cift-kartus-siringa-namlu\/#primaryimage\"},\"thumbnailUrl\":\"https:\/\/btektech.com\/wp-content\/uploads\/2021\/09\/1-1a.jpg\",\"datePublished\":\"2022-04-25T09:03:53+00:00\",\"dateModified\":\"2022-09-28T02:46:42+00:00\",\"description\":\"Btektech taraf\u0131ndan sa\u011flanan iki bile\u015fenli \u00c7ift Kartu\u015f \u015e\u0131r\u0131nga Namlu , y\u00fcksek kaliteli iki bile\u015fenli s\u0131v\u0131lar\u0131n paketlenmesi i\u00e7in uygundur.\",\"breadcrumb\":{\"@id\":\"https:\/\/btektech.com\/tr\/product\/cift-kartus-siringa-namlu\/#breadcrumb\"},\"inLanguage\":\"tr\",\"potentialAction\":[{\"@type\":\"ReadAction\",\"target\":[\"https:\/\/btektech.com\/tr\/product\/cift-kartus-siringa-namlu\/\"]}]},{\"@type\":\"ImageObject\",\"inLanguage\":\"tr\",\"@id\":\"https:\/\/btektech.com\/tr\/product\/cift-kartus-siringa-namlu\/#primaryimage\",\"url\":\"https:\/\/btektech.com\/wp-content\/uploads\/2021\/09\/1-1a.jpg\",\"contentUrl\":\"https:\/\/btektech.com\/wp-content\/uploads\/2021\/09\/1-1a.jpg\",\"width\":1000,\"height\":1000,\"caption\":\"\u00c7ift Kartu\u015f\"},{\"@type\":\"BreadcrumbList\",\"@id\":\"https:\/\/btektech.com\/tr\/product\/cift-kartus-siringa-namlu\/#breadcrumb\",\"itemListElement\":[{\"@type\":\"ListItem\",\"position\":1,\"name\":\"Home\",\"item\":\"https:\/\/btektech.com\/tr\/home-2\/\"},{\"@type\":\"ListItem\",\"position\":2,\"name\":\"\u00dcr\u00fcnler\",\"item\":\"https:\/\/btektech.com\/tr\/shop\/\"},{\"@type\":\"ListItem\",\"position\":3,\"name\":\"\u00c7ift Kartu\u015f \u015e\u0131r\u0131nga Namlu\"}]},{\"@type\":\"WebSite\",\"@id\":\"https:\/\/btektech.com\/#website\",\"url\":\"https:\/\/btektech.com\/\",\"name\":\"Btektech\",\"description\":\"\",\"publisher\":{\"@id\":\"https:\/\/btektech.com\/#organization\"},\"potentialAction\":[{\"@type\":\"SearchAction\",\"target\":{\"@type\":\"EntryPoint\",\"urlTemplate\":\"https:\/\/btektech.com\/?s={search_term_string}\"},\"query-input\":{\"@type\":\"PropertyValueSpecification\",\"valueRequired\":true,\"valueName\":\"search_term_string\"}}],\"inLanguage\":\"tr\"},{\"@type\":\"Organization\",\"@id\":\"https:\/\/btektech.com\/#organization\",\"name\":\"Btektech\",\"url\":\"https:\/\/btektech.com\/\",\"logo\":{\"@type\":\"ImageObject\",\"inLanguage\":\"tr\",\"@id\":\"https:\/\/btektech.com\/#\/schema\/logo\/image\/\",\"url\":\"https:\/\/btektech.com\/wp-content\/uploads\/2021\/08\/btektech-logo.png\",\"contentUrl\":\"https:\/\/btektech.com\/wp-content\/uploads\/2021\/08\/btektech-logo.png\",\"width\":250,\"height\":114,\"caption\":\"Btektech\"},\"image\":{\"@id\":\"https:\/\/btektech.com\/#\/schema\/logo\/image\/\"},\"sameAs\":[\"https:\/\/x.com\/Btektech1\",\"https:\/\/www.instagram.com\/btektech\/\",\"https:\/\/www.linkedin.com\/company\/suzhou-baotailong-electronic-materials-co-ltd\/\",\"https:\/\/www.pinterest.com\/btektech\/_saved\/\",\"https:\/\/www.youtube.com\/channel\/UCBiw4Bc4CmQDrdo-QqyVTqQ\"]}]}<\/script>\n<!-- \/ Yoast SEO plugin. -->","yoast_head_json":{"title":"\u00c7ift Kartu\u015f \u015e\u0131r\u0131nga Namlu - Btektech","description":"Btektech taraf\u0131ndan sa\u011flanan iki bile\u015fenli \u00c7ift Kartu\u015f \u015e\u0131r\u0131nga Namlu , y\u00fcksek kaliteli iki bile\u015fenli s\u0131v\u0131lar\u0131n paketlenmesi i\u00e7in uygundur.","robots":{"index":"index","follow":"follow","max-snippet":"max-snippet:-1","max-image-preview":"max-image-preview:large","max-video-preview":"max-video-preview:-1"},"canonical":"https:\/\/btektech.com\/tr\/product\/cift-kartus-siringa-namlu\/","og_locale":"tr_TR","og_type":"article","og_title":"\u00c7ift Kartu\u015f \u015e\u0131r\u0131nga Namlu - Btektech","og_description":"Btektech taraf\u0131ndan sa\u011flanan iki bile\u015fenli \u00c7ift Kartu\u015f \u015e\u0131r\u0131nga Namlu , y\u00fcksek kaliteli iki bile\u015fenli s\u0131v\u0131lar\u0131n paketlenmesi i\u00e7in uygundur.","og_url":"https:\/\/btektech.com\/tr\/product\/cift-kartus-siringa-namlu\/","og_site_name":"Btektech","article_modified_time":"2022-09-28T02:46:42+00:00","og_image":[{"width":1000,"height":1000,"url":"https:\/\/btektech.com\/wp-content\/uploads\/2021\/09\/1-1a.jpg","type":"image\/jpeg"}],"twitter_card":"summary_large_image","twitter_site":"@Btektech1","twitter_misc":{"Tahmini okuma s\u00fcresi":"1 dakika"},"schema":{"@context":"https:\/\/schema.org","@graph":[{"@type":["WebPage","ItemPage"],"@id":"https:\/\/btektech.com\/tr\/product\/cift-kartus-siringa-namlu\/","url":"https:\/\/btektech.com\/tr\/product\/cift-kartus-siringa-namlu\/","name":"\u00c7ift Kartu\u015f \u015e\u0131r\u0131nga Namlu - Btektech","isPartOf":{"@id":"https:\/\/btektech.com\/#website"},"primaryImageOfPage":{"@id":"https:\/\/btektech.com\/tr\/product\/cift-kartus-siringa-namlu\/#primaryimage"},"image":{"@id":"https:\/\/btektech.com\/tr\/product\/cift-kartus-siringa-namlu\/#primaryimage"},"thumbnailUrl":"https:\/\/btektech.com\/wp-content\/uploads\/2021\/09\/1-1a.jpg","datePublished":"2022-04-25T09:03:53+00:00","dateModified":"2022-09-28T02:46:42+00:00","description":"Btektech taraf\u0131ndan sa\u011flanan iki bile\u015fenli \u00c7ift Kartu\u015f \u015e\u0131r\u0131nga Namlu , y\u00fcksek kaliteli iki bile\u015fenli s\u0131v\u0131lar\u0131n paketlenmesi i\u00e7in uygundur.","breadcrumb":{"@id":"https:\/\/btektech.com\/tr\/product\/cift-kartus-siringa-namlu\/#breadcrumb"},"inLanguage":"tr","potentialAction":[{"@type":"ReadAction","target":["https:\/\/btektech.com\/tr\/product\/cift-kartus-siringa-namlu\/"]}]},{"@type":"ImageObject","inLanguage":"tr","@id":"https:\/\/btektech.com\/tr\/product\/cift-kartus-siringa-namlu\/#primaryimage","url":"https:\/\/btektech.com\/wp-content\/uploads\/2021\/09\/1-1a.jpg","contentUrl":"https:\/\/btektech.com\/wp-content\/uploads\/2021\/09\/1-1a.jpg","width":1000,"height":1000,"caption":"\u00c7ift Kartu\u015f"},{"@type":"BreadcrumbList","@id":"https:\/\/btektech.com\/tr\/product\/cift-kartus-siringa-namlu\/#breadcrumb","itemListElement":[{"@type":"ListItem","position":1,"name":"Home","item":"https:\/\/btektech.com\/tr\/home-2\/"},{"@type":"ListItem","position":2,"name":"\u00dcr\u00fcnler","item":"https:\/\/btektech.com\/tr\/shop\/"},{"@type":"ListItem","position":3,"name":"\u00c7ift Kartu\u015f \u015e\u0131r\u0131nga Namlu"}]},{"@type":"WebSite","@id":"https:\/\/btektech.com\/#website","url":"https:\/\/btektech.com\/","name":"Btektech","description":"","publisher":{"@id":"https:\/\/btektech.com\/#organization"},"potentialAction":[{"@type":"SearchAction","target":{"@type":"EntryPoint","urlTemplate":"https:\/\/btektech.com\/?s={search_term_string}"},"query-input":{"@type":"PropertyValueSpecification","valueRequired":true,"valueName":"search_term_string"}}],"inLanguage":"tr"},{"@type":"Organization","@id":"https:\/\/btektech.com\/#organization","name":"Btektech","url":"https:\/\/btektech.com\/","logo":{"@type":"ImageObject","inLanguage":"tr","@id":"https:\/\/btektech.com\/#\/schema\/logo\/image\/","url":"https:\/\/btektech.com\/wp-content\/uploads\/2021\/08\/btektech-logo.png","contentUrl":"https:\/\/btektech.com\/wp-content\/uploads\/2021\/08\/btektech-logo.png","width":250,"height":114,"caption":"Btektech"},"image":{"@id":"https:\/\/btektech.com\/#\/schema\/logo\/image\/"},"sameAs":["https:\/\/x.com\/Btektech1","https:\/\/www.instagram.com\/btektech\/","https:\/\/www.linkedin.com\/company\/suzhou-baotailong-electronic-materials-co-ltd\/","https:\/\/www.pinterest.com\/btektech\/_saved\/","https:\/\/www.youtube.com\/channel\/UCBiw4Bc4CmQDrdo-QqyVTqQ"]}]}},"_links":{"self":[{"href":"https:\/\/btektech.com\/tr\/wp-json\/wp\/v2\/product\/5338","targetHints":{"allow":["GET"]}}],"collection":[{"href":"https:\/\/btektech.com\/tr\/wp-json\/wp\/v2\/product"}],"about":[{"href":"https:\/\/btektech.com\/tr\/wp-json\/wp\/v2\/types\/product"}],"replies":[{"embeddable":true,"href":"https:\/\/btektech.com\/tr\/wp-json\/wp\/v2\/comments?post=5338"}],"version-history":[{"count":0,"href":"https:\/\/btektech.com\/tr\/wp-json\/wp\/v2\/product\/5338\/revisions"}],"wp:featuredmedia":[{"embeddable":true,"href":"https:\/\/btektech.com\/tr\/wp-json\/wp\/v2\/media\/2162"}],"wp:attachment":[{"href":"https:\/\/btektech.com\/tr\/wp-json\/wp\/v2\/media?parent=5338"}],"wp:term":[{"taxonomy":"product_brand","embeddable":true,"href":"https:\/\/btektech.com\/tr\/wp-json\/wp\/v2\/product_brand?post=5338"},{"taxonomy":"product_cat","embeddable":true,"href":"https:\/\/btektech.com\/tr\/wp-json\/wp\/v2\/product_cat?post=5338"},{"taxonomy":"product_tag","embeddable":true,"href":"https:\/\/btektech.com\/tr\/wp-json\/wp\/v2\/product_tag?post=5338"}],"curies":[{"name":"wp","href":"https:\/\/api.w.org\/{rel}","templated":true}]}}