{"id":5337,"date":"2021-09-15T05:44:38","date_gmt":"2022-04-25T09:03:51","guid":{"rendered":"https:\/\/btektech.com\/product\/tek-kulak-percinleme-kelepcesi\/"},"modified":"2022-11-21T02:34:39","modified_gmt":"2022-11-21T02:34:39","slug":"tek-kulak-percinleme-kelepcepcesi","status":"publish","type":"product","link":"https:\/\/btektech.com\/tr\/product\/tek-kulak-percinleme-kelepcepcesi\/","title":{"rendered":"Tek Kulak Per\u00e7inleme Kelep\u00e7esi"},"content":{"rendered":"<p>36.1&#8217;in alt\u0131nda ortak \u00f6zelliklerde bu tip kelep\u00e7e i\u00e7in haz\u0131r kal\u0131plar mevcuttur ve t\u00fcm k\u00fc\u00e7\u00fck \u00f6zellikler stokta mevcuttur.<\/p>\n<div style=\"text-align: center;\">\n<img fetchpriority=\"high\" decoding=\"async\" class=\"alignnone size-medium wp-image-2266\" src=\"https:\/\/btektech.com\/wp-content\/uploads\/2021\/09\/Screenshot-2021-09-15-132624-300x176.jpg\" alt=\"\" width=\"300\" height=\"176\" srcset=\"https:\/\/btektech.com\/wp-content\/uploads\/2021\/09\/Screenshot-2021-09-15-132624-300x176.jpg 300w, https:\/\/btektech.com\/wp-content\/uploads\/2021\/09\/Screenshot-2021-09-15-132624-400x235.jpg 400w, https:\/\/btektech.com\/wp-content\/uploads\/2021\/09\/Screenshot-2021-09-15-132624.jpg 408w\" sizes=\"(max-width: 300px) 100vw, 300px\" \/><img decoding=\"async\" class=\"alignnone size-medium wp-image-2270\" src=\"https:\/\/btektech.com\/wp-content\/uploads\/2021\/09\/single-ear-2021-09-15-132937-300x158.jpg\" alt=\"\" width=\"300\" height=\"158\" srcset=\"https:\/\/btektech.com\/wp-content\/uploads\/2021\/09\/single-ear-2021-09-15-132937-300x158.jpg 300w, https:\/\/btektech.com\/wp-content\/uploads\/2021\/09\/single-ear-2021-09-15-132937.jpg 329w\" sizes=\"(max-width: 300px) 100vw, 300px\" \/>\n<\/div>\n<div style=\"overflow: auto;\">\n<table style=\"text-align: center;\">\n<tbody>\n<tr>\n<th>NUMARA.<\/th>\n<th>\u015eartname<\/th>\n<th>\u0130\u00e7 kulak geni\u015fli\u011fi \uff08mm\uff09<\/th>\n<th>s\u0131kma kuvveti<\/th>\n<th>a\u011f\u0131rl\u0131k (g)<\/th>\n<\/tr>\n<tr>\n<td>5105<\/td>\n<td>8.8-10.5<\/td>\n<td>5<\/td>\n<td>1200N<\/td>\n<td>1.45<\/td>\n<\/tr>\n<tr>\n<td>5113<\/td>\n<td>9.6-11.3<\/td>\n<td>6<\/td>\n<td>1200N<\/td>\n<td>1.46<\/td>\n<\/tr>\n<tr>\n<td>7123<\/td>\n<td>9.8-12.3<\/td>\n<td>6<\/td>\n<td>1200N<\/td>\n<td>1.47<\/td>\n<\/tr>\n<tr>\n<td>7133<\/td>\n<td>10.8-13.3<\/td>\n<td>6.5<\/td>\n<td>1200N<\/td>\n<td>1.48<\/td>\n<\/tr>\n<tr>\n<td>7138<\/td>\n<td>11.3-13.8<\/td>\n<td>6<\/td>\n<td>1200N<\/td>\n<td>1.5<\/td>\n<\/tr>\n<tr>\n<td>7140<\/td>\n<td>11.5-14.0<\/td>\n<td>6.5<\/td>\n<td>1200N<\/td>\n<td>1.75<\/td>\n<\/tr>\n<tr>\n<td>7145<\/td>\n<td>12.0-14.5<\/td>\n<td>6<\/td>\n<td>1200N<\/td>\n<td>1.75<\/td>\n<\/tr>\n<tr>\n<td>7157<\/td>\n<td>13.2-15.7<\/td>\n<td>7<\/td>\n<td>1200N<\/td>\n<td>1.9<\/td>\n<\/tr>\n<tr>\n<td>7170<\/td>\n<td>14.5-17.0<\/td>\n<td>6<\/td>\n<td>1200N<\/td>\n<td>1.98<\/td>\n<\/tr>\n<tr>\n<td>7185<\/td>\n<td>15.3-18.5<\/td>\n<td>9<\/td>\n<td>2000N<\/td>\n<td>2<\/td>\n<\/tr>\n<tr>\n<td>7192<\/td>\n<td>16.0-19.2<\/td>\n<td>9<\/td>\n<td>2000N<\/td>\n<td>2.1<\/td>\n<\/tr>\n<tr>\n<td>7198<\/td>\n<td>16.6-19.8<\/td>\n<td>9<\/td>\n<td>2000N<\/td>\n<td>2.1<\/td>\n<\/tr>\n<tr>\n<td>7210<\/td>\n<td>17.8-21.0<\/td>\n<td>9<\/td>\n<td>2000N<\/td>\n<td>2.26<\/td>\n<\/tr>\n<tr>\n<td>7226<\/td>\n<td>19.4-22.6<\/td>\n<td>9<\/td>\n<td>2000N<\/td>\n<td>2.42<\/td>\n<\/tr>\n<tr>\n<td>7241<\/td>\n<td>20.9-24.1<\/td>\n<td>9<\/td>\n<td>2000N<\/td>\n<td>2.58<\/td>\n<\/tr>\n<tr>\n<td>7256<\/td>\n<td>22.4-25.6<\/td>\n<td>9<\/td>\n<td>2000N<\/td>\n<td>2.74<\/td>\n<\/tr>\n<tr>\n<td>7271<\/td>\n<td>23.9-27.1<\/td>\n<td>10<\/td>\n<td>2000N<\/td>\n<td>2.9<\/td>\n<\/tr>\n<tr>\n<td>7286<\/td>\n<td>25.4-28.6<\/td>\n<td>10<\/td>\n<td>2000N<\/td>\n<td>3.06<\/td>\n<\/tr>\n<tr>\n<td>7301<\/td>\n<td>26.9-30.1<\/td>\n<td>10<\/td>\n<td>2000N<\/td>\n<td>3.22<\/td>\n<\/tr>\n<tr>\n<td>7316<\/td>\n<td>28.4-31.6<\/td>\n<td>10<\/td>\n<td>2000N<\/td>\n<td>3.38<\/td>\n<\/tr>\n<tr>\n<td>7331<\/td>\n<td>29.9-33.1<\/td>\n<td>10<\/td>\n<td>2000N<\/td>\n<td>3.54<\/td>\n<\/tr>\n<\/tbody>\n<\/table>\n<\/div>\n<p>&nbsp;<\/p>\n","protected":false},"excerpt":{"rendered":"<p>a\u011f\u0131rl\u0131k daha hafiftir, b\u00fcy\u00fck miktarlarda olmas\u0131 durumunda fiyat daha ucuzdur.<\/p>\n","protected":false},"featured_media":2274,"comment_status":"open","ping_status":"closed","template":"","meta":{"_acf_changed":false},"product_brand":[],"product_cat":[138],"product_tag":[],"class_list":{"0":"post-5337","1":"product","2":"type-product","3":"status-publish","4":"has-post-thumbnail","6":"product_cat-hortum-kelepceleri","8":"first","9":"instock","10":"shipping-taxable","11":"product-type-simple"},"acf":[],"yoast_head":"<!-- This site is optimized with the Yoast SEO plugin v26.0 - https:\/\/yoast.com\/wordpress\/plugins\/seo\/ -->\n<title>Tek Kulak Per\u00e7inleme Kelep\u00e7esi - Btektech<\/title>\n<meta name=\"description\" content=\"36.1\u2019in alt\u0131nda ortak \u00f6zelliklerde bu tip kelep\u00e7e i\u00e7in haz\u0131r kal\u0131plar mevcuttur ve t\u00fcm k\u00fc\u00e7\u00fck \u00f6zellikler stokta mevcuttur.\" \/>\n<meta name=\"robots\" content=\"index, follow, max-snippet:-1, max-image-preview:large, max-video-preview:-1\" \/>\n<link rel=\"canonical\" href=\"https:\/\/btektech.com\/tr\/product\/tek-kulak-percinleme-kelepcepcesi\/\" \/>\n<meta property=\"og:locale\" content=\"tr_TR\" \/>\n<meta property=\"og:type\" content=\"article\" \/>\n<meta property=\"og:title\" content=\"Tek Kulak Per\u00e7inleme Kelep\u00e7esi - Btektech\" \/>\n<meta property=\"og:description\" content=\"36.1\u2019in alt\u0131nda ortak \u00f6zelliklerde bu tip kelep\u00e7e i\u00e7in haz\u0131r kal\u0131plar mevcuttur ve t\u00fcm k\u00fc\u00e7\u00fck \u00f6zellikler stokta mevcuttur.\" \/>\n<meta property=\"og:url\" content=\"https:\/\/btektech.com\/tr\/product\/tek-kulak-percinleme-kelepcepcesi\/\" \/>\n<meta property=\"og:site_name\" content=\"Btektech\" \/>\n<meta property=\"article:modified_time\" content=\"2022-11-21T02:34:39+00:00\" \/>\n<meta property=\"og:image\" content=\"https:\/\/btektech.com\/wp-content\/uploads\/2021\/09\/Single-ear-2021-09-15-132754.jpg\" \/>\n\t<meta property=\"og:image:width\" content=\"220\" \/>\n\t<meta property=\"og:image:height\" content=\"220\" \/>\n\t<meta property=\"og:image:type\" content=\"image\/jpeg\" \/>\n<meta name=\"twitter:card\" content=\"summary_large_image\" \/>\n<meta name=\"twitter:site\" content=\"@Btektech1\" \/>\n<meta name=\"twitter:label1\" content=\"Tahmini okuma s\u00fcresi\" \/>\n\t<meta name=\"twitter:data1\" content=\"1 dakika\" \/>\n<script type=\"application\/ld+json\" class=\"yoast-schema-graph\">{\"@context\":\"https:\/\/schema.org\",\"@graph\":[{\"@type\":[\"WebPage\",\"ItemPage\"],\"@id\":\"https:\/\/btektech.com\/tr\/product\/tek-kulak-percinleme-kelepcepcesi\/\",\"url\":\"https:\/\/btektech.com\/tr\/product\/tek-kulak-percinleme-kelepcepcesi\/\",\"name\":\"Tek Kulak Per\u00e7inleme Kelep\u00e7esi - Btektech\",\"isPartOf\":{\"@id\":\"https:\/\/btektech.com\/#website\"},\"primaryImageOfPage\":{\"@id\":\"https:\/\/btektech.com\/tr\/product\/tek-kulak-percinleme-kelepcepcesi\/#primaryimage\"},\"image\":{\"@id\":\"https:\/\/btektech.com\/tr\/product\/tek-kulak-percinleme-kelepcepcesi\/#primaryimage\"},\"thumbnailUrl\":\"https:\/\/btektech.com\/wp-content\/uploads\/2021\/09\/Single-ear-2021-09-15-132754.jpg\",\"datePublished\":\"2022-04-25T09:03:51+00:00\",\"dateModified\":\"2022-11-21T02:34:39+00:00\",\"description\":\"36.1\u2019in alt\u0131nda ortak \u00f6zelliklerde bu tip kelep\u00e7e i\u00e7in haz\u0131r kal\u0131plar mevcuttur ve t\u00fcm k\u00fc\u00e7\u00fck \u00f6zellikler stokta mevcuttur.\",\"breadcrumb\":{\"@id\":\"https:\/\/btektech.com\/tr\/product\/tek-kulak-percinleme-kelepcepcesi\/#breadcrumb\"},\"inLanguage\":\"tr\",\"potentialAction\":[{\"@type\":\"ReadAction\",\"target\":[\"https:\/\/btektech.com\/tr\/product\/tek-kulak-percinleme-kelepcepcesi\/\"]}]},{\"@type\":\"ImageObject\",\"inLanguage\":\"tr\",\"@id\":\"https:\/\/btektech.com\/tr\/product\/tek-kulak-percinleme-kelepcepcesi\/#primaryimage\",\"url\":\"https:\/\/btektech.com\/wp-content\/uploads\/2021\/09\/Single-ear-2021-09-15-132754.jpg\",\"contentUrl\":\"https:\/\/btektech.com\/wp-content\/uploads\/2021\/09\/Single-ear-2021-09-15-132754.jpg\",\"width\":220,\"height\":220,\"caption\":\"Tek Kulak Per\u00e7inleme Kelep\u00e7esi\"},{\"@type\":\"BreadcrumbList\",\"@id\":\"https:\/\/btektech.com\/tr\/product\/tek-kulak-percinleme-kelepcepcesi\/#breadcrumb\",\"itemListElement\":[{\"@type\":\"ListItem\",\"position\":1,\"name\":\"Home\",\"item\":\"https:\/\/btektech.com\/tr\/\"},{\"@type\":\"ListItem\",\"position\":2,\"name\":\"\u00dcr\u00fcnler\",\"item\":\"https:\/\/btektech.com\/tr\/shop\/\"},{\"@type\":\"ListItem\",\"position\":3,\"name\":\"Heavy-Duty &amp; Industrial Hose Clamps\",\"item\":\"https:\/\/btektech.com\/product-category\/heavy-duty-and-industrial-hose-clamps\/\"},{\"@type\":\"ListItem\",\"position\":4,\"name\":\"Tek Kulak Per\u00e7inleme Kelep\u00e7esi\"}]},{\"@type\":\"WebSite\",\"@id\":\"https:\/\/btektech.com\/#website\",\"url\":\"https:\/\/btektech.com\/\",\"name\":\"Btektech\",\"description\":\"\",\"publisher\":{\"@id\":\"https:\/\/btektech.com\/#organization\"},\"potentialAction\":[{\"@type\":\"SearchAction\",\"target\":{\"@type\":\"EntryPoint\",\"urlTemplate\":\"https:\/\/btektech.com\/?s={search_term_string}\"},\"query-input\":{\"@type\":\"PropertyValueSpecification\",\"valueRequired\":true,\"valueName\":\"search_term_string\"}}],\"inLanguage\":\"tr\"},{\"@type\":\"Organization\",\"@id\":\"https:\/\/btektech.com\/#organization\",\"name\":\"Btektech\",\"url\":\"https:\/\/btektech.com\/\",\"logo\":{\"@type\":\"ImageObject\",\"inLanguage\":\"tr\",\"@id\":\"https:\/\/btektech.com\/#\/schema\/logo\/image\/\",\"url\":\"https:\/\/btektech.com\/wp-content\/uploads\/2021\/08\/btektech-logo.png\",\"contentUrl\":\"https:\/\/btektech.com\/wp-content\/uploads\/2021\/08\/btektech-logo.png\",\"width\":250,\"height\":114,\"caption\":\"Btektech\"},\"image\":{\"@id\":\"https:\/\/btektech.com\/#\/schema\/logo\/image\/\"},\"sameAs\":[\"https:\/\/x.com\/Btektech1\",\"https:\/\/www.instagram.com\/btektech\/\",\"https:\/\/www.linkedin.com\/company\/suzhou-baotailong-electronic-materials-co-ltd\/\",\"https:\/\/www.pinterest.com\/btektech\/_saved\/\",\"https:\/\/www.youtube.com\/channel\/UCBiw4Bc4CmQDrdo-QqyVTqQ\"]}]}<\/script>\n<!-- \/ Yoast SEO plugin. -->","yoast_head_json":{"title":"Tek Kulak Per\u00e7inleme Kelep\u00e7esi - Btektech","description":"36.1\u2019in alt\u0131nda ortak \u00f6zelliklerde bu tip kelep\u00e7e i\u00e7in haz\u0131r kal\u0131plar mevcuttur ve t\u00fcm k\u00fc\u00e7\u00fck \u00f6zellikler stokta mevcuttur.","robots":{"index":"index","follow":"follow","max-snippet":"max-snippet:-1","max-image-preview":"max-image-preview:large","max-video-preview":"max-video-preview:-1"},"canonical":"https:\/\/btektech.com\/tr\/product\/tek-kulak-percinleme-kelepcepcesi\/","og_locale":"tr_TR","og_type":"article","og_title":"Tek Kulak Per\u00e7inleme Kelep\u00e7esi - Btektech","og_description":"36.1\u2019in alt\u0131nda ortak \u00f6zelliklerde bu tip kelep\u00e7e i\u00e7in haz\u0131r kal\u0131plar mevcuttur ve t\u00fcm k\u00fc\u00e7\u00fck \u00f6zellikler stokta mevcuttur.","og_url":"https:\/\/btektech.com\/tr\/product\/tek-kulak-percinleme-kelepcepcesi\/","og_site_name":"Btektech","article_modified_time":"2022-11-21T02:34:39+00:00","og_image":[{"width":220,"height":220,"url":"https:\/\/btektech.com\/wp-content\/uploads\/2021\/09\/Single-ear-2021-09-15-132754.jpg","type":"image\/jpeg"}],"twitter_card":"summary_large_image","twitter_site":"@Btektech1","twitter_misc":{"Tahmini okuma s\u00fcresi":"1 dakika"},"schema":{"@context":"https:\/\/schema.org","@graph":[{"@type":["WebPage","ItemPage"],"@id":"https:\/\/btektech.com\/tr\/product\/tek-kulak-percinleme-kelepcepcesi\/","url":"https:\/\/btektech.com\/tr\/product\/tek-kulak-percinleme-kelepcepcesi\/","name":"Tek Kulak Per\u00e7inleme Kelep\u00e7esi - Btektech","isPartOf":{"@id":"https:\/\/btektech.com\/#website"},"primaryImageOfPage":{"@id":"https:\/\/btektech.com\/tr\/product\/tek-kulak-percinleme-kelepcepcesi\/#primaryimage"},"image":{"@id":"https:\/\/btektech.com\/tr\/product\/tek-kulak-percinleme-kelepcepcesi\/#primaryimage"},"thumbnailUrl":"https:\/\/btektech.com\/wp-content\/uploads\/2021\/09\/Single-ear-2021-09-15-132754.jpg","datePublished":"2022-04-25T09:03:51+00:00","dateModified":"2022-11-21T02:34:39+00:00","description":"36.1\u2019in alt\u0131nda ortak \u00f6zelliklerde bu tip kelep\u00e7e i\u00e7in haz\u0131r kal\u0131plar mevcuttur ve t\u00fcm k\u00fc\u00e7\u00fck \u00f6zellikler stokta mevcuttur.","breadcrumb":{"@id":"https:\/\/btektech.com\/tr\/product\/tek-kulak-percinleme-kelepcepcesi\/#breadcrumb"},"inLanguage":"tr","potentialAction":[{"@type":"ReadAction","target":["https:\/\/btektech.com\/tr\/product\/tek-kulak-percinleme-kelepcepcesi\/"]}]},{"@type":"ImageObject","inLanguage":"tr","@id":"https:\/\/btektech.com\/tr\/product\/tek-kulak-percinleme-kelepcepcesi\/#primaryimage","url":"https:\/\/btektech.com\/wp-content\/uploads\/2021\/09\/Single-ear-2021-09-15-132754.jpg","contentUrl":"https:\/\/btektech.com\/wp-content\/uploads\/2021\/09\/Single-ear-2021-09-15-132754.jpg","width":220,"height":220,"caption":"Tek Kulak Per\u00e7inleme Kelep\u00e7esi"},{"@type":"BreadcrumbList","@id":"https:\/\/btektech.com\/tr\/product\/tek-kulak-percinleme-kelepcepcesi\/#breadcrumb","itemListElement":[{"@type":"ListItem","position":1,"name":"Home","item":"https:\/\/btektech.com\/tr\/"},{"@type":"ListItem","position":2,"name":"\u00dcr\u00fcnler","item":"https:\/\/btektech.com\/tr\/shop\/"},{"@type":"ListItem","position":3,"name":"Heavy-Duty &amp; Industrial Hose Clamps","item":"https:\/\/btektech.com\/product-category\/heavy-duty-and-industrial-hose-clamps\/"},{"@type":"ListItem","position":4,"name":"Tek Kulak Per\u00e7inleme Kelep\u00e7esi"}]},{"@type":"WebSite","@id":"https:\/\/btektech.com\/#website","url":"https:\/\/btektech.com\/","name":"Btektech","description":"","publisher":{"@id":"https:\/\/btektech.com\/#organization"},"potentialAction":[{"@type":"SearchAction","target":{"@type":"EntryPoint","urlTemplate":"https:\/\/btektech.com\/?s={search_term_string}"},"query-input":{"@type":"PropertyValueSpecification","valueRequired":true,"valueName":"search_term_string"}}],"inLanguage":"tr"},{"@type":"Organization","@id":"https:\/\/btektech.com\/#organization","name":"Btektech","url":"https:\/\/btektech.com\/","logo":{"@type":"ImageObject","inLanguage":"tr","@id":"https:\/\/btektech.com\/#\/schema\/logo\/image\/","url":"https:\/\/btektech.com\/wp-content\/uploads\/2021\/08\/btektech-logo.png","contentUrl":"https:\/\/btektech.com\/wp-content\/uploads\/2021\/08\/btektech-logo.png","width":250,"height":114,"caption":"Btektech"},"image":{"@id":"https:\/\/btektech.com\/#\/schema\/logo\/image\/"},"sameAs":["https:\/\/x.com\/Btektech1","https:\/\/www.instagram.com\/btektech\/","https:\/\/www.linkedin.com\/company\/suzhou-baotailong-electronic-materials-co-ltd\/","https:\/\/www.pinterest.com\/btektech\/_saved\/","https:\/\/www.youtube.com\/channel\/UCBiw4Bc4CmQDrdo-QqyVTqQ"]}]}},"_links":{"self":[{"href":"https:\/\/btektech.com\/tr\/wp-json\/wp\/v2\/product\/5337","targetHints":{"allow":["GET"]}}],"collection":[{"href":"https:\/\/btektech.com\/tr\/wp-json\/wp\/v2\/product"}],"about":[{"href":"https:\/\/btektech.com\/tr\/wp-json\/wp\/v2\/types\/product"}],"replies":[{"embeddable":true,"href":"https:\/\/btektech.com\/tr\/wp-json\/wp\/v2\/comments?post=5337"}],"version-history":[{"count":0,"href":"https:\/\/btektech.com\/tr\/wp-json\/wp\/v2\/product\/5337\/revisions"}],"wp:featuredmedia":[{"embeddable":true,"href":"https:\/\/btektech.com\/tr\/wp-json\/wp\/v2\/media\/2274"}],"wp:attachment":[{"href":"https:\/\/btektech.com\/tr\/wp-json\/wp\/v2\/media?parent=5337"}],"wp:term":[{"taxonomy":"product_brand","embeddable":true,"href":"https:\/\/btektech.com\/tr\/wp-json\/wp\/v2\/product_brand?post=5337"},{"taxonomy":"product_cat","embeddable":true,"href":"https:\/\/btektech.com\/tr\/wp-json\/wp\/v2\/product_cat?post=5337"},{"taxonomy":"product_tag","embeddable":true,"href":"https:\/\/btektech.com\/tr\/wp-json\/wp\/v2\/product_tag?post=5337"}],"curies":[{"name":"wp","href":"https:\/\/api.w.org\/{rel}","templated":true}]}}