{"id":5335,"date":"2021-09-15T08:03:48","date_gmt":"2022-04-25T08:57:44","guid":{"rendered":"https:\/\/btektech.com\/product\/kulaksiz-ve-polesiz-kelepce\/"},"modified":"2022-11-21T02:24:48","modified_gmt":"2022-11-21T02:24:48","slug":"cv-ortak-onyukleme-kelepcesi","status":"publish","type":"product","link":"https:\/\/btektech.com\/tr\/product\/cv-ortak-onyukleme-kelepcesi\/","title":{"rendered":"CV Ortak \u00d6ny\u00fckleme Kelep\u00e7esi"},"content":{"rendered":"<p>Tolerans dengelemeli kulaks\u0131z, kutupsuz kelep\u00e7e, k\u00fc\u00e7\u00fck bir uygulama alan\u0131 gerektirir ve alan\u0131n s\u0131n\u0131rl\u0131 oldu\u011fu uygulamalar i\u00e7in \u00f6zel olarak geli\u015ftirilmi\u015ftir. Ayn\u0131 zamanda i\u015f par\u00e7as\u0131n\u0131n tolerans gereksinimi kar\u015f\u0131lan\u0131r.<\/p>\n<div style=\"text-align: center;\">\n<img fetchpriority=\"high\" decoding=\"async\" class=\"alignnone size-medium wp-image-2290\" src=\"https:\/\/btektech.com\/wp-content\/uploads\/2021\/09\/poleless-143027-300x185.jpg\" alt=\"\" width=\"300\" height=\"185\" srcset=\"https:\/\/btektech.com\/wp-content\/uploads\/2021\/09\/poleless-143027-300x185.jpg 300w, https:\/\/btektech.com\/wp-content\/uploads\/2021\/09\/poleless-143027.jpg 392w\" sizes=\"(max-width: 300px) 100vw, 300px\" \/>\n<\/div>\n<div style=\"overflow: auto;\">\n<table style=\"border-collapse: collapse; text-align: center;\" border=\"0\" cellspacing=\"0\" cellpadding=\"0\">\n<tbody>\n<tr>\n<th>teknik \u00f6zellik (7*0.6)<\/th>\n<th>Teslim durumu<\/th>\n<th>Kurulumdan sonra \u00e7ap<\/th>\n<\/tr>\n<tr>\n<td>0600-706<\/td>\n<td>64.6<\/td>\n<td>60<\/td>\n<\/tr>\n<tr>\n<td>0605-706<\/td>\n<td>64.9<\/td>\n<td>60.5<\/td>\n<\/tr>\n<tr>\n<td>0610-706<\/td>\n<td>65.4<\/td>\n<td>61<\/td>\n<\/tr>\n<tr>\n<td>0615-706<\/td>\n<td>65.9<\/td>\n<td>61.5<\/td>\n<\/tr>\n<tr>\n<td>0620-706<\/td>\n<td>66.4<\/td>\n<td>62<\/td>\n<\/tr>\n<tr>\n<td>0625-706<\/td>\n<td>66.9<\/td>\n<td>62.5<\/td>\n<\/tr>\n<tr>\n<td>0630-706<\/td>\n<td>67.4<\/td>\n<td>63<\/td>\n<\/tr>\n<tr>\n<td>0635-706<\/td>\n<td>67.9<\/td>\n<td>63.5<\/td>\n<\/tr>\n<tr>\n<td>0640-706<\/td>\n<td>68.4<\/td>\n<td>64<\/td>\n<\/tr>\n<tr>\n<td>0645-706<\/td>\n<td>68.9<\/td>\n<td>64.5<\/td>\n<\/tr>\n<tr>\n<td>0650-706<\/td>\n<td>69.4<\/td>\n<td>65<\/td>\n<\/tr>\n<tr>\n<td>0655-706<\/td>\n<td>69.9<\/td>\n<td>65.5<\/td>\n<\/tr>\n<tr>\n<td>0660-706<\/td>\n<td>70.4<\/td>\n<td>66<\/td>\n<\/tr>\n<tr>\n<td>0665-706<\/td>\n<td>70.9<\/td>\n<td>66.5<\/td>\n<\/tr>\n<tr>\n<td>0670-706<\/td>\n<td>71.4<\/td>\n<td>67<\/td>\n<\/tr>\n<tr>\n<td>0675-706<\/td>\n<td>71.9<\/td>\n<td>67.5<\/td>\n<\/tr>\n<tr>\n<td>06380-706<\/td>\n<td>72.4<\/td>\n<td>68<\/td>\n<\/tr>\n<tr>\n<td>0685-706<\/td>\n<td>72.9<\/td>\n<td>68.5<\/td>\n<\/tr>\n<tr>\n<td>0690-706<\/td>\n<td>73.4<\/td>\n<td>69<\/td>\n<\/tr>\n<tr>\n<td>0695-706<\/td>\n<td>73.9<\/td>\n<td>69.5<\/td>\n<\/tr>\n<tr>\n<td>0700-706<\/td>\n<td>74.4<\/td>\n<td>70<\/td>\n<\/tr>\n<tr>\n<td>0705-706<\/td>\n<td>74.9<\/td>\n<td>70.5<\/td>\n<\/tr>\n<tr>\n<td>0710-706<\/td>\n<td>75.4<\/td>\n<td>71<\/td>\n<\/tr>\n<tr>\n<td>0715-706<\/td>\n<td>75.9<\/td>\n<td>71.5<\/td>\n<\/tr>\n<tr>\n<td>0720-706<\/td>\n<td>76.4<\/td>\n<td>72<\/td>\n<\/tr>\n<tr>\n<td>0725-706<\/td>\n<td>76.9<\/td>\n<td>72.5<\/td>\n<\/tr>\n<tr>\n<td>0730-706<\/td>\n<td>77.4<\/td>\n<td>73<\/td>\n<\/tr>\n<tr>\n<td>0735-706<\/td>\n<td>77.9<\/td>\n<td>73.5<\/td>\n<\/tr>\n<tr>\n<td>0740-706<\/td>\n<td>78.4<\/td>\n<td>74<\/td>\n<\/tr>\n<tr>\n<td>0745-706<\/td>\n<td>78.9<\/td>\n<td>74.5<\/td>\n<\/tr>\n<\/tbody>\n<\/table>\n<\/div>\n","protected":false},"excerpt":{"rendered":"<p>S\u0131n\u0131rl\u0131 bir aral\u0131kta yeniden kullan\u0131labilen, telafi i\u015flevli kulaks\u0131z kutupsuz kelep\u00e7e.<\/p>\n","protected":false},"featured_media":2302,"comment_status":"open","ping_status":"closed","template":"","meta":{"_acf_changed":false},"product_brand":[],"product_cat":[138],"product_tag":[],"class_list":{"0":"post-5335","1":"product","2":"type-product","3":"status-publish","4":"has-post-thumbnail","6":"product_cat-hortum-kelepceleri","8":"first","9":"instock","10":"shipping-taxable","11":"product-type-simple"},"acf":[],"yoast_head":"<!-- This site is optimized with the Yoast SEO plugin v26.0 - https:\/\/yoast.com\/wordpress\/plugins\/seo\/ -->\n<title>CV Ortak \u00d6ny\u00fckleme Kelep\u00e7esi - Btektech<\/title>\n<meta name=\"description\" content=\"CV Ortak \u00d6ny\u00fckleme Kelep\u00e7esi , k\u00fc\u00e7\u00fck bir uygulama alan\u0131 gerektirir ve alan\u0131n s\u0131n\u0131rl\u0131 oldu\u011fu uygulamalar i\u00e7in \u00f6zel olarak geli\u015ftirilmi\u015ftir. Ayn\u0131 zamanda i\u015f par\u00e7as\u0131n\u0131n tolerans gereksinimi kar\u015f\u0131lan\u0131r.\" \/>\n<meta name=\"robots\" content=\"index, follow, max-snippet:-1, max-image-preview:large, max-video-preview:-1\" \/>\n<link rel=\"canonical\" href=\"https:\/\/btektech.com\/tr\/product\/cv-ortak-onyukleme-kelepcesi\/\" \/>\n<meta property=\"og:locale\" content=\"tr_TR\" \/>\n<meta property=\"og:type\" content=\"article\" \/>\n<meta property=\"og:title\" content=\"CV Ortak \u00d6ny\u00fckleme Kelep\u00e7esi - Btektech\" \/>\n<meta property=\"og:description\" content=\"CV Ortak \u00d6ny\u00fckleme Kelep\u00e7esi , k\u00fc\u00e7\u00fck bir uygulama alan\u0131 gerektirir ve alan\u0131n s\u0131n\u0131rl\u0131 oldu\u011fu uygulamalar i\u00e7in \u00f6zel olarak geli\u015ftirilmi\u015ftir. Ayn\u0131 zamanda i\u015f par\u00e7as\u0131n\u0131n tolerans gereksinimi kar\u015f\u0131lan\u0131r.\" \/>\n<meta property=\"og:url\" content=\"https:\/\/btektech.com\/tr\/product\/cv-ortak-onyukleme-kelepcesi\/\" \/>\n<meta property=\"og:site_name\" content=\"Btektech\" \/>\n<meta property=\"article:modified_time\" content=\"2022-11-21T02:24:48+00:00\" \/>\n<meta property=\"og:image\" content=\"https:\/\/btektech.com\/wp-content\/uploads\/2021\/09\/earless-poleless-15151015.jpg\" \/>\n\t<meta property=\"og:image:width\" content=\"800\" \/>\n\t<meta property=\"og:image:height\" content=\"800\" \/>\n\t<meta property=\"og:image:type\" content=\"image\/jpeg\" \/>\n<meta name=\"twitter:card\" content=\"summary_large_image\" \/>\n<meta name=\"twitter:site\" content=\"@Btektech1\" \/>\n<meta name=\"twitter:label1\" content=\"Tahmini okuma s\u00fcresi\" \/>\n\t<meta name=\"twitter:data1\" content=\"1 dakika\" \/>\n<script type=\"application\/ld+json\" class=\"yoast-schema-graph\">{\"@context\":\"https:\/\/schema.org\",\"@graph\":[{\"@type\":[\"WebPage\",\"ItemPage\"],\"@id\":\"https:\/\/btektech.com\/tr\/product\/cv-ortak-onyukleme-kelepcesi\/\",\"url\":\"https:\/\/btektech.com\/tr\/product\/cv-ortak-onyukleme-kelepcesi\/\",\"name\":\"CV Ortak \u00d6ny\u00fckleme Kelep\u00e7esi - Btektech\",\"isPartOf\":{\"@id\":\"https:\/\/btektech.com\/#website\"},\"primaryImageOfPage\":{\"@id\":\"https:\/\/btektech.com\/tr\/product\/cv-ortak-onyukleme-kelepcesi\/#primaryimage\"},\"image\":{\"@id\":\"https:\/\/btektech.com\/tr\/product\/cv-ortak-onyukleme-kelepcesi\/#primaryimage\"},\"thumbnailUrl\":\"https:\/\/btektech.com\/wp-content\/uploads\/2021\/09\/earless-poleless-15151015.jpg\",\"datePublished\":\"2022-04-25T08:57:44+00:00\",\"dateModified\":\"2022-11-21T02:24:48+00:00\",\"description\":\"CV Ortak \u00d6ny\u00fckleme Kelep\u00e7esi , k\u00fc\u00e7\u00fck bir uygulama alan\u0131 gerektirir ve alan\u0131n s\u0131n\u0131rl\u0131 oldu\u011fu uygulamalar i\u00e7in \u00f6zel olarak geli\u015ftirilmi\u015ftir. Ayn\u0131 zamanda i\u015f par\u00e7as\u0131n\u0131n tolerans gereksinimi kar\u015f\u0131lan\u0131r.\",\"breadcrumb\":{\"@id\":\"https:\/\/btektech.com\/tr\/product\/cv-ortak-onyukleme-kelepcesi\/#breadcrumb\"},\"inLanguage\":\"tr\",\"potentialAction\":[{\"@type\":\"ReadAction\",\"target\":[\"https:\/\/btektech.com\/tr\/product\/cv-ortak-onyukleme-kelepcesi\/\"]}]},{\"@type\":\"ImageObject\",\"inLanguage\":\"tr\",\"@id\":\"https:\/\/btektech.com\/tr\/product\/cv-ortak-onyukleme-kelepcesi\/#primaryimage\",\"url\":\"https:\/\/btektech.com\/wp-content\/uploads\/2021\/09\/earless-poleless-15151015.jpg\",\"contentUrl\":\"https:\/\/btektech.com\/wp-content\/uploads\/2021\/09\/earless-poleless-15151015.jpg\",\"width\":800,\"height\":800,\"caption\":\"CV Ortak \u00d6ny\u00fckleme Kelep\u00e7esi\"},{\"@type\":\"BreadcrumbList\",\"@id\":\"https:\/\/btektech.com\/tr\/product\/cv-ortak-onyukleme-kelepcesi\/#breadcrumb\",\"itemListElement\":[{\"@type\":\"ListItem\",\"position\":1,\"name\":\"Home\",\"item\":\"https:\/\/btektech.com\/tr\/home-2\/\"},{\"@type\":\"ListItem\",\"position\":2,\"name\":\"\u00dcr\u00fcnler\",\"item\":\"https:\/\/btektech.com\/tr\/shop\/\"},{\"@type\":\"ListItem\",\"position\":3,\"name\":\"Heavy-Duty &amp; Industrial Hose Clamps\",\"item\":\"https:\/\/btektech.com\/product-category\/heavy-duty-and-industrial-hose-clamps\/\"},{\"@type\":\"ListItem\",\"position\":4,\"name\":\"CV Ortak \u00d6ny\u00fckleme Kelep\u00e7esi\"}]},{\"@type\":\"WebSite\",\"@id\":\"https:\/\/btektech.com\/#website\",\"url\":\"https:\/\/btektech.com\/\",\"name\":\"Btektech\",\"description\":\"\",\"publisher\":{\"@id\":\"https:\/\/btektech.com\/#organization\"},\"potentialAction\":[{\"@type\":\"SearchAction\",\"target\":{\"@type\":\"EntryPoint\",\"urlTemplate\":\"https:\/\/btektech.com\/?s={search_term_string}\"},\"query-input\":{\"@type\":\"PropertyValueSpecification\",\"valueRequired\":true,\"valueName\":\"search_term_string\"}}],\"inLanguage\":\"tr\"},{\"@type\":\"Organization\",\"@id\":\"https:\/\/btektech.com\/#organization\",\"name\":\"Btektech\",\"url\":\"https:\/\/btektech.com\/\",\"logo\":{\"@type\":\"ImageObject\",\"inLanguage\":\"tr\",\"@id\":\"https:\/\/btektech.com\/#\/schema\/logo\/image\/\",\"url\":\"https:\/\/btektech.com\/wp-content\/uploads\/2021\/08\/btektech-logo.png\",\"contentUrl\":\"https:\/\/btektech.com\/wp-content\/uploads\/2021\/08\/btektech-logo.png\",\"width\":250,\"height\":114,\"caption\":\"Btektech\"},\"image\":{\"@id\":\"https:\/\/btektech.com\/#\/schema\/logo\/image\/\"},\"sameAs\":[\"https:\/\/x.com\/Btektech1\",\"https:\/\/www.instagram.com\/btektech\/\",\"https:\/\/www.linkedin.com\/company\/suzhou-baotailong-electronic-materials-co-ltd\/\",\"https:\/\/www.pinterest.com\/btektech\/_saved\/\",\"https:\/\/www.youtube.com\/channel\/UCBiw4Bc4CmQDrdo-QqyVTqQ\"]}]}<\/script>\n<!-- \/ Yoast SEO plugin. -->","yoast_head_json":{"title":"CV Ortak \u00d6ny\u00fckleme Kelep\u00e7esi - Btektech","description":"CV Ortak \u00d6ny\u00fckleme Kelep\u00e7esi , k\u00fc\u00e7\u00fck bir uygulama alan\u0131 gerektirir ve alan\u0131n s\u0131n\u0131rl\u0131 oldu\u011fu uygulamalar i\u00e7in \u00f6zel olarak geli\u015ftirilmi\u015ftir. Ayn\u0131 zamanda i\u015f par\u00e7as\u0131n\u0131n tolerans gereksinimi kar\u015f\u0131lan\u0131r.","robots":{"index":"index","follow":"follow","max-snippet":"max-snippet:-1","max-image-preview":"max-image-preview:large","max-video-preview":"max-video-preview:-1"},"canonical":"https:\/\/btektech.com\/tr\/product\/cv-ortak-onyukleme-kelepcesi\/","og_locale":"tr_TR","og_type":"article","og_title":"CV Ortak \u00d6ny\u00fckleme Kelep\u00e7esi - Btektech","og_description":"CV Ortak \u00d6ny\u00fckleme Kelep\u00e7esi , k\u00fc\u00e7\u00fck bir uygulama alan\u0131 gerektirir ve alan\u0131n s\u0131n\u0131rl\u0131 oldu\u011fu uygulamalar i\u00e7in \u00f6zel olarak geli\u015ftirilmi\u015ftir. Ayn\u0131 zamanda i\u015f par\u00e7as\u0131n\u0131n tolerans gereksinimi kar\u015f\u0131lan\u0131r.","og_url":"https:\/\/btektech.com\/tr\/product\/cv-ortak-onyukleme-kelepcesi\/","og_site_name":"Btektech","article_modified_time":"2022-11-21T02:24:48+00:00","og_image":[{"width":800,"height":800,"url":"https:\/\/btektech.com\/wp-content\/uploads\/2021\/09\/earless-poleless-15151015.jpg","type":"image\/jpeg"}],"twitter_card":"summary_large_image","twitter_site":"@Btektech1","twitter_misc":{"Tahmini okuma s\u00fcresi":"1 dakika"},"schema":{"@context":"https:\/\/schema.org","@graph":[{"@type":["WebPage","ItemPage"],"@id":"https:\/\/btektech.com\/tr\/product\/cv-ortak-onyukleme-kelepcesi\/","url":"https:\/\/btektech.com\/tr\/product\/cv-ortak-onyukleme-kelepcesi\/","name":"CV Ortak \u00d6ny\u00fckleme Kelep\u00e7esi - Btektech","isPartOf":{"@id":"https:\/\/btektech.com\/#website"},"primaryImageOfPage":{"@id":"https:\/\/btektech.com\/tr\/product\/cv-ortak-onyukleme-kelepcesi\/#primaryimage"},"image":{"@id":"https:\/\/btektech.com\/tr\/product\/cv-ortak-onyukleme-kelepcesi\/#primaryimage"},"thumbnailUrl":"https:\/\/btektech.com\/wp-content\/uploads\/2021\/09\/earless-poleless-15151015.jpg","datePublished":"2022-04-25T08:57:44+00:00","dateModified":"2022-11-21T02:24:48+00:00","description":"CV Ortak \u00d6ny\u00fckleme Kelep\u00e7esi , k\u00fc\u00e7\u00fck bir uygulama alan\u0131 gerektirir ve alan\u0131n s\u0131n\u0131rl\u0131 oldu\u011fu uygulamalar i\u00e7in \u00f6zel olarak geli\u015ftirilmi\u015ftir. Ayn\u0131 zamanda i\u015f par\u00e7as\u0131n\u0131n tolerans gereksinimi kar\u015f\u0131lan\u0131r.","breadcrumb":{"@id":"https:\/\/btektech.com\/tr\/product\/cv-ortak-onyukleme-kelepcesi\/#breadcrumb"},"inLanguage":"tr","potentialAction":[{"@type":"ReadAction","target":["https:\/\/btektech.com\/tr\/product\/cv-ortak-onyukleme-kelepcesi\/"]}]},{"@type":"ImageObject","inLanguage":"tr","@id":"https:\/\/btektech.com\/tr\/product\/cv-ortak-onyukleme-kelepcesi\/#primaryimage","url":"https:\/\/btektech.com\/wp-content\/uploads\/2021\/09\/earless-poleless-15151015.jpg","contentUrl":"https:\/\/btektech.com\/wp-content\/uploads\/2021\/09\/earless-poleless-15151015.jpg","width":800,"height":800,"caption":"CV Ortak \u00d6ny\u00fckleme Kelep\u00e7esi"},{"@type":"BreadcrumbList","@id":"https:\/\/btektech.com\/tr\/product\/cv-ortak-onyukleme-kelepcesi\/#breadcrumb","itemListElement":[{"@type":"ListItem","position":1,"name":"Home","item":"https:\/\/btektech.com\/tr\/home-2\/"},{"@type":"ListItem","position":2,"name":"\u00dcr\u00fcnler","item":"https:\/\/btektech.com\/tr\/shop\/"},{"@type":"ListItem","position":3,"name":"Heavy-Duty &amp; Industrial Hose Clamps","item":"https:\/\/btektech.com\/product-category\/heavy-duty-and-industrial-hose-clamps\/"},{"@type":"ListItem","position":4,"name":"CV Ortak \u00d6ny\u00fckleme Kelep\u00e7esi"}]},{"@type":"WebSite","@id":"https:\/\/btektech.com\/#website","url":"https:\/\/btektech.com\/","name":"Btektech","description":"","publisher":{"@id":"https:\/\/btektech.com\/#organization"},"potentialAction":[{"@type":"SearchAction","target":{"@type":"EntryPoint","urlTemplate":"https:\/\/btektech.com\/?s={search_term_string}"},"query-input":{"@type":"PropertyValueSpecification","valueRequired":true,"valueName":"search_term_string"}}],"inLanguage":"tr"},{"@type":"Organization","@id":"https:\/\/btektech.com\/#organization","name":"Btektech","url":"https:\/\/btektech.com\/","logo":{"@type":"ImageObject","inLanguage":"tr","@id":"https:\/\/btektech.com\/#\/schema\/logo\/image\/","url":"https:\/\/btektech.com\/wp-content\/uploads\/2021\/08\/btektech-logo.png","contentUrl":"https:\/\/btektech.com\/wp-content\/uploads\/2021\/08\/btektech-logo.png","width":250,"height":114,"caption":"Btektech"},"image":{"@id":"https:\/\/btektech.com\/#\/schema\/logo\/image\/"},"sameAs":["https:\/\/x.com\/Btektech1","https:\/\/www.instagram.com\/btektech\/","https:\/\/www.linkedin.com\/company\/suzhou-baotailong-electronic-materials-co-ltd\/","https:\/\/www.pinterest.com\/btektech\/_saved\/","https:\/\/www.youtube.com\/channel\/UCBiw4Bc4CmQDrdo-QqyVTqQ"]}]}},"_links":{"self":[{"href":"https:\/\/btektech.com\/tr\/wp-json\/wp\/v2\/product\/5335","targetHints":{"allow":["GET"]}}],"collection":[{"href":"https:\/\/btektech.com\/tr\/wp-json\/wp\/v2\/product"}],"about":[{"href":"https:\/\/btektech.com\/tr\/wp-json\/wp\/v2\/types\/product"}],"replies":[{"embeddable":true,"href":"https:\/\/btektech.com\/tr\/wp-json\/wp\/v2\/comments?post=5335"}],"version-history":[{"count":0,"href":"https:\/\/btektech.com\/tr\/wp-json\/wp\/v2\/product\/5335\/revisions"}],"wp:featuredmedia":[{"embeddable":true,"href":"https:\/\/btektech.com\/tr\/wp-json\/wp\/v2\/media\/2302"}],"wp:attachment":[{"href":"https:\/\/btektech.com\/tr\/wp-json\/wp\/v2\/media?parent=5335"}],"wp:term":[{"taxonomy":"product_brand","embeddable":true,"href":"https:\/\/btektech.com\/tr\/wp-json\/wp\/v2\/product_brand?post=5335"},{"taxonomy":"product_cat","embeddable":true,"href":"https:\/\/btektech.com\/tr\/wp-json\/wp\/v2\/product_cat?post=5335"},{"taxonomy":"product_tag","embeddable":true,"href":"https:\/\/btektech.com\/tr\/wp-json\/wp\/v2\/product_tag?post=5335"}],"curies":[{"name":"wp","href":"https:\/\/api.w.org\/{rel}","templated":true}]}}