{"id":5334,"date":"2021-09-23T08:08:04","date_gmt":"2022-04-25T08:57:43","guid":{"rendered":"https:\/\/btektech.com\/product\/guclu-hortum-kelepcesi\/"},"modified":"2022-11-21T02:20:23","modified_gmt":"2022-11-21T02:20:23","slug":"agir-hizmet-hortum-kelepcesi","status":"publish","type":"product","link":"https:\/\/btektech.com\/tr\/product\/agir-hizmet-hortum-kelepcesi\/","title":{"rendered":"A\u011f\u0131r Hizmet Hortum Kelep\u00e7esi"},"content":{"rendered":"<p>Avrupa g\u00fcc\u00fc, b\u00fcy\u00fck hacim ve g\u00fc\u00e7l\u00fc tork. Kal\u0131n duvarl\u0131 hortumlar\u0131n tutturma kuvveti i\u00e7in g\u00fc\u00e7l\u00fc gereksinimleri olan baz\u0131 yerlerde yayg\u0131n olarak kullan\u0131l\u0131r ve kullan\u0131mda gev\u015feme olas\u0131l\u0131\u011f\u0131 \u00e7ok d\u00fc\u015f\u00fckt\u00fcr.<\/p>\n<div style=\"overflow: auto;\">\n<table style=\"text-align: center;\">\n<tbody>\n<caption style=\"font-weight: 600;font-size:30px\">Tek kafa sa\u011flam g\u00fc\u00e7l\u00fc hortum kelep\u00e7esi<\/caption>\n<tr>\n<th>Menzil(mm)<\/th>\n<th>Menzil(\u0130n\u00e7)<\/th>\n<th>bole<\/th>\n<th>Kal\u0131nl\u0131k*geni\u015flik(W1)<\/th>\n<th>Kal\u0131nl\u0131k*geni\u015flik(W4)<\/th>\n<th>Y\u00fck torku(N)<\/th>\n<\/tr>\n<tr>\n<td>17-19<\/td>\n<td>0.67&#8243;-0.75<\/td>\n<td>M5*40<\/td>\n<td>0.6*18<\/td>\n<td>0.6*18<\/td>\n<td>8.5Nm<\/td>\n<\/tr>\n<tr>\n<td>20-22<\/td>\n<td>0.79&#8243;-0.87&#8243;<\/td>\n<td>M5*40<\/td>\n<td>0.6*18<\/td>\n<td>0.6*18<\/td>\n<td>8.5Nm<\/td>\n<\/tr>\n<tr>\n<td>23-25<\/td>\n<td>0.91&#8243;-0.98&#8243;<\/td>\n<td>M5*40<\/td>\n<td>0.6*18<\/td>\n<td>0.6*18<\/td>\n<td>8.5Nm<\/td>\n<\/tr>\n<tr>\n<td>26-28<\/td>\n<td>1.02&#8243;-1.1&#8243;<\/td>\n<td>M5*40<\/td>\n<td>0.6*18<\/td>\n<td>0.6*18<\/td>\n<td>8.5Nm<\/td>\n<\/tr>\n<tr>\n<td>29-31<\/td>\n<td>1.14&#8243;-1.22&#8243;<\/td>\n<td>M6*50<\/td>\n<td>0.8*20<\/td>\n<td>0.6*20<\/td>\n<td>8.5Nm<\/td>\n<\/tr>\n<tr>\n<td>32-35<\/td>\n<td>1.26&#8243;-1.38<\/td>\n<td>M6*50<\/td>\n<td>0.8*20<\/td>\n<td>0.6*20<\/td>\n<td>8.5Nm<\/td>\n<\/tr>\n<tr>\n<td>36-39<\/td>\n<td>1.42&#8243;-1.54&#8243;<\/td>\n<td>M6*50<\/td>\n<td>0.8*20<\/td>\n<td>0.6*20<\/td>\n<td>8.5Nm<\/td>\n<\/tr>\n<tr>\n<td>40-43<\/td>\n<td>1.57&#8243;-1.69&#8243;<\/td>\n<td>M6*50<\/td>\n<td>0.8*20<\/td>\n<td>0.6*20<\/td>\n<td>8.5Nm<\/td>\n<\/tr>\n<tr>\n<td>44-47<\/td>\n<td>1.73&#8243;-1.85<\/td>\n<td>M6*55<\/td>\n<td>1.2*22<\/td>\n<td>0.8*22<\/td>\n<td>8.5Nm<\/td>\n<\/tr>\n<tr>\n<td>48-51<\/td>\n<td>1.98&#8243;-2&#8243;<\/td>\n<td>M6*55<\/td>\n<td>1.2*22<\/td>\n<td>0.8*22<\/td>\n<td>8.5Nm<\/td>\n<\/tr>\n<tr>\n<td>52-55<\/td>\n<td>2.05&#8243;-2.17<\/td>\n<td>M6*55<\/td>\n<td>1.2*22<\/td>\n<td>0.8*22<\/td>\n<td>8.5Nm<\/td>\n<\/tr>\n<tr>\n<td>56-59<\/td>\n<td>2.2\u201c-2.32&#8243;<\/td>\n<td>M6*55<\/td>\n<td>1.2*22<\/td>\n<td>0.8*22<\/td>\n<td>8.5Nm<\/td>\n<\/tr>\n<tr>\n<td>60-63<\/td>\n<td>2.36&#8243;-2.48&#8243;<\/td>\n<td>M6*55<\/td>\n<td>1.2*22<\/td>\n<td>0.8*22<\/td>\n<td>8.5Nm<\/td>\n<\/tr>\n<tr>\n<td>64-67<\/td>\n<td>2.52&#8243;-2.64&#8243;<\/td>\n<td>M6*55<\/td>\n<td>1.2*22<\/td>\n<td>0.8*22<\/td>\n<td>8.5Nm<\/td>\n<\/tr>\n<tr>\n<td>68-73<\/td>\n<td>2.68&#8243;-2.87&#8243;<\/td>\n<td>M8*70<\/td>\n<td>1.5*24<\/td>\n<td>0.8*24<\/td>\n<td>8.5Nm<\/td>\n<\/tr>\n<tr>\n<td>74-79<\/td>\n<td>2.91&#8243;-3.11&#8243;<\/td>\n<td>M8*70<\/td>\n<td>1.5*24<\/td>\n<td>0.8*24<\/td>\n<td>8.5Nm<\/td>\n<\/tr>\n<tr>\n<td>80-85<\/td>\n<td>3.15&#8243;-3.35&#8243;<\/td>\n<td>M8*70<\/td>\n<td>1.5*24<\/td>\n<td>0.8*24<\/td>\n<td>8.5Nm<\/td>\n<\/tr>\n<tr>\n<td>86-91<\/td>\n<td>3.39&#8243;-3.58&#8243;<\/td>\n<td>M8*70<\/td>\n<td>1.5*24<\/td>\n<td>0.8*24<\/td>\n<td>8.5Nm<\/td>\n<\/tr>\n<tr>\n<td>92-97<\/td>\n<td>3.62&#8243;-3.82&#8243;<\/td>\n<td>M8*70<\/td>\n<td>1.5*24<\/td>\n<td>0.8*24<\/td>\n<td>8.5Nm<\/td>\n<\/tr>\n<tr>\n<td>98-103<\/td>\n<td>3.86&#8243;-4.06&#8243;<\/td>\n<td>M8*75<\/td>\n<td>1.5*24<\/td>\n<td>0.8*24<\/td>\n<td>8.5Nm<\/td>\n<\/tr>\n<tr>\n<td>104-112<\/td>\n<td>4.09&#8243;-4.41&#8243;<\/td>\n<td>M8*75<\/td>\n<td>1.5*24<\/td>\n<td>0.8*24<\/td>\n<td>8.5Nm<\/td>\n<\/tr>\n<tr>\n<td>113-121<\/td>\n<td>4.45&#8243;-4.76<\/td>\n<td>M8*75<\/td>\n<td>1.5*24<\/td>\n<td>0.8*24<\/td>\n<td>8.5Nm<\/td>\n<\/tr>\n<tr>\n<td>122-130<\/td>\n<td>4.8&#8243;-5.12&#8243;<\/td>\n<td>M8*75<\/td>\n<td>1.5*24<\/td>\n<td>0.8*24<\/td>\n<td>8.5Nm<\/td>\n<\/tr>\n<tr>\n<td>131-139<\/td>\n<td>5.16&#8243;-5.47&#8243;<\/td>\n<td>M10*85<\/td>\n<td>1.7*26<\/td>\n<td>1.0*26<\/td>\n<td>8.5Nm<\/td>\n<\/tr>\n<tr>\n<td>140-148<\/td>\n<td>5.51&#8243;-5.83&#8243;<\/td>\n<td>M10*85<\/td>\n<td>1.7*26<\/td>\n<td>1.0*26<\/td>\n<td>8.5Nm<\/td>\n<\/tr>\n<tr>\n<td>149-161<\/td>\n<td>5.87\u201c-6.34\u201d<\/td>\n<td>M10*85<\/td>\n<td>1.7*26<\/td>\n<td>1.0*26<\/td>\n<td>8.5Nm<\/td>\n<\/tr>\n<tr>\n<td>162-174<\/td>\n<td>6.4&#8243;-6.85&#8243;<\/td>\n<td>M10*85<\/td>\n<td>1.7*26<\/td>\n<td>1.0*26<\/td>\n<td>8.5Nm<\/td>\n<\/tr>\n<tr>\n<td>175-187<\/td>\n<td>6.9&#8243;-7.4&#8243;<\/td>\n<td>M100*100<\/td>\n<td>1.7*26<\/td>\n<td>1.0*26<\/td>\n<td>8.5Nm<\/td>\n<\/tr>\n<tr>\n<td>188-200<\/td>\n<td>7.4&#8243;-7.87&#8243;<\/td>\n<td>M100*100<\/td>\n<td>1.7*26<\/td>\n<td>1.0*26<\/td>\n<td>8.5Nm<\/td>\n<\/tr>\n<tr>\n<td>201-213<\/td>\n<td>7.87&#8243;-8.4&#8243;<\/td>\n<td>M100*100<\/td>\n<td>1.7*26<\/td>\n<td>1.0*26<\/td>\n<td>8.5Nm<\/td>\n<\/tr>\n<tr>\n<td>214-226<\/td>\n<td>8.4&#8243;-8.9&#8243;<\/td>\n<td>M100*100<\/td>\n<td>1.7*26<\/td>\n<td>1.0*26<\/td>\n<td>8.5Nm<\/td>\n<\/tr>\n<tr>\n<td>227-239<\/td>\n<td>8.9&#8243;-9.4&#8243;<\/td>\n<td>M100*100<\/td>\n<td>1.7*26<\/td>\n<td>1.0*26<\/td>\n<td>8.5Nm<\/td>\n<\/tr>\n<tr>\n<td>240-252<\/td>\n<td>9.5&#8243;-10&#8243;<\/td>\n<td>M100*100<\/td>\n<td>1.7*26<\/td>\n<td>1.0*26<\/td>\n<td>8.5Nm<\/td>\n<\/tr>\n<\/tbody>\n<\/table>\n<\/div>\n","protected":false},"excerpt":{"rendered":"<p>Avrupa kelep\u00e7e kayna\u011f\u0131, yap\u0131n\u0131n \u00e7ok g\u00fc\u00e7l\u00fc olmas\u0131 i\u00e7in \u00fc\u00e7 noktal\u0131 d\u0131\u015fb\u00fckey kayna\u011f\u0131 benimser ve \u00e7elik kay\u0131\u015f\u0131n kenar\u0131 hortumun y\u00fczeyini korumak i\u00e7in d\u0131\u015fa do\u011fru \u00e7\u0131k\u0131nt\u0131 yapar.<\/p>\n","protected":false},"featured_media":2458,"comment_status":"open","ping_status":"closed","template":"","meta":{"_acf_changed":false},"product_brand":[],"product_cat":[138],"product_tag":[],"class_list":{"0":"post-5334","1":"product","2":"type-product","3":"status-publish","4":"has-post-thumbnail","6":"product_cat-hortum-kelepceleri","8":"first","9":"instock","10":"shipping-taxable","11":"product-type-simple"},"acf":[],"yoast_head":"<!-- This site is optimized with the Yoast SEO plugin v26.0 - https:\/\/yoast.com\/wordpress\/plugins\/seo\/ -->\n<title>A\u011f\u0131r Hizmet Hortum Kelep\u00e7esi - Btektech<\/title>\n<meta name=\"description\" content=\"A\u011f\u0131r Hizmet Hortum Kelep\u00e7esi, yap\u0131n\u0131n \u00e7ok g\u00fc\u00e7l\u00fc olmas\u0131 i\u00e7in \u00fc\u00e7 noktal\u0131 d\u0131\u015fb\u00fckey kayna\u011f\u0131 benimser ve \u00e7elik kay\u0131\u015f\u0131n kenar\u0131 hortumun y\u00fczeyini korumak i\u00e7in d\u0131\u015fa do\u011fru \u00e7\u0131k\u0131nt\u0131 yapar.\" \/>\n<meta name=\"robots\" content=\"index, follow, max-snippet:-1, max-image-preview:large, max-video-preview:-1\" \/>\n<link rel=\"canonical\" href=\"https:\/\/btektech.com\/tr\/product\/agir-hizmet-hortum-kelepcesi\/\" \/>\n<meta property=\"og:locale\" content=\"tr_TR\" \/>\n<meta property=\"og:type\" content=\"article\" \/>\n<meta property=\"og:title\" content=\"A\u011f\u0131r Hizmet Hortum Kelep\u00e7esi - Btektech\" \/>\n<meta property=\"og:description\" content=\"A\u011f\u0131r Hizmet Hortum Kelep\u00e7esi, yap\u0131n\u0131n \u00e7ok g\u00fc\u00e7l\u00fc olmas\u0131 i\u00e7in \u00fc\u00e7 noktal\u0131 d\u0131\u015fb\u00fckey kayna\u011f\u0131 benimser ve \u00e7elik kay\u0131\u015f\u0131n kenar\u0131 hortumun y\u00fczeyini korumak i\u00e7in d\u0131\u015fa do\u011fru \u00e7\u0131k\u0131nt\u0131 yapar.\" \/>\n<meta property=\"og:url\" content=\"https:\/\/btektech.com\/tr\/product\/agir-hizmet-hortum-kelepcesi\/\" \/>\n<meta property=\"og:site_name\" content=\"Btektech\" \/>\n<meta property=\"article:modified_time\" content=\"2022-11-21T02:20:23+00:00\" \/>\n<meta property=\"og:image\" content=\"https:\/\/btektech.com\/wp-content\/uploads\/2021\/09\/Strong-mini-20210923115635.jpg\" \/>\n\t<meta property=\"og:image:width\" content=\"750\" \/>\n\t<meta property=\"og:image:height\" content=\"750\" \/>\n\t<meta property=\"og:image:type\" content=\"image\/jpeg\" \/>\n<meta name=\"twitter:card\" content=\"summary_large_image\" \/>\n<meta name=\"twitter:site\" content=\"@Btektech1\" \/>\n<meta name=\"twitter:label1\" content=\"Tahmini okuma s\u00fcresi\" \/>\n\t<meta name=\"twitter:data1\" content=\"2 dakika\" \/>\n<script type=\"application\/ld+json\" class=\"yoast-schema-graph\">{\"@context\":\"https:\/\/schema.org\",\"@graph\":[{\"@type\":[\"WebPage\",\"ItemPage\"],\"@id\":\"https:\/\/btektech.com\/tr\/product\/agir-hizmet-hortum-kelepcesi\/\",\"url\":\"https:\/\/btektech.com\/tr\/product\/agir-hizmet-hortum-kelepcesi\/\",\"name\":\"A\u011f\u0131r Hizmet Hortum Kelep\u00e7esi - Btektech\",\"isPartOf\":{\"@id\":\"https:\/\/btektech.com\/#website\"},\"primaryImageOfPage\":{\"@id\":\"https:\/\/btektech.com\/tr\/product\/agir-hizmet-hortum-kelepcesi\/#primaryimage\"},\"image\":{\"@id\":\"https:\/\/btektech.com\/tr\/product\/agir-hizmet-hortum-kelepcesi\/#primaryimage\"},\"thumbnailUrl\":\"https:\/\/btektech.com\/wp-content\/uploads\/2021\/09\/Strong-mini-20210923115635.jpg\",\"datePublished\":\"2022-04-25T08:57:43+00:00\",\"dateModified\":\"2022-11-21T02:20:23+00:00\",\"description\":\"A\u011f\u0131r Hizmet Hortum Kelep\u00e7esi, yap\u0131n\u0131n \u00e7ok g\u00fc\u00e7l\u00fc olmas\u0131 i\u00e7in \u00fc\u00e7 noktal\u0131 d\u0131\u015fb\u00fckey kayna\u011f\u0131 benimser ve \u00e7elik kay\u0131\u015f\u0131n kenar\u0131 hortumun y\u00fczeyini korumak i\u00e7in d\u0131\u015fa do\u011fru \u00e7\u0131k\u0131nt\u0131 yapar.\",\"breadcrumb\":{\"@id\":\"https:\/\/btektech.com\/tr\/product\/agir-hizmet-hortum-kelepcesi\/#breadcrumb\"},\"inLanguage\":\"tr\",\"potentialAction\":[{\"@type\":\"ReadAction\",\"target\":[\"https:\/\/btektech.com\/tr\/product\/agir-hizmet-hortum-kelepcesi\/\"]}]},{\"@type\":\"ImageObject\",\"inLanguage\":\"tr\",\"@id\":\"https:\/\/btektech.com\/tr\/product\/agir-hizmet-hortum-kelepcesi\/#primaryimage\",\"url\":\"https:\/\/btektech.com\/wp-content\/uploads\/2021\/09\/Strong-mini-20210923115635.jpg\",\"contentUrl\":\"https:\/\/btektech.com\/wp-content\/uploads\/2021\/09\/Strong-mini-20210923115635.jpg\",\"width\":750,\"height\":750,\"caption\":\"A\u011f\u0131r Hizmet Hortum Kelep\u00e7esi\"},{\"@type\":\"BreadcrumbList\",\"@id\":\"https:\/\/btektech.com\/tr\/product\/agir-hizmet-hortum-kelepcesi\/#breadcrumb\",\"itemListElement\":[{\"@type\":\"ListItem\",\"position\":1,\"name\":\"Home\",\"item\":\"https:\/\/btektech.com\/tr\/\"},{\"@type\":\"ListItem\",\"position\":2,\"name\":\"\u00dcr\u00fcnler\",\"item\":\"https:\/\/btektech.com\/tr\/shop\/\"},{\"@type\":\"ListItem\",\"position\":3,\"name\":\"Heavy-Duty &amp; Industrial Hose Clamps\",\"item\":\"https:\/\/btektech.com\/product-category\/heavy-duty-and-industrial-hose-clamps\/\"},{\"@type\":\"ListItem\",\"position\":4,\"name\":\"A\u011f\u0131r Hizmet Hortum Kelep\u00e7esi\"}]},{\"@type\":\"WebSite\",\"@id\":\"https:\/\/btektech.com\/#website\",\"url\":\"https:\/\/btektech.com\/\",\"name\":\"Btektech\",\"description\":\"\",\"publisher\":{\"@id\":\"https:\/\/btektech.com\/#organization\"},\"potentialAction\":[{\"@type\":\"SearchAction\",\"target\":{\"@type\":\"EntryPoint\",\"urlTemplate\":\"https:\/\/btektech.com\/?s={search_term_string}\"},\"query-input\":{\"@type\":\"PropertyValueSpecification\",\"valueRequired\":true,\"valueName\":\"search_term_string\"}}],\"inLanguage\":\"tr\"},{\"@type\":\"Organization\",\"@id\":\"https:\/\/btektech.com\/#organization\",\"name\":\"Btektech\",\"url\":\"https:\/\/btektech.com\/\",\"logo\":{\"@type\":\"ImageObject\",\"inLanguage\":\"tr\",\"@id\":\"https:\/\/btektech.com\/#\/schema\/logo\/image\/\",\"url\":\"https:\/\/btektech.com\/wp-content\/uploads\/2021\/08\/btektech-logo.png\",\"contentUrl\":\"https:\/\/btektech.com\/wp-content\/uploads\/2021\/08\/btektech-logo.png\",\"width\":250,\"height\":114,\"caption\":\"Btektech\"},\"image\":{\"@id\":\"https:\/\/btektech.com\/#\/schema\/logo\/image\/\"},\"sameAs\":[\"https:\/\/x.com\/Btektech1\",\"https:\/\/www.instagram.com\/btektech\/\",\"https:\/\/www.linkedin.com\/company\/suzhou-baotailong-electronic-materials-co-ltd\/\",\"https:\/\/www.pinterest.com\/btektech\/_saved\/\",\"https:\/\/www.youtube.com\/channel\/UCBiw4Bc4CmQDrdo-QqyVTqQ\"]}]}<\/script>\n<!-- \/ Yoast SEO plugin. -->","yoast_head_json":{"title":"A\u011f\u0131r Hizmet Hortum Kelep\u00e7esi - Btektech","description":"A\u011f\u0131r Hizmet Hortum Kelep\u00e7esi, yap\u0131n\u0131n \u00e7ok g\u00fc\u00e7l\u00fc olmas\u0131 i\u00e7in \u00fc\u00e7 noktal\u0131 d\u0131\u015fb\u00fckey kayna\u011f\u0131 benimser ve \u00e7elik kay\u0131\u015f\u0131n kenar\u0131 hortumun y\u00fczeyini korumak i\u00e7in d\u0131\u015fa do\u011fru \u00e7\u0131k\u0131nt\u0131 yapar.","robots":{"index":"index","follow":"follow","max-snippet":"max-snippet:-1","max-image-preview":"max-image-preview:large","max-video-preview":"max-video-preview:-1"},"canonical":"https:\/\/btektech.com\/tr\/product\/agir-hizmet-hortum-kelepcesi\/","og_locale":"tr_TR","og_type":"article","og_title":"A\u011f\u0131r Hizmet Hortum Kelep\u00e7esi - Btektech","og_description":"A\u011f\u0131r Hizmet Hortum Kelep\u00e7esi, yap\u0131n\u0131n \u00e7ok g\u00fc\u00e7l\u00fc olmas\u0131 i\u00e7in \u00fc\u00e7 noktal\u0131 d\u0131\u015fb\u00fckey kayna\u011f\u0131 benimser ve \u00e7elik kay\u0131\u015f\u0131n kenar\u0131 hortumun y\u00fczeyini korumak i\u00e7in d\u0131\u015fa do\u011fru \u00e7\u0131k\u0131nt\u0131 yapar.","og_url":"https:\/\/btektech.com\/tr\/product\/agir-hizmet-hortum-kelepcesi\/","og_site_name":"Btektech","article_modified_time":"2022-11-21T02:20:23+00:00","og_image":[{"width":750,"height":750,"url":"https:\/\/btektech.com\/wp-content\/uploads\/2021\/09\/Strong-mini-20210923115635.jpg","type":"image\/jpeg"}],"twitter_card":"summary_large_image","twitter_site":"@Btektech1","twitter_misc":{"Tahmini okuma s\u00fcresi":"2 dakika"},"schema":{"@context":"https:\/\/schema.org","@graph":[{"@type":["WebPage","ItemPage"],"@id":"https:\/\/btektech.com\/tr\/product\/agir-hizmet-hortum-kelepcesi\/","url":"https:\/\/btektech.com\/tr\/product\/agir-hizmet-hortum-kelepcesi\/","name":"A\u011f\u0131r Hizmet Hortum Kelep\u00e7esi - Btektech","isPartOf":{"@id":"https:\/\/btektech.com\/#website"},"primaryImageOfPage":{"@id":"https:\/\/btektech.com\/tr\/product\/agir-hizmet-hortum-kelepcesi\/#primaryimage"},"image":{"@id":"https:\/\/btektech.com\/tr\/product\/agir-hizmet-hortum-kelepcesi\/#primaryimage"},"thumbnailUrl":"https:\/\/btektech.com\/wp-content\/uploads\/2021\/09\/Strong-mini-20210923115635.jpg","datePublished":"2022-04-25T08:57:43+00:00","dateModified":"2022-11-21T02:20:23+00:00","description":"A\u011f\u0131r Hizmet Hortum Kelep\u00e7esi, yap\u0131n\u0131n \u00e7ok g\u00fc\u00e7l\u00fc olmas\u0131 i\u00e7in \u00fc\u00e7 noktal\u0131 d\u0131\u015fb\u00fckey kayna\u011f\u0131 benimser ve \u00e7elik kay\u0131\u015f\u0131n kenar\u0131 hortumun y\u00fczeyini korumak i\u00e7in d\u0131\u015fa do\u011fru \u00e7\u0131k\u0131nt\u0131 yapar.","breadcrumb":{"@id":"https:\/\/btektech.com\/tr\/product\/agir-hizmet-hortum-kelepcesi\/#breadcrumb"},"inLanguage":"tr","potentialAction":[{"@type":"ReadAction","target":["https:\/\/btektech.com\/tr\/product\/agir-hizmet-hortum-kelepcesi\/"]}]},{"@type":"ImageObject","inLanguage":"tr","@id":"https:\/\/btektech.com\/tr\/product\/agir-hizmet-hortum-kelepcesi\/#primaryimage","url":"https:\/\/btektech.com\/wp-content\/uploads\/2021\/09\/Strong-mini-20210923115635.jpg","contentUrl":"https:\/\/btektech.com\/wp-content\/uploads\/2021\/09\/Strong-mini-20210923115635.jpg","width":750,"height":750,"caption":"A\u011f\u0131r Hizmet Hortum Kelep\u00e7esi"},{"@type":"BreadcrumbList","@id":"https:\/\/btektech.com\/tr\/product\/agir-hizmet-hortum-kelepcesi\/#breadcrumb","itemListElement":[{"@type":"ListItem","position":1,"name":"Home","item":"https:\/\/btektech.com\/tr\/"},{"@type":"ListItem","position":2,"name":"\u00dcr\u00fcnler","item":"https:\/\/btektech.com\/tr\/shop\/"},{"@type":"ListItem","position":3,"name":"Heavy-Duty &amp; Industrial Hose Clamps","item":"https:\/\/btektech.com\/product-category\/heavy-duty-and-industrial-hose-clamps\/"},{"@type":"ListItem","position":4,"name":"A\u011f\u0131r Hizmet Hortum Kelep\u00e7esi"}]},{"@type":"WebSite","@id":"https:\/\/btektech.com\/#website","url":"https:\/\/btektech.com\/","name":"Btektech","description":"","publisher":{"@id":"https:\/\/btektech.com\/#organization"},"potentialAction":[{"@type":"SearchAction","target":{"@type":"EntryPoint","urlTemplate":"https:\/\/btektech.com\/?s={search_term_string}"},"query-input":{"@type":"PropertyValueSpecification","valueRequired":true,"valueName":"search_term_string"}}],"inLanguage":"tr"},{"@type":"Organization","@id":"https:\/\/btektech.com\/#organization","name":"Btektech","url":"https:\/\/btektech.com\/","logo":{"@type":"ImageObject","inLanguage":"tr","@id":"https:\/\/btektech.com\/#\/schema\/logo\/image\/","url":"https:\/\/btektech.com\/wp-content\/uploads\/2021\/08\/btektech-logo.png","contentUrl":"https:\/\/btektech.com\/wp-content\/uploads\/2021\/08\/btektech-logo.png","width":250,"height":114,"caption":"Btektech"},"image":{"@id":"https:\/\/btektech.com\/#\/schema\/logo\/image\/"},"sameAs":["https:\/\/x.com\/Btektech1","https:\/\/www.instagram.com\/btektech\/","https:\/\/www.linkedin.com\/company\/suzhou-baotailong-electronic-materials-co-ltd\/","https:\/\/www.pinterest.com\/btektech\/_saved\/","https:\/\/www.youtube.com\/channel\/UCBiw4Bc4CmQDrdo-QqyVTqQ"]}]}},"_links":{"self":[{"href":"https:\/\/btektech.com\/tr\/wp-json\/wp\/v2\/product\/5334","targetHints":{"allow":["GET"]}}],"collection":[{"href":"https:\/\/btektech.com\/tr\/wp-json\/wp\/v2\/product"}],"about":[{"href":"https:\/\/btektech.com\/tr\/wp-json\/wp\/v2\/types\/product"}],"replies":[{"embeddable":true,"href":"https:\/\/btektech.com\/tr\/wp-json\/wp\/v2\/comments?post=5334"}],"version-history":[{"count":0,"href":"https:\/\/btektech.com\/tr\/wp-json\/wp\/v2\/product\/5334\/revisions"}],"wp:featuredmedia":[{"embeddable":true,"href":"https:\/\/btektech.com\/tr\/wp-json\/wp\/v2\/media\/2458"}],"wp:attachment":[{"href":"https:\/\/btektech.com\/tr\/wp-json\/wp\/v2\/media?parent=5334"}],"wp:term":[{"taxonomy":"product_brand","embeddable":true,"href":"https:\/\/btektech.com\/tr\/wp-json\/wp\/v2\/product_brand?post=5334"},{"taxonomy":"product_cat","embeddable":true,"href":"https:\/\/btektech.com\/tr\/wp-json\/wp\/v2\/product_cat?post=5334"},{"taxonomy":"product_tag","embeddable":true,"href":"https:\/\/btektech.com\/tr\/wp-json\/wp\/v2\/product_tag?post=5334"}],"curies":[{"name":"wp","href":"https:\/\/api.w.org\/{rel}","templated":true}]}}