{"id":5333,"date":"2021-09-15T09:34:16","date_gmt":"2022-04-25T08:57:42","guid":{"rendered":"https:\/\/btektech.com\/product\/paslanmaz-celik-kelepce\/"},"modified":"2022-11-21T02:29:36","modified_gmt":"2022-11-21T02:29:36","slug":"pex-bakir-sikma-halkasi","status":"publish","type":"product","link":"https:\/\/btektech.com\/tr\/product\/pex-bakir-sikma-halkasi\/","title":{"rendered":"PEX Bak\u0131r S\u0131kma Halkas\u0131"},"content":{"rendered":"<p>En iyi dinamik denge efekti, alan m\u00fcdahalesi yok. \u00d6zel kenar i\u015flemi, y\u00fczey hasar\u0131 riskini azalt\u0131r. Paslanmaz \u00e7elik malzeme daha iyi mekanik \u00f6zelliklere sahiptir.<\/p>\n<div style=\"text-align:center;\">\n<img fetchpriority=\"high\" decoding=\"async\" class=\"alignnone size-medium wp-image-2314\" src=\"https:\/\/btektech.com\/wp-content\/uploads\/2021\/09\/Screenshot-2021-09-15-161944-300x203.jpg\" alt=\"\" width=\"300\" height=\"203\" srcset=\"https:\/\/btektech.com\/wp-content\/uploads\/2021\/09\/Screenshot-2021-09-15-161944-300x203.jpg 300w, https:\/\/btektech.com\/wp-content\/uploads\/2021\/09\/Screenshot-2021-09-15-161944.jpg 384w\" sizes=\"(max-width: 300px) 100vw, 300px\" \/>\n<\/div>\n<div style=\"overflow: auto;\">\n<table style=\"text-align:center;\">\n<tbody>\n<caption style=\"font-weight:600;font-size:30px;\">B\u00fcy\u00fck \u00f6l\u00e7\u00fc genellikle \u00f6l\u00e7\u00fc tablosunu kullan\u0131r:<\/caption>\n<tr>\n<th>\u015eartname<\/th>\n<th>s\u0131kma aral\u0131\u011f\u0131<\/th>\n<\/tr>\n<tr>\n<td>52.5<\/td>\n<td>46.5-52<\/td>\n<\/tr>\n<tr>\n<td>53<\/td>\n<td>47-52.5<\/td>\n<\/tr>\n<tr>\n<td>53.5<\/td>\n<td>47.5-53<\/td>\n<\/tr>\n<tr>\n<td>54<\/td>\n<td>48-53.5<\/td>\n<\/tr>\n<tr>\n<td>54.5<\/td>\n<td>48.5-54<\/td>\n<\/tr>\n<tr>\n<td>55<\/td>\n<td>49-54.5<\/td>\n<\/tr>\n<tr>\n<td>55.5<\/td>\n<td>49.5-55<\/td>\n<\/tr>\n<tr>\n<td>56<\/td>\n<td>50-55.5<\/td>\n<\/tr>\n<tr>\n<td>56.5<\/td>\n<td>50.5-56<\/td>\n<\/tr>\n<tr>\n<td>57<\/td>\n<td>51-56.5<\/td>\n<\/tr>\n<tr>\n<td>57.5<\/td>\n<td>51.5-57<\/td>\n<\/tr>\n<tr>\n<td>58<\/td>\n<td>52-57.5<\/td>\n<\/tr>\n<tr>\n<td>58.5<\/td>\n<td>52.5-58<\/td>\n<\/tr>\n<tr>\n<td>59<\/td>\n<td>53-58.5<\/td>\n<\/tr>\n<tr>\n<td>59.5<\/td>\n<td>53.5-59<\/td>\n<\/tr>\n<tr>\n<td>60<\/td>\n<td>54-59.5<\/td>\n<\/tr>\n<tr>\n<td>60.5<\/td>\n<td>54.5-60<\/td>\n<\/tr>\n<tr>\n<td>61<\/td>\n<td>55-60.5<\/td>\n<\/tr>\n<tr>\n<td>61.5<\/td>\n<td>55.5-61<\/td>\n<\/tr>\n<tr>\n<td>62<\/td>\n<td>56-61.5<\/td>\n<\/tr>\n<tr>\n<td>62.5<\/td>\n<td>56.5-62<\/td>\n<\/tr>\n<tr>\n<td>63<\/td>\n<td>57-62.5<\/td>\n<\/tr>\n<\/tbody>\n<\/table>\n<\/div>\n<p>&nbsp;<\/p>\n<div style=\"overflow:auto;\">\n<table style=\"text-align: center;\">\n<tbody>\n<caption style=\"font-weight: 600;font-size:30px;\">k\u00fc\u00e7\u00fck g\u00f6sterge genellikle g\u00f6sterge tablosunu kullan\u0131r:<\/caption>\n<tr>\n<th>\u015eartname<\/th>\n<th>s\u0131kma aral\u0131\u011f\u0131<\/th>\n<\/tr>\n<tr>\n<td>28<\/td>\n<td>23-27.5<\/td>\n<\/tr>\n<tr>\n<td>29<\/td>\n<td>24-28.5<\/td>\n<\/tr>\n<tr>\n<td>30<\/td>\n<td>25-29.5<\/td>\n<\/tr>\n<tr>\n<td>31<\/td>\n<td>26-30.5<\/td>\n<\/tr>\n<tr>\n<td>32<\/td>\n<td>27-31.5<\/td>\n<\/tr>\n<tr>\n<td>33<\/td>\n<td>28-32.5<\/td>\n<\/tr>\n<tr>\n<td>34<\/td>\n<td>29-33.5<\/td>\n<\/tr>\n<tr>\n<td>35<\/td>\n<td>30-34.5<\/td>\n<\/tr>\n<tr>\n<td>36<\/td>\n<td>31-35.5<\/td>\n<\/tr>\n<tr>\n<td>37<\/td>\n<td>32-36.5<\/td>\n<\/tr>\n<tr>\n<td>38<\/td>\n<td>33-37.5<\/td>\n<\/tr>\n<tr>\n<td>39<\/td>\n<td>34-38.5<\/td>\n<\/tr>\n<tr>\n<td>40<\/td>\n<td>35-39.5<\/td>\n<\/tr>\n<tr>\n<td>41<\/td>\n<td>35-40.5<\/td>\n<\/tr>\n<tr>\n<td>42<\/td>\n<td>36-41.5<\/td>\n<\/tr>\n<tr>\n<td>43<\/td>\n<td>37-42.5<\/td>\n<\/tr>\n<tr>\n<td>44<\/td>\n<td>38-43.5<\/td>\n<\/tr>\n<\/tbody>\n<\/table>\n<\/div>\n","protected":false},"excerpt":{"rendered":"<p>360 derece \u00e7epe\u00e7evre conta: \u00e7evresel y\u00fczey, b\u00f6ylece bas\u0131n\u00e7 e\u015fitlenir. Esnek \u00e7ap k\u00fc\u00e7\u00fclmesi: b\u00fcy\u00fck radyal bas\u0131n\u00e7, bu nedenle kurulum \u00e7ok uygundur<\/p>\n","protected":false},"featured_media":2322,"comment_status":"open","ping_status":"closed","template":"","meta":{"_acf_changed":false},"product_brand":[],"product_cat":[138],"product_tag":[],"class_list":{"0":"post-5333","1":"product","2":"type-product","3":"status-publish","4":"has-post-thumbnail","6":"product_cat-hortum-kelepceleri","8":"first","9":"instock","10":"shipping-taxable","11":"product-type-simple"},"acf":[],"yoast_head":"<!-- This site is optimized with the Yoast SEO plugin v26.0 - https:\/\/yoast.com\/wordpress\/plugins\/seo\/ -->\n<title>PEX Bak\u0131r S\u0131kma Halkas\u0131 - Btektech<\/title>\n<meta name=\"description\" content=\"PEX Bak\u0131r S\u0131kma Halkas\u0131 360 derece \u00e7epe\u00e7evre conta: \u00e7evresel y\u00fczey, b\u00f6ylece bas\u0131n\u00e7 e\u015fitlenir. Esnek \u00e7ap k\u00fc\u00e7\u00fclmesi: b\u00fcy\u00fck radyal bas\u0131n\u00e7, bu nedenle kurulum \u00e7ok uygundur.\" \/>\n<meta name=\"robots\" content=\"index, follow, max-snippet:-1, max-image-preview:large, max-video-preview:-1\" \/>\n<link rel=\"canonical\" href=\"https:\/\/btektech.com\/tr\/product\/pex-bakir-sikma-halkasi\/\" \/>\n<meta property=\"og:locale\" content=\"tr_TR\" \/>\n<meta property=\"og:type\" content=\"article\" \/>\n<meta property=\"og:title\" content=\"PEX Bak\u0131r S\u0131kma Halkas\u0131 - Btektech\" \/>\n<meta property=\"og:description\" content=\"PEX Bak\u0131r S\u0131kma Halkas\u0131 360 derece \u00e7epe\u00e7evre conta: \u00e7evresel y\u00fczey, b\u00f6ylece bas\u0131n\u00e7 e\u015fitlenir. Esnek \u00e7ap k\u00fc\u00e7\u00fclmesi: b\u00fcy\u00fck radyal bas\u0131n\u00e7, bu nedenle kurulum \u00e7ok uygundur.\" \/>\n<meta property=\"og:url\" content=\"https:\/\/btektech.com\/tr\/product\/pex-bakir-sikma-halkasi\/\" \/>\n<meta property=\"og:site_name\" content=\"Btektech\" \/>\n<meta property=\"article:modified_time\" content=\"2022-11-21T02:29:36+00:00\" \/>\n<meta property=\"og:image\" content=\"https:\/\/btektech.com\/wp-content\/uploads\/2021\/09\/SSC1.jpg\" \/>\n\t<meta property=\"og:image:width\" content=\"800\" \/>\n\t<meta property=\"og:image:height\" content=\"800\" \/>\n\t<meta property=\"og:image:type\" content=\"image\/jpeg\" \/>\n<meta name=\"twitter:card\" content=\"summary_large_image\" \/>\n<meta name=\"twitter:site\" content=\"@Btektech1\" \/>\n<meta name=\"twitter:label1\" content=\"Tahmini okuma s\u00fcresi\" \/>\n\t<meta name=\"twitter:data1\" content=\"1 dakika\" \/>\n<script type=\"application\/ld+json\" class=\"yoast-schema-graph\">{\"@context\":\"https:\/\/schema.org\",\"@graph\":[{\"@type\":[\"WebPage\",\"ItemPage\"],\"@id\":\"https:\/\/btektech.com\/tr\/product\/pex-bakir-sikma-halkasi\/\",\"url\":\"https:\/\/btektech.com\/tr\/product\/pex-bakir-sikma-halkasi\/\",\"name\":\"PEX Bak\u0131r S\u0131kma Halkas\u0131 - Btektech\",\"isPartOf\":{\"@id\":\"https:\/\/btektech.com\/#website\"},\"primaryImageOfPage\":{\"@id\":\"https:\/\/btektech.com\/tr\/product\/pex-bakir-sikma-halkasi\/#primaryimage\"},\"image\":{\"@id\":\"https:\/\/btektech.com\/tr\/product\/pex-bakir-sikma-halkasi\/#primaryimage\"},\"thumbnailUrl\":\"https:\/\/btektech.com\/wp-content\/uploads\/2021\/09\/SSC1.jpg\",\"datePublished\":\"2022-04-25T08:57:42+00:00\",\"dateModified\":\"2022-11-21T02:29:36+00:00\",\"description\":\"PEX Bak\u0131r S\u0131kma Halkas\u0131 360 derece \u00e7epe\u00e7evre conta: \u00e7evresel y\u00fczey, b\u00f6ylece bas\u0131n\u00e7 e\u015fitlenir. Esnek \u00e7ap k\u00fc\u00e7\u00fclmesi: b\u00fcy\u00fck radyal bas\u0131n\u00e7, bu nedenle kurulum \u00e7ok uygundur.\",\"breadcrumb\":{\"@id\":\"https:\/\/btektech.com\/tr\/product\/pex-bakir-sikma-halkasi\/#breadcrumb\"},\"inLanguage\":\"tr\",\"potentialAction\":[{\"@type\":\"ReadAction\",\"target\":[\"https:\/\/btektech.com\/tr\/product\/pex-bakir-sikma-halkasi\/\"]}]},{\"@type\":\"ImageObject\",\"inLanguage\":\"tr\",\"@id\":\"https:\/\/btektech.com\/tr\/product\/pex-bakir-sikma-halkasi\/#primaryimage\",\"url\":\"https:\/\/btektech.com\/wp-content\/uploads\/2021\/09\/SSC1.jpg\",\"contentUrl\":\"https:\/\/btektech.com\/wp-content\/uploads\/2021\/09\/SSC1.jpg\",\"width\":800,\"height\":800,\"caption\":\"PEX Bak\u0131r S\u0131kma Halkas\u0131\"},{\"@type\":\"BreadcrumbList\",\"@id\":\"https:\/\/btektech.com\/tr\/product\/pex-bakir-sikma-halkasi\/#breadcrumb\",\"itemListElement\":[{\"@type\":\"ListItem\",\"position\":1,\"name\":\"Home\",\"item\":\"https:\/\/btektech.com\/tr\/home-2\/\"},{\"@type\":\"ListItem\",\"position\":2,\"name\":\"\u00dcr\u00fcnler\",\"item\":\"https:\/\/btektech.com\/tr\/shop\/\"},{\"@type\":\"ListItem\",\"position\":3,\"name\":\"Heavy-Duty &amp; Industrial Hose Clamps\",\"item\":\"https:\/\/btektech.com\/product-category\/heavy-duty-and-industrial-hose-clamps\/\"},{\"@type\":\"ListItem\",\"position\":4,\"name\":\"PEX Bak\u0131r S\u0131kma Halkas\u0131\"}]},{\"@type\":\"WebSite\",\"@id\":\"https:\/\/btektech.com\/#website\",\"url\":\"https:\/\/btektech.com\/\",\"name\":\"Btektech\",\"description\":\"\",\"publisher\":{\"@id\":\"https:\/\/btektech.com\/#organization\"},\"potentialAction\":[{\"@type\":\"SearchAction\",\"target\":{\"@type\":\"EntryPoint\",\"urlTemplate\":\"https:\/\/btektech.com\/?s={search_term_string}\"},\"query-input\":{\"@type\":\"PropertyValueSpecification\",\"valueRequired\":true,\"valueName\":\"search_term_string\"}}],\"inLanguage\":\"tr\"},{\"@type\":\"Organization\",\"@id\":\"https:\/\/btektech.com\/#organization\",\"name\":\"Btektech\",\"url\":\"https:\/\/btektech.com\/\",\"logo\":{\"@type\":\"ImageObject\",\"inLanguage\":\"tr\",\"@id\":\"https:\/\/btektech.com\/#\/schema\/logo\/image\/\",\"url\":\"https:\/\/btektech.com\/wp-content\/uploads\/2021\/08\/btektech-logo.png\",\"contentUrl\":\"https:\/\/btektech.com\/wp-content\/uploads\/2021\/08\/btektech-logo.png\",\"width\":250,\"height\":114,\"caption\":\"Btektech\"},\"image\":{\"@id\":\"https:\/\/btektech.com\/#\/schema\/logo\/image\/\"},\"sameAs\":[\"https:\/\/x.com\/Btektech1\",\"https:\/\/www.instagram.com\/btektech\/\",\"https:\/\/www.linkedin.com\/company\/suzhou-baotailong-electronic-materials-co-ltd\/\",\"https:\/\/www.pinterest.com\/btektech\/_saved\/\",\"https:\/\/www.youtube.com\/channel\/UCBiw4Bc4CmQDrdo-QqyVTqQ\"]}]}<\/script>\n<!-- \/ Yoast SEO plugin. -->","yoast_head_json":{"title":"PEX Bak\u0131r S\u0131kma Halkas\u0131 - Btektech","description":"PEX Bak\u0131r S\u0131kma Halkas\u0131 360 derece \u00e7epe\u00e7evre conta: \u00e7evresel y\u00fczey, b\u00f6ylece bas\u0131n\u00e7 e\u015fitlenir. Esnek \u00e7ap k\u00fc\u00e7\u00fclmesi: b\u00fcy\u00fck radyal bas\u0131n\u00e7, bu nedenle kurulum \u00e7ok uygundur.","robots":{"index":"index","follow":"follow","max-snippet":"max-snippet:-1","max-image-preview":"max-image-preview:large","max-video-preview":"max-video-preview:-1"},"canonical":"https:\/\/btektech.com\/tr\/product\/pex-bakir-sikma-halkasi\/","og_locale":"tr_TR","og_type":"article","og_title":"PEX Bak\u0131r S\u0131kma Halkas\u0131 - Btektech","og_description":"PEX Bak\u0131r S\u0131kma Halkas\u0131 360 derece \u00e7epe\u00e7evre conta: \u00e7evresel y\u00fczey, b\u00f6ylece bas\u0131n\u00e7 e\u015fitlenir. Esnek \u00e7ap k\u00fc\u00e7\u00fclmesi: b\u00fcy\u00fck radyal bas\u0131n\u00e7, bu nedenle kurulum \u00e7ok uygundur.","og_url":"https:\/\/btektech.com\/tr\/product\/pex-bakir-sikma-halkasi\/","og_site_name":"Btektech","article_modified_time":"2022-11-21T02:29:36+00:00","og_image":[{"width":800,"height":800,"url":"https:\/\/btektech.com\/wp-content\/uploads\/2021\/09\/SSC1.jpg","type":"image\/jpeg"}],"twitter_card":"summary_large_image","twitter_site":"@Btektech1","twitter_misc":{"Tahmini okuma s\u00fcresi":"1 dakika"},"schema":{"@context":"https:\/\/schema.org","@graph":[{"@type":["WebPage","ItemPage"],"@id":"https:\/\/btektech.com\/tr\/product\/pex-bakir-sikma-halkasi\/","url":"https:\/\/btektech.com\/tr\/product\/pex-bakir-sikma-halkasi\/","name":"PEX Bak\u0131r S\u0131kma Halkas\u0131 - Btektech","isPartOf":{"@id":"https:\/\/btektech.com\/#website"},"primaryImageOfPage":{"@id":"https:\/\/btektech.com\/tr\/product\/pex-bakir-sikma-halkasi\/#primaryimage"},"image":{"@id":"https:\/\/btektech.com\/tr\/product\/pex-bakir-sikma-halkasi\/#primaryimage"},"thumbnailUrl":"https:\/\/btektech.com\/wp-content\/uploads\/2021\/09\/SSC1.jpg","datePublished":"2022-04-25T08:57:42+00:00","dateModified":"2022-11-21T02:29:36+00:00","description":"PEX Bak\u0131r S\u0131kma Halkas\u0131 360 derece \u00e7epe\u00e7evre conta: \u00e7evresel y\u00fczey, b\u00f6ylece bas\u0131n\u00e7 e\u015fitlenir. Esnek \u00e7ap k\u00fc\u00e7\u00fclmesi: b\u00fcy\u00fck radyal bas\u0131n\u00e7, bu nedenle kurulum \u00e7ok uygundur.","breadcrumb":{"@id":"https:\/\/btektech.com\/tr\/product\/pex-bakir-sikma-halkasi\/#breadcrumb"},"inLanguage":"tr","potentialAction":[{"@type":"ReadAction","target":["https:\/\/btektech.com\/tr\/product\/pex-bakir-sikma-halkasi\/"]}]},{"@type":"ImageObject","inLanguage":"tr","@id":"https:\/\/btektech.com\/tr\/product\/pex-bakir-sikma-halkasi\/#primaryimage","url":"https:\/\/btektech.com\/wp-content\/uploads\/2021\/09\/SSC1.jpg","contentUrl":"https:\/\/btektech.com\/wp-content\/uploads\/2021\/09\/SSC1.jpg","width":800,"height":800,"caption":"PEX Bak\u0131r S\u0131kma Halkas\u0131"},{"@type":"BreadcrumbList","@id":"https:\/\/btektech.com\/tr\/product\/pex-bakir-sikma-halkasi\/#breadcrumb","itemListElement":[{"@type":"ListItem","position":1,"name":"Home","item":"https:\/\/btektech.com\/tr\/home-2\/"},{"@type":"ListItem","position":2,"name":"\u00dcr\u00fcnler","item":"https:\/\/btektech.com\/tr\/shop\/"},{"@type":"ListItem","position":3,"name":"Heavy-Duty &amp; Industrial Hose Clamps","item":"https:\/\/btektech.com\/product-category\/heavy-duty-and-industrial-hose-clamps\/"},{"@type":"ListItem","position":4,"name":"PEX Bak\u0131r S\u0131kma Halkas\u0131"}]},{"@type":"WebSite","@id":"https:\/\/btektech.com\/#website","url":"https:\/\/btektech.com\/","name":"Btektech","description":"","publisher":{"@id":"https:\/\/btektech.com\/#organization"},"potentialAction":[{"@type":"SearchAction","target":{"@type":"EntryPoint","urlTemplate":"https:\/\/btektech.com\/?s={search_term_string}"},"query-input":{"@type":"PropertyValueSpecification","valueRequired":true,"valueName":"search_term_string"}}],"inLanguage":"tr"},{"@type":"Organization","@id":"https:\/\/btektech.com\/#organization","name":"Btektech","url":"https:\/\/btektech.com\/","logo":{"@type":"ImageObject","inLanguage":"tr","@id":"https:\/\/btektech.com\/#\/schema\/logo\/image\/","url":"https:\/\/btektech.com\/wp-content\/uploads\/2021\/08\/btektech-logo.png","contentUrl":"https:\/\/btektech.com\/wp-content\/uploads\/2021\/08\/btektech-logo.png","width":250,"height":114,"caption":"Btektech"},"image":{"@id":"https:\/\/btektech.com\/#\/schema\/logo\/image\/"},"sameAs":["https:\/\/x.com\/Btektech1","https:\/\/www.instagram.com\/btektech\/","https:\/\/www.linkedin.com\/company\/suzhou-baotailong-electronic-materials-co-ltd\/","https:\/\/www.pinterest.com\/btektech\/_saved\/","https:\/\/www.youtube.com\/channel\/UCBiw4Bc4CmQDrdo-QqyVTqQ"]}]}},"_links":{"self":[{"href":"https:\/\/btektech.com\/tr\/wp-json\/wp\/v2\/product\/5333","targetHints":{"allow":["GET"]}}],"collection":[{"href":"https:\/\/btektech.com\/tr\/wp-json\/wp\/v2\/product"}],"about":[{"href":"https:\/\/btektech.com\/tr\/wp-json\/wp\/v2\/types\/product"}],"replies":[{"embeddable":true,"href":"https:\/\/btektech.com\/tr\/wp-json\/wp\/v2\/comments?post=5333"}],"version-history":[{"count":0,"href":"https:\/\/btektech.com\/tr\/wp-json\/wp\/v2\/product\/5333\/revisions"}],"wp:featuredmedia":[{"embeddable":true,"href":"https:\/\/btektech.com\/tr\/wp-json\/wp\/v2\/media\/2322"}],"wp:attachment":[{"href":"https:\/\/btektech.com\/tr\/wp-json\/wp\/v2\/media?parent=5333"}],"wp:term":[{"taxonomy":"product_brand","embeddable":true,"href":"https:\/\/btektech.com\/tr\/wp-json\/wp\/v2\/product_brand?post=5333"},{"taxonomy":"product_cat","embeddable":true,"href":"https:\/\/btektech.com\/tr\/wp-json\/wp\/v2\/product_cat?post=5333"},{"taxonomy":"product_tag","embeddable":true,"href":"https:\/\/btektech.com\/tr\/wp-json\/wp\/v2\/product_tag?post=5333"}],"curies":[{"name":"wp","href":"https:\/\/api.w.org\/{rel}","templated":true}]}}