{"id":5332,"date":"2021-09-23T10:15:31","date_gmt":"2022-04-25T08:57:41","guid":{"rendered":"https:\/\/btektech.com\/product\/cift-telli-hortum-kelepcesi\/"},"modified":"2022-11-21T02:22:52","modified_gmt":"2022-11-21T02:22:52","slug":"cift-telli-hortum-kelepcesi","status":"publish","type":"product","link":"https:\/\/btektech.com\/tr\/product\/cift-telli-hortum-kelepcesi\/","title":{"rendered":"\u00c7ift Telli Hortum Kelep\u00e7esi"},"content":{"rendered":"<p>\u00c7ift telli hortum kelep\u00e7esi ile di\u011fer hortum kelep\u00e7eleri aras\u0131ndaki en b\u00fcy\u00fck fark, sabitleme ta\u015f\u0131y\u0131c\u0131s\u0131 olarak iki \u00e7elik telin kullan\u0131lmas\u0131 ve \u00e7elik tellerin, bas\u0131nc\u0131 bir \u00e7al\u0131\u015fma y\u00fczeyinde yo\u011funla\u015ft\u0131rabilen daha k\u00fc\u00e7\u00fck y\u00fck ta\u015f\u0131ma alan\u0131n\u0131 sabitlemek i\u00e7in kullan\u0131lmas\u0131d\u0131r. . Lojisti\u011fi daha s\u0131k\u0131 bir \u015fekilde ba\u011flamak i\u00e7in.<\/p>\n<div style=\"overflow-x: auto;\">\n<table style=\"text-align: center;\">\n<tbody>\n<tr>\n<th>Menzil(mm)<\/th>\n<th>Menzil(\u0130n\u00e7)<\/th>\n<th>Tel \u00c7ap\u0131(mm)<\/th>\n<th>Vida Boyutu(mm)<\/th>\n<th>Y\u00fck Torku(N)<\/th>\n<\/tr>\n<tr>\n<td>8-12<\/td>\n<td>0.31&#8243;-0.47&#8243;<\/td>\n<td>1.5<\/td>\n<td>M5*35<\/td>\n<td>5-7Nm<\/td>\n<\/tr>\n<tr>\n<td>11-14<\/td>\n<td>0,43&#8243;-0,55&#8243;<\/td>\n<td>1.5<\/td>\n<td>M5*35<\/td>\n<td>5-7Nm<\/td>\n<\/tr>\n<tr>\n<td>13-16<\/td>\n<td>0,51&#8243;-0,63&#8243;<\/td>\n<td>1.5<\/td>\n<td>M5*35<\/td>\n<td>5-7Nm<\/td>\n<\/tr>\n<tr>\n<td>15-18<\/td>\n<td>0,59&#8243;-0,71&#8243;<\/td>\n<td>1.5<\/td>\n<td>M5*35<\/td>\n<td>5-7Nm<\/td>\n<\/tr>\n<tr>\n<td>17-20<\/td>\n<td>0.67&#8243;-0.79&#8243;<\/td>\n<td>1.8<\/td>\n<td>M5*35<\/td>\n<td>5-7Nm<\/td>\n<\/tr>\n<tr>\n<td>19-22<\/td>\n<td>0.75&#8243;-0.87&#8243;<\/td>\n<td>1.8<\/td>\n<td>M5*35<\/td>\n<td>5-7Nm<\/td>\n<\/tr>\n<tr>\n<td>20-24<\/td>\n<td>0.79&#8243;-0.94&#8243;<\/td>\n<td>1.8<\/td>\n<td>M5*35<\/td>\n<td>5-7Nm<\/td>\n<\/tr>\n<tr>\n<td>22-26<\/td>\n<td>0.87&#8243;-1.02&#8243;<\/td>\n<td>1.8<\/td>\n<td>M5*35<\/td>\n<td>5-7Nm<\/td>\n<\/tr>\n<tr>\n<td>24-28<\/td>\n<td>0.94&#8243;-1.1&#8243;<\/td>\n<td>1.8<\/td>\n<td>M5*35<\/td>\n<td>5-7Nm<\/td>\n<\/tr>\n<tr>\n<td>26-30<\/td>\n<td>1.02&#8243;-1.18<\/td>\n<td>2<\/td>\n<td>N6*40<\/td>\n<td>5-7Nm<\/td>\n<\/tr>\n<tr>\n<td>28-32<\/td>\n<td>1.1&#8243;-1.26&#8243;<\/td>\n<td>2<\/td>\n<td>N6*40<\/td>\n<td>5-7Nm<\/td>\n<\/tr>\n<tr>\n<td>31-35<\/td>\n<td>1.22&#8243;-1.38&#8243;<\/td>\n<td>2<\/td>\n<td>N6*40<\/td>\n<td>5-7Nm<\/td>\n<\/tr>\n<tr>\n<td>34-38<\/td>\n<td>1.34&#8243;-1.5&#8243;<\/td>\n<td>2<\/td>\n<td>M6*50<\/td>\n<td>5-7Nm<\/td>\n<\/tr>\n<tr>\n<td>35-40<\/td>\n<td>1.38&#8243;-1.57&#8243;<\/td>\n<td>2.5<\/td>\n<td>M6*50<\/td>\n<td>5-7Nm<\/td>\n<\/tr>\n<tr>\n<td>37-42<\/td>\n<td>1.46&#8243;-1.65&#8243;<\/td>\n<td>2.5<\/td>\n<td>M6*50<\/td>\n<td>5-7Nm<\/td>\n<\/tr>\n<tr>\n<td>40-45<\/td>\n<td>1.57&#8243;-1.77&#8243;<\/td>\n<td>2.5<\/td>\n<td>M6*50<\/td>\n<td>5-7Nm<\/td>\n<\/tr>\n<tr>\n<td>43-48<\/td>\n<td>1.69&#8243;-1.89&#8243;<\/td>\n<td>2.5<\/td>\n<td>M6*50<\/td>\n<td>5-7Nm<\/td>\n<\/tr>\n<tr>\n<td>45-50<\/td>\n<td>1.77&#8243;-1.97&#8243;<\/td>\n<td>2.5<\/td>\n<td>M6*50<\/td>\n<td>5-7Nm<\/td>\n<\/tr>\n<tr>\n<td>47-52<\/td>\n<td>1.85&#8243;-2.05&#8243;<\/td>\n<td>2.5<\/td>\n<td>M6*50<\/td>\n<td>5-7Nm<\/td>\n<\/tr>\n<tr>\n<td>50-55<\/td>\n<td>1.97&#8243;-2.17&#8243;<\/td>\n<td>2.5<\/td>\n<td>M6*50<\/td>\n<td>5-7Nm<\/td>\n<\/tr>\n<tr>\n<td>53-58<\/td>\n<td>2,09&#8243;-2,28\u201c<\/td>\n<td>2.5<\/td>\n<td>M6*50<\/td>\n<td>5-7Nm<\/td>\n<\/tr>\n<tr>\n<td>55-60<\/td>\n<td>2.17&#8243;-2.36&#8243;<\/td>\n<td>2.5<\/td>\n<td>M6*60<\/td>\n<td>5-7Nm<\/td>\n<\/tr>\n<tr>\n<td>54-62<\/td>\n<td>2.13&#8243;-2.44&#8243;<\/td>\n<td>2.5<\/td>\n<td>M6*60<\/td>\n<td>5-7Nm<\/td>\n<\/tr>\n<tr>\n<td>60-65<\/td>\n<td>2.36&#8243;-2.56&#8243;<\/td>\n<td>2.5<\/td>\n<td>M6*60<\/td>\n<td>5-7Nm<\/td>\n<\/tr>\n<tr>\n<td>63-68<\/td>\n<td>2.48&#8243;-2.68&#8243;<\/td>\n<td>3<\/td>\n<td>M6*60<\/td>\n<td>5-7Nm<\/td>\n<\/tr>\n<tr>\n<td>65-70<\/td>\n<td>2.56&#8243;-2.76&#8243;<\/td>\n<td>3<\/td>\n<td>M6*60<\/td>\n<td>5-7Nm<\/td>\n<\/tr>\n<tr>\n<td>70-75<\/td>\n<td>2.76&#8243;-2.95&#8243;<\/td>\n<td>3<\/td>\n<td>M6*60<\/td>\n<td>5-7Nm<\/td>\n<\/tr>\n<tr>\n<td>75-80<\/td>\n<td>2.95&#8243;-3.15&#8243;<\/td>\n<td>3<\/td>\n<td>M6*60<\/td>\n<td>5-7Nm<\/td>\n<\/tr>\n<tr>\n<td>80-85<\/td>\n<td>3.15&#8243;-3.35&#8243;<\/td>\n<td>3<\/td>\n<td>M6*60<\/td>\n<td>5-7Nm<\/td>\n<\/tr>\n<tr>\n<td>84-90<\/td>\n<td>3.31&#8243;-3.54&#8243;<\/td>\n<td>3<\/td>\n<td>M6*60<\/td>\n<td>5-7Nm<\/td>\n<\/tr>\n<tr>\n<td>89-95<\/td>\n<td>3.5&#8243;-3.74&#8243;<\/td>\n<td>3<\/td>\n<td>M6*60<\/td>\n<td>5-7Nm<\/td>\n<\/tr>\n<tr>\n<td>94-100<\/td>\n<td>3.7&#8243;-3.94&#8243;<\/td>\n<td>3<\/td>\n<td>M6*60<\/td>\n<td>5-7Nm<\/td>\n<\/tr>\n<tr>\n<td>98-105<\/td>\n<td>4.06&#8243;-4.33&#8243;<\/td>\n<td>3<\/td>\n<td>M6*60<\/td>\n<td>5-7Nm<\/td>\n<\/tr>\n<\/tbody>\n<\/table>\n<\/div>\n","protected":false},"excerpt":{"rendered":"<p>\u00c7ift \u00e7elik tel hortum kelep\u00e7esi, g\u00fc\u00e7l\u00fc hortum kelep\u00e7esi ile ayn\u0131 kal\u0131r, her ikisi de vida ve somunlar\u0131n \u00fc\u00e7gen di\u015fli iletim prensibini kullan\u0131r, \u00e7ift \u00e7elik tel hortum kelep\u00e7esinin malzeme se\u00e7imi daha kat\u0131d\u0131r.<\/p>\n","protected":false},"featured_media":6033,"comment_status":"open","ping_status":"closed","template":"","meta":{"_acf_changed":false},"product_brand":[],"product_cat":[138],"product_tag":[],"class_list":{"0":"post-5332","1":"product","2":"type-product","3":"status-publish","4":"has-post-thumbnail","6":"product_cat-hortum-kelepceleri","8":"first","9":"instock","10":"shipping-taxable","11":"product-type-simple"},"acf":[],"yoast_head":"<!-- This site is optimized with the Yoast SEO plugin v26.0 - https:\/\/yoast.com\/wordpress\/plugins\/seo\/ -->\n<title>\u00c7ift Telli Hortum Kelep\u00e7esi - Btektech<\/title>\n<meta name=\"description\" content=\"\u00c7ift \u00e7elik tel hortum kelep\u00e7esi, g\u00fc\u00e7l\u00fc hortum kelep\u00e7esi ile ayn\u0131 kal\u0131r, her ikisi de vida ve somunlar\u0131n \u00fc\u00e7gen di\u015fli iletim prensibini kullan\u0131r, \u00e7ift \u00e7elik tel hortum kelep\u00e7esinin malzeme se\u00e7imi daha kat\u0131d\u0131r.\" \/>\n<meta name=\"robots\" content=\"index, follow, max-snippet:-1, max-image-preview:large, max-video-preview:-1\" \/>\n<link rel=\"canonical\" href=\"https:\/\/btektech.com\/tr\/product\/cift-telli-hortum-kelepcesi\/\" \/>\n<meta property=\"og:locale\" content=\"tr_TR\" \/>\n<meta property=\"og:type\" content=\"article\" \/>\n<meta property=\"og:title\" content=\"\u00c7ift Telli Hortum Kelep\u00e7esi - Btektech\" \/>\n<meta property=\"og:description\" content=\"\u00c7ift \u00e7elik tel hortum kelep\u00e7esi, g\u00fc\u00e7l\u00fc hortum kelep\u00e7esi ile ayn\u0131 kal\u0131r, her ikisi de vida ve somunlar\u0131n \u00fc\u00e7gen di\u015fli iletim prensibini kullan\u0131r, \u00e7ift \u00e7elik tel hortum kelep\u00e7esinin malzeme se\u00e7imi daha kat\u0131d\u0131r.\" \/>\n<meta property=\"og:url\" content=\"https:\/\/btektech.com\/tr\/product\/cift-telli-hortum-kelepcesi\/\" \/>\n<meta property=\"og:site_name\" content=\"Btektech\" \/>\n<meta property=\"article:modified_time\" content=\"2022-11-21T02:22:52+00:00\" \/>\n<meta property=\"og:image\" content=\"https:\/\/btektech.com\/wp-content\/uploads\/2021\/09\/double-wire-202109231808.jpg-1.webp\" \/>\n\t<meta property=\"og:image:width\" content=\"272\" \/>\n\t<meta property=\"og:image:height\" content=\"272\" \/>\n\t<meta property=\"og:image:type\" content=\"image\/webp\" \/>\n<meta name=\"twitter:card\" content=\"summary_large_image\" \/>\n<meta name=\"twitter:site\" content=\"@Btektech1\" \/>\n<meta name=\"twitter:label1\" content=\"Tahmini okuma s\u00fcresi\" \/>\n\t<meta name=\"twitter:data1\" content=\"1 dakika\" \/>\n<script type=\"application\/ld+json\" class=\"yoast-schema-graph\">{\"@context\":\"https:\/\/schema.org\",\"@graph\":[{\"@type\":[\"WebPage\",\"ItemPage\"],\"@id\":\"https:\/\/btektech.com\/tr\/product\/cift-telli-hortum-kelepcesi\/\",\"url\":\"https:\/\/btektech.com\/tr\/product\/cift-telli-hortum-kelepcesi\/\",\"name\":\"\u00c7ift Telli Hortum Kelep\u00e7esi - Btektech\",\"isPartOf\":{\"@id\":\"https:\/\/btektech.com\/#website\"},\"primaryImageOfPage\":{\"@id\":\"https:\/\/btektech.com\/tr\/product\/cift-telli-hortum-kelepcesi\/#primaryimage\"},\"image\":{\"@id\":\"https:\/\/btektech.com\/tr\/product\/cift-telli-hortum-kelepcesi\/#primaryimage\"},\"thumbnailUrl\":\"https:\/\/btektech.com\/wp-content\/uploads\/2021\/09\/double-wire-202109231808.jpg-1.webp\",\"datePublished\":\"2022-04-25T08:57:41+00:00\",\"dateModified\":\"2022-11-21T02:22:52+00:00\",\"description\":\"\u00c7ift \u00e7elik tel hortum kelep\u00e7esi, g\u00fc\u00e7l\u00fc hortum kelep\u00e7esi ile ayn\u0131 kal\u0131r, her ikisi de vida ve somunlar\u0131n \u00fc\u00e7gen di\u015fli iletim prensibini kullan\u0131r, \u00e7ift \u00e7elik tel hortum kelep\u00e7esinin malzeme se\u00e7imi daha kat\u0131d\u0131r.\",\"breadcrumb\":{\"@id\":\"https:\/\/btektech.com\/tr\/product\/cift-telli-hortum-kelepcesi\/#breadcrumb\"},\"inLanguage\":\"tr\",\"potentialAction\":[{\"@type\":\"ReadAction\",\"target\":[\"https:\/\/btektech.com\/tr\/product\/cift-telli-hortum-kelepcesi\/\"]}]},{\"@type\":\"ImageObject\",\"inLanguage\":\"tr\",\"@id\":\"https:\/\/btektech.com\/tr\/product\/cift-telli-hortum-kelepcesi\/#primaryimage\",\"url\":\"https:\/\/btektech.com\/wp-content\/uploads\/2021\/09\/double-wire-202109231808.jpg-1.webp\",\"contentUrl\":\"https:\/\/btektech.com\/wp-content\/uploads\/2021\/09\/double-wire-202109231808.jpg-1.webp\",\"width\":272,\"height\":272,\"caption\":\"\u00c7ift Telli Hortum Kelep\u00e7esi\"},{\"@type\":\"BreadcrumbList\",\"@id\":\"https:\/\/btektech.com\/tr\/product\/cift-telli-hortum-kelepcesi\/#breadcrumb\",\"itemListElement\":[{\"@type\":\"ListItem\",\"position\":1,\"name\":\"Home\",\"item\":\"https:\/\/btektech.com\/tr\/home-2\/\"},{\"@type\":\"ListItem\",\"position\":2,\"name\":\"\u00dcr\u00fcnler\",\"item\":\"https:\/\/btektech.com\/tr\/shop\/\"},{\"@type\":\"ListItem\",\"position\":3,\"name\":\"Heavy-Duty &amp; Industrial Hose Clamps\",\"item\":\"https:\/\/btektech.com\/product-category\/heavy-duty-and-industrial-hose-clamps\/\"},{\"@type\":\"ListItem\",\"position\":4,\"name\":\"\u00c7ift Telli Hortum Kelep\u00e7esi\"}]},{\"@type\":\"WebSite\",\"@id\":\"https:\/\/btektech.com\/#website\",\"url\":\"https:\/\/btektech.com\/\",\"name\":\"Btektech\",\"description\":\"\",\"publisher\":{\"@id\":\"https:\/\/btektech.com\/#organization\"},\"potentialAction\":[{\"@type\":\"SearchAction\",\"target\":{\"@type\":\"EntryPoint\",\"urlTemplate\":\"https:\/\/btektech.com\/?s={search_term_string}\"},\"query-input\":{\"@type\":\"PropertyValueSpecification\",\"valueRequired\":true,\"valueName\":\"search_term_string\"}}],\"inLanguage\":\"tr\"},{\"@type\":\"Organization\",\"@id\":\"https:\/\/btektech.com\/#organization\",\"name\":\"Btektech\",\"url\":\"https:\/\/btektech.com\/\",\"logo\":{\"@type\":\"ImageObject\",\"inLanguage\":\"tr\",\"@id\":\"https:\/\/btektech.com\/#\/schema\/logo\/image\/\",\"url\":\"https:\/\/btektech.com\/wp-content\/uploads\/2021\/08\/btektech-logo.png\",\"contentUrl\":\"https:\/\/btektech.com\/wp-content\/uploads\/2021\/08\/btektech-logo.png\",\"width\":250,\"height\":114,\"caption\":\"Btektech\"},\"image\":{\"@id\":\"https:\/\/btektech.com\/#\/schema\/logo\/image\/\"},\"sameAs\":[\"https:\/\/x.com\/Btektech1\",\"https:\/\/www.instagram.com\/btektech\/\",\"https:\/\/www.linkedin.com\/company\/suzhou-baotailong-electronic-materials-co-ltd\/\",\"https:\/\/www.pinterest.com\/btektech\/_saved\/\",\"https:\/\/www.youtube.com\/channel\/UCBiw4Bc4CmQDrdo-QqyVTqQ\"]}]}<\/script>\n<!-- \/ Yoast SEO plugin. -->","yoast_head_json":{"title":"\u00c7ift Telli Hortum Kelep\u00e7esi - Btektech","description":"\u00c7ift \u00e7elik tel hortum kelep\u00e7esi, g\u00fc\u00e7l\u00fc hortum kelep\u00e7esi ile ayn\u0131 kal\u0131r, her ikisi de vida ve somunlar\u0131n \u00fc\u00e7gen di\u015fli iletim prensibini kullan\u0131r, \u00e7ift \u00e7elik tel hortum kelep\u00e7esinin malzeme se\u00e7imi daha kat\u0131d\u0131r.","robots":{"index":"index","follow":"follow","max-snippet":"max-snippet:-1","max-image-preview":"max-image-preview:large","max-video-preview":"max-video-preview:-1"},"canonical":"https:\/\/btektech.com\/tr\/product\/cift-telli-hortum-kelepcesi\/","og_locale":"tr_TR","og_type":"article","og_title":"\u00c7ift Telli Hortum Kelep\u00e7esi - Btektech","og_description":"\u00c7ift \u00e7elik tel hortum kelep\u00e7esi, g\u00fc\u00e7l\u00fc hortum kelep\u00e7esi ile ayn\u0131 kal\u0131r, her ikisi de vida ve somunlar\u0131n \u00fc\u00e7gen di\u015fli iletim prensibini kullan\u0131r, \u00e7ift \u00e7elik tel hortum kelep\u00e7esinin malzeme se\u00e7imi daha kat\u0131d\u0131r.","og_url":"https:\/\/btektech.com\/tr\/product\/cift-telli-hortum-kelepcesi\/","og_site_name":"Btektech","article_modified_time":"2022-11-21T02:22:52+00:00","og_image":[{"width":272,"height":272,"url":"https:\/\/btektech.com\/wp-content\/uploads\/2021\/09\/double-wire-202109231808.jpg-1.webp","type":"image\/webp"}],"twitter_card":"summary_large_image","twitter_site":"@Btektech1","twitter_misc":{"Tahmini okuma s\u00fcresi":"1 dakika"},"schema":{"@context":"https:\/\/schema.org","@graph":[{"@type":["WebPage","ItemPage"],"@id":"https:\/\/btektech.com\/tr\/product\/cift-telli-hortum-kelepcesi\/","url":"https:\/\/btektech.com\/tr\/product\/cift-telli-hortum-kelepcesi\/","name":"\u00c7ift Telli Hortum Kelep\u00e7esi - Btektech","isPartOf":{"@id":"https:\/\/btektech.com\/#website"},"primaryImageOfPage":{"@id":"https:\/\/btektech.com\/tr\/product\/cift-telli-hortum-kelepcesi\/#primaryimage"},"image":{"@id":"https:\/\/btektech.com\/tr\/product\/cift-telli-hortum-kelepcesi\/#primaryimage"},"thumbnailUrl":"https:\/\/btektech.com\/wp-content\/uploads\/2021\/09\/double-wire-202109231808.jpg-1.webp","datePublished":"2022-04-25T08:57:41+00:00","dateModified":"2022-11-21T02:22:52+00:00","description":"\u00c7ift \u00e7elik tel hortum kelep\u00e7esi, g\u00fc\u00e7l\u00fc hortum kelep\u00e7esi ile ayn\u0131 kal\u0131r, her ikisi de vida ve somunlar\u0131n \u00fc\u00e7gen di\u015fli iletim prensibini kullan\u0131r, \u00e7ift \u00e7elik tel hortum kelep\u00e7esinin malzeme se\u00e7imi daha kat\u0131d\u0131r.","breadcrumb":{"@id":"https:\/\/btektech.com\/tr\/product\/cift-telli-hortum-kelepcesi\/#breadcrumb"},"inLanguage":"tr","potentialAction":[{"@type":"ReadAction","target":["https:\/\/btektech.com\/tr\/product\/cift-telli-hortum-kelepcesi\/"]}]},{"@type":"ImageObject","inLanguage":"tr","@id":"https:\/\/btektech.com\/tr\/product\/cift-telli-hortum-kelepcesi\/#primaryimage","url":"https:\/\/btektech.com\/wp-content\/uploads\/2021\/09\/double-wire-202109231808.jpg-1.webp","contentUrl":"https:\/\/btektech.com\/wp-content\/uploads\/2021\/09\/double-wire-202109231808.jpg-1.webp","width":272,"height":272,"caption":"\u00c7ift Telli Hortum Kelep\u00e7esi"},{"@type":"BreadcrumbList","@id":"https:\/\/btektech.com\/tr\/product\/cift-telli-hortum-kelepcesi\/#breadcrumb","itemListElement":[{"@type":"ListItem","position":1,"name":"Home","item":"https:\/\/btektech.com\/tr\/home-2\/"},{"@type":"ListItem","position":2,"name":"\u00dcr\u00fcnler","item":"https:\/\/btektech.com\/tr\/shop\/"},{"@type":"ListItem","position":3,"name":"Heavy-Duty &amp; Industrial Hose Clamps","item":"https:\/\/btektech.com\/product-category\/heavy-duty-and-industrial-hose-clamps\/"},{"@type":"ListItem","position":4,"name":"\u00c7ift Telli Hortum Kelep\u00e7esi"}]},{"@type":"WebSite","@id":"https:\/\/btektech.com\/#website","url":"https:\/\/btektech.com\/","name":"Btektech","description":"","publisher":{"@id":"https:\/\/btektech.com\/#organization"},"potentialAction":[{"@type":"SearchAction","target":{"@type":"EntryPoint","urlTemplate":"https:\/\/btektech.com\/?s={search_term_string}"},"query-input":{"@type":"PropertyValueSpecification","valueRequired":true,"valueName":"search_term_string"}}],"inLanguage":"tr"},{"@type":"Organization","@id":"https:\/\/btektech.com\/#organization","name":"Btektech","url":"https:\/\/btektech.com\/","logo":{"@type":"ImageObject","inLanguage":"tr","@id":"https:\/\/btektech.com\/#\/schema\/logo\/image\/","url":"https:\/\/btektech.com\/wp-content\/uploads\/2021\/08\/btektech-logo.png","contentUrl":"https:\/\/btektech.com\/wp-content\/uploads\/2021\/08\/btektech-logo.png","width":250,"height":114,"caption":"Btektech"},"image":{"@id":"https:\/\/btektech.com\/#\/schema\/logo\/image\/"},"sameAs":["https:\/\/x.com\/Btektech1","https:\/\/www.instagram.com\/btektech\/","https:\/\/www.linkedin.com\/company\/suzhou-baotailong-electronic-materials-co-ltd\/","https:\/\/www.pinterest.com\/btektech\/_saved\/","https:\/\/www.youtube.com\/channel\/UCBiw4Bc4CmQDrdo-QqyVTqQ"]}]}},"_links":{"self":[{"href":"https:\/\/btektech.com\/tr\/wp-json\/wp\/v2\/product\/5332","targetHints":{"allow":["GET"]}}],"collection":[{"href":"https:\/\/btektech.com\/tr\/wp-json\/wp\/v2\/product"}],"about":[{"href":"https:\/\/btektech.com\/tr\/wp-json\/wp\/v2\/types\/product"}],"replies":[{"embeddable":true,"href":"https:\/\/btektech.com\/tr\/wp-json\/wp\/v2\/comments?post=5332"}],"version-history":[{"count":0,"href":"https:\/\/btektech.com\/tr\/wp-json\/wp\/v2\/product\/5332\/revisions"}],"wp:featuredmedia":[{"embeddable":true,"href":"https:\/\/btektech.com\/tr\/wp-json\/wp\/v2\/media\/6033"}],"wp:attachment":[{"href":"https:\/\/btektech.com\/tr\/wp-json\/wp\/v2\/media?parent=5332"}],"wp:term":[{"taxonomy":"product_brand","embeddable":true,"href":"https:\/\/btektech.com\/tr\/wp-json\/wp\/v2\/product_brand?post=5332"},{"taxonomy":"product_cat","embeddable":true,"href":"https:\/\/btektech.com\/tr\/wp-json\/wp\/v2\/product_cat?post=5332"},{"taxonomy":"product_tag","embeddable":true,"href":"https:\/\/btektech.com\/tr\/wp-json\/wp\/v2\/product_tag?post=5332"}],"curies":[{"name":"wp","href":"https:\/\/api.w.org\/{rel}","templated":true}]}}