{"id":5331,"date":"2021-09-15T10:17:54","date_gmt":"2022-04-25T08:57:41","guid":{"rendered":"https:\/\/btektech.com\/product\/tek-kulak-entegre-kelepce\/"},"modified":"2022-11-21T02:32:34","modified_gmt":"2022-11-21T02:32:34","slug":"tek-kulak-entegre-kelepce","status":"publish","type":"product","link":"https:\/\/btektech.com\/tr\/product\/tek-kulak-entegre-kelepce\/","title":{"rendered":"Tek Kulak Entegre Kelep\u00e7e"},"content":{"rendered":"<p>K\u00fc\u00e7\u00fck par\u00e7alar i\u00e7in uygun kompakt entegre tasar\u0131m sa\u011flam ve g\u00fcvenilir ba\u011flant\u0131. \u00c7apaks\u0131z kenarlar i\u015f par\u00e7as\u0131n\u0131n hasar g\u00f6rme riskini azalt\u0131r.<\/p>\n<div style=\"text-align: center;\">\n<img fetchpriority=\"high\" decoding=\"async\" class=\"alignnone size-full wp-image-2338\" src=\"https:\/\/btektech.com\/wp-content\/uploads\/2021\/09\/2021-09-15-174740.jpg\" alt=\"\" width=\"296\" height=\"195\">\n<\/div>\n<div style=\"overflow: auto;\">\n<table style=\"border-collapse: collapse; text-align: center;\" border=\"0\"  cellspacing=\"0\" cellpadding=\"0\">\n<tbody>\n<tr>\n<th>\u015eartname<\/th>\n<th>Geni\u015flik<\/th>\n<th>kal\u0131nl\u0131k<\/th>\n<th>kulak geni\u015fli\u011fi<\/th>\n<\/tr>\n<tr>\n<td>5.5-6.6<\/td>\n<td>5<\/td>\n<td>0.6<\/td>\n<td>3.2<\/td>\n<\/tr>\n<tr>\n<td>6.0-7.0<\/td>\n<td>5<\/td>\n<td>0.6<\/td>\n<td>3<\/td>\n<\/tr>\n<tr>\n<td>6.3-7.5<\/td>\n<td>5<\/td>\n<td>0.6<\/td>\n<td>3.5<\/td>\n<\/tr>\n<tr>\n<td>6.7-8.0<\/td>\n<td>5<\/td>\n<td>0.6<\/td>\n<td>4<\/td>\n<\/tr>\n<tr>\n<td>7.4-8.7<\/td>\n<td>5<\/td>\n<td>0.6<\/td>\n<td>4<\/td>\n<\/tr>\n<tr>\n<td>7.4-9.0<\/td>\n<td>5<\/td>\n<td>0.6<\/td>\n<td>5<\/td>\n<\/tr>\n<tr>\n<td>7.9-9.5<\/td>\n<td>5<\/td>\n<td>0.6<\/td>\n<td>5<\/td>\n<\/tr>\n<tr>\n<td>8.4-10.0<\/td>\n<td>5<\/td>\n<td>0.6<\/td>\n<td>5<\/td>\n<\/tr>\n<tr>\n<td>8.7-10.5<\/td>\n<td>5<\/td>\n<td>0.6<\/td>\n<td>5<\/td>\n<\/tr>\n<tr>\n<td>9.5-11.3<\/td>\n<td>7<\/td>\n<td>0.7<\/td>\n<td>5.5<\/td>\n<\/tr>\n<tr>\n<td>10.2-12.0<\/td>\n<td>7<\/td>\n<td>0.7<\/td>\n<td>5.5<\/td>\n<\/tr>\n<tr>\n<td>10.2-12.3<\/td>\n<td>7<\/td>\n<td>0.7<\/td>\n<td>6.5<\/td>\n<\/tr>\n<tr>\n<td>10.7-12.8<\/td>\n<td>7<\/td>\n<td>0.7<\/td>\n<td>6.5<\/td>\n<\/tr>\n<tr>\n<td>11.2-13.3<\/td>\n<td>7<\/td>\n<td>0.7<\/td>\n<td>6.5<\/td>\n<\/tr>\n<tr>\n<td>11.7-13.8<\/td>\n<td>7<\/td>\n<td>0.7<\/td>\n<td>6.5<\/td>\n<\/tr>\n<tr>\n<td>11.9-14.0<\/td>\n<td>7<\/td>\n<td>0.7<\/td>\n<td>6.5<\/td>\n<\/tr>\n<tr>\n<td>12.4-14.5<\/td>\n<td>7<\/td>\n<td>0.7<\/td>\n<td>6.5<\/td>\n<\/tr>\n<tr>\n<td>14.3-15.5<\/td>\n<td>7<\/td>\n<td>0.7<\/td>\n<td>6.5<\/td>\n<\/tr>\n<tr>\n<td>13.7-16.0<\/td>\n<td>7<\/td>\n<td>0.7<\/td>\n<td>7<\/td>\n<\/tr>\n<tr>\n<td>14.5-16.8<\/td>\n<td>7<\/td>\n<td>0.7<\/td>\n<td>7<\/td>\n<\/tr>\n<tr>\n<td>15.2-17.5<\/td>\n<td>7<\/td>\n<td>0.7<\/td>\n<td>7<\/td>\n<\/tr>\n<tr>\n<td>16.2-18.5<\/td>\n<td>7<\/td>\n<td>0.7<\/td>\n<td>7<\/td>\n<\/tr>\n<tr>\n<td>16.9-19.2<\/td>\n<td>7<\/td>\n<td>0.7<\/td>\n<td>7<\/td>\n<\/tr>\n<\/tbody>\n<\/table>\n<\/div>\n","protected":false},"excerpt":{"rendered":"<p>H\u0131zl\u0131 ve kurulumu kolay g\u00f6rsel kurulum efekti.<\/p>\n","protected":false},"featured_media":2342,"comment_status":"open","ping_status":"closed","template":"","meta":{"_acf_changed":false},"product_brand":[],"product_cat":[138],"product_tag":[],"class_list":{"0":"post-5331","1":"product","2":"type-product","3":"status-publish","4":"has-post-thumbnail","6":"product_cat-hortum-kelepceleri","8":"first","9":"instock","10":"shipping-taxable","11":"product-type-simple"},"acf":[],"yoast_head":"<!-- This site is optimized with the Yoast SEO plugin v26.0 - https:\/\/yoast.com\/wordpress\/plugins\/seo\/ -->\n<title>Tek Kulak Entegre Kelep\u00e7e - Btektech<\/title>\n<meta name=\"description\" content=\"K\u00fc\u00e7\u00fck par\u00e7alar i\u00e7in uygun kompakt entegre tasar\u0131m sa\u011flam ve g\u00fcvenilir ba\u011flant\u0131. \u00c7apaks\u0131z kenarlar i\u015f par\u00e7as\u0131n\u0131n hasar g\u00f6rme riskini azalt\u0131r.\" \/>\n<meta name=\"robots\" content=\"index, follow, max-snippet:-1, max-image-preview:large, max-video-preview:-1\" \/>\n<link rel=\"canonical\" href=\"https:\/\/btektech.com\/tr\/product\/tek-kulak-entegre-kelepce\/\" \/>\n<meta property=\"og:locale\" content=\"tr_TR\" \/>\n<meta property=\"og:type\" content=\"article\" \/>\n<meta property=\"og:title\" content=\"Tek Kulak Entegre Kelep\u00e7e - Btektech\" \/>\n<meta property=\"og:description\" content=\"K\u00fc\u00e7\u00fck par\u00e7alar i\u00e7in uygun kompakt entegre tasar\u0131m sa\u011flam ve g\u00fcvenilir ba\u011flant\u0131. \u00c7apaks\u0131z kenarlar i\u015f par\u00e7as\u0131n\u0131n hasar g\u00f6rme riskini azalt\u0131r.\" \/>\n<meta property=\"og:url\" content=\"https:\/\/btektech.com\/tr\/product\/tek-kulak-entegre-kelepce\/\" \/>\n<meta property=\"og:site_name\" content=\"Btektech\" \/>\n<meta property=\"article:modified_time\" content=\"2022-11-21T02:32:34+00:00\" \/>\n<meta property=\"og:image\" content=\"https:\/\/btektech.com\/wp-content\/uploads\/2021\/09\/20210915180554.jpg\" \/>\n\t<meta property=\"og:image:width\" content=\"800\" \/>\n\t<meta property=\"og:image:height\" content=\"800\" \/>\n\t<meta property=\"og:image:type\" content=\"image\/jpeg\" \/>\n<meta name=\"twitter:card\" content=\"summary_large_image\" \/>\n<meta name=\"twitter:site\" content=\"@Btektech1\" \/>\n<meta name=\"twitter:label1\" content=\"Tahmini okuma s\u00fcresi\" \/>\n\t<meta name=\"twitter:data1\" content=\"1 dakika\" \/>\n<script type=\"application\/ld+json\" class=\"yoast-schema-graph\">{\"@context\":\"https:\/\/schema.org\",\"@graph\":[{\"@type\":[\"WebPage\",\"ItemPage\"],\"@id\":\"https:\/\/btektech.com\/tr\/product\/tek-kulak-entegre-kelepce\/\",\"url\":\"https:\/\/btektech.com\/tr\/product\/tek-kulak-entegre-kelepce\/\",\"name\":\"Tek Kulak Entegre Kelep\u00e7e - Btektech\",\"isPartOf\":{\"@id\":\"https:\/\/btektech.com\/#website\"},\"primaryImageOfPage\":{\"@id\":\"https:\/\/btektech.com\/tr\/product\/tek-kulak-entegre-kelepce\/#primaryimage\"},\"image\":{\"@id\":\"https:\/\/btektech.com\/tr\/product\/tek-kulak-entegre-kelepce\/#primaryimage\"},\"thumbnailUrl\":\"https:\/\/btektech.com\/wp-content\/uploads\/2021\/09\/20210915180554.jpg\",\"datePublished\":\"2022-04-25T08:57:41+00:00\",\"dateModified\":\"2022-11-21T02:32:34+00:00\",\"description\":\"K\u00fc\u00e7\u00fck par\u00e7alar i\u00e7in uygun kompakt entegre tasar\u0131m sa\u011flam ve g\u00fcvenilir ba\u011flant\u0131. \u00c7apaks\u0131z kenarlar i\u015f par\u00e7as\u0131n\u0131n hasar g\u00f6rme riskini azalt\u0131r.\",\"breadcrumb\":{\"@id\":\"https:\/\/btektech.com\/tr\/product\/tek-kulak-entegre-kelepce\/#breadcrumb\"},\"inLanguage\":\"tr\",\"potentialAction\":[{\"@type\":\"ReadAction\",\"target\":[\"https:\/\/btektech.com\/tr\/product\/tek-kulak-entegre-kelepce\/\"]}]},{\"@type\":\"ImageObject\",\"inLanguage\":\"tr\",\"@id\":\"https:\/\/btektech.com\/tr\/product\/tek-kulak-entegre-kelepce\/#primaryimage\",\"url\":\"https:\/\/btektech.com\/wp-content\/uploads\/2021\/09\/20210915180554.jpg\",\"contentUrl\":\"https:\/\/btektech.com\/wp-content\/uploads\/2021\/09\/20210915180554.jpg\",\"width\":800,\"height\":800,\"caption\":\"Tek Kulak Entegre Kelep\u00e7e\"},{\"@type\":\"BreadcrumbList\",\"@id\":\"https:\/\/btektech.com\/tr\/product\/tek-kulak-entegre-kelepce\/#breadcrumb\",\"itemListElement\":[{\"@type\":\"ListItem\",\"position\":1,\"name\":\"Home\",\"item\":\"https:\/\/btektech.com\/tr\/\"},{\"@type\":\"ListItem\",\"position\":2,\"name\":\"\u00dcr\u00fcnler\",\"item\":\"https:\/\/btektech.com\/tr\/shop\/\"},{\"@type\":\"ListItem\",\"position\":3,\"name\":\"Heavy-Duty &amp; Industrial Hose Clamps\",\"item\":\"https:\/\/btektech.com\/product-category\/heavy-duty-and-industrial-hose-clamps\/\"},{\"@type\":\"ListItem\",\"position\":4,\"name\":\"Tek Kulak Entegre Kelep\u00e7e\"}]},{\"@type\":\"WebSite\",\"@id\":\"https:\/\/btektech.com\/#website\",\"url\":\"https:\/\/btektech.com\/\",\"name\":\"Btektech\",\"description\":\"\",\"publisher\":{\"@id\":\"https:\/\/btektech.com\/#organization\"},\"potentialAction\":[{\"@type\":\"SearchAction\",\"target\":{\"@type\":\"EntryPoint\",\"urlTemplate\":\"https:\/\/btektech.com\/?s={search_term_string}\"},\"query-input\":{\"@type\":\"PropertyValueSpecification\",\"valueRequired\":true,\"valueName\":\"search_term_string\"}}],\"inLanguage\":\"tr\"},{\"@type\":\"Organization\",\"@id\":\"https:\/\/btektech.com\/#organization\",\"name\":\"Btektech\",\"url\":\"https:\/\/btektech.com\/\",\"logo\":{\"@type\":\"ImageObject\",\"inLanguage\":\"tr\",\"@id\":\"https:\/\/btektech.com\/#\/schema\/logo\/image\/\",\"url\":\"https:\/\/btektech.com\/wp-content\/uploads\/2021\/08\/btektech-logo.png\",\"contentUrl\":\"https:\/\/btektech.com\/wp-content\/uploads\/2021\/08\/btektech-logo.png\",\"width\":250,\"height\":114,\"caption\":\"Btektech\"},\"image\":{\"@id\":\"https:\/\/btektech.com\/#\/schema\/logo\/image\/\"},\"sameAs\":[\"https:\/\/x.com\/Btektech1\",\"https:\/\/www.instagram.com\/btektech\/\",\"https:\/\/www.linkedin.com\/company\/suzhou-baotailong-electronic-materials-co-ltd\/\",\"https:\/\/www.pinterest.com\/btektech\/_saved\/\",\"https:\/\/www.youtube.com\/channel\/UCBiw4Bc4CmQDrdo-QqyVTqQ\"]}]}<\/script>\n<!-- \/ Yoast SEO plugin. -->","yoast_head_json":{"title":"Tek Kulak Entegre Kelep\u00e7e - Btektech","description":"K\u00fc\u00e7\u00fck par\u00e7alar i\u00e7in uygun kompakt entegre tasar\u0131m sa\u011flam ve g\u00fcvenilir ba\u011flant\u0131. \u00c7apaks\u0131z kenarlar i\u015f par\u00e7as\u0131n\u0131n hasar g\u00f6rme riskini azalt\u0131r.","robots":{"index":"index","follow":"follow","max-snippet":"max-snippet:-1","max-image-preview":"max-image-preview:large","max-video-preview":"max-video-preview:-1"},"canonical":"https:\/\/btektech.com\/tr\/product\/tek-kulak-entegre-kelepce\/","og_locale":"tr_TR","og_type":"article","og_title":"Tek Kulak Entegre Kelep\u00e7e - Btektech","og_description":"K\u00fc\u00e7\u00fck par\u00e7alar i\u00e7in uygun kompakt entegre tasar\u0131m sa\u011flam ve g\u00fcvenilir ba\u011flant\u0131. \u00c7apaks\u0131z kenarlar i\u015f par\u00e7as\u0131n\u0131n hasar g\u00f6rme riskini azalt\u0131r.","og_url":"https:\/\/btektech.com\/tr\/product\/tek-kulak-entegre-kelepce\/","og_site_name":"Btektech","article_modified_time":"2022-11-21T02:32:34+00:00","og_image":[{"width":800,"height":800,"url":"https:\/\/btektech.com\/wp-content\/uploads\/2021\/09\/20210915180554.jpg","type":"image\/jpeg"}],"twitter_card":"summary_large_image","twitter_site":"@Btektech1","twitter_misc":{"Tahmini okuma s\u00fcresi":"1 dakika"},"schema":{"@context":"https:\/\/schema.org","@graph":[{"@type":["WebPage","ItemPage"],"@id":"https:\/\/btektech.com\/tr\/product\/tek-kulak-entegre-kelepce\/","url":"https:\/\/btektech.com\/tr\/product\/tek-kulak-entegre-kelepce\/","name":"Tek Kulak Entegre Kelep\u00e7e - Btektech","isPartOf":{"@id":"https:\/\/btektech.com\/#website"},"primaryImageOfPage":{"@id":"https:\/\/btektech.com\/tr\/product\/tek-kulak-entegre-kelepce\/#primaryimage"},"image":{"@id":"https:\/\/btektech.com\/tr\/product\/tek-kulak-entegre-kelepce\/#primaryimage"},"thumbnailUrl":"https:\/\/btektech.com\/wp-content\/uploads\/2021\/09\/20210915180554.jpg","datePublished":"2022-04-25T08:57:41+00:00","dateModified":"2022-11-21T02:32:34+00:00","description":"K\u00fc\u00e7\u00fck par\u00e7alar i\u00e7in uygun kompakt entegre tasar\u0131m sa\u011flam ve g\u00fcvenilir ba\u011flant\u0131. \u00c7apaks\u0131z kenarlar i\u015f par\u00e7as\u0131n\u0131n hasar g\u00f6rme riskini azalt\u0131r.","breadcrumb":{"@id":"https:\/\/btektech.com\/tr\/product\/tek-kulak-entegre-kelepce\/#breadcrumb"},"inLanguage":"tr","potentialAction":[{"@type":"ReadAction","target":["https:\/\/btektech.com\/tr\/product\/tek-kulak-entegre-kelepce\/"]}]},{"@type":"ImageObject","inLanguage":"tr","@id":"https:\/\/btektech.com\/tr\/product\/tek-kulak-entegre-kelepce\/#primaryimage","url":"https:\/\/btektech.com\/wp-content\/uploads\/2021\/09\/20210915180554.jpg","contentUrl":"https:\/\/btektech.com\/wp-content\/uploads\/2021\/09\/20210915180554.jpg","width":800,"height":800,"caption":"Tek Kulak Entegre Kelep\u00e7e"},{"@type":"BreadcrumbList","@id":"https:\/\/btektech.com\/tr\/product\/tek-kulak-entegre-kelepce\/#breadcrumb","itemListElement":[{"@type":"ListItem","position":1,"name":"Home","item":"https:\/\/btektech.com\/tr\/"},{"@type":"ListItem","position":2,"name":"\u00dcr\u00fcnler","item":"https:\/\/btektech.com\/tr\/shop\/"},{"@type":"ListItem","position":3,"name":"Heavy-Duty &amp; Industrial Hose Clamps","item":"https:\/\/btektech.com\/product-category\/heavy-duty-and-industrial-hose-clamps\/"},{"@type":"ListItem","position":4,"name":"Tek Kulak Entegre Kelep\u00e7e"}]},{"@type":"WebSite","@id":"https:\/\/btektech.com\/#website","url":"https:\/\/btektech.com\/","name":"Btektech","description":"","publisher":{"@id":"https:\/\/btektech.com\/#organization"},"potentialAction":[{"@type":"SearchAction","target":{"@type":"EntryPoint","urlTemplate":"https:\/\/btektech.com\/?s={search_term_string}"},"query-input":{"@type":"PropertyValueSpecification","valueRequired":true,"valueName":"search_term_string"}}],"inLanguage":"tr"},{"@type":"Organization","@id":"https:\/\/btektech.com\/#organization","name":"Btektech","url":"https:\/\/btektech.com\/","logo":{"@type":"ImageObject","inLanguage":"tr","@id":"https:\/\/btektech.com\/#\/schema\/logo\/image\/","url":"https:\/\/btektech.com\/wp-content\/uploads\/2021\/08\/btektech-logo.png","contentUrl":"https:\/\/btektech.com\/wp-content\/uploads\/2021\/08\/btektech-logo.png","width":250,"height":114,"caption":"Btektech"},"image":{"@id":"https:\/\/btektech.com\/#\/schema\/logo\/image\/"},"sameAs":["https:\/\/x.com\/Btektech1","https:\/\/www.instagram.com\/btektech\/","https:\/\/www.linkedin.com\/company\/suzhou-baotailong-electronic-materials-co-ltd\/","https:\/\/www.pinterest.com\/btektech\/_saved\/","https:\/\/www.youtube.com\/channel\/UCBiw4Bc4CmQDrdo-QqyVTqQ"]}]}},"_links":{"self":[{"href":"https:\/\/btektech.com\/tr\/wp-json\/wp\/v2\/product\/5331","targetHints":{"allow":["GET"]}}],"collection":[{"href":"https:\/\/btektech.com\/tr\/wp-json\/wp\/v2\/product"}],"about":[{"href":"https:\/\/btektech.com\/tr\/wp-json\/wp\/v2\/types\/product"}],"replies":[{"embeddable":true,"href":"https:\/\/btektech.com\/tr\/wp-json\/wp\/v2\/comments?post=5331"}],"version-history":[{"count":0,"href":"https:\/\/btektech.com\/tr\/wp-json\/wp\/v2\/product\/5331\/revisions"}],"wp:featuredmedia":[{"embeddable":true,"href":"https:\/\/btektech.com\/tr\/wp-json\/wp\/v2\/media\/2342"}],"wp:attachment":[{"href":"https:\/\/btektech.com\/tr\/wp-json\/wp\/v2\/media?parent=5331"}],"wp:term":[{"taxonomy":"product_brand","embeddable":true,"href":"https:\/\/btektech.com\/tr\/wp-json\/wp\/v2\/product_brand?post=5331"},{"taxonomy":"product_cat","embeddable":true,"href":"https:\/\/btektech.com\/tr\/wp-json\/wp\/v2\/product_cat?post=5331"},{"taxonomy":"product_tag","embeddable":true,"href":"https:\/\/btektech.com\/tr\/wp-json\/wp\/v2\/product_tag?post=5331"}],"curies":[{"name":"wp","href":"https:\/\/api.w.org\/{rel}","templated":true}]}}