{"id":5330,"date":"2021-09-17T09:39:15","date_gmt":"2022-04-25T08:57:39","guid":{"rendered":"https:\/\/btektech.com\/product\/ingiliz-hortum-kelepcesi\/"},"modified":"2022-11-21T02:27:04","modified_gmt":"2022-11-21T02:27:04","slug":"ingiliz-hortum-kelepcesi","status":"publish","type":"product","link":"https:\/\/btektech.com\/tr\/product\/ingiliz-hortum-kelepcesi\/","title":{"rendered":"\u0130ngiliz Hortum Kelep\u00e7esi"},"content":{"rendered":"<p>\u0130ngiliz hortum kelep\u00e7esi, en g\u00fcvenli ve en g\u00fcvenilir kelep\u00e7e olan y\u00fcksek s\u0131k\u0131\u015ft\u0131rma kuvvetine ve y\u00fcksek k\u0131rma torkuna sahiptir. \u0130ngiliz hortum kelep\u00e7esi \u00e7elik kay\u0131\u015f\u0131, t\u00fcrbin girdap kelep\u00e7esi ailesinin en kal\u0131n\u0131 olan 1 mm kal\u0131nl\u0131\u011fa sahiptir. G\u00fc\u00e7l\u00fc \u00e7ember, \u00e7e\u015fitli a\u011f\u0131r hizmet tipi y\u00fcksek bas\u0131n\u00e7l\u0131 su yollar\u0131 i\u00e7in ilk tercihtir!<\/p>\n<div style=\"text-align: center;\">\n<img fetchpriority=\"high\" decoding=\"async\" class=\"alignnone size-medium wp-image-2402\" src=\"https:\/\/btektech.com\/wp-content\/uploads\/2021\/09\/British-11.7mm-300x215.jpg\" alt=\"\" width=\"300\" height=\"215\" srcset=\"https:\/\/btektech.com\/wp-content\/uploads\/2021\/09\/British-11.7mm-300x215.jpg 300w, https:\/\/btektech.com\/wp-content\/uploads\/2021\/09\/British-11.7mm-400x287.jpg 400w, https:\/\/btektech.com\/wp-content\/uploads\/2021\/09\/British-11.7mm.jpg 427w\" sizes=\"(max-width: 300px) 100vw, 300px\" \/>\n<\/div>\n<div style=\"overflow: auto;\">\n<table style=\"border-collapse: collapse; text-align: center;\" border=\"0\"  cellspacing=\"0\" cellpadding=\"0\">\n<tbody>\n<tr>\n<th>Bant geni\u015fli\u011fi(m)<\/th>\n<th>Menzil(mm)<\/th>\n<th>Menzil(in\u00e7)<\/th>\n<th>Kal\u0131nl\u0131k(mm)<\/th>\n<th>Mola torku(Nm)<\/th>\n<\/tr>\n<tr>\n<td>9.7<\/td>\n<td>9-13<\/td>\n<td>3\/8-1\/2&#8243;<\/td>\n<td>1<\/td>\n<td>5Nm<\/td>\n<\/tr>\n<tr>\n<td>9.7<\/td>\n<td>13-16<\/td>\n<td>1\/2-0.629&#8243;<\/td>\n<td>1<\/td>\n<td>5Nm<\/td>\n<\/tr>\n<tr>\n<td>9.7<\/td>\n<td>13-19<\/td>\n<td>1\/2-3\/4&#8243;<\/td>\n<td>1<\/td>\n<td>5Nm<\/td>\n<\/tr>\n<tr>\n<td>11.7<\/td>\n<td>16-22<\/td>\n<td>0.629-7\/8&#8243;<\/td>\n<td>1<\/td>\n<td>5Nm<\/td>\n<\/tr>\n<tr>\n<td>11.7<\/td>\n<td>19-25<\/td>\n<td>3\/4-1&#8243;<\/td>\n<td>1<\/td>\n<td>5Nm<\/td>\n<\/tr>\n<tr>\n<td>11.7<\/td>\n<td>22-29<\/td>\n<td>7\/8-1 1\/4&#8243;<\/td>\n<td>1<\/td>\n<td>7Nm<\/td>\n<\/tr>\n<tr>\n<td>11.7<\/td>\n<td>25-38<\/td>\n<td>1-1 3\/8&#8243;<\/td>\n<td>1<\/td>\n<td>7Nm<\/td>\n<\/tr>\n<tr>\n<td>11.7<\/td>\n<td>28-41<\/td>\n<td>7\/8&#8243;-1.6&#8243;<\/td>\n<td>1<\/td>\n<td>7Nm<\/td>\n<\/tr>\n<tr>\n<td>11.7<\/td>\n<td>31-48<\/td>\n<td>1 1\/4-1.89&#8243;<\/td>\n<td>1<\/td>\n<td>7Nm<\/td>\n<\/tr>\n<tr>\n<td>11.7<\/td>\n<td>38-54<\/td>\n<td>1 1\/2-2 1\/16&#8243;<\/td>\n<td>1<\/td>\n<td>7Nm<\/td>\n<\/tr>\n<tr>\n<td>11.7<\/td>\n<td>44-60<\/td>\n<td>1.737-2.36&#8243;<\/td>\n<td>1<\/td>\n<td>7Nm<\/td>\n<\/tr>\n<tr>\n<td>11.7<\/td>\n<td>50-70<\/td>\n<td>2-2 3\/4&#8243;<\/td>\n<td>1<\/td>\n<td>7Nm<\/td>\n<\/tr>\n<tr>\n<td>11.7<\/td>\n<td>60-80<\/td>\n<td>1.737-3 3\/8&#8243;<\/td>\n<td>1<\/td>\n<td>7Nm<\/td>\n<\/tr>\n<tr>\n<td>11.7<\/td>\n<td>70-90<\/td>\n<td>2 3\/4-3 1\/2&#8243;<\/td>\n<td>1<\/td>\n<td>7Nm<\/td>\n<\/tr>\n<tr>\n<td>11.7<\/td>\n<td>83-102<\/td>\n<td>1.737-4&#8243;<\/td>\n<td>1<\/td>\n<td>7Nm<\/td>\n<\/tr>\n<tr>\n<td>11.7<\/td>\n<td>95-115<\/td>\n<td>3.7-4.52&#8243;<\/td>\n<td>1<\/td>\n<td>7Nm<\/td>\n<\/tr>\n<tr>\n<td>11.7<\/td>\n<td>104-127<\/td>\n<td>4-5&#8243;<\/td>\n<td>1<\/td>\n<td>7Nm<\/td>\n<\/tr>\n<tr>\n<td>11.7<\/td>\n<td>127-146<\/td>\n<td>5-6&#8243;<\/td>\n<td>1<\/td>\n<td>7Nm<\/td>\n<\/tr>\n<\/tbody>\n<\/table>\n<\/div>\n","protected":false},"excerpt":{"rendered":"<p>\u0130ngiliz hortum kelep\u00e7esi \u00f6zel ve sa\u011flam bir \u00e7ember yuva sistemine sahiptir. P\u00fcr\u00fczs\u00fcz bir i\u00e7 \u00e7elik bantl\u0131 ve i\u00e7 y\u00fczeyli haddelenmi\u015f kasnak, yumu\u015fak hortumu a\u015f\u0131nmaya kar\u015f\u0131 etkili bir \u015fekilde koruyabilir.<\/p>\n","protected":false},"featured_media":2414,"comment_status":"open","ping_status":"closed","template":"","meta":{"_acf_changed":false},"product_brand":[],"product_cat":[138],"product_tag":[],"class_list":{"0":"post-5330","1":"product","2":"type-product","3":"status-publish","4":"has-post-thumbnail","6":"product_cat-hortum-kelepceleri","8":"first","9":"instock","10":"shipping-taxable","11":"product-type-simple"},"acf":[],"yoast_head":"<!-- This site is optimized with the Yoast SEO plugin v26.0 - https:\/\/yoast.com\/wordpress\/plugins\/seo\/ -->\n<title>\u0130ngiliz Hortum Kelep\u00e7esi - Btektech<\/title>\n<meta name=\"description\" content=\"\u0130ngiliz hortum kelep\u00e7esi \u00f6zel ve sa\u011flam bir \u00e7ember yuva sistemine sahiptir. P\u00fcr\u00fczs\u00fcz bir i\u00e7 \u00e7elik bantl\u0131 ve i\u00e7 y\u00fczeyli haddelenmi\u015f kasnak, yumu\u015fak hortumu a\u015f\u0131nmaya kar\u015f\u0131 etkili bir \u015fekilde koruyabilir.\" \/>\n<meta name=\"robots\" content=\"index, follow, max-snippet:-1, max-image-preview:large, max-video-preview:-1\" \/>\n<link rel=\"canonical\" href=\"https:\/\/btektech.com\/tr\/product\/ingiliz-hortum-kelepcesi\/\" \/>\n<meta property=\"og:locale\" content=\"tr_TR\" \/>\n<meta property=\"og:type\" content=\"article\" \/>\n<meta property=\"og:title\" content=\"\u0130ngiliz Hortum Kelep\u00e7esi - Btektech\" \/>\n<meta property=\"og:description\" content=\"\u0130ngiliz hortum kelep\u00e7esi \u00f6zel ve sa\u011flam bir \u00e7ember yuva sistemine sahiptir. P\u00fcr\u00fczs\u00fcz bir i\u00e7 \u00e7elik bantl\u0131 ve i\u00e7 y\u00fczeyli haddelenmi\u015f kasnak, yumu\u015fak hortumu a\u015f\u0131nmaya kar\u015f\u0131 etkili bir \u015fekilde koruyabilir.\" \/>\n<meta property=\"og:url\" content=\"https:\/\/btektech.com\/tr\/product\/ingiliz-hortum-kelepcesi\/\" \/>\n<meta property=\"og:site_name\" content=\"Btektech\" \/>\n<meta property=\"article:modified_time\" content=\"2022-11-21T02:27:04+00:00\" \/>\n<meta property=\"og:image\" content=\"https:\/\/btektech.com\/wp-content\/uploads\/2021\/09\/British-20210917144402.jpg\" \/>\n\t<meta property=\"og:image:width\" content=\"800\" \/>\n\t<meta property=\"og:image:height\" content=\"800\" \/>\n\t<meta property=\"og:image:type\" content=\"image\/jpeg\" \/>\n<meta name=\"twitter:card\" content=\"summary_large_image\" \/>\n<meta name=\"twitter:site\" content=\"@Btektech1\" \/>\n<meta name=\"twitter:label1\" content=\"Tahmini okuma s\u00fcresi\" \/>\n\t<meta name=\"twitter:data1\" content=\"1 dakika\" \/>\n<script type=\"application\/ld+json\" class=\"yoast-schema-graph\">{\"@context\":\"https:\/\/schema.org\",\"@graph\":[{\"@type\":[\"WebPage\",\"ItemPage\"],\"@id\":\"https:\/\/btektech.com\/tr\/product\/ingiliz-hortum-kelepcesi\/\",\"url\":\"https:\/\/btektech.com\/tr\/product\/ingiliz-hortum-kelepcesi\/\",\"name\":\"\u0130ngiliz Hortum Kelep\u00e7esi - Btektech\",\"isPartOf\":{\"@id\":\"https:\/\/btektech.com\/#website\"},\"primaryImageOfPage\":{\"@id\":\"https:\/\/btektech.com\/tr\/product\/ingiliz-hortum-kelepcesi\/#primaryimage\"},\"image\":{\"@id\":\"https:\/\/btektech.com\/tr\/product\/ingiliz-hortum-kelepcesi\/#primaryimage\"},\"thumbnailUrl\":\"https:\/\/btektech.com\/wp-content\/uploads\/2021\/09\/British-20210917144402.jpg\",\"datePublished\":\"2022-04-25T08:57:39+00:00\",\"dateModified\":\"2022-11-21T02:27:04+00:00\",\"description\":\"\u0130ngiliz hortum kelep\u00e7esi \u00f6zel ve sa\u011flam bir \u00e7ember yuva sistemine sahiptir. P\u00fcr\u00fczs\u00fcz bir i\u00e7 \u00e7elik bantl\u0131 ve i\u00e7 y\u00fczeyli haddelenmi\u015f kasnak, yumu\u015fak hortumu a\u015f\u0131nmaya kar\u015f\u0131 etkili bir \u015fekilde koruyabilir.\",\"breadcrumb\":{\"@id\":\"https:\/\/btektech.com\/tr\/product\/ingiliz-hortum-kelepcesi\/#breadcrumb\"},\"inLanguage\":\"tr\",\"potentialAction\":[{\"@type\":\"ReadAction\",\"target\":[\"https:\/\/btektech.com\/tr\/product\/ingiliz-hortum-kelepcesi\/\"]}]},{\"@type\":\"ImageObject\",\"inLanguage\":\"tr\",\"@id\":\"https:\/\/btektech.com\/tr\/product\/ingiliz-hortum-kelepcesi\/#primaryimage\",\"url\":\"https:\/\/btektech.com\/wp-content\/uploads\/2021\/09\/British-20210917144402.jpg\",\"contentUrl\":\"https:\/\/btektech.com\/wp-content\/uploads\/2021\/09\/British-20210917144402.jpg\",\"width\":800,\"height\":800,\"caption\":\"Britische Schlauchschelle\"},{\"@type\":\"BreadcrumbList\",\"@id\":\"https:\/\/btektech.com\/tr\/product\/ingiliz-hortum-kelepcesi\/#breadcrumb\",\"itemListElement\":[{\"@type\":\"ListItem\",\"position\":1,\"name\":\"Home\",\"item\":\"https:\/\/btektech.com\/tr\/home-2\/\"},{\"@type\":\"ListItem\",\"position\":2,\"name\":\"\u00dcr\u00fcnler\",\"item\":\"https:\/\/btektech.com\/tr\/shop\/\"},{\"@type\":\"ListItem\",\"position\":3,\"name\":\"Heavy-Duty &amp; Industrial Hose Clamps\",\"item\":\"https:\/\/btektech.com\/product-category\/heavy-duty-and-industrial-hose-clamps\/\"},{\"@type\":\"ListItem\",\"position\":4,\"name\":\"\u0130ngiliz Hortum Kelep\u00e7esi\"}]},{\"@type\":\"WebSite\",\"@id\":\"https:\/\/btektech.com\/#website\",\"url\":\"https:\/\/btektech.com\/\",\"name\":\"Btektech\",\"description\":\"\",\"publisher\":{\"@id\":\"https:\/\/btektech.com\/#organization\"},\"potentialAction\":[{\"@type\":\"SearchAction\",\"target\":{\"@type\":\"EntryPoint\",\"urlTemplate\":\"https:\/\/btektech.com\/?s={search_term_string}\"},\"query-input\":{\"@type\":\"PropertyValueSpecification\",\"valueRequired\":true,\"valueName\":\"search_term_string\"}}],\"inLanguage\":\"tr\"},{\"@type\":\"Organization\",\"@id\":\"https:\/\/btektech.com\/#organization\",\"name\":\"Btektech\",\"url\":\"https:\/\/btektech.com\/\",\"logo\":{\"@type\":\"ImageObject\",\"inLanguage\":\"tr\",\"@id\":\"https:\/\/btektech.com\/#\/schema\/logo\/image\/\",\"url\":\"https:\/\/btektech.com\/wp-content\/uploads\/2021\/08\/btektech-logo.png\",\"contentUrl\":\"https:\/\/btektech.com\/wp-content\/uploads\/2021\/08\/btektech-logo.png\",\"width\":250,\"height\":114,\"caption\":\"Btektech\"},\"image\":{\"@id\":\"https:\/\/btektech.com\/#\/schema\/logo\/image\/\"},\"sameAs\":[\"https:\/\/x.com\/Btektech1\",\"https:\/\/www.instagram.com\/btektech\/\",\"https:\/\/www.linkedin.com\/company\/suzhou-baotailong-electronic-materials-co-ltd\/\",\"https:\/\/www.pinterest.com\/btektech\/_saved\/\",\"https:\/\/www.youtube.com\/channel\/UCBiw4Bc4CmQDrdo-QqyVTqQ\"]}]}<\/script>\n<!-- \/ Yoast SEO plugin. -->","yoast_head_json":{"title":"\u0130ngiliz Hortum Kelep\u00e7esi - Btektech","description":"\u0130ngiliz hortum kelep\u00e7esi \u00f6zel ve sa\u011flam bir \u00e7ember yuva sistemine sahiptir. P\u00fcr\u00fczs\u00fcz bir i\u00e7 \u00e7elik bantl\u0131 ve i\u00e7 y\u00fczeyli haddelenmi\u015f kasnak, yumu\u015fak hortumu a\u015f\u0131nmaya kar\u015f\u0131 etkili bir \u015fekilde koruyabilir.","robots":{"index":"index","follow":"follow","max-snippet":"max-snippet:-1","max-image-preview":"max-image-preview:large","max-video-preview":"max-video-preview:-1"},"canonical":"https:\/\/btektech.com\/tr\/product\/ingiliz-hortum-kelepcesi\/","og_locale":"tr_TR","og_type":"article","og_title":"\u0130ngiliz Hortum Kelep\u00e7esi - Btektech","og_description":"\u0130ngiliz hortum kelep\u00e7esi \u00f6zel ve sa\u011flam bir \u00e7ember yuva sistemine sahiptir. P\u00fcr\u00fczs\u00fcz bir i\u00e7 \u00e7elik bantl\u0131 ve i\u00e7 y\u00fczeyli haddelenmi\u015f kasnak, yumu\u015fak hortumu a\u015f\u0131nmaya kar\u015f\u0131 etkili bir \u015fekilde koruyabilir.","og_url":"https:\/\/btektech.com\/tr\/product\/ingiliz-hortum-kelepcesi\/","og_site_name":"Btektech","article_modified_time":"2022-11-21T02:27:04+00:00","og_image":[{"width":800,"height":800,"url":"https:\/\/btektech.com\/wp-content\/uploads\/2021\/09\/British-20210917144402.jpg","type":"image\/jpeg"}],"twitter_card":"summary_large_image","twitter_site":"@Btektech1","twitter_misc":{"Tahmini okuma s\u00fcresi":"1 dakika"},"schema":{"@context":"https:\/\/schema.org","@graph":[{"@type":["WebPage","ItemPage"],"@id":"https:\/\/btektech.com\/tr\/product\/ingiliz-hortum-kelepcesi\/","url":"https:\/\/btektech.com\/tr\/product\/ingiliz-hortum-kelepcesi\/","name":"\u0130ngiliz Hortum Kelep\u00e7esi - Btektech","isPartOf":{"@id":"https:\/\/btektech.com\/#website"},"primaryImageOfPage":{"@id":"https:\/\/btektech.com\/tr\/product\/ingiliz-hortum-kelepcesi\/#primaryimage"},"image":{"@id":"https:\/\/btektech.com\/tr\/product\/ingiliz-hortum-kelepcesi\/#primaryimage"},"thumbnailUrl":"https:\/\/btektech.com\/wp-content\/uploads\/2021\/09\/British-20210917144402.jpg","datePublished":"2022-04-25T08:57:39+00:00","dateModified":"2022-11-21T02:27:04+00:00","description":"\u0130ngiliz hortum kelep\u00e7esi \u00f6zel ve sa\u011flam bir \u00e7ember yuva sistemine sahiptir. P\u00fcr\u00fczs\u00fcz bir i\u00e7 \u00e7elik bantl\u0131 ve i\u00e7 y\u00fczeyli haddelenmi\u015f kasnak, yumu\u015fak hortumu a\u015f\u0131nmaya kar\u015f\u0131 etkili bir \u015fekilde koruyabilir.","breadcrumb":{"@id":"https:\/\/btektech.com\/tr\/product\/ingiliz-hortum-kelepcesi\/#breadcrumb"},"inLanguage":"tr","potentialAction":[{"@type":"ReadAction","target":["https:\/\/btektech.com\/tr\/product\/ingiliz-hortum-kelepcesi\/"]}]},{"@type":"ImageObject","inLanguage":"tr","@id":"https:\/\/btektech.com\/tr\/product\/ingiliz-hortum-kelepcesi\/#primaryimage","url":"https:\/\/btektech.com\/wp-content\/uploads\/2021\/09\/British-20210917144402.jpg","contentUrl":"https:\/\/btektech.com\/wp-content\/uploads\/2021\/09\/British-20210917144402.jpg","width":800,"height":800,"caption":"Britische Schlauchschelle"},{"@type":"BreadcrumbList","@id":"https:\/\/btektech.com\/tr\/product\/ingiliz-hortum-kelepcesi\/#breadcrumb","itemListElement":[{"@type":"ListItem","position":1,"name":"Home","item":"https:\/\/btektech.com\/tr\/home-2\/"},{"@type":"ListItem","position":2,"name":"\u00dcr\u00fcnler","item":"https:\/\/btektech.com\/tr\/shop\/"},{"@type":"ListItem","position":3,"name":"Heavy-Duty &amp; Industrial Hose Clamps","item":"https:\/\/btektech.com\/product-category\/heavy-duty-and-industrial-hose-clamps\/"},{"@type":"ListItem","position":4,"name":"\u0130ngiliz Hortum Kelep\u00e7esi"}]},{"@type":"WebSite","@id":"https:\/\/btektech.com\/#website","url":"https:\/\/btektech.com\/","name":"Btektech","description":"","publisher":{"@id":"https:\/\/btektech.com\/#organization"},"potentialAction":[{"@type":"SearchAction","target":{"@type":"EntryPoint","urlTemplate":"https:\/\/btektech.com\/?s={search_term_string}"},"query-input":{"@type":"PropertyValueSpecification","valueRequired":true,"valueName":"search_term_string"}}],"inLanguage":"tr"},{"@type":"Organization","@id":"https:\/\/btektech.com\/#organization","name":"Btektech","url":"https:\/\/btektech.com\/","logo":{"@type":"ImageObject","inLanguage":"tr","@id":"https:\/\/btektech.com\/#\/schema\/logo\/image\/","url":"https:\/\/btektech.com\/wp-content\/uploads\/2021\/08\/btektech-logo.png","contentUrl":"https:\/\/btektech.com\/wp-content\/uploads\/2021\/08\/btektech-logo.png","width":250,"height":114,"caption":"Btektech"},"image":{"@id":"https:\/\/btektech.com\/#\/schema\/logo\/image\/"},"sameAs":["https:\/\/x.com\/Btektech1","https:\/\/www.instagram.com\/btektech\/","https:\/\/www.linkedin.com\/company\/suzhou-baotailong-electronic-materials-co-ltd\/","https:\/\/www.pinterest.com\/btektech\/_saved\/","https:\/\/www.youtube.com\/channel\/UCBiw4Bc4CmQDrdo-QqyVTqQ"]}]}},"_links":{"self":[{"href":"https:\/\/btektech.com\/tr\/wp-json\/wp\/v2\/product\/5330","targetHints":{"allow":["GET"]}}],"collection":[{"href":"https:\/\/btektech.com\/tr\/wp-json\/wp\/v2\/product"}],"about":[{"href":"https:\/\/btektech.com\/tr\/wp-json\/wp\/v2\/types\/product"}],"replies":[{"embeddable":true,"href":"https:\/\/btektech.com\/tr\/wp-json\/wp\/v2\/comments?post=5330"}],"version-history":[{"count":0,"href":"https:\/\/btektech.com\/tr\/wp-json\/wp\/v2\/product\/5330\/revisions"}],"wp:featuredmedia":[{"embeddable":true,"href":"https:\/\/btektech.com\/tr\/wp-json\/wp\/v2\/media\/2414"}],"wp:attachment":[{"href":"https:\/\/btektech.com\/tr\/wp-json\/wp\/v2\/media?parent=5330"}],"wp:term":[{"taxonomy":"product_brand","embeddable":true,"href":"https:\/\/btektech.com\/tr\/wp-json\/wp\/v2\/product_brand?post=5330"},{"taxonomy":"product_cat","embeddable":true,"href":"https:\/\/btektech.com\/tr\/wp-json\/wp\/v2\/product_cat?post=5330"},{"taxonomy":"product_tag","embeddable":true,"href":"https:\/\/btektech.com\/tr\/wp-json\/wp\/v2\/product_tag?post=5330"}],"curies":[{"name":"wp","href":"https:\/\/api.w.org\/{rel}","templated":true}]}}