{"id":5329,"date":"2021-09-26T03:57:46","date_gmt":"2021-09-26T03:57:46","guid":{"rendered":"https:\/\/btektech.com\/product\/cift-epoksi-tabancasi\/"},"modified":"2022-07-29T09:36:54","modified_gmt":"2022-07-29T09:36:54","slug":"cift-epoksi-tabancasi","status":"publish","type":"product","link":"https:\/\/btektech.com\/tr\/product\/cift-epoksi-tabancasi\/","title":{"rendered":"\u00e7ift epoksi tabancas\u0131"},"content":{"rendered":"<p>50ml \u00e7ift kartu\u015flu epoksi tabancas\u0131n\u0131n \u00f6zellikleri, 1:1, 2::1, 4:1 ve 10:1 oranlar\u0131na sahip 50ml AB kartu\u015fu i\u00e7in uygundur. Ayr\u0131ca Btektech&#8217;in epoksi tabancas\u0131nda ayr\u0131ca 75ML 10:1 \u00e7ift kartu\u015flu aplikat\u00f6r epoksi tabancas\u0131 ve 30ML, 50ML tek bile\u015fenli yap\u0131\u015ft\u0131r\u0131c\u0131 tabancas\u0131 bulunmaktad\u0131r.<\/p>\n<div style=\"text-align: center;\">\n<img fetchpriority=\"high\" decoding=\"async\" class=\"alignnone size-full wp-image-5144\" src=\"https:\/\/btektech.com\/wp-content\/uploads\/2021\/09\/epoxy-gun-plunger.jpg\" alt=\"epoxy gun plunger\" width=\"300\" height=\"200\">\n<\/div>\n<div style=\"overflow-x: auto;\">\n<table style=\"text-align: center;\">\n<tbody>\n<caption style=\"font-weight: 600;font-size:30px\">\u00c7ift kartu\u015flu epoksi tabancan\u0131n \u00f6zellikleri<\/caption>\n<tr>\n<th>E\u015fya yok.<\/th>\n<th>Oran<\/th>\n<th>Renk<\/th>\n<th>Malzeme(G\u00f6vde)<\/th>\n<th>Malzeme(pistonlar)<\/th>\n<\/tr>\n<tr>\n<td>FT50-11<\/td>\n<td>1:01<\/td>\n<td>Beyaz kapal\u0131<\/td>\n<td>PP+PA<\/td>\n<td>Metal<\/td>\n<\/tr>\n<tr>\n<td>FT50-12<\/td>\n<td>2:01<\/td>\n<td>Beyaz kapal\u0131<\/td>\n<td>PP+PA<\/td>\n<td>Metal<\/td>\n<\/tr>\n<tr>\n<td>FT50-14<\/td>\n<td>1:04<\/td>\n<td>Beyaz kapal\u0131<\/td>\n<td>PP+PA<\/td>\n<td>Metal<\/td>\n<\/tr>\n<tr>\n<td>FT50-101<\/td>\n<td>10:01<\/td>\n<td>Beyaz kapal\u0131<\/td>\n<td>PP+PA<\/td>\n<td>Metal<\/td>\n<\/tr>\n<tr>\n<td>FT75-101<\/td>\n<td>10:01<\/td>\n<td>Beyaz kapal\u0131<\/td>\n<td>PP+PA<\/td>\n<td>Metal<\/td>\n<\/tr>\n<\/tbody>\n<\/table>\n<\/div>\n<p>Epoksi tutkal tabancas\u0131 sap\u0131, c\u00f6mert bir g\u00f6r\u00fcn\u00fcmle insanla\u015ft\u0131r\u0131lm\u0131\u015ft\u0131r. Piston dayan\u0131kl\u0131d\u0131r ve giyilmesi kolay de\u011fildir. Epoksi tabancan\u0131n yap\u0131 tasar\u0131m\u0131 p\u00fcr\u00fczs\u00fcz. Tutkal kartu\u015funun tak\u0131lmas\u0131 ve s\u00f6k\u00fclmesi kolayd\u0131r. \u00c7ift kartu\u015flu epoksi tabancas\u0131, manuel \u00e7al\u0131\u015ft\u0131rma i\u00e7in uygundur.<\/p>\n<div style=\"text-align: center;\">\n<img decoding=\"async\" class=\"alignnone size-medium wp-image-5154\" src=\"https:\/\/btektech.com\/wp-content\/uploads\/2021\/09\/dual-epoxy-gun-300x300.jpg\" alt=\"dual epoxy gun\" width=\"300\" height=\"300\" srcset=\"https:\/\/btektech.com\/wp-content\/uploads\/2021\/09\/dual-epoxy-gun.jpg 300w, https:\/\/btektech.com\/wp-content\/uploads\/2021\/09\/dual-epoxy-gun-100x100.jpg 100w, https:\/\/btektech.com\/wp-content\/uploads\/2021\/09\/dual-epoxy-gun-150x150.jpg 150w\" sizes=\"(max-width: 300px) 100vw, 300px\" \/>\n<\/div>\n<p>Bu t\u00fcr bir \u00fcr\u00fcn standart manuel \u00e7al\u0131\u015ft\u0131rmaya \u00e7ok uygundur, demontaj\u0131 ve kullan\u0131m\u0131 \u00e7ok basittir. M\u00fcrekkep kartu\u015fu kayar ve kol ile yerine s\u0131k\u0131ca sabitlenir ve ard\u0131ndan kar\u0131\u015f\u0131k epoksi re\u00e7inesi da\u011f\u0131tmak i\u00e7in tutama\u011fa birlikte bast\u0131r\u0131n. L\u00fctfen tek kullan\u0131ml\u0131k <a href=\"https:\/\/btektech.com\/product-category\/mixing-nozzles\/\">epoksi kar\u0131\u015ft\u0131rma memesine<\/a> de ihtiyac\u0131n\u0131z oldu\u011funu unutmay\u0131n.<\/p>\n<div style=\"text-align: center;\">\n<img decoding=\"async\" class=\"alignnone size-medium wp-image-5149\" src=\"https:\/\/btektech.com\/wp-content\/uploads\/2021\/09\/dual-cartridge-epoxy-gun-50ml-300x300.jpg\" alt=\"dual cartridge epoxy gun\" width=\"300\" height=\"300\" srcset=\"https:\/\/btektech.com\/wp-content\/uploads\/2021\/09\/dual-cartridge-epoxy-gun-50ml.jpg 300w, https:\/\/btektech.com\/wp-content\/uploads\/2021\/09\/dual-cartridge-epoxy-gun-50ml-100x100.jpg 100w, https:\/\/btektech.com\/wp-content\/uploads\/2021\/09\/dual-cartridge-epoxy-gun-50ml-150x150.jpg 150w\" sizes=\"(max-width: 300px) 100vw, 300px\" \/>\n<\/div>\n","protected":false},"excerpt":{"rendered":"<p>Bu t\u00fcr \u00e7ift kartu\u015flu epoksi tabancas\u0131, polimer m\u00fchendislik plastikleri ve sertlik, hafiflik, esnek \u00e7al\u0131\u015fma ve dayan\u0131kl\u0131l\u0131k \u00f6zelliklerine sahip kaliteli metal ekipmanlardan yap\u0131lm\u0131\u015ft\u0131r. Teslimat tabancam\u0131z, yap\u0131\u015ft\u0131r\u0131c\u0131n\u0131n da\u011f\u0131t\u0131lmas\u0131n\u0131 kolayla\u015ft\u0131r\u0131r. \u0130ki bile\u015fenli yap\u0131\u015fkan \u00fcr\u00fcnlerin e\u015fit olmayan bir \u015fekilde kar\u0131\u015ft\u0131r\u0131lmas\u0131 sorununu \u00e7\u00f6zebilen, \u00e7e\u015fitli \u00e7ift bile\u015fenli yap\u0131\u015ft\u0131r\u0131c\u0131 veya boyay\u0131 tasar\u0131ma bula\u015ft\u0131rmak veya damlatmak i\u00e7indir.<\/p>\n","protected":false},"featured_media":6053,"comment_status":"open","ping_status":"closed","template":"","meta":{"_acf_changed":false},"product_brand":[],"product_cat":[15],"product_tag":[],"class_list":{"0":"post-5329","1":"product","2":"type-product","3":"status-publish","4":"has-post-thumbnail","6":"product_cat-uncategorized","8":"first","9":"instock","10":"shipping-taxable","11":"product-type-simple"},"acf":[],"yoast_head":"<!-- This site is optimized with the Yoast SEO plugin v27.5 - https:\/\/yoast.com\/product\/yoast-seo-wordpress\/ -->\n<title>\u00e7ift epoksi tabancas\u0131 - Btektech<\/title>\n<meta name=\"description\" content=\"Btektech, \u00f6nde gelen bir \u00c7inli OEM ve ODM \u00e7ift epoksi tabanca \u00fcreticisidir. Ayr\u0131ca distrib\u00fct\u00f6rlerimiz i\u00e7in ambalaj \u00f6zelle\u015ftirme hizmetleri de sa\u011fl\u0131yoruz.\" \/>\n<meta name=\"robots\" content=\"index, follow, max-snippet:-1, max-image-preview:large, max-video-preview:-1\" \/>\n<link rel=\"canonical\" href=\"https:\/\/btektech.com\/tr\/product\/cift-epoksi-tabancasi\/\" \/>\n<meta property=\"og:locale\" content=\"tr_TR\" \/>\n<meta property=\"og:type\" content=\"article\" \/>\n<meta property=\"og:title\" content=\"\u00e7ift epoksi tabancas\u0131 - Btektech\" \/>\n<meta property=\"og:description\" content=\"Btektech, \u00f6nde gelen bir \u00c7inli OEM ve ODM \u00e7ift epoksi tabanca \u00fcreticisidir. Ayr\u0131ca distrib\u00fct\u00f6rlerimiz i\u00e7in ambalaj \u00f6zelle\u015ftirme hizmetleri de sa\u011fl\u0131yoruz.\" \/>\n<meta property=\"og:url\" content=\"https:\/\/btektech.com\/tr\/product\/cift-epoksi-tabancasi\/\" \/>\n<meta property=\"og:site_name\" content=\"Btektech\" \/>\n<meta property=\"article:modified_time\" content=\"2022-07-29T09:36:54+00:00\" \/>\n<meta property=\"og:image\" content=\"https:\/\/btektech.com\/wp-content\/uploads\/2021\/09\/Dual-Epoxy-Gun-2.jpg\" \/>\n\t<meta property=\"og:image:width\" content=\"800\" \/>\n\t<meta property=\"og:image:height\" content=\"800\" \/>\n\t<meta property=\"og:image:type\" content=\"image\/jpeg\" \/>\n<meta name=\"twitter:card\" content=\"summary_large_image\" \/>\n<meta name=\"twitter:site\" content=\"@Btektech1\" \/>\n<meta name=\"twitter:label1\" content=\"Tahmini okuma s\u00fcresi\" \/>\n\t<meta name=\"twitter:data1\" content=\"1 dakika\" \/>\n<script type=\"application\/ld+json\" class=\"yoast-schema-graph\">{\"@context\":\"https:\\\/\\\/schema.org\",\"@graph\":[{\"@type\":[\"WebPage\",\"ItemPage\"],\"@id\":\"https:\\\/\\\/btektech.com\\\/tr\\\/product\\\/cift-epoksi-tabancasi\\\/\",\"url\":\"https:\\\/\\\/btektech.com\\\/tr\\\/product\\\/cift-epoksi-tabancasi\\\/\",\"name\":\"\u00e7ift epoksi tabancas\u0131 - Btektech\",\"isPartOf\":{\"@id\":\"https:\\\/\\\/btektech.com\\\/#website\"},\"primaryImageOfPage\":{\"@id\":\"https:\\\/\\\/btektech.com\\\/tr\\\/product\\\/cift-epoksi-tabancasi\\\/#primaryimage\"},\"image\":{\"@id\":\"https:\\\/\\\/btektech.com\\\/tr\\\/product\\\/cift-epoksi-tabancasi\\\/#primaryimage\"},\"thumbnailUrl\":\"https:\\\/\\\/btektech.com\\\/wp-content\\\/uploads\\\/2021\\\/09\\\/Dual-Epoxy-Gun-2.jpg\",\"datePublished\":\"2021-09-26T03:57:46+00:00\",\"dateModified\":\"2022-07-29T09:36:54+00:00\",\"description\":\"Btektech, \u00f6nde gelen bir \u00c7inli OEM ve ODM \u00e7ift epoksi tabanca \u00fcreticisidir. Ayr\u0131ca distrib\u00fct\u00f6rlerimiz i\u00e7in ambalaj \u00f6zelle\u015ftirme hizmetleri de sa\u011fl\u0131yoruz.\",\"breadcrumb\":{\"@id\":\"https:\\\/\\\/btektech.com\\\/tr\\\/product\\\/cift-epoksi-tabancasi\\\/#breadcrumb\"},\"inLanguage\":\"tr\",\"potentialAction\":[{\"@type\":\"ReadAction\",\"target\":[\"https:\\\/\\\/btektech.com\\\/tr\\\/product\\\/cift-epoksi-tabancasi\\\/\"]}]},{\"@type\":\"ImageObject\",\"inLanguage\":\"tr\",\"@id\":\"https:\\\/\\\/btektech.com\\\/tr\\\/product\\\/cift-epoksi-tabancasi\\\/#primaryimage\",\"url\":\"https:\\\/\\\/btektech.com\\\/wp-content\\\/uploads\\\/2021\\\/09\\\/Dual-Epoxy-Gun-2.jpg\",\"contentUrl\":\"https:\\\/\\\/btektech.com\\\/wp-content\\\/uploads\\\/2021\\\/09\\\/Dual-Epoxy-Gun-2.jpg\",\"width\":800,\"height\":800,\"caption\":\"Dual Epoxy Gun-1\"},{\"@type\":\"BreadcrumbList\",\"@id\":\"https:\\\/\\\/btektech.com\\\/tr\\\/product\\\/cift-epoksi-tabancasi\\\/#breadcrumb\",\"itemListElement\":[{\"@type\":\"ListItem\",\"position\":1,\"name\":\"Home\",\"item\":\"https:\\\/\\\/btektech.com\\\/\"},{\"@type\":\"ListItem\",\"position\":2,\"name\":\"\u00dcr\u00fcnler\",\"item\":\"https:\\\/\\\/btektech.com\\\/tr\\\/shop\\\/\"},{\"@type\":\"ListItem\",\"position\":3,\"name\":\"\u00e7ift epoksi tabancas\u0131\"}]},{\"@type\":\"WebSite\",\"@id\":\"https:\\\/\\\/btektech.com\\\/#website\",\"url\":\"https:\\\/\\\/btektech.com\\\/\",\"name\":\"Btektech\",\"description\":\"\",\"publisher\":{\"@id\":\"https:\\\/\\\/btektech.com\\\/#organization\"},\"potentialAction\":[{\"@type\":\"SearchAction\",\"target\":{\"@type\":\"EntryPoint\",\"urlTemplate\":\"https:\\\/\\\/btektech.com\\\/?s={search_term_string}\"},\"query-input\":{\"@type\":\"PropertyValueSpecification\",\"valueRequired\":true,\"valueName\":\"search_term_string\"}}],\"inLanguage\":\"tr\"},{\"@type\":\"Organization\",\"@id\":\"https:\\\/\\\/btektech.com\\\/#organization\",\"name\":\"Btektech\",\"url\":\"https:\\\/\\\/btektech.com\\\/\",\"logo\":{\"@type\":\"ImageObject\",\"inLanguage\":\"tr\",\"@id\":\"https:\\\/\\\/btektech.com\\\/#\\\/schema\\\/logo\\\/image\\\/\",\"url\":\"https:\\\/\\\/btektech.com\\\/wp-content\\\/uploads\\\/2021\\\/08\\\/btektech-logo.png\",\"contentUrl\":\"https:\\\/\\\/btektech.com\\\/wp-content\\\/uploads\\\/2021\\\/08\\\/btektech-logo.png\",\"width\":250,\"height\":114,\"caption\":\"Btektech\"},\"image\":{\"@id\":\"https:\\\/\\\/btektech.com\\\/#\\\/schema\\\/logo\\\/image\\\/\"},\"sameAs\":[\"https:\\\/\\\/x.com\\\/Btektech1\",\"https:\\\/\\\/www.instagram.com\\\/btektech\\\/\",\"https:\\\/\\\/www.linkedin.com\\\/company\\\/suzhou-baotailong-electronic-materials-co-ltd\\\/\",\"https:\\\/\\\/www.pinterest.com\\\/btektech\\\/_saved\\\/\",\"https:\\\/\\\/www.youtube.com\\\/channel\\\/UCBiw4Bc4CmQDrdo-QqyVTqQ\"]}]}<\/script>\n<!-- \/ Yoast SEO plugin. -->","yoast_head_json":{"title":"\u00e7ift epoksi tabancas\u0131 - Btektech","description":"Btektech, \u00f6nde gelen bir \u00c7inli OEM ve ODM \u00e7ift epoksi tabanca \u00fcreticisidir. Ayr\u0131ca distrib\u00fct\u00f6rlerimiz i\u00e7in ambalaj \u00f6zelle\u015ftirme hizmetleri de sa\u011fl\u0131yoruz.","robots":{"index":"index","follow":"follow","max-snippet":"max-snippet:-1","max-image-preview":"max-image-preview:large","max-video-preview":"max-video-preview:-1"},"canonical":"https:\/\/btektech.com\/tr\/product\/cift-epoksi-tabancasi\/","og_locale":"tr_TR","og_type":"article","og_title":"\u00e7ift epoksi tabancas\u0131 - Btektech","og_description":"Btektech, \u00f6nde gelen bir \u00c7inli OEM ve ODM \u00e7ift epoksi tabanca \u00fcreticisidir. Ayr\u0131ca distrib\u00fct\u00f6rlerimiz i\u00e7in ambalaj \u00f6zelle\u015ftirme hizmetleri de sa\u011fl\u0131yoruz.","og_url":"https:\/\/btektech.com\/tr\/product\/cift-epoksi-tabancasi\/","og_site_name":"Btektech","article_modified_time":"2022-07-29T09:36:54+00:00","og_image":[{"width":800,"height":800,"url":"https:\/\/btektech.com\/wp-content\/uploads\/2021\/09\/Dual-Epoxy-Gun-2.jpg","type":"image\/jpeg"}],"twitter_card":"summary_large_image","twitter_site":"@Btektech1","twitter_misc":{"Tahmini okuma s\u00fcresi":"1 dakika"},"schema":{"@context":"https:\/\/schema.org","@graph":[{"@type":["WebPage","ItemPage"],"@id":"https:\/\/btektech.com\/tr\/product\/cift-epoksi-tabancasi\/","url":"https:\/\/btektech.com\/tr\/product\/cift-epoksi-tabancasi\/","name":"\u00e7ift epoksi tabancas\u0131 - Btektech","isPartOf":{"@id":"https:\/\/btektech.com\/#website"},"primaryImageOfPage":{"@id":"https:\/\/btektech.com\/tr\/product\/cift-epoksi-tabancasi\/#primaryimage"},"image":{"@id":"https:\/\/btektech.com\/tr\/product\/cift-epoksi-tabancasi\/#primaryimage"},"thumbnailUrl":"https:\/\/btektech.com\/wp-content\/uploads\/2021\/09\/Dual-Epoxy-Gun-2.jpg","datePublished":"2021-09-26T03:57:46+00:00","dateModified":"2022-07-29T09:36:54+00:00","description":"Btektech, \u00f6nde gelen bir \u00c7inli OEM ve ODM \u00e7ift epoksi tabanca \u00fcreticisidir. Ayr\u0131ca distrib\u00fct\u00f6rlerimiz i\u00e7in ambalaj \u00f6zelle\u015ftirme hizmetleri de sa\u011fl\u0131yoruz.","breadcrumb":{"@id":"https:\/\/btektech.com\/tr\/product\/cift-epoksi-tabancasi\/#breadcrumb"},"inLanguage":"tr","potentialAction":[{"@type":"ReadAction","target":["https:\/\/btektech.com\/tr\/product\/cift-epoksi-tabancasi\/"]}]},{"@type":"ImageObject","inLanguage":"tr","@id":"https:\/\/btektech.com\/tr\/product\/cift-epoksi-tabancasi\/#primaryimage","url":"https:\/\/btektech.com\/wp-content\/uploads\/2021\/09\/Dual-Epoxy-Gun-2.jpg","contentUrl":"https:\/\/btektech.com\/wp-content\/uploads\/2021\/09\/Dual-Epoxy-Gun-2.jpg","width":800,"height":800,"caption":"Dual Epoxy Gun-1"},{"@type":"BreadcrumbList","@id":"https:\/\/btektech.com\/tr\/product\/cift-epoksi-tabancasi\/#breadcrumb","itemListElement":[{"@type":"ListItem","position":1,"name":"Home","item":"https:\/\/btektech.com\/"},{"@type":"ListItem","position":2,"name":"\u00dcr\u00fcnler","item":"https:\/\/btektech.com\/tr\/shop\/"},{"@type":"ListItem","position":3,"name":"\u00e7ift epoksi tabancas\u0131"}]},{"@type":"WebSite","@id":"https:\/\/btektech.com\/#website","url":"https:\/\/btektech.com\/","name":"Btektech","description":"","publisher":{"@id":"https:\/\/btektech.com\/#organization"},"potentialAction":[{"@type":"SearchAction","target":{"@type":"EntryPoint","urlTemplate":"https:\/\/btektech.com\/?s={search_term_string}"},"query-input":{"@type":"PropertyValueSpecification","valueRequired":true,"valueName":"search_term_string"}}],"inLanguage":"tr"},{"@type":"Organization","@id":"https:\/\/btektech.com\/#organization","name":"Btektech","url":"https:\/\/btektech.com\/","logo":{"@type":"ImageObject","inLanguage":"tr","@id":"https:\/\/btektech.com\/#\/schema\/logo\/image\/","url":"https:\/\/btektech.com\/wp-content\/uploads\/2021\/08\/btektech-logo.png","contentUrl":"https:\/\/btektech.com\/wp-content\/uploads\/2021\/08\/btektech-logo.png","width":250,"height":114,"caption":"Btektech"},"image":{"@id":"https:\/\/btektech.com\/#\/schema\/logo\/image\/"},"sameAs":["https:\/\/x.com\/Btektech1","https:\/\/www.instagram.com\/btektech\/","https:\/\/www.linkedin.com\/company\/suzhou-baotailong-electronic-materials-co-ltd\/","https:\/\/www.pinterest.com\/btektech\/_saved\/","https:\/\/www.youtube.com\/channel\/UCBiw4Bc4CmQDrdo-QqyVTqQ"]}]}},"_links":{"self":[{"href":"https:\/\/btektech.com\/tr\/wp-json\/wp\/v2\/product\/5329","targetHints":{"allow":["GET"]}}],"collection":[{"href":"https:\/\/btektech.com\/tr\/wp-json\/wp\/v2\/product"}],"about":[{"href":"https:\/\/btektech.com\/tr\/wp-json\/wp\/v2\/types\/product"}],"replies":[{"embeddable":true,"href":"https:\/\/btektech.com\/tr\/wp-json\/wp\/v2\/comments?post=5329"}],"version-history":[{"count":0,"href":"https:\/\/btektech.com\/tr\/wp-json\/wp\/v2\/product\/5329\/revisions"}],"wp:featuredmedia":[{"embeddable":true,"href":"https:\/\/btektech.com\/tr\/wp-json\/wp\/v2\/media\/6053"}],"wp:attachment":[{"href":"https:\/\/btektech.com\/tr\/wp-json\/wp\/v2\/media?parent=5329"}],"wp:term":[{"taxonomy":"product_brand","embeddable":true,"href":"https:\/\/btektech.com\/tr\/wp-json\/wp\/v2\/product_brand?post=5329"},{"taxonomy":"product_cat","embeddable":true,"href":"https:\/\/btektech.com\/tr\/wp-json\/wp\/v2\/product_cat?post=5329"},{"taxonomy":"product_tag","embeddable":true,"href":"https:\/\/btektech.com\/tr\/wp-json\/wp\/v2\/product_tag?post=5329"}],"curies":[{"name":"wp","href":"https:\/\/api.w.org\/{rel}","templated":true}]}}