{"id":5328,"date":"2021-09-15T10:56:35","date_gmt":"2022-04-25T08:57:37","guid":{"rendered":"https:\/\/btektech.com\/product\/tek-kulak-ayarlanabilir-kelepce\/"},"modified":"2022-11-21T02:31:45","modified_gmt":"2022-11-21T02:31:45","slug":"tek-kulak-ayarlanabilir-kelepce","status":"publish","type":"product","link":"https:\/\/btektech.com\/tr\/product\/tek-kulak-ayarlanabilir-kelepce\/","title":{"rendered":"Tek Kulak Ayarlanabilir Kelep\u00e7e"},"content":{"rendered":"<p>Kanca takma konumu iste\u011fe ba\u011fl\u0131d\u0131r: ayar aral\u0131\u011f\u0131 b\u00fcy\u00fckt\u00fcr ve daha geni\u015f bir ayar aral\u0131\u011f\u0131 elde etmek i\u00e7in delik say\u0131s\u0131 art\u0131r\u0131labilir veya azalt\u0131labilir.<\/p>\n<div style=\"text-align: center;\">\n<img fetchpriority=\"high\" decoding=\"async\" class=\"alignnone size-medium wp-image-2350\" src=\"https:\/\/btektech.com\/wp-content\/uploads\/2021\/09\/2021-09-15-183714-300x191.jpg\" alt=\"\" width=\"300\" height=\"191\" srcset=\"https:\/\/btektech.com\/wp-content\/uploads\/2021\/09\/2021-09-15-183714-300x191.jpg 300w, https:\/\/btektech.com\/wp-content\/uploads\/2021\/09\/2021-09-15-183714-400x255.jpg 400w, https:\/\/btektech.com\/wp-content\/uploads\/2021\/09\/2021-09-15-183714.jpg 506w\" sizes=\"(max-width: 300px) 100vw, 300px\" \/>\n<\/div>\n<div style=\"overflow:auto;\">\n<table style=\"border-collapse: collapse;text-align: center;\" border=\"0\" cellspacing=\"0\" cellpadding=\"0\">\n<tbody>\n<tr>\n<th>\u015eartname<\/th>\n<th>Ayar aral\u0131\u011f\u0131<\/th>\n<th>\u0130\u00e7 kulak geni\u015fli\u011fi<\/th>\n<\/tr>\n<tr>\n<td>32<\/td>\n<td>10-32<\/td>\n<td>10 mm<\/td>\n<\/tr>\n<tr>\n<td>40<\/td>\n<td>20-40<\/td>\n<td>10 mm<\/td>\n<\/tr>\n<tr>\n<td>45<\/td>\n<td>25-45<\/td>\n<td>10 mm<\/td>\n<\/tr>\n<tr>\n<td>50<\/td>\n<td>30-50<\/td>\n<td>10 mm<\/td>\n<\/tr>\n<tr>\n<td>55<\/td>\n<td>35-55<\/td>\n<td>10 mm<\/td>\n<\/tr>\n<tr>\n<td>60<\/td>\n<td>40-60<\/td>\n<td>10 mm<\/td>\n<\/tr>\n<tr>\n<td>65<\/td>\n<td>45-65<\/td>\n<td>10 mm<\/td>\n<\/tr>\n<tr>\n<td>70<\/td>\n<td>50-70<\/td>\n<td>10 mm<\/td>\n<\/tr>\n<tr>\n<td>75<\/td>\n<td>55-75<\/td>\n<td>10 mm<\/td>\n<\/tr>\n<tr>\n<td>80<\/td>\n<td>60-80<\/td>\n<td>10 mm<\/td>\n<\/tr>\n<tr>\n<td>85<\/td>\n<td>65-85<\/td>\n<td>10 mm<\/td>\n<\/tr>\n<tr>\n<td>90<\/td>\n<td>70-90<\/td>\n<td>10 mm<\/td>\n<\/tr>\n<tr>\n<td>95<\/td>\n<td>75-95<\/td>\n<td>10 mm<\/td>\n<\/tr>\n<tr>\n<td>100<\/td>\n<td>80-100<\/td>\n<td>10 mm<\/td>\n<\/tr>\n<tr>\n<td>105<\/td>\n<td>85-105<\/td>\n<td>10 mm<\/td>\n<\/tr>\n<tr>\n<td class=\"et3\" height=\"19\">110<\/td>\n<td>90-110<\/td>\n<td>10 mm<\/td>\n<\/tr>\n<tr>\n<td class=\"et3\" height=\"19\">120<\/td>\n<td>100-120<\/td>\n<td>10 mm<\/td>\n<\/tr>\n<tr>\n<td class=\"et3\" height=\"19\">130<\/td>\n<td>110-130<\/td>\n<td>10 mm<\/td>\n<\/tr>\n<\/tbody>\n<\/table>\n<\/div>\n","protected":false},"excerpt":{"rendered":"<p>\u00c7e\u015fitli boyutta genel efektler elde edin.<\/p>\n","protected":false},"featured_media":2354,"comment_status":"open","ping_status":"closed","template":"","meta":{"_acf_changed":false},"product_brand":[],"product_cat":[138],"product_tag":[],"class_list":{"0":"post-5328","1":"product","2":"type-product","3":"status-publish","4":"has-post-thumbnail","6":"product_cat-hortum-kelepceleri","8":"first","9":"instock","10":"shipping-taxable","11":"product-type-simple"},"acf":[],"yoast_head":"<!-- This site is optimized with the Yoast SEO plugin v26.0 - https:\/\/yoast.com\/wordpress\/plugins\/seo\/ -->\n<title>Tek Kulak Ayarlanabilir Kelep\u00e7e - Btektech<\/title>\n<meta name=\"description\" content=\"Kanca takma konumu iste\u011fe ba\u011fl\u0131d\u0131r: ayar aral\u0131\u011f\u0131 b\u00fcy\u00fckt\u00fcr ve daha geni\u015f bir ayar aral\u0131\u011f\u0131 elde etmek i\u00e7in delik say\u0131s\u0131 art\u0131r\u0131labilir veya azalt\u0131labilir.\" \/>\n<meta name=\"robots\" content=\"index, follow, max-snippet:-1, max-image-preview:large, max-video-preview:-1\" \/>\n<link rel=\"canonical\" href=\"https:\/\/btektech.com\/tr\/product\/tek-kulak-ayarlanabilir-kelepce\/\" \/>\n<meta property=\"og:locale\" content=\"tr_TR\" \/>\n<meta property=\"og:type\" content=\"article\" \/>\n<meta property=\"og:title\" content=\"Tek Kulak Ayarlanabilir Kelep\u00e7e - Btektech\" \/>\n<meta property=\"og:description\" content=\"Kanca takma konumu iste\u011fe ba\u011fl\u0131d\u0131r: ayar aral\u0131\u011f\u0131 b\u00fcy\u00fckt\u00fcr ve daha geni\u015f bir ayar aral\u0131\u011f\u0131 elde etmek i\u00e7in delik say\u0131s\u0131 art\u0131r\u0131labilir veya azalt\u0131labilir.\" \/>\n<meta property=\"og:url\" content=\"https:\/\/btektech.com\/tr\/product\/tek-kulak-ayarlanabilir-kelepce\/\" \/>\n<meta property=\"og:site_name\" content=\"Btektech\" \/>\n<meta property=\"article:modified_time\" content=\"2022-11-21T02:31:45+00:00\" \/>\n<meta property=\"og:image\" content=\"https:\/\/btektech.com\/wp-content\/uploads\/2021\/09\/Screenshot-2021-09-15-184055.jpg\" \/>\n\t<meta property=\"og:image:width\" content=\"500\" \/>\n\t<meta property=\"og:image:height\" content=\"500\" \/>\n\t<meta property=\"og:image:type\" content=\"image\/jpeg\" \/>\n<meta name=\"twitter:card\" content=\"summary_large_image\" \/>\n<meta name=\"twitter:site\" content=\"@Btektech1\" \/>\n<meta name=\"twitter:label1\" content=\"Tahmini okuma s\u00fcresi\" \/>\n\t<meta name=\"twitter:data1\" content=\"1 dakika\" \/>\n<script type=\"application\/ld+json\" class=\"yoast-schema-graph\">{\"@context\":\"https:\/\/schema.org\",\"@graph\":[{\"@type\":[\"WebPage\",\"ItemPage\"],\"@id\":\"https:\/\/btektech.com\/tr\/product\/tek-kulak-ayarlanabilir-kelepce\/\",\"url\":\"https:\/\/btektech.com\/tr\/product\/tek-kulak-ayarlanabilir-kelepce\/\",\"name\":\"Tek Kulak Ayarlanabilir Kelep\u00e7e - Btektech\",\"isPartOf\":{\"@id\":\"https:\/\/btektech.com\/#website\"},\"primaryImageOfPage\":{\"@id\":\"https:\/\/btektech.com\/tr\/product\/tek-kulak-ayarlanabilir-kelepce\/#primaryimage\"},\"image\":{\"@id\":\"https:\/\/btektech.com\/tr\/product\/tek-kulak-ayarlanabilir-kelepce\/#primaryimage\"},\"thumbnailUrl\":\"https:\/\/btektech.com\/wp-content\/uploads\/2021\/09\/Screenshot-2021-09-15-184055.jpg\",\"datePublished\":\"2022-04-25T08:57:37+00:00\",\"dateModified\":\"2022-11-21T02:31:45+00:00\",\"description\":\"Kanca takma konumu iste\u011fe ba\u011fl\u0131d\u0131r: ayar aral\u0131\u011f\u0131 b\u00fcy\u00fckt\u00fcr ve daha geni\u015f bir ayar aral\u0131\u011f\u0131 elde etmek i\u00e7in delik say\u0131s\u0131 art\u0131r\u0131labilir veya azalt\u0131labilir.\",\"breadcrumb\":{\"@id\":\"https:\/\/btektech.com\/tr\/product\/tek-kulak-ayarlanabilir-kelepce\/#breadcrumb\"},\"inLanguage\":\"tr\",\"potentialAction\":[{\"@type\":\"ReadAction\",\"target\":[\"https:\/\/btektech.com\/tr\/product\/tek-kulak-ayarlanabilir-kelepce\/\"]}]},{\"@type\":\"ImageObject\",\"inLanguage\":\"tr\",\"@id\":\"https:\/\/btektech.com\/tr\/product\/tek-kulak-ayarlanabilir-kelepce\/#primaryimage\",\"url\":\"https:\/\/btektech.com\/wp-content\/uploads\/2021\/09\/Screenshot-2021-09-15-184055.jpg\",\"contentUrl\":\"https:\/\/btektech.com\/wp-content\/uploads\/2021\/09\/Screenshot-2021-09-15-184055.jpg\",\"width\":500,\"height\":500,\"caption\":\"Tek Kulak Ayarlanabilir Kelep\u00e7e\"},{\"@type\":\"BreadcrumbList\",\"@id\":\"https:\/\/btektech.com\/tr\/product\/tek-kulak-ayarlanabilir-kelepce\/#breadcrumb\",\"itemListElement\":[{\"@type\":\"ListItem\",\"position\":1,\"name\":\"Home\",\"item\":\"https:\/\/btektech.com\/tr\/home-2\/\"},{\"@type\":\"ListItem\",\"position\":2,\"name\":\"\u00dcr\u00fcnler\",\"item\":\"https:\/\/btektech.com\/tr\/shop\/\"},{\"@type\":\"ListItem\",\"position\":3,\"name\":\"Heavy-Duty &amp; Industrial Hose Clamps\",\"item\":\"https:\/\/btektech.com\/product-category\/heavy-duty-and-industrial-hose-clamps\/\"},{\"@type\":\"ListItem\",\"position\":4,\"name\":\"Tek Kulak Ayarlanabilir Kelep\u00e7e\"}]},{\"@type\":\"WebSite\",\"@id\":\"https:\/\/btektech.com\/#website\",\"url\":\"https:\/\/btektech.com\/\",\"name\":\"Btektech\",\"description\":\"\",\"publisher\":{\"@id\":\"https:\/\/btektech.com\/#organization\"},\"potentialAction\":[{\"@type\":\"SearchAction\",\"target\":{\"@type\":\"EntryPoint\",\"urlTemplate\":\"https:\/\/btektech.com\/?s={search_term_string}\"},\"query-input\":{\"@type\":\"PropertyValueSpecification\",\"valueRequired\":true,\"valueName\":\"search_term_string\"}}],\"inLanguage\":\"tr\"},{\"@type\":\"Organization\",\"@id\":\"https:\/\/btektech.com\/#organization\",\"name\":\"Btektech\",\"url\":\"https:\/\/btektech.com\/\",\"logo\":{\"@type\":\"ImageObject\",\"inLanguage\":\"tr\",\"@id\":\"https:\/\/btektech.com\/#\/schema\/logo\/image\/\",\"url\":\"https:\/\/btektech.com\/wp-content\/uploads\/2021\/08\/btektech-logo.png\",\"contentUrl\":\"https:\/\/btektech.com\/wp-content\/uploads\/2021\/08\/btektech-logo.png\",\"width\":250,\"height\":114,\"caption\":\"Btektech\"},\"image\":{\"@id\":\"https:\/\/btektech.com\/#\/schema\/logo\/image\/\"},\"sameAs\":[\"https:\/\/x.com\/Btektech1\",\"https:\/\/www.instagram.com\/btektech\/\",\"https:\/\/www.linkedin.com\/company\/suzhou-baotailong-electronic-materials-co-ltd\/\",\"https:\/\/www.pinterest.com\/btektech\/_saved\/\",\"https:\/\/www.youtube.com\/channel\/UCBiw4Bc4CmQDrdo-QqyVTqQ\"]}]}<\/script>\n<!-- \/ Yoast SEO plugin. -->","yoast_head_json":{"title":"Tek Kulak Ayarlanabilir Kelep\u00e7e - Btektech","description":"Kanca takma konumu iste\u011fe ba\u011fl\u0131d\u0131r: ayar aral\u0131\u011f\u0131 b\u00fcy\u00fckt\u00fcr ve daha geni\u015f bir ayar aral\u0131\u011f\u0131 elde etmek i\u00e7in delik say\u0131s\u0131 art\u0131r\u0131labilir veya azalt\u0131labilir.","robots":{"index":"index","follow":"follow","max-snippet":"max-snippet:-1","max-image-preview":"max-image-preview:large","max-video-preview":"max-video-preview:-1"},"canonical":"https:\/\/btektech.com\/tr\/product\/tek-kulak-ayarlanabilir-kelepce\/","og_locale":"tr_TR","og_type":"article","og_title":"Tek Kulak Ayarlanabilir Kelep\u00e7e - Btektech","og_description":"Kanca takma konumu iste\u011fe ba\u011fl\u0131d\u0131r: ayar aral\u0131\u011f\u0131 b\u00fcy\u00fckt\u00fcr ve daha geni\u015f bir ayar aral\u0131\u011f\u0131 elde etmek i\u00e7in delik say\u0131s\u0131 art\u0131r\u0131labilir veya azalt\u0131labilir.","og_url":"https:\/\/btektech.com\/tr\/product\/tek-kulak-ayarlanabilir-kelepce\/","og_site_name":"Btektech","article_modified_time":"2022-11-21T02:31:45+00:00","og_image":[{"width":500,"height":500,"url":"https:\/\/btektech.com\/wp-content\/uploads\/2021\/09\/Screenshot-2021-09-15-184055.jpg","type":"image\/jpeg"}],"twitter_card":"summary_large_image","twitter_site":"@Btektech1","twitter_misc":{"Tahmini okuma s\u00fcresi":"1 dakika"},"schema":{"@context":"https:\/\/schema.org","@graph":[{"@type":["WebPage","ItemPage"],"@id":"https:\/\/btektech.com\/tr\/product\/tek-kulak-ayarlanabilir-kelepce\/","url":"https:\/\/btektech.com\/tr\/product\/tek-kulak-ayarlanabilir-kelepce\/","name":"Tek Kulak Ayarlanabilir Kelep\u00e7e - Btektech","isPartOf":{"@id":"https:\/\/btektech.com\/#website"},"primaryImageOfPage":{"@id":"https:\/\/btektech.com\/tr\/product\/tek-kulak-ayarlanabilir-kelepce\/#primaryimage"},"image":{"@id":"https:\/\/btektech.com\/tr\/product\/tek-kulak-ayarlanabilir-kelepce\/#primaryimage"},"thumbnailUrl":"https:\/\/btektech.com\/wp-content\/uploads\/2021\/09\/Screenshot-2021-09-15-184055.jpg","datePublished":"2022-04-25T08:57:37+00:00","dateModified":"2022-11-21T02:31:45+00:00","description":"Kanca takma konumu iste\u011fe ba\u011fl\u0131d\u0131r: ayar aral\u0131\u011f\u0131 b\u00fcy\u00fckt\u00fcr ve daha geni\u015f bir ayar aral\u0131\u011f\u0131 elde etmek i\u00e7in delik say\u0131s\u0131 art\u0131r\u0131labilir veya azalt\u0131labilir.","breadcrumb":{"@id":"https:\/\/btektech.com\/tr\/product\/tek-kulak-ayarlanabilir-kelepce\/#breadcrumb"},"inLanguage":"tr","potentialAction":[{"@type":"ReadAction","target":["https:\/\/btektech.com\/tr\/product\/tek-kulak-ayarlanabilir-kelepce\/"]}]},{"@type":"ImageObject","inLanguage":"tr","@id":"https:\/\/btektech.com\/tr\/product\/tek-kulak-ayarlanabilir-kelepce\/#primaryimage","url":"https:\/\/btektech.com\/wp-content\/uploads\/2021\/09\/Screenshot-2021-09-15-184055.jpg","contentUrl":"https:\/\/btektech.com\/wp-content\/uploads\/2021\/09\/Screenshot-2021-09-15-184055.jpg","width":500,"height":500,"caption":"Tek Kulak Ayarlanabilir Kelep\u00e7e"},{"@type":"BreadcrumbList","@id":"https:\/\/btektech.com\/tr\/product\/tek-kulak-ayarlanabilir-kelepce\/#breadcrumb","itemListElement":[{"@type":"ListItem","position":1,"name":"Home","item":"https:\/\/btektech.com\/tr\/home-2\/"},{"@type":"ListItem","position":2,"name":"\u00dcr\u00fcnler","item":"https:\/\/btektech.com\/tr\/shop\/"},{"@type":"ListItem","position":3,"name":"Heavy-Duty &amp; Industrial Hose Clamps","item":"https:\/\/btektech.com\/product-category\/heavy-duty-and-industrial-hose-clamps\/"},{"@type":"ListItem","position":4,"name":"Tek Kulak Ayarlanabilir Kelep\u00e7e"}]},{"@type":"WebSite","@id":"https:\/\/btektech.com\/#website","url":"https:\/\/btektech.com\/","name":"Btektech","description":"","publisher":{"@id":"https:\/\/btektech.com\/#organization"},"potentialAction":[{"@type":"SearchAction","target":{"@type":"EntryPoint","urlTemplate":"https:\/\/btektech.com\/?s={search_term_string}"},"query-input":{"@type":"PropertyValueSpecification","valueRequired":true,"valueName":"search_term_string"}}],"inLanguage":"tr"},{"@type":"Organization","@id":"https:\/\/btektech.com\/#organization","name":"Btektech","url":"https:\/\/btektech.com\/","logo":{"@type":"ImageObject","inLanguage":"tr","@id":"https:\/\/btektech.com\/#\/schema\/logo\/image\/","url":"https:\/\/btektech.com\/wp-content\/uploads\/2021\/08\/btektech-logo.png","contentUrl":"https:\/\/btektech.com\/wp-content\/uploads\/2021\/08\/btektech-logo.png","width":250,"height":114,"caption":"Btektech"},"image":{"@id":"https:\/\/btektech.com\/#\/schema\/logo\/image\/"},"sameAs":["https:\/\/x.com\/Btektech1","https:\/\/www.instagram.com\/btektech\/","https:\/\/www.linkedin.com\/company\/suzhou-baotailong-electronic-materials-co-ltd\/","https:\/\/www.pinterest.com\/btektech\/_saved\/","https:\/\/www.youtube.com\/channel\/UCBiw4Bc4CmQDrdo-QqyVTqQ"]}]}},"_links":{"self":[{"href":"https:\/\/btektech.com\/tr\/wp-json\/wp\/v2\/product\/5328","targetHints":{"allow":["GET"]}}],"collection":[{"href":"https:\/\/btektech.com\/tr\/wp-json\/wp\/v2\/product"}],"about":[{"href":"https:\/\/btektech.com\/tr\/wp-json\/wp\/v2\/types\/product"}],"replies":[{"embeddable":true,"href":"https:\/\/btektech.com\/tr\/wp-json\/wp\/v2\/comments?post=5328"}],"version-history":[{"count":0,"href":"https:\/\/btektech.com\/tr\/wp-json\/wp\/v2\/product\/5328\/revisions"}],"wp:featuredmedia":[{"embeddable":true,"href":"https:\/\/btektech.com\/tr\/wp-json\/wp\/v2\/media\/2354"}],"wp:attachment":[{"href":"https:\/\/btektech.com\/tr\/wp-json\/wp\/v2\/media?parent=5328"}],"wp:term":[{"taxonomy":"product_brand","embeddable":true,"href":"https:\/\/btektech.com\/tr\/wp-json\/wp\/v2\/product_brand?post=5328"},{"taxonomy":"product_cat","embeddable":true,"href":"https:\/\/btektech.com\/tr\/wp-json\/wp\/v2\/product_cat?post=5328"},{"taxonomy":"product_tag","embeddable":true,"href":"https:\/\/btektech.com\/tr\/wp-json\/wp\/v2\/product_tag?post=5328"}],"curies":[{"name":"wp","href":"https:\/\/api.w.org\/{rel}","templated":true}]}}