{"id":5327,"date":"2021-09-18T06:37:53","date_gmt":"2022-04-25T08:57:37","guid":{"rendered":"https:\/\/btektech.com\/product\/yayli-kelepce\/"},"modified":"2022-11-21T02:35:24","modified_gmt":"2022-11-21T02:35:24","slug":"yayli-kelepce","status":"publish","type":"product","link":"https:\/\/btektech.com\/tr\/product\/yayli-kelepce\/","title":{"rendered":"Yayl\u0131 kelep\u00e7e"},"content":{"rendered":"<p>M\u00fckemmel malzeme se\u00e7imi, m\u00fckemmel \u0131s\u0131l i\u015flem, y\u00fczey i\u015fleminin derinle\u015ftirilmesi, gelen malzemenin testinden bitmi\u015f \u00fcr\u00fcnden sonra \u0131s\u0131l i\u015flemin s\u0131cakl\u0131k kontrol\u00fcne kadar m\u00fckemmel 65MN malzemeleri se\u00e7in, bu malzemenin maksimum esnekli\u011fini oynamak i\u00e7in !<\/p>\n<div style=\"overflow: auto;\">\n<table style=\"text-align: center;\">\n<tbody>\n<tr>\n<th>\u0130\u00e7 \u00e7ap optimizasyonu(mm) D<\/th>\n<th>optimal olmayan D(mm)<\/th>\n<th>Malzeme kal\u0131nl\u0131\u011f\u0131(mm) T<\/th>\n<th>Geni\u015flik(mm)<\/th>\n<\/tr>\n<tr>\n<td>\u03c67<\/td>\n<td>7.5<\/td>\n<td>0.6<\/td>\n<td>6<\/td>\n<\/tr>\n<tr>\n<td>\u03c68<\/td>\n<td>8.5<\/td>\n<td>0.8<\/td>\n<td>8<\/td>\n<\/tr>\n<tr>\n<td>\u03c69<\/td>\n<td>9.5<\/td>\n<td>0.8<\/td>\n<td>8<\/td>\n<\/tr>\n<tr>\n<td>\u03c610<\/td>\n<td>10.5<\/td>\n<td>0.8<\/td>\n<td>8<\/td>\n<\/tr>\n<tr>\n<td>\u03c611<\/td>\n<td>11.5<\/td>\n<td>0.8<\/td>\n<td>8<\/td>\n<\/tr>\n<tr>\n<td>\u03c612<\/td>\n<td>12.5<\/td>\n<td>0.8<\/td>\n<td>8<\/td>\n<\/tr>\n<tr>\n<td>\u03c613<\/td>\n<td>13.5<\/td>\n<td>0.8<\/td>\n<td>10<\/td>\n<\/tr>\n<tr>\n<td>\u03c614<\/td>\n<td>14.5<\/td>\n<td>0.8<\/td>\n<td>10<\/td>\n<\/tr>\n<tr>\n<td>\u03c615<\/td>\n<td>15.5<\/td>\n<td>1<\/td>\n<td>10<\/td>\n<\/tr>\n<tr>\n<td>\u03c616<\/td>\n<td>16.5<\/td>\n<td>1<\/td>\n<td>10<\/td>\n<\/tr>\n<tr>\n<td>\u03c617<\/td>\n<td>17.5<\/td>\n<td>1<\/td>\n<td>10<\/td>\n<\/tr>\n<tr>\n<td>\u03c618<\/td>\n<td>18.5<\/td>\n<td>1<\/td>\n<td>10<\/td>\n<\/tr>\n<tr>\n<td>\u03c619<\/td>\n<td>19.5<\/td>\n<td>1<\/td>\n<td>10<\/td>\n<\/tr>\n<tr>\n<td>\u03c620<\/td>\n<td>20.5<\/td>\n<td>1.2<\/td>\n<td>12<\/td>\n<\/tr>\n<tr>\n<td>\u03c620<\/td>\n<td>20.5<\/td>\n<td>1.5<\/td>\n<td>15<\/td>\n<\/tr>\n<tr>\n<td>\u03c621<\/td>\n<td>21.5<\/td>\n<td>1.5<\/td>\n<td>15<\/td>\n<\/tr>\n<tr>\n<td>\u03c622<\/td>\n<td>22.5<\/td>\n<td>1.5<\/td>\n<td>15<\/td>\n<\/tr>\n<tr>\n<td>\u03c623<\/td>\n<td>23.5<\/td>\n<td>1.5<\/td>\n<td>15<\/td>\n<\/tr>\n<tr>\n<td>\u03c624<\/td>\n<td>24.5<\/td>\n<td>1.5<\/td>\n<td>15<\/td>\n<\/tr>\n<tr>\n<td>\u03c625<\/td>\n<td>25.5<\/td>\n<td>1.5<\/td>\n<td>15<\/td>\n<\/tr>\n<tr>\n<td>\u03c628<\/td>\n<td>28.5<\/td>\n<td>1.5<\/td>\n<td>15<\/td>\n<\/tr>\n<tr>\n<td>\u03c630<\/td>\n<td>30.5<\/td>\n<td>1.5<\/td>\n<td>15<\/td>\n<\/tr>\n<\/tbody>\n<\/table>\n<\/div>\n","protected":false},"excerpt":{"rendered":"<p>Di\u011fer hortum kelep\u00e7eleriyle kar\u015f\u0131la\u015ft\u0131r\u0131ld\u0131\u011f\u0131nda, hortum kelep\u00e7esinin tak\u0131lmas\u0131 daha uygundur. Sadece 2 saniye s\u00fcrer, bu daha do\u011frudur ve \u00fcretim verimlili\u011fini b\u00fcy\u00fck \u00f6l\u00e7\u00fcde art\u0131r\u0131r ve \u00fcretim maliyetlerinden tasarruf sa\u011flar.<\/p>\n","protected":false},"featured_media":2438,"comment_status":"open","ping_status":"closed","template":"","meta":{"_acf_changed":false},"product_brand":[],"product_cat":[138],"product_tag":[],"class_list":{"0":"post-5327","1":"product","2":"type-product","3":"status-publish","4":"has-post-thumbnail","6":"product_cat-hortum-kelepceleri","8":"first","9":"instock","10":"shipping-taxable","11":"product-type-simple"},"acf":[],"yoast_head":"<!-- This site is optimized with the Yoast SEO plugin v26.0 - https:\/\/yoast.com\/wordpress\/plugins\/seo\/ -->\n<title>Yayl\u0131 kelep\u00e7e - Btektech<\/title>\n<meta name=\"description\" content=\"Di\u011fer hortum kelep\u00e7eleriyle kar\u015f\u0131la\u015ft\u0131r\u0131ld\u0131\u011f\u0131nda, hortum kelep\u00e7esinin tak\u0131lmas\u0131 daha uygundur. Sadece 2 saniye s\u00fcrer, bu daha do\u011frudur ve \u00fcretim verimlili\u011fini b\u00fcy\u00fck \u00f6l\u00e7\u00fcde art\u0131r\u0131r ve \u00fcretim maliyetlerinden tasarruf sa\u011flar.\" \/>\n<meta name=\"robots\" content=\"index, follow, max-snippet:-1, max-image-preview:large, max-video-preview:-1\" \/>\n<link rel=\"canonical\" href=\"https:\/\/btektech.com\/tr\/product\/yayli-kelepce\/\" \/>\n<meta property=\"og:locale\" content=\"tr_TR\" \/>\n<meta property=\"og:type\" content=\"article\" \/>\n<meta property=\"og:title\" content=\"Yayl\u0131 kelep\u00e7e - Btektech\" \/>\n<meta property=\"og:description\" content=\"Di\u011fer hortum kelep\u00e7eleriyle kar\u015f\u0131la\u015ft\u0131r\u0131ld\u0131\u011f\u0131nda, hortum kelep\u00e7esinin tak\u0131lmas\u0131 daha uygundur. Sadece 2 saniye s\u00fcrer, bu daha do\u011frudur ve \u00fcretim verimlili\u011fini b\u00fcy\u00fck \u00f6l\u00e7\u00fcde art\u0131r\u0131r ve \u00fcretim maliyetlerinden tasarruf sa\u011flar.\" \/>\n<meta property=\"og:url\" content=\"https:\/\/btektech.com\/tr\/product\/yayli-kelepce\/\" \/>\n<meta property=\"og:site_name\" content=\"Btektech\" \/>\n<meta property=\"article:modified_time\" content=\"2022-11-21T02:35:24+00:00\" \/>\n<meta property=\"og:image\" content=\"https:\/\/btektech.com\/wp-content\/uploads\/2021\/09\/Springe-210918140308.jpg\" \/>\n\t<meta property=\"og:image:width\" content=\"800\" \/>\n\t<meta property=\"og:image:height\" content=\"800\" \/>\n\t<meta property=\"og:image:type\" content=\"image\/jpeg\" \/>\n<meta name=\"twitter:card\" content=\"summary_large_image\" \/>\n<meta name=\"twitter:site\" content=\"@Btektech1\" \/>\n<meta name=\"twitter:label1\" content=\"Tahmini okuma s\u00fcresi\" \/>\n\t<meta name=\"twitter:data1\" content=\"1 dakika\" \/>\n<script type=\"application\/ld+json\" class=\"yoast-schema-graph\">{\"@context\":\"https:\/\/schema.org\",\"@graph\":[{\"@type\":[\"WebPage\",\"ItemPage\"],\"@id\":\"https:\/\/btektech.com\/tr\/product\/yayli-kelepce\/\",\"url\":\"https:\/\/btektech.com\/tr\/product\/yayli-kelepce\/\",\"name\":\"Yayl\u0131 kelep\u00e7e - Btektech\",\"isPartOf\":{\"@id\":\"https:\/\/btektech.com\/#website\"},\"primaryImageOfPage\":{\"@id\":\"https:\/\/btektech.com\/tr\/product\/yayli-kelepce\/#primaryimage\"},\"image\":{\"@id\":\"https:\/\/btektech.com\/tr\/product\/yayli-kelepce\/#primaryimage\"},\"thumbnailUrl\":\"https:\/\/btektech.com\/wp-content\/uploads\/2021\/09\/Springe-210918140308.jpg\",\"datePublished\":\"2022-04-25T08:57:37+00:00\",\"dateModified\":\"2022-11-21T02:35:24+00:00\",\"description\":\"Di\u011fer hortum kelep\u00e7eleriyle kar\u015f\u0131la\u015ft\u0131r\u0131ld\u0131\u011f\u0131nda, hortum kelep\u00e7esinin tak\u0131lmas\u0131 daha uygundur. Sadece 2 saniye s\u00fcrer, bu daha do\u011frudur ve \u00fcretim verimlili\u011fini b\u00fcy\u00fck \u00f6l\u00e7\u00fcde art\u0131r\u0131r ve \u00fcretim maliyetlerinden tasarruf sa\u011flar.\",\"breadcrumb\":{\"@id\":\"https:\/\/btektech.com\/tr\/product\/yayli-kelepce\/#breadcrumb\"},\"inLanguage\":\"tr\",\"potentialAction\":[{\"@type\":\"ReadAction\",\"target\":[\"https:\/\/btektech.com\/tr\/product\/yayli-kelepce\/\"]}]},{\"@type\":\"ImageObject\",\"inLanguage\":\"tr\",\"@id\":\"https:\/\/btektech.com\/tr\/product\/yayli-kelepce\/#primaryimage\",\"url\":\"https:\/\/btektech.com\/wp-content\/uploads\/2021\/09\/Springe-210918140308.jpg\",\"contentUrl\":\"https:\/\/btektech.com\/wp-content\/uploads\/2021\/09\/Springe-210918140308.jpg\",\"width\":800,\"height\":800,\"caption\":\"Yayl\u0131 kelep\u00e7e\"},{\"@type\":\"BreadcrumbList\",\"@id\":\"https:\/\/btektech.com\/tr\/product\/yayli-kelepce\/#breadcrumb\",\"itemListElement\":[{\"@type\":\"ListItem\",\"position\":1,\"name\":\"Home\",\"item\":\"https:\/\/btektech.com\/tr\/\"},{\"@type\":\"ListItem\",\"position\":2,\"name\":\"\u00dcr\u00fcnler\",\"item\":\"https:\/\/btektech.com\/tr\/shop\/\"},{\"@type\":\"ListItem\",\"position\":3,\"name\":\"Heavy-Duty &amp; Industrial Hose Clamps\",\"item\":\"https:\/\/btektech.com\/product-category\/heavy-duty-and-industrial-hose-clamps\/\"},{\"@type\":\"ListItem\",\"position\":4,\"name\":\"Yayl\u0131 kelep\u00e7e\"}]},{\"@type\":\"WebSite\",\"@id\":\"https:\/\/btektech.com\/#website\",\"url\":\"https:\/\/btektech.com\/\",\"name\":\"Btektech\",\"description\":\"\",\"publisher\":{\"@id\":\"https:\/\/btektech.com\/#organization\"},\"potentialAction\":[{\"@type\":\"SearchAction\",\"target\":{\"@type\":\"EntryPoint\",\"urlTemplate\":\"https:\/\/btektech.com\/?s={search_term_string}\"},\"query-input\":{\"@type\":\"PropertyValueSpecification\",\"valueRequired\":true,\"valueName\":\"search_term_string\"}}],\"inLanguage\":\"tr\"},{\"@type\":\"Organization\",\"@id\":\"https:\/\/btektech.com\/#organization\",\"name\":\"Btektech\",\"url\":\"https:\/\/btektech.com\/\",\"logo\":{\"@type\":\"ImageObject\",\"inLanguage\":\"tr\",\"@id\":\"https:\/\/btektech.com\/#\/schema\/logo\/image\/\",\"url\":\"https:\/\/btektech.com\/wp-content\/uploads\/2021\/08\/btektech-logo.png\",\"contentUrl\":\"https:\/\/btektech.com\/wp-content\/uploads\/2021\/08\/btektech-logo.png\",\"width\":250,\"height\":114,\"caption\":\"Btektech\"},\"image\":{\"@id\":\"https:\/\/btektech.com\/#\/schema\/logo\/image\/\"},\"sameAs\":[\"https:\/\/x.com\/Btektech1\",\"https:\/\/www.instagram.com\/btektech\/\",\"https:\/\/www.linkedin.com\/company\/suzhou-baotailong-electronic-materials-co-ltd\/\",\"https:\/\/www.pinterest.com\/btektech\/_saved\/\",\"https:\/\/www.youtube.com\/channel\/UCBiw4Bc4CmQDrdo-QqyVTqQ\"]}]}<\/script>\n<!-- \/ Yoast SEO plugin. -->","yoast_head_json":{"title":"Yayl\u0131 kelep\u00e7e - Btektech","description":"Di\u011fer hortum kelep\u00e7eleriyle kar\u015f\u0131la\u015ft\u0131r\u0131ld\u0131\u011f\u0131nda, hortum kelep\u00e7esinin tak\u0131lmas\u0131 daha uygundur. Sadece 2 saniye s\u00fcrer, bu daha do\u011frudur ve \u00fcretim verimlili\u011fini b\u00fcy\u00fck \u00f6l\u00e7\u00fcde art\u0131r\u0131r ve \u00fcretim maliyetlerinden tasarruf sa\u011flar.","robots":{"index":"index","follow":"follow","max-snippet":"max-snippet:-1","max-image-preview":"max-image-preview:large","max-video-preview":"max-video-preview:-1"},"canonical":"https:\/\/btektech.com\/tr\/product\/yayli-kelepce\/","og_locale":"tr_TR","og_type":"article","og_title":"Yayl\u0131 kelep\u00e7e - Btektech","og_description":"Di\u011fer hortum kelep\u00e7eleriyle kar\u015f\u0131la\u015ft\u0131r\u0131ld\u0131\u011f\u0131nda, hortum kelep\u00e7esinin tak\u0131lmas\u0131 daha uygundur. Sadece 2 saniye s\u00fcrer, bu daha do\u011frudur ve \u00fcretim verimlili\u011fini b\u00fcy\u00fck \u00f6l\u00e7\u00fcde art\u0131r\u0131r ve \u00fcretim maliyetlerinden tasarruf sa\u011flar.","og_url":"https:\/\/btektech.com\/tr\/product\/yayli-kelepce\/","og_site_name":"Btektech","article_modified_time":"2022-11-21T02:35:24+00:00","og_image":[{"width":800,"height":800,"url":"https:\/\/btektech.com\/wp-content\/uploads\/2021\/09\/Springe-210918140308.jpg","type":"image\/jpeg"}],"twitter_card":"summary_large_image","twitter_site":"@Btektech1","twitter_misc":{"Tahmini okuma s\u00fcresi":"1 dakika"},"schema":{"@context":"https:\/\/schema.org","@graph":[{"@type":["WebPage","ItemPage"],"@id":"https:\/\/btektech.com\/tr\/product\/yayli-kelepce\/","url":"https:\/\/btektech.com\/tr\/product\/yayli-kelepce\/","name":"Yayl\u0131 kelep\u00e7e - Btektech","isPartOf":{"@id":"https:\/\/btektech.com\/#website"},"primaryImageOfPage":{"@id":"https:\/\/btektech.com\/tr\/product\/yayli-kelepce\/#primaryimage"},"image":{"@id":"https:\/\/btektech.com\/tr\/product\/yayli-kelepce\/#primaryimage"},"thumbnailUrl":"https:\/\/btektech.com\/wp-content\/uploads\/2021\/09\/Springe-210918140308.jpg","datePublished":"2022-04-25T08:57:37+00:00","dateModified":"2022-11-21T02:35:24+00:00","description":"Di\u011fer hortum kelep\u00e7eleriyle kar\u015f\u0131la\u015ft\u0131r\u0131ld\u0131\u011f\u0131nda, hortum kelep\u00e7esinin tak\u0131lmas\u0131 daha uygundur. Sadece 2 saniye s\u00fcrer, bu daha do\u011frudur ve \u00fcretim verimlili\u011fini b\u00fcy\u00fck \u00f6l\u00e7\u00fcde art\u0131r\u0131r ve \u00fcretim maliyetlerinden tasarruf sa\u011flar.","breadcrumb":{"@id":"https:\/\/btektech.com\/tr\/product\/yayli-kelepce\/#breadcrumb"},"inLanguage":"tr","potentialAction":[{"@type":"ReadAction","target":["https:\/\/btektech.com\/tr\/product\/yayli-kelepce\/"]}]},{"@type":"ImageObject","inLanguage":"tr","@id":"https:\/\/btektech.com\/tr\/product\/yayli-kelepce\/#primaryimage","url":"https:\/\/btektech.com\/wp-content\/uploads\/2021\/09\/Springe-210918140308.jpg","contentUrl":"https:\/\/btektech.com\/wp-content\/uploads\/2021\/09\/Springe-210918140308.jpg","width":800,"height":800,"caption":"Yayl\u0131 kelep\u00e7e"},{"@type":"BreadcrumbList","@id":"https:\/\/btektech.com\/tr\/product\/yayli-kelepce\/#breadcrumb","itemListElement":[{"@type":"ListItem","position":1,"name":"Home","item":"https:\/\/btektech.com\/tr\/"},{"@type":"ListItem","position":2,"name":"\u00dcr\u00fcnler","item":"https:\/\/btektech.com\/tr\/shop\/"},{"@type":"ListItem","position":3,"name":"Heavy-Duty &amp; Industrial Hose Clamps","item":"https:\/\/btektech.com\/product-category\/heavy-duty-and-industrial-hose-clamps\/"},{"@type":"ListItem","position":4,"name":"Yayl\u0131 kelep\u00e7e"}]},{"@type":"WebSite","@id":"https:\/\/btektech.com\/#website","url":"https:\/\/btektech.com\/","name":"Btektech","description":"","publisher":{"@id":"https:\/\/btektech.com\/#organization"},"potentialAction":[{"@type":"SearchAction","target":{"@type":"EntryPoint","urlTemplate":"https:\/\/btektech.com\/?s={search_term_string}"},"query-input":{"@type":"PropertyValueSpecification","valueRequired":true,"valueName":"search_term_string"}}],"inLanguage":"tr"},{"@type":"Organization","@id":"https:\/\/btektech.com\/#organization","name":"Btektech","url":"https:\/\/btektech.com\/","logo":{"@type":"ImageObject","inLanguage":"tr","@id":"https:\/\/btektech.com\/#\/schema\/logo\/image\/","url":"https:\/\/btektech.com\/wp-content\/uploads\/2021\/08\/btektech-logo.png","contentUrl":"https:\/\/btektech.com\/wp-content\/uploads\/2021\/08\/btektech-logo.png","width":250,"height":114,"caption":"Btektech"},"image":{"@id":"https:\/\/btektech.com\/#\/schema\/logo\/image\/"},"sameAs":["https:\/\/x.com\/Btektech1","https:\/\/www.instagram.com\/btektech\/","https:\/\/www.linkedin.com\/company\/suzhou-baotailong-electronic-materials-co-ltd\/","https:\/\/www.pinterest.com\/btektech\/_saved\/","https:\/\/www.youtube.com\/channel\/UCBiw4Bc4CmQDrdo-QqyVTqQ"]}]}},"_links":{"self":[{"href":"https:\/\/btektech.com\/tr\/wp-json\/wp\/v2\/product\/5327","targetHints":{"allow":["GET"]}}],"collection":[{"href":"https:\/\/btektech.com\/tr\/wp-json\/wp\/v2\/product"}],"about":[{"href":"https:\/\/btektech.com\/tr\/wp-json\/wp\/v2\/types\/product"}],"replies":[{"embeddable":true,"href":"https:\/\/btektech.com\/tr\/wp-json\/wp\/v2\/comments?post=5327"}],"version-history":[{"count":0,"href":"https:\/\/btektech.com\/tr\/wp-json\/wp\/v2\/product\/5327\/revisions"}],"wp:featuredmedia":[{"embeddable":true,"href":"https:\/\/btektech.com\/tr\/wp-json\/wp\/v2\/media\/2438"}],"wp:attachment":[{"href":"https:\/\/btektech.com\/tr\/wp-json\/wp\/v2\/media?parent=5327"}],"wp:term":[{"taxonomy":"product_brand","embeddable":true,"href":"https:\/\/btektech.com\/tr\/wp-json\/wp\/v2\/product_brand?post=5327"},{"taxonomy":"product_cat","embeddable":true,"href":"https:\/\/btektech.com\/tr\/wp-json\/wp\/v2\/product_cat?post=5327"},{"taxonomy":"product_tag","embeddable":true,"href":"https:\/\/btektech.com\/tr\/wp-json\/wp\/v2\/product_tag?post=5327"}],"curies":[{"name":"wp","href":"https:\/\/api.w.org\/{rel}","templated":true}]}}