{"id":5325,"date":"2021-09-26T07:24:46","date_gmt":"2021-09-26T07:24:46","guid":{"rendered":"https:\/\/btektech.com\/product\/manuel-tutkal-tabancasi\/"},"modified":"2022-09-28T03:56:43","modified_gmt":"2022-09-28T03:56:43","slug":"manuel-siringa-tabancasi","status":"publish","type":"product","link":"https:\/\/btektech.com\/tr\/product\/manuel-siringa-tabancasi\/","title":{"rendered":"Manuel \u015e\u0131r\u0131nga Tabancas\u0131"},"content":{"rendered":"<p>Bu Manuel \u015e\u0131r\u0131nga Tabancas\u0131 elektri\u011fe ihtiya\u00e7 duymaz, montaj ve kullan\u0131m s\u00fcreci \u00e7ok d\u00fczg\u00fcnd\u00fcr. Ayn\u0131 \u00f6zelliklere sahip kartu\u015f ve uygun mikser t\u00fcp\u00fc ile \u00e7ok uygun yap\u0131\u015ft\u0131r\u0131c\u0131 olabilir. 10cc\/30cc\/55cc da\u011f\u0131t\u0131m \u015f\u0131r\u0131ngalar\u0131 i\u00e7in uygundur.<\/p>\n<div style=\"overflow-x: auto;\">\n<table style=\"text-align: center;\">\n<tbody>\n<tr>\n<th>E\u015fya yok.<\/th>\n<th>hacim<\/th>\n<th>Renk<\/th>\n<th>A\u011f\u0131rl\u0131k<\/th>\n<th>Malzeme<\/th>\n<\/tr>\n<tr>\n<td>FT30<\/td>\n<td>30cc<\/td>\n<td>Beyaz kapal\u0131<\/td>\n<td>226g<\/td>\n<td>PP, PE, Metal<\/td>\n<\/tr>\n<tr>\n<td>FT55<\/td>\n<td>55cc<\/td>\n<td>Beyaz kapal\u0131<\/td>\n<td>230g<\/td>\n<td>PP, PE, Metal<\/td>\n<\/tr>\n<tr>\n<td>FL10<\/td>\n<td>10CC<\/td>\n<td>Mavi beyaz<\/td>\n<td>110g<\/td>\n<td>Naylon, Polipropilen<\/td>\n<\/tr>\n<tr>\n<td>FL30<\/td>\n<td>30CC \/ 55CC<\/td>\n<td>K\u0131rm\u0131z\u0131 beyaz<\/td>\n<td>115g<\/td>\n<td>Naylon, Polipropilen<\/td>\n<\/tr>\n<\/tbody>\n<\/table>\n<\/div>\n","protected":false},"excerpt":{"rendered":"<p>Bu Manuel \u015e\u0131r\u0131nga Tabancas\u0131, tutmas\u0131 rahat, k\u00fc\u00e7\u00fck ve ta\u015f\u0131nabilir, ergonomik sapt\u0131r.<\/p>\n","protected":false},"featured_media":4592,"comment_status":"open","ping_status":"closed","template":"","meta":{"_acf_changed":false},"product_brand":[],"product_cat":[15],"product_tag":[],"class_list":{"0":"post-5325","1":"product","2":"type-product","3":"status-publish","4":"has-post-thumbnail","6":"product_cat-uncategorized","8":"first","9":"instock","10":"shipping-taxable","11":"product-type-simple"},"acf":[],"yoast_head":"<!-- This site is optimized with the Yoast SEO plugin v26.0 - https:\/\/yoast.com\/wordpress\/plugins\/seo\/ -->\n<title>Manuel \u015e\u0131r\u0131nga Tabancas\u0131 - Btektech<\/title>\n<meta name=\"description\" content=\"Manuel \u015e\u0131r\u0131nga Tabancas\u0131, montaj ve kullan\u0131m s\u00fcreci \u00e7ok d\u00fczg\u00fcnd\u00fcr. Ayn\u0131 \u00f6zelliklere sahip kartu\u015f ve uygun mikser t\u00fcp\u00fc ile \u00e7ok uygun yap\u0131\u015ft\u0131r\u0131c\u0131 olabilir.\" \/>\n<meta name=\"robots\" content=\"index, follow, max-snippet:-1, max-image-preview:large, max-video-preview:-1\" \/>\n<link rel=\"canonical\" href=\"https:\/\/btektech.com\/tr\/product\/manuel-siringa-tabancasi\/\" \/>\n<meta property=\"og:locale\" content=\"tr_TR\" \/>\n<meta property=\"og:type\" content=\"article\" \/>\n<meta property=\"og:title\" content=\"Manuel \u015e\u0131r\u0131nga Tabancas\u0131 - Btektech\" \/>\n<meta property=\"og:description\" content=\"Manuel \u015e\u0131r\u0131nga Tabancas\u0131, montaj ve kullan\u0131m s\u00fcreci \u00e7ok d\u00fczg\u00fcnd\u00fcr. Ayn\u0131 \u00f6zelliklere sahip kartu\u015f ve uygun mikser t\u00fcp\u00fc ile \u00e7ok uygun yap\u0131\u015ft\u0131r\u0131c\u0131 olabilir.\" \/>\n<meta property=\"og:url\" content=\"https:\/\/btektech.com\/tr\/product\/manuel-siringa-tabancasi\/\" \/>\n<meta property=\"og:site_name\" content=\"Btektech\" \/>\n<meta property=\"article:modified_time\" content=\"2022-09-28T03:56:43+00:00\" \/>\n<meta property=\"og:image\" content=\"https:\/\/btektech.com\/wp-content\/uploads\/2021\/09\/manual-glue-gun.jpg\" \/>\n\t<meta property=\"og:image:width\" content=\"800\" \/>\n\t<meta property=\"og:image:height\" content=\"800\" \/>\n\t<meta property=\"og:image:type\" content=\"image\/jpeg\" \/>\n<meta name=\"twitter:card\" content=\"summary_large_image\" \/>\n<meta name=\"twitter:site\" content=\"@Btektech1\" \/>\n<meta name=\"twitter:label1\" content=\"Tahmini okuma s\u00fcresi\" \/>\n\t<meta name=\"twitter:data1\" content=\"1 dakika\" \/>\n<script type=\"application\/ld+json\" class=\"yoast-schema-graph\">{\"@context\":\"https:\/\/schema.org\",\"@graph\":[{\"@type\":[\"WebPage\",\"ItemPage\"],\"@id\":\"https:\/\/btektech.com\/tr\/product\/manuel-siringa-tabancasi\/\",\"url\":\"https:\/\/btektech.com\/tr\/product\/manuel-siringa-tabancasi\/\",\"name\":\"Manuel \u015e\u0131r\u0131nga Tabancas\u0131 - Btektech\",\"isPartOf\":{\"@id\":\"https:\/\/btektech.com\/#website\"},\"primaryImageOfPage\":{\"@id\":\"https:\/\/btektech.com\/tr\/product\/manuel-siringa-tabancasi\/#primaryimage\"},\"image\":{\"@id\":\"https:\/\/btektech.com\/tr\/product\/manuel-siringa-tabancasi\/#primaryimage\"},\"thumbnailUrl\":\"https:\/\/btektech.com\/wp-content\/uploads\/2021\/09\/manual-glue-gun.jpg\",\"datePublished\":\"2021-09-26T07:24:46+00:00\",\"dateModified\":\"2022-09-28T03:56:43+00:00\",\"description\":\"Manuel \u015e\u0131r\u0131nga Tabancas\u0131, montaj ve kullan\u0131m s\u00fcreci \u00e7ok d\u00fczg\u00fcnd\u00fcr. Ayn\u0131 \u00f6zelliklere sahip kartu\u015f ve uygun mikser t\u00fcp\u00fc ile \u00e7ok uygun yap\u0131\u015ft\u0131r\u0131c\u0131 olabilir.\",\"breadcrumb\":{\"@id\":\"https:\/\/btektech.com\/tr\/product\/manuel-siringa-tabancasi\/#breadcrumb\"},\"inLanguage\":\"tr\",\"potentialAction\":[{\"@type\":\"ReadAction\",\"target\":[\"https:\/\/btektech.com\/tr\/product\/manuel-siringa-tabancasi\/\"]}]},{\"@type\":\"ImageObject\",\"inLanguage\":\"tr\",\"@id\":\"https:\/\/btektech.com\/tr\/product\/manuel-siringa-tabancasi\/#primaryimage\",\"url\":\"https:\/\/btektech.com\/wp-content\/uploads\/2021\/09\/manual-glue-gun.jpg\",\"contentUrl\":\"https:\/\/btektech.com\/wp-content\/uploads\/2021\/09\/manual-glue-gun.jpg\",\"width\":800,\"height\":800,\"caption\":\"Manuel \u015e\u0131r\u0131nga Tabancas\u0131\"},{\"@type\":\"BreadcrumbList\",\"@id\":\"https:\/\/btektech.com\/tr\/product\/manuel-siringa-tabancasi\/#breadcrumb\",\"itemListElement\":[{\"@type\":\"ListItem\",\"position\":1,\"name\":\"Home\",\"item\":\"https:\/\/btektech.com\/tr\/home-2\/\"},{\"@type\":\"ListItem\",\"position\":2,\"name\":\"\u00dcr\u00fcnler\",\"item\":\"https:\/\/btektech.com\/tr\/shop\/\"},{\"@type\":\"ListItem\",\"position\":3,\"name\":\"Manuel \u015e\u0131r\u0131nga Tabancas\u0131\"}]},{\"@type\":\"WebSite\",\"@id\":\"https:\/\/btektech.com\/#website\",\"url\":\"https:\/\/btektech.com\/\",\"name\":\"Btektech\",\"description\":\"\",\"publisher\":{\"@id\":\"https:\/\/btektech.com\/#organization\"},\"potentialAction\":[{\"@type\":\"SearchAction\",\"target\":{\"@type\":\"EntryPoint\",\"urlTemplate\":\"https:\/\/btektech.com\/?s={search_term_string}\"},\"query-input\":{\"@type\":\"PropertyValueSpecification\",\"valueRequired\":true,\"valueName\":\"search_term_string\"}}],\"inLanguage\":\"tr\"},{\"@type\":\"Organization\",\"@id\":\"https:\/\/btektech.com\/#organization\",\"name\":\"Btektech\",\"url\":\"https:\/\/btektech.com\/\",\"logo\":{\"@type\":\"ImageObject\",\"inLanguage\":\"tr\",\"@id\":\"https:\/\/btektech.com\/#\/schema\/logo\/image\/\",\"url\":\"https:\/\/btektech.com\/wp-content\/uploads\/2021\/08\/btektech-logo.png\",\"contentUrl\":\"https:\/\/btektech.com\/wp-content\/uploads\/2021\/08\/btektech-logo.png\",\"width\":250,\"height\":114,\"caption\":\"Btektech\"},\"image\":{\"@id\":\"https:\/\/btektech.com\/#\/schema\/logo\/image\/\"},\"sameAs\":[\"https:\/\/x.com\/Btektech1\",\"https:\/\/www.instagram.com\/btektech\/\",\"https:\/\/www.linkedin.com\/company\/suzhou-baotailong-electronic-materials-co-ltd\/\",\"https:\/\/www.pinterest.com\/btektech\/_saved\/\",\"https:\/\/www.youtube.com\/channel\/UCBiw4Bc4CmQDrdo-QqyVTqQ\"]}]}<\/script>\n<!-- \/ Yoast SEO plugin. -->","yoast_head_json":{"title":"Manuel \u015e\u0131r\u0131nga Tabancas\u0131 - Btektech","description":"Manuel \u015e\u0131r\u0131nga Tabancas\u0131, montaj ve kullan\u0131m s\u00fcreci \u00e7ok d\u00fczg\u00fcnd\u00fcr. Ayn\u0131 \u00f6zelliklere sahip kartu\u015f ve uygun mikser t\u00fcp\u00fc ile \u00e7ok uygun yap\u0131\u015ft\u0131r\u0131c\u0131 olabilir.","robots":{"index":"index","follow":"follow","max-snippet":"max-snippet:-1","max-image-preview":"max-image-preview:large","max-video-preview":"max-video-preview:-1"},"canonical":"https:\/\/btektech.com\/tr\/product\/manuel-siringa-tabancasi\/","og_locale":"tr_TR","og_type":"article","og_title":"Manuel \u015e\u0131r\u0131nga Tabancas\u0131 - Btektech","og_description":"Manuel \u015e\u0131r\u0131nga Tabancas\u0131, montaj ve kullan\u0131m s\u00fcreci \u00e7ok d\u00fczg\u00fcnd\u00fcr. Ayn\u0131 \u00f6zelliklere sahip kartu\u015f ve uygun mikser t\u00fcp\u00fc ile \u00e7ok uygun yap\u0131\u015ft\u0131r\u0131c\u0131 olabilir.","og_url":"https:\/\/btektech.com\/tr\/product\/manuel-siringa-tabancasi\/","og_site_name":"Btektech","article_modified_time":"2022-09-28T03:56:43+00:00","og_image":[{"width":800,"height":800,"url":"https:\/\/btektech.com\/wp-content\/uploads\/2021\/09\/manual-glue-gun.jpg","type":"image\/jpeg"}],"twitter_card":"summary_large_image","twitter_site":"@Btektech1","twitter_misc":{"Tahmini okuma s\u00fcresi":"1 dakika"},"schema":{"@context":"https:\/\/schema.org","@graph":[{"@type":["WebPage","ItemPage"],"@id":"https:\/\/btektech.com\/tr\/product\/manuel-siringa-tabancasi\/","url":"https:\/\/btektech.com\/tr\/product\/manuel-siringa-tabancasi\/","name":"Manuel \u015e\u0131r\u0131nga Tabancas\u0131 - Btektech","isPartOf":{"@id":"https:\/\/btektech.com\/#website"},"primaryImageOfPage":{"@id":"https:\/\/btektech.com\/tr\/product\/manuel-siringa-tabancasi\/#primaryimage"},"image":{"@id":"https:\/\/btektech.com\/tr\/product\/manuel-siringa-tabancasi\/#primaryimage"},"thumbnailUrl":"https:\/\/btektech.com\/wp-content\/uploads\/2021\/09\/manual-glue-gun.jpg","datePublished":"2021-09-26T07:24:46+00:00","dateModified":"2022-09-28T03:56:43+00:00","description":"Manuel \u015e\u0131r\u0131nga Tabancas\u0131, montaj ve kullan\u0131m s\u00fcreci \u00e7ok d\u00fczg\u00fcnd\u00fcr. Ayn\u0131 \u00f6zelliklere sahip kartu\u015f ve uygun mikser t\u00fcp\u00fc ile \u00e7ok uygun yap\u0131\u015ft\u0131r\u0131c\u0131 olabilir.","breadcrumb":{"@id":"https:\/\/btektech.com\/tr\/product\/manuel-siringa-tabancasi\/#breadcrumb"},"inLanguage":"tr","potentialAction":[{"@type":"ReadAction","target":["https:\/\/btektech.com\/tr\/product\/manuel-siringa-tabancasi\/"]}]},{"@type":"ImageObject","inLanguage":"tr","@id":"https:\/\/btektech.com\/tr\/product\/manuel-siringa-tabancasi\/#primaryimage","url":"https:\/\/btektech.com\/wp-content\/uploads\/2021\/09\/manual-glue-gun.jpg","contentUrl":"https:\/\/btektech.com\/wp-content\/uploads\/2021\/09\/manual-glue-gun.jpg","width":800,"height":800,"caption":"Manuel \u015e\u0131r\u0131nga Tabancas\u0131"},{"@type":"BreadcrumbList","@id":"https:\/\/btektech.com\/tr\/product\/manuel-siringa-tabancasi\/#breadcrumb","itemListElement":[{"@type":"ListItem","position":1,"name":"Home","item":"https:\/\/btektech.com\/tr\/home-2\/"},{"@type":"ListItem","position":2,"name":"\u00dcr\u00fcnler","item":"https:\/\/btektech.com\/tr\/shop\/"},{"@type":"ListItem","position":3,"name":"Manuel \u015e\u0131r\u0131nga Tabancas\u0131"}]},{"@type":"WebSite","@id":"https:\/\/btektech.com\/#website","url":"https:\/\/btektech.com\/","name":"Btektech","description":"","publisher":{"@id":"https:\/\/btektech.com\/#organization"},"potentialAction":[{"@type":"SearchAction","target":{"@type":"EntryPoint","urlTemplate":"https:\/\/btektech.com\/?s={search_term_string}"},"query-input":{"@type":"PropertyValueSpecification","valueRequired":true,"valueName":"search_term_string"}}],"inLanguage":"tr"},{"@type":"Organization","@id":"https:\/\/btektech.com\/#organization","name":"Btektech","url":"https:\/\/btektech.com\/","logo":{"@type":"ImageObject","inLanguage":"tr","@id":"https:\/\/btektech.com\/#\/schema\/logo\/image\/","url":"https:\/\/btektech.com\/wp-content\/uploads\/2021\/08\/btektech-logo.png","contentUrl":"https:\/\/btektech.com\/wp-content\/uploads\/2021\/08\/btektech-logo.png","width":250,"height":114,"caption":"Btektech"},"image":{"@id":"https:\/\/btektech.com\/#\/schema\/logo\/image\/"},"sameAs":["https:\/\/x.com\/Btektech1","https:\/\/www.instagram.com\/btektech\/","https:\/\/www.linkedin.com\/company\/suzhou-baotailong-electronic-materials-co-ltd\/","https:\/\/www.pinterest.com\/btektech\/_saved\/","https:\/\/www.youtube.com\/channel\/UCBiw4Bc4CmQDrdo-QqyVTqQ"]}]}},"_links":{"self":[{"href":"https:\/\/btektech.com\/tr\/wp-json\/wp\/v2\/product\/5325","targetHints":{"allow":["GET"]}}],"collection":[{"href":"https:\/\/btektech.com\/tr\/wp-json\/wp\/v2\/product"}],"about":[{"href":"https:\/\/btektech.com\/tr\/wp-json\/wp\/v2\/types\/product"}],"replies":[{"embeddable":true,"href":"https:\/\/btektech.com\/tr\/wp-json\/wp\/v2\/comments?post=5325"}],"version-history":[{"count":0,"href":"https:\/\/btektech.com\/tr\/wp-json\/wp\/v2\/product\/5325\/revisions"}],"wp:featuredmedia":[{"embeddable":true,"href":"https:\/\/btektech.com\/tr\/wp-json\/wp\/v2\/media\/4592"}],"wp:attachment":[{"href":"https:\/\/btektech.com\/tr\/wp-json\/wp\/v2\/media?parent=5325"}],"wp:term":[{"taxonomy":"product_brand","embeddable":true,"href":"https:\/\/btektech.com\/tr\/wp-json\/wp\/v2\/product_brand?post=5325"},{"taxonomy":"product_cat","embeddable":true,"href":"https:\/\/btektech.com\/tr\/wp-json\/wp\/v2\/product_cat?post=5325"},{"taxonomy":"product_tag","embeddable":true,"href":"https:\/\/btektech.com\/tr\/wp-json\/wp\/v2\/product_tag?post=5325"}],"curies":[{"name":"wp","href":"https:\/\/api.w.org\/{rel}","templated":true}]}}