{"id":5324,"date":"2021-11-30T07:12:39","date_gmt":"2022-04-25T08:56:58","guid":{"rendered":"https:\/\/btektech.com\/product\/basinc-varil-tutkal-siringa\/"},"modified":"2022-07-29T09:11:22","modified_gmt":"2022-07-29T09:11:22","slug":"basinc-varil-tutkal-siringa","status":"publish","type":"product","link":"https:\/\/btektech.com\/tr\/product\/basinc-varil-tutkal-siringa\/","title":{"rendered":"Bas\u0131n\u00e7 Varil Tutkal \u015e\u0131r\u0131nga"},"content":{"rendered":"<p>End\u00fcstriyel uygulama g\u00fcvenlik standartlar\u0131na uygun olarak \u00fcst\u00fcn PP malzeme, zarif entegre kal\u0131plama i\u015flemi, \u00fcr\u00fcnlerin y\u00fcksek dikeyli\u011fi, tek tip duvar kal\u0131nl\u0131\u011f\u0131 ve iyi bas\u0131n\u00e7 direnci. Piyasadaki t\u00fcm modellerde ortak olan ve y\u00fcksek kaliteli pistona sahip uluslararas\u0131 standart ihracat, silindir duvar\u0131nda kal\u0131nt\u0131 kalmamas\u0131n\u0131, profesyonel arka kapa\u011f\u0131 ve kau\u00e7uk silindiri daha uygun ve daha iyi s\u0131zd\u0131rmaz hale getirebilir. Destekleyici metal man\u015fon kullan\u0131m\u0131 uygundur ve ayr\u0131ca her t\u00fcrl\u00fc da\u011f\u0131t\u0131m ekipman\u0131 ve mekanik ekipmanla birlikte kullan\u0131labilir. D\u00f6n\u00fc\u015f\u00fcm i\u011fnesini ve her t\u00fcrl\u00fc de\u015farj t\u00fcp\u00fcn\u00fc serbest\u00e7e e\u015fle\u015ftirebilir.<\/p>\n<div style=\"overflow: auto;\">\n<table style=\"text-align: center;\">\n<tbody>\n<tr>\n<th>Numara.<\/th>\n<th>Kapasite <\/th>\n<th>\u0130D <\/th>\n<th>OD <\/th>\n<th>Uzunluk <\/th>\n<th>Renk <\/th>\n<\/tr>\n<tr>\n<td>BC01<\/td>\n<td>2.5 oz<\/td>\n<td>40mm<\/td>\n<td>43.26mm<\/td>\n<td>100 mm<\/td>\n<td>A\u00e7\u0131k\/Amber\/Siyah<\/td>\n<\/tr>\n<tr>\n<td>BC02<\/td>\n<td>6 OZ<\/td>\n<td>40.65mm<\/td>\n<td>43.26mm<\/td>\n<td>181.5 mm<\/td>\n<td>A\u00e7\u0131k\/Amber\/Siyah<\/td>\n<\/tr>\n<tr>\n<td>BC03<\/td>\n<td>12 OZ<\/td>\n<td>40.65mm<\/td>\n<td>43.26mm<\/td>\n<td>314.3mm<\/td>\n<td>A\u00e7\u0131k\/Amber\/Siyah<\/td>\n<\/tr>\n<tr>\n<td>BC04<\/td>\n<td>32 oz<\/td>\n<td>65 mm<\/td>\n<td>68,3 mm<\/td>\n<td>346,4 mm<\/td>\n<td>A\u00e7\u0131k\/Amber\/Siyah<\/td>\n<\/tr>\n<\/tbody>\n<\/table>\n<\/div>\n","protected":false},"excerpt":{"rendered":"<p>\u0130thal hammaddeler, yap\u0131\u015ft\u0131r\u0131c\u0131n\u0131n uzun s\u00fcre kat\u0131la\u015fmamas\u0131n\u0131, deformasyon olmamas\u0131n\u0131 sa\u011flamak i\u00e7in herhangi bir ya\u011flay\u0131c\u0131, ay\u0131r\u0131c\u0131 madde, elektrostatik madde eklemeden darbeye dayanmak i\u00e7in kullan\u0131l\u0131r.<\/p>\n","protected":false},"featured_media":4338,"comment_status":"open","ping_status":"closed","template":"","meta":{"_acf_changed":false},"product_brand":[],"product_cat":[15],"product_tag":[],"class_list":{"0":"post-5324","1":"product","2":"type-product","3":"status-publish","4":"has-post-thumbnail","6":"product_cat-uncategorized","8":"first","9":"instock","10":"shipping-taxable","11":"product-type-simple"},"acf":[],"yoast_head":"<!-- This site is optimized with the Yoast SEO plugin v27.5 - https:\/\/yoast.com\/product\/yoast-seo-wordpress\/ -->\n<title>Bas\u0131n\u00e7 Varil Tutkal \u015e\u0131r\u0131nga - Btektech<\/title>\n<meta name=\"description\" content=\"\u0130thal hammaddeler, yap\u0131\u015ft\u0131r\u0131c\u0131n\u0131n uzun s\u00fcre kat\u0131la\u015fmamas\u0131n\u0131, deformasyon olmamas\u0131n\u0131 sa\u011flamak i\u00e7in herhangi bir ya\u011flay\u0131c\u0131, ay\u0131r\u0131c\u0131 madde, elektrostatik madde eklemeden darbeye dayanmak i\u00e7in kullan\u0131l\u0131r.\" \/>\n<meta name=\"robots\" content=\"index, follow, max-snippet:-1, max-image-preview:large, max-video-preview:-1\" \/>\n<link rel=\"canonical\" href=\"https:\/\/btektech.com\/tr\/product\/basinc-varil-tutkal-siringa\/\" \/>\n<meta property=\"og:locale\" content=\"tr_TR\" \/>\n<meta property=\"og:type\" content=\"article\" \/>\n<meta property=\"og:title\" content=\"Bas\u0131n\u00e7 Varil Tutkal \u015e\u0131r\u0131nga - Btektech\" \/>\n<meta property=\"og:description\" content=\"\u0130thal hammaddeler, yap\u0131\u015ft\u0131r\u0131c\u0131n\u0131n uzun s\u00fcre kat\u0131la\u015fmamas\u0131n\u0131, deformasyon olmamas\u0131n\u0131 sa\u011flamak i\u00e7in herhangi bir ya\u011flay\u0131c\u0131, ay\u0131r\u0131c\u0131 madde, elektrostatik madde eklemeden darbeye dayanmak i\u00e7in kullan\u0131l\u0131r.\" \/>\n<meta property=\"og:url\" content=\"https:\/\/btektech.com\/tr\/product\/basinc-varil-tutkal-siringa\/\" \/>\n<meta property=\"og:site_name\" content=\"Btektech\" \/>\n<meta property=\"article:modified_time\" content=\"2022-07-29T09:11:22+00:00\" \/>\n<meta property=\"og:image\" content=\"https:\/\/btektech.com\/wp-content\/uploads\/2021\/11\/20211130152535.jpg\" \/>\n\t<meta property=\"og:image:width\" content=\"800\" \/>\n\t<meta property=\"og:image:height\" content=\"800\" \/>\n\t<meta property=\"og:image:type\" content=\"image\/jpeg\" \/>\n<meta name=\"twitter:card\" content=\"summary_large_image\" \/>\n<meta name=\"twitter:site\" content=\"@Btektech1\" \/>\n<meta name=\"twitter:label1\" content=\"Tahmini okuma s\u00fcresi\" \/>\n\t<meta name=\"twitter:data1\" content=\"1 dakika\" \/>\n<script type=\"application\/ld+json\" class=\"yoast-schema-graph\">{\"@context\":\"https:\\\/\\\/schema.org\",\"@graph\":[{\"@type\":[\"WebPage\",\"ItemPage\"],\"@id\":\"https:\\\/\\\/btektech.com\\\/tr\\\/product\\\/basinc-varil-tutkal-siringa\\\/\",\"url\":\"https:\\\/\\\/btektech.com\\\/tr\\\/product\\\/basinc-varil-tutkal-siringa\\\/\",\"name\":\"Bas\u0131n\u00e7 Varil Tutkal \u015e\u0131r\u0131nga - Btektech\",\"isPartOf\":{\"@id\":\"https:\\\/\\\/btektech.com\\\/#website\"},\"primaryImageOfPage\":{\"@id\":\"https:\\\/\\\/btektech.com\\\/tr\\\/product\\\/basinc-varil-tutkal-siringa\\\/#primaryimage\"},\"image\":{\"@id\":\"https:\\\/\\\/btektech.com\\\/tr\\\/product\\\/basinc-varil-tutkal-siringa\\\/#primaryimage\"},\"thumbnailUrl\":\"https:\\\/\\\/btektech.com\\\/wp-content\\\/uploads\\\/2021\\\/11\\\/20211130152535.jpg\",\"datePublished\":\"2022-04-25T08:56:58+00:00\",\"dateModified\":\"2022-07-29T09:11:22+00:00\",\"description\":\"\u0130thal hammaddeler, yap\u0131\u015ft\u0131r\u0131c\u0131n\u0131n uzun s\u00fcre kat\u0131la\u015fmamas\u0131n\u0131, deformasyon olmamas\u0131n\u0131 sa\u011flamak i\u00e7in herhangi bir ya\u011flay\u0131c\u0131, ay\u0131r\u0131c\u0131 madde, elektrostatik madde eklemeden darbeye dayanmak i\u00e7in kullan\u0131l\u0131r.\",\"breadcrumb\":{\"@id\":\"https:\\\/\\\/btektech.com\\\/tr\\\/product\\\/basinc-varil-tutkal-siringa\\\/#breadcrumb\"},\"inLanguage\":\"tr\",\"potentialAction\":[{\"@type\":\"ReadAction\",\"target\":[\"https:\\\/\\\/btektech.com\\\/tr\\\/product\\\/basinc-varil-tutkal-siringa\\\/\"]}]},{\"@type\":\"ImageObject\",\"inLanguage\":\"tr\",\"@id\":\"https:\\\/\\\/btektech.com\\\/tr\\\/product\\\/basinc-varil-tutkal-siringa\\\/#primaryimage\",\"url\":\"https:\\\/\\\/btektech.com\\\/wp-content\\\/uploads\\\/2021\\\/11\\\/20211130152535.jpg\",\"contentUrl\":\"https:\\\/\\\/btektech.com\\\/wp-content\\\/uploads\\\/2021\\\/11\\\/20211130152535.jpg\",\"width\":800,\"height\":800,\"caption\":\"Bas\u0131n\u00e7 Varil Tutkal \u015e\u0131r\u0131nga\"},{\"@type\":\"BreadcrumbList\",\"@id\":\"https:\\\/\\\/btektech.com\\\/tr\\\/product\\\/basinc-varil-tutkal-siringa\\\/#breadcrumb\",\"itemListElement\":[{\"@type\":\"ListItem\",\"position\":1,\"name\":\"Home\",\"item\":\"https:\\\/\\\/btektech.com\\\/\"},{\"@type\":\"ListItem\",\"position\":2,\"name\":\"\u00dcr\u00fcnler\",\"item\":\"https:\\\/\\\/btektech.com\\\/tr\\\/shop\\\/\"},{\"@type\":\"ListItem\",\"position\":3,\"name\":\"Bas\u0131n\u00e7 Varil Tutkal \u015e\u0131r\u0131nga\"}]},{\"@type\":\"WebSite\",\"@id\":\"https:\\\/\\\/btektech.com\\\/#website\",\"url\":\"https:\\\/\\\/btektech.com\\\/\",\"name\":\"Btektech\",\"description\":\"\",\"publisher\":{\"@id\":\"https:\\\/\\\/btektech.com\\\/#organization\"},\"potentialAction\":[{\"@type\":\"SearchAction\",\"target\":{\"@type\":\"EntryPoint\",\"urlTemplate\":\"https:\\\/\\\/btektech.com\\\/?s={search_term_string}\"},\"query-input\":{\"@type\":\"PropertyValueSpecification\",\"valueRequired\":true,\"valueName\":\"search_term_string\"}}],\"inLanguage\":\"tr\"},{\"@type\":\"Organization\",\"@id\":\"https:\\\/\\\/btektech.com\\\/#organization\",\"name\":\"Btektech\",\"url\":\"https:\\\/\\\/btektech.com\\\/\",\"logo\":{\"@type\":\"ImageObject\",\"inLanguage\":\"tr\",\"@id\":\"https:\\\/\\\/btektech.com\\\/#\\\/schema\\\/logo\\\/image\\\/\",\"url\":\"https:\\\/\\\/btektech.com\\\/wp-content\\\/uploads\\\/2021\\\/08\\\/btektech-logo.png\",\"contentUrl\":\"https:\\\/\\\/btektech.com\\\/wp-content\\\/uploads\\\/2021\\\/08\\\/btektech-logo.png\",\"width\":250,\"height\":114,\"caption\":\"Btektech\"},\"image\":{\"@id\":\"https:\\\/\\\/btektech.com\\\/#\\\/schema\\\/logo\\\/image\\\/\"},\"sameAs\":[\"https:\\\/\\\/x.com\\\/Btektech1\",\"https:\\\/\\\/www.instagram.com\\\/btektech\\\/\",\"https:\\\/\\\/www.linkedin.com\\\/company\\\/suzhou-baotailong-electronic-materials-co-ltd\\\/\",\"https:\\\/\\\/www.pinterest.com\\\/btektech\\\/_saved\\\/\",\"https:\\\/\\\/www.youtube.com\\\/channel\\\/UCBiw4Bc4CmQDrdo-QqyVTqQ\"]}]}<\/script>\n<!-- \/ Yoast SEO plugin. -->","yoast_head_json":{"title":"Bas\u0131n\u00e7 Varil Tutkal \u015e\u0131r\u0131nga - Btektech","description":"\u0130thal hammaddeler, yap\u0131\u015ft\u0131r\u0131c\u0131n\u0131n uzun s\u00fcre kat\u0131la\u015fmamas\u0131n\u0131, deformasyon olmamas\u0131n\u0131 sa\u011flamak i\u00e7in herhangi bir ya\u011flay\u0131c\u0131, ay\u0131r\u0131c\u0131 madde, elektrostatik madde eklemeden darbeye dayanmak i\u00e7in kullan\u0131l\u0131r.","robots":{"index":"index","follow":"follow","max-snippet":"max-snippet:-1","max-image-preview":"max-image-preview:large","max-video-preview":"max-video-preview:-1"},"canonical":"https:\/\/btektech.com\/tr\/product\/basinc-varil-tutkal-siringa\/","og_locale":"tr_TR","og_type":"article","og_title":"Bas\u0131n\u00e7 Varil Tutkal \u015e\u0131r\u0131nga - Btektech","og_description":"\u0130thal hammaddeler, yap\u0131\u015ft\u0131r\u0131c\u0131n\u0131n uzun s\u00fcre kat\u0131la\u015fmamas\u0131n\u0131, deformasyon olmamas\u0131n\u0131 sa\u011flamak i\u00e7in herhangi bir ya\u011flay\u0131c\u0131, ay\u0131r\u0131c\u0131 madde, elektrostatik madde eklemeden darbeye dayanmak i\u00e7in kullan\u0131l\u0131r.","og_url":"https:\/\/btektech.com\/tr\/product\/basinc-varil-tutkal-siringa\/","og_site_name":"Btektech","article_modified_time":"2022-07-29T09:11:22+00:00","og_image":[{"width":800,"height":800,"url":"https:\/\/btektech.com\/wp-content\/uploads\/2021\/11\/20211130152535.jpg","type":"image\/jpeg"}],"twitter_card":"summary_large_image","twitter_site":"@Btektech1","twitter_misc":{"Tahmini okuma s\u00fcresi":"1 dakika"},"schema":{"@context":"https:\/\/schema.org","@graph":[{"@type":["WebPage","ItemPage"],"@id":"https:\/\/btektech.com\/tr\/product\/basinc-varil-tutkal-siringa\/","url":"https:\/\/btektech.com\/tr\/product\/basinc-varil-tutkal-siringa\/","name":"Bas\u0131n\u00e7 Varil Tutkal \u015e\u0131r\u0131nga - Btektech","isPartOf":{"@id":"https:\/\/btektech.com\/#website"},"primaryImageOfPage":{"@id":"https:\/\/btektech.com\/tr\/product\/basinc-varil-tutkal-siringa\/#primaryimage"},"image":{"@id":"https:\/\/btektech.com\/tr\/product\/basinc-varil-tutkal-siringa\/#primaryimage"},"thumbnailUrl":"https:\/\/btektech.com\/wp-content\/uploads\/2021\/11\/20211130152535.jpg","datePublished":"2022-04-25T08:56:58+00:00","dateModified":"2022-07-29T09:11:22+00:00","description":"\u0130thal hammaddeler, yap\u0131\u015ft\u0131r\u0131c\u0131n\u0131n uzun s\u00fcre kat\u0131la\u015fmamas\u0131n\u0131, deformasyon olmamas\u0131n\u0131 sa\u011flamak i\u00e7in herhangi bir ya\u011flay\u0131c\u0131, ay\u0131r\u0131c\u0131 madde, elektrostatik madde eklemeden darbeye dayanmak i\u00e7in kullan\u0131l\u0131r.","breadcrumb":{"@id":"https:\/\/btektech.com\/tr\/product\/basinc-varil-tutkal-siringa\/#breadcrumb"},"inLanguage":"tr","potentialAction":[{"@type":"ReadAction","target":["https:\/\/btektech.com\/tr\/product\/basinc-varil-tutkal-siringa\/"]}]},{"@type":"ImageObject","inLanguage":"tr","@id":"https:\/\/btektech.com\/tr\/product\/basinc-varil-tutkal-siringa\/#primaryimage","url":"https:\/\/btektech.com\/wp-content\/uploads\/2021\/11\/20211130152535.jpg","contentUrl":"https:\/\/btektech.com\/wp-content\/uploads\/2021\/11\/20211130152535.jpg","width":800,"height":800,"caption":"Bas\u0131n\u00e7 Varil Tutkal \u015e\u0131r\u0131nga"},{"@type":"BreadcrumbList","@id":"https:\/\/btektech.com\/tr\/product\/basinc-varil-tutkal-siringa\/#breadcrumb","itemListElement":[{"@type":"ListItem","position":1,"name":"Home","item":"https:\/\/btektech.com\/"},{"@type":"ListItem","position":2,"name":"\u00dcr\u00fcnler","item":"https:\/\/btektech.com\/tr\/shop\/"},{"@type":"ListItem","position":3,"name":"Bas\u0131n\u00e7 Varil Tutkal \u015e\u0131r\u0131nga"}]},{"@type":"WebSite","@id":"https:\/\/btektech.com\/#website","url":"https:\/\/btektech.com\/","name":"Btektech","description":"","publisher":{"@id":"https:\/\/btektech.com\/#organization"},"potentialAction":[{"@type":"SearchAction","target":{"@type":"EntryPoint","urlTemplate":"https:\/\/btektech.com\/?s={search_term_string}"},"query-input":{"@type":"PropertyValueSpecification","valueRequired":true,"valueName":"search_term_string"}}],"inLanguage":"tr"},{"@type":"Organization","@id":"https:\/\/btektech.com\/#organization","name":"Btektech","url":"https:\/\/btektech.com\/","logo":{"@type":"ImageObject","inLanguage":"tr","@id":"https:\/\/btektech.com\/#\/schema\/logo\/image\/","url":"https:\/\/btektech.com\/wp-content\/uploads\/2021\/08\/btektech-logo.png","contentUrl":"https:\/\/btektech.com\/wp-content\/uploads\/2021\/08\/btektech-logo.png","width":250,"height":114,"caption":"Btektech"},"image":{"@id":"https:\/\/btektech.com\/#\/schema\/logo\/image\/"},"sameAs":["https:\/\/x.com\/Btektech1","https:\/\/www.instagram.com\/btektech\/","https:\/\/www.linkedin.com\/company\/suzhou-baotailong-electronic-materials-co-ltd\/","https:\/\/www.pinterest.com\/btektech\/_saved\/","https:\/\/www.youtube.com\/channel\/UCBiw4Bc4CmQDrdo-QqyVTqQ"]}]}},"_links":{"self":[{"href":"https:\/\/btektech.com\/tr\/wp-json\/wp\/v2\/product\/5324","targetHints":{"allow":["GET"]}}],"collection":[{"href":"https:\/\/btektech.com\/tr\/wp-json\/wp\/v2\/product"}],"about":[{"href":"https:\/\/btektech.com\/tr\/wp-json\/wp\/v2\/types\/product"}],"replies":[{"embeddable":true,"href":"https:\/\/btektech.com\/tr\/wp-json\/wp\/v2\/comments?post=5324"}],"version-history":[{"count":0,"href":"https:\/\/btektech.com\/tr\/wp-json\/wp\/v2\/product\/5324\/revisions"}],"wp:featuredmedia":[{"embeddable":true,"href":"https:\/\/btektech.com\/tr\/wp-json\/wp\/v2\/media\/4338"}],"wp:attachment":[{"href":"https:\/\/btektech.com\/tr\/wp-json\/wp\/v2\/media?parent=5324"}],"wp:term":[{"taxonomy":"product_brand","embeddable":true,"href":"https:\/\/btektech.com\/tr\/wp-json\/wp\/v2\/product_brand?post=5324"},{"taxonomy":"product_cat","embeddable":true,"href":"https:\/\/btektech.com\/tr\/wp-json\/wp\/v2\/product_cat?post=5324"},{"taxonomy":"product_tag","embeddable":true,"href":"https:\/\/btektech.com\/tr\/wp-json\/wp\/v2\/product_tag?post=5324"}],"curies":[{"name":"wp","href":"https:\/\/api.w.org\/{rel}","templated":true}]}}