{"id":5323,"date":"2021-09-26T10:45:33","date_gmt":"2022-04-25T08:56:56","guid":{"rendered":"https:\/\/btektech.com\/product\/pnomatik-tutkal-tabancasi\/"},"modified":"2022-09-28T04:00:22","modified_gmt":"2022-09-28T04:00:22","slug":"pnomatik-siringa-tabancasi","status":"publish","type":"product","link":"https:\/\/btektech.com\/tr\/product\/pnomatik-siringa-tabancasi\/","title":{"rendered":"Pn\u00f6matik \u015e\u0131r\u0131nga Tabancas\u0131"},"content":{"rendered":"<p>Pn\u00f6matik \u015e\u0131r\u0131nga Tabancas\u0131 \u00f6n ve arka kapak ve silindir kafas\u0131, dayan\u0131kl\u0131 al\u00fcminyum ala\u015f\u0131ml\u0131 d\u00f6k\u00fcmden yap\u0131lm\u0131\u015ft\u0131r. Rahat ve kaymaz sap tasar\u0131m\u0131, \u00e7al\u0131\u015fma s\u0131ras\u0131nda yorulmadan uzun s\u00fcre kullan\u0131m. Hava bas\u0131nc\u0131 ayar valfi, tutkal miktar\u0131n\u0131 kontrol edebilir ve ayarlayabilir.<\/p>\n","protected":false},"excerpt":{"rendered":"<p>Do\u011frudan kau\u00e7uk silindir Pn\u00f6matik \u015e\u0131r\u0131nga Tabancas\u0131 alt k\u0131sm\u0131 i\u00e7in kullan\u0131l\u0131r, itme \u00e7ubu\u011fu yoktur, daha fazla yerden tasarruf sa\u011flar.<\/p>\n","protected":false},"featured_media":4256,"comment_status":"open","ping_status":"closed","template":"","meta":{"_acf_changed":false},"product_brand":[],"product_cat":[133],"product_tag":[],"class_list":{"0":"post-5323","1":"product","2":"type-product","3":"status-publish","4":"has-post-thumbnail","6":"product_cat-siringa-tabancalari","8":"first","9":"instock","10":"shipping-taxable","11":"purchasable","12":"product-type-simple"},"acf":[],"yoast_head":"<!-- This site is optimized with the Yoast SEO plugin v26.0 - https:\/\/yoast.com\/wordpress\/plugins\/seo\/ -->\n<title>Pn\u00f6matik \u015e\u0131r\u0131nga Tabancas\u0131 - Btektech<\/title>\n<meta name=\"description\" content=\"Do\u011frudan kau\u00e7uk silindir Pn\u00f6matik \u015e\u0131r\u0131nga Tabancas\u0131 alt k\u0131sm\u0131 i\u00e7in kullan\u0131l\u0131r, itme \u00e7ubu\u011fu yoktur, daha fazla yerden tasarruf sa\u011flar.\" \/>\n<meta name=\"robots\" content=\"index, follow, max-snippet:-1, max-image-preview:large, max-video-preview:-1\" \/>\n<link rel=\"canonical\" href=\"https:\/\/btektech.com\/tr\/product\/pnomatik-siringa-tabancasi\/\" \/>\n<meta property=\"og:locale\" content=\"tr_TR\" \/>\n<meta property=\"og:type\" content=\"article\" \/>\n<meta property=\"og:title\" content=\"Pn\u00f6matik \u015e\u0131r\u0131nga Tabancas\u0131 - Btektech\" \/>\n<meta property=\"og:description\" content=\"Do\u011frudan kau\u00e7uk silindir Pn\u00f6matik \u015e\u0131r\u0131nga Tabancas\u0131 alt k\u0131sm\u0131 i\u00e7in kullan\u0131l\u0131r, itme \u00e7ubu\u011fu yoktur, daha fazla yerden tasarruf sa\u011flar.\" \/>\n<meta property=\"og:url\" content=\"https:\/\/btektech.com\/tr\/product\/pnomatik-siringa-tabancasi\/\" \/>\n<meta property=\"og:site_name\" content=\"Btektech\" \/>\n<meta property=\"article:modified_time\" content=\"2022-09-28T04:00:22+00:00\" \/>\n<meta property=\"og:image\" content=\"https:\/\/btektech.com\/wp-content\/uploads\/2021\/09\/glue-gun-300cc-1a-2.jpg\" \/>\n\t<meta property=\"og:image:width\" content=\"800\" \/>\n\t<meta property=\"og:image:height\" content=\"800\" \/>\n\t<meta property=\"og:image:type\" content=\"image\/jpeg\" \/>\n<meta name=\"twitter:card\" content=\"summary_large_image\" \/>\n<meta name=\"twitter:site\" content=\"@Btektech1\" \/>\n<meta name=\"twitter:label1\" content=\"Tahmini okuma s\u00fcresi\" \/>\n\t<meta name=\"twitter:data1\" content=\"1 dakika\" \/>\n<script type=\"application\/ld+json\" class=\"yoast-schema-graph\">{\"@context\":\"https:\/\/schema.org\",\"@graph\":[{\"@type\":[\"WebPage\",\"ItemPage\"],\"@id\":\"https:\/\/btektech.com\/tr\/product\/pnomatik-siringa-tabancasi\/\",\"url\":\"https:\/\/btektech.com\/tr\/product\/pnomatik-siringa-tabancasi\/\",\"name\":\"Pn\u00f6matik \u015e\u0131r\u0131nga Tabancas\u0131 - Btektech\",\"isPartOf\":{\"@id\":\"https:\/\/btektech.com\/#website\"},\"primaryImageOfPage\":{\"@id\":\"https:\/\/btektech.com\/tr\/product\/pnomatik-siringa-tabancasi\/#primaryimage\"},\"image\":{\"@id\":\"https:\/\/btektech.com\/tr\/product\/pnomatik-siringa-tabancasi\/#primaryimage\"},\"thumbnailUrl\":\"https:\/\/btektech.com\/wp-content\/uploads\/2021\/09\/glue-gun-300cc-1a-2.jpg\",\"datePublished\":\"2022-04-25T08:56:56+00:00\",\"dateModified\":\"2022-09-28T04:00:22+00:00\",\"description\":\"Do\u011frudan kau\u00e7uk silindir Pn\u00f6matik \u015e\u0131r\u0131nga Tabancas\u0131 alt k\u0131sm\u0131 i\u00e7in kullan\u0131l\u0131r, itme \u00e7ubu\u011fu yoktur, daha fazla yerden tasarruf sa\u011flar.\",\"breadcrumb\":{\"@id\":\"https:\/\/btektech.com\/tr\/product\/pnomatik-siringa-tabancasi\/#breadcrumb\"},\"inLanguage\":\"tr\",\"potentialAction\":[{\"@type\":\"ReadAction\",\"target\":[\"https:\/\/btektech.com\/tr\/product\/pnomatik-siringa-tabancasi\/\"]}]},{\"@type\":\"ImageObject\",\"inLanguage\":\"tr\",\"@id\":\"https:\/\/btektech.com\/tr\/product\/pnomatik-siringa-tabancasi\/#primaryimage\",\"url\":\"https:\/\/btektech.com\/wp-content\/uploads\/2021\/09\/glue-gun-300cc-1a-2.jpg\",\"contentUrl\":\"https:\/\/btektech.com\/wp-content\/uploads\/2021\/09\/glue-gun-300cc-1a-2.jpg\",\"width\":800,\"height\":800,\"caption\":\"Pn\u00f6matik \u015e\u0131r\u0131nga Tabancas\u0131\"},{\"@type\":\"BreadcrumbList\",\"@id\":\"https:\/\/btektech.com\/tr\/product\/pnomatik-siringa-tabancasi\/#breadcrumb\",\"itemListElement\":[{\"@type\":\"ListItem\",\"position\":1,\"name\":\"Home\",\"item\":\"https:\/\/btektech.com\/tr\/\"},{\"@type\":\"ListItem\",\"position\":2,\"name\":\"\u00dcr\u00fcnler\",\"item\":\"https:\/\/btektech.com\/tr\/shop\/\"},{\"@type\":\"ListItem\",\"position\":3,\"name\":\"Dispensing Guns\",\"item\":\"https:\/\/btektech.com\/product-category\/dispensing-guns\/\"},{\"@type\":\"ListItem\",\"position\":4,\"name\":\"Dual Cartridge Epoxy Gun&amp;Syringe Guns\",\"item\":\"https:\/\/btektech.com\/product-category\/dispensing-guns\/dual-cartridge-epoxy-gun-and-syringe-guns\/\"},{\"@type\":\"ListItem\",\"position\":5,\"name\":\"Pn\u00f6matik \u015e\u0131r\u0131nga Tabancas\u0131\"}]},{\"@type\":\"WebSite\",\"@id\":\"https:\/\/btektech.com\/#website\",\"url\":\"https:\/\/btektech.com\/\",\"name\":\"Btektech\",\"description\":\"\",\"publisher\":{\"@id\":\"https:\/\/btektech.com\/#organization\"},\"potentialAction\":[{\"@type\":\"SearchAction\",\"target\":{\"@type\":\"EntryPoint\",\"urlTemplate\":\"https:\/\/btektech.com\/?s={search_term_string}\"},\"query-input\":{\"@type\":\"PropertyValueSpecification\",\"valueRequired\":true,\"valueName\":\"search_term_string\"}}],\"inLanguage\":\"tr\"},{\"@type\":\"Organization\",\"@id\":\"https:\/\/btektech.com\/#organization\",\"name\":\"Btektech\",\"url\":\"https:\/\/btektech.com\/\",\"logo\":{\"@type\":\"ImageObject\",\"inLanguage\":\"tr\",\"@id\":\"https:\/\/btektech.com\/#\/schema\/logo\/image\/\",\"url\":\"https:\/\/btektech.com\/wp-content\/uploads\/2021\/08\/btektech-logo.png\",\"contentUrl\":\"https:\/\/btektech.com\/wp-content\/uploads\/2021\/08\/btektech-logo.png\",\"width\":250,\"height\":114,\"caption\":\"Btektech\"},\"image\":{\"@id\":\"https:\/\/btektech.com\/#\/schema\/logo\/image\/\"},\"sameAs\":[\"https:\/\/x.com\/Btektech1\",\"https:\/\/www.instagram.com\/btektech\/\",\"https:\/\/www.linkedin.com\/company\/suzhou-baotailong-electronic-materials-co-ltd\/\",\"https:\/\/www.pinterest.com\/btektech\/_saved\/\",\"https:\/\/www.youtube.com\/channel\/UCBiw4Bc4CmQDrdo-QqyVTqQ\"]}]}<\/script>\n<!-- \/ Yoast SEO plugin. -->","yoast_head_json":{"title":"Pn\u00f6matik \u015e\u0131r\u0131nga Tabancas\u0131 - Btektech","description":"Do\u011frudan kau\u00e7uk silindir Pn\u00f6matik \u015e\u0131r\u0131nga Tabancas\u0131 alt k\u0131sm\u0131 i\u00e7in kullan\u0131l\u0131r, itme \u00e7ubu\u011fu yoktur, daha fazla yerden tasarruf sa\u011flar.","robots":{"index":"index","follow":"follow","max-snippet":"max-snippet:-1","max-image-preview":"max-image-preview:large","max-video-preview":"max-video-preview:-1"},"canonical":"https:\/\/btektech.com\/tr\/product\/pnomatik-siringa-tabancasi\/","og_locale":"tr_TR","og_type":"article","og_title":"Pn\u00f6matik \u015e\u0131r\u0131nga Tabancas\u0131 - Btektech","og_description":"Do\u011frudan kau\u00e7uk silindir Pn\u00f6matik \u015e\u0131r\u0131nga Tabancas\u0131 alt k\u0131sm\u0131 i\u00e7in kullan\u0131l\u0131r, itme \u00e7ubu\u011fu yoktur, daha fazla yerden tasarruf sa\u011flar.","og_url":"https:\/\/btektech.com\/tr\/product\/pnomatik-siringa-tabancasi\/","og_site_name":"Btektech","article_modified_time":"2022-09-28T04:00:22+00:00","og_image":[{"width":800,"height":800,"url":"https:\/\/btektech.com\/wp-content\/uploads\/2021\/09\/glue-gun-300cc-1a-2.jpg","type":"image\/jpeg"}],"twitter_card":"summary_large_image","twitter_site":"@Btektech1","twitter_misc":{"Tahmini okuma s\u00fcresi":"1 dakika"},"schema":{"@context":"https:\/\/schema.org","@graph":[{"@type":["WebPage","ItemPage"],"@id":"https:\/\/btektech.com\/tr\/product\/pnomatik-siringa-tabancasi\/","url":"https:\/\/btektech.com\/tr\/product\/pnomatik-siringa-tabancasi\/","name":"Pn\u00f6matik \u015e\u0131r\u0131nga Tabancas\u0131 - Btektech","isPartOf":{"@id":"https:\/\/btektech.com\/#website"},"primaryImageOfPage":{"@id":"https:\/\/btektech.com\/tr\/product\/pnomatik-siringa-tabancasi\/#primaryimage"},"image":{"@id":"https:\/\/btektech.com\/tr\/product\/pnomatik-siringa-tabancasi\/#primaryimage"},"thumbnailUrl":"https:\/\/btektech.com\/wp-content\/uploads\/2021\/09\/glue-gun-300cc-1a-2.jpg","datePublished":"2022-04-25T08:56:56+00:00","dateModified":"2022-09-28T04:00:22+00:00","description":"Do\u011frudan kau\u00e7uk silindir Pn\u00f6matik \u015e\u0131r\u0131nga Tabancas\u0131 alt k\u0131sm\u0131 i\u00e7in kullan\u0131l\u0131r, itme \u00e7ubu\u011fu yoktur, daha fazla yerden tasarruf sa\u011flar.","breadcrumb":{"@id":"https:\/\/btektech.com\/tr\/product\/pnomatik-siringa-tabancasi\/#breadcrumb"},"inLanguage":"tr","potentialAction":[{"@type":"ReadAction","target":["https:\/\/btektech.com\/tr\/product\/pnomatik-siringa-tabancasi\/"]}]},{"@type":"ImageObject","inLanguage":"tr","@id":"https:\/\/btektech.com\/tr\/product\/pnomatik-siringa-tabancasi\/#primaryimage","url":"https:\/\/btektech.com\/wp-content\/uploads\/2021\/09\/glue-gun-300cc-1a-2.jpg","contentUrl":"https:\/\/btektech.com\/wp-content\/uploads\/2021\/09\/glue-gun-300cc-1a-2.jpg","width":800,"height":800,"caption":"Pn\u00f6matik \u015e\u0131r\u0131nga Tabancas\u0131"},{"@type":"BreadcrumbList","@id":"https:\/\/btektech.com\/tr\/product\/pnomatik-siringa-tabancasi\/#breadcrumb","itemListElement":[{"@type":"ListItem","position":1,"name":"Home","item":"https:\/\/btektech.com\/tr\/"},{"@type":"ListItem","position":2,"name":"\u00dcr\u00fcnler","item":"https:\/\/btektech.com\/tr\/shop\/"},{"@type":"ListItem","position":3,"name":"Dispensing Guns","item":"https:\/\/btektech.com\/product-category\/dispensing-guns\/"},{"@type":"ListItem","position":4,"name":"Dual Cartridge Epoxy Gun&amp;Syringe Guns","item":"https:\/\/btektech.com\/product-category\/dispensing-guns\/dual-cartridge-epoxy-gun-and-syringe-guns\/"},{"@type":"ListItem","position":5,"name":"Pn\u00f6matik \u015e\u0131r\u0131nga Tabancas\u0131"}]},{"@type":"WebSite","@id":"https:\/\/btektech.com\/#website","url":"https:\/\/btektech.com\/","name":"Btektech","description":"","publisher":{"@id":"https:\/\/btektech.com\/#organization"},"potentialAction":[{"@type":"SearchAction","target":{"@type":"EntryPoint","urlTemplate":"https:\/\/btektech.com\/?s={search_term_string}"},"query-input":{"@type":"PropertyValueSpecification","valueRequired":true,"valueName":"search_term_string"}}],"inLanguage":"tr"},{"@type":"Organization","@id":"https:\/\/btektech.com\/#organization","name":"Btektech","url":"https:\/\/btektech.com\/","logo":{"@type":"ImageObject","inLanguage":"tr","@id":"https:\/\/btektech.com\/#\/schema\/logo\/image\/","url":"https:\/\/btektech.com\/wp-content\/uploads\/2021\/08\/btektech-logo.png","contentUrl":"https:\/\/btektech.com\/wp-content\/uploads\/2021\/08\/btektech-logo.png","width":250,"height":114,"caption":"Btektech"},"image":{"@id":"https:\/\/btektech.com\/#\/schema\/logo\/image\/"},"sameAs":["https:\/\/x.com\/Btektech1","https:\/\/www.instagram.com\/btektech\/","https:\/\/www.linkedin.com\/company\/suzhou-baotailong-electronic-materials-co-ltd\/","https:\/\/www.pinterest.com\/btektech\/_saved\/","https:\/\/www.youtube.com\/channel\/UCBiw4Bc4CmQDrdo-QqyVTqQ"]}]}},"_links":{"self":[{"href":"https:\/\/btektech.com\/tr\/wp-json\/wp\/v2\/product\/5323","targetHints":{"allow":["GET"]}}],"collection":[{"href":"https:\/\/btektech.com\/tr\/wp-json\/wp\/v2\/product"}],"about":[{"href":"https:\/\/btektech.com\/tr\/wp-json\/wp\/v2\/types\/product"}],"replies":[{"embeddable":true,"href":"https:\/\/btektech.com\/tr\/wp-json\/wp\/v2\/comments?post=5323"}],"version-history":[{"count":0,"href":"https:\/\/btektech.com\/tr\/wp-json\/wp\/v2\/product\/5323\/revisions"}],"wp:featuredmedia":[{"embeddable":true,"href":"https:\/\/btektech.com\/tr\/wp-json\/wp\/v2\/media\/4256"}],"wp:attachment":[{"href":"https:\/\/btektech.com\/tr\/wp-json\/wp\/v2\/media?parent=5323"}],"wp:term":[{"taxonomy":"product_brand","embeddable":true,"href":"https:\/\/btektech.com\/tr\/wp-json\/wp\/v2\/product_brand?post=5323"},{"taxonomy":"product_cat","embeddable":true,"href":"https:\/\/btektech.com\/tr\/wp-json\/wp\/v2\/product_cat?post=5323"},{"taxonomy":"product_tag","embeddable":true,"href":"https:\/\/btektech.com\/tr\/wp-json\/wp\/v2\/product_tag?post=5323"}],"curies":[{"name":"wp","href":"https:\/\/api.w.org\/{rel}","templated":true}]}}