{"id":5322,"date":"2021-09-16T09:21:24","date_gmt":"2022-04-25T08:56:52","guid":{"rendered":"https:\/\/btektech.com\/product\/spike-kaldirma-borulu-tek-kulak-kelepcesi\/"},"modified":"2022-11-21T02:23:54","modified_gmt":"2022-11-21T02:23:54","slug":"civili-tek-kulak-kelepceleri","status":"publish","type":"product","link":"https:\/\/btektech.com\/tr\/product\/civili-tek-kulak-kelepceleri\/","title":{"rendered":"\u00c7ivili Tek Kulak Kelep\u00e7eleri"},"content":{"rendered":"<p>Otomotiv hava yast\u0131klar\u0131 i\u00e7in tasarlanan s\u0131k\u0131\u015ft\u0131rma kuvveti ve darbe direnci \u00e7ok g\u00fc\u00e7l\u00fcd\u00fcr.<\/p>\n<div style=\"text-align: center;\">\n<img fetchpriority=\"high\" decoding=\"async\" class=\"alignnone size-medium wp-image-2362\" src=\"https:\/\/btektech.com\/wp-content\/uploads\/2021\/09\/Screenshot-2021-09-16-165219-300x169.jpg\" alt=\"\" width=\"300\" height=\"169\" srcset=\"https:\/\/btektech.com\/wp-content\/uploads\/2021\/09\/Screenshot-2021-09-16-165219-300x169.jpg 300w, https:\/\/btektech.com\/wp-content\/uploads\/2021\/09\/Screenshot-2021-09-16-165219-400x225.jpg 400w, https:\/\/btektech.com\/wp-content\/uploads\/2021\/09\/Screenshot-2021-09-16-165219.jpg 739w\" sizes=\"(max-width: 300px) 100vw, 300px\" \/>\n<\/div>\n<div style=\"overflow: auto;\">\n<table style=\"border-collapse: collapse; text-align: center;\" border=\"0\"  cellspacing=\"0\" cellpadding=\"0\">\n<tbody>\n<tr>\n<th>malzeme(geni\u015flik *kal\u0131nl\u0131k)<\/th>\n<th>\u00e7ap<\/th>\n<th>c\u0131vata<\/th>\n<th>s\u0131kma kuvveti<\/th>\n<th>pn\u00f6matik ma\u015fa<\/th>\n<th>Manuel kelep\u00e7e<\/th>\n<\/tr>\n<tr>\n<td>10*1.0<\/td>\n<td>20.6-50<\/td>\n<td>M6<\/td>\n<td>4600<\/td>\n<td>TM5000<\/td>\n<td>M03<\/td>\n<\/tr>\n<tr>\n<td>10*1.0<\/td>\n<td>20.6-50<\/td>\n<td>M5<\/td>\n<td>5000<\/td>\n<td>TM5000<\/td>\n<td>M03<\/td>\n<\/tr>\n<tr>\n<td>14*1.0<\/td>\n<td>20.6-50<\/td>\n<td>M6<\/td>\n<td>7000<\/td>\n<td>TM7000<\/td>\n<td>M03<\/td>\n<\/tr>\n<tr>\n<td>14*1.0<\/td>\n<td>20.6-50<\/td>\n<td>M5<\/td>\n<td>7400<\/td>\n<td>TM7000<\/td>\n<td>M03<\/td>\n<\/tr>\n<\/tbody>\n<\/table>\n<\/div>\n","protected":false},"excerpt":{"rendered":"<p>Y\u00fcksek kaliteli galvanizli \u00e7elik malzeme, korozyon ve pas \u00f6nleme etkisi iyidir. Kurulumu kolay ve h\u0131zl\u0131.<\/p>\n","protected":false},"featured_media":2366,"comment_status":"open","ping_status":"closed","template":"","meta":{"_acf_changed":false},"product_brand":[],"product_cat":[138],"product_tag":[],"class_list":{"0":"post-5322","1":"product","2":"type-product","3":"status-publish","4":"has-post-thumbnail","6":"product_cat-hortum-kelepceleri","8":"first","9":"instock","10":"shipping-taxable","11":"product-type-simple"},"acf":[],"yoast_head":"<!-- This site is optimized with the Yoast SEO plugin v26.0 - https:\/\/yoast.com\/wordpress\/plugins\/seo\/ -->\n<title>\u00c7ivili Tek Kulak Kelep\u00e7eleri - Btektech<\/title>\n<meta name=\"description\" content=\"\u00c7ivili Tek Kulak Kelep\u00e7eleri, y\u00fcksek kaliteli galvanizli \u00e7elik malzeme, korozyon ve pas \u00f6nleme etkisi iyidir. Kurulumu kolay ve h\u0131zl\u0131.\" \/>\n<meta name=\"robots\" content=\"index, follow, max-snippet:-1, max-image-preview:large, max-video-preview:-1\" \/>\n<link rel=\"canonical\" href=\"https:\/\/btektech.com\/tr\/product\/civili-tek-kulak-kelepceleri\/\" \/>\n<meta property=\"og:locale\" content=\"tr_TR\" \/>\n<meta property=\"og:type\" content=\"article\" \/>\n<meta property=\"og:title\" content=\"\u00c7ivili Tek Kulak Kelep\u00e7eleri - Btektech\" \/>\n<meta property=\"og:description\" content=\"\u00c7ivili Tek Kulak Kelep\u00e7eleri, y\u00fcksek kaliteli galvanizli \u00e7elik malzeme, korozyon ve pas \u00f6nleme etkisi iyidir. Kurulumu kolay ve h\u0131zl\u0131.\" \/>\n<meta property=\"og:url\" content=\"https:\/\/btektech.com\/tr\/product\/civili-tek-kulak-kelepceleri\/\" \/>\n<meta property=\"og:site_name\" content=\"Btektech\" \/>\n<meta property=\"article:modified_time\" content=\"2022-11-21T02:23:54+00:00\" \/>\n<meta property=\"og:image\" content=\"https:\/\/btektech.com\/wp-content\/uploads\/2021\/09\/car_20210916171230.jpg\" \/>\n\t<meta property=\"og:image:width\" content=\"600\" \/>\n\t<meta property=\"og:image:height\" content=\"600\" \/>\n\t<meta property=\"og:image:type\" content=\"image\/jpeg\" \/>\n<meta name=\"twitter:card\" content=\"summary_large_image\" \/>\n<meta name=\"twitter:site\" content=\"@Btektech1\" \/>\n<meta name=\"twitter:label1\" content=\"Tahmini okuma s\u00fcresi\" \/>\n\t<meta name=\"twitter:data1\" content=\"1 dakika\" \/>\n<script type=\"application\/ld+json\" class=\"yoast-schema-graph\">{\"@context\":\"https:\/\/schema.org\",\"@graph\":[{\"@type\":[\"WebPage\",\"ItemPage\"],\"@id\":\"https:\/\/btektech.com\/tr\/product\/civili-tek-kulak-kelepceleri\/\",\"url\":\"https:\/\/btektech.com\/tr\/product\/civili-tek-kulak-kelepceleri\/\",\"name\":\"\u00c7ivili Tek Kulak Kelep\u00e7eleri - Btektech\",\"isPartOf\":{\"@id\":\"https:\/\/btektech.com\/#website\"},\"primaryImageOfPage\":{\"@id\":\"https:\/\/btektech.com\/tr\/product\/civili-tek-kulak-kelepceleri\/#primaryimage\"},\"image\":{\"@id\":\"https:\/\/btektech.com\/tr\/product\/civili-tek-kulak-kelepceleri\/#primaryimage\"},\"thumbnailUrl\":\"https:\/\/btektech.com\/wp-content\/uploads\/2021\/09\/car_20210916171230.jpg\",\"datePublished\":\"2022-04-25T08:56:52+00:00\",\"dateModified\":\"2022-11-21T02:23:54+00:00\",\"description\":\"\u00c7ivili Tek Kulak Kelep\u00e7eleri, y\u00fcksek kaliteli galvanizli \u00e7elik malzeme, korozyon ve pas \u00f6nleme etkisi iyidir. Kurulumu kolay ve h\u0131zl\u0131.\",\"breadcrumb\":{\"@id\":\"https:\/\/btektech.com\/tr\/product\/civili-tek-kulak-kelepceleri\/#breadcrumb\"},\"inLanguage\":\"tr\",\"potentialAction\":[{\"@type\":\"ReadAction\",\"target\":[\"https:\/\/btektech.com\/tr\/product\/civili-tek-kulak-kelepceleri\/\"]}]},{\"@type\":\"ImageObject\",\"inLanguage\":\"tr\",\"@id\":\"https:\/\/btektech.com\/tr\/product\/civili-tek-kulak-kelepceleri\/#primaryimage\",\"url\":\"https:\/\/btektech.com\/wp-content\/uploads\/2021\/09\/car_20210916171230.jpg\",\"contentUrl\":\"https:\/\/btektech.com\/wp-content\/uploads\/2021\/09\/car_20210916171230.jpg\",\"width\":600,\"height\":600,\"caption\":\"\u00c7ivili Tek Kulak Kelep\u00e7eleri\"},{\"@type\":\"BreadcrumbList\",\"@id\":\"https:\/\/btektech.com\/tr\/product\/civili-tek-kulak-kelepceleri\/#breadcrumb\",\"itemListElement\":[{\"@type\":\"ListItem\",\"position\":1,\"name\":\"Home\",\"item\":\"https:\/\/btektech.com\/tr\/home-2\/\"},{\"@type\":\"ListItem\",\"position\":2,\"name\":\"\u00dcr\u00fcnler\",\"item\":\"https:\/\/btektech.com\/tr\/shop\/\"},{\"@type\":\"ListItem\",\"position\":3,\"name\":\"Heavy-Duty &amp; Industrial Hose Clamps\",\"item\":\"https:\/\/btektech.com\/product-category\/heavy-duty-and-industrial-hose-clamps\/\"},{\"@type\":\"ListItem\",\"position\":4,\"name\":\"\u00c7ivili Tek Kulak Kelep\u00e7eleri\"}]},{\"@type\":\"WebSite\",\"@id\":\"https:\/\/btektech.com\/#website\",\"url\":\"https:\/\/btektech.com\/\",\"name\":\"Btektech\",\"description\":\"\",\"publisher\":{\"@id\":\"https:\/\/btektech.com\/#organization\"},\"potentialAction\":[{\"@type\":\"SearchAction\",\"target\":{\"@type\":\"EntryPoint\",\"urlTemplate\":\"https:\/\/btektech.com\/?s={search_term_string}\"},\"query-input\":{\"@type\":\"PropertyValueSpecification\",\"valueRequired\":true,\"valueName\":\"search_term_string\"}}],\"inLanguage\":\"tr\"},{\"@type\":\"Organization\",\"@id\":\"https:\/\/btektech.com\/#organization\",\"name\":\"Btektech\",\"url\":\"https:\/\/btektech.com\/\",\"logo\":{\"@type\":\"ImageObject\",\"inLanguage\":\"tr\",\"@id\":\"https:\/\/btektech.com\/#\/schema\/logo\/image\/\",\"url\":\"https:\/\/btektech.com\/wp-content\/uploads\/2021\/08\/btektech-logo.png\",\"contentUrl\":\"https:\/\/btektech.com\/wp-content\/uploads\/2021\/08\/btektech-logo.png\",\"width\":250,\"height\":114,\"caption\":\"Btektech\"},\"image\":{\"@id\":\"https:\/\/btektech.com\/#\/schema\/logo\/image\/\"},\"sameAs\":[\"https:\/\/x.com\/Btektech1\",\"https:\/\/www.instagram.com\/btektech\/\",\"https:\/\/www.linkedin.com\/company\/suzhou-baotailong-electronic-materials-co-ltd\/\",\"https:\/\/www.pinterest.com\/btektech\/_saved\/\",\"https:\/\/www.youtube.com\/channel\/UCBiw4Bc4CmQDrdo-QqyVTqQ\"]}]}<\/script>\n<!-- \/ Yoast SEO plugin. -->","yoast_head_json":{"title":"\u00c7ivili Tek Kulak Kelep\u00e7eleri - Btektech","description":"\u00c7ivili Tek Kulak Kelep\u00e7eleri, y\u00fcksek kaliteli galvanizli \u00e7elik malzeme, korozyon ve pas \u00f6nleme etkisi iyidir. Kurulumu kolay ve h\u0131zl\u0131.","robots":{"index":"index","follow":"follow","max-snippet":"max-snippet:-1","max-image-preview":"max-image-preview:large","max-video-preview":"max-video-preview:-1"},"canonical":"https:\/\/btektech.com\/tr\/product\/civili-tek-kulak-kelepceleri\/","og_locale":"tr_TR","og_type":"article","og_title":"\u00c7ivili Tek Kulak Kelep\u00e7eleri - Btektech","og_description":"\u00c7ivili Tek Kulak Kelep\u00e7eleri, y\u00fcksek kaliteli galvanizli \u00e7elik malzeme, korozyon ve pas \u00f6nleme etkisi iyidir. Kurulumu kolay ve h\u0131zl\u0131.","og_url":"https:\/\/btektech.com\/tr\/product\/civili-tek-kulak-kelepceleri\/","og_site_name":"Btektech","article_modified_time":"2022-11-21T02:23:54+00:00","og_image":[{"width":600,"height":600,"url":"https:\/\/btektech.com\/wp-content\/uploads\/2021\/09\/car_20210916171230.jpg","type":"image\/jpeg"}],"twitter_card":"summary_large_image","twitter_site":"@Btektech1","twitter_misc":{"Tahmini okuma s\u00fcresi":"1 dakika"},"schema":{"@context":"https:\/\/schema.org","@graph":[{"@type":["WebPage","ItemPage"],"@id":"https:\/\/btektech.com\/tr\/product\/civili-tek-kulak-kelepceleri\/","url":"https:\/\/btektech.com\/tr\/product\/civili-tek-kulak-kelepceleri\/","name":"\u00c7ivili Tek Kulak Kelep\u00e7eleri - Btektech","isPartOf":{"@id":"https:\/\/btektech.com\/#website"},"primaryImageOfPage":{"@id":"https:\/\/btektech.com\/tr\/product\/civili-tek-kulak-kelepceleri\/#primaryimage"},"image":{"@id":"https:\/\/btektech.com\/tr\/product\/civili-tek-kulak-kelepceleri\/#primaryimage"},"thumbnailUrl":"https:\/\/btektech.com\/wp-content\/uploads\/2021\/09\/car_20210916171230.jpg","datePublished":"2022-04-25T08:56:52+00:00","dateModified":"2022-11-21T02:23:54+00:00","description":"\u00c7ivili Tek Kulak Kelep\u00e7eleri, y\u00fcksek kaliteli galvanizli \u00e7elik malzeme, korozyon ve pas \u00f6nleme etkisi iyidir. Kurulumu kolay ve h\u0131zl\u0131.","breadcrumb":{"@id":"https:\/\/btektech.com\/tr\/product\/civili-tek-kulak-kelepceleri\/#breadcrumb"},"inLanguage":"tr","potentialAction":[{"@type":"ReadAction","target":["https:\/\/btektech.com\/tr\/product\/civili-tek-kulak-kelepceleri\/"]}]},{"@type":"ImageObject","inLanguage":"tr","@id":"https:\/\/btektech.com\/tr\/product\/civili-tek-kulak-kelepceleri\/#primaryimage","url":"https:\/\/btektech.com\/wp-content\/uploads\/2021\/09\/car_20210916171230.jpg","contentUrl":"https:\/\/btektech.com\/wp-content\/uploads\/2021\/09\/car_20210916171230.jpg","width":600,"height":600,"caption":"\u00c7ivili Tek Kulak Kelep\u00e7eleri"},{"@type":"BreadcrumbList","@id":"https:\/\/btektech.com\/tr\/product\/civili-tek-kulak-kelepceleri\/#breadcrumb","itemListElement":[{"@type":"ListItem","position":1,"name":"Home","item":"https:\/\/btektech.com\/tr\/home-2\/"},{"@type":"ListItem","position":2,"name":"\u00dcr\u00fcnler","item":"https:\/\/btektech.com\/tr\/shop\/"},{"@type":"ListItem","position":3,"name":"Heavy-Duty &amp; Industrial Hose Clamps","item":"https:\/\/btektech.com\/product-category\/heavy-duty-and-industrial-hose-clamps\/"},{"@type":"ListItem","position":4,"name":"\u00c7ivili Tek Kulak Kelep\u00e7eleri"}]},{"@type":"WebSite","@id":"https:\/\/btektech.com\/#website","url":"https:\/\/btektech.com\/","name":"Btektech","description":"","publisher":{"@id":"https:\/\/btektech.com\/#organization"},"potentialAction":[{"@type":"SearchAction","target":{"@type":"EntryPoint","urlTemplate":"https:\/\/btektech.com\/?s={search_term_string}"},"query-input":{"@type":"PropertyValueSpecification","valueRequired":true,"valueName":"search_term_string"}}],"inLanguage":"tr"},{"@type":"Organization","@id":"https:\/\/btektech.com\/#organization","name":"Btektech","url":"https:\/\/btektech.com\/","logo":{"@type":"ImageObject","inLanguage":"tr","@id":"https:\/\/btektech.com\/#\/schema\/logo\/image\/","url":"https:\/\/btektech.com\/wp-content\/uploads\/2021\/08\/btektech-logo.png","contentUrl":"https:\/\/btektech.com\/wp-content\/uploads\/2021\/08\/btektech-logo.png","width":250,"height":114,"caption":"Btektech"},"image":{"@id":"https:\/\/btektech.com\/#\/schema\/logo\/image\/"},"sameAs":["https:\/\/x.com\/Btektech1","https:\/\/www.instagram.com\/btektech\/","https:\/\/www.linkedin.com\/company\/suzhou-baotailong-electronic-materials-co-ltd\/","https:\/\/www.pinterest.com\/btektech\/_saved\/","https:\/\/www.youtube.com\/channel\/UCBiw4Bc4CmQDrdo-QqyVTqQ"]}]}},"_links":{"self":[{"href":"https:\/\/btektech.com\/tr\/wp-json\/wp\/v2\/product\/5322","targetHints":{"allow":["GET"]}}],"collection":[{"href":"https:\/\/btektech.com\/tr\/wp-json\/wp\/v2\/product"}],"about":[{"href":"https:\/\/btektech.com\/tr\/wp-json\/wp\/v2\/types\/product"}],"replies":[{"embeddable":true,"href":"https:\/\/btektech.com\/tr\/wp-json\/wp\/v2\/comments?post=5322"}],"version-history":[{"count":0,"href":"https:\/\/btektech.com\/tr\/wp-json\/wp\/v2\/product\/5322\/revisions"}],"wp:featuredmedia":[{"embeddable":true,"href":"https:\/\/btektech.com\/tr\/wp-json\/wp\/v2\/media\/2366"}],"wp:attachment":[{"href":"https:\/\/btektech.com\/tr\/wp-json\/wp\/v2\/media?parent=5322"}],"wp:term":[{"taxonomy":"product_brand","embeddable":true,"href":"https:\/\/btektech.com\/tr\/wp-json\/wp\/v2\/product_brand?post=5322"},{"taxonomy":"product_cat","embeddable":true,"href":"https:\/\/btektech.com\/tr\/wp-json\/wp\/v2\/product_cat?post=5322"},{"taxonomy":"product_tag","embeddable":true,"href":"https:\/\/btektech.com\/tr\/wp-json\/wp\/v2\/product_tag?post=5322"}],"curies":[{"name":"wp","href":"https:\/\/api.w.org\/{rel}","templated":true}]}}