{"id":5320,"date":"2021-09-17T05:51:45","date_gmt":"2022-04-25T08:56:48","guid":{"rendered":"https:\/\/btektech.com\/product\/alman-hortum-kelepcesi\/"},"modified":"2022-11-21T02:21:07","modified_gmt":"2022-11-21T02:21:07","slug":"alman-hortum-kelepcesi","status":"publish","type":"product","link":"https:\/\/btektech.com\/tr\/product\/alman-hortum-kelepcesi\/","title":{"rendered":"Alman Hortum Kelep\u00e7esi"},"content":{"rendered":"<p>Delikli olmayan hortum kelep\u00e7esi olarak da adland\u0131r\u0131lan Alman hortum kelep\u00e7esi, flan\u015fl\u0131 tasar\u0131m\u0131 ve deliksiz yap\u0131s\u0131, esnek silikon t\u00fcp\u00fcn y\u00fczeyinin ve di\u011fer hortum y\u00fczeylerinin zarar g\u00f6rmemesini etkili bir \u015fekilde sa\u011flayabilir.<\/p>\n<div style=\"text-align: center;\">\n<img fetchpriority=\"high\" decoding=\"async\" class=\"alignnone size-medium wp-image-2382\" src=\"https:\/\/btektech.com\/wp-content\/uploads\/2021\/09\/Germany-12mm-300x224.jpg\" alt=\"\" width=\"300\" height=\"224\" srcset=\"https:\/\/btektech.com\/wp-content\/uploads\/2021\/09\/Germany-12mm-300x224.jpg 300w, https:\/\/btektech.com\/wp-content\/uploads\/2021\/09\/Germany-12mm-400x299.jpg 400w, https:\/\/btektech.com\/wp-content\/uploads\/2021\/09\/Germany-12mm.jpg 572w\" sizes=\"(max-width: 300px) 100vw, 300px\" \/>\n<\/div>\n<div style=\"overflow: auto;\">\n<table style=\"text-align: center;\">\n<tbody>\n<tr>\n<th>Bant geni\u015fli\u011fi(mm)<\/th>\n<th>Menzil(mm)<\/th>\n<th>Menzil(in\u00e7)<\/th>\n<th>Kal\u0131nl\u0131k(mm)<\/th>\n<th>Mola torku(Nm)<\/th>\n<\/tr>\n<tr>\n<td>9<\/td>\n<td>8-12<\/td>\n<td>0.31-0.47&#8243;<\/td>\n<td>0.6<\/td>\n<td>5Nm<\/td>\n<\/tr>\n<tr>\n<td>9<\/td>\n<td>10-16<\/td>\n<td>3\/8-5\/8&#8243;<\/td>\n<td>0.6<\/td>\n<td>5Nm<\/td>\n<\/tr>\n<tr>\n<td>9<\/td>\n<td>12-20<\/td>\n<td>0.49-3\/4&#8243;<\/td>\n<td>0.6<\/td>\n<td>5Nm<\/td>\n<\/tr>\n<tr>\n<td>9<\/td>\n<td>16-27<\/td>\n<td>5\/8-1.0&#8243;<\/td>\n<td>0.6<\/td>\n<td>5Nm<\/td>\n<\/tr>\n<tr>\n<td>9<\/td>\n<td>20-32<\/td>\n<td>25\/32-11\/4&#8243;<\/td>\n<td>0.6<\/td>\n<td>5Nm<\/td>\n<\/tr>\n<tr>\n<td>9<\/td>\n<td>25-40<\/td>\n<td>0.98-1.57&#8243;<\/td>\n<td>0.6<\/td>\n<td>5Nm<\/td>\n<\/tr>\n<tr>\n<td>9<\/td>\n<td>30-45<\/td>\n<td>11\/4-2.0&#8243;<\/td>\n<td>0.6<\/td>\n<td>5Nm<\/td>\n<\/tr>\n<tr>\n<td>9<\/td>\n<td>32-50<\/td>\n<td>11\/4-2.0&#8243;<\/td>\n<td>0.6<\/td>\n<td>5Nm<\/td>\n<\/tr>\n<tr>\n<td>9<\/td>\n<td>40-60<\/td>\n<td>19\/16-2.36&#8243;<\/td>\n<td>0.6<\/td>\n<td>5Nm<\/td>\n<\/tr>\n<tr>\n<td>9<\/td>\n<td>50-70<\/td>\n<td>2-3\/4&#8243;<\/td>\n<td>0.6<\/td>\n<td>5Nm<\/td>\n<\/tr>\n<tr>\n<td>9<\/td>\n<td>60-80<\/td>\n<td>2.36-3.15&#8243;<\/td>\n<td>0.6<\/td>\n<td>5Nm<\/td>\n<\/tr>\n<tr>\n<td>9<\/td>\n<td>70-90<\/td>\n<td>2.34-3.54&#8243;<\/td>\n<td>0.6<\/td>\n<td>5Nm<\/td>\n<\/tr>\n<tr>\n<td>9<\/td>\n<td>80-100<\/td>\n<td>3.15-3.94&#8243;<\/td>\n<td>0.6<\/td>\n<td>5Nm<\/td>\n<\/tr>\n<tr>\n<td>9<\/td>\n<td>90-110<\/td>\n<td>3.54-4.33&#8243;<\/td>\n<td>0.6<\/td>\n<td>5Nm<\/td>\n<\/tr>\n<tr>\n<td>9<\/td>\n<td>100-120<\/td>\n<td>3.94-4.72&#8243;<\/td>\n<td>0.6<\/td>\n<td>5Nm<\/td>\n<\/tr>\n<tr>\n<td>9<\/td>\n<td>110-130<\/td>\n<td>4.33-5.12&#8243;<\/td>\n<td>0.6<\/td>\n<td>5Nm<\/td>\n<\/tr>\n<tr>\n<td>9<\/td>\n<td>120-140<\/td>\n<td>4.72-5.51&#8243;<\/td>\n<td>0.6<\/td>\n<td>5Nm<\/td>\n<\/tr>\n<tr>\n<td>9<\/td>\n<td>130-150<\/td>\n<td>5.12-5.91&#8243;<\/td>\n<td>0.6<\/td>\n<td>5Nm<\/td>\n<\/tr>\n<tr>\n<td>9<\/td>\n<td>140-160<\/td>\n<td>5.51-6.3&#8243;<\/td>\n<td>0.6<\/td>\n<td>5Nm<\/td>\n<\/tr>\n<tr>\n<td>9<\/td>\n<td>150-170<\/td>\n<td>5.91-6.69&#8243;<\/td>\n<td>0.6<\/td>\n<td>5Nm<\/td>\n<\/tr>\n<tr>\n<td>9<\/td>\n<td>160-180<\/td>\n<td>6.3-7.09&#8243;<\/td>\n<td>0.6<\/td>\n<td>5Nm<\/td>\n<\/tr>\n<tr>\n<td>12<\/td>\n<td>12-20<\/td>\n<td>0.49-3\/4&#8243;<\/td>\n<td>0.6<\/td>\n<td>5Nm<\/td>\n<\/tr>\n<tr>\n<td>12<\/td>\n<td>16-27<\/td>\n<td>5\/8-1.0&#8243;<\/td>\n<td>0.6<\/td>\n<td>5Nm<\/td>\n<\/tr>\n<tr>\n<td>12<\/td>\n<td>20-32<\/td>\n<td>25\/32-11\/4&#8243;<\/td>\n<td>0.6<\/td>\n<td>5Nm<\/td>\n<\/tr>\n<tr>\n<td>12<\/td>\n<td>25-40<\/td>\n<td>0.98-1.57&#8243;<\/td>\n<td>0.6<\/td>\n<td>5Nm<\/td>\n<\/tr>\n<tr>\n<td>12<\/td>\n<td>30-45<\/td>\n<td>11\/4-2.0&#8243;<\/td>\n<td>0.6<\/td>\n<td>5Nm<\/td>\n<\/tr>\n<tr>\n<td>12<\/td>\n<td>35-50<\/td>\n<td>1.38-2&#8243;<\/td>\n<td>0.6<\/td>\n<td>5Nm<\/td>\n<\/tr>\n<tr>\n<td>12<\/td>\n<td>40-60<\/td>\n<td>19\/16-2.36&#8243;<\/td>\n<td>0.6<\/td>\n<td>5Nm<\/td>\n<\/tr>\n<tr>\n<td>12<\/td>\n<td>50-70<\/td>\n<td>2-3\/4&#8243;<\/td>\n<td>0.6<\/td>\n<td>5Nm<\/td>\n<\/tr>\n<tr>\n<td>12<\/td>\n<td>60-80<\/td>\n<td>2.36-3.15&#8243;<\/td>\n<td>0.6<\/td>\n<td>5Nm<\/td>\n<\/tr>\n<tr>\n<td>12<\/td>\n<td>70-90<\/td>\n<td>2.34-3.54&#8243;<\/td>\n<td>0.6<\/td>\n<td>5Nm<\/td>\n<\/tr>\n<tr>\n<td>12<\/td>\n<td>80-100<\/td>\n<td>3.15-3.94&#8243;<\/td>\n<td>0.6<\/td>\n<td>5Nm<\/td>\n<\/tr>\n<tr>\n<td>12<\/td>\n<td>90-110<\/td>\n<td>3.54-4.33&#8243;<\/td>\n<td>0.6<\/td>\n<td>5Nm<\/td>\n<\/tr>\n<tr>\n<td>12<\/td>\n<td>100-120<\/td>\n<td>3.94-4.72&#8243;<\/td>\n<td>0.6<\/td>\n<td>5Nm<\/td>\n<\/tr>\n<tr>\n<td>12<\/td>\n<td>110-130<\/td>\n<td>4.33-5.12&#8243;<\/td>\n<td>0.6<\/td>\n<td>5Nm<\/td>\n<\/tr>\n<tr>\n<td>12<\/td>\n<td>120-140<\/td>\n<td>4.72-5.51&#8243;<\/td>\n<td>0.6<\/td>\n<td>5Nm<\/td>\n<\/tr>\n<tr>\n<td>12<\/td>\n<td>130-150<\/td>\n<td>5.12-5.91&#8243;<\/td>\n<td>0.6<\/td>\n<td>5Nm<\/td>\n<\/tr>\n<tr>\n<td>12<\/td>\n<td>140-160<\/td>\n<td>5.51-6.3&#8243;<\/td>\n<td>0.6<\/td>\n<td>5Nm<\/td>\n<\/tr>\n<tr>\n<td>12<\/td>\n<td>150-170<\/td>\n<td>5.91-6.69&#8243;<\/td>\n<td>0.6<\/td>\n<td>5Nm<\/td>\n<\/tr>\n<tr>\n<td>12<\/td>\n<td>160-180<\/td>\n<td>6.3-7.09&#8243;<\/td>\n<td>0.6<\/td>\n<td>5Nm<\/td>\n<\/tr>\n<tr>\n<td>12<\/td>\n<td>170-190<\/td>\n<td>6.69-7.48&#8243;<\/td>\n<td>0.6<\/td>\n<td>5Nm<\/td>\n<\/tr>\n<\/tbody>\n<\/table>\n<\/div>\n","protected":false},"excerpt":{"rendered":"<p>Bariz bir \u015fok emme etkisi ile \u00e7e\u015fitli malzemelerden yap\u0131lm\u0131\u015f borular\u0131n sabitlenmesinde ve gev\u015femesinin \u00f6nlenmesinde yayg\u0131n olarak kullan\u0131lmaktad\u0131r.<\/p>\n","protected":false},"featured_media":5882,"comment_status":"open","ping_status":"closed","template":"","meta":{"_acf_changed":false},"product_brand":[],"product_cat":[138],"product_tag":[],"class_list":{"0":"post-5320","1":"product","2":"type-product","3":"status-publish","4":"has-post-thumbnail","6":"product_cat-hortum-kelepceleri","8":"first","9":"instock","10":"shipping-taxable","11":"product-type-simple"},"acf":[],"yoast_head":"<!-- This site is optimized with the Yoast SEO plugin v26.0 - https:\/\/yoast.com\/wordpress\/plugins\/seo\/ -->\n<title>Alman Hortum Kelep\u00e7esi - Btektech<\/title>\n<meta name=\"description\" content=\"Bariz bir \u015fok emme etkisi ile \u00e7e\u015fitli malzemelerden yap\u0131lm\u0131\u015f borular\u0131n sabitlenmesinde ve gev\u015femesinin \u00f6nlenmesinde yayg\u0131n olarak kullan\u0131lmaktad\u0131r.\" \/>\n<meta name=\"robots\" content=\"index, follow, max-snippet:-1, max-image-preview:large, max-video-preview:-1\" \/>\n<link rel=\"canonical\" href=\"https:\/\/btektech.com\/tr\/product\/alman-hortum-kelepcesi\/\" \/>\n<meta property=\"og:locale\" content=\"tr_TR\" \/>\n<meta property=\"og:type\" content=\"article\" \/>\n<meta property=\"og:title\" content=\"Alman Hortum Kelep\u00e7esi - Btektech\" \/>\n<meta property=\"og:description\" content=\"Bariz bir \u015fok emme etkisi ile \u00e7e\u015fitli malzemelerden yap\u0131lm\u0131\u015f borular\u0131n sabitlenmesinde ve gev\u015femesinin \u00f6nlenmesinde yayg\u0131n olarak kullan\u0131lmaktad\u0131r.\" \/>\n<meta property=\"og:url\" content=\"https:\/\/btektech.com\/tr\/product\/alman-hortum-kelepcesi\/\" \/>\n<meta property=\"og:site_name\" content=\"Btektech\" \/>\n<meta property=\"article:modified_time\" content=\"2022-11-21T02:21:07+00:00\" \/>\n<meta property=\"og:image\" content=\"https:\/\/btektech.com\/wp-content\/uploads\/2021\/09\/Germany-20210917112848-1.jpg\" \/>\n\t<meta property=\"og:image:width\" content=\"500\" \/>\n\t<meta property=\"og:image:height\" content=\"500\" \/>\n\t<meta property=\"og:image:type\" content=\"image\/jpeg\" \/>\n<meta name=\"twitter:card\" content=\"summary_large_image\" \/>\n<meta name=\"twitter:site\" content=\"@Btektech1\" \/>\n<meta name=\"twitter:label1\" content=\"Tahmini okuma s\u00fcresi\" \/>\n\t<meta name=\"twitter:data1\" content=\"2 dakika\" \/>\n<script type=\"application\/ld+json\" class=\"yoast-schema-graph\">{\"@context\":\"https:\/\/schema.org\",\"@graph\":[{\"@type\":[\"WebPage\",\"ItemPage\"],\"@id\":\"https:\/\/btektech.com\/tr\/product\/alman-hortum-kelepcesi\/\",\"url\":\"https:\/\/btektech.com\/tr\/product\/alman-hortum-kelepcesi\/\",\"name\":\"Alman Hortum Kelep\u00e7esi - Btektech\",\"isPartOf\":{\"@id\":\"https:\/\/btektech.com\/#website\"},\"primaryImageOfPage\":{\"@id\":\"https:\/\/btektech.com\/tr\/product\/alman-hortum-kelepcesi\/#primaryimage\"},\"image\":{\"@id\":\"https:\/\/btektech.com\/tr\/product\/alman-hortum-kelepcesi\/#primaryimage\"},\"thumbnailUrl\":\"https:\/\/btektech.com\/wp-content\/uploads\/2021\/09\/Germany-20210917112848-1.jpg\",\"datePublished\":\"2022-04-25T08:56:48+00:00\",\"dateModified\":\"2022-11-21T02:21:07+00:00\",\"description\":\"Bariz bir \u015fok emme etkisi ile \u00e7e\u015fitli malzemelerden yap\u0131lm\u0131\u015f borular\u0131n sabitlenmesinde ve gev\u015femesinin \u00f6nlenmesinde yayg\u0131n olarak kullan\u0131lmaktad\u0131r.\",\"breadcrumb\":{\"@id\":\"https:\/\/btektech.com\/tr\/product\/alman-hortum-kelepcesi\/#breadcrumb\"},\"inLanguage\":\"tr\",\"potentialAction\":[{\"@type\":\"ReadAction\",\"target\":[\"https:\/\/btektech.com\/tr\/product\/alman-hortum-kelepcesi\/\"]}]},{\"@type\":\"ImageObject\",\"inLanguage\":\"tr\",\"@id\":\"https:\/\/btektech.com\/tr\/product\/alman-hortum-kelepcesi\/#primaryimage\",\"url\":\"https:\/\/btektech.com\/wp-content\/uploads\/2021\/09\/Germany-20210917112848-1.jpg\",\"contentUrl\":\"https:\/\/btektech.com\/wp-content\/uploads\/2021\/09\/Germany-20210917112848-1.jpg\",\"width\":500,\"height\":500,\"caption\":\"Alman Hortum Kelep\u00e7esi\"},{\"@type\":\"BreadcrumbList\",\"@id\":\"https:\/\/btektech.com\/tr\/product\/alman-hortum-kelepcesi\/#breadcrumb\",\"itemListElement\":[{\"@type\":\"ListItem\",\"position\":1,\"name\":\"Home\",\"item\":\"https:\/\/btektech.com\/tr\/home-2\/\"},{\"@type\":\"ListItem\",\"position\":2,\"name\":\"\u00dcr\u00fcnler\",\"item\":\"https:\/\/btektech.com\/tr\/shop\/\"},{\"@type\":\"ListItem\",\"position\":3,\"name\":\"Heavy-Duty &amp; Industrial Hose Clamps\",\"item\":\"https:\/\/btektech.com\/product-category\/heavy-duty-and-industrial-hose-clamps\/\"},{\"@type\":\"ListItem\",\"position\":4,\"name\":\"Alman Hortum Kelep\u00e7esi\"}]},{\"@type\":\"WebSite\",\"@id\":\"https:\/\/btektech.com\/#website\",\"url\":\"https:\/\/btektech.com\/\",\"name\":\"Btektech\",\"description\":\"\",\"publisher\":{\"@id\":\"https:\/\/btektech.com\/#organization\"},\"potentialAction\":[{\"@type\":\"SearchAction\",\"target\":{\"@type\":\"EntryPoint\",\"urlTemplate\":\"https:\/\/btektech.com\/?s={search_term_string}\"},\"query-input\":{\"@type\":\"PropertyValueSpecification\",\"valueRequired\":true,\"valueName\":\"search_term_string\"}}],\"inLanguage\":\"tr\"},{\"@type\":\"Organization\",\"@id\":\"https:\/\/btektech.com\/#organization\",\"name\":\"Btektech\",\"url\":\"https:\/\/btektech.com\/\",\"logo\":{\"@type\":\"ImageObject\",\"inLanguage\":\"tr\",\"@id\":\"https:\/\/btektech.com\/#\/schema\/logo\/image\/\",\"url\":\"https:\/\/btektech.com\/wp-content\/uploads\/2021\/08\/btektech-logo.png\",\"contentUrl\":\"https:\/\/btektech.com\/wp-content\/uploads\/2021\/08\/btektech-logo.png\",\"width\":250,\"height\":114,\"caption\":\"Btektech\"},\"image\":{\"@id\":\"https:\/\/btektech.com\/#\/schema\/logo\/image\/\"},\"sameAs\":[\"https:\/\/x.com\/Btektech1\",\"https:\/\/www.instagram.com\/btektech\/\",\"https:\/\/www.linkedin.com\/company\/suzhou-baotailong-electronic-materials-co-ltd\/\",\"https:\/\/www.pinterest.com\/btektech\/_saved\/\",\"https:\/\/www.youtube.com\/channel\/UCBiw4Bc4CmQDrdo-QqyVTqQ\"]}]}<\/script>\n<!-- \/ Yoast SEO plugin. -->","yoast_head_json":{"title":"Alman Hortum Kelep\u00e7esi - Btektech","description":"Bariz bir \u015fok emme etkisi ile \u00e7e\u015fitli malzemelerden yap\u0131lm\u0131\u015f borular\u0131n sabitlenmesinde ve gev\u015femesinin \u00f6nlenmesinde yayg\u0131n olarak kullan\u0131lmaktad\u0131r.","robots":{"index":"index","follow":"follow","max-snippet":"max-snippet:-1","max-image-preview":"max-image-preview:large","max-video-preview":"max-video-preview:-1"},"canonical":"https:\/\/btektech.com\/tr\/product\/alman-hortum-kelepcesi\/","og_locale":"tr_TR","og_type":"article","og_title":"Alman Hortum Kelep\u00e7esi - Btektech","og_description":"Bariz bir \u015fok emme etkisi ile \u00e7e\u015fitli malzemelerden yap\u0131lm\u0131\u015f borular\u0131n sabitlenmesinde ve gev\u015femesinin \u00f6nlenmesinde yayg\u0131n olarak kullan\u0131lmaktad\u0131r.","og_url":"https:\/\/btektech.com\/tr\/product\/alman-hortum-kelepcesi\/","og_site_name":"Btektech","article_modified_time":"2022-11-21T02:21:07+00:00","og_image":[{"width":500,"height":500,"url":"https:\/\/btektech.com\/wp-content\/uploads\/2021\/09\/Germany-20210917112848-1.jpg","type":"image\/jpeg"}],"twitter_card":"summary_large_image","twitter_site":"@Btektech1","twitter_misc":{"Tahmini okuma s\u00fcresi":"2 dakika"},"schema":{"@context":"https:\/\/schema.org","@graph":[{"@type":["WebPage","ItemPage"],"@id":"https:\/\/btektech.com\/tr\/product\/alman-hortum-kelepcesi\/","url":"https:\/\/btektech.com\/tr\/product\/alman-hortum-kelepcesi\/","name":"Alman Hortum Kelep\u00e7esi - Btektech","isPartOf":{"@id":"https:\/\/btektech.com\/#website"},"primaryImageOfPage":{"@id":"https:\/\/btektech.com\/tr\/product\/alman-hortum-kelepcesi\/#primaryimage"},"image":{"@id":"https:\/\/btektech.com\/tr\/product\/alman-hortum-kelepcesi\/#primaryimage"},"thumbnailUrl":"https:\/\/btektech.com\/wp-content\/uploads\/2021\/09\/Germany-20210917112848-1.jpg","datePublished":"2022-04-25T08:56:48+00:00","dateModified":"2022-11-21T02:21:07+00:00","description":"Bariz bir \u015fok emme etkisi ile \u00e7e\u015fitli malzemelerden yap\u0131lm\u0131\u015f borular\u0131n sabitlenmesinde ve gev\u015femesinin \u00f6nlenmesinde yayg\u0131n olarak kullan\u0131lmaktad\u0131r.","breadcrumb":{"@id":"https:\/\/btektech.com\/tr\/product\/alman-hortum-kelepcesi\/#breadcrumb"},"inLanguage":"tr","potentialAction":[{"@type":"ReadAction","target":["https:\/\/btektech.com\/tr\/product\/alman-hortum-kelepcesi\/"]}]},{"@type":"ImageObject","inLanguage":"tr","@id":"https:\/\/btektech.com\/tr\/product\/alman-hortum-kelepcesi\/#primaryimage","url":"https:\/\/btektech.com\/wp-content\/uploads\/2021\/09\/Germany-20210917112848-1.jpg","contentUrl":"https:\/\/btektech.com\/wp-content\/uploads\/2021\/09\/Germany-20210917112848-1.jpg","width":500,"height":500,"caption":"Alman Hortum Kelep\u00e7esi"},{"@type":"BreadcrumbList","@id":"https:\/\/btektech.com\/tr\/product\/alman-hortum-kelepcesi\/#breadcrumb","itemListElement":[{"@type":"ListItem","position":1,"name":"Home","item":"https:\/\/btektech.com\/tr\/home-2\/"},{"@type":"ListItem","position":2,"name":"\u00dcr\u00fcnler","item":"https:\/\/btektech.com\/tr\/shop\/"},{"@type":"ListItem","position":3,"name":"Heavy-Duty &amp; Industrial Hose Clamps","item":"https:\/\/btektech.com\/product-category\/heavy-duty-and-industrial-hose-clamps\/"},{"@type":"ListItem","position":4,"name":"Alman Hortum Kelep\u00e7esi"}]},{"@type":"WebSite","@id":"https:\/\/btektech.com\/#website","url":"https:\/\/btektech.com\/","name":"Btektech","description":"","publisher":{"@id":"https:\/\/btektech.com\/#organization"},"potentialAction":[{"@type":"SearchAction","target":{"@type":"EntryPoint","urlTemplate":"https:\/\/btektech.com\/?s={search_term_string}"},"query-input":{"@type":"PropertyValueSpecification","valueRequired":true,"valueName":"search_term_string"}}],"inLanguage":"tr"},{"@type":"Organization","@id":"https:\/\/btektech.com\/#organization","name":"Btektech","url":"https:\/\/btektech.com\/","logo":{"@type":"ImageObject","inLanguage":"tr","@id":"https:\/\/btektech.com\/#\/schema\/logo\/image\/","url":"https:\/\/btektech.com\/wp-content\/uploads\/2021\/08\/btektech-logo.png","contentUrl":"https:\/\/btektech.com\/wp-content\/uploads\/2021\/08\/btektech-logo.png","width":250,"height":114,"caption":"Btektech"},"image":{"@id":"https:\/\/btektech.com\/#\/schema\/logo\/image\/"},"sameAs":["https:\/\/x.com\/Btektech1","https:\/\/www.instagram.com\/btektech\/","https:\/\/www.linkedin.com\/company\/suzhou-baotailong-electronic-materials-co-ltd\/","https:\/\/www.pinterest.com\/btektech\/_saved\/","https:\/\/www.youtube.com\/channel\/UCBiw4Bc4CmQDrdo-QqyVTqQ"]}]}},"_links":{"self":[{"href":"https:\/\/btektech.com\/tr\/wp-json\/wp\/v2\/product\/5320","targetHints":{"allow":["GET"]}}],"collection":[{"href":"https:\/\/btektech.com\/tr\/wp-json\/wp\/v2\/product"}],"about":[{"href":"https:\/\/btektech.com\/tr\/wp-json\/wp\/v2\/types\/product"}],"replies":[{"embeddable":true,"href":"https:\/\/btektech.com\/tr\/wp-json\/wp\/v2\/comments?post=5320"}],"version-history":[{"count":0,"href":"https:\/\/btektech.com\/tr\/wp-json\/wp\/v2\/product\/5320\/revisions"}],"wp:featuredmedia":[{"embeddable":true,"href":"https:\/\/btektech.com\/tr\/wp-json\/wp\/v2\/media\/5882"}],"wp:attachment":[{"href":"https:\/\/btektech.com\/tr\/wp-json\/wp\/v2\/media?parent=5320"}],"wp:term":[{"taxonomy":"product_brand","embeddable":true,"href":"https:\/\/btektech.com\/tr\/wp-json\/wp\/v2\/product_brand?post=5320"},{"taxonomy":"product_cat","embeddable":true,"href":"https:\/\/btektech.com\/tr\/wp-json\/wp\/v2\/product_cat?post=5320"},{"taxonomy":"product_tag","embeddable":true,"href":"https:\/\/btektech.com\/tr\/wp-json\/wp\/v2\/product_tag?post=5320"}],"curies":[{"name":"wp","href":"https:\/\/api.w.org\/{rel}","templated":true}]}}