{"id":5319,"date":"2021-12-26T02:40:53","date_gmt":"2022-04-25T08:56:48","guid":{"rendered":"https:\/\/btektech.com\/product\/statik-mikser-nozulu-luer-lock-adaptor-baglantisi\/"},"modified":"2022-07-29T08:49:10","modified_gmt":"2022-07-29T08:49:10","slug":"statik-mikser-nozulu-luer-lock-adaptor-baglantisi","status":"publish","type":"product","link":"https:\/\/btektech.com\/tr\/product\/statik-mikser-nozulu-luer-lock-adaptor-baglantisi\/","title":{"rendered":"Statik Mikser Nozulu Luer Lock Adapt\u00f6r Ba\u011flant\u0131s\u0131"},"content":{"rendered":"<p>Luer kilitli kar\u0131\u015ft\u0131rma nozulu adapt\u00f6r\u00fc, bir kar\u0131\u015ft\u0131rma t\u00fcp\u00fcn\u00fc daha iyi kullanman\u0131z\u0131 sa\u011flamak i\u00e7in \u00f6zel olarak tasarlanm\u0131\u015ft\u0131r. Ger\u00e7ek operasyon s\u00fcrecinde, orijinal kar\u0131\u015ft\u0131rma t\u00fcp\u00fc tutkal hassasiyeti gereksinimleri kar\u015f\u0131lamak i\u00e7in \u00e7ok iyi olmayabilir. M\u00fc\u015fteriler, daha hassas da\u011f\u0131t\u0131m ve yap\u0131\u015fkan \u015ferit s\u00fcrecinin \u00e7al\u0131\u015fma s\u00fcrecini kar\u015f\u0131lamak i\u00e7in Luer kilitli kar\u0131\u015ft\u0131rma nozulu adapt\u00f6r\u00fcn\u00fc ekleyerek hassas da\u011f\u0131t\u0131m i\u011fnesini ba\u011flayabilir.<\/p>\n<p>\u0130ki \u00e7e\u015fit Luer kilit kar\u0131\u015ft\u0131rma nozulu adapt\u00f6r malzemesi, bak\u0131r-nikel kaplama malzemesi ve plastik malzeme, a\u015f\u0131nma direnci ve korozyon direnci vard\u0131r. Adapt\u00f6r i\u011fne aray\u00fcz\u00fc standart bir iplik a\u011fz\u0131 kullan\u0131r, her t\u00fcrl\u00fc geleneksel iplik a\u011fz\u0131, s\u00fcng\u00fc da\u011f\u0131tma i\u011fnesi ile ba\u011flanabilir; Kar\u0131\u015ft\u0131rma borusu aray\u00fcz\u00fc, \u00e7e\u015fitli kar\u0131\u015ft\u0131rma borusu stilleriyle ba\u011flanabilir, 4 \u00e7e\u015fit i\u00e7 \u00e7ap di\u015fi olan bir i\u00e7 di\u015fli tipini benimser.<\/p>\n<div style=\"text-align: center;\"><img fetchpriority=\"high\" decoding=\"async\" class=\"size-medium wp-image-4723 aligncenter\" src=\"https:\/\/btektech.com\/wp-content\/uploads\/2021\/12\/mixer-nozzle-adapter-300x300.jpg\" alt=\"\" width=\"300\" height=\"300\" srcset=\"https:\/\/btektech.com\/wp-content\/uploads\/2021\/12\/mixer-nozzle-adapter-300x300.jpg 300w, https:\/\/btektech.com\/wp-content\/uploads\/2021\/12\/mixer-nozzle-adapter-100x100.jpg 100w, https:\/\/btektech.com\/wp-content\/uploads\/2021\/12\/mixer-nozzle-adapter-400x400.jpg 400w, https:\/\/btektech.com\/wp-content\/uploads\/2021\/12\/mixer-nozzle-adapter-150x150.jpg 150w, https:\/\/btektech.com\/wp-content\/uploads\/2021\/12\/mixer-nozzle-adapter.jpg 750w\" sizes=\"(max-width: 300px) 100vw, 300px\" \/><\/div>\n<div style=\"overflow: auto;\">\n<table style=\"text-align: center;\">\n<tbody>\n<tr>\n<th>Numara.<\/th>\n<th>Par\u00e7a No.<\/th>\n<th>Aray\u00fcz kimli\u011fi (mm)<\/th>\n<th>Uzunluk(mm)<\/th>\n<th>\u0130\u00e7 \u00e7ap i\u00e7in uygun<\/th>\n<th>Renk<\/th>\n<th>Malzeme<\/th>\n<\/tr>\n<tr>\n<td>1<\/td>\n<td>JT-11<\/td>\n<td>9<\/td>\n<td>22.5<\/td>\n<td>Dinamik kar\u0131\u015ft\u0131rma M12-16\/ RM12-26\/ RM17-26<\/td>\n<td>G\u00dcM\u00dc\u015e RENG\u0130<\/td>\n<td>Nikel kaplamal\u0131 pirin\u00e7<\/td>\n<\/tr>\n<tr>\n<td>2<\/td>\n<td>JT-01<\/td>\n<td>7<\/td>\n<td>22.5<\/td>\n<td>10 mm<\/td>\n<td>G\u00dcM\u00dc\u015e RENG\u0130<\/td>\n<td>Nikel kaplamal\u0131 pirin\u00e7<\/td>\n<\/tr>\n<tr>\n<td>3<\/td>\n<td>JT-02<\/td>\n<td>6<\/td>\n<td>22.5<\/td>\n<td>6~8mm<\/td>\n<td>G\u00dcM\u00dc\u015e RENG\u0130<\/td>\n<td>Nikel kaplamal\u0131 pirin\u00e7<\/td>\n<\/tr>\n<tr>\n<td>4<\/td>\n<td>JT-03<\/td>\n<td>5<\/td>\n<td>22.5<\/td>\n<td>5.4~6.3mm<\/td>\n<td>G\u00dcM\u00dc\u015e RENG\u0130<\/td>\n<td>Nikel kaplamal\u0131 pirin\u00e7<\/td>\n<\/tr>\n<tr>\n<td>5<\/td>\n<td>LA 05-00<\/td>\n<td>5<\/td>\n<td>22.5<\/td>\n<td>5.4~6.3mm<\/td>\n<td>BEYAZ<\/td>\n<td>Plastik<\/td>\n<\/tr>\n<tr>\n<td>6<\/td>\n<td>LA 06-08<\/td>\n<td>6<\/td>\n<td>22.5<\/td>\n<td>6~8mm<\/td>\n<td>GR\u0130<\/td>\n<td>Plastik<\/td>\n<\/tr>\n<tr>\n<td>7<\/td>\n<td>LA 10-00<\/td>\n<td>7<\/td>\n<td>22.5<\/td>\n<td>10 mm<\/td>\n<td>S\u0130YAH<\/td>\n<td>Plastik<\/td>\n<\/tr>\n<\/tbody>\n<\/table>\n<\/div>\n","protected":false},"excerpt":{"rendered":"<p>Luer kilitli kar\u0131\u015ft\u0131rma memesi adapt\u00f6r\u00fcn\u00fcn i\u015flevi, hassas da\u011f\u0131t\u0131m gereksinimlerine ula\u015fmak i\u00e7in i\u011fneyi ve kar\u0131\u015ft\u0131rma t\u00fcp\u00fcn\u00fc birbirine ba\u011flamakt\u0131r. Daha az miktarda yap\u0131\u015ft\u0131r\u0131c\u0131ya ihtiyac\u0131n\u0131z oldu\u011funda, i\u011fneyi kar\u0131\u015ft\u0131rma t\u00fcp\u00fcnde de\u011fi\u015ftirebilirsiniz.<\/p>\n","protected":false},"featured_media":4698,"comment_status":"open","ping_status":"closed","template":"","meta":{"_acf_changed":false},"product_brand":[],"product_cat":[145],"product_tag":[],"class_list":{"0":"post-5319","1":"product","2":"type-product","3":"status-publish","4":"has-post-thumbnail","6":"product_cat-diger-dagitim-malzemeleri","8":"first","9":"instock","10":"shipping-taxable","11":"product-type-simple"},"acf":[],"yoast_head":"<!-- This site is optimized with the Yoast SEO plugin v27.5 - https:\/\/yoast.com\/product\/yoast-seo-wordpress\/ -->\n<title>Statik Mikser Nozulu Luer Lock Adapt\u00f6r Ba\u011flant\u0131s\u0131 - Btektech<\/title>\n<meta name=\"description\" content=\"Luer kilitli kar\u0131\u015ft\u0131rma memesi adapt\u00f6r\u00fcn\u00fcn i\u015flevi, hassas da\u011f\u0131t\u0131m gereksinimlerine ula\u015fmak i\u00e7in i\u011fneyi ve kar\u0131\u015ft\u0131rma t\u00fcp\u00fcn\u00fc birbirine ba\u011flamakt\u0131r.\" \/>\n<meta name=\"robots\" content=\"index, follow, max-snippet:-1, max-image-preview:large, max-video-preview:-1\" \/>\n<link rel=\"canonical\" href=\"https:\/\/btektech.com\/tr\/product\/statik-mikser-nozulu-luer-lock-adaptor-baglantisi\/\" \/>\n<meta property=\"og:locale\" content=\"tr_TR\" \/>\n<meta property=\"og:type\" content=\"article\" \/>\n<meta property=\"og:title\" content=\"Statik Mikser Nozulu Luer Lock Adapt\u00f6r Ba\u011flant\u0131s\u0131 - Btektech\" \/>\n<meta property=\"og:description\" content=\"Luer kilitli kar\u0131\u015ft\u0131rma memesi adapt\u00f6r\u00fcn\u00fcn i\u015flevi, hassas da\u011f\u0131t\u0131m gereksinimlerine ula\u015fmak i\u00e7in i\u011fneyi ve kar\u0131\u015ft\u0131rma t\u00fcp\u00fcn\u00fc birbirine ba\u011flamakt\u0131r.\" \/>\n<meta property=\"og:url\" content=\"https:\/\/btektech.com\/tr\/product\/statik-mikser-nozulu-luer-lock-adaptor-baglantisi\/\" \/>\n<meta property=\"og:site_name\" content=\"Btektech\" \/>\n<meta property=\"article:modified_time\" content=\"2022-07-29T08:49:10+00:00\" \/>\n<meta property=\"og:image\" content=\"https:\/\/btektech.com\/wp-content\/uploads\/2021\/12\/20211223141551.jpg\" \/>\n\t<meta property=\"og:image:width\" content=\"800\" \/>\n\t<meta property=\"og:image:height\" content=\"800\" \/>\n\t<meta property=\"og:image:type\" content=\"image\/jpeg\" \/>\n<meta name=\"twitter:card\" content=\"summary_large_image\" \/>\n<meta name=\"twitter:site\" content=\"@Btektech1\" \/>\n<meta name=\"twitter:label1\" content=\"Tahmini okuma s\u00fcresi\" \/>\n\t<meta name=\"twitter:data1\" content=\"1 dakika\" \/>\n<script type=\"application\/ld+json\" class=\"yoast-schema-graph\">{\"@context\":\"https:\\\/\\\/schema.org\",\"@graph\":[{\"@type\":[\"WebPage\",\"ItemPage\"],\"@id\":\"https:\\\/\\\/btektech.com\\\/tr\\\/product\\\/statik-mikser-nozulu-luer-lock-adaptor-baglantisi\\\/\",\"url\":\"https:\\\/\\\/btektech.com\\\/tr\\\/product\\\/statik-mikser-nozulu-luer-lock-adaptor-baglantisi\\\/\",\"name\":\"Statik Mikser Nozulu Luer Lock Adapt\u00f6r Ba\u011flant\u0131s\u0131 - Btektech\",\"isPartOf\":{\"@id\":\"https:\\\/\\\/btektech.com\\\/#website\"},\"primaryImageOfPage\":{\"@id\":\"https:\\\/\\\/btektech.com\\\/tr\\\/product\\\/statik-mikser-nozulu-luer-lock-adaptor-baglantisi\\\/#primaryimage\"},\"image\":{\"@id\":\"https:\\\/\\\/btektech.com\\\/tr\\\/product\\\/statik-mikser-nozulu-luer-lock-adaptor-baglantisi\\\/#primaryimage\"},\"thumbnailUrl\":\"https:\\\/\\\/btektech.com\\\/wp-content\\\/uploads\\\/2021\\\/12\\\/20211223141551.jpg\",\"datePublished\":\"2022-04-25T08:56:48+00:00\",\"dateModified\":\"2022-07-29T08:49:10+00:00\",\"description\":\"Luer kilitli kar\u0131\u015ft\u0131rma memesi adapt\u00f6r\u00fcn\u00fcn i\u015flevi, hassas da\u011f\u0131t\u0131m gereksinimlerine ula\u015fmak i\u00e7in i\u011fneyi ve kar\u0131\u015ft\u0131rma t\u00fcp\u00fcn\u00fc birbirine ba\u011flamakt\u0131r.\",\"breadcrumb\":{\"@id\":\"https:\\\/\\\/btektech.com\\\/tr\\\/product\\\/statik-mikser-nozulu-luer-lock-adaptor-baglantisi\\\/#breadcrumb\"},\"inLanguage\":\"tr\",\"potentialAction\":[{\"@type\":\"ReadAction\",\"target\":[\"https:\\\/\\\/btektech.com\\\/tr\\\/product\\\/statik-mikser-nozulu-luer-lock-adaptor-baglantisi\\\/\"]}]},{\"@type\":\"ImageObject\",\"inLanguage\":\"tr\",\"@id\":\"https:\\\/\\\/btektech.com\\\/tr\\\/product\\\/statik-mikser-nozulu-luer-lock-adaptor-baglantisi\\\/#primaryimage\",\"url\":\"https:\\\/\\\/btektech.com\\\/wp-content\\\/uploads\\\/2021\\\/12\\\/20211223141551.jpg\",\"contentUrl\":\"https:\\\/\\\/btektech.com\\\/wp-content\\\/uploads\\\/2021\\\/12\\\/20211223141551.jpg\",\"width\":800,\"height\":800,\"caption\":\"Statik Mikser Nozulu Luer Lock Adapt\u00f6r Ba\u011flant\u0131s\u0131\"},{\"@type\":\"BreadcrumbList\",\"@id\":\"https:\\\/\\\/btektech.com\\\/tr\\\/product\\\/statik-mikser-nozulu-luer-lock-adaptor-baglantisi\\\/#breadcrumb\",\"itemListElement\":[{\"@type\":\"ListItem\",\"position\":1,\"name\":\"Home\",\"item\":\"https:\\\/\\\/btektech.com\\\/\"},{\"@type\":\"ListItem\",\"position\":2,\"name\":\"\u00dcr\u00fcnler\",\"item\":\"https:\\\/\\\/btektech.com\\\/tr\\\/shop\\\/\"},{\"@type\":\"ListItem\",\"position\":3,\"name\":\"Dispensing Adapters\",\"item\":\"https:\\\/\\\/btektech.com\\\/product-category\\\/dispensing-adapters\\\/\"},{\"@type\":\"ListItem\",\"position\":4,\"name\":\"Statik Mikser Nozulu Luer Lock Adapt\u00f6r Ba\u011flant\u0131s\u0131\"}]},{\"@type\":\"WebSite\",\"@id\":\"https:\\\/\\\/btektech.com\\\/#website\",\"url\":\"https:\\\/\\\/btektech.com\\\/\",\"name\":\"Btektech\",\"description\":\"\",\"publisher\":{\"@id\":\"https:\\\/\\\/btektech.com\\\/#organization\"},\"potentialAction\":[{\"@type\":\"SearchAction\",\"target\":{\"@type\":\"EntryPoint\",\"urlTemplate\":\"https:\\\/\\\/btektech.com\\\/?s={search_term_string}\"},\"query-input\":{\"@type\":\"PropertyValueSpecification\",\"valueRequired\":true,\"valueName\":\"search_term_string\"}}],\"inLanguage\":\"tr\"},{\"@type\":\"Organization\",\"@id\":\"https:\\\/\\\/btektech.com\\\/#organization\",\"name\":\"Btektech\",\"url\":\"https:\\\/\\\/btektech.com\\\/\",\"logo\":{\"@type\":\"ImageObject\",\"inLanguage\":\"tr\",\"@id\":\"https:\\\/\\\/btektech.com\\\/#\\\/schema\\\/logo\\\/image\\\/\",\"url\":\"https:\\\/\\\/btektech.com\\\/wp-content\\\/uploads\\\/2021\\\/08\\\/btektech-logo.png\",\"contentUrl\":\"https:\\\/\\\/btektech.com\\\/wp-content\\\/uploads\\\/2021\\\/08\\\/btektech-logo.png\",\"width\":250,\"height\":114,\"caption\":\"Btektech\"},\"image\":{\"@id\":\"https:\\\/\\\/btektech.com\\\/#\\\/schema\\\/logo\\\/image\\\/\"},\"sameAs\":[\"https:\\\/\\\/x.com\\\/Btektech1\",\"https:\\\/\\\/www.instagram.com\\\/btektech\\\/\",\"https:\\\/\\\/www.linkedin.com\\\/company\\\/suzhou-baotailong-electronic-materials-co-ltd\\\/\",\"https:\\\/\\\/www.pinterest.com\\\/btektech\\\/_saved\\\/\",\"https:\\\/\\\/www.youtube.com\\\/channel\\\/UCBiw4Bc4CmQDrdo-QqyVTqQ\"]}]}<\/script>\n<!-- \/ Yoast SEO plugin. -->","yoast_head_json":{"title":"Statik Mikser Nozulu Luer Lock Adapt\u00f6r Ba\u011flant\u0131s\u0131 - Btektech","description":"Luer kilitli kar\u0131\u015ft\u0131rma memesi adapt\u00f6r\u00fcn\u00fcn i\u015flevi, hassas da\u011f\u0131t\u0131m gereksinimlerine ula\u015fmak i\u00e7in i\u011fneyi ve kar\u0131\u015ft\u0131rma t\u00fcp\u00fcn\u00fc birbirine ba\u011flamakt\u0131r.","robots":{"index":"index","follow":"follow","max-snippet":"max-snippet:-1","max-image-preview":"max-image-preview:large","max-video-preview":"max-video-preview:-1"},"canonical":"https:\/\/btektech.com\/tr\/product\/statik-mikser-nozulu-luer-lock-adaptor-baglantisi\/","og_locale":"tr_TR","og_type":"article","og_title":"Statik Mikser Nozulu Luer Lock Adapt\u00f6r Ba\u011flant\u0131s\u0131 - Btektech","og_description":"Luer kilitli kar\u0131\u015ft\u0131rma memesi adapt\u00f6r\u00fcn\u00fcn i\u015flevi, hassas da\u011f\u0131t\u0131m gereksinimlerine ula\u015fmak i\u00e7in i\u011fneyi ve kar\u0131\u015ft\u0131rma t\u00fcp\u00fcn\u00fc birbirine ba\u011flamakt\u0131r.","og_url":"https:\/\/btektech.com\/tr\/product\/statik-mikser-nozulu-luer-lock-adaptor-baglantisi\/","og_site_name":"Btektech","article_modified_time":"2022-07-29T08:49:10+00:00","og_image":[{"width":800,"height":800,"url":"https:\/\/btektech.com\/wp-content\/uploads\/2021\/12\/20211223141551.jpg","type":"image\/jpeg"}],"twitter_card":"summary_large_image","twitter_site":"@Btektech1","twitter_misc":{"Tahmini okuma s\u00fcresi":"1 dakika"},"schema":{"@context":"https:\/\/schema.org","@graph":[{"@type":["WebPage","ItemPage"],"@id":"https:\/\/btektech.com\/tr\/product\/statik-mikser-nozulu-luer-lock-adaptor-baglantisi\/","url":"https:\/\/btektech.com\/tr\/product\/statik-mikser-nozulu-luer-lock-adaptor-baglantisi\/","name":"Statik Mikser Nozulu Luer Lock Adapt\u00f6r Ba\u011flant\u0131s\u0131 - Btektech","isPartOf":{"@id":"https:\/\/btektech.com\/#website"},"primaryImageOfPage":{"@id":"https:\/\/btektech.com\/tr\/product\/statik-mikser-nozulu-luer-lock-adaptor-baglantisi\/#primaryimage"},"image":{"@id":"https:\/\/btektech.com\/tr\/product\/statik-mikser-nozulu-luer-lock-adaptor-baglantisi\/#primaryimage"},"thumbnailUrl":"https:\/\/btektech.com\/wp-content\/uploads\/2021\/12\/20211223141551.jpg","datePublished":"2022-04-25T08:56:48+00:00","dateModified":"2022-07-29T08:49:10+00:00","description":"Luer kilitli kar\u0131\u015ft\u0131rma memesi adapt\u00f6r\u00fcn\u00fcn i\u015flevi, hassas da\u011f\u0131t\u0131m gereksinimlerine ula\u015fmak i\u00e7in i\u011fneyi ve kar\u0131\u015ft\u0131rma t\u00fcp\u00fcn\u00fc birbirine ba\u011flamakt\u0131r.","breadcrumb":{"@id":"https:\/\/btektech.com\/tr\/product\/statik-mikser-nozulu-luer-lock-adaptor-baglantisi\/#breadcrumb"},"inLanguage":"tr","potentialAction":[{"@type":"ReadAction","target":["https:\/\/btektech.com\/tr\/product\/statik-mikser-nozulu-luer-lock-adaptor-baglantisi\/"]}]},{"@type":"ImageObject","inLanguage":"tr","@id":"https:\/\/btektech.com\/tr\/product\/statik-mikser-nozulu-luer-lock-adaptor-baglantisi\/#primaryimage","url":"https:\/\/btektech.com\/wp-content\/uploads\/2021\/12\/20211223141551.jpg","contentUrl":"https:\/\/btektech.com\/wp-content\/uploads\/2021\/12\/20211223141551.jpg","width":800,"height":800,"caption":"Statik Mikser Nozulu Luer Lock Adapt\u00f6r Ba\u011flant\u0131s\u0131"},{"@type":"BreadcrumbList","@id":"https:\/\/btektech.com\/tr\/product\/statik-mikser-nozulu-luer-lock-adaptor-baglantisi\/#breadcrumb","itemListElement":[{"@type":"ListItem","position":1,"name":"Home","item":"https:\/\/btektech.com\/"},{"@type":"ListItem","position":2,"name":"\u00dcr\u00fcnler","item":"https:\/\/btektech.com\/tr\/shop\/"},{"@type":"ListItem","position":3,"name":"Dispensing Adapters","item":"https:\/\/btektech.com\/product-category\/dispensing-adapters\/"},{"@type":"ListItem","position":4,"name":"Statik Mikser Nozulu Luer Lock Adapt\u00f6r Ba\u011flant\u0131s\u0131"}]},{"@type":"WebSite","@id":"https:\/\/btektech.com\/#website","url":"https:\/\/btektech.com\/","name":"Btektech","description":"","publisher":{"@id":"https:\/\/btektech.com\/#organization"},"potentialAction":[{"@type":"SearchAction","target":{"@type":"EntryPoint","urlTemplate":"https:\/\/btektech.com\/?s={search_term_string}"},"query-input":{"@type":"PropertyValueSpecification","valueRequired":true,"valueName":"search_term_string"}}],"inLanguage":"tr"},{"@type":"Organization","@id":"https:\/\/btektech.com\/#organization","name":"Btektech","url":"https:\/\/btektech.com\/","logo":{"@type":"ImageObject","inLanguage":"tr","@id":"https:\/\/btektech.com\/#\/schema\/logo\/image\/","url":"https:\/\/btektech.com\/wp-content\/uploads\/2021\/08\/btektech-logo.png","contentUrl":"https:\/\/btektech.com\/wp-content\/uploads\/2021\/08\/btektech-logo.png","width":250,"height":114,"caption":"Btektech"},"image":{"@id":"https:\/\/btektech.com\/#\/schema\/logo\/image\/"},"sameAs":["https:\/\/x.com\/Btektech1","https:\/\/www.instagram.com\/btektech\/","https:\/\/www.linkedin.com\/company\/suzhou-baotailong-electronic-materials-co-ltd\/","https:\/\/www.pinterest.com\/btektech\/_saved\/","https:\/\/www.youtube.com\/channel\/UCBiw4Bc4CmQDrdo-QqyVTqQ"]}]}},"_links":{"self":[{"href":"https:\/\/btektech.com\/tr\/wp-json\/wp\/v2\/product\/5319","targetHints":{"allow":["GET"]}}],"collection":[{"href":"https:\/\/btektech.com\/tr\/wp-json\/wp\/v2\/product"}],"about":[{"href":"https:\/\/btektech.com\/tr\/wp-json\/wp\/v2\/types\/product"}],"replies":[{"embeddable":true,"href":"https:\/\/btektech.com\/tr\/wp-json\/wp\/v2\/comments?post=5319"}],"version-history":[{"count":0,"href":"https:\/\/btektech.com\/tr\/wp-json\/wp\/v2\/product\/5319\/revisions"}],"wp:featuredmedia":[{"embeddable":true,"href":"https:\/\/btektech.com\/tr\/wp-json\/wp\/v2\/media\/4698"}],"wp:attachment":[{"href":"https:\/\/btektech.com\/tr\/wp-json\/wp\/v2\/media?parent=5319"}],"wp:term":[{"taxonomy":"product_brand","embeddable":true,"href":"https:\/\/btektech.com\/tr\/wp-json\/wp\/v2\/product_brand?post=5319"},{"taxonomy":"product_cat","embeddable":true,"href":"https:\/\/btektech.com\/tr\/wp-json\/wp\/v2\/product_cat?post=5319"},{"taxonomy":"product_tag","embeddable":true,"href":"https:\/\/btektech.com\/tr\/wp-json\/wp\/v2\/product_tag?post=5319"}],"curies":[{"name":"wp","href":"https:\/\/api.w.org\/{rel}","templated":true}]}}