{"id":3401,"date":"2021-08-23T15:44:17","date_gmt":"2021-08-23T15:44:17","guid":{"rendered":"https:\/\/btektech.com\/about-us\/"},"modified":"2022-08-30T04:00:42","modified_gmt":"2022-08-30T04:00:42","slug":"hakkimizda","status":"publish","type":"page","link":"https:\/\/btektech.com\/tr\/hakkimizda\/","title":{"rendered":"Hakk\u0131m\u0131zda"},"content":{"rendered":"\t\t<div data-elementor-type=\"wp-page\" data-elementor-id=\"3401\" class=\"elementor elementor-3401 elementor-19\" data-elementor-post-type=\"page\">\n\t\t\t\t\t\t<section class=\"elementor-section elementor-top-section elementor-element elementor-element-04de7bb elementor-section-boxed elementor-section-height-default elementor-section-height-default\" data-id=\"04de7bb\" data-element_type=\"section\" data-e-type=\"section\" data-settings=\"{&quot;background_background&quot;:&quot;classic&quot;}\">\n\t\t\t\t\t\t<div class=\"elementor-container elementor-column-gap-default\">\n\t\t\t\t\t<div class=\"elementor-column elementor-col-100 elementor-top-column elementor-element elementor-element-2601ba2\" data-id=\"2601ba2\" data-element_type=\"column\" data-e-type=\"column\">\n\t\t\t<div class=\"elementor-widget-wrap elementor-element-populated\">\n\t\t\t\t\t\t<div class=\"elementor-element elementor-element-3762a82 elementor-widget elementor-widget-heading\" data-id=\"3762a82\" data-element_type=\"widget\" data-e-type=\"widget\" data-widget_type=\"heading.default\">\n\t\t\t\t<div class=\"elementor-widget-container\">\n\t\t\t\t\t<h1 class=\"elementor-heading-title elementor-size-default\">Hakk\u0131m\u0131zda<\/h1>\t\t\t\t<\/div>\n\t\t\t\t<\/div>\n\t\t\t\t\t<\/div>\n\t\t<\/div>\n\t\t\t\t\t<\/div>\n\t\t<\/section>\n\t\t\t\t<section class=\"elementor-section elementor-top-section elementor-element elementor-element-5e4bd40e elementor-section-boxed elementor-section-height-default elementor-section-height-default\" data-id=\"5e4bd40e\" data-element_type=\"section\" data-e-type=\"section\">\n\t\t\t\t\t\t<div class=\"elementor-container elementor-column-gap-default\">\n\t\t\t\t\t<div class=\"elementor-column elementor-col-50 elementor-top-column elementor-element elementor-element-6840211c\" data-id=\"6840211c\" data-element_type=\"column\" data-e-type=\"column\">\n\t\t\t<div class=\"elementor-widget-wrap elementor-element-populated\">\n\t\t\t\t\t\t<div class=\"elementor-element elementor-element-7cea750c elementor-widget elementor-widget-image\" data-id=\"7cea750c\" data-element_type=\"widget\" data-e-type=\"widget\" data-widget_type=\"image.default\">\n\t\t\t\t<div class=\"elementor-widget-container\">\n\t\t\t\t\t\t\t\t\t\t\t\t\t\t\t<img fetchpriority=\"high\" decoding=\"async\" width=\"800\" height=\"552\" src=\"https:\/\/btektech.com\/wp-content\/uploads\/2021\/08\/about.jpg\" class=\"attachment-large size-large wp-image-1685\" alt=\"Btektech \u015firket\" srcset=\"https:\/\/btektech.com\/wp-content\/uploads\/2021\/08\/about.jpg 800w, https:\/\/btektech.com\/wp-content\/uploads\/2021\/08\/about-400x276.jpg 400w, https:\/\/btektech.com\/wp-content\/uploads\/2021\/08\/about-300x207.jpg 300w, https:\/\/btektech.com\/wp-content\/uploads\/2021\/08\/about-768x530.jpg 768w\" sizes=\"(max-width: 800px) 100vw, 800px\" \/>\t\t\t\t\t\t\t\t\t\t\t\t\t\t\t<\/div>\n\t\t\t\t<\/div>\n\t\t\t\t\t<\/div>\n\t\t<\/div>\n\t\t\t\t<div class=\"elementor-column elementor-col-50 elementor-top-column elementor-element elementor-element-74de206e\" data-id=\"74de206e\" data-element_type=\"column\" data-e-type=\"column\">\n\t\t\t<div class=\"elementor-widget-wrap elementor-element-populated\">\n\t\t\t\t\t\t<div class=\"elementor-element elementor-element-6ce75d03 elementor-widget elementor-widget-heading\" data-id=\"6ce75d03\" data-element_type=\"widget\" data-e-type=\"widget\" data-widget_type=\"heading.default\">\n\t\t\t\t<div class=\"elementor-widget-container\">\n\t\t\t\t\t<h2 class=\"elementor-heading-title elementor-size-default\">Suzhou Baotailong Elektronik Malzemeler Co, Ltd<\/h2>\t\t\t\t<\/div>\n\t\t\t\t<\/div>\n\t\t\t\t<div class=\"elementor-element elementor-element-d47b4d5 elementor-widget elementor-widget-text-editor\" data-id=\"d47b4d5\" data-element_type=\"widget\" data-e-type=\"widget\" data-widget_type=\"text-editor.default\">\n\t\t\t\t<div class=\"elementor-widget-container\">\n\t\t\t\t\t\t\t\t\t<div class=\"wpb_column vc_column_container vc_col-sm-12\"><div class=\"vc_column-inner\"><div class=\"wpb_wrapper\"><div id=\"kapee-header-55706\" class=\"kapee-element kapee-heading text-center kapee-width-100 separator-none separator-between-heading\"><div class=\"heading-tagline\"><div class=\"vc_row wpb_row vc_row-fluid vc_custom_1570795336369\"><div class=\"wpb_column vc_column_container vc_col-sm-6\"><div class=\"vc_column-inner\"><div class=\"wpb_wrapper\"><div class=\"wpb_text_column wpb_content_element \"><div class=\"wpb_wrapper\"><p>Biz \u00fcst d\u00fczey iki bile\u015fenli tutkal da\u011f\u0131t\u0131m sistemleri, da\u011f\u0131t\u0131m \u00fcr\u00fcnleri ve sarf malzemeleri konusunda uzmanla\u015fm\u0131\u015f bir y\u00fcksek teknoloji \u015firketiyiz.<br>Biz da\u011f\u0131t\u0131m sistemi \u00fcreticileriyiz! biz sat\u0131c\u0131 DE\u011e\u0130L\u0130Z!<br>B\u00f6ylece size en iyi kaliteyi en iyi fiyata sunabiliriz. Bir \u00fcretici olarak, S\u0130Z\u0130N gereksinimlerinize ve spesifikasyonlar\u0131n\u0131za g\u00f6re \u00f6zel da\u011f\u0131t\u0131m \u00fcr\u00fcnleri ve sarf malzemeleri yapma se\u00e7ene\u011fine de sahibiz. Btektech, 10 y\u0131l\u0131 a\u015fk\u0131n bir s\u00fcredir yap\u0131\u015fkanl\u0131 da\u011f\u0131t\u0131m sistemleri, da\u011f\u0131tma i\u011fneleri, kar\u0131\u015ft\u0131rma t\u00fcpleri ve tutkal \u015f\u0131r\u0131ngalar\u0131 \u00fcretmektedir ve bu s\u00fcre zarf\u0131nda yerel ve uluslararas\u0131 \u015firketler de dahil olmak \u00fczere daha fazla say\u0131da ortakla i\u015fbirli\u011fi yapt\u0131k. \u0130htiya\u00e7lar\u0131n\u0131z\u0131 dinlemekten ve onlar\u0131 kar\u015f\u0131lamak i\u00e7in elimizden gelenin en iyisini yapmaktan memnuniyet duyar\u0131z. Bizimle e-posta, telefon, skype vb. ile ileti\u015fime ge\u00e7ebilirsiniz. Sizden haber almak i\u00e7in sab\u0131rs\u0131zlan\u0131yoruz.<\/p><\/div><\/div><\/div><\/div><\/div><\/div><div class=\"vc_row wpb_row vc_row-fluid vc_custom_1622883150146 vc_row-has-fill vc_column-gap-15\"><div class=\"wpb_column vc_column_container vc_col-sm-12\"><div class=\"vc_column-inner\"><div class=\"wpb_wrapper\"><div id=\"kapee-header-91468\" class=\"kapee-element kapee-heading text-center kapee-width-100 separator-none separator-between-heading\"><div class=\"heading-wrap\"> <\/div><\/div><\/div><\/div><\/div><\/div><\/div><\/div><\/div><\/div><\/div><div class=\"wpb_column vc_column_container vc_col-sm-4 vc_col-has-fill\"><div class=\"vc_column-inner vc_custom_1622883289728\"><div class=\"wpb_wrapper\"><div id=\"kapee-info-box-64995\" class=\"kapee-element kapee-info-box icon-effect-none icon-simple icon-top color-scheme-inherit hover-color-scheme-inherit text-center vc_custom_1622887163127\"><div class=\"info-box-wrap\"><div class=\"box-icon-wrap\"> <\/div><\/div><\/div><\/div><\/div><\/div>\t\t\t\t\t\t\t\t<\/div>\n\t\t\t\t<\/div>\n\t\t\t\t\t<\/div>\n\t\t<\/div>\n\t\t\t\t\t<\/div>\n\t\t<\/section>\n\t\t\t\t<section class=\"elementor-section elementor-top-section elementor-element elementor-element-8149f30 elementor-section-boxed elementor-section-height-default elementor-section-height-default\" data-id=\"8149f30\" data-element_type=\"section\" data-e-type=\"section\">\n\t\t\t\t\t\t<div class=\"elementor-container elementor-column-gap-default\">\n\t\t\t\t\t<div class=\"elementor-column elementor-col-100 elementor-top-column elementor-element elementor-element-cac3f00\" data-id=\"cac3f00\" data-element_type=\"column\" data-e-type=\"column\">\n\t\t\t<div class=\"elementor-widget-wrap\">\n\t\t\t\t\t\t\t<\/div>\n\t\t<\/div>\n\t\t\t\t\t<\/div>\n\t\t<\/section>\n\t\t\t\t<\/div>\n\t\t","protected":false},"excerpt":{"rendered":"<p>Hakk\u0131m\u0131zda Suzhou Baotailong Elektronik Malzemeler Co, Ltd Biz \u00fcst d\u00fczey iki bile\u015fenli tutkal da\u011f\u0131t\u0131m sistemleri, da\u011f\u0131t\u0131m \u00fcr\u00fcnleri ve sarf malzemeleri konusunda uzmanla\u015fm\u0131\u015f bir y\u00fcksek teknoloji \u015firketiyiz.Biz da\u011f\u0131t\u0131m sistemi \u00fcreticileriyiz! biz sat\u0131c\u0131 DE\u011e\u0130L\u0130Z!B\u00f6ylece size en iyi kaliteyi en iyi fiyata sunabiliriz. Bir \u00fcretici olarak, S\u0130Z\u0130N gereksinimlerinize ve spesifikasyonlar\u0131n\u0131za g\u00f6re \u00f6zel da\u011f\u0131t\u0131m \u00fcr\u00fcnleri ve sarf malzemeleri yapma [&hellip;]<\/p>\n","protected":false},"author":1,"featured_media":0,"parent":0,"menu_order":0,"comment_status":"closed","ping_status":"closed","template":"elementor_header_footer","meta":{"_acf_changed":false,"footnotes":""},"class_list":["post-3401","page","type-page","status-publish","hentry"],"acf":[],"yoast_head":"<!-- This site is optimized with the Yoast SEO plugin v26.0 - https:\/\/yoast.com\/wordpress\/plugins\/seo\/ -->\n<title>Souzhou Btektech hakk\u0131nda<\/title>\n<meta name=\"description\" content=\"Btektech, \u00fcst d\u00fczey iki bile\u015fenli tutkal da\u011f\u0131t\u0131m sistemleri, da\u011f\u0131t\u0131m \u00fcr\u00fcnleri ve sarf malzemeleri konusunda uzmanla\u015fm\u0131\u015f bir y\u00fcksek teknoloji \u015firketidir.\" \/>\n<meta name=\"robots\" content=\"index, follow, max-snippet:-1, max-image-preview:large, max-video-preview:-1\" \/>\n<link rel=\"canonical\" href=\"https:\/\/btektech.com\/tr\/hakkimizda\/\" \/>\n<meta property=\"og:locale\" content=\"tr_TR\" \/>\n<meta property=\"og:type\" content=\"article\" \/>\n<meta property=\"og:title\" content=\"Souzhou Btektech hakk\u0131nda\" \/>\n<meta property=\"og:description\" content=\"Btektech, \u00fcst d\u00fczey iki bile\u015fenli tutkal da\u011f\u0131t\u0131m sistemleri, da\u011f\u0131t\u0131m \u00fcr\u00fcnleri ve sarf malzemeleri konusunda uzmanla\u015fm\u0131\u015f bir y\u00fcksek teknoloji \u015firketidir.\" \/>\n<meta property=\"og:url\" content=\"https:\/\/btektech.com\/tr\/hakkimizda\/\" \/>\n<meta property=\"og:site_name\" content=\"Btektech\" \/>\n<meta property=\"article:modified_time\" content=\"2022-08-30T04:00:42+00:00\" \/>\n<meta property=\"og:image\" content=\"https:\/\/btektech.com\/wp-content\/uploads\/2021\/08\/about.jpg\" \/>\n<meta name=\"twitter:card\" content=\"summary_large_image\" \/>\n<meta name=\"twitter:site\" content=\"@Btektech1\" \/>\n<meta name=\"twitter:label1\" content=\"Tahmini okuma s\u00fcresi\" \/>\n\t<meta name=\"twitter:data1\" content=\"1 dakika\" \/>\n<script type=\"application\/ld+json\" class=\"yoast-schema-graph\">{\"@context\":\"https:\/\/schema.org\",\"@graph\":[{\"@type\":\"WebPage\",\"@id\":\"https:\/\/btektech.com\/tr\/hakkimizda\/\",\"url\":\"https:\/\/btektech.com\/tr\/hakkimizda\/\",\"name\":\"Souzhou Btektech hakk\u0131nda\",\"isPartOf\":{\"@id\":\"https:\/\/btektech.com\/#website\"},\"primaryImageOfPage\":{\"@id\":\"https:\/\/btektech.com\/tr\/hakkimizda\/#primaryimage\"},\"image\":{\"@id\":\"https:\/\/btektech.com\/tr\/hakkimizda\/#primaryimage\"},\"thumbnailUrl\":\"https:\/\/btektech.com\/wp-content\/uploads\/2021\/08\/about.jpg\",\"datePublished\":\"2021-08-23T15:44:17+00:00\",\"dateModified\":\"2022-08-30T04:00:42+00:00\",\"description\":\"Btektech, \u00fcst d\u00fczey iki bile\u015fenli tutkal da\u011f\u0131t\u0131m sistemleri, da\u011f\u0131t\u0131m \u00fcr\u00fcnleri ve sarf malzemeleri konusunda uzmanla\u015fm\u0131\u015f bir y\u00fcksek teknoloji \u015firketidir.\",\"breadcrumb\":{\"@id\":\"https:\/\/btektech.com\/tr\/hakkimizda\/#breadcrumb\"},\"inLanguage\":\"tr\",\"potentialAction\":[{\"@type\":\"ReadAction\",\"target\":[\"https:\/\/btektech.com\/tr\/hakkimizda\/\"]}]},{\"@type\":\"ImageObject\",\"inLanguage\":\"tr\",\"@id\":\"https:\/\/btektech.com\/tr\/hakkimizda\/#primaryimage\",\"url\":\"https:\/\/btektech.com\/wp-content\/uploads\/2021\/08\/about.jpg\",\"contentUrl\":\"https:\/\/btektech.com\/wp-content\/uploads\/2021\/08\/about.jpg\"},{\"@type\":\"BreadcrumbList\",\"@id\":\"https:\/\/btektech.com\/tr\/hakkimizda\/#breadcrumb\",\"itemListElement\":[{\"@type\":\"ListItem\",\"position\":1,\"name\":\"Home\",\"item\":\"https:\/\/btektech.com\/tr\/home-2\/\"},{\"@type\":\"ListItem\",\"position\":2,\"name\":\"Hakk\u0131m\u0131zda\"}]},{\"@type\":\"WebSite\",\"@id\":\"https:\/\/btektech.com\/#website\",\"url\":\"https:\/\/btektech.com\/\",\"name\":\"Btektech\",\"description\":\"\",\"publisher\":{\"@id\":\"https:\/\/btektech.com\/#organization\"},\"potentialAction\":[{\"@type\":\"SearchAction\",\"target\":{\"@type\":\"EntryPoint\",\"urlTemplate\":\"https:\/\/btektech.com\/?s={search_term_string}\"},\"query-input\":{\"@type\":\"PropertyValueSpecification\",\"valueRequired\":true,\"valueName\":\"search_term_string\"}}],\"inLanguage\":\"tr\"},{\"@type\":\"Organization\",\"@id\":\"https:\/\/btektech.com\/#organization\",\"name\":\"Btektech\",\"url\":\"https:\/\/btektech.com\/\",\"logo\":{\"@type\":\"ImageObject\",\"inLanguage\":\"tr\",\"@id\":\"https:\/\/btektech.com\/#\/schema\/logo\/image\/\",\"url\":\"https:\/\/btektech.com\/wp-content\/uploads\/2021\/08\/btektech-logo.png\",\"contentUrl\":\"https:\/\/btektech.com\/wp-content\/uploads\/2021\/08\/btektech-logo.png\",\"width\":250,\"height\":114,\"caption\":\"Btektech\"},\"image\":{\"@id\":\"https:\/\/btektech.com\/#\/schema\/logo\/image\/\"},\"sameAs\":[\"https:\/\/x.com\/Btektech1\",\"https:\/\/www.instagram.com\/btektech\/\",\"https:\/\/www.linkedin.com\/company\/suzhou-baotailong-electronic-materials-co-ltd\/\",\"https:\/\/www.pinterest.com\/btektech\/_saved\/\",\"https:\/\/www.youtube.com\/channel\/UCBiw4Bc4CmQDrdo-QqyVTqQ\"]}]}<\/script>\n<!-- \/ Yoast SEO plugin. -->","yoast_head_json":{"title":"Souzhou Btektech hakk\u0131nda","description":"Btektech, \u00fcst d\u00fczey iki bile\u015fenli tutkal da\u011f\u0131t\u0131m sistemleri, da\u011f\u0131t\u0131m \u00fcr\u00fcnleri ve sarf malzemeleri konusunda uzmanla\u015fm\u0131\u015f bir y\u00fcksek teknoloji \u015firketidir.","robots":{"index":"index","follow":"follow","max-snippet":"max-snippet:-1","max-image-preview":"max-image-preview:large","max-video-preview":"max-video-preview:-1"},"canonical":"https:\/\/btektech.com\/tr\/hakkimizda\/","og_locale":"tr_TR","og_type":"article","og_title":"Souzhou Btektech hakk\u0131nda","og_description":"Btektech, \u00fcst d\u00fczey iki bile\u015fenli tutkal da\u011f\u0131t\u0131m sistemleri, da\u011f\u0131t\u0131m \u00fcr\u00fcnleri ve sarf malzemeleri konusunda uzmanla\u015fm\u0131\u015f bir y\u00fcksek teknoloji \u015firketidir.","og_url":"https:\/\/btektech.com\/tr\/hakkimizda\/","og_site_name":"Btektech","article_modified_time":"2022-08-30T04:00:42+00:00","og_image":[{"url":"https:\/\/btektech.com\/wp-content\/uploads\/2021\/08\/about.jpg","type":"","width":"","height":""}],"twitter_card":"summary_large_image","twitter_site":"@Btektech1","twitter_misc":{"Tahmini okuma s\u00fcresi":"1 dakika"},"schema":{"@context":"https:\/\/schema.org","@graph":[{"@type":"WebPage","@id":"https:\/\/btektech.com\/tr\/hakkimizda\/","url":"https:\/\/btektech.com\/tr\/hakkimizda\/","name":"Souzhou Btektech hakk\u0131nda","isPartOf":{"@id":"https:\/\/btektech.com\/#website"},"primaryImageOfPage":{"@id":"https:\/\/btektech.com\/tr\/hakkimizda\/#primaryimage"},"image":{"@id":"https:\/\/btektech.com\/tr\/hakkimizda\/#primaryimage"},"thumbnailUrl":"https:\/\/btektech.com\/wp-content\/uploads\/2021\/08\/about.jpg","datePublished":"2021-08-23T15:44:17+00:00","dateModified":"2022-08-30T04:00:42+00:00","description":"Btektech, \u00fcst d\u00fczey iki bile\u015fenli tutkal da\u011f\u0131t\u0131m sistemleri, da\u011f\u0131t\u0131m \u00fcr\u00fcnleri ve sarf malzemeleri konusunda uzmanla\u015fm\u0131\u015f bir y\u00fcksek teknoloji \u015firketidir.","breadcrumb":{"@id":"https:\/\/btektech.com\/tr\/hakkimizda\/#breadcrumb"},"inLanguage":"tr","potentialAction":[{"@type":"ReadAction","target":["https:\/\/btektech.com\/tr\/hakkimizda\/"]}]},{"@type":"ImageObject","inLanguage":"tr","@id":"https:\/\/btektech.com\/tr\/hakkimizda\/#primaryimage","url":"https:\/\/btektech.com\/wp-content\/uploads\/2021\/08\/about.jpg","contentUrl":"https:\/\/btektech.com\/wp-content\/uploads\/2021\/08\/about.jpg"},{"@type":"BreadcrumbList","@id":"https:\/\/btektech.com\/tr\/hakkimizda\/#breadcrumb","itemListElement":[{"@type":"ListItem","position":1,"name":"Home","item":"https:\/\/btektech.com\/tr\/home-2\/"},{"@type":"ListItem","position":2,"name":"Hakk\u0131m\u0131zda"}]},{"@type":"WebSite","@id":"https:\/\/btektech.com\/#website","url":"https:\/\/btektech.com\/","name":"Btektech","description":"","publisher":{"@id":"https:\/\/btektech.com\/#organization"},"potentialAction":[{"@type":"SearchAction","target":{"@type":"EntryPoint","urlTemplate":"https:\/\/btektech.com\/?s={search_term_string}"},"query-input":{"@type":"PropertyValueSpecification","valueRequired":true,"valueName":"search_term_string"}}],"inLanguage":"tr"},{"@type":"Organization","@id":"https:\/\/btektech.com\/#organization","name":"Btektech","url":"https:\/\/btektech.com\/","logo":{"@type":"ImageObject","inLanguage":"tr","@id":"https:\/\/btektech.com\/#\/schema\/logo\/image\/","url":"https:\/\/btektech.com\/wp-content\/uploads\/2021\/08\/btektech-logo.png","contentUrl":"https:\/\/btektech.com\/wp-content\/uploads\/2021\/08\/btektech-logo.png","width":250,"height":114,"caption":"Btektech"},"image":{"@id":"https:\/\/btektech.com\/#\/schema\/logo\/image\/"},"sameAs":["https:\/\/x.com\/Btektech1","https:\/\/www.instagram.com\/btektech\/","https:\/\/www.linkedin.com\/company\/suzhou-baotailong-electronic-materials-co-ltd\/","https:\/\/www.pinterest.com\/btektech\/_saved\/","https:\/\/www.youtube.com\/channel\/UCBiw4Bc4CmQDrdo-QqyVTqQ"]}]}},"_links":{"self":[{"href":"https:\/\/btektech.com\/tr\/wp-json\/wp\/v2\/pages\/3401","targetHints":{"allow":["GET"]}}],"collection":[{"href":"https:\/\/btektech.com\/tr\/wp-json\/wp\/v2\/pages"}],"about":[{"href":"https:\/\/btektech.com\/tr\/wp-json\/wp\/v2\/types\/page"}],"author":[{"embeddable":true,"href":"https:\/\/btektech.com\/tr\/wp-json\/wp\/v2\/users\/1"}],"replies":[{"embeddable":true,"href":"https:\/\/btektech.com\/tr\/wp-json\/wp\/v2\/comments?post=3401"}],"version-history":[{"count":0,"href":"https:\/\/btektech.com\/tr\/wp-json\/wp\/v2\/pages\/3401\/revisions"}],"wp:attachment":[{"href":"https:\/\/btektech.com\/tr\/wp-json\/wp\/v2\/media?parent=3401"}],"curies":[{"name":"wp","href":"https:\/\/api.w.org\/{rel}","templated":true}]}}