{"id":24668,"date":"2026-05-12T15:49:05","date_gmt":"2026-05-12T07:49:05","guid":{"rendered":"https:\/\/btektech.com\/cift-kartus\/"},"modified":"2026-05-12T15:49:09","modified_gmt":"2026-05-12T07:49:09","slug":"cift-kartus","status":"publish","type":"page","link":"https:\/\/btektech.com\/tr\/cift-kartus\/","title":{"rendered":"\u00c7ift Kartu\u015f"},"content":{"rendered":"","protected":false},"excerpt":{"rendered":"","protected":false},"author":8,"featured_media":0,"parent":0,"menu_order":0,"comment_status":"closed","ping_status":"closed","template":"page-product-category-second-new.php","meta":{"_acf_changed":false,"footnotes":""},"class_list":["post-24668","page","type-page","status-publish","hentry"],"acf":[],"yoast_head":"<!-- This site is optimized with the Yoast SEO plugin v27.5 - https:\/\/yoast.com\/product\/yoast-seo-wordpress\/ -->\n<title>\u00c7ift Kartu\u015flu | \u0130ki Bile\u015fenli Yap\u0131\u015ft\u0131r\u0131c\u0131 Paketleme \u00c7\u00f6z\u00fcm\u00fc<\/title>\n<meta name=\"description\" content=\"Btektech \u00e7ift kartu\u015f, iki bile\u015fenli yap\u0131\u015ft\u0131r\u0131c\u0131lar i\u00e7in hassas kar\u0131\u015f\u0131m oranlar\u0131 sa\u011flar ve manuel, pn\u00f6matik ve elektrikli sistemlerle sorunsuz bir \u015fekilde \u00e7al\u0131\u015f\u0131r.\" \/>\n<meta name=\"robots\" content=\"index, follow, max-snippet:-1, max-image-preview:large, max-video-preview:-1\" \/>\n<link rel=\"canonical\" href=\"https:\/\/btektech.com\/tr\/cift-kartus\/\" \/>\n<meta property=\"og:locale\" content=\"tr_TR\" \/>\n<meta property=\"og:type\" content=\"article\" \/>\n<meta property=\"og:title\" content=\"\u00c7ift Kartu\u015flu | \u0130ki Bile\u015fenli Yap\u0131\u015ft\u0131r\u0131c\u0131 Paketleme \u00c7\u00f6z\u00fcm\u00fc\" \/>\n<meta property=\"og:description\" content=\"Btektech \u00e7ift kartu\u015f, iki bile\u015fenli yap\u0131\u015ft\u0131r\u0131c\u0131lar i\u00e7in hassas kar\u0131\u015f\u0131m oranlar\u0131 sa\u011flar ve manuel, pn\u00f6matik ve elektrikli sistemlerle sorunsuz bir \u015fekilde \u00e7al\u0131\u015f\u0131r.\" \/>\n<meta property=\"og:url\" content=\"https:\/\/btektech.com\/tr\/cift-kartus\/\" \/>\n<meta property=\"og:site_name\" content=\"Btektech\" \/>\n<meta property=\"article:modified_time\" content=\"2026-05-12T07:49:09+00:00\" \/>\n<meta name=\"twitter:card\" content=\"summary_large_image\" \/>\n<meta name=\"twitter:site\" content=\"@Btektech1\" \/>\n<script type=\"application\/ld+json\" class=\"yoast-schema-graph\">{\"@context\":\"https:\\\/\\\/schema.org\",\"@graph\":[{\"@type\":\"WebPage\",\"@id\":\"https:\\\/\\\/btektech.com\\\/tr\\\/cift-kartus\\\/\",\"url\":\"https:\\\/\\\/btektech.com\\\/tr\\\/cift-kartus\\\/\",\"name\":\"\u00c7ift Kartu\u015flu | \u0130ki Bile\u015fenli Yap\u0131\u015ft\u0131r\u0131c\u0131 Paketleme \u00c7\u00f6z\u00fcm\u00fc\",\"isPartOf\":{\"@id\":\"https:\\\/\\\/btektech.com\\\/#website\"},\"datePublished\":\"2026-05-12T07:49:05+00:00\",\"dateModified\":\"2026-05-12T07:49:09+00:00\",\"description\":\"Btektech \u00e7ift kartu\u015f, iki bile\u015fenli yap\u0131\u015ft\u0131r\u0131c\u0131lar i\u00e7in hassas kar\u0131\u015f\u0131m oranlar\u0131 sa\u011flar ve manuel, pn\u00f6matik ve elektrikli sistemlerle sorunsuz bir \u015fekilde \u00e7al\u0131\u015f\u0131r.\",\"breadcrumb\":{\"@id\":\"https:\\\/\\\/btektech.com\\\/tr\\\/cift-kartus\\\/#breadcrumb\"},\"inLanguage\":\"tr\",\"potentialAction\":[{\"@type\":\"ReadAction\",\"target\":[\"https:\\\/\\\/btektech.com\\\/tr\\\/cift-kartus\\\/\"]}]},{\"@type\":\"BreadcrumbList\",\"@id\":\"https:\\\/\\\/btektech.com\\\/tr\\\/cift-kartus\\\/#breadcrumb\",\"itemListElement\":[{\"@type\":\"ListItem\",\"position\":1,\"name\":\"Home\",\"item\":\"https:\\\/\\\/btektech.com\\\/\"},{\"@type\":\"ListItem\",\"position\":2,\"name\":\"\u00c7ift Kartu\u015f\"}]},{\"@type\":\"WebSite\",\"@id\":\"https:\\\/\\\/btektech.com\\\/#website\",\"url\":\"https:\\\/\\\/btektech.com\\\/\",\"name\":\"Btektech\",\"description\":\"\",\"publisher\":{\"@id\":\"https:\\\/\\\/btektech.com\\\/#organization\"},\"potentialAction\":[{\"@type\":\"SearchAction\",\"target\":{\"@type\":\"EntryPoint\",\"urlTemplate\":\"https:\\\/\\\/btektech.com\\\/?s={search_term_string}\"},\"query-input\":{\"@type\":\"PropertyValueSpecification\",\"valueRequired\":true,\"valueName\":\"search_term_string\"}}],\"inLanguage\":\"tr\"},{\"@type\":\"Organization\",\"@id\":\"https:\\\/\\\/btektech.com\\\/#organization\",\"name\":\"Btektech\",\"url\":\"https:\\\/\\\/btektech.com\\\/\",\"logo\":{\"@type\":\"ImageObject\",\"inLanguage\":\"tr\",\"@id\":\"https:\\\/\\\/btektech.com\\\/#\\\/schema\\\/logo\\\/image\\\/\",\"url\":\"https:\\\/\\\/btektech.com\\\/wp-content\\\/uploads\\\/2021\\\/08\\\/btektech-logo.png\",\"contentUrl\":\"https:\\\/\\\/btektech.com\\\/wp-content\\\/uploads\\\/2021\\\/08\\\/btektech-logo.png\",\"width\":250,\"height\":114,\"caption\":\"Btektech\"},\"image\":{\"@id\":\"https:\\\/\\\/btektech.com\\\/#\\\/schema\\\/logo\\\/image\\\/\"},\"sameAs\":[\"https:\\\/\\\/x.com\\\/Btektech1\",\"https:\\\/\\\/www.instagram.com\\\/btektech\\\/\",\"https:\\\/\\\/www.linkedin.com\\\/company\\\/suzhou-baotailong-electronic-materials-co-ltd\\\/\",\"https:\\\/\\\/www.pinterest.com\\\/btektech\\\/_saved\\\/\",\"https:\\\/\\\/www.youtube.com\\\/channel\\\/UCBiw4Bc4CmQDrdo-QqyVTqQ\"]}]}<\/script>\n<!-- \/ Yoast SEO plugin. -->","yoast_head_json":{"title":"\u00c7ift Kartu\u015flu | \u0130ki Bile\u015fenli Yap\u0131\u015ft\u0131r\u0131c\u0131 Paketleme \u00c7\u00f6z\u00fcm\u00fc","description":"Btektech \u00e7ift kartu\u015f, iki bile\u015fenli yap\u0131\u015ft\u0131r\u0131c\u0131lar i\u00e7in hassas kar\u0131\u015f\u0131m oranlar\u0131 sa\u011flar ve manuel, pn\u00f6matik ve elektrikli sistemlerle sorunsuz bir \u015fekilde \u00e7al\u0131\u015f\u0131r.","robots":{"index":"index","follow":"follow","max-snippet":"max-snippet:-1","max-image-preview":"max-image-preview:large","max-video-preview":"max-video-preview:-1"},"canonical":"https:\/\/btektech.com\/tr\/cift-kartus\/","og_locale":"tr_TR","og_type":"article","og_title":"\u00c7ift Kartu\u015flu | \u0130ki Bile\u015fenli Yap\u0131\u015ft\u0131r\u0131c\u0131 Paketleme \u00c7\u00f6z\u00fcm\u00fc","og_description":"Btektech \u00e7ift kartu\u015f, iki bile\u015fenli yap\u0131\u015ft\u0131r\u0131c\u0131lar i\u00e7in hassas kar\u0131\u015f\u0131m oranlar\u0131 sa\u011flar ve manuel, pn\u00f6matik ve elektrikli sistemlerle sorunsuz bir \u015fekilde \u00e7al\u0131\u015f\u0131r.","og_url":"https:\/\/btektech.com\/tr\/cift-kartus\/","og_site_name":"Btektech","article_modified_time":"2026-05-12T07:49:09+00:00","twitter_card":"summary_large_image","twitter_site":"@Btektech1","schema":{"@context":"https:\/\/schema.org","@graph":[{"@type":"WebPage","@id":"https:\/\/btektech.com\/tr\/cift-kartus\/","url":"https:\/\/btektech.com\/tr\/cift-kartus\/","name":"\u00c7ift Kartu\u015flu | \u0130ki Bile\u015fenli Yap\u0131\u015ft\u0131r\u0131c\u0131 Paketleme \u00c7\u00f6z\u00fcm\u00fc","isPartOf":{"@id":"https:\/\/btektech.com\/#website"},"datePublished":"2026-05-12T07:49:05+00:00","dateModified":"2026-05-12T07:49:09+00:00","description":"Btektech \u00e7ift kartu\u015f, iki bile\u015fenli yap\u0131\u015ft\u0131r\u0131c\u0131lar i\u00e7in hassas kar\u0131\u015f\u0131m oranlar\u0131 sa\u011flar ve manuel, pn\u00f6matik ve elektrikli sistemlerle sorunsuz bir \u015fekilde \u00e7al\u0131\u015f\u0131r.","breadcrumb":{"@id":"https:\/\/btektech.com\/tr\/cift-kartus\/#breadcrumb"},"inLanguage":"tr","potentialAction":[{"@type":"ReadAction","target":["https:\/\/btektech.com\/tr\/cift-kartus\/"]}]},{"@type":"BreadcrumbList","@id":"https:\/\/btektech.com\/tr\/cift-kartus\/#breadcrumb","itemListElement":[{"@type":"ListItem","position":1,"name":"Home","item":"https:\/\/btektech.com\/"},{"@type":"ListItem","position":2,"name":"\u00c7ift Kartu\u015f"}]},{"@type":"WebSite","@id":"https:\/\/btektech.com\/#website","url":"https:\/\/btektech.com\/","name":"Btektech","description":"","publisher":{"@id":"https:\/\/btektech.com\/#organization"},"potentialAction":[{"@type":"SearchAction","target":{"@type":"EntryPoint","urlTemplate":"https:\/\/btektech.com\/?s={search_term_string}"},"query-input":{"@type":"PropertyValueSpecification","valueRequired":true,"valueName":"search_term_string"}}],"inLanguage":"tr"},{"@type":"Organization","@id":"https:\/\/btektech.com\/#organization","name":"Btektech","url":"https:\/\/btektech.com\/","logo":{"@type":"ImageObject","inLanguage":"tr","@id":"https:\/\/btektech.com\/#\/schema\/logo\/image\/","url":"https:\/\/btektech.com\/wp-content\/uploads\/2021\/08\/btektech-logo.png","contentUrl":"https:\/\/btektech.com\/wp-content\/uploads\/2021\/08\/btektech-logo.png","width":250,"height":114,"caption":"Btektech"},"image":{"@id":"https:\/\/btektech.com\/#\/schema\/logo\/image\/"},"sameAs":["https:\/\/x.com\/Btektech1","https:\/\/www.instagram.com\/btektech\/","https:\/\/www.linkedin.com\/company\/suzhou-baotailong-electronic-materials-co-ltd\/","https:\/\/www.pinterest.com\/btektech\/_saved\/","https:\/\/www.youtube.com\/channel\/UCBiw4Bc4CmQDrdo-QqyVTqQ"]}]}},"_links":{"self":[{"href":"https:\/\/btektech.com\/tr\/wp-json\/wp\/v2\/pages\/24668","targetHints":{"allow":["GET"]}}],"collection":[{"href":"https:\/\/btektech.com\/tr\/wp-json\/wp\/v2\/pages"}],"about":[{"href":"https:\/\/btektech.com\/tr\/wp-json\/wp\/v2\/types\/page"}],"author":[{"embeddable":true,"href":"https:\/\/btektech.com\/tr\/wp-json\/wp\/v2\/users\/8"}],"replies":[{"embeddable":true,"href":"https:\/\/btektech.com\/tr\/wp-json\/wp\/v2\/comments?post=24668"}],"version-history":[{"count":1,"href":"https:\/\/btektech.com\/tr\/wp-json\/wp\/v2\/pages\/24668\/revisions"}],"predecessor-version":[{"id":24670,"href":"https:\/\/btektech.com\/tr\/wp-json\/wp\/v2\/pages\/24668\/revisions\/24670"}],"wp:attachment":[{"href":"https:\/\/btektech.com\/tr\/wp-json\/wp\/v2\/media?parent=24668"}],"curies":[{"name":"wp","href":"https:\/\/api.w.org\/{rel}","templated":true}]}}