{"id":24655,"date":"2026-05-12T15:42:21","date_gmt":"2026-05-12T07:42:21","guid":{"rendered":"https:\/\/btektech.com\/firca-dagitim-ipuclari\/"},"modified":"2026-05-12T15:42:21","modified_gmt":"2026-05-12T07:42:21","slug":"firca-dagitim-ipuclari","status":"publish","type":"page","link":"https:\/\/btektech.com\/tr\/firca-dagitim-ipuclari\/","title":{"rendered":"F\u0131r\u00e7a Da\u011f\u0131t\u0131m \u0130pu\u00e7lar\u0131"},"content":{"rendered":"","protected":false},"excerpt":{"rendered":"","protected":false},"author":8,"featured_media":5791,"parent":0,"menu_order":0,"comment_status":"closed","ping_status":"closed","template":"page-product-category-second-new.php","meta":{"_acf_changed":false,"footnotes":""},"class_list":["post-24655","page","type-page","status-publish","has-post-thumbnail","hentry"],"acf":[],"yoast_head":"<!-- This site is optimized with the Yoast SEO plugin v27.5 - https:\/\/yoast.com\/product\/yoast-seo-wordpress\/ -->\n<title>F\u0131r\u00e7a Da\u011f\u0131t\u0131m \u0130pu\u00e7lar\u0131 | D\u00fc\u015f\u00fck Viskoziteli Uygulamalarda Bile<\/title>\n<meta name=\"description\" content=\"Btektech f\u0131r\u00e7a da\u011f\u0131t\u0131m u\u00e7lar\u0131, d\u00fc\u015f\u00fck viskoziteli yap\u0131\u015ft\u0131r\u0131c\u0131lar\u0131n e\u015fit \u015fekilde uygulanmas\u0131, kaplama, yap\u0131\u015ft\u0131rma ve y\u00fczey i\u015fleme s\u00fcre\u00e7lerinin desteklenmesi i\u00e7in tasarlanm\u0131\u015ft\u0131r.\" \/>\n<meta name=\"robots\" content=\"index, follow, max-snippet:-1, max-image-preview:large, max-video-preview:-1\" \/>\n<link rel=\"canonical\" href=\"https:\/\/btektech.com\/tr\/firca-dagitim-ipuclari\/\" \/>\n<meta property=\"og:locale\" content=\"tr_TR\" \/>\n<meta property=\"og:type\" content=\"article\" \/>\n<meta property=\"og:title\" content=\"F\u0131r\u00e7a Da\u011f\u0131t\u0131m \u0130pu\u00e7lar\u0131 | D\u00fc\u015f\u00fck Viskoziteli Uygulamalarda Bile\" \/>\n<meta property=\"og:description\" content=\"Btektech f\u0131r\u00e7a da\u011f\u0131t\u0131m u\u00e7lar\u0131, d\u00fc\u015f\u00fck viskoziteli yap\u0131\u015ft\u0131r\u0131c\u0131lar\u0131n e\u015fit \u015fekilde uygulanmas\u0131, kaplama, yap\u0131\u015ft\u0131rma ve y\u00fczey i\u015fleme s\u00fcre\u00e7lerinin desteklenmesi i\u00e7in tasarlanm\u0131\u015ft\u0131r.\" \/>\n<meta property=\"og:url\" content=\"https:\/\/btektech.com\/tr\/firca-dagitim-ipuclari\/\" \/>\n<meta property=\"og:site_name\" content=\"Btektech\" \/>\n<meta property=\"og:image\" content=\"https:\/\/btektech.com\/wp-content\/uploads\/2022\/05\/Brush-dispensing-tips-1.jpg\" \/>\n\t<meta property=\"og:image:width\" content=\"800\" \/>\n\t<meta property=\"og:image:height\" content=\"800\" \/>\n\t<meta property=\"og:image:type\" content=\"image\/jpeg\" \/>\n<meta name=\"twitter:card\" content=\"summary_large_image\" \/>\n<meta name=\"twitter:site\" content=\"@Btektech1\" \/>\n<script type=\"application\/ld+json\" class=\"yoast-schema-graph\">{\"@context\":\"https:\\\/\\\/schema.org\",\"@graph\":[{\"@type\":\"WebPage\",\"@id\":\"https:\\\/\\\/btektech.com\\\/tr\\\/firca-dagitim-ipuclari\\\/\",\"url\":\"https:\\\/\\\/btektech.com\\\/tr\\\/firca-dagitim-ipuclari\\\/\",\"name\":\"F\u0131r\u00e7a Da\u011f\u0131t\u0131m \u0130pu\u00e7lar\u0131 | D\u00fc\u015f\u00fck Viskoziteli Uygulamalarda Bile\",\"isPartOf\":{\"@id\":\"https:\\\/\\\/btektech.com\\\/#website\"},\"primaryImageOfPage\":{\"@id\":\"https:\\\/\\\/btektech.com\\\/tr\\\/firca-dagitim-ipuclari\\\/#primaryimage\"},\"image\":{\"@id\":\"https:\\\/\\\/btektech.com\\\/tr\\\/firca-dagitim-ipuclari\\\/#primaryimage\"},\"thumbnailUrl\":\"https:\\\/\\\/btektech.com\\\/wp-content\\\/uploads\\\/2022\\\/05\\\/Brush-dispensing-tips-1.jpg\",\"datePublished\":\"2026-05-12T07:42:21+00:00\",\"description\":\"Btektech f\u0131r\u00e7a da\u011f\u0131t\u0131m u\u00e7lar\u0131, d\u00fc\u015f\u00fck viskoziteli yap\u0131\u015ft\u0131r\u0131c\u0131lar\u0131n e\u015fit \u015fekilde uygulanmas\u0131, kaplama, yap\u0131\u015ft\u0131rma ve y\u00fczey i\u015fleme s\u00fcre\u00e7lerinin desteklenmesi i\u00e7in tasarlanm\u0131\u015ft\u0131r.\",\"breadcrumb\":{\"@id\":\"https:\\\/\\\/btektech.com\\\/tr\\\/firca-dagitim-ipuclari\\\/#breadcrumb\"},\"inLanguage\":\"tr\",\"potentialAction\":[{\"@type\":\"ReadAction\",\"target\":[\"https:\\\/\\\/btektech.com\\\/tr\\\/firca-dagitim-ipuclari\\\/\"]}]},{\"@type\":\"ImageObject\",\"inLanguage\":\"tr\",\"@id\":\"https:\\\/\\\/btektech.com\\\/tr\\\/firca-dagitim-ipuclari\\\/#primaryimage\",\"url\":\"https:\\\/\\\/btektech.com\\\/wp-content\\\/uploads\\\/2022\\\/05\\\/Brush-dispensing-tips-1.jpg\",\"contentUrl\":\"https:\\\/\\\/btektech.com\\\/wp-content\\\/uploads\\\/2022\\\/05\\\/Brush-dispensing-tips-1.jpg\",\"width\":800,\"height\":800,\"caption\":\"f\u0131r\u00e7a da\u011f\u0131t\u0131m ipu\u00e7lar\u0131\"},{\"@type\":\"BreadcrumbList\",\"@id\":\"https:\\\/\\\/btektech.com\\\/tr\\\/firca-dagitim-ipuclari\\\/#breadcrumb\",\"itemListElement\":[{\"@type\":\"ListItem\",\"position\":1,\"name\":\"Home\",\"item\":\"https:\\\/\\\/btektech.com\\\/\"},{\"@type\":\"ListItem\",\"position\":2,\"name\":\"F\u0131r\u00e7a Da\u011f\u0131t\u0131m \u0130pu\u00e7lar\u0131\"}]},{\"@type\":\"WebSite\",\"@id\":\"https:\\\/\\\/btektech.com\\\/#website\",\"url\":\"https:\\\/\\\/btektech.com\\\/\",\"name\":\"Btektech\",\"description\":\"\",\"publisher\":{\"@id\":\"https:\\\/\\\/btektech.com\\\/#organization\"},\"potentialAction\":[{\"@type\":\"SearchAction\",\"target\":{\"@type\":\"EntryPoint\",\"urlTemplate\":\"https:\\\/\\\/btektech.com\\\/?s={search_term_string}\"},\"query-input\":{\"@type\":\"PropertyValueSpecification\",\"valueRequired\":true,\"valueName\":\"search_term_string\"}}],\"inLanguage\":\"tr\"},{\"@type\":\"Organization\",\"@id\":\"https:\\\/\\\/btektech.com\\\/#organization\",\"name\":\"Btektech\",\"url\":\"https:\\\/\\\/btektech.com\\\/\",\"logo\":{\"@type\":\"ImageObject\",\"inLanguage\":\"tr\",\"@id\":\"https:\\\/\\\/btektech.com\\\/#\\\/schema\\\/logo\\\/image\\\/\",\"url\":\"https:\\\/\\\/btektech.com\\\/wp-content\\\/uploads\\\/2021\\\/08\\\/btektech-logo.png\",\"contentUrl\":\"https:\\\/\\\/btektech.com\\\/wp-content\\\/uploads\\\/2021\\\/08\\\/btektech-logo.png\",\"width\":250,\"height\":114,\"caption\":\"Btektech\"},\"image\":{\"@id\":\"https:\\\/\\\/btektech.com\\\/#\\\/schema\\\/logo\\\/image\\\/\"},\"sameAs\":[\"https:\\\/\\\/x.com\\\/Btektech1\",\"https:\\\/\\\/www.instagram.com\\\/btektech\\\/\",\"https:\\\/\\\/www.linkedin.com\\\/company\\\/suzhou-baotailong-electronic-materials-co-ltd\\\/\",\"https:\\\/\\\/www.pinterest.com\\\/btektech\\\/_saved\\\/\",\"https:\\\/\\\/www.youtube.com\\\/channel\\\/UCBiw4Bc4CmQDrdo-QqyVTqQ\"]}]}<\/script>\n<!-- \/ Yoast SEO plugin. -->","yoast_head_json":{"title":"F\u0131r\u00e7a Da\u011f\u0131t\u0131m \u0130pu\u00e7lar\u0131 | D\u00fc\u015f\u00fck Viskoziteli Uygulamalarda Bile","description":"Btektech f\u0131r\u00e7a da\u011f\u0131t\u0131m u\u00e7lar\u0131, d\u00fc\u015f\u00fck viskoziteli yap\u0131\u015ft\u0131r\u0131c\u0131lar\u0131n e\u015fit \u015fekilde uygulanmas\u0131, kaplama, yap\u0131\u015ft\u0131rma ve y\u00fczey i\u015fleme s\u00fcre\u00e7lerinin desteklenmesi i\u00e7in tasarlanm\u0131\u015ft\u0131r.","robots":{"index":"index","follow":"follow","max-snippet":"max-snippet:-1","max-image-preview":"max-image-preview:large","max-video-preview":"max-video-preview:-1"},"canonical":"https:\/\/btektech.com\/tr\/firca-dagitim-ipuclari\/","og_locale":"tr_TR","og_type":"article","og_title":"F\u0131r\u00e7a Da\u011f\u0131t\u0131m \u0130pu\u00e7lar\u0131 | D\u00fc\u015f\u00fck Viskoziteli Uygulamalarda Bile","og_description":"Btektech f\u0131r\u00e7a da\u011f\u0131t\u0131m u\u00e7lar\u0131, d\u00fc\u015f\u00fck viskoziteli yap\u0131\u015ft\u0131r\u0131c\u0131lar\u0131n e\u015fit \u015fekilde uygulanmas\u0131, kaplama, yap\u0131\u015ft\u0131rma ve y\u00fczey i\u015fleme s\u00fcre\u00e7lerinin desteklenmesi i\u00e7in tasarlanm\u0131\u015ft\u0131r.","og_url":"https:\/\/btektech.com\/tr\/firca-dagitim-ipuclari\/","og_site_name":"Btektech","og_image":[{"width":800,"height":800,"url":"https:\/\/btektech.com\/wp-content\/uploads\/2022\/05\/Brush-dispensing-tips-1.jpg","type":"image\/jpeg"}],"twitter_card":"summary_large_image","twitter_site":"@Btektech1","schema":{"@context":"https:\/\/schema.org","@graph":[{"@type":"WebPage","@id":"https:\/\/btektech.com\/tr\/firca-dagitim-ipuclari\/","url":"https:\/\/btektech.com\/tr\/firca-dagitim-ipuclari\/","name":"F\u0131r\u00e7a Da\u011f\u0131t\u0131m \u0130pu\u00e7lar\u0131 | D\u00fc\u015f\u00fck Viskoziteli Uygulamalarda Bile","isPartOf":{"@id":"https:\/\/btektech.com\/#website"},"primaryImageOfPage":{"@id":"https:\/\/btektech.com\/tr\/firca-dagitim-ipuclari\/#primaryimage"},"image":{"@id":"https:\/\/btektech.com\/tr\/firca-dagitim-ipuclari\/#primaryimage"},"thumbnailUrl":"https:\/\/btektech.com\/wp-content\/uploads\/2022\/05\/Brush-dispensing-tips-1.jpg","datePublished":"2026-05-12T07:42:21+00:00","description":"Btektech f\u0131r\u00e7a da\u011f\u0131t\u0131m u\u00e7lar\u0131, d\u00fc\u015f\u00fck viskoziteli yap\u0131\u015ft\u0131r\u0131c\u0131lar\u0131n e\u015fit \u015fekilde uygulanmas\u0131, kaplama, yap\u0131\u015ft\u0131rma ve y\u00fczey i\u015fleme s\u00fcre\u00e7lerinin desteklenmesi i\u00e7in tasarlanm\u0131\u015ft\u0131r.","breadcrumb":{"@id":"https:\/\/btektech.com\/tr\/firca-dagitim-ipuclari\/#breadcrumb"},"inLanguage":"tr","potentialAction":[{"@type":"ReadAction","target":["https:\/\/btektech.com\/tr\/firca-dagitim-ipuclari\/"]}]},{"@type":"ImageObject","inLanguage":"tr","@id":"https:\/\/btektech.com\/tr\/firca-dagitim-ipuclari\/#primaryimage","url":"https:\/\/btektech.com\/wp-content\/uploads\/2022\/05\/Brush-dispensing-tips-1.jpg","contentUrl":"https:\/\/btektech.com\/wp-content\/uploads\/2022\/05\/Brush-dispensing-tips-1.jpg","width":800,"height":800,"caption":"f\u0131r\u00e7a da\u011f\u0131t\u0131m ipu\u00e7lar\u0131"},{"@type":"BreadcrumbList","@id":"https:\/\/btektech.com\/tr\/firca-dagitim-ipuclari\/#breadcrumb","itemListElement":[{"@type":"ListItem","position":1,"name":"Home","item":"https:\/\/btektech.com\/"},{"@type":"ListItem","position":2,"name":"F\u0131r\u00e7a Da\u011f\u0131t\u0131m \u0130pu\u00e7lar\u0131"}]},{"@type":"WebSite","@id":"https:\/\/btektech.com\/#website","url":"https:\/\/btektech.com\/","name":"Btektech","description":"","publisher":{"@id":"https:\/\/btektech.com\/#organization"},"potentialAction":[{"@type":"SearchAction","target":{"@type":"EntryPoint","urlTemplate":"https:\/\/btektech.com\/?s={search_term_string}"},"query-input":{"@type":"PropertyValueSpecification","valueRequired":true,"valueName":"search_term_string"}}],"inLanguage":"tr"},{"@type":"Organization","@id":"https:\/\/btektech.com\/#organization","name":"Btektech","url":"https:\/\/btektech.com\/","logo":{"@type":"ImageObject","inLanguage":"tr","@id":"https:\/\/btektech.com\/#\/schema\/logo\/image\/","url":"https:\/\/btektech.com\/wp-content\/uploads\/2021\/08\/btektech-logo.png","contentUrl":"https:\/\/btektech.com\/wp-content\/uploads\/2021\/08\/btektech-logo.png","width":250,"height":114,"caption":"Btektech"},"image":{"@id":"https:\/\/btektech.com\/#\/schema\/logo\/image\/"},"sameAs":["https:\/\/x.com\/Btektech1","https:\/\/www.instagram.com\/btektech\/","https:\/\/www.linkedin.com\/company\/suzhou-baotailong-electronic-materials-co-ltd\/","https:\/\/www.pinterest.com\/btektech\/_saved\/","https:\/\/www.youtube.com\/channel\/UCBiw4Bc4CmQDrdo-QqyVTqQ"]}]}},"_links":{"self":[{"href":"https:\/\/btektech.com\/tr\/wp-json\/wp\/v2\/pages\/24655","targetHints":{"allow":["GET"]}}],"collection":[{"href":"https:\/\/btektech.com\/tr\/wp-json\/wp\/v2\/pages"}],"about":[{"href":"https:\/\/btektech.com\/tr\/wp-json\/wp\/v2\/types\/page"}],"author":[{"embeddable":true,"href":"https:\/\/btektech.com\/tr\/wp-json\/wp\/v2\/users\/8"}],"replies":[{"embeddable":true,"href":"https:\/\/btektech.com\/tr\/wp-json\/wp\/v2\/comments?post=24655"}],"version-history":[{"count":0,"href":"https:\/\/btektech.com\/tr\/wp-json\/wp\/v2\/pages\/24655\/revisions"}],"wp:featuredmedia":[{"embeddable":true,"href":"https:\/\/btektech.com\/tr\/wp-json\/wp\/v2\/media\/5791"}],"wp:attachment":[{"href":"https:\/\/btektech.com\/tr\/wp-json\/wp\/v2\/media?parent=24655"}],"curies":[{"name":"wp","href":"https:\/\/api.w.org\/{rel}","templated":true}]}}