{"id":24618,"date":"2026-05-12T15:31:40","date_gmt":"2026-05-12T07:31:40","guid":{"rendered":"https:\/\/btektech.com\/akulu-kalafatlama-tabancasi\/"},"modified":"2026-05-12T15:31:40","modified_gmt":"2026-05-12T07:31:40","slug":"akulu-kalafatlama-tabancasi","status":"publish","type":"page","link":"https:\/\/btektech.com\/tr\/akulu-kalafatlama-tabancasi\/","title":{"rendered":"Ak\u00fcl\u00fc Kalafatlama Tabancas\u0131"},"content":{"rendered":"","protected":false},"excerpt":{"rendered":"","protected":false},"author":8,"featured_media":0,"parent":0,"menu_order":0,"comment_status":"closed","ping_status":"closed","template":"page-product-category-second-new.php","meta":{"_acf_changed":false,"footnotes":""},"class_list":["post-24618","page","type-page","status-publish","hentry"],"acf":[],"yoast_head":"<!-- This site is optimized with the Yoast SEO plugin v27.5 - https:\/\/yoast.com\/product\/yoast-seo-wordpress\/ -->\n<title>Ak\u00fcl\u00fc Kalafatlama Tabancas\u0131 | Pille \u00c7al\u0131\u015fan Da\u011f\u0131t\u0131m Ara\u00e7lar\u0131<\/title>\n<meta name=\"description\" content=\"Btektech ak\u00fcl\u00fc kalafatlama tabancalar\u0131, tek bile\u015fenli kartu\u015flar, sosis paketleri ve iki bile\u015fenli sistemler dahil olmak \u00fczere pille \u00e7al\u0131\u015fan da\u011f\u0131t\u0131m sa\u011flar.\" \/>\n<meta name=\"robots\" content=\"index, follow, max-snippet:-1, max-image-preview:large, max-video-preview:-1\" \/>\n<link rel=\"canonical\" href=\"https:\/\/btektech.com\/tr\/akulu-kalafatlama-tabancasi\/\" \/>\n<meta property=\"og:locale\" content=\"tr_TR\" \/>\n<meta property=\"og:type\" content=\"article\" \/>\n<meta property=\"og:title\" content=\"Ak\u00fcl\u00fc Kalafatlama Tabancas\u0131 | Pille \u00c7al\u0131\u015fan Da\u011f\u0131t\u0131m Ara\u00e7lar\u0131\" \/>\n<meta property=\"og:description\" content=\"Btektech ak\u00fcl\u00fc kalafatlama tabancalar\u0131, tek bile\u015fenli kartu\u015flar, sosis paketleri ve iki bile\u015fenli sistemler dahil olmak \u00fczere pille \u00e7al\u0131\u015fan da\u011f\u0131t\u0131m sa\u011flar.\" \/>\n<meta property=\"og:url\" content=\"https:\/\/btektech.com\/tr\/akulu-kalafatlama-tabancasi\/\" \/>\n<meta property=\"og:site_name\" content=\"Btektech\" \/>\n<meta name=\"twitter:card\" content=\"summary_large_image\" \/>\n<meta name=\"twitter:site\" content=\"@Btektech1\" \/>\n<script type=\"application\/ld+json\" class=\"yoast-schema-graph\">{\"@context\":\"https:\\\/\\\/schema.org\",\"@graph\":[{\"@type\":\"WebPage\",\"@id\":\"https:\\\/\\\/btektech.com\\\/tr\\\/akulu-kalafatlama-tabancasi\\\/\",\"url\":\"https:\\\/\\\/btektech.com\\\/tr\\\/akulu-kalafatlama-tabancasi\\\/\",\"name\":\"Ak\u00fcl\u00fc Kalafatlama Tabancas\u0131 | Pille \u00c7al\u0131\u015fan Da\u011f\u0131t\u0131m Ara\u00e7lar\u0131\",\"isPartOf\":{\"@id\":\"https:\\\/\\\/btektech.com\\\/#website\"},\"datePublished\":\"2026-05-12T07:31:40+00:00\",\"description\":\"Btektech ak\u00fcl\u00fc kalafatlama tabancalar\u0131, tek bile\u015fenli kartu\u015flar, sosis paketleri ve iki bile\u015fenli sistemler dahil olmak \u00fczere pille \u00e7al\u0131\u015fan da\u011f\u0131t\u0131m sa\u011flar.\",\"breadcrumb\":{\"@id\":\"https:\\\/\\\/btektech.com\\\/tr\\\/akulu-kalafatlama-tabancasi\\\/#breadcrumb\"},\"inLanguage\":\"tr\",\"potentialAction\":[{\"@type\":\"ReadAction\",\"target\":[\"https:\\\/\\\/btektech.com\\\/tr\\\/akulu-kalafatlama-tabancasi\\\/\"]}]},{\"@type\":\"BreadcrumbList\",\"@id\":\"https:\\\/\\\/btektech.com\\\/tr\\\/akulu-kalafatlama-tabancasi\\\/#breadcrumb\",\"itemListElement\":[{\"@type\":\"ListItem\",\"position\":1,\"name\":\"Home\",\"item\":\"https:\\\/\\\/btektech.com\\\/\"},{\"@type\":\"ListItem\",\"position\":2,\"name\":\"Ak\u00fcl\u00fc Kalafatlama Tabancas\u0131\"}]},{\"@type\":\"WebSite\",\"@id\":\"https:\\\/\\\/btektech.com\\\/#website\",\"url\":\"https:\\\/\\\/btektech.com\\\/\",\"name\":\"Btektech\",\"description\":\"\",\"publisher\":{\"@id\":\"https:\\\/\\\/btektech.com\\\/#organization\"},\"potentialAction\":[{\"@type\":\"SearchAction\",\"target\":{\"@type\":\"EntryPoint\",\"urlTemplate\":\"https:\\\/\\\/btektech.com\\\/?s={search_term_string}\"},\"query-input\":{\"@type\":\"PropertyValueSpecification\",\"valueRequired\":true,\"valueName\":\"search_term_string\"}}],\"inLanguage\":\"tr\"},{\"@type\":\"Organization\",\"@id\":\"https:\\\/\\\/btektech.com\\\/#organization\",\"name\":\"Btektech\",\"url\":\"https:\\\/\\\/btektech.com\\\/\",\"logo\":{\"@type\":\"ImageObject\",\"inLanguage\":\"tr\",\"@id\":\"https:\\\/\\\/btektech.com\\\/#\\\/schema\\\/logo\\\/image\\\/\",\"url\":\"https:\\\/\\\/btektech.com\\\/wp-content\\\/uploads\\\/2021\\\/08\\\/btektech-logo.png\",\"contentUrl\":\"https:\\\/\\\/btektech.com\\\/wp-content\\\/uploads\\\/2021\\\/08\\\/btektech-logo.png\",\"width\":250,\"height\":114,\"caption\":\"Btektech\"},\"image\":{\"@id\":\"https:\\\/\\\/btektech.com\\\/#\\\/schema\\\/logo\\\/image\\\/\"},\"sameAs\":[\"https:\\\/\\\/x.com\\\/Btektech1\",\"https:\\\/\\\/www.instagram.com\\\/btektech\\\/\",\"https:\\\/\\\/www.linkedin.com\\\/company\\\/suzhou-baotailong-electronic-materials-co-ltd\\\/\",\"https:\\\/\\\/www.pinterest.com\\\/btektech\\\/_saved\\\/\",\"https:\\\/\\\/www.youtube.com\\\/channel\\\/UCBiw4Bc4CmQDrdo-QqyVTqQ\"]}]}<\/script>\n<!-- \/ Yoast SEO plugin. -->","yoast_head_json":{"title":"Ak\u00fcl\u00fc Kalafatlama Tabancas\u0131 | Pille \u00c7al\u0131\u015fan Da\u011f\u0131t\u0131m Ara\u00e7lar\u0131","description":"Btektech ak\u00fcl\u00fc kalafatlama tabancalar\u0131, tek bile\u015fenli kartu\u015flar, sosis paketleri ve iki bile\u015fenli sistemler dahil olmak \u00fczere pille \u00e7al\u0131\u015fan da\u011f\u0131t\u0131m sa\u011flar.","robots":{"index":"index","follow":"follow","max-snippet":"max-snippet:-1","max-image-preview":"max-image-preview:large","max-video-preview":"max-video-preview:-1"},"canonical":"https:\/\/btektech.com\/tr\/akulu-kalafatlama-tabancasi\/","og_locale":"tr_TR","og_type":"article","og_title":"Ak\u00fcl\u00fc Kalafatlama Tabancas\u0131 | Pille \u00c7al\u0131\u015fan Da\u011f\u0131t\u0131m Ara\u00e7lar\u0131","og_description":"Btektech ak\u00fcl\u00fc kalafatlama tabancalar\u0131, tek bile\u015fenli kartu\u015flar, sosis paketleri ve iki bile\u015fenli sistemler dahil olmak \u00fczere pille \u00e7al\u0131\u015fan da\u011f\u0131t\u0131m sa\u011flar.","og_url":"https:\/\/btektech.com\/tr\/akulu-kalafatlama-tabancasi\/","og_site_name":"Btektech","twitter_card":"summary_large_image","twitter_site":"@Btektech1","schema":{"@context":"https:\/\/schema.org","@graph":[{"@type":"WebPage","@id":"https:\/\/btektech.com\/tr\/akulu-kalafatlama-tabancasi\/","url":"https:\/\/btektech.com\/tr\/akulu-kalafatlama-tabancasi\/","name":"Ak\u00fcl\u00fc Kalafatlama Tabancas\u0131 | Pille \u00c7al\u0131\u015fan Da\u011f\u0131t\u0131m Ara\u00e7lar\u0131","isPartOf":{"@id":"https:\/\/btektech.com\/#website"},"datePublished":"2026-05-12T07:31:40+00:00","description":"Btektech ak\u00fcl\u00fc kalafatlama tabancalar\u0131, tek bile\u015fenli kartu\u015flar, sosis paketleri ve iki bile\u015fenli sistemler dahil olmak \u00fczere pille \u00e7al\u0131\u015fan da\u011f\u0131t\u0131m sa\u011flar.","breadcrumb":{"@id":"https:\/\/btektech.com\/tr\/akulu-kalafatlama-tabancasi\/#breadcrumb"},"inLanguage":"tr","potentialAction":[{"@type":"ReadAction","target":["https:\/\/btektech.com\/tr\/akulu-kalafatlama-tabancasi\/"]}]},{"@type":"BreadcrumbList","@id":"https:\/\/btektech.com\/tr\/akulu-kalafatlama-tabancasi\/#breadcrumb","itemListElement":[{"@type":"ListItem","position":1,"name":"Home","item":"https:\/\/btektech.com\/"},{"@type":"ListItem","position":2,"name":"Ak\u00fcl\u00fc Kalafatlama Tabancas\u0131"}]},{"@type":"WebSite","@id":"https:\/\/btektech.com\/#website","url":"https:\/\/btektech.com\/","name":"Btektech","description":"","publisher":{"@id":"https:\/\/btektech.com\/#organization"},"potentialAction":[{"@type":"SearchAction","target":{"@type":"EntryPoint","urlTemplate":"https:\/\/btektech.com\/?s={search_term_string}"},"query-input":{"@type":"PropertyValueSpecification","valueRequired":true,"valueName":"search_term_string"}}],"inLanguage":"tr"},{"@type":"Organization","@id":"https:\/\/btektech.com\/#organization","name":"Btektech","url":"https:\/\/btektech.com\/","logo":{"@type":"ImageObject","inLanguage":"tr","@id":"https:\/\/btektech.com\/#\/schema\/logo\/image\/","url":"https:\/\/btektech.com\/wp-content\/uploads\/2021\/08\/btektech-logo.png","contentUrl":"https:\/\/btektech.com\/wp-content\/uploads\/2021\/08\/btektech-logo.png","width":250,"height":114,"caption":"Btektech"},"image":{"@id":"https:\/\/btektech.com\/#\/schema\/logo\/image\/"},"sameAs":["https:\/\/x.com\/Btektech1","https:\/\/www.instagram.com\/btektech\/","https:\/\/www.linkedin.com\/company\/suzhou-baotailong-electronic-materials-co-ltd\/","https:\/\/www.pinterest.com\/btektech\/_saved\/","https:\/\/www.youtube.com\/channel\/UCBiw4Bc4CmQDrdo-QqyVTqQ"]}]}},"_links":{"self":[{"href":"https:\/\/btektech.com\/tr\/wp-json\/wp\/v2\/pages\/24618","targetHints":{"allow":["GET"]}}],"collection":[{"href":"https:\/\/btektech.com\/tr\/wp-json\/wp\/v2\/pages"}],"about":[{"href":"https:\/\/btektech.com\/tr\/wp-json\/wp\/v2\/types\/page"}],"author":[{"embeddable":true,"href":"https:\/\/btektech.com\/tr\/wp-json\/wp\/v2\/users\/8"}],"replies":[{"embeddable":true,"href":"https:\/\/btektech.com\/tr\/wp-json\/wp\/v2\/comments?post=24618"}],"version-history":[{"count":0,"href":"https:\/\/btektech.com\/tr\/wp-json\/wp\/v2\/pages\/24618\/revisions"}],"wp:attachment":[{"href":"https:\/\/btektech.com\/tr\/wp-json\/wp\/v2\/media?parent=24618"}],"curies":[{"name":"wp","href":"https:\/\/api.w.org\/{rel}","templated":true}]}}