{"id":24020,"date":"2026-04-01T13:08:59","date_gmt":"2026-04-01T05:08:59","guid":{"rendered":"https:\/\/btektech.com\/epoksi-karistirma-nozullari\/"},"modified":"2026-04-01T13:08:59","modified_gmt":"2026-04-01T05:08:59","slug":"epoksi-karistirma-nozullari","status":"publish","type":"page","link":"https:\/\/btektech.com\/tr\/epoksi-karistirma-nozullari\/","title":{"rendered":"Epoksi Kar\u0131\u015ft\u0131rma Nozullar\u0131"},"content":{"rendered":"","protected":false},"excerpt":{"rendered":"","protected":false},"author":8,"featured_media":21434,"parent":0,"menu_order":0,"comment_status":"closed","ping_status":"closed","template":"page-product-category-first-new.php","meta":{"_acf_changed":false,"footnotes":""},"class_list":["post-24020","page","type-page","status-publish","has-post-thumbnail","hentry"],"acf":[],"yoast_head":"<!-- This site is optimized with the Yoast SEO plugin v26.0 - https:\/\/yoast.com\/wordpress\/plugins\/seo\/ -->\n<title>Epoksi Kar\u0131\u015ft\u0131rma Nozullar\u0131 - D\u00fczg\u00fcn 2 Par\u00e7al\u0131 Yap\u0131\u015ft\u0131r\u0131c\u0131 Kar\u0131\u015ft\u0131rma \u0130\u00e7in<\/title>\n<meta name=\"description\" content=\"Btektech Epoksi Kar\u0131\u015ft\u0131rma Nozullar\u0131, \u00e7ift kartu\u015flar ve otomatik saya\u00e7 kar\u0131\u015ft\u0131rma sistemleri i\u00e7in d\u00fczg\u00fcn iki par\u00e7al\u0131 yap\u0131\u015ft\u0131r\u0131c\u0131 kar\u0131\u015f\u0131m\u0131 ve tutarl\u0131 da\u011f\u0131t\u0131m sa\u011flar.\" \/>\n<meta name=\"robots\" content=\"index, follow, max-snippet:-1, max-image-preview:large, max-video-preview:-1\" \/>\n<link rel=\"canonical\" href=\"https:\/\/btektech.com\/tr\/epoksi-karistirma-nozullari\/\" \/>\n<meta property=\"og:locale\" content=\"tr_TR\" \/>\n<meta property=\"og:type\" content=\"article\" \/>\n<meta property=\"og:title\" content=\"Epoksi Kar\u0131\u015ft\u0131rma Nozullar\u0131 - D\u00fczg\u00fcn 2 Par\u00e7al\u0131 Yap\u0131\u015ft\u0131r\u0131c\u0131 Kar\u0131\u015ft\u0131rma \u0130\u00e7in\" \/>\n<meta property=\"og:description\" content=\"Btektech Epoksi Kar\u0131\u015ft\u0131rma Nozullar\u0131, \u00e7ift kartu\u015flar ve otomatik saya\u00e7 kar\u0131\u015ft\u0131rma sistemleri i\u00e7in d\u00fczg\u00fcn iki par\u00e7al\u0131 yap\u0131\u015ft\u0131r\u0131c\u0131 kar\u0131\u015f\u0131m\u0131 ve tutarl\u0131 da\u011f\u0131t\u0131m sa\u011flar.\" \/>\n<meta property=\"og:url\" content=\"https:\/\/btektech.com\/tr\/epoksi-karistirma-nozullari\/\" \/>\n<meta property=\"og:site_name\" content=\"Btektech\" \/>\n<meta name=\"twitter:card\" content=\"summary_large_image\" \/>\n<meta name=\"twitter:site\" content=\"@Btektech1\" \/>\n<script type=\"application\/ld+json\" class=\"yoast-schema-graph\">{\"@context\":\"https:\/\/schema.org\",\"@graph\":[{\"@type\":\"WebPage\",\"@id\":\"https:\/\/btektech.com\/tr\/epoksi-karistirma-nozullari\/\",\"url\":\"https:\/\/btektech.com\/tr\/epoksi-karistirma-nozullari\/\",\"name\":\"Epoksi Kar\u0131\u015ft\u0131rma Nozullar\u0131 - D\u00fczg\u00fcn 2 Par\u00e7al\u0131 Yap\u0131\u015ft\u0131r\u0131c\u0131 Kar\u0131\u015ft\u0131rma \u0130\u00e7in\",\"isPartOf\":{\"@id\":\"https:\/\/btektech.com\/#website\"},\"primaryImageOfPage\":{\"@id\":\"https:\/\/btektech.com\/tr\/epoksi-karistirma-nozullari\/#primaryimage\"},\"image\":{\"@id\":\"https:\/\/btektech.com\/tr\/epoksi-karistirma-nozullari\/#primaryimage\"},\"thumbnailUrl\":\"https:\/\/btektech.com\/wp-content\/uploads\/2025\/12\/1-Bayonet-1.jpg\",\"datePublished\":\"2026-04-01T05:08:59+00:00\",\"description\":\"Btektech Epoksi Kar\u0131\u015ft\u0131rma Nozullar\u0131, \u00e7ift kartu\u015flar ve otomatik saya\u00e7 kar\u0131\u015ft\u0131rma sistemleri i\u00e7in d\u00fczg\u00fcn iki par\u00e7al\u0131 yap\u0131\u015ft\u0131r\u0131c\u0131 kar\u0131\u015f\u0131m\u0131 ve tutarl\u0131 da\u011f\u0131t\u0131m sa\u011flar.\",\"breadcrumb\":{\"@id\":\"https:\/\/btektech.com\/tr\/epoksi-karistirma-nozullari\/#breadcrumb\"},\"inLanguage\":\"tr\",\"potentialAction\":[{\"@type\":\"ReadAction\",\"target\":[\"https:\/\/btektech.com\/tr\/epoksi-karistirma-nozullari\/\"]}]},{\"@type\":\"ImageObject\",\"inLanguage\":\"tr\",\"@id\":\"https:\/\/btektech.com\/tr\/epoksi-karistirma-nozullari\/#primaryimage\",\"url\":\"https:\/\/btektech.com\/wp-content\/uploads\/2025\/12\/1-Bayonet-1.jpg\",\"contentUrl\":\"https:\/\/btektech.com\/wp-content\/uploads\/2025\/12\/1-Bayonet-1.jpg\",\"width\":800,\"height\":800,\"caption\":\"Bayonet Mixer Nozzle\"},{\"@type\":\"BreadcrumbList\",\"@id\":\"https:\/\/btektech.com\/tr\/epoksi-karistirma-nozullari\/#breadcrumb\",\"itemListElement\":[{\"@type\":\"ListItem\",\"position\":1,\"name\":\"Home\",\"item\":\"https:\/\/btektech.com\/tr\/home-2\/\"},{\"@type\":\"ListItem\",\"position\":2,\"name\":\"Epoksi Kar\u0131\u015ft\u0131rma Nozullar\u0131\"}]},{\"@type\":\"WebSite\",\"@id\":\"https:\/\/btektech.com\/#website\",\"url\":\"https:\/\/btektech.com\/\",\"name\":\"Btektech\",\"description\":\"\",\"publisher\":{\"@id\":\"https:\/\/btektech.com\/#organization\"},\"potentialAction\":[{\"@type\":\"SearchAction\",\"target\":{\"@type\":\"EntryPoint\",\"urlTemplate\":\"https:\/\/btektech.com\/?s={search_term_string}\"},\"query-input\":{\"@type\":\"PropertyValueSpecification\",\"valueRequired\":true,\"valueName\":\"search_term_string\"}}],\"inLanguage\":\"tr\"},{\"@type\":\"Organization\",\"@id\":\"https:\/\/btektech.com\/#organization\",\"name\":\"Btektech\",\"url\":\"https:\/\/btektech.com\/\",\"logo\":{\"@type\":\"ImageObject\",\"inLanguage\":\"tr\",\"@id\":\"https:\/\/btektech.com\/#\/schema\/logo\/image\/\",\"url\":\"https:\/\/btektech.com\/wp-content\/uploads\/2021\/08\/btektech-logo.png\",\"contentUrl\":\"https:\/\/btektech.com\/wp-content\/uploads\/2021\/08\/btektech-logo.png\",\"width\":250,\"height\":114,\"caption\":\"Btektech\"},\"image\":{\"@id\":\"https:\/\/btektech.com\/#\/schema\/logo\/image\/\"},\"sameAs\":[\"https:\/\/x.com\/Btektech1\",\"https:\/\/www.instagram.com\/btektech\/\",\"https:\/\/www.linkedin.com\/company\/suzhou-baotailong-electronic-materials-co-ltd\/\",\"https:\/\/www.pinterest.com\/btektech\/_saved\/\",\"https:\/\/www.youtube.com\/channel\/UCBiw4Bc4CmQDrdo-QqyVTqQ\"]}]}<\/script>\n<!-- \/ Yoast SEO plugin. -->","yoast_head_json":{"title":"Epoksi Kar\u0131\u015ft\u0131rma Nozullar\u0131 - D\u00fczg\u00fcn 2 Par\u00e7al\u0131 Yap\u0131\u015ft\u0131r\u0131c\u0131 Kar\u0131\u015ft\u0131rma \u0130\u00e7in","description":"Btektech Epoksi Kar\u0131\u015ft\u0131rma Nozullar\u0131, \u00e7ift kartu\u015flar ve otomatik saya\u00e7 kar\u0131\u015ft\u0131rma sistemleri i\u00e7in d\u00fczg\u00fcn iki par\u00e7al\u0131 yap\u0131\u015ft\u0131r\u0131c\u0131 kar\u0131\u015f\u0131m\u0131 ve tutarl\u0131 da\u011f\u0131t\u0131m sa\u011flar.","robots":{"index":"index","follow":"follow","max-snippet":"max-snippet:-1","max-image-preview":"max-image-preview:large","max-video-preview":"max-video-preview:-1"},"canonical":"https:\/\/btektech.com\/tr\/epoksi-karistirma-nozullari\/","og_locale":"tr_TR","og_type":"article","og_title":"Epoksi Kar\u0131\u015ft\u0131rma Nozullar\u0131 - D\u00fczg\u00fcn 2 Par\u00e7al\u0131 Yap\u0131\u015ft\u0131r\u0131c\u0131 Kar\u0131\u015ft\u0131rma \u0130\u00e7in","og_description":"Btektech Epoksi Kar\u0131\u015ft\u0131rma Nozullar\u0131, \u00e7ift kartu\u015flar ve otomatik saya\u00e7 kar\u0131\u015ft\u0131rma sistemleri i\u00e7in d\u00fczg\u00fcn iki par\u00e7al\u0131 yap\u0131\u015ft\u0131r\u0131c\u0131 kar\u0131\u015f\u0131m\u0131 ve tutarl\u0131 da\u011f\u0131t\u0131m sa\u011flar.","og_url":"https:\/\/btektech.com\/tr\/epoksi-karistirma-nozullari\/","og_site_name":"Btektech","twitter_card":"summary_large_image","twitter_site":"@Btektech1","schema":{"@context":"https:\/\/schema.org","@graph":[{"@type":"WebPage","@id":"https:\/\/btektech.com\/tr\/epoksi-karistirma-nozullari\/","url":"https:\/\/btektech.com\/tr\/epoksi-karistirma-nozullari\/","name":"Epoksi Kar\u0131\u015ft\u0131rma Nozullar\u0131 - D\u00fczg\u00fcn 2 Par\u00e7al\u0131 Yap\u0131\u015ft\u0131r\u0131c\u0131 Kar\u0131\u015ft\u0131rma \u0130\u00e7in","isPartOf":{"@id":"https:\/\/btektech.com\/#website"},"primaryImageOfPage":{"@id":"https:\/\/btektech.com\/tr\/epoksi-karistirma-nozullari\/#primaryimage"},"image":{"@id":"https:\/\/btektech.com\/tr\/epoksi-karistirma-nozullari\/#primaryimage"},"thumbnailUrl":"https:\/\/btektech.com\/wp-content\/uploads\/2025\/12\/1-Bayonet-1.jpg","datePublished":"2026-04-01T05:08:59+00:00","description":"Btektech Epoksi Kar\u0131\u015ft\u0131rma Nozullar\u0131, \u00e7ift kartu\u015flar ve otomatik saya\u00e7 kar\u0131\u015ft\u0131rma sistemleri i\u00e7in d\u00fczg\u00fcn iki par\u00e7al\u0131 yap\u0131\u015ft\u0131r\u0131c\u0131 kar\u0131\u015f\u0131m\u0131 ve tutarl\u0131 da\u011f\u0131t\u0131m sa\u011flar.","breadcrumb":{"@id":"https:\/\/btektech.com\/tr\/epoksi-karistirma-nozullari\/#breadcrumb"},"inLanguage":"tr","potentialAction":[{"@type":"ReadAction","target":["https:\/\/btektech.com\/tr\/epoksi-karistirma-nozullari\/"]}]},{"@type":"ImageObject","inLanguage":"tr","@id":"https:\/\/btektech.com\/tr\/epoksi-karistirma-nozullari\/#primaryimage","url":"https:\/\/btektech.com\/wp-content\/uploads\/2025\/12\/1-Bayonet-1.jpg","contentUrl":"https:\/\/btektech.com\/wp-content\/uploads\/2025\/12\/1-Bayonet-1.jpg","width":800,"height":800,"caption":"Bayonet Mixer Nozzle"},{"@type":"BreadcrumbList","@id":"https:\/\/btektech.com\/tr\/epoksi-karistirma-nozullari\/#breadcrumb","itemListElement":[{"@type":"ListItem","position":1,"name":"Home","item":"https:\/\/btektech.com\/tr\/home-2\/"},{"@type":"ListItem","position":2,"name":"Epoksi Kar\u0131\u015ft\u0131rma Nozullar\u0131"}]},{"@type":"WebSite","@id":"https:\/\/btektech.com\/#website","url":"https:\/\/btektech.com\/","name":"Btektech","description":"","publisher":{"@id":"https:\/\/btektech.com\/#organization"},"potentialAction":[{"@type":"SearchAction","target":{"@type":"EntryPoint","urlTemplate":"https:\/\/btektech.com\/?s={search_term_string}"},"query-input":{"@type":"PropertyValueSpecification","valueRequired":true,"valueName":"search_term_string"}}],"inLanguage":"tr"},{"@type":"Organization","@id":"https:\/\/btektech.com\/#organization","name":"Btektech","url":"https:\/\/btektech.com\/","logo":{"@type":"ImageObject","inLanguage":"tr","@id":"https:\/\/btektech.com\/#\/schema\/logo\/image\/","url":"https:\/\/btektech.com\/wp-content\/uploads\/2021\/08\/btektech-logo.png","contentUrl":"https:\/\/btektech.com\/wp-content\/uploads\/2021\/08\/btektech-logo.png","width":250,"height":114,"caption":"Btektech"},"image":{"@id":"https:\/\/btektech.com\/#\/schema\/logo\/image\/"},"sameAs":["https:\/\/x.com\/Btektech1","https:\/\/www.instagram.com\/btektech\/","https:\/\/www.linkedin.com\/company\/suzhou-baotailong-electronic-materials-co-ltd\/","https:\/\/www.pinterest.com\/btektech\/_saved\/","https:\/\/www.youtube.com\/channel\/UCBiw4Bc4CmQDrdo-QqyVTqQ"]}]}},"_links":{"self":[{"href":"https:\/\/btektech.com\/tr\/wp-json\/wp\/v2\/pages\/24020","targetHints":{"allow":["GET"]}}],"collection":[{"href":"https:\/\/btektech.com\/tr\/wp-json\/wp\/v2\/pages"}],"about":[{"href":"https:\/\/btektech.com\/tr\/wp-json\/wp\/v2\/types\/page"}],"author":[{"embeddable":true,"href":"https:\/\/btektech.com\/tr\/wp-json\/wp\/v2\/users\/8"}],"replies":[{"embeddable":true,"href":"https:\/\/btektech.com\/tr\/wp-json\/wp\/v2\/comments?post=24020"}],"version-history":[{"count":0,"href":"https:\/\/btektech.com\/tr\/wp-json\/wp\/v2\/pages\/24020\/revisions"}],"wp:featuredmedia":[{"embeddable":true,"href":"https:\/\/btektech.com\/tr\/wp-json\/wp\/v2\/media\/21434"}],"wp:attachment":[{"href":"https:\/\/btektech.com\/tr\/wp-json\/wp\/v2\/media?parent=24020"}],"curies":[{"name":"wp","href":"https:\/\/api.w.org\/{rel}","templated":true}]}}