{"id":24018,"date":"2026-04-01T09:56:15","date_gmt":"2026-04-01T01:56:15","guid":{"rendered":"https:\/\/btektech.com\/dagitim-ipuclari\/"},"modified":"2026-04-01T09:56:15","modified_gmt":"2026-04-01T01:56:15","slug":"dagitim-ipuclari","status":"publish","type":"page","link":"https:\/\/btektech.com\/tr\/dagitim-ipuclari\/","title":{"rendered":"Da\u011f\u0131t\u0131m \u0130pu\u00e7lar\u0131"},"content":{"rendered":"","protected":false},"excerpt":{"rendered":"","protected":false},"author":8,"featured_media":21484,"parent":0,"menu_order":0,"comment_status":"closed","ping_status":"closed","template":"page-product-category-first-new.php","meta":{"_acf_changed":false,"footnotes":""},"class_list":["post-24018","page","type-page","status-publish","has-post-thumbnail","hentry"],"acf":[],"yoast_head":"<!-- This site is optimized with the Yoast SEO plugin v26.0 - https:\/\/yoast.com\/wordpress\/plugins\/seo\/ -->\n<title>Da\u011f\u0131t\u0131m U\u00e7lar\u0131 - Hassas Yap\u0131\u015ft\u0131r\u0131c\u0131 Ak\u0131\u015f Kontrol\u00fc \u0130\u00e7in<\/title>\n<meta name=\"description\" content=\"Btektech Da\u011f\u0131t\u0131m U\u00e7lar\u0131, manuel ve otomatik da\u011f\u0131t\u0131m sistemleri i\u00e7in kontroll\u00fc yap\u0131\u015ft\u0131r\u0131c\u0131 ak\u0131\u015f\u0131, sabit da\u011f\u0131t\u0131m hacmi ve tutarl\u0131 performans sa\u011flar.\" \/>\n<meta name=\"robots\" content=\"index, follow, max-snippet:-1, max-image-preview:large, max-video-preview:-1\" \/>\n<link rel=\"canonical\" href=\"https:\/\/btektech.com\/tr\/dagitim-ipuclari\/\" \/>\n<meta property=\"og:locale\" content=\"tr_TR\" \/>\n<meta property=\"og:type\" content=\"article\" \/>\n<meta property=\"og:title\" content=\"Da\u011f\u0131t\u0131m U\u00e7lar\u0131 - Hassas Yap\u0131\u015ft\u0131r\u0131c\u0131 Ak\u0131\u015f Kontrol\u00fc \u0130\u00e7in\" \/>\n<meta property=\"og:description\" content=\"Btektech Da\u011f\u0131t\u0131m U\u00e7lar\u0131, manuel ve otomatik da\u011f\u0131t\u0131m sistemleri i\u00e7in kontroll\u00fc yap\u0131\u015ft\u0131r\u0131c\u0131 ak\u0131\u015f\u0131, sabit da\u011f\u0131t\u0131m hacmi ve tutarl\u0131 performans sa\u011flar.\" \/>\n<meta property=\"og:url\" content=\"https:\/\/btektech.com\/tr\/dagitim-ipuclari\/\" \/>\n<meta property=\"og:site_name\" content=\"Btektech\" \/>\n<meta name=\"twitter:card\" content=\"summary_large_image\" \/>\n<meta name=\"twitter:site\" content=\"@Btektech1\" \/>\n<script type=\"application\/ld+json\" class=\"yoast-schema-graph\">{\"@context\":\"https:\/\/schema.org\",\"@graph\":[{\"@type\":\"WebPage\",\"@id\":\"https:\/\/btektech.com\/tr\/dagitim-ipuclari\/\",\"url\":\"https:\/\/btektech.com\/tr\/dagitim-ipuclari\/\",\"name\":\"Da\u011f\u0131t\u0131m U\u00e7lar\u0131 - Hassas Yap\u0131\u015ft\u0131r\u0131c\u0131 Ak\u0131\u015f Kontrol\u00fc \u0130\u00e7in\",\"isPartOf\":{\"@id\":\"https:\/\/btektech.com\/#website\"},\"primaryImageOfPage\":{\"@id\":\"https:\/\/btektech.com\/tr\/dagitim-ipuclari\/#primaryimage\"},\"image\":{\"@id\":\"https:\/\/btektech.com\/tr\/dagitim-ipuclari\/#primaryimage\"},\"thumbnailUrl\":\"https:\/\/btektech.com\/wp-content\/uploads\/2025\/12\/1.jpg\",\"datePublished\":\"2026-04-01T01:56:15+00:00\",\"description\":\"Btektech Da\u011f\u0131t\u0131m U\u00e7lar\u0131, manuel ve otomatik da\u011f\u0131t\u0131m sistemleri i\u00e7in kontroll\u00fc yap\u0131\u015ft\u0131r\u0131c\u0131 ak\u0131\u015f\u0131, sabit da\u011f\u0131t\u0131m hacmi ve tutarl\u0131 performans sa\u011flar.\",\"breadcrumb\":{\"@id\":\"https:\/\/btektech.com\/tr\/dagitim-ipuclari\/#breadcrumb\"},\"inLanguage\":\"tr\",\"potentialAction\":[{\"@type\":\"ReadAction\",\"target\":[\"https:\/\/btektech.com\/tr\/dagitim-ipuclari\/\"]}]},{\"@type\":\"ImageObject\",\"inLanguage\":\"tr\",\"@id\":\"https:\/\/btektech.com\/tr\/dagitim-ipuclari\/#primaryimage\",\"url\":\"https:\/\/btektech.com\/wp-content\/uploads\/2025\/12\/1.jpg\",\"contentUrl\":\"https:\/\/btektech.com\/wp-content\/uploads\/2025\/12\/1.jpg\",\"width\":800,\"height\":800,\"caption\":\"Angled Dispensing Tips\"},{\"@type\":\"BreadcrumbList\",\"@id\":\"https:\/\/btektech.com\/tr\/dagitim-ipuclari\/#breadcrumb\",\"itemListElement\":[{\"@type\":\"ListItem\",\"position\":1,\"name\":\"Home\",\"item\":\"https:\/\/btektech.com\/tr\/home-2\/\"},{\"@type\":\"ListItem\",\"position\":2,\"name\":\"Da\u011f\u0131t\u0131m \u0130pu\u00e7lar\u0131\"}]},{\"@type\":\"WebSite\",\"@id\":\"https:\/\/btektech.com\/#website\",\"url\":\"https:\/\/btektech.com\/\",\"name\":\"Btektech\",\"description\":\"\",\"publisher\":{\"@id\":\"https:\/\/btektech.com\/#organization\"},\"potentialAction\":[{\"@type\":\"SearchAction\",\"target\":{\"@type\":\"EntryPoint\",\"urlTemplate\":\"https:\/\/btektech.com\/?s={search_term_string}\"},\"query-input\":{\"@type\":\"PropertyValueSpecification\",\"valueRequired\":true,\"valueName\":\"search_term_string\"}}],\"inLanguage\":\"tr\"},{\"@type\":\"Organization\",\"@id\":\"https:\/\/btektech.com\/#organization\",\"name\":\"Btektech\",\"url\":\"https:\/\/btektech.com\/\",\"logo\":{\"@type\":\"ImageObject\",\"inLanguage\":\"tr\",\"@id\":\"https:\/\/btektech.com\/#\/schema\/logo\/image\/\",\"url\":\"https:\/\/btektech.com\/wp-content\/uploads\/2021\/08\/btektech-logo.png\",\"contentUrl\":\"https:\/\/btektech.com\/wp-content\/uploads\/2021\/08\/btektech-logo.png\",\"width\":250,\"height\":114,\"caption\":\"Btektech\"},\"image\":{\"@id\":\"https:\/\/btektech.com\/#\/schema\/logo\/image\/\"},\"sameAs\":[\"https:\/\/x.com\/Btektech1\",\"https:\/\/www.instagram.com\/btektech\/\",\"https:\/\/www.linkedin.com\/company\/suzhou-baotailong-electronic-materials-co-ltd\/\",\"https:\/\/www.pinterest.com\/btektech\/_saved\/\",\"https:\/\/www.youtube.com\/channel\/UCBiw4Bc4CmQDrdo-QqyVTqQ\"]}]}<\/script>\n<!-- \/ Yoast SEO plugin. -->","yoast_head_json":{"title":"Da\u011f\u0131t\u0131m U\u00e7lar\u0131 - Hassas Yap\u0131\u015ft\u0131r\u0131c\u0131 Ak\u0131\u015f Kontrol\u00fc \u0130\u00e7in","description":"Btektech Da\u011f\u0131t\u0131m U\u00e7lar\u0131, manuel ve otomatik da\u011f\u0131t\u0131m sistemleri i\u00e7in kontroll\u00fc yap\u0131\u015ft\u0131r\u0131c\u0131 ak\u0131\u015f\u0131, sabit da\u011f\u0131t\u0131m hacmi ve tutarl\u0131 performans sa\u011flar.","robots":{"index":"index","follow":"follow","max-snippet":"max-snippet:-1","max-image-preview":"max-image-preview:large","max-video-preview":"max-video-preview:-1"},"canonical":"https:\/\/btektech.com\/tr\/dagitim-ipuclari\/","og_locale":"tr_TR","og_type":"article","og_title":"Da\u011f\u0131t\u0131m U\u00e7lar\u0131 - Hassas Yap\u0131\u015ft\u0131r\u0131c\u0131 Ak\u0131\u015f Kontrol\u00fc \u0130\u00e7in","og_description":"Btektech Da\u011f\u0131t\u0131m U\u00e7lar\u0131, manuel ve otomatik da\u011f\u0131t\u0131m sistemleri i\u00e7in kontroll\u00fc yap\u0131\u015ft\u0131r\u0131c\u0131 ak\u0131\u015f\u0131, sabit da\u011f\u0131t\u0131m hacmi ve tutarl\u0131 performans sa\u011flar.","og_url":"https:\/\/btektech.com\/tr\/dagitim-ipuclari\/","og_site_name":"Btektech","twitter_card":"summary_large_image","twitter_site":"@Btektech1","schema":{"@context":"https:\/\/schema.org","@graph":[{"@type":"WebPage","@id":"https:\/\/btektech.com\/tr\/dagitim-ipuclari\/","url":"https:\/\/btektech.com\/tr\/dagitim-ipuclari\/","name":"Da\u011f\u0131t\u0131m U\u00e7lar\u0131 - Hassas Yap\u0131\u015ft\u0131r\u0131c\u0131 Ak\u0131\u015f Kontrol\u00fc \u0130\u00e7in","isPartOf":{"@id":"https:\/\/btektech.com\/#website"},"primaryImageOfPage":{"@id":"https:\/\/btektech.com\/tr\/dagitim-ipuclari\/#primaryimage"},"image":{"@id":"https:\/\/btektech.com\/tr\/dagitim-ipuclari\/#primaryimage"},"thumbnailUrl":"https:\/\/btektech.com\/wp-content\/uploads\/2025\/12\/1.jpg","datePublished":"2026-04-01T01:56:15+00:00","description":"Btektech Da\u011f\u0131t\u0131m U\u00e7lar\u0131, manuel ve otomatik da\u011f\u0131t\u0131m sistemleri i\u00e7in kontroll\u00fc yap\u0131\u015ft\u0131r\u0131c\u0131 ak\u0131\u015f\u0131, sabit da\u011f\u0131t\u0131m hacmi ve tutarl\u0131 performans sa\u011flar.","breadcrumb":{"@id":"https:\/\/btektech.com\/tr\/dagitim-ipuclari\/#breadcrumb"},"inLanguage":"tr","potentialAction":[{"@type":"ReadAction","target":["https:\/\/btektech.com\/tr\/dagitim-ipuclari\/"]}]},{"@type":"ImageObject","inLanguage":"tr","@id":"https:\/\/btektech.com\/tr\/dagitim-ipuclari\/#primaryimage","url":"https:\/\/btektech.com\/wp-content\/uploads\/2025\/12\/1.jpg","contentUrl":"https:\/\/btektech.com\/wp-content\/uploads\/2025\/12\/1.jpg","width":800,"height":800,"caption":"Angled Dispensing Tips"},{"@type":"BreadcrumbList","@id":"https:\/\/btektech.com\/tr\/dagitim-ipuclari\/#breadcrumb","itemListElement":[{"@type":"ListItem","position":1,"name":"Home","item":"https:\/\/btektech.com\/tr\/home-2\/"},{"@type":"ListItem","position":2,"name":"Da\u011f\u0131t\u0131m \u0130pu\u00e7lar\u0131"}]},{"@type":"WebSite","@id":"https:\/\/btektech.com\/#website","url":"https:\/\/btektech.com\/","name":"Btektech","description":"","publisher":{"@id":"https:\/\/btektech.com\/#organization"},"potentialAction":[{"@type":"SearchAction","target":{"@type":"EntryPoint","urlTemplate":"https:\/\/btektech.com\/?s={search_term_string}"},"query-input":{"@type":"PropertyValueSpecification","valueRequired":true,"valueName":"search_term_string"}}],"inLanguage":"tr"},{"@type":"Organization","@id":"https:\/\/btektech.com\/#organization","name":"Btektech","url":"https:\/\/btektech.com\/","logo":{"@type":"ImageObject","inLanguage":"tr","@id":"https:\/\/btektech.com\/#\/schema\/logo\/image\/","url":"https:\/\/btektech.com\/wp-content\/uploads\/2021\/08\/btektech-logo.png","contentUrl":"https:\/\/btektech.com\/wp-content\/uploads\/2021\/08\/btektech-logo.png","width":250,"height":114,"caption":"Btektech"},"image":{"@id":"https:\/\/btektech.com\/#\/schema\/logo\/image\/"},"sameAs":["https:\/\/x.com\/Btektech1","https:\/\/www.instagram.com\/btektech\/","https:\/\/www.linkedin.com\/company\/suzhou-baotailong-electronic-materials-co-ltd\/","https:\/\/www.pinterest.com\/btektech\/_saved\/","https:\/\/www.youtube.com\/channel\/UCBiw4Bc4CmQDrdo-QqyVTqQ"]}]}},"_links":{"self":[{"href":"https:\/\/btektech.com\/tr\/wp-json\/wp\/v2\/pages\/24018","targetHints":{"allow":["GET"]}}],"collection":[{"href":"https:\/\/btektech.com\/tr\/wp-json\/wp\/v2\/pages"}],"about":[{"href":"https:\/\/btektech.com\/tr\/wp-json\/wp\/v2\/types\/page"}],"author":[{"embeddable":true,"href":"https:\/\/btektech.com\/tr\/wp-json\/wp\/v2\/users\/8"}],"replies":[{"embeddable":true,"href":"https:\/\/btektech.com\/tr\/wp-json\/wp\/v2\/comments?post=24018"}],"version-history":[{"count":0,"href":"https:\/\/btektech.com\/tr\/wp-json\/wp\/v2\/pages\/24018\/revisions"}],"wp:featuredmedia":[{"embeddable":true,"href":"https:\/\/btektech.com\/tr\/wp-json\/wp\/v2\/media\/21484"}],"wp:attachment":[{"href":"https:\/\/btektech.com\/tr\/wp-json\/wp\/v2\/media?parent=24018"}],"curies":[{"name":"wp","href":"https:\/\/api.w.org\/{rel}","templated":true}]}}