{"id":7126,"date":"2022-06-07T07:32:01","date_gmt":"2022-07-28T03:31:30","guid":{"rendered":"https:\/\/btektech.com\/product\/tubo-de-mistura-dinamica-sec13-25\/"},"modified":"2022-07-28T03:31:30","modified_gmt":"2022-07-28T03:31:30","slug":"amostra-livre","status":"publish","type":"product","link":"https:\/\/btektech.com\/pt-pt\/product\/amostra-livre\/","title":{"rendered":"Tubo de mistura din\u00e2mica SEC13-25"},"content":{"rendered":"<p>O tubo de mistura din\u00e2mico SEC13-25 foi usado anteriormente como um bocal de mistura para o design do sistema para a distribui\u00e7\u00e3o de selantes que unem pain\u00e9is solares. Tamb\u00e9m \u00e9 amplamente utilizado nas ind\u00fastrias de g\u00e1s e eletr\u00f4nicos.<\/p>\n<p>O tubo de mistura din\u00e2mica SEC13-25 produzido pela Btektech tem as caracter\u00edsticas de resist\u00eancia \u00e0 corros\u00e3o, durabilidade e mistura uniforme. Comparado com um bocal de mistura est\u00e1tica, o tubo de mistura din\u00e2mico \u00e9 projetado para que os elementos do tubo possam girar rapidamente. A rota\u00e7\u00e3o do elemento \u00e9 alimentada por um motor correspondente e v\u00e1lvula de cola. O tubo de mistura din\u00e2mico \u00e9 adequado para l\u00edquidos de dois componentes ou l\u00edquidos de espuma com uma ampla gama de disparidades. \u00c9 muito adequado para o efeito de mistura de l\u00edquidos com uma grande propor\u00e7\u00e3o de dois componentes e uma grande diferen\u00e7a de viscosidade.<\/p>\n<p>O tubo de mistura SEC13-25 \u00e9 projetado com um n\u00f3 oco no meio do elemento para tornar a mistura l\u00edquida mais uniforme. Todo o seu n\u00facleo interno tem um total de 24 elementos.<br \/>\nA sa\u00edda do tubo de mistura SEC13-25 tem um design de rosca para que, ap\u00f3s o acoplamento do adaptador, o bocal de mistura possa ser conectado com v\u00e1rias dicas de distribui\u00e7\u00e3o. Tem as caracter\u00edsticas de conex\u00e3o firme, n\u00e3o \u00e9 f\u00e1cil de cair, e entrega de cola lisa sem gotejamento.<br \/>\nA ficha t\u00e9cnica din\u00e2mica do tubo de mixagem SEC13-25 est\u00e1 abaixo. Este produto tamb\u00e9m \u00e9 amplamente utilizado em pe\u00e7as da m\u00e1quina de distribuidor de cola Shengpu<\/p>\n<p>Como fabricante profissional de bocais de mistura, a Btektech fornece produtos de alta qualidade e competitivos para f\u00e1bricas de terminais e atacadistas. O pacote padr\u00e3o de tubos de mistura SEC13-25 \u00e9 de 1000pcs \/ caixa. O tamanho da caixa \u00e9 de 58,5 \u00d7 38,5 \u00d7 35. O peso de todo o caso \u00e9 de 16KG. Fornecemos servi\u00e7os personalizados de embalagem para os clientes.<\/p>\n","protected":false},"excerpt":{"rendered":"<p>Estamos felizes em enviar um pacote de amostras gr\u00e1tis para testar nossos acess\u00f3rios de distribui\u00e7\u00e3o.<br \/>\nNossos pacotes de amostras mudam todos os meses, voc\u00ea s\u00f3 precisa pagar um pouco pelo transporte.<br \/>\nSe voc\u00ea estiver interessado em pacotes de amostras individuais (com amostras para sua aplica\u00e7\u00e3o especial), sinta-se \u00e0 vontade para solicit\u00e1-los! Estamos felizes em servi-lo!<audio style=\"display: none;\" controls=\"controls\"><\/audio><\/p>\n<p><audio style=\"display: none;\" controls=\"controls\"><\/audio><\/p>\n<div id=\"gtx-trans\" style=\"position: absolute; left: 269px; top: 30.5486px;\">\n<div class=\"gtx-trans-icon\"><\/div>\n<\/div>\n<p><audio style=\"display: none;\" controls=\"controls\"><\/audio><\/p>\n<p><audio style=\"display: none;\" controls=\"controls\"><\/audio><\/p>\n<p><audio style=\"display: none;\" controls=\"controls\"><\/audio><\/p>\n","protected":false},"featured_media":21467,"comment_status":"open","ping_status":"closed","template":"","meta":{"_acf_changed":false},"product_brand":[],"product_cat":[165],"product_tag":[],"class_list":{"0":"post-7126","1":"product","2":"type-product","3":"status-publish","4":"has-post-thumbnail","6":"product_cat-bicos-misturador-dinamica","8":"first","9":"instock","10":"sold-individually","11":"shipping-taxable","12":"product-type-simple"},"acf":[],"yoast_head":"<!-- This site is optimized with the Yoast SEO plugin v26.0 - https:\/\/yoast.com\/wordpress\/plugins\/seo\/ -->\n<title>Amostra gratuita SEC13-25 Tubo de Mistura Din\u00e2mica<\/title>\n<meta name=\"description\" content=\"Pague o frete para obter sua amostra gr\u00e1tis para testes\" \/>\n<meta name=\"robots\" content=\"index, follow, max-snippet:-1, max-image-preview:large, max-video-preview:-1\" \/>\n<link rel=\"canonical\" href=\"https:\/\/btektech.com\/pt-pt\/product\/amostra-livre\/\" \/>\n<meta property=\"og:locale\" content=\"pt_PT\" \/>\n<meta property=\"og:type\" content=\"article\" \/>\n<meta property=\"og:title\" content=\"Amostra gratuita SEC13-25 Tubo de Mistura Din\u00e2mica\" \/>\n<meta property=\"og:description\" content=\"Pague o frete para obter sua amostra gr\u00e1tis para testes\" \/>\n<meta property=\"og:url\" content=\"https:\/\/btektech.com\/pt-pt\/product\/amostra-livre\/\" \/>\n<meta property=\"og:site_name\" content=\"Btektech\" \/>\n<meta property=\"og:image\" content=\"https:\/\/btektech.com\/wp-content\/uploads\/2022\/11\/SEC13-25-Dynamic-Epoxy-Mixing-Nozzle-detail.jpg\" \/>\n\t<meta property=\"og:image:width\" content=\"800\" \/>\n\t<meta property=\"og:image:height\" content=\"800\" \/>\n\t<meta property=\"og:image:type\" content=\"image\/jpeg\" \/>\n<meta name=\"twitter:card\" content=\"summary_large_image\" \/>\n<meta name=\"twitter:site\" content=\"@Btektech1\" \/>\n<meta name=\"twitter:label1\" content=\"Tempo estimado de leitura\" \/>\n\t<meta name=\"twitter:data1\" content=\"2 minutos\" \/>\n<script type=\"application\/ld+json\" class=\"yoast-schema-graph\">{\"@context\":\"https:\/\/schema.org\",\"@graph\":[{\"@type\":[\"WebPage\",\"ItemPage\"],\"@id\":\"https:\/\/btektech.com\/pt-pt\/product\/amostra-livre\/\",\"url\":\"https:\/\/btektech.com\/pt-pt\/product\/amostra-livre\/\",\"name\":\"Amostra gratuita SEC13-25 Tubo de Mistura Din\u00e2mica\",\"isPartOf\":{\"@id\":\"https:\/\/btektech.com\/#website\"},\"primaryImageOfPage\":{\"@id\":\"https:\/\/btektech.com\/pt-pt\/product\/amostra-livre\/#primaryimage\"},\"image\":{\"@id\":\"https:\/\/btektech.com\/pt-pt\/product\/amostra-livre\/#primaryimage\"},\"thumbnailUrl\":\"https:\/\/btektech.com\/wp-content\/uploads\/2025\/12\/SEC13-25-1.jpg\",\"datePublished\":\"2022-07-28T03:31:30+00:00\",\"description\":\"Pague o frete para obter sua amostra gr\u00e1tis para testes\",\"breadcrumb\":{\"@id\":\"https:\/\/btektech.com\/pt-pt\/product\/amostra-livre\/#breadcrumb\"},\"inLanguage\":\"pt-PT\",\"potentialAction\":[{\"@type\":\"ReadAction\",\"target\":[\"https:\/\/btektech.com\/pt-pt\/product\/amostra-livre\/\"]}]},{\"@type\":\"ImageObject\",\"inLanguage\":\"pt-PT\",\"@id\":\"https:\/\/btektech.com\/pt-pt\/product\/amostra-livre\/#primaryimage\",\"url\":\"https:\/\/btektech.com\/wp-content\/uploads\/2025\/12\/SEC13-25-1.jpg\",\"contentUrl\":\"https:\/\/btektech.com\/wp-content\/uploads\/2025\/12\/SEC13-25-1.jpg\",\"width\":800,\"height\":800,\"caption\":\"SEC13-25 Dynamic Mixing Nozzle banner\"},{\"@type\":\"BreadcrumbList\",\"@id\":\"https:\/\/btektech.com\/pt-pt\/product\/amostra-livre\/#breadcrumb\",\"itemListElement\":[{\"@type\":\"ListItem\",\"position\":1,\"name\":\"Home\",\"item\":\"https:\/\/btektech.com\/pt-pt\/home-2\/\"},{\"@type\":\"ListItem\",\"position\":2,\"name\":\"\u00dcr\u00fcnler\",\"item\":\"https:\/\/btektech.com\/tr\/shop\/\"},{\"@type\":\"ListItem\",\"position\":3,\"name\":\"Tubo de mistura din\u00e2mica SEC13-25\"}]},{\"@type\":\"WebSite\",\"@id\":\"https:\/\/btektech.com\/#website\",\"url\":\"https:\/\/btektech.com\/\",\"name\":\"Btektech\",\"description\":\"\",\"publisher\":{\"@id\":\"https:\/\/btektech.com\/#organization\"},\"potentialAction\":[{\"@type\":\"SearchAction\",\"target\":{\"@type\":\"EntryPoint\",\"urlTemplate\":\"https:\/\/btektech.com\/?s={search_term_string}\"},\"query-input\":{\"@type\":\"PropertyValueSpecification\",\"valueRequired\":true,\"valueName\":\"search_term_string\"}}],\"inLanguage\":\"pt-PT\"},{\"@type\":\"Organization\",\"@id\":\"https:\/\/btektech.com\/#organization\",\"name\":\"Btektech\",\"url\":\"https:\/\/btektech.com\/\",\"logo\":{\"@type\":\"ImageObject\",\"inLanguage\":\"pt-PT\",\"@id\":\"https:\/\/btektech.com\/#\/schema\/logo\/image\/\",\"url\":\"https:\/\/btektech.com\/wp-content\/uploads\/2021\/08\/btektech-logo.png\",\"contentUrl\":\"https:\/\/btektech.com\/wp-content\/uploads\/2021\/08\/btektech-logo.png\",\"width\":250,\"height\":114,\"caption\":\"Btektech\"},\"image\":{\"@id\":\"https:\/\/btektech.com\/#\/schema\/logo\/image\/\"},\"sameAs\":[\"https:\/\/x.com\/Btektech1\",\"https:\/\/www.instagram.com\/btektech\/\",\"https:\/\/www.linkedin.com\/company\/suzhou-baotailong-electronic-materials-co-ltd\/\",\"https:\/\/www.pinterest.com\/btektech\/_saved\/\",\"https:\/\/www.youtube.com\/channel\/UCBiw4Bc4CmQDrdo-QqyVTqQ\"]}]}<\/script>\n<!-- \/ Yoast SEO plugin. -->","yoast_head_json":{"title":"Amostra gratuita SEC13-25 Tubo de Mistura Din\u00e2mica","description":"Pague o frete para obter sua amostra gr\u00e1tis para testes","robots":{"index":"index","follow":"follow","max-snippet":"max-snippet:-1","max-image-preview":"max-image-preview:large","max-video-preview":"max-video-preview:-1"},"canonical":"https:\/\/btektech.com\/pt-pt\/product\/amostra-livre\/","og_locale":"pt_PT","og_type":"article","og_title":"Amostra gratuita SEC13-25 Tubo de Mistura Din\u00e2mica","og_description":"Pague o frete para obter sua amostra gr\u00e1tis para testes","og_url":"https:\/\/btektech.com\/pt-pt\/product\/amostra-livre\/","og_site_name":"Btektech","og_image":[{"width":800,"height":800,"url":"https:\/\/btektech.com\/wp-content\/uploads\/2022\/11\/SEC13-25-Dynamic-Epoxy-Mixing-Nozzle-detail.jpg","type":"image\/jpeg"}],"twitter_card":"summary_large_image","twitter_site":"@Btektech1","twitter_misc":{"Tempo estimado de leitura":"2 minutos"},"schema":{"@context":"https:\/\/schema.org","@graph":[{"@type":["WebPage","ItemPage"],"@id":"https:\/\/btektech.com\/pt-pt\/product\/amostra-livre\/","url":"https:\/\/btektech.com\/pt-pt\/product\/amostra-livre\/","name":"Amostra gratuita SEC13-25 Tubo de Mistura Din\u00e2mica","isPartOf":{"@id":"https:\/\/btektech.com\/#website"},"primaryImageOfPage":{"@id":"https:\/\/btektech.com\/pt-pt\/product\/amostra-livre\/#primaryimage"},"image":{"@id":"https:\/\/btektech.com\/pt-pt\/product\/amostra-livre\/#primaryimage"},"thumbnailUrl":"https:\/\/btektech.com\/wp-content\/uploads\/2025\/12\/SEC13-25-1.jpg","datePublished":"2022-07-28T03:31:30+00:00","description":"Pague o frete para obter sua amostra gr\u00e1tis para testes","breadcrumb":{"@id":"https:\/\/btektech.com\/pt-pt\/product\/amostra-livre\/#breadcrumb"},"inLanguage":"pt-PT","potentialAction":[{"@type":"ReadAction","target":["https:\/\/btektech.com\/pt-pt\/product\/amostra-livre\/"]}]},{"@type":"ImageObject","inLanguage":"pt-PT","@id":"https:\/\/btektech.com\/pt-pt\/product\/amostra-livre\/#primaryimage","url":"https:\/\/btektech.com\/wp-content\/uploads\/2025\/12\/SEC13-25-1.jpg","contentUrl":"https:\/\/btektech.com\/wp-content\/uploads\/2025\/12\/SEC13-25-1.jpg","width":800,"height":800,"caption":"SEC13-25 Dynamic Mixing Nozzle banner"},{"@type":"BreadcrumbList","@id":"https:\/\/btektech.com\/pt-pt\/product\/amostra-livre\/#breadcrumb","itemListElement":[{"@type":"ListItem","position":1,"name":"Home","item":"https:\/\/btektech.com\/pt-pt\/home-2\/"},{"@type":"ListItem","position":2,"name":"\u00dcr\u00fcnler","item":"https:\/\/btektech.com\/tr\/shop\/"},{"@type":"ListItem","position":3,"name":"Tubo de mistura din\u00e2mica SEC13-25"}]},{"@type":"WebSite","@id":"https:\/\/btektech.com\/#website","url":"https:\/\/btektech.com\/","name":"Btektech","description":"","publisher":{"@id":"https:\/\/btektech.com\/#organization"},"potentialAction":[{"@type":"SearchAction","target":{"@type":"EntryPoint","urlTemplate":"https:\/\/btektech.com\/?s={search_term_string}"},"query-input":{"@type":"PropertyValueSpecification","valueRequired":true,"valueName":"search_term_string"}}],"inLanguage":"pt-PT"},{"@type":"Organization","@id":"https:\/\/btektech.com\/#organization","name":"Btektech","url":"https:\/\/btektech.com\/","logo":{"@type":"ImageObject","inLanguage":"pt-PT","@id":"https:\/\/btektech.com\/#\/schema\/logo\/image\/","url":"https:\/\/btektech.com\/wp-content\/uploads\/2021\/08\/btektech-logo.png","contentUrl":"https:\/\/btektech.com\/wp-content\/uploads\/2021\/08\/btektech-logo.png","width":250,"height":114,"caption":"Btektech"},"image":{"@id":"https:\/\/btektech.com\/#\/schema\/logo\/image\/"},"sameAs":["https:\/\/x.com\/Btektech1","https:\/\/www.instagram.com\/btektech\/","https:\/\/www.linkedin.com\/company\/suzhou-baotailong-electronic-materials-co-ltd\/","https:\/\/www.pinterest.com\/btektech\/_saved\/","https:\/\/www.youtube.com\/channel\/UCBiw4Bc4CmQDrdo-QqyVTqQ"]}]}},"_links":{"self":[{"href":"https:\/\/btektech.com\/pt-pt\/wp-json\/wp\/v2\/product\/7126","targetHints":{"allow":["GET"]}}],"collection":[{"href":"https:\/\/btektech.com\/pt-pt\/wp-json\/wp\/v2\/product"}],"about":[{"href":"https:\/\/btektech.com\/pt-pt\/wp-json\/wp\/v2\/types\/product"}],"replies":[{"embeddable":true,"href":"https:\/\/btektech.com\/pt-pt\/wp-json\/wp\/v2\/comments?post=7126"}],"version-history":[{"count":0,"href":"https:\/\/btektech.com\/pt-pt\/wp-json\/wp\/v2\/product\/7126\/revisions"}],"wp:featuredmedia":[{"embeddable":true,"href":"https:\/\/btektech.com\/pt-pt\/wp-json\/wp\/v2\/media\/21467"}],"wp:attachment":[{"href":"https:\/\/btektech.com\/pt-pt\/wp-json\/wp\/v2\/media?parent=7126"}],"wp:term":[{"taxonomy":"product_brand","embeddable":true,"href":"https:\/\/btektech.com\/pt-pt\/wp-json\/wp\/v2\/product_brand?post=7126"},{"taxonomy":"product_cat","embeddable":true,"href":"https:\/\/btektech.com\/pt-pt\/wp-json\/wp\/v2\/product_cat?post=7126"},{"taxonomy":"product_tag","embeddable":true,"href":"https:\/\/btektech.com\/pt-pt\/wp-json\/wp\/v2\/product_tag?post=7126"}],"curies":[{"name":"wp","href":"https:\/\/api.w.org\/{rel}","templated":true}]}}