{"id":6182,"date":"2022-06-20T03:52:19","date_gmt":"2022-06-20T03:52:19","guid":{"rendered":"https:\/\/btektech.com\/product\/rm13-12sdynamic-mixing-tube\/"},"modified":"2022-09-09T06:24:32","modified_gmt":"2022-09-09T06:24:32","slug":"rm13-12-bico-misturador-dinamica","status":"publish","type":"product","link":"https:\/\/btektech.com\/pt-pt\/product\/rm13-12-bico-misturador-dinamica\/","title":{"rendered":"RM 13-12 Bico Misturador Din\u00e2mica"},"content":{"rendered":"<p><strong>RM 13-12 Bocal de mistura din\u00e2mica:<\/strong><br \/>\nO RM 13-12 Bico Misturador Din\u00e2mica \u00e9 adequado para misturar 2 componentes de baixa viscosidade de selantes e adesivos. Este bocal de mistura din\u00e2mico tem um elemento branco interno. Fabricados a partir de polipropileno, ambos s\u00e3o de grau industrial, seguros e livres de silicone. O RM 13-12 Bico Misturador Din\u00e2mica \u00e9 adequado para todos os materiais de dois componentes. Os tubos de prote\u00e7\u00e3o met\u00e1lica s\u00e3o recomendados para todos os misturadores. Eles podem ser usados com qualquer adaptador Luer e qualquer ponta de bloqueio Luer. Eles s\u00e3o da China e oferecem embalagens herm\u00e9ticas.<\/p>\n<p style=\"text-align:center;\">\n<img decoding=\"async\" src=\"https:\/\/btektech.com\/wp-content\/uploads\/2021\/08\/%E9%9D%99%E6%80%81-300x70.jpg\">\n<\/p>\n<div style=\"overflow:auto;\">\n<table style=\"text-align: center;\" width=\"100%\">\n<tbody>\n<tr>\n<th>No.<\/th>\n<th>Parte No.<\/th>\n<th>Elementos<\/th>\n<th>I.D(mm)<\/th>\n<th>L(mm)<\/th>\n<th>O.D(mm)<\/th>\n<th>A(mm)<\/th>\n<th>Cor interior<\/th>\n<\/tr>\n<tr>\n<td>1<\/td>\n<td>RM12-13<\/td>\n<td>12<\/td>\n<td>13<\/td>\n<td>197<\/td>\n<td>17<\/td>\n<td>4<\/td>\n<td>Verde<\/td>\n<\/tr>\n<\/tbody>\n<\/table>\n<\/div>\n<p>*(Devido \u00e0s diferentes resolu\u00e7\u00f5es dos monitores de computador, pode ocorrer aberra\u00e7\u00e3o crom\u00e1tica. Se necess\u00e1rio, entre em contato com nosso servi\u00e7o de atendimento ao cliente para obter amostras. )<\/p>\n","protected":false},"excerpt":{"rendered":"<p>O bico misturador din\u00e2mica da s\u00e9rie RM \u00e9 um tubo de mistura com design cient\u00edfico e material dur\u00e1vel. Equipada com uma v\u00e1lvula de mistura din\u00e2mica adequada, O RM 13-12 Bico Misturador Din\u00e2mica fornece um conjunto completo de solu\u00e7\u00f5es adequadas e de baixo custo para misturar colas e gotejamentos.<\/p>\n","protected":false},"featured_media":6145,"comment_status":"open","ping_status":"closed","template":"","meta":{"_acf_changed":false},"product_brand":[],"product_cat":[267],"product_tag":[],"class_list":{"0":"post-6182","1":"product","2":"type-product","3":"status-publish","4":"has-post-thumbnail","6":"product_cat-uncategorized-pt-pt","8":"first","9":"instock","10":"shipping-taxable","11":"product-type-simple"},"acf":[],"yoast_head":"<!-- This site is optimized with the Yoast SEO plugin v26.0 - https:\/\/yoast.com\/wordpress\/plugins\/seo\/ -->\n<title>RM 13-12 Bico Misturador Din\u00e2mica - Btektech<\/title>\n<meta name=\"description\" content=\"RM 13-12 Bico Misturador Din\u00e2mica \u00e9 um tubo de mistura com design cient\u00edfico e material dur\u00e1vel. Equipado com uma v\u00e1lvula de mistura din\u00e2mica adequada\u3002\" \/>\n<meta name=\"robots\" content=\"index, follow, max-snippet:-1, max-image-preview:large, max-video-preview:-1\" \/>\n<link rel=\"canonical\" href=\"https:\/\/btektech.com\/pt-pt\/product\/rm13-12-bico-misturador-dinamica\/\" \/>\n<meta property=\"og:locale\" content=\"pt_PT\" \/>\n<meta property=\"og:type\" content=\"article\" \/>\n<meta property=\"og:title\" content=\"RM 13-12 Bico Misturador Din\u00e2mica - Btektech\" \/>\n<meta property=\"og:description\" content=\"RM 13-12 Bico Misturador Din\u00e2mica \u00e9 um tubo de mistura com design cient\u00edfico e material dur\u00e1vel. Equipado com uma v\u00e1lvula de mistura din\u00e2mica adequada\u3002\" \/>\n<meta property=\"og:url\" content=\"https:\/\/btektech.com\/pt-pt\/product\/rm13-12-bico-misturador-dinamica\/\" \/>\n<meta property=\"og:site_name\" content=\"Btektech\" \/>\n<meta property=\"article:modified_time\" content=\"2022-09-09T06:24:32+00:00\" \/>\n<meta property=\"og:image\" content=\"https:\/\/btektech.com\/wp-content\/uploads\/2022\/06\/401655717384_.pic_hd.jpg\" \/>\n\t<meta property=\"og:image:width\" content=\"1000\" \/>\n\t<meta property=\"og:image:height\" content=\"1000\" \/>\n\t<meta property=\"og:image:type\" content=\"image\/jpeg\" \/>\n<meta name=\"twitter:card\" content=\"summary_large_image\" \/>\n<meta name=\"twitter:site\" content=\"@Btektech1\" \/>\n<meta name=\"twitter:label1\" content=\"Tempo estimado de leitura\" \/>\n\t<meta name=\"twitter:data1\" content=\"1 minuto\" \/>\n<script type=\"application\/ld+json\" class=\"yoast-schema-graph\">{\"@context\":\"https:\/\/schema.org\",\"@graph\":[{\"@type\":[\"WebPage\",\"ItemPage\"],\"@id\":\"https:\/\/btektech.com\/pt-pt\/product\/rm13-12-bico-misturador-dinamica\/\",\"url\":\"https:\/\/btektech.com\/pt-pt\/product\/rm13-12-bico-misturador-dinamica\/\",\"name\":\"RM 13-12 Bico Misturador Din\u00e2mica - Btektech\",\"isPartOf\":{\"@id\":\"https:\/\/btektech.com\/#website\"},\"primaryImageOfPage\":{\"@id\":\"https:\/\/btektech.com\/pt-pt\/product\/rm13-12-bico-misturador-dinamica\/#primaryimage\"},\"image\":{\"@id\":\"https:\/\/btektech.com\/pt-pt\/product\/rm13-12-bico-misturador-dinamica\/#primaryimage\"},\"thumbnailUrl\":\"https:\/\/btektech.com\/wp-content\/uploads\/2022\/06\/401655717384_.pic_hd.jpg\",\"datePublished\":\"2022-06-20T03:52:19+00:00\",\"dateModified\":\"2022-09-09T06:24:32+00:00\",\"description\":\"RM 13-12 Bico Misturador Din\u00e2mica \u00e9 um tubo de mistura com design cient\u00edfico e material dur\u00e1vel. Equipado com uma v\u00e1lvula de mistura din\u00e2mica adequada\u3002\",\"breadcrumb\":{\"@id\":\"https:\/\/btektech.com\/pt-pt\/product\/rm13-12-bico-misturador-dinamica\/#breadcrumb\"},\"inLanguage\":\"pt-PT\",\"potentialAction\":[{\"@type\":\"ReadAction\",\"target\":[\"https:\/\/btektech.com\/pt-pt\/product\/rm13-12-bico-misturador-dinamica\/\"]}]},{\"@type\":\"ImageObject\",\"inLanguage\":\"pt-PT\",\"@id\":\"https:\/\/btektech.com\/pt-pt\/product\/rm13-12-bico-misturador-dinamica\/#primaryimage\",\"url\":\"https:\/\/btektech.com\/wp-content\/uploads\/2022\/06\/401655717384_.pic_hd.jpg\",\"contentUrl\":\"https:\/\/btektech.com\/wp-content\/uploads\/2022\/06\/401655717384_.pic_hd.jpg\",\"width\":1000,\"height\":1000,\"caption\":\"RM 13-12 Bico Misturador Din\u00e2mica\"},{\"@type\":\"BreadcrumbList\",\"@id\":\"https:\/\/btektech.com\/pt-pt\/product\/rm13-12-bico-misturador-dinamica\/#breadcrumb\",\"itemListElement\":[{\"@type\":\"ListItem\",\"position\":1,\"name\":\"Home\",\"item\":\"https:\/\/btektech.com\/pt-pt\/home-2\/\"},{\"@type\":\"ListItem\",\"position\":2,\"name\":\"\u00dcr\u00fcnler\",\"item\":\"https:\/\/btektech.com\/tr\/shop\/\"},{\"@type\":\"ListItem\",\"position\":3,\"name\":\"Dynamic Mixing Nozzles\",\"item\":\"https:\/\/btektech.com\/product-category\/epoxy-mixing-nozzles\/dynamic-mixing-nozzles\/\"},{\"@type\":\"ListItem\",\"position\":4,\"name\":\"RM 13-12 Bico Misturador Din\u00e2mica\"}]},{\"@type\":\"WebSite\",\"@id\":\"https:\/\/btektech.com\/#website\",\"url\":\"https:\/\/btektech.com\/\",\"name\":\"Btektech\",\"description\":\"\",\"publisher\":{\"@id\":\"https:\/\/btektech.com\/#organization\"},\"potentialAction\":[{\"@type\":\"SearchAction\",\"target\":{\"@type\":\"EntryPoint\",\"urlTemplate\":\"https:\/\/btektech.com\/?s={search_term_string}\"},\"query-input\":{\"@type\":\"PropertyValueSpecification\",\"valueRequired\":true,\"valueName\":\"search_term_string\"}}],\"inLanguage\":\"pt-PT\"},{\"@type\":\"Organization\",\"@id\":\"https:\/\/btektech.com\/#organization\",\"name\":\"Btektech\",\"url\":\"https:\/\/btektech.com\/\",\"logo\":{\"@type\":\"ImageObject\",\"inLanguage\":\"pt-PT\",\"@id\":\"https:\/\/btektech.com\/#\/schema\/logo\/image\/\",\"url\":\"https:\/\/btektech.com\/wp-content\/uploads\/2021\/08\/btektech-logo.png\",\"contentUrl\":\"https:\/\/btektech.com\/wp-content\/uploads\/2021\/08\/btektech-logo.png\",\"width\":250,\"height\":114,\"caption\":\"Btektech\"},\"image\":{\"@id\":\"https:\/\/btektech.com\/#\/schema\/logo\/image\/\"},\"sameAs\":[\"https:\/\/x.com\/Btektech1\",\"https:\/\/www.instagram.com\/btektech\/\",\"https:\/\/www.linkedin.com\/company\/suzhou-baotailong-electronic-materials-co-ltd\/\",\"https:\/\/www.pinterest.com\/btektech\/_saved\/\",\"https:\/\/www.youtube.com\/channel\/UCBiw4Bc4CmQDrdo-QqyVTqQ\"]}]}<\/script>\n<!-- \/ Yoast SEO plugin. -->","yoast_head_json":{"title":"RM 13-12 Bico Misturador Din\u00e2mica - Btektech","description":"RM 13-12 Bico Misturador Din\u00e2mica \u00e9 um tubo de mistura com design cient\u00edfico e material dur\u00e1vel. Equipado com uma v\u00e1lvula de mistura din\u00e2mica adequada\u3002","robots":{"index":"index","follow":"follow","max-snippet":"max-snippet:-1","max-image-preview":"max-image-preview:large","max-video-preview":"max-video-preview:-1"},"canonical":"https:\/\/btektech.com\/pt-pt\/product\/rm13-12-bico-misturador-dinamica\/","og_locale":"pt_PT","og_type":"article","og_title":"RM 13-12 Bico Misturador Din\u00e2mica - Btektech","og_description":"RM 13-12 Bico Misturador Din\u00e2mica \u00e9 um tubo de mistura com design cient\u00edfico e material dur\u00e1vel. Equipado com uma v\u00e1lvula de mistura din\u00e2mica adequada\u3002","og_url":"https:\/\/btektech.com\/pt-pt\/product\/rm13-12-bico-misturador-dinamica\/","og_site_name":"Btektech","article_modified_time":"2022-09-09T06:24:32+00:00","og_image":[{"width":1000,"height":1000,"url":"https:\/\/btektech.com\/wp-content\/uploads\/2022\/06\/401655717384_.pic_hd.jpg","type":"image\/jpeg"}],"twitter_card":"summary_large_image","twitter_site":"@Btektech1","twitter_misc":{"Tempo estimado de leitura":"1 minuto"},"schema":{"@context":"https:\/\/schema.org","@graph":[{"@type":["WebPage","ItemPage"],"@id":"https:\/\/btektech.com\/pt-pt\/product\/rm13-12-bico-misturador-dinamica\/","url":"https:\/\/btektech.com\/pt-pt\/product\/rm13-12-bico-misturador-dinamica\/","name":"RM 13-12 Bico Misturador Din\u00e2mica - Btektech","isPartOf":{"@id":"https:\/\/btektech.com\/#website"},"primaryImageOfPage":{"@id":"https:\/\/btektech.com\/pt-pt\/product\/rm13-12-bico-misturador-dinamica\/#primaryimage"},"image":{"@id":"https:\/\/btektech.com\/pt-pt\/product\/rm13-12-bico-misturador-dinamica\/#primaryimage"},"thumbnailUrl":"https:\/\/btektech.com\/wp-content\/uploads\/2022\/06\/401655717384_.pic_hd.jpg","datePublished":"2022-06-20T03:52:19+00:00","dateModified":"2022-09-09T06:24:32+00:00","description":"RM 13-12 Bico Misturador Din\u00e2mica \u00e9 um tubo de mistura com design cient\u00edfico e material dur\u00e1vel. Equipado com uma v\u00e1lvula de mistura din\u00e2mica adequada\u3002","breadcrumb":{"@id":"https:\/\/btektech.com\/pt-pt\/product\/rm13-12-bico-misturador-dinamica\/#breadcrumb"},"inLanguage":"pt-PT","potentialAction":[{"@type":"ReadAction","target":["https:\/\/btektech.com\/pt-pt\/product\/rm13-12-bico-misturador-dinamica\/"]}]},{"@type":"ImageObject","inLanguage":"pt-PT","@id":"https:\/\/btektech.com\/pt-pt\/product\/rm13-12-bico-misturador-dinamica\/#primaryimage","url":"https:\/\/btektech.com\/wp-content\/uploads\/2022\/06\/401655717384_.pic_hd.jpg","contentUrl":"https:\/\/btektech.com\/wp-content\/uploads\/2022\/06\/401655717384_.pic_hd.jpg","width":1000,"height":1000,"caption":"RM 13-12 Bico Misturador Din\u00e2mica"},{"@type":"BreadcrumbList","@id":"https:\/\/btektech.com\/pt-pt\/product\/rm13-12-bico-misturador-dinamica\/#breadcrumb","itemListElement":[{"@type":"ListItem","position":1,"name":"Home","item":"https:\/\/btektech.com\/pt-pt\/home-2\/"},{"@type":"ListItem","position":2,"name":"\u00dcr\u00fcnler","item":"https:\/\/btektech.com\/tr\/shop\/"},{"@type":"ListItem","position":3,"name":"Dynamic Mixing Nozzles","item":"https:\/\/btektech.com\/product-category\/epoxy-mixing-nozzles\/dynamic-mixing-nozzles\/"},{"@type":"ListItem","position":4,"name":"RM 13-12 Bico Misturador Din\u00e2mica"}]},{"@type":"WebSite","@id":"https:\/\/btektech.com\/#website","url":"https:\/\/btektech.com\/","name":"Btektech","description":"","publisher":{"@id":"https:\/\/btektech.com\/#organization"},"potentialAction":[{"@type":"SearchAction","target":{"@type":"EntryPoint","urlTemplate":"https:\/\/btektech.com\/?s={search_term_string}"},"query-input":{"@type":"PropertyValueSpecification","valueRequired":true,"valueName":"search_term_string"}}],"inLanguage":"pt-PT"},{"@type":"Organization","@id":"https:\/\/btektech.com\/#organization","name":"Btektech","url":"https:\/\/btektech.com\/","logo":{"@type":"ImageObject","inLanguage":"pt-PT","@id":"https:\/\/btektech.com\/#\/schema\/logo\/image\/","url":"https:\/\/btektech.com\/wp-content\/uploads\/2021\/08\/btektech-logo.png","contentUrl":"https:\/\/btektech.com\/wp-content\/uploads\/2021\/08\/btektech-logo.png","width":250,"height":114,"caption":"Btektech"},"image":{"@id":"https:\/\/btektech.com\/#\/schema\/logo\/image\/"},"sameAs":["https:\/\/x.com\/Btektech1","https:\/\/www.instagram.com\/btektech\/","https:\/\/www.linkedin.com\/company\/suzhou-baotailong-electronic-materials-co-ltd\/","https:\/\/www.pinterest.com\/btektech\/_saved\/","https:\/\/www.youtube.com\/channel\/UCBiw4Bc4CmQDrdo-QqyVTqQ"]}]}},"_links":{"self":[{"href":"https:\/\/btektech.com\/pt-pt\/wp-json\/wp\/v2\/product\/6182","targetHints":{"allow":["GET"]}}],"collection":[{"href":"https:\/\/btektech.com\/pt-pt\/wp-json\/wp\/v2\/product"}],"about":[{"href":"https:\/\/btektech.com\/pt-pt\/wp-json\/wp\/v2\/types\/product"}],"replies":[{"embeddable":true,"href":"https:\/\/btektech.com\/pt-pt\/wp-json\/wp\/v2\/comments?post=6182"}],"version-history":[{"count":0,"href":"https:\/\/btektech.com\/pt-pt\/wp-json\/wp\/v2\/product\/6182\/revisions"}],"wp:featuredmedia":[{"embeddable":true,"href":"https:\/\/btektech.com\/pt-pt\/wp-json\/wp\/v2\/media\/6145"}],"wp:attachment":[{"href":"https:\/\/btektech.com\/pt-pt\/wp-json\/wp\/v2\/media?parent=6182"}],"wp:term":[{"taxonomy":"product_brand","embeddable":true,"href":"https:\/\/btektech.com\/pt-pt\/wp-json\/wp\/v2\/product_brand?post=6182"},{"taxonomy":"product_cat","embeddable":true,"href":"https:\/\/btektech.com\/pt-pt\/wp-json\/wp\/v2\/product_cat?post=6182"},{"taxonomy":"product_tag","embeddable":true,"href":"https:\/\/btektech.com\/pt-pt\/wp-json\/wp\/v2\/product_tag?post=6182"}],"curies":[{"name":"wp","href":"https:\/\/api.w.org\/{rel}","templated":true}]}}